{"id":1657,"date":"2020-02-18T16:27:54","date_gmt":"2020-02-18T15:27:54","guid":{"rendered":"https:\/\/sombrafestival.com\/?page_id=1657"},"modified":"2020-09-17T15:11:52","modified_gmt":"2020-09-17T13:11:52","slug":"diana-penalver-invitados-sombra-2020","status":"publish","type":"page","link":"https:\/\/sombrafestival.com\/en\/diana-penalver-invitados-sombra-2020\/","title":{"rendered":"Diana Pe\u00f1alver &#8211; Invitados Sombra 2020"},"content":{"rendered":"<h2><img loading=\"lazy\" decoding=\"async\" class=\"size-full wp-image-1658 aligncenter\" src=\"https:\/\/sombrafestival.com\/wp-content\/uploads\/2020\/02\/MV5BY2I0ZDRlNzEtZTUwZS00YTc4LWJkZWEtYmI2ZmI1NWIzNDhmXkEyXkFqcGdeQXVyNDE5MTU2MDE@._V1_.jpg\" alt=\"diana pe\u00f1alver sombra 2020\" width=\"1280\" height=\"720\" srcset=\"https:\/\/sombrafestival.com\/wp-content\/uploads\/2020\/02\/MV5BY2I0ZDRlNzEtZTUwZS00YTc4LWJkZWEtYmI2ZmI1NWIzNDhmXkEyXkFqcGdeQXVyNDE5MTU2MDE@._V1_.jpg 1280w, https:\/\/sombrafestival.com\/wp-content\/uploads\/2020\/02\/MV5BY2I0ZDRlNzEtZTUwZS00YTc4LWJkZWEtYmI2ZmI1NWIzNDhmXkEyXkFqcGdeQXVyNDE5MTU2MDE@._V1_-300x169.jpg 300w, https:\/\/sombrafestival.com\/wp-content\/uploads\/2020\/02\/MV5BY2I0ZDRlNzEtZTUwZS00YTc4LWJkZWEtYmI2ZmI1NWIzNDhmXkEyXkFqcGdeQXVyNDE5MTU2MDE@._V1_-1024x576.jpg 1024w, https:\/\/sombrafestival.com\/wp-content\/uploads\/2020\/02\/MV5BY2I0ZDRlNzEtZTUwZS00YTc4LWJkZWEtYmI2ZmI1NWIzNDhmXkEyXkFqcGdeQXVyNDE5MTU2MDE@._V1_-768x432.jpg 768w, https:\/\/sombrafestival.com\/wp-content\/uploads\/2020\/02\/MV5BY2I0ZDRlNzEtZTUwZS00YTc4LWJkZWEtYmI2ZmI1NWIzNDhmXkEyXkFqcGdeQXVyNDE5MTU2MDE@._V1_-696x392.jpg 696w, https:\/\/sombrafestival.com\/wp-content\/uploads\/2020\/02\/MV5BY2I0ZDRlNzEtZTUwZS00YTc4LWJkZWEtYmI2ZmI1NWIzNDhmXkEyXkFqcGdeQXVyNDE5MTU2MDE@._V1_-1068x601.jpg 1068w, https:\/\/sombrafestival.com\/wp-content\/uploads\/2020\/02\/MV5BY2I0ZDRlNzEtZTUwZS00YTc4LWJkZWEtYmI2ZmI1NWIzNDhmXkEyXkFqcGdeQXVyNDE5MTU2MDE@._V1_-747x420.jpg 747w\" sizes=\"auto, (max-width: 1280px) 100vw, 1280px\" \/><\/h2>\n<h2 style=\"text-align: center;\">INAUGURACI\u00d3N SOMBRA 2020 Y HOMENAJE A DIANA PE\u00d1ALVER<\/h2>\n<h3><a href=\"https:\/\/sombrafestival.com\/en\/peliculas\/braindead-tu-madre-se-ha-comido-a-mi-perro-inauguracion-sombra-2020\/\">Presentaci\u00f3n Braindead<\/a><\/h3>\n<ul class=\"td-arrow-list\">\n<li class=\"place fa fa-map-marker\">FILMOTECA REGIONAL DE MURCIA (SALA A)<\/li>\n<li class=\"date fa fa-calendar\">Viernes, 18 de septiembre de 2020<\/li>\n<li class=\"hour fa fa-clock-o\">22:00<\/li>\n<\/ul>\n<hr \/>\n<h3>Masterclass Diana Penalver<\/h3>\n<ul class=\"td-arrow-list\">\n<li class=\"place fa fa-map-marker\">FILMOTECA REGIONAL DE MURCIA (SALA A)<\/li>\n<li class=\"date fa fa-calendar\">S\u00e1bado, 19 de septiembre de 2020<\/li>\n<li class=\"hour fa fa-clock-o\">13:15<\/li>\n<\/ul>\n<p style=\"text-align: center;\"><a href=\"https:\/\/entradium.com\/es\/events\/masterclass-diana-penalver\"><span class=\"td_btn td_btn_lg td_shadow_btn\">DESCARGAR INVITACI\u00d3N<\/span><\/a><\/p>\n<p>La actriz <strong>Diana Pe\u00f1alver<\/strong> es mundialmente conocida por los fans del cine fant\u00e1stico por su papel protagonista en <strong>Braindead<\/strong>, la pel\u00edcula de <strong>Peter Jackson<\/strong> (El Se\u00f1or de los Anillos, King Kong&#8230;) estrenada en 1992. Como tal, tendremos el honor de tenerla en la IX Edici\u00f3n de nuestro festival en la que dar\u00e1 una masterclass en la que nos contar\u00e1 los momentos m\u00e1s especiales de su carrera.<\/p>\n<p>Adem\u00e1s de un aut\u00e9ntico icono del fant\u00e1stico, Diana Pe\u00f1alver es una experimentada actriz que cuenta con una extensa carrera en cine, televisi\u00f3n y teatro. En cine, ha trabajado con directores de la talla de <strong>Fernando Trueba<\/strong>, <strong>Jos\u00e9 Luis Garci<\/strong>, <strong>Brian Yuzna<\/strong> o <strong>Vicente Aranda<\/strong>. En televisi\u00f3n la hemos visto en series como <strong>Cu\u00e9ntame<\/strong>, <strong>Amar es para siempre<\/strong>, <strong>F\u00edsica o Qu\u00edmica<\/strong>, <strong>Hospital Central<\/strong> o <strong>Las chicas de hoy en d\u00eda<\/strong>.<\/p>\n<p><img loading=\"lazy\" decoding=\"async\" class=\"size-full wp-image-1674 aligncenter\" src=\"https:\/\/sombrafestival.com\/wp-content\/uploads\/2020\/02\/las-chicas-de-hoy-en-d\u00eda.jpg\" alt=\"las chicas de hoy en d\u00eda\" width=\"1600\" height=\"901\" srcset=\"https:\/\/sombrafestival.com\/wp-content\/uploads\/2020\/02\/las-chicas-de-hoy-en-d\u00eda.jpg 1600w, https:\/\/sombrafestival.com\/wp-content\/uploads\/2020\/02\/las-chicas-de-hoy-en-d\u00eda-300x169.jpg 300w, https:\/\/sombrafestival.com\/wp-content\/uploads\/2020\/02\/las-chicas-de-hoy-en-d\u00eda-1024x577.jpg 1024w, https:\/\/sombrafestival.com\/wp-content\/uploads\/2020\/02\/las-chicas-de-hoy-en-d\u00eda-768x432.jpg 768w, https:\/\/sombrafestival.com\/wp-content\/uploads\/2020\/02\/las-chicas-de-hoy-en-d\u00eda-1536x865.jpg 1536w, https:\/\/sombrafestival.com\/wp-content\/uploads\/2020\/02\/las-chicas-de-hoy-en-d\u00eda-696x392.jpg 696w, https:\/\/sombrafestival.com\/wp-content\/uploads\/2020\/02\/las-chicas-de-hoy-en-d\u00eda-1068x601.jpg 1068w, https:\/\/sombrafestival.com\/wp-content\/uploads\/2020\/02\/las-chicas-de-hoy-en-d\u00eda-746x420.jpg 746w\" sizes=\"auto, (max-width: 1600px) 100vw, 1600px\" \/><\/p>\n<p>El teatro ha centrado gran parte de la carrera de <strong>Diana Pe\u00f1alver<\/strong>, sobre las tablas ha representado a personajes en obras como La casa de <strong>Bernarda Alba<\/strong>, <strong>Cuando era peque\u00f1a<\/strong> o <strong>Las bicicletas son para el verano<\/strong>.<\/p>\n<p>Como cortes\u00eda y agradecimiento a todos los asistentes a la inauguraci\u00f3n de nuestra novena edici\u00f3n, podremos disfrutar gratuitamente de la proyecci\u00f3n del cl\u00e1sico protagonizado por Diana Pe\u00f1alver: <strong>Braindead<\/strong><\/p>\n<p><img loading=\"lazy\" decoding=\"async\" class=\"aligncenter wp-image-1235 size-large\" src=\"https:\/\/sombrafestival.com\/wp-content\/uploads\/2020\/01\/braindead-cartel-707x1024.jpg\" alt=\"braindead cartel\" width=\"696\" height=\"1008\" srcset=\"https:\/\/sombrafestival.com\/wp-content\/uploads\/2020\/01\/braindead-cartel-707x1024.jpg 707w, https:\/\/sombrafestival.com\/wp-content\/uploads\/2020\/01\/braindead-cartel-207x300.jpg 207w, https:\/\/sombrafestival.com\/wp-content\/uploads\/2020\/01\/braindead-cartel-696x1009.jpg 696w, https:\/\/sombrafestival.com\/wp-content\/uploads\/2020\/01\/braindead-cartel-290x420.jpg 290w, https:\/\/sombrafestival.com\/wp-content\/uploads\/2020\/01\/braindead-cartel.jpg 759w\" sizes=\"auto, (max-width: 696px) 100vw, 696px\" \/><\/p>","protected":false},"excerpt":{"rendered":"<p>INAUGURACI\u00d3N SOMBRA 2020 Y HOMENAJE A DIANA PE\u00d1ALVER Presentaci\u00f3n Braindead FILMOTECA REGIONAL DE MURCIA (SALA A) Viernes, 18 de septiembre de 2020 22:00 Masterclass Diana Penalver FILMOTECA REGIONAL DE MURCIA (SALA A) S\u00e1bado, 19 de septiembre de 2020 13:15 DESCARGAR INVITACI\u00d3N La actriz Diana Pe\u00f1alver es mundialmente conocida por los fans del cine fant\u00e1stico por [&hellip;]<\/p>","protected":false},"author":2,"featured_media":1658,"parent":0,"menu_order":0,"comment_status":"closed","ping_status":"closed","template":"","meta":{"footnotes":""},"class_list":["post-1657","page","type-page","status-publish","has-post-thumbnail"],"yoast_head":"<!-- This site is optimized with the Yoast SEO plugin v24.3 - https:\/\/yoast.com\/wordpress\/plugins\/seo\/ -->\n<title>Diana Pe\u00f1alver - Invitados Sombra 2020 - Sombra Festival<\/title>\n<meta name=\"description\" content=\"La actriz Diana Pe\u00f1alver es mundialmente conocida por los fans del cine fant\u00e1stico por su papel protagonista en Braindead, la pel\u00edcula de Peter Jackson...\" \/>\n<meta name=\"robots\" content=\"index, follow, max-snippet:-1, max-image-preview:large, max-video-preview:-1\" \/>\n<link rel=\"canonical\" href=\"https:\/\/sombrafestival.com\/en\/diana-penalver-invitados-sombra-2020\/\" \/>\n<meta property=\"og:locale\" content=\"en_GB\" \/>\n<meta property=\"og:type\" content=\"article\" \/>\n<meta property=\"og:title\" content=\"Diana Pe\u00f1alver - Invitados Sombra 2020 - Sombra Festival\" \/>\n<meta property=\"og:description\" content=\"La actriz Diana Pe\u00f1alver es mundialmente conocida por los fans del cine fant\u00e1stico por su papel protagonista en Braindead, la pel\u00edcula de Peter Jackson...\" \/>\n<meta property=\"og:url\" content=\"https:\/\/sombrafestival.com\/en\/diana-penalver-invitados-sombra-2020\/\" \/>\n<meta property=\"og:site_name\" content=\"Sombra Festival\" \/>\n<meta property=\"article:publisher\" content=\"https:\/\/www.facebook.com\/Sombra-Festival-De-CINE-Fantastico-Europeo-De-Murcia-175337032531429\/\" \/>\n<meta property=\"article:modified_time\" content=\"2020-09-17T13:11:52+00:00\" \/>\n<meta property=\"og:image\" content=\"https:\/\/sombrafestival.com\/wp-content\/uploads\/2020\/02\/MV5BY2I0ZDRlNzEtZTUwZS00YTc4LWJkZWEtYmI2ZmI1NWIzNDhmXkEyXkFqcGdeQXVyNDE5MTU2MDE@._V1_.jpg\" \/>\n\t<meta property=\"og:image:width\" content=\"1280\" \/>\n\t<meta property=\"og:image:height\" content=\"720\" \/>\n\t<meta property=\"og:image:type\" content=\"image\/jpeg\" \/>\n<meta name=\"twitter:card\" content=\"summary_large_image\" \/>\n<meta name=\"twitter:site\" content=\"@SombraFestival\" \/>\n<meta name=\"twitter:label1\" content=\"Est. reading time\" \/>\n\t<meta name=\"twitter:data1\" content=\"1 minute\" \/>\n<script type=\"application\/ld+json\" class=\"yoast-schema-graph\">{\"@context\":\"https:\/\/schema.org\",\"@graph\":[{\"@type\":\"WebPage\",\"@id\":\"https:\/\/sombrafestival.com\/diana-penalver-invitados-sombra-2020\/\",\"url\":\"https:\/\/sombrafestival.com\/diana-penalver-invitados-sombra-2020\/\",\"name\":\"Diana Pe\u00f1alver - Invitados Sombra 2020 - Sombra Festival\",\"isPartOf\":{\"@id\":\"https:\/\/sombrafestival.com\/en\/#website\"},\"primaryImageOfPage\":{\"@id\":\"https:\/\/sombrafestival.com\/diana-penalver-invitados-sombra-2020\/#primaryimage\"},\"image\":{\"@id\":\"https:\/\/sombrafestival.com\/diana-penalver-invitados-sombra-2020\/#primaryimage\"},\"thumbnailUrl\":\"https:\/\/sombrafestival.com\/wp-content\/uploads\/2020\/02\/MV5BY2I0ZDRlNzEtZTUwZS00YTc4LWJkZWEtYmI2ZmI1NWIzNDhmXkEyXkFqcGdeQXVyNDE5MTU2MDE@._V1_.jpg\",\"datePublished\":\"2020-02-18T15:27:54+00:00\",\"dateModified\":\"2020-09-17T13:11:52+00:00\",\"description\":\"La actriz Diana Pe\u00f1alver es mundialmente conocida por los fans del cine fant\u00e1stico por su papel protagonista en Braindead, la pel\u00edcula de Peter Jackson...\",\"breadcrumb\":{\"@id\":\"https:\/\/sombrafestival.com\/diana-penalver-invitados-sombra-2020\/#breadcrumb\"},\"inLanguage\":\"en-GB\",\"potentialAction\":[{\"@type\":\"ReadAction\",\"target\":[\"https:\/\/sombrafestival.com\/diana-penalver-invitados-sombra-2020\/\"]}]},{\"@type\":\"ImageObject\",\"inLanguage\":\"en-GB\",\"@id\":\"https:\/\/sombrafestival.com\/diana-penalver-invitados-sombra-2020\/#primaryimage\",\"url\":\"https:\/\/sombrafestival.com\/wp-content\/uploads\/2020\/02\/MV5BY2I0ZDRlNzEtZTUwZS00YTc4LWJkZWEtYmI2ZmI1NWIzNDhmXkEyXkFqcGdeQXVyNDE5MTU2MDE@._V1_.jpg\",\"contentUrl\":\"https:\/\/sombrafestival.com\/wp-content\/uploads\/2020\/02\/MV5BY2I0ZDRlNzEtZTUwZS00YTc4LWJkZWEtYmI2ZmI1NWIzNDhmXkEyXkFqcGdeQXVyNDE5MTU2MDE@._V1_.jpg\",\"width\":1280,\"height\":720,\"caption\":\"diana pe\u00f1alver sombra 2020\"},{\"@type\":\"BreadcrumbList\",\"@id\":\"https:\/\/sombrafestival.com\/diana-penalver-invitados-sombra-2020\/#breadcrumb\",\"itemListElement\":[{\"@type\":\"ListItem\",\"position\":1,\"name\":\"Portada\",\"item\":\"https:\/\/sombrafestival.com\/\"},{\"@type\":\"ListItem\",\"position\":2,\"name\":\"Diana Pe\u00f1alver &#8211; Invitados Sombra 2020\"}]},{\"@type\":\"WebSite\",\"@id\":\"https:\/\/sombrafestival.com\/en\/#website\",\"url\":\"https:\/\/sombrafestival.com\/en\/\",\"name\":\"Sombra Festival\",\"description\":\"XIII Festival de Cine Fant\u00e1stico Europeo de Murcia, 8-17 MARZO 2024\",\"publisher\":{\"@id\":\"https:\/\/sombrafestival.com\/en\/#organization\"},\"potentialAction\":[{\"@type\":\"SearchAction\",\"target\":{\"@type\":\"EntryPoint\",\"urlTemplate\":\"https:\/\/sombrafestival.com\/en\/?s={search_term_string}\"},\"query-input\":{\"@type\":\"PropertyValueSpecification\",\"valueRequired\":true,\"valueName\":\"search_term_string\"}}],\"inLanguage\":\"en-GB\"},{\"@type\":\"Organization\",\"@id\":\"https:\/\/sombrafestival.com\/en\/#organization\",\"name\":\"SOMBRA, IX FESTIVAL DE CINE FANTASTICO EUROPEO DE MURCIA\",\"url\":\"https:\/\/sombrafestival.com\/en\/\",\"logo\":{\"@type\":\"ImageObject\",\"inLanguage\":\"en-GB\",\"@id\":\"https:\/\/sombrafestival.com\/en\/#\/schema\/logo\/image\/\",\"url\":\"https:\/\/sombrafestival.com\/wp-content\/uploads\/2019\/10\/Sombra-LogoIdentificador-Negativo.jpg\",\"contentUrl\":\"https:\/\/sombrafestival.com\/wp-content\/uploads\/2019\/10\/Sombra-LogoIdentificador-Negativo.jpg\",\"width\":400,\"height\":400,\"caption\":\"SOMBRA, IX FESTIVAL DE CINE FANTASTICO EUROPEO DE MURCIA\"},\"image\":{\"@id\":\"https:\/\/sombrafestival.com\/en\/#\/schema\/logo\/image\/\"},\"sameAs\":[\"https:\/\/www.facebook.com\/Sombra-Festival-De-CINE-Fantastico-Europeo-De-Murcia-175337032531429\/\",\"https:\/\/x.com\/SombraFestival\",\"https:\/\/www.instagram.com\/sombrafestival\/\",\"https:\/\/www.youtube.com\/channel\/UCBdSJni9V30Tq4cGf4Lj0Ug?view_as=subscriber\"]}]}<\/script>\n<!-- \/ Yoast SEO plugin. -->","yoast_head_json":{"title":"Diana Pe\u00f1alver - Invitados Sombra 2020 - Sombra Festival","description":"La actriz Diana Pe\u00f1alver es mundialmente conocida por los fans del cine fant\u00e1stico por su papel protagonista en Braindead, la pel\u00edcula de Peter Jackson...","robots":{"index":"index","follow":"follow","max-snippet":"max-snippet:-1","max-image-preview":"max-image-preview:large","max-video-preview":"max-video-preview:-1"},"canonical":"https:\/\/sombrafestival.com\/en\/diana-penalver-invitados-sombra-2020\/","og_locale":"en_GB","og_type":"article","og_title":"Diana Pe\u00f1alver - Invitados Sombra 2020 - Sombra Festival","og_description":"La actriz Diana Pe\u00f1alver es mundialmente conocida por los fans del cine fant\u00e1stico por su papel protagonista en Braindead, la pel\u00edcula de Peter Jackson...","og_url":"https:\/\/sombrafestival.com\/en\/diana-penalver-invitados-sombra-2020\/","og_site_name":"Sombra Festival","article_publisher":"https:\/\/www.facebook.com\/Sombra-Festival-De-CINE-Fantastico-Europeo-De-Murcia-175337032531429\/","article_modified_time":"2020-09-17T13:11:52+00:00","og_image":[{"width":1280,"height":720,"url":"https:\/\/sombrafestival.com\/wp-content\/uploads\/2020\/02\/MV5BY2I0ZDRlNzEtZTUwZS00YTc4LWJkZWEtYmI2ZmI1NWIzNDhmXkEyXkFqcGdeQXVyNDE5MTU2MDE@._V1_.jpg","type":"image\/jpeg"}],"twitter_card":"summary_large_image","twitter_site":"@SombraFestival","twitter_misc":{"Est. reading time":"1 minute"},"schema":{"@context":"https:\/\/schema.org","@graph":[{"@type":"WebPage","@id":"https:\/\/sombrafestival.com\/diana-penalver-invitados-sombra-2020\/","url":"https:\/\/sombrafestival.com\/diana-penalver-invitados-sombra-2020\/","name":"Diana Pe\u00f1alver - Invitados Sombra 2020 - Sombra Festival","isPartOf":{"@id":"https:\/\/sombrafestival.com\/en\/#website"},"primaryImageOfPage":{"@id":"https:\/\/sombrafestival.com\/diana-penalver-invitados-sombra-2020\/#primaryimage"},"image":{"@id":"https:\/\/sombrafestival.com\/diana-penalver-invitados-sombra-2020\/#primaryimage"},"thumbnailUrl":"https:\/\/sombrafestival.com\/wp-content\/uploads\/2020\/02\/MV5BY2I0ZDRlNzEtZTUwZS00YTc4LWJkZWEtYmI2ZmI1NWIzNDhmXkEyXkFqcGdeQXVyNDE5MTU2MDE@._V1_.jpg","datePublished":"2020-02-18T15:27:54+00:00","dateModified":"2020-09-17T13:11:52+00:00","description":"La actriz Diana Pe\u00f1alver es mundialmente conocida por los fans del cine fant\u00e1stico por su papel protagonista en Braindead, la pel\u00edcula de Peter Jackson...","breadcrumb":{"@id":"https:\/\/sombrafestival.com\/diana-penalver-invitados-sombra-2020\/#breadcrumb"},"inLanguage":"en-GB","potentialAction":[{"@type":"ReadAction","target":["https:\/\/sombrafestival.com\/diana-penalver-invitados-sombra-2020\/"]}]},{"@type":"ImageObject","inLanguage":"en-GB","@id":"https:\/\/sombrafestival.com\/diana-penalver-invitados-sombra-2020\/#primaryimage","url":"https:\/\/sombrafestival.com\/wp-content\/uploads\/2020\/02\/MV5BY2I0ZDRlNzEtZTUwZS00YTc4LWJkZWEtYmI2ZmI1NWIzNDhmXkEyXkFqcGdeQXVyNDE5MTU2MDE@._V1_.jpg","contentUrl":"https:\/\/sombrafestival.com\/wp-content\/uploads\/2020\/02\/MV5BY2I0ZDRlNzEtZTUwZS00YTc4LWJkZWEtYmI2ZmI1NWIzNDhmXkEyXkFqcGdeQXVyNDE5MTU2MDE@._V1_.jpg","width":1280,"height":720,"caption":"diana pe\u00f1alver sombra 2020"},{"@type":"BreadcrumbList","@id":"https:\/\/sombrafestival.com\/diana-penalver-invitados-sombra-2020\/#breadcrumb","itemListElement":[{"@type":"ListItem","position":1,"name":"Portada","item":"https:\/\/sombrafestival.com\/"},{"@type":"ListItem","position":2,"name":"Diana Pe\u00f1alver &#8211; Invitados Sombra 2020"}]},{"@type":"WebSite","@id":"https:\/\/sombrafestival.com\/en\/#website","url":"https:\/\/sombrafestival.com\/en\/","name":"Sombra Festival","description":"XIII Festival de Cine Fant\u00e1stico Europeo de Murcia, 8-17 MARZO 2024","publisher":{"@id":"https:\/\/sombrafestival.com\/en\/#organization"},"potentialAction":[{"@type":"SearchAction","target":{"@type":"EntryPoint","urlTemplate":"https:\/\/sombrafestival.com\/en\/?s={search_term_string}"},"query-input":{"@type":"PropertyValueSpecification","valueRequired":true,"valueName":"search_term_string"}}],"inLanguage":"en-GB"},{"@type":"Organization","@id":"https:\/\/sombrafestival.com\/en\/#organization","name":"SOMBRA, IX FESTIVAL DE CINE FANTASTICO EUROPEO DE MURCIA","url":"https:\/\/sombrafestival.com\/en\/","logo":{"@type":"ImageObject","inLanguage":"en-GB","@id":"https:\/\/sombrafestival.com\/en\/#\/schema\/logo\/image\/","url":"https:\/\/sombrafestival.com\/wp-content\/uploads\/2019\/10\/Sombra-LogoIdentificador-Negativo.jpg","contentUrl":"https:\/\/sombrafestival.com\/wp-content\/uploads\/2019\/10\/Sombra-LogoIdentificador-Negativo.jpg","width":400,"height":400,"caption":"SOMBRA, IX FESTIVAL DE CINE FANTASTICO EUROPEO DE MURCIA"},"image":{"@id":"https:\/\/sombrafestival.com\/en\/#\/schema\/logo\/image\/"},"sameAs":["https:\/\/www.facebook.com\/Sombra-Festival-De-CINE-Fantastico-Europeo-De-Murcia-175337032531429\/","https:\/\/x.com\/SombraFestival","https:\/\/www.instagram.com\/sombrafestival\/","https:\/\/www.youtube.com\/channel\/UCBdSJni9V30Tq4cGf4Lj0Ug?view_as=subscriber"]}]}},"_links":{"self":[{"href":"https:\/\/sombrafestival.com\/en\/wp-json\/wp\/v2\/pages\/1657","targetHints":{"allow":["GET"]}}],"collection":[{"href":"https:\/\/sombrafestival.com\/en\/wp-json\/wp\/v2\/pages"}],"about":[{"href":"https:\/\/sombrafestival.com\/en\/wp-json\/wp\/v2\/types\/page"}],"author":[{"embeddable":true,"href":"https:\/\/sombrafestival.com\/en\/wp-json\/wp\/v2\/users\/2"}],"replies":[{"embeddable":true,"href":"https:\/\/sombrafestival.com\/en\/wp-json\/wp\/v2\/comments?post=1657"}],"version-history":[{"count":11,"href":"https:\/\/sombrafestival.com\/en\/wp-json\/wp\/v2\/pages\/1657\/revisions"}],"predecessor-version":[{"id":2857,"href":"https:\/\/sombrafestival.com\/en\/wp-json\/wp\/v2\/pages\/1657\/revisions\/2857"}],"wp:featuredmedia":[{"embeddable":true,"href":"https:\/\/sombrafestival.com\/en\/wp-json\/wp\/v2\/media\/1658"}],"wp:attachment":[{"href":"https:\/\/sombrafestival.com\/en\/wp-json\/wp\/v2\/media?parent=1657"}],"curies":[{"name":"wp","href":"https:\/\/api.w.org\/{rel}","templated":true}]}}