{"id":1671,"date":"2020-02-18T20:27:33","date_gmt":"2020-02-18T19:27:33","guid":{"rendered":"https:\/\/sombrafestival.com\/?page_id=1671"},"modified":"2020-09-10T17:48:59","modified_gmt":"2020-09-10T15:48:59","slug":"cine-car-2020-batalla-filmica-conciertos-off-cinema","status":"publish","type":"page","link":"https:\/\/sombrafestival.com\/en\/programacion\/off-cinema\/cine-car-2020-batalla-filmica-conciertos-off-cinema\/","title":{"rendered":"CINE CAR 2020 + BATALLA FILMICA + CONCIERTOS &#8211; Off Cinema"},"content":{"rendered":"<h2>CINE CAR 2020: Batalla f\u00edlmica, cerveza, DJ&#8217;s y conciertos en el Barrio del Carmen<\/h2>\n<p>El s\u00e1bado 12 de septiembre tenemos una jornada para todos los p\u00fablicos en el Cuartel de Artiller\u00eda de El Barrio del Carmen. La jornada comenzar\u00e1 a las 10:30 con la<a href=\"https:\/\/sombrafestival.com\/en\/batalla-filmica-2020\/\"> batalla f\u00edlmica 2020<\/a>.<\/p>\n<p>A las 18:00 comienza el evento para todos los p\u00fablicos con la primera sesi\u00f3n a cargo de AlbalaDJ a qui\u00e9n seguir\u00e1n las actuaciones de <strong>Voodoo Swing Band <\/strong>and <strong>Bosco<\/strong>.<\/p>\n<p>El acceso es gratuito hasta completar aforo. Consigue tu invitaci\u00f3n en el siguiente enlace:<\/p>\n<p style=\"text-align: center;\"><a href=\"https:\/\/entradium.com\/events\/cine-car-2020-junta-distrito-el-carmen-y-ix-sombra-festival\"><span class=\"td_btn td_btn_lg td_3D_btn\" style=\"color: #ffffff;\">INVITACIONES<\/span><\/a><\/p>\n<p><em>La proyecci\u00f3n de MASCOTAS 2 y la Paella Popular, han sido aplazadas sin fecha actual, siguiendo las instrucciones de sanidad para asegurar la salud de todos. Continuamos con la Batalla F\u00edlmica y el Concierto.<\/em><\/p>\n<p><iframe loading=\"lazy\" title=\"Bosco - [ Al natural ] - Viimeist\u00e4 Paiv\u00e4\u00e4\" width=\"696\" height=\"392\" src=\"https:\/\/www.youtube.com\/embed\/8Vc_qdG2mKM?feature=oembed\" frameborder=\"0\" allow=\"accelerometer; autoplay; encrypted-media; gyroscope; picture-in-picture\" allowfullscreen><\/iframe><\/p>\n<p><strong>CINE CAR 2020:<\/strong><br \/>\nCuartel de Artiller\u00eda, Barrio del Carmen.<\/p>\n<ul>\n<li>10:00h Batalla F\u00edlmica<\/li>\n<li>20:30h Voodoo Swing Band<\/li>\n<li>21:30h Albala DJ<\/li>\n<li>22:30h Bosco<\/li>\n<\/ul>\n<p><img loading=\"lazy\" decoding=\"async\" class=\"wp-image-2801 size-full aligncenter\" src=\"https:\/\/sombrafestival.com\/wp-content\/uploads\/2020\/09\/cinecar2020.jpg\" alt=\"cinecar2020\" width=\"1142\" height=\"1600\" srcset=\"https:\/\/sombrafestival.com\/wp-content\/uploads\/2020\/09\/cinecar2020.jpg 1142w, https:\/\/sombrafestival.com\/wp-content\/uploads\/2020\/09\/cinecar2020-214x300.jpg 214w, https:\/\/sombrafestival.com\/wp-content\/uploads\/2020\/09\/cinecar2020-731x1024.jpg 731w, https:\/\/sombrafestival.com\/wp-content\/uploads\/2020\/09\/cinecar2020-768x1076.jpg 768w, https:\/\/sombrafestival.com\/wp-content\/uploads\/2020\/09\/cinecar2020-1096x1536.jpg 1096w, https:\/\/sombrafestival.com\/wp-content\/uploads\/2020\/09\/cinecar2020-696x975.jpg 696w, https:\/\/sombrafestival.com\/wp-content\/uploads\/2020\/09\/cinecar2020-1068x1496.jpg 1068w, https:\/\/sombrafestival.com\/wp-content\/uploads\/2020\/09\/cinecar2020-300x420.jpg 300w\" sizes=\"auto, (max-width: 1142px) 100vw, 1142px\" \/><\/p>","protected":false},"excerpt":{"rendered":"<p>CINE CAR 2020: Batalla f\u00edlmica, cerveza, DJ&#8217;s y conciertos en el Barrio del Carmen El s\u00e1bado 12 de septiembre tenemos una jornada para todos los p\u00fablicos en el Cuartel de Artiller\u00eda de El Barrio del Carmen. La jornada comenzar\u00e1 a las 10:30 con la batalla f\u00edlmica 2020. A las 18:00 comienza el evento para todos [&hellip;]<\/p>","protected":false},"author":2,"featured_media":2455,"parent":412,"menu_order":0,"comment_status":"closed","ping_status":"closed","template":"","meta":{"footnotes":""},"class_list":["post-1671","page","type-page","status-publish","has-post-thumbnail"],"yoast_head":"<!-- This site is optimized with the Yoast SEO plugin v24.3 - https:\/\/yoast.com\/wordpress\/plugins\/seo\/ -->\n<title>CINE CAR 2020 + BATALLA FILMICA + CONCIERTOS - Off Cinema - Sombra Festival<\/title>\n<meta name=\"description\" content=\"Cine Car 2020 - Batalla F\u00edlmica, dj&#039;s y conciertos. El s\u00e1bado 12 de septiembre tenemos una jornada para todos los p\u00fablicos en el cuartel de artiller\u00eda.\" \/>\n<meta name=\"robots\" content=\"index, follow, max-snippet:-1, max-image-preview:large, max-video-preview:-1\" \/>\n<link rel=\"canonical\" href=\"https:\/\/sombrafestival.com\/en\/programacion\/off-cinema\/cine-car-2020-batalla-filmica-conciertos-off-cinema\/\" \/>\n<meta property=\"og:locale\" content=\"en_GB\" \/>\n<meta property=\"og:type\" content=\"article\" \/>\n<meta property=\"og:title\" content=\"CINE CAR 2020 + BATALLA FILMICA + CONCIERTOS - Off Cinema - Sombra Festival\" \/>\n<meta property=\"og:description\" content=\"Cine Car 2020 - Batalla F\u00edlmica, dj&#039;s y conciertos. El s\u00e1bado 12 de septiembre tenemos una jornada para todos los p\u00fablicos en el cuartel de artiller\u00eda.\" \/>\n<meta property=\"og:url\" content=\"https:\/\/sombrafestival.com\/en\/programacion\/off-cinema\/cine-car-2020-batalla-filmica-conciertos-off-cinema\/\" \/>\n<meta property=\"og:site_name\" content=\"Sombra Festival\" \/>\n<meta property=\"article:publisher\" content=\"https:\/\/www.facebook.com\/Sombra-Festival-De-CINE-Fantastico-Europeo-De-Murcia-175337032531429\/\" \/>\n<meta property=\"article:modified_time\" content=\"2020-09-10T15:48:59+00:00\" \/>\n<meta property=\"og:image\" content=\"https:\/\/sombrafestival.com\/wp-content\/uploads\/2020\/08\/Cinecar-Septiembre-2020.jpg\" \/>\n\t<meta property=\"og:image:width\" content=\"1200\" \/>\n\t<meta property=\"og:image:height\" content=\"1680\" \/>\n\t<meta property=\"og:image:type\" content=\"image\/jpeg\" \/>\n<meta name=\"twitter:card\" content=\"summary_large_image\" \/>\n<meta name=\"twitter:site\" content=\"@SombraFestival\" \/>\n<meta name=\"twitter:label1\" content=\"Est. reading time\" \/>\n\t<meta name=\"twitter:data1\" content=\"1 minute\" \/>\n<script type=\"application\/ld+json\" class=\"yoast-schema-graph\">{\"@context\":\"https:\/\/schema.org\",\"@graph\":[{\"@type\":\"WebPage\",\"@id\":\"https:\/\/sombrafestival.com\/programacion\/off-cinema\/cine-car-2020-batalla-filmica-conciertos-off-cinema\/\",\"url\":\"https:\/\/sombrafestival.com\/programacion\/off-cinema\/cine-car-2020-batalla-filmica-conciertos-off-cinema\/\",\"name\":\"CINE CAR 2020 + BATALLA FILMICA + CONCIERTOS - Off Cinema - Sombra Festival\",\"isPartOf\":{\"@id\":\"https:\/\/sombrafestival.com\/en\/#website\"},\"primaryImageOfPage\":{\"@id\":\"https:\/\/sombrafestival.com\/programacion\/off-cinema\/cine-car-2020-batalla-filmica-conciertos-off-cinema\/#primaryimage\"},\"image\":{\"@id\":\"https:\/\/sombrafestival.com\/programacion\/off-cinema\/cine-car-2020-batalla-filmica-conciertos-off-cinema\/#primaryimage\"},\"thumbnailUrl\":\"https:\/\/sombrafestival.com\/wp-content\/uploads\/2020\/08\/Cinecar-Septiembre-2020.jpg\",\"datePublished\":\"2020-02-18T19:27:33+00:00\",\"dateModified\":\"2020-09-10T15:48:59+00:00\",\"description\":\"Cine Car 2020 - Batalla F\u00edlmica, dj's y conciertos. El s\u00e1bado 12 de septiembre tenemos una jornada para todos los p\u00fablicos en el cuartel de artiller\u00eda.\",\"breadcrumb\":{\"@id\":\"https:\/\/sombrafestival.com\/programacion\/off-cinema\/cine-car-2020-batalla-filmica-conciertos-off-cinema\/#breadcrumb\"},\"inLanguage\":\"en-GB\",\"potentialAction\":[{\"@type\":\"ReadAction\",\"target\":[\"https:\/\/sombrafestival.com\/programacion\/off-cinema\/cine-car-2020-batalla-filmica-conciertos-off-cinema\/\"]}]},{\"@type\":\"ImageObject\",\"inLanguage\":\"en-GB\",\"@id\":\"https:\/\/sombrafestival.com\/programacion\/off-cinema\/cine-car-2020-batalla-filmica-conciertos-off-cinema\/#primaryimage\",\"url\":\"https:\/\/sombrafestival.com\/wp-content\/uploads\/2020\/08\/Cinecar-Septiembre-2020.jpg\",\"contentUrl\":\"https:\/\/sombrafestival.com\/wp-content\/uploads\/2020\/08\/Cinecar-Septiembre-2020.jpg\",\"width\":1200,\"height\":1680,\"caption\":\"Cinecar-Septiembre-2020\"},{\"@type\":\"BreadcrumbList\",\"@id\":\"https:\/\/sombrafestival.com\/programacion\/off-cinema\/cine-car-2020-batalla-filmica-conciertos-off-cinema\/#breadcrumb\",\"itemListElement\":[{\"@type\":\"ListItem\",\"position\":1,\"name\":\"Portada\",\"item\":\"https:\/\/sombrafestival.com\/\"},{\"@type\":\"ListItem\",\"position\":2,\"name\":\"Programaci\u00f3n\",\"item\":\"https:\/\/sombrafestival.com\/?page_id=405\"},{\"@type\":\"ListItem\",\"position\":3,\"name\":\"Actividades Off Cinema\",\"item\":\"https:\/\/sombrafestival.com\/programacion\/off-cinema\/\"},{\"@type\":\"ListItem\",\"position\":4,\"name\":\"CINE CAR 2020 + BATALLA FILMICA + CONCIERTOS &#8211; Off Cinema\"}]},{\"@type\":\"WebSite\",\"@id\":\"https:\/\/sombrafestival.com\/en\/#website\",\"url\":\"https:\/\/sombrafestival.com\/en\/\",\"name\":\"Sombra Festival\",\"description\":\"XIII Festival de Cine Fant\u00e1stico Europeo de Murcia, 8-17 MARZO 2024\",\"publisher\":{\"@id\":\"https:\/\/sombrafestival.com\/en\/#organization\"},\"potentialAction\":[{\"@type\":\"SearchAction\",\"target\":{\"@type\":\"EntryPoint\",\"urlTemplate\":\"https:\/\/sombrafestival.com\/en\/?s={search_term_string}\"},\"query-input\":{\"@type\":\"PropertyValueSpecification\",\"valueRequired\":true,\"valueName\":\"search_term_string\"}}],\"inLanguage\":\"en-GB\"},{\"@type\":\"Organization\",\"@id\":\"https:\/\/sombrafestival.com\/en\/#organization\",\"name\":\"SOMBRA, IX FESTIVAL DE CINE FANTASTICO EUROPEO DE MURCIA\",\"url\":\"https:\/\/sombrafestival.com\/en\/\",\"logo\":{\"@type\":\"ImageObject\",\"inLanguage\":\"en-GB\",\"@id\":\"https:\/\/sombrafestival.com\/en\/#\/schema\/logo\/image\/\",\"url\":\"https:\/\/sombrafestival.com\/wp-content\/uploads\/2019\/10\/Sombra-LogoIdentificador-Negativo.jpg\",\"contentUrl\":\"https:\/\/sombrafestival.com\/wp-content\/uploads\/2019\/10\/Sombra-LogoIdentificador-Negativo.jpg\",\"width\":400,\"height\":400,\"caption\":\"SOMBRA, IX FESTIVAL DE CINE FANTASTICO EUROPEO DE MURCIA\"},\"image\":{\"@id\":\"https:\/\/sombrafestival.com\/en\/#\/schema\/logo\/image\/\"},\"sameAs\":[\"https:\/\/www.facebook.com\/Sombra-Festival-De-CINE-Fantastico-Europeo-De-Murcia-175337032531429\/\",\"https:\/\/x.com\/SombraFestival\",\"https:\/\/www.instagram.com\/sombrafestival\/\",\"https:\/\/www.youtube.com\/channel\/UCBdSJni9V30Tq4cGf4Lj0Ug?view_as=subscriber\"]}]}<\/script>\n<!-- \/ Yoast SEO plugin. -->","yoast_head_json":{"title":"CINE CAR 2020 + BATALLA FILMICA + CONCIERTOS - Off Cinema - Sombra Festival","description":"Cine Car 2020 - Batalla F\u00edlmica, dj's y conciertos. El s\u00e1bado 12 de septiembre tenemos una jornada para todos los p\u00fablicos en el cuartel de artiller\u00eda.","robots":{"index":"index","follow":"follow","max-snippet":"max-snippet:-1","max-image-preview":"max-image-preview:large","max-video-preview":"max-video-preview:-1"},"canonical":"https:\/\/sombrafestival.com\/en\/programacion\/off-cinema\/cine-car-2020-batalla-filmica-conciertos-off-cinema\/","og_locale":"en_GB","og_type":"article","og_title":"CINE CAR 2020 + BATALLA FILMICA + CONCIERTOS - Off Cinema - Sombra Festival","og_description":"Cine Car 2020 - Batalla F\u00edlmica, dj's y conciertos. El s\u00e1bado 12 de septiembre tenemos una jornada para todos los p\u00fablicos en el cuartel de artiller\u00eda.","og_url":"https:\/\/sombrafestival.com\/en\/programacion\/off-cinema\/cine-car-2020-batalla-filmica-conciertos-off-cinema\/","og_site_name":"Sombra Festival","article_publisher":"https:\/\/www.facebook.com\/Sombra-Festival-De-CINE-Fantastico-Europeo-De-Murcia-175337032531429\/","article_modified_time":"2020-09-10T15:48:59+00:00","og_image":[{"width":1200,"height":1680,"url":"https:\/\/sombrafestival.com\/wp-content\/uploads\/2020\/08\/Cinecar-Septiembre-2020.jpg","type":"image\/jpeg"}],"twitter_card":"summary_large_image","twitter_site":"@SombraFestival","twitter_misc":{"Est. reading time":"1 minute"},"schema":{"@context":"https:\/\/schema.org","@graph":[{"@type":"WebPage","@id":"https:\/\/sombrafestival.com\/programacion\/off-cinema\/cine-car-2020-batalla-filmica-conciertos-off-cinema\/","url":"https:\/\/sombrafestival.com\/programacion\/off-cinema\/cine-car-2020-batalla-filmica-conciertos-off-cinema\/","name":"CINE CAR 2020 + BATALLA FILMICA + CONCIERTOS - Off Cinema - Sombra Festival","isPartOf":{"@id":"https:\/\/sombrafestival.com\/en\/#website"},"primaryImageOfPage":{"@id":"https:\/\/sombrafestival.com\/programacion\/off-cinema\/cine-car-2020-batalla-filmica-conciertos-off-cinema\/#primaryimage"},"image":{"@id":"https:\/\/sombrafestival.com\/programacion\/off-cinema\/cine-car-2020-batalla-filmica-conciertos-off-cinema\/#primaryimage"},"thumbnailUrl":"https:\/\/sombrafestival.com\/wp-content\/uploads\/2020\/08\/Cinecar-Septiembre-2020.jpg","datePublished":"2020-02-18T19:27:33+00:00","dateModified":"2020-09-10T15:48:59+00:00","description":"Cine Car 2020 - Batalla F\u00edlmica, dj's y conciertos. El s\u00e1bado 12 de septiembre tenemos una jornada para todos los p\u00fablicos en el cuartel de artiller\u00eda.","breadcrumb":{"@id":"https:\/\/sombrafestival.com\/programacion\/off-cinema\/cine-car-2020-batalla-filmica-conciertos-off-cinema\/#breadcrumb"},"inLanguage":"en-GB","potentialAction":[{"@type":"ReadAction","target":["https:\/\/sombrafestival.com\/programacion\/off-cinema\/cine-car-2020-batalla-filmica-conciertos-off-cinema\/"]}]},{"@type":"ImageObject","inLanguage":"en-GB","@id":"https:\/\/sombrafestival.com\/programacion\/off-cinema\/cine-car-2020-batalla-filmica-conciertos-off-cinema\/#primaryimage","url":"https:\/\/sombrafestival.com\/wp-content\/uploads\/2020\/08\/Cinecar-Septiembre-2020.jpg","contentUrl":"https:\/\/sombrafestival.com\/wp-content\/uploads\/2020\/08\/Cinecar-Septiembre-2020.jpg","width":1200,"height":1680,"caption":"Cinecar-Septiembre-2020"},{"@type":"BreadcrumbList","@id":"https:\/\/sombrafestival.com\/programacion\/off-cinema\/cine-car-2020-batalla-filmica-conciertos-off-cinema\/#breadcrumb","itemListElement":[{"@type":"ListItem","position":1,"name":"Portada","item":"https:\/\/sombrafestival.com\/"},{"@type":"ListItem","position":2,"name":"Programaci\u00f3n","item":"https:\/\/sombrafestival.com\/?page_id=405"},{"@type":"ListItem","position":3,"name":"Actividades Off Cinema","item":"https:\/\/sombrafestival.com\/programacion\/off-cinema\/"},{"@type":"ListItem","position":4,"name":"CINE CAR 2020 + BATALLA FILMICA + CONCIERTOS &#8211; Off Cinema"}]},{"@type":"WebSite","@id":"https:\/\/sombrafestival.com\/en\/#website","url":"https:\/\/sombrafestival.com\/en\/","name":"Sombra Festival","description":"XIII Festival de Cine Fant\u00e1stico Europeo de Murcia, 8-17 MARZO 2024","publisher":{"@id":"https:\/\/sombrafestival.com\/en\/#organization"},"potentialAction":[{"@type":"SearchAction","target":{"@type":"EntryPoint","urlTemplate":"https:\/\/sombrafestival.com\/en\/?s={search_term_string}"},"query-input":{"@type":"PropertyValueSpecification","valueRequired":true,"valueName":"search_term_string"}}],"inLanguage":"en-GB"},{"@type":"Organization","@id":"https:\/\/sombrafestival.com\/en\/#organization","name":"SOMBRA, IX FESTIVAL DE CINE FANTASTICO EUROPEO DE MURCIA","url":"https:\/\/sombrafestival.com\/en\/","logo":{"@type":"ImageObject","inLanguage":"en-GB","@id":"https:\/\/sombrafestival.com\/en\/#\/schema\/logo\/image\/","url":"https:\/\/sombrafestival.com\/wp-content\/uploads\/2019\/10\/Sombra-LogoIdentificador-Negativo.jpg","contentUrl":"https:\/\/sombrafestival.com\/wp-content\/uploads\/2019\/10\/Sombra-LogoIdentificador-Negativo.jpg","width":400,"height":400,"caption":"SOMBRA, IX FESTIVAL DE CINE FANTASTICO EUROPEO DE MURCIA"},"image":{"@id":"https:\/\/sombrafestival.com\/en\/#\/schema\/logo\/image\/"},"sameAs":["https:\/\/www.facebook.com\/Sombra-Festival-De-CINE-Fantastico-Europeo-De-Murcia-175337032531429\/","https:\/\/x.com\/SombraFestival","https:\/\/www.instagram.com\/sombrafestival\/","https:\/\/www.youtube.com\/channel\/UCBdSJni9V30Tq4cGf4Lj0Ug?view_as=subscriber"]}]}},"_links":{"self":[{"href":"https:\/\/sombrafestival.com\/en\/wp-json\/wp\/v2\/pages\/1671","targetHints":{"allow":["GET"]}}],"collection":[{"href":"https:\/\/sombrafestival.com\/en\/wp-json\/wp\/v2\/pages"}],"about":[{"href":"https:\/\/sombrafestival.com\/en\/wp-json\/wp\/v2\/types\/page"}],"author":[{"embeddable":true,"href":"https:\/\/sombrafestival.com\/en\/wp-json\/wp\/v2\/users\/2"}],"replies":[{"embeddable":true,"href":"https:\/\/sombrafestival.com\/en\/wp-json\/wp\/v2\/comments?post=1671"}],"version-history":[{"count":24,"href":"https:\/\/sombrafestival.com\/en\/wp-json\/wp\/v2\/pages\/1671\/revisions"}],"predecessor-version":[{"id":2831,"href":"https:\/\/sombrafestival.com\/en\/wp-json\/wp\/v2\/pages\/1671\/revisions\/2831"}],"up":[{"embeddable":true,"href":"https:\/\/sombrafestival.com\/en\/wp-json\/wp\/v2\/pages\/412"}],"wp:featuredmedia":[{"embeddable":true,"href":"https:\/\/sombrafestival.com\/en\/wp-json\/wp\/v2\/media\/2455"}],"wp:attachment":[{"href":"https:\/\/sombrafestival.com\/en\/wp-json\/wp\/v2\/media?parent=1671"}],"curies":[{"name":"wp","href":"https:\/\/api.w.org\/{rel}","templated":true}]}}