{"id":1990,"date":"2020-02-18T18:01:45","date_gmt":"2020-02-18T17:01:45","guid":{"rendered":"https:\/\/sombrafestival.com\/?page_id=1990"},"modified":"2020-09-02T13:02:52","modified_gmt":"2020-09-02T11:02:52","slug":"presentacion-del-juego-vr-desolatium","status":"publish","type":"page","link":"https:\/\/sombrafestival.com\/en\/presentacion-del-juego-vr-desolatium\/","title":{"rendered":"Presentaci\u00f3n del juego VR Desolatium"},"content":{"rendered":"<p><iframe loading=\"lazy\" title=\"DESOLATIUM - New Graphic Adventure based on Lovecraft Mythos \u27a1 Pre-Order on Indiegogo\" width=\"696\" height=\"392\" src=\"https:\/\/www.youtube.com\/embed\/8lXIrD_kX5c?feature=oembed\" frameborder=\"0\" allow=\"accelerometer; autoplay; encrypted-media; gyroscope; picture-in-picture\" allowfullscreen><\/iframe><\/p>\n<h2>PRESENTACI\u00d3N DE DESOLATIUM<\/h2>\n<ul class=\"td-arrow-list\">\n<li class=\"place fa fa-map-marker\">FILMOTECA REGIONAL DE MURCIA (SALA A)<\/li>\n<li><b>Presentado por sus creadores<\/b><\/li>\n<li class=\"date fa fa-calendar\">Viernes, 25 de septiembre de 2020<\/li>\n<li class=\"hour fa fa-clock-o\">18:00<\/li>\n<\/ul>\n<p>Presentaci\u00f3n de <a href=\"https:\/\/sombrafestival.com\/en\/desolatium-el-primer-juego-inmersivo-en-realidad-virtual-grabado-en-murcia\/\"><strong>Desolatium<\/strong><\/a>, el videojuego de Realidad Virtual rodado en el Sanatorio de Sierra Espu\u00f1a, por sus creadores.<\/p>\n<p><img loading=\"lazy\" decoding=\"async\" class=\"aligncenter wp-image-2723 size-full\" src=\"https:\/\/sombrafestival.com\/wp-content\/uploads\/2020\/09\/desolatium.jpg\" alt=\"Desolatium\" width=\"1000\" height=\"750\" srcset=\"https:\/\/sombrafestival.com\/wp-content\/uploads\/2020\/09\/desolatium.jpg 1000w, https:\/\/sombrafestival.com\/wp-content\/uploads\/2020\/09\/desolatium-300x225.jpg 300w, https:\/\/sombrafestival.com\/wp-content\/uploads\/2020\/09\/desolatium-768x576.jpg 768w, https:\/\/sombrafestival.com\/wp-content\/uploads\/2020\/09\/desolatium-696x522.jpg 696w, https:\/\/sombrafestival.com\/wp-content\/uploads\/2020\/09\/desolatium-560x420.jpg 560w, https:\/\/sombrafestival.com\/wp-content\/uploads\/2020\/09\/desolatium-80x60.jpg 80w, https:\/\/sombrafestival.com\/wp-content\/uploads\/2020\/09\/desolatium-265x198.jpg 265w\" sizes=\"auto, (max-width: 1000px) 100vw, 1000px\" \/><\/p>\n<p><a href=\"https:\/\/sombrafestival.com\/en\/desolatium-el-primer-juego-inmersivo-en-realidad-virtual-grabado-en-murcia\/\"><strong>DESOLATIUM\u00a0<\/strong><\/a>es una aventura inmersiva para Realidad Virtual en la que tenemos que elegir nuestro camino a trav\u00e9s de diferentes localizaciones, como un viejo hospital abandonado, un cementerio o un bosque siniestro, para lograr resolver una serie de asesinatos rituales.<\/p>\n<p>Adem\u00e1s, durante nuestro camino, tendremos que ir resolviendo diferentes acertijos y recopilando informaci\u00f3n para saber est\u00e1 sucediendo y quien anda detr\u00e1s de todos estos sucesos. Cualquier decisi\u00f3n incorrecta puede acabar con tu vida.<\/p>\n<p>El juego contiene im\u00e1genes reales grabadas en parajes naturales y edificios de la Regi\u00f3n de Murcia como el\u00a0<strong>sanatorio de Sierra Espu\u00f1a<\/strong>.<\/p>\n<p>\u00bfTendr\u00e1s el valor y la suerte para salir con vida de esta escalofriante aventura?<\/p>\n<p><img loading=\"lazy\" decoding=\"async\" class=\"size-full wp-image-1428 aligncenter\" src=\"https:\/\/sombrafestival.com\/wp-content\/uploads\/2020\/01\/Desolatium_Screenshots_1.jpg\" alt=\"Desolatium\" width=\"1000\" height=\"563\" srcset=\"https:\/\/sombrafestival.com\/wp-content\/uploads\/2020\/01\/Desolatium_Screenshots_1.jpg 1000w, https:\/\/sombrafestival.com\/wp-content\/uploads\/2020\/01\/Desolatium_Screenshots_1-300x169.jpg 300w, https:\/\/sombrafestival.com\/wp-content\/uploads\/2020\/01\/Desolatium_Screenshots_1-768x432.jpg 768w, https:\/\/sombrafestival.com\/wp-content\/uploads\/2020\/01\/Desolatium_Screenshots_1-696x392.jpg 696w, https:\/\/sombrafestival.com\/wp-content\/uploads\/2020\/01\/Desolatium_Screenshots_1-746x420.jpg 746w\" sizes=\"auto, (max-width: 1000px) 100vw, 1000px\" \/><\/p>\n<p>Pod\u00e9is estar al d\u00eda de todas las novedades del proyecto a trav\u00e9s de sus redes sociales:<\/p>\n<ul>\n<li><strong>Twitter:<\/strong> <a href=\"https:\/\/twitter.com\/desolatium?fbclid=IwAR1DMxTLf_IxP0u2NG9SJEbALwqRR81ETsBXgs6V8GlG9XH5jyoPid3RqkY\" target=\"_blank\" rel=\"nofollow noopener noreferrer\" data-lynx-mode=\"hover\" data-lynx-uri=\"https:\/\/l.facebook.com\/l.php?u=https%3A%2F%2Ftwitter.com%2Fdesolatium%3Ffbclid%3DIwAR1DMxTLf_IxP0u2NG9SJEbALwqRR81ETsBXgs6V8GlG9XH5jyoPid3RqkY&amp;h=AT1-c4GZyP-94B8HVIW8Rgs0cgcwLIKIEHeQW2q-N4HiSujDFbNSBZNncDz1w3tYgxuzq6jb2qPRbTN85r4YVnPRD-hrR0bEfGidGK0PTp_LkprgYYViC1rdA51dQKQJUncKMg\">https:\/\/twitter.com\/desolatium<\/a><\/li>\n<li><strong>Instagram:<\/strong> <a href=\"https:\/\/www.instagram.com\/desolatium\/?fbclid=IwAR2kF3cp36y8I1dzgH831O1Hu2v4HcIVSTsXnTJ8kB1xSVw4oHE1OLQOhvk\" target=\"_blank\" rel=\"nofollow noopener noreferrer\" data-lynx-mode=\"hover\" data-lynx-uri=\"https:\/\/l.facebook.com\/l.php?u=https%3A%2F%2Fwww.instagram.com%2Fdesolatium%2F%3Ffbclid%3DIwAR2kF3cp36y8I1dzgH831O1Hu2v4HcIVSTsXnTJ8kB1xSVw4oHE1OLQOhvk&amp;h=AT1-c4GZyP-94B8HVIW8Rgs0cgcwLIKIEHeQW2q-N4HiSujDFbNSBZNncDz1w3tYgxuzq6jb2qPRbTN85r4YVnPRD-hrR0bEfGidGK0PTp_LkprgYYViC1rdA51dQKQJUncKMg\">https:\/\/www.instagram.com\/desolatium\/<\/a><\/li>\n<li><strong>Facebook:<\/strong> <a href=\"https:\/\/www.facebook.com\/desolatium\" target=\"_blank\" rel=\"noopener noreferrer\">https:\/\/www.facebook.com\/desolatium<\/a><\/li>\n<li><strong>Web:<\/strong>\u00a0<a href=\"https:\/\/desolatium.com\/\" target=\"_blank\" rel=\"noopener noreferrer\" data-saferedirecturl=\"https:\/\/www.google.com\/url?q=https:\/\/desolatium.com\/&amp;source=gmail&amp;ust=1599130824981000&amp;usg=AFQjCNEhwvMgLG3-8bsV2fersvezpwi_LA\">https:\/\/desolatium.com\/<\/a><\/li>\n<li><strong>Indiegogo:<\/strong>\u00a0<a href=\"https:\/\/www.indiegogo.com\/projects\/desolatium-graphic-adventure-based-on-lovecraft#\/\" target=\"_blank\" rel=\"noopener noreferrer\" data-saferedirecturl=\"https:\/\/www.google.com\/url?q=https:\/\/www.indiegogo.com\/projects\/desolatium-graphic-adventure-based-on-lovecraft%23\/&amp;source=gmail&amp;ust=1599130824981000&amp;usg=AFQjCNGvICOXetBMfrbUx1tpYo7fmCvKlQ\">https:\/\/www.indiegogo.com\/<wbr \/>projects\/desolatium-graphic-<wbr \/>adventure-based-on-lovecraft#\/<\/a><\/li>\n<\/ul>","protected":false},"excerpt":{"rendered":"<p>PRESENTACI\u00d3N DE DESOLATIUM FILMOTECA REGIONAL DE MURCIA (SALA A) Presentado por sus creadores Viernes, 25 de septiembre de 2020 18:00 Presentaci\u00f3n de Desolatium, el videojuego de Realidad Virtual rodado en el Sanatorio de Sierra Espu\u00f1a, por sus creadores. DESOLATIUM\u00a0es una aventura inmersiva para Realidad Virtual en la que tenemos que elegir nuestro camino a trav\u00e9s [&hellip;]<\/p>","protected":false},"author":2,"featured_media":2723,"parent":0,"menu_order":0,"comment_status":"closed","ping_status":"closed","template":"","meta":{"footnotes":""},"class_list":["post-1990","page","type-page","status-publish","has-post-thumbnail"],"yoast_head":"<!-- This site is optimized with the Yoast SEO plugin v24.3 - https:\/\/yoast.com\/wordpress\/plugins\/seo\/ -->\n<title>Presentaci\u00f3n del juego VR Desolatium - Sombra Festival<\/title>\n<meta name=\"robots\" content=\"index, follow, max-snippet:-1, max-image-preview:large, max-video-preview:-1\" \/>\n<link rel=\"canonical\" href=\"https:\/\/sombrafestival.com\/en\/presentacion-del-juego-vr-desolatium\/\" \/>\n<meta property=\"og:locale\" content=\"en_GB\" \/>\n<meta property=\"og:type\" content=\"article\" \/>\n<meta property=\"og:title\" content=\"Presentaci\u00f3n del juego VR Desolatium - Sombra Festival\" \/>\n<meta property=\"og:description\" content=\"PRESENTACI\u00d3N DE DESOLATIUM FILMOTECA REGIONAL DE MURCIA (SALA A) Presentado por sus creadores Viernes, 25 de septiembre de 2020 18:00 Presentaci\u00f3n de Desolatium, el videojuego de Realidad Virtual rodado en el Sanatorio de Sierra Espu\u00f1a, por sus creadores. DESOLATIUM\u00a0es una aventura inmersiva para Realidad Virtual en la que tenemos que elegir nuestro camino a trav\u00e9s [&hellip;]\" \/>\n<meta property=\"og:url\" content=\"https:\/\/sombrafestival.com\/en\/presentacion-del-juego-vr-desolatium\/\" \/>\n<meta property=\"og:site_name\" content=\"Sombra Festival\" \/>\n<meta property=\"article:publisher\" content=\"https:\/\/www.facebook.com\/Sombra-Festival-De-CINE-Fantastico-Europeo-De-Murcia-175337032531429\/\" \/>\n<meta property=\"article:modified_time\" content=\"2020-09-02T11:02:52+00:00\" \/>\n<meta property=\"og:image\" content=\"https:\/\/sombrafestival.com\/wp-content\/uploads\/2020\/09\/desolatium.jpg\" \/>\n\t<meta property=\"og:image:width\" content=\"1000\" \/>\n\t<meta property=\"og:image:height\" content=\"750\" \/>\n\t<meta property=\"og:image:type\" content=\"image\/jpeg\" \/>\n<meta name=\"twitter:card\" content=\"summary_large_image\" \/>\n<meta name=\"twitter:site\" content=\"@SombraFestival\" \/>\n<meta name=\"twitter:label1\" content=\"Est. reading time\" \/>\n\t<meta name=\"twitter:data1\" content=\"1 minute\" \/>\n<script type=\"application\/ld+json\" class=\"yoast-schema-graph\">{\"@context\":\"https:\/\/schema.org\",\"@graph\":[{\"@type\":\"WebPage\",\"@id\":\"https:\/\/sombrafestival.com\/presentacion-del-juego-vr-desolatium\/\",\"url\":\"https:\/\/sombrafestival.com\/presentacion-del-juego-vr-desolatium\/\",\"name\":\"Presentaci\u00f3n del juego VR Desolatium - Sombra Festival\",\"isPartOf\":{\"@id\":\"https:\/\/sombrafestival.com\/en\/#website\"},\"primaryImageOfPage\":{\"@id\":\"https:\/\/sombrafestival.com\/presentacion-del-juego-vr-desolatium\/#primaryimage\"},\"image\":{\"@id\":\"https:\/\/sombrafestival.com\/presentacion-del-juego-vr-desolatium\/#primaryimage\"},\"thumbnailUrl\":\"https:\/\/sombrafestival.com\/wp-content\/uploads\/2020\/09\/desolatium.jpg\",\"datePublished\":\"2020-02-18T17:01:45+00:00\",\"dateModified\":\"2020-09-02T11:02:52+00:00\",\"breadcrumb\":{\"@id\":\"https:\/\/sombrafestival.com\/presentacion-del-juego-vr-desolatium\/#breadcrumb\"},\"inLanguage\":\"en-GB\",\"potentialAction\":[{\"@type\":\"ReadAction\",\"target\":[\"https:\/\/sombrafestival.com\/presentacion-del-juego-vr-desolatium\/\"]}]},{\"@type\":\"ImageObject\",\"inLanguage\":\"en-GB\",\"@id\":\"https:\/\/sombrafestival.com\/presentacion-del-juego-vr-desolatium\/#primaryimage\",\"url\":\"https:\/\/sombrafestival.com\/wp-content\/uploads\/2020\/09\/desolatium.jpg\",\"contentUrl\":\"https:\/\/sombrafestival.com\/wp-content\/uploads\/2020\/09\/desolatium.jpg\",\"width\":1000,\"height\":750,\"caption\":\"Desolatium\"},{\"@type\":\"BreadcrumbList\",\"@id\":\"https:\/\/sombrafestival.com\/presentacion-del-juego-vr-desolatium\/#breadcrumb\",\"itemListElement\":[{\"@type\":\"ListItem\",\"position\":1,\"name\":\"Portada\",\"item\":\"https:\/\/sombrafestival.com\/\"},{\"@type\":\"ListItem\",\"position\":2,\"name\":\"Presentaci\u00f3n del juego VR Desolatium\"}]},{\"@type\":\"WebSite\",\"@id\":\"https:\/\/sombrafestival.com\/en\/#website\",\"url\":\"https:\/\/sombrafestival.com\/en\/\",\"name\":\"Sombra Festival\",\"description\":\"XIII Festival de Cine Fant\u00e1stico Europeo de Murcia, 8-17 MARZO 2024\",\"publisher\":{\"@id\":\"https:\/\/sombrafestival.com\/en\/#organization\"},\"potentialAction\":[{\"@type\":\"SearchAction\",\"target\":{\"@type\":\"EntryPoint\",\"urlTemplate\":\"https:\/\/sombrafestival.com\/en\/?s={search_term_string}\"},\"query-input\":{\"@type\":\"PropertyValueSpecification\",\"valueRequired\":true,\"valueName\":\"search_term_string\"}}],\"inLanguage\":\"en-GB\"},{\"@type\":\"Organization\",\"@id\":\"https:\/\/sombrafestival.com\/en\/#organization\",\"name\":\"SOMBRA, IX FESTIVAL DE CINE FANTASTICO EUROPEO DE MURCIA\",\"url\":\"https:\/\/sombrafestival.com\/en\/\",\"logo\":{\"@type\":\"ImageObject\",\"inLanguage\":\"en-GB\",\"@id\":\"https:\/\/sombrafestival.com\/en\/#\/schema\/logo\/image\/\",\"url\":\"https:\/\/sombrafestival.com\/wp-content\/uploads\/2019\/10\/Sombra-LogoIdentificador-Negativo.jpg\",\"contentUrl\":\"https:\/\/sombrafestival.com\/wp-content\/uploads\/2019\/10\/Sombra-LogoIdentificador-Negativo.jpg\",\"width\":400,\"height\":400,\"caption\":\"SOMBRA, IX FESTIVAL DE CINE FANTASTICO EUROPEO DE MURCIA\"},\"image\":{\"@id\":\"https:\/\/sombrafestival.com\/en\/#\/schema\/logo\/image\/\"},\"sameAs\":[\"https:\/\/www.facebook.com\/Sombra-Festival-De-CINE-Fantastico-Europeo-De-Murcia-175337032531429\/\",\"https:\/\/x.com\/SombraFestival\",\"https:\/\/www.instagram.com\/sombrafestival\/\",\"https:\/\/www.youtube.com\/channel\/UCBdSJni9V30Tq4cGf4Lj0Ug?view_as=subscriber\"]}]}<\/script>\n<!-- \/ Yoast SEO plugin. -->","yoast_head_json":{"title":"Presentaci\u00f3n del juego VR Desolatium - Sombra Festival","robots":{"index":"index","follow":"follow","max-snippet":"max-snippet:-1","max-image-preview":"max-image-preview:large","max-video-preview":"max-video-preview:-1"},"canonical":"https:\/\/sombrafestival.com\/en\/presentacion-del-juego-vr-desolatium\/","og_locale":"en_GB","og_type":"article","og_title":"Presentaci\u00f3n del juego VR Desolatium - Sombra Festival","og_description":"PRESENTACI\u00d3N DE DESOLATIUM FILMOTECA REGIONAL DE MURCIA (SALA A) Presentado por sus creadores Viernes, 25 de septiembre de 2020 18:00 Presentaci\u00f3n de Desolatium, el videojuego de Realidad Virtual rodado en el Sanatorio de Sierra Espu\u00f1a, por sus creadores. DESOLATIUM\u00a0es una aventura inmersiva para Realidad Virtual en la que tenemos que elegir nuestro camino a trav\u00e9s [&hellip;]","og_url":"https:\/\/sombrafestival.com\/en\/presentacion-del-juego-vr-desolatium\/","og_site_name":"Sombra Festival","article_publisher":"https:\/\/www.facebook.com\/Sombra-Festival-De-CINE-Fantastico-Europeo-De-Murcia-175337032531429\/","article_modified_time":"2020-09-02T11:02:52+00:00","og_image":[{"width":1000,"height":750,"url":"https:\/\/sombrafestival.com\/wp-content\/uploads\/2020\/09\/desolatium.jpg","type":"image\/jpeg"}],"twitter_card":"summary_large_image","twitter_site":"@SombraFestival","twitter_misc":{"Est. reading time":"1 minute"},"schema":{"@context":"https:\/\/schema.org","@graph":[{"@type":"WebPage","@id":"https:\/\/sombrafestival.com\/presentacion-del-juego-vr-desolatium\/","url":"https:\/\/sombrafestival.com\/presentacion-del-juego-vr-desolatium\/","name":"Presentaci\u00f3n del juego VR Desolatium - Sombra Festival","isPartOf":{"@id":"https:\/\/sombrafestival.com\/en\/#website"},"primaryImageOfPage":{"@id":"https:\/\/sombrafestival.com\/presentacion-del-juego-vr-desolatium\/#primaryimage"},"image":{"@id":"https:\/\/sombrafestival.com\/presentacion-del-juego-vr-desolatium\/#primaryimage"},"thumbnailUrl":"https:\/\/sombrafestival.com\/wp-content\/uploads\/2020\/09\/desolatium.jpg","datePublished":"2020-02-18T17:01:45+00:00","dateModified":"2020-09-02T11:02:52+00:00","breadcrumb":{"@id":"https:\/\/sombrafestival.com\/presentacion-del-juego-vr-desolatium\/#breadcrumb"},"inLanguage":"en-GB","potentialAction":[{"@type":"ReadAction","target":["https:\/\/sombrafestival.com\/presentacion-del-juego-vr-desolatium\/"]}]},{"@type":"ImageObject","inLanguage":"en-GB","@id":"https:\/\/sombrafestival.com\/presentacion-del-juego-vr-desolatium\/#primaryimage","url":"https:\/\/sombrafestival.com\/wp-content\/uploads\/2020\/09\/desolatium.jpg","contentUrl":"https:\/\/sombrafestival.com\/wp-content\/uploads\/2020\/09\/desolatium.jpg","width":1000,"height":750,"caption":"Desolatium"},{"@type":"BreadcrumbList","@id":"https:\/\/sombrafestival.com\/presentacion-del-juego-vr-desolatium\/#breadcrumb","itemListElement":[{"@type":"ListItem","position":1,"name":"Portada","item":"https:\/\/sombrafestival.com\/"},{"@type":"ListItem","position":2,"name":"Presentaci\u00f3n del juego VR Desolatium"}]},{"@type":"WebSite","@id":"https:\/\/sombrafestival.com\/en\/#website","url":"https:\/\/sombrafestival.com\/en\/","name":"Sombra Festival","description":"XIII Festival de Cine Fant\u00e1stico Europeo de Murcia, 8-17 MARZO 2024","publisher":{"@id":"https:\/\/sombrafestival.com\/en\/#organization"},"potentialAction":[{"@type":"SearchAction","target":{"@type":"EntryPoint","urlTemplate":"https:\/\/sombrafestival.com\/en\/?s={search_term_string}"},"query-input":{"@type":"PropertyValueSpecification","valueRequired":true,"valueName":"search_term_string"}}],"inLanguage":"en-GB"},{"@type":"Organization","@id":"https:\/\/sombrafestival.com\/en\/#organization","name":"SOMBRA, IX FESTIVAL DE CINE FANTASTICO EUROPEO DE MURCIA","url":"https:\/\/sombrafestival.com\/en\/","logo":{"@type":"ImageObject","inLanguage":"en-GB","@id":"https:\/\/sombrafestival.com\/en\/#\/schema\/logo\/image\/","url":"https:\/\/sombrafestival.com\/wp-content\/uploads\/2019\/10\/Sombra-LogoIdentificador-Negativo.jpg","contentUrl":"https:\/\/sombrafestival.com\/wp-content\/uploads\/2019\/10\/Sombra-LogoIdentificador-Negativo.jpg","width":400,"height":400,"caption":"SOMBRA, IX FESTIVAL DE CINE FANTASTICO EUROPEO DE MURCIA"},"image":{"@id":"https:\/\/sombrafestival.com\/en\/#\/schema\/logo\/image\/"},"sameAs":["https:\/\/www.facebook.com\/Sombra-Festival-De-CINE-Fantastico-Europeo-De-Murcia-175337032531429\/","https:\/\/x.com\/SombraFestival","https:\/\/www.instagram.com\/sombrafestival\/","https:\/\/www.youtube.com\/channel\/UCBdSJni9V30Tq4cGf4Lj0Ug?view_as=subscriber"]}]}},"_links":{"self":[{"href":"https:\/\/sombrafestival.com\/en\/wp-json\/wp\/v2\/pages\/1990","targetHints":{"allow":["GET"]}}],"collection":[{"href":"https:\/\/sombrafestival.com\/en\/wp-json\/wp\/v2\/pages"}],"about":[{"href":"https:\/\/sombrafestival.com\/en\/wp-json\/wp\/v2\/types\/page"}],"author":[{"embeddable":true,"href":"https:\/\/sombrafestival.com\/en\/wp-json\/wp\/v2\/users\/2"}],"replies":[{"embeddable":true,"href":"https:\/\/sombrafestival.com\/en\/wp-json\/wp\/v2\/comments?post=1990"}],"version-history":[{"count":6,"href":"https:\/\/sombrafestival.com\/en\/wp-json\/wp\/v2\/pages\/1990\/revisions"}],"predecessor-version":[{"id":2725,"href":"https:\/\/sombrafestival.com\/en\/wp-json\/wp\/v2\/pages\/1990\/revisions\/2725"}],"wp:featuredmedia":[{"embeddable":true,"href":"https:\/\/sombrafestival.com\/en\/wp-json\/wp\/v2\/media\/2723"}],"wp:attachment":[{"href":"https:\/\/sombrafestival.com\/en\/wp-json\/wp\/v2\/media?parent=1990"}],"curies":[{"name":"wp","href":"https:\/\/api.w.org\/{rel}","templated":true}]}}