{"id":2769,"date":"2020-09-03T09:59:55","date_gmt":"2020-09-03T07:59:55","guid":{"rendered":"https:\/\/sombrafestival.com\/?page_id=2769"},"modified":"2020-09-10T21:05:26","modified_gmt":"2020-09-10T19:05:26","slug":"batalla-filmica-2020","status":"publish","type":"page","link":"https:\/\/sombrafestival.com\/en\/batalla-filmica-2020\/","title":{"rendered":"Batalla F\u00edlmica 2020"},"content":{"rendered":"<h2>Batalla F\u00edlmica 2020 &#8211; Concurso por equipos con un premio de 300\u20ac<\/h2>\n<h4>El s\u00e1bado 12 de septiembre tenemos una jornada para todos los p\u00fablicos en el <strong>Cuartel de Artiller\u00eda<\/strong> de El Barrio del Carmen.<\/h4>\n<p>El d\u00eda comienza a las 10:30 de la ma\u00f1ana con nuestra cl\u00e1sica Batalla F\u00edlmica. Un concurso por equipos con un <strong>premio de 300 \u20ac en una tarjeta Fnac<\/strong>.<\/p>\n<p>Toda la informaci\u00f3n y bases de la Batalla F\u00edlmica, en el siguiente enlace:<\/p>\n<p style=\"text-align: center;\"><a href=\"https:\/\/sombrafestival.com\/wp-content\/uploads\/2020\/08\/Bases-Batalla-Filmica-Septiembre-2020.pdf\"><span class=\"td_btn td_btn_lg td_3D_btn\" style=\"color: #ffffff;\">Bases Batalla F\u00edlmica<\/span><\/a><\/p>\n<h4><span lang=\"es-ES\"><b>\u00bfC\u00f3mo han de ser los equipos?<\/b><\/span><\/h4>\n<p>Se seleccionara\u0301n un ma\u0301ximo de 25 personas, en grupos de 5 personas contando con sonido, c\u00e1mara y director.<\/p>\n<h3>Inscripci\u00f3n Batalla F\u00edlmica 2020<\/h3>\n<p>Las inscripciones para la Batalla F\u00edlmica Sombra 2020 est\u00e1n completas.<\/p>\n<p>&nbsp;<\/p>\n<p><img loading=\"lazy\" decoding=\"async\" class=\"size-full wp-image-2456 aligncenter\" src=\"https:\/\/sombrafestival.com\/wp-content\/uploads\/2020\/08\/batalla-filmica-sombra-2020.jpg\" alt=\"batalla-filmica-sombra-2020\" width=\"1200\" height=\"1680\" srcset=\"https:\/\/sombrafestival.com\/wp-content\/uploads\/2020\/08\/batalla-filmica-sombra-2020.jpg 1200w, https:\/\/sombrafestival.com\/wp-content\/uploads\/2020\/08\/batalla-filmica-sombra-2020-214x300.jpg 214w, https:\/\/sombrafestival.com\/wp-content\/uploads\/2020\/08\/batalla-filmica-sombra-2020-731x1024.jpg 731w, https:\/\/sombrafestival.com\/wp-content\/uploads\/2020\/08\/batalla-filmica-sombra-2020-768x1075.jpg 768w, https:\/\/sombrafestival.com\/wp-content\/uploads\/2020\/08\/batalla-filmica-sombra-2020-1097x1536.jpg 1097w, https:\/\/sombrafestival.com\/wp-content\/uploads\/2020\/08\/batalla-filmica-sombra-2020-696x974.jpg 696w, https:\/\/sombrafestival.com\/wp-content\/uploads\/2020\/08\/batalla-filmica-sombra-2020-1068x1495.jpg 1068w, https:\/\/sombrafestival.com\/wp-content\/uploads\/2020\/08\/batalla-filmica-sombra-2020-300x420.jpg 300w\" sizes=\"auto, (max-width: 1200px) 100vw, 1200px\" \/><\/p>\n<p>&nbsp;<\/p>","protected":false},"excerpt":{"rendered":"<p>Batalla F\u00edlmica 2020 &#8211; Concurso por equipos con un premio de 300\u20ac El s\u00e1bado 12 de septiembre tenemos una jornada para todos los p\u00fablicos en el Cuartel de Artiller\u00eda de El Barrio del Carmen. El d\u00eda comienza a las 10:30 de la ma\u00f1ana con nuestra cl\u00e1sica Batalla F\u00edlmica. Un concurso por equipos con un premio [&hellip;]<\/p>","protected":false},"author":2,"featured_media":2250,"parent":0,"menu_order":0,"comment_status":"closed","ping_status":"closed","template":"","meta":{"footnotes":""},"class_list":["post-2769","page","type-page","status-publish","has-post-thumbnail"],"yoast_head":"<!-- This site is optimized with the Yoast SEO plugin v24.3 - https:\/\/yoast.com\/wordpress\/plugins\/seo\/ -->\n<title>Batalla F\u00edlmica 2020 - Sombra Festival<\/title>\n<meta name=\"robots\" content=\"index, follow, max-snippet:-1, max-image-preview:large, max-video-preview:-1\" \/>\n<link rel=\"canonical\" href=\"https:\/\/sombrafestival.com\/en\/batalla-filmica-2020\/\" \/>\n<meta property=\"og:locale\" content=\"en_GB\" \/>\n<meta property=\"og:type\" content=\"article\" \/>\n<meta property=\"og:title\" content=\"Batalla F\u00edlmica 2020 - Sombra Festival\" \/>\n<meta property=\"og:description\" content=\"Batalla F\u00edlmica 2020 &#8211; Concurso por equipos con un premio de 300\u20ac El s\u00e1bado 12 de septiembre tenemos una jornada para todos los p\u00fablicos en el Cuartel de Artiller\u00eda de El Barrio del Carmen. El d\u00eda comienza a las 10:30 de la ma\u00f1ana con nuestra cl\u00e1sica Batalla F\u00edlmica. Un concurso por equipos con un premio [&hellip;]\" \/>\n<meta property=\"og:url\" content=\"https:\/\/sombrafestival.com\/en\/batalla-filmica-2020\/\" \/>\n<meta property=\"og:site_name\" content=\"Sombra Festival\" \/>\n<meta property=\"article:publisher\" content=\"https:\/\/www.facebook.com\/Sombra-Festival-De-CINE-Fantastico-Europeo-De-Murcia-175337032531429\/\" \/>\n<meta property=\"article:modified_time\" content=\"2020-09-10T19:05:26+00:00\" \/>\n<meta property=\"og:image\" content=\"https:\/\/sombrafestival.com\/wp-content\/uploads\/2020\/02\/BatallaF\u00edlmicaBaja.jpg\" \/>\n\t<meta property=\"og:image:width\" content=\"1000\" \/>\n\t<meta property=\"og:image:height\" content=\"1400\" \/>\n\t<meta property=\"og:image:type\" content=\"image\/jpeg\" \/>\n<meta name=\"twitter:card\" content=\"summary_large_image\" \/>\n<meta name=\"twitter:site\" content=\"@SombraFestival\" \/>\n<meta name=\"twitter:label1\" content=\"Est. reading time\" \/>\n\t<meta name=\"twitter:data1\" content=\"1 minute\" \/>\n<script type=\"application\/ld+json\" class=\"yoast-schema-graph\">{\"@context\":\"https:\/\/schema.org\",\"@graph\":[{\"@type\":\"WebPage\",\"@id\":\"https:\/\/sombrafestival.com\/batalla-filmica-2020\/\",\"url\":\"https:\/\/sombrafestival.com\/batalla-filmica-2020\/\",\"name\":\"Batalla F\u00edlmica 2020 - Sombra Festival\",\"isPartOf\":{\"@id\":\"https:\/\/sombrafestival.com\/en\/#website\"},\"primaryImageOfPage\":{\"@id\":\"https:\/\/sombrafestival.com\/batalla-filmica-2020\/#primaryimage\"},\"image\":{\"@id\":\"https:\/\/sombrafestival.com\/batalla-filmica-2020\/#primaryimage\"},\"thumbnailUrl\":\"https:\/\/sombrafestival.com\/wp-content\/uploads\/2020\/02\/BatallaF\u00edlmicaBaja.jpg\",\"datePublished\":\"2020-09-03T07:59:55+00:00\",\"dateModified\":\"2020-09-10T19:05:26+00:00\",\"breadcrumb\":{\"@id\":\"https:\/\/sombrafestival.com\/batalla-filmica-2020\/#breadcrumb\"},\"inLanguage\":\"en-GB\",\"potentialAction\":[{\"@type\":\"ReadAction\",\"target\":[\"https:\/\/sombrafestival.com\/batalla-filmica-2020\/\"]}]},{\"@type\":\"ImageObject\",\"inLanguage\":\"en-GB\",\"@id\":\"https:\/\/sombrafestival.com\/batalla-filmica-2020\/#primaryimage\",\"url\":\"https:\/\/sombrafestival.com\/wp-content\/uploads\/2020\/02\/BatallaF\u00edlmicaBaja.jpg\",\"contentUrl\":\"https:\/\/sombrafestival.com\/wp-content\/uploads\/2020\/02\/BatallaF\u00edlmicaBaja.jpg\",\"width\":1000,\"height\":1400},{\"@type\":\"BreadcrumbList\",\"@id\":\"https:\/\/sombrafestival.com\/batalla-filmica-2020\/#breadcrumb\",\"itemListElement\":[{\"@type\":\"ListItem\",\"position\":1,\"name\":\"Portada\",\"item\":\"https:\/\/sombrafestival.com\/\"},{\"@type\":\"ListItem\",\"position\":2,\"name\":\"Batalla F\u00edlmica 2020\"}]},{\"@type\":\"WebSite\",\"@id\":\"https:\/\/sombrafestival.com\/en\/#website\",\"url\":\"https:\/\/sombrafestival.com\/en\/\",\"name\":\"Sombra Festival\",\"description\":\"XIII Festival de Cine Fant\u00e1stico Europeo de Murcia, 8-17 MARZO 2024\",\"publisher\":{\"@id\":\"https:\/\/sombrafestival.com\/en\/#organization\"},\"potentialAction\":[{\"@type\":\"SearchAction\",\"target\":{\"@type\":\"EntryPoint\",\"urlTemplate\":\"https:\/\/sombrafestival.com\/en\/?s={search_term_string}\"},\"query-input\":{\"@type\":\"PropertyValueSpecification\",\"valueRequired\":true,\"valueName\":\"search_term_string\"}}],\"inLanguage\":\"en-GB\"},{\"@type\":\"Organization\",\"@id\":\"https:\/\/sombrafestival.com\/en\/#organization\",\"name\":\"SOMBRA, IX FESTIVAL DE CINE FANTASTICO EUROPEO DE MURCIA\",\"url\":\"https:\/\/sombrafestival.com\/en\/\",\"logo\":{\"@type\":\"ImageObject\",\"inLanguage\":\"en-GB\",\"@id\":\"https:\/\/sombrafestival.com\/en\/#\/schema\/logo\/image\/\",\"url\":\"https:\/\/sombrafestival.com\/wp-content\/uploads\/2019\/10\/Sombra-LogoIdentificador-Negativo.jpg\",\"contentUrl\":\"https:\/\/sombrafestival.com\/wp-content\/uploads\/2019\/10\/Sombra-LogoIdentificador-Negativo.jpg\",\"width\":400,\"height\":400,\"caption\":\"SOMBRA, IX FESTIVAL DE CINE FANTASTICO EUROPEO DE MURCIA\"},\"image\":{\"@id\":\"https:\/\/sombrafestival.com\/en\/#\/schema\/logo\/image\/\"},\"sameAs\":[\"https:\/\/www.facebook.com\/Sombra-Festival-De-CINE-Fantastico-Europeo-De-Murcia-175337032531429\/\",\"https:\/\/x.com\/SombraFestival\",\"https:\/\/www.instagram.com\/sombrafestival\/\",\"https:\/\/www.youtube.com\/channel\/UCBdSJni9V30Tq4cGf4Lj0Ug?view_as=subscriber\"]}]}<\/script>\n<!-- \/ Yoast SEO plugin. -->","yoast_head_json":{"title":"Batalla F\u00edlmica 2020 - Sombra Festival","robots":{"index":"index","follow":"follow","max-snippet":"max-snippet:-1","max-image-preview":"max-image-preview:large","max-video-preview":"max-video-preview:-1"},"canonical":"https:\/\/sombrafestival.com\/en\/batalla-filmica-2020\/","og_locale":"en_GB","og_type":"article","og_title":"Batalla F\u00edlmica 2020 - Sombra Festival","og_description":"Batalla F\u00edlmica 2020 &#8211; Concurso por equipos con un premio de 300\u20ac El s\u00e1bado 12 de septiembre tenemos una jornada para todos los p\u00fablicos en el Cuartel de Artiller\u00eda de El Barrio del Carmen. El d\u00eda comienza a las 10:30 de la ma\u00f1ana con nuestra cl\u00e1sica Batalla F\u00edlmica. Un concurso por equipos con un premio [&hellip;]","og_url":"https:\/\/sombrafestival.com\/en\/batalla-filmica-2020\/","og_site_name":"Sombra Festival","article_publisher":"https:\/\/www.facebook.com\/Sombra-Festival-De-CINE-Fantastico-Europeo-De-Murcia-175337032531429\/","article_modified_time":"2020-09-10T19:05:26+00:00","og_image":[{"width":1000,"height":1400,"url":"https:\/\/sombrafestival.com\/wp-content\/uploads\/2020\/02\/BatallaF\u00edlmicaBaja.jpg","type":"image\/jpeg"}],"twitter_card":"summary_large_image","twitter_site":"@SombraFestival","twitter_misc":{"Est. reading time":"1 minute"},"schema":{"@context":"https:\/\/schema.org","@graph":[{"@type":"WebPage","@id":"https:\/\/sombrafestival.com\/batalla-filmica-2020\/","url":"https:\/\/sombrafestival.com\/batalla-filmica-2020\/","name":"Batalla F\u00edlmica 2020 - Sombra Festival","isPartOf":{"@id":"https:\/\/sombrafestival.com\/en\/#website"},"primaryImageOfPage":{"@id":"https:\/\/sombrafestival.com\/batalla-filmica-2020\/#primaryimage"},"image":{"@id":"https:\/\/sombrafestival.com\/batalla-filmica-2020\/#primaryimage"},"thumbnailUrl":"https:\/\/sombrafestival.com\/wp-content\/uploads\/2020\/02\/BatallaF\u00edlmicaBaja.jpg","datePublished":"2020-09-03T07:59:55+00:00","dateModified":"2020-09-10T19:05:26+00:00","breadcrumb":{"@id":"https:\/\/sombrafestival.com\/batalla-filmica-2020\/#breadcrumb"},"inLanguage":"en-GB","potentialAction":[{"@type":"ReadAction","target":["https:\/\/sombrafestival.com\/batalla-filmica-2020\/"]}]},{"@type":"ImageObject","inLanguage":"en-GB","@id":"https:\/\/sombrafestival.com\/batalla-filmica-2020\/#primaryimage","url":"https:\/\/sombrafestival.com\/wp-content\/uploads\/2020\/02\/BatallaF\u00edlmicaBaja.jpg","contentUrl":"https:\/\/sombrafestival.com\/wp-content\/uploads\/2020\/02\/BatallaF\u00edlmicaBaja.jpg","width":1000,"height":1400},{"@type":"BreadcrumbList","@id":"https:\/\/sombrafestival.com\/batalla-filmica-2020\/#breadcrumb","itemListElement":[{"@type":"ListItem","position":1,"name":"Portada","item":"https:\/\/sombrafestival.com\/"},{"@type":"ListItem","position":2,"name":"Batalla F\u00edlmica 2020"}]},{"@type":"WebSite","@id":"https:\/\/sombrafestival.com\/en\/#website","url":"https:\/\/sombrafestival.com\/en\/","name":"Sombra Festival","description":"XIII Festival de Cine Fant\u00e1stico Europeo de Murcia, 8-17 MARZO 2024","publisher":{"@id":"https:\/\/sombrafestival.com\/en\/#organization"},"potentialAction":[{"@type":"SearchAction","target":{"@type":"EntryPoint","urlTemplate":"https:\/\/sombrafestival.com\/en\/?s={search_term_string}"},"query-input":{"@type":"PropertyValueSpecification","valueRequired":true,"valueName":"search_term_string"}}],"inLanguage":"en-GB"},{"@type":"Organization","@id":"https:\/\/sombrafestival.com\/en\/#organization","name":"SOMBRA, IX FESTIVAL DE CINE FANTASTICO EUROPEO DE MURCIA","url":"https:\/\/sombrafestival.com\/en\/","logo":{"@type":"ImageObject","inLanguage":"en-GB","@id":"https:\/\/sombrafestival.com\/en\/#\/schema\/logo\/image\/","url":"https:\/\/sombrafestival.com\/wp-content\/uploads\/2019\/10\/Sombra-LogoIdentificador-Negativo.jpg","contentUrl":"https:\/\/sombrafestival.com\/wp-content\/uploads\/2019\/10\/Sombra-LogoIdentificador-Negativo.jpg","width":400,"height":400,"caption":"SOMBRA, IX FESTIVAL DE CINE FANTASTICO EUROPEO DE MURCIA"},"image":{"@id":"https:\/\/sombrafestival.com\/en\/#\/schema\/logo\/image\/"},"sameAs":["https:\/\/www.facebook.com\/Sombra-Festival-De-CINE-Fantastico-Europeo-De-Murcia-175337032531429\/","https:\/\/x.com\/SombraFestival","https:\/\/www.instagram.com\/sombrafestival\/","https:\/\/www.youtube.com\/channel\/UCBdSJni9V30Tq4cGf4Lj0Ug?view_as=subscriber"]}]}},"_links":{"self":[{"href":"https:\/\/sombrafestival.com\/en\/wp-json\/wp\/v2\/pages\/2769","targetHints":{"allow":["GET"]}}],"collection":[{"href":"https:\/\/sombrafestival.com\/en\/wp-json\/wp\/v2\/pages"}],"about":[{"href":"https:\/\/sombrafestival.com\/en\/wp-json\/wp\/v2\/types\/page"}],"author":[{"embeddable":true,"href":"https:\/\/sombrafestival.com\/en\/wp-json\/wp\/v2\/users\/2"}],"replies":[{"embeddable":true,"href":"https:\/\/sombrafestival.com\/en\/wp-json\/wp\/v2\/comments?post=2769"}],"version-history":[{"count":6,"href":"https:\/\/sombrafestival.com\/en\/wp-json\/wp\/v2\/pages\/2769\/revisions"}],"predecessor-version":[{"id":2836,"href":"https:\/\/sombrafestival.com\/en\/wp-json\/wp\/v2\/pages\/2769\/revisions\/2836"}],"wp:featuredmedia":[{"embeddable":true,"href":"https:\/\/sombrafestival.com\/en\/wp-json\/wp\/v2\/media\/2250"}],"wp:attachment":[{"href":"https:\/\/sombrafestival.com\/en\/wp-json\/wp\/v2\/media?parent=2769"}],"curies":[{"name":"wp","href":"https:\/\/api.w.org\/{rel}","templated":true}]}}