{"id":2807,"date":"2020-09-09T14:32:44","date_gmt":"2020-09-09T12:32:44","guid":{"rendered":"https:\/\/sombrafestival.com\/?page_id=2807"},"modified":"2020-09-09T14:34:05","modified_gmt":"2020-09-09T12:34:05","slug":"jordi-ojeda-charla-sobre-los-robots-en-el-cine-fantastico","status":"publish","type":"page","link":"https:\/\/sombrafestival.com\/en\/jordi-ojeda-charla-sobre-los-robots-en-el-cine-fantastico\/","title":{"rendered":"Jordi Ojeda &#8211; Charla sobre los robots en el cine fant\u00e1stico"},"content":{"rendered":"<h2><img loading=\"lazy\" decoding=\"async\" class=\"wp-image-2812 size-full aligncenter\" src=\"https:\/\/sombrafestival.com\/wp-content\/uploads\/2020\/09\/Jordi-Ojeda.jpg\" alt=\"Jordi-Ojeda\" width=\"870\" height=\"567\" srcset=\"https:\/\/sombrafestival.com\/wp-content\/uploads\/2020\/09\/Jordi-Ojeda.jpg 870w, https:\/\/sombrafestival.com\/wp-content\/uploads\/2020\/09\/Jordi-Ojeda-300x196.jpg 300w, https:\/\/sombrafestival.com\/wp-content\/uploads\/2020\/09\/Jordi-Ojeda-768x501.jpg 768w, https:\/\/sombrafestival.com\/wp-content\/uploads\/2020\/09\/Jordi-Ojeda-696x454.jpg 696w, https:\/\/sombrafestival.com\/wp-content\/uploads\/2020\/09\/Jordi-Ojeda-644x420.jpg 644w\" sizes=\"auto, (max-width: 870px) 100vw, 870px\" \/><\/h2>\n<h2>Jordi Ojeda &#8211; Charla sobre los robots en el cine fant\u00e1stico<\/h2>\n<ul class=\"td-arrow-list\">\n<li class=\"place fa fa-map-marker\">FILMOTECA REGIONAL DE MURCIA (SALA A)<\/li>\n<li class=\"date fa fa-calendar\">S\u00e1bado, 26 de septiembre de 2020<\/li>\n<li class=\"hour fa fa-clock-o\">18:00<\/li>\n<\/ul>\n<p><strong>Jordi Ojeda<\/strong> (Ingeniero Industrial especialista, en rob\u00f3tica y ciencia ficci\u00f3n y autor<br \/>\nde \u201cRobots de cine. De Mar\u00eda a Alita\u201d). Charla sobre los robots en el cine fant\u00e1stico. (Filmoteca Regional. Sala A. Gratuito)<\/p>","protected":false},"excerpt":{"rendered":"<p>Jordi Ojeda &#8211; Charla sobre los robots en el cine fant\u00e1stico FILMOTECA REGIONAL DE MURCIA (SALA A) S\u00e1bado, 26 de septiembre de 2020 18:00 Jordi Ojeda (Ingeniero Industrial especialista, en rob\u00f3tica y ciencia ficci\u00f3n y autor de \u201cRobots de cine. De Mar\u00eda a Alita\u201d). Charla sobre los robots en el cine fant\u00e1stico. (Filmoteca Regional. Sala [&hellip;]<\/p>","protected":false},"author":2,"featured_media":2812,"parent":0,"menu_order":0,"comment_status":"closed","ping_status":"closed","template":"","meta":{"footnotes":""},"class_list":["post-2807","page","type-page","status-publish","has-post-thumbnail"],"yoast_head":"<!-- This site is optimized with the Yoast SEO plugin v24.3 - https:\/\/yoast.com\/wordpress\/plugins\/seo\/ -->\n<title>Jordi Ojeda - Charla sobre los robots en el cine fant\u00e1stico - Sombra Festival<\/title>\n<meta name=\"robots\" content=\"index, follow, max-snippet:-1, max-image-preview:large, max-video-preview:-1\" \/>\n<link rel=\"canonical\" href=\"https:\/\/sombrafestival.com\/en\/jordi-ojeda-charla-sobre-los-robots-en-el-cine-fantastico\/\" \/>\n<meta property=\"og:locale\" content=\"en_GB\" \/>\n<meta property=\"og:type\" content=\"article\" \/>\n<meta property=\"og:title\" content=\"Jordi Ojeda - Charla sobre los robots en el cine fant\u00e1stico - Sombra Festival\" \/>\n<meta property=\"og:description\" content=\"Jordi Ojeda &#8211; Charla sobre los robots en el cine fant\u00e1stico FILMOTECA REGIONAL DE MURCIA (SALA A) S\u00e1bado, 26 de septiembre de 2020 18:00 Jordi Ojeda (Ingeniero Industrial especialista, en rob\u00f3tica y ciencia ficci\u00f3n y autor de \u201cRobots de cine. De Mar\u00eda a Alita\u201d). Charla sobre los robots en el cine fant\u00e1stico. (Filmoteca Regional. Sala [&hellip;]\" \/>\n<meta property=\"og:url\" content=\"https:\/\/sombrafestival.com\/en\/jordi-ojeda-charla-sobre-los-robots-en-el-cine-fantastico\/\" \/>\n<meta property=\"og:site_name\" content=\"Sombra Festival\" \/>\n<meta property=\"article:publisher\" content=\"https:\/\/www.facebook.com\/Sombra-Festival-De-CINE-Fantastico-Europeo-De-Murcia-175337032531429\/\" \/>\n<meta property=\"article:modified_time\" content=\"2020-09-09T12:34:05+00:00\" \/>\n<meta property=\"og:image\" content=\"https:\/\/sombrafestival.com\/wp-content\/uploads\/2020\/09\/Jordi-Ojeda.jpg\" \/>\n\t<meta property=\"og:image:width\" content=\"870\" \/>\n\t<meta property=\"og:image:height\" content=\"567\" \/>\n\t<meta property=\"og:image:type\" content=\"image\/jpeg\" \/>\n<meta name=\"twitter:card\" content=\"summary_large_image\" \/>\n<meta name=\"twitter:site\" content=\"@SombraFestival\" \/>\n<script type=\"application\/ld+json\" class=\"yoast-schema-graph\">{\"@context\":\"https:\/\/schema.org\",\"@graph\":[{\"@type\":\"WebPage\",\"@id\":\"https:\/\/sombrafestival.com\/en\/jordi-ojeda-charla-sobre-los-robots-en-el-cine-fantastico\/\",\"url\":\"https:\/\/sombrafestival.com\/en\/jordi-ojeda-charla-sobre-los-robots-en-el-cine-fantastico\/\",\"name\":\"Jordi Ojeda - Charla sobre los robots en el cine fant\u00e1stico - Sombra Festival\",\"isPartOf\":{\"@id\":\"https:\/\/sombrafestival.com\/en\/#website\"},\"primaryImageOfPage\":{\"@id\":\"https:\/\/sombrafestival.com\/en\/jordi-ojeda-charla-sobre-los-robots-en-el-cine-fantastico\/#primaryimage\"},\"image\":{\"@id\":\"https:\/\/sombrafestival.com\/en\/jordi-ojeda-charla-sobre-los-robots-en-el-cine-fantastico\/#primaryimage\"},\"thumbnailUrl\":\"https:\/\/sombrafestival.com\/wp-content\/uploads\/2020\/09\/Jordi-Ojeda.jpg\",\"datePublished\":\"2020-09-09T12:32:44+00:00\",\"dateModified\":\"2020-09-09T12:34:05+00:00\",\"breadcrumb\":{\"@id\":\"https:\/\/sombrafestival.com\/en\/jordi-ojeda-charla-sobre-los-robots-en-el-cine-fantastico\/#breadcrumb\"},\"inLanguage\":\"en-GB\",\"potentialAction\":[{\"@type\":\"ReadAction\",\"target\":[\"https:\/\/sombrafestival.com\/en\/jordi-ojeda-charla-sobre-los-robots-en-el-cine-fantastico\/\"]}]},{\"@type\":\"ImageObject\",\"inLanguage\":\"en-GB\",\"@id\":\"https:\/\/sombrafestival.com\/en\/jordi-ojeda-charla-sobre-los-robots-en-el-cine-fantastico\/#primaryimage\",\"url\":\"https:\/\/sombrafestival.com\/wp-content\/uploads\/2020\/09\/Jordi-Ojeda.jpg\",\"contentUrl\":\"https:\/\/sombrafestival.com\/wp-content\/uploads\/2020\/09\/Jordi-Ojeda.jpg\",\"width\":870,\"height\":567,\"caption\":\"Jordi-Ojeda\"},{\"@type\":\"BreadcrumbList\",\"@id\":\"https:\/\/sombrafestival.com\/en\/jordi-ojeda-charla-sobre-los-robots-en-el-cine-fantastico\/#breadcrumb\",\"itemListElement\":[{\"@type\":\"ListItem\",\"position\":1,\"name\":\"Portada\",\"item\":\"https:\/\/sombrafestival.com\/\"},{\"@type\":\"ListItem\",\"position\":2,\"name\":\"Jordi Ojeda &#8211; Charla sobre los robots en el cine fant\u00e1stico\"}]},{\"@type\":\"WebSite\",\"@id\":\"https:\/\/sombrafestival.com\/en\/#website\",\"url\":\"https:\/\/sombrafestival.com\/en\/\",\"name\":\"Sombra Festival\",\"description\":\"XIII Festival de Cine Fant\u00e1stico Europeo de Murcia, 8-17 MARZO 2024\",\"publisher\":{\"@id\":\"https:\/\/sombrafestival.com\/en\/#organization\"},\"potentialAction\":[{\"@type\":\"SearchAction\",\"target\":{\"@type\":\"EntryPoint\",\"urlTemplate\":\"https:\/\/sombrafestival.com\/en\/?s={search_term_string}\"},\"query-input\":{\"@type\":\"PropertyValueSpecification\",\"valueRequired\":true,\"valueName\":\"search_term_string\"}}],\"inLanguage\":\"en-GB\"},{\"@type\":\"Organization\",\"@id\":\"https:\/\/sombrafestival.com\/en\/#organization\",\"name\":\"SOMBRA, IX FESTIVAL DE CINE FANTASTICO EUROPEO DE MURCIA\",\"url\":\"https:\/\/sombrafestival.com\/en\/\",\"logo\":{\"@type\":\"ImageObject\",\"inLanguage\":\"en-GB\",\"@id\":\"https:\/\/sombrafestival.com\/en\/#\/schema\/logo\/image\/\",\"url\":\"https:\/\/sombrafestival.com\/wp-content\/uploads\/2019\/10\/Sombra-LogoIdentificador-Negativo.jpg\",\"contentUrl\":\"https:\/\/sombrafestival.com\/wp-content\/uploads\/2019\/10\/Sombra-LogoIdentificador-Negativo.jpg\",\"width\":400,\"height\":400,\"caption\":\"SOMBRA, IX FESTIVAL DE CINE FANTASTICO EUROPEO DE MURCIA\"},\"image\":{\"@id\":\"https:\/\/sombrafestival.com\/en\/#\/schema\/logo\/image\/\"},\"sameAs\":[\"https:\/\/www.facebook.com\/Sombra-Festival-De-CINE-Fantastico-Europeo-De-Murcia-175337032531429\/\",\"https:\/\/x.com\/SombraFestival\",\"https:\/\/www.instagram.com\/sombrafestival\/\",\"https:\/\/www.youtube.com\/channel\/UCBdSJni9V30Tq4cGf4Lj0Ug?view_as=subscriber\"]}]}<\/script>\n<!-- \/ Yoast SEO plugin. -->","yoast_head_json":{"title":"Jordi Ojeda - Charla sobre los robots en el cine fant\u00e1stico - Sombra Festival","robots":{"index":"index","follow":"follow","max-snippet":"max-snippet:-1","max-image-preview":"max-image-preview:large","max-video-preview":"max-video-preview:-1"},"canonical":"https:\/\/sombrafestival.com\/en\/jordi-ojeda-charla-sobre-los-robots-en-el-cine-fantastico\/","og_locale":"en_GB","og_type":"article","og_title":"Jordi Ojeda - Charla sobre los robots en el cine fant\u00e1stico - Sombra Festival","og_description":"Jordi Ojeda &#8211; Charla sobre los robots en el cine fant\u00e1stico FILMOTECA REGIONAL DE MURCIA (SALA A) S\u00e1bado, 26 de septiembre de 2020 18:00 Jordi Ojeda (Ingeniero Industrial especialista, en rob\u00f3tica y ciencia ficci\u00f3n y autor de \u201cRobots de cine. De Mar\u00eda a Alita\u201d). Charla sobre los robots en el cine fant\u00e1stico. (Filmoteca Regional. Sala [&hellip;]","og_url":"https:\/\/sombrafestival.com\/en\/jordi-ojeda-charla-sobre-los-robots-en-el-cine-fantastico\/","og_site_name":"Sombra Festival","article_publisher":"https:\/\/www.facebook.com\/Sombra-Festival-De-CINE-Fantastico-Europeo-De-Murcia-175337032531429\/","article_modified_time":"2020-09-09T12:34:05+00:00","og_image":[{"width":870,"height":567,"url":"https:\/\/sombrafestival.com\/wp-content\/uploads\/2020\/09\/Jordi-Ojeda.jpg","type":"image\/jpeg"}],"twitter_card":"summary_large_image","twitter_site":"@SombraFestival","schema":{"@context":"https:\/\/schema.org","@graph":[{"@type":"WebPage","@id":"https:\/\/sombrafestival.com\/en\/jordi-ojeda-charla-sobre-los-robots-en-el-cine-fantastico\/","url":"https:\/\/sombrafestival.com\/en\/jordi-ojeda-charla-sobre-los-robots-en-el-cine-fantastico\/","name":"Jordi Ojeda - Charla sobre los robots en el cine fant\u00e1stico - Sombra Festival","isPartOf":{"@id":"https:\/\/sombrafestival.com\/en\/#website"},"primaryImageOfPage":{"@id":"https:\/\/sombrafestival.com\/en\/jordi-ojeda-charla-sobre-los-robots-en-el-cine-fantastico\/#primaryimage"},"image":{"@id":"https:\/\/sombrafestival.com\/en\/jordi-ojeda-charla-sobre-los-robots-en-el-cine-fantastico\/#primaryimage"},"thumbnailUrl":"https:\/\/sombrafestival.com\/wp-content\/uploads\/2020\/09\/Jordi-Ojeda.jpg","datePublished":"2020-09-09T12:32:44+00:00","dateModified":"2020-09-09T12:34:05+00:00","breadcrumb":{"@id":"https:\/\/sombrafestival.com\/en\/jordi-ojeda-charla-sobre-los-robots-en-el-cine-fantastico\/#breadcrumb"},"inLanguage":"en-GB","potentialAction":[{"@type":"ReadAction","target":["https:\/\/sombrafestival.com\/en\/jordi-ojeda-charla-sobre-los-robots-en-el-cine-fantastico\/"]}]},{"@type":"ImageObject","inLanguage":"en-GB","@id":"https:\/\/sombrafestival.com\/en\/jordi-ojeda-charla-sobre-los-robots-en-el-cine-fantastico\/#primaryimage","url":"https:\/\/sombrafestival.com\/wp-content\/uploads\/2020\/09\/Jordi-Ojeda.jpg","contentUrl":"https:\/\/sombrafestival.com\/wp-content\/uploads\/2020\/09\/Jordi-Ojeda.jpg","width":870,"height":567,"caption":"Jordi-Ojeda"},{"@type":"BreadcrumbList","@id":"https:\/\/sombrafestival.com\/en\/jordi-ojeda-charla-sobre-los-robots-en-el-cine-fantastico\/#breadcrumb","itemListElement":[{"@type":"ListItem","position":1,"name":"Portada","item":"https:\/\/sombrafestival.com\/"},{"@type":"ListItem","position":2,"name":"Jordi Ojeda &#8211; Charla sobre los robots en el cine fant\u00e1stico"}]},{"@type":"WebSite","@id":"https:\/\/sombrafestival.com\/en\/#website","url":"https:\/\/sombrafestival.com\/en\/","name":"Sombra Festival","description":"XIII Festival de Cine Fant\u00e1stico Europeo de Murcia, 8-17 MARZO 2024","publisher":{"@id":"https:\/\/sombrafestival.com\/en\/#organization"},"potentialAction":[{"@type":"SearchAction","target":{"@type":"EntryPoint","urlTemplate":"https:\/\/sombrafestival.com\/en\/?s={search_term_string}"},"query-input":{"@type":"PropertyValueSpecification","valueRequired":true,"valueName":"search_term_string"}}],"inLanguage":"en-GB"},{"@type":"Organization","@id":"https:\/\/sombrafestival.com\/en\/#organization","name":"SOMBRA, IX FESTIVAL DE CINE FANTASTICO EUROPEO DE MURCIA","url":"https:\/\/sombrafestival.com\/en\/","logo":{"@type":"ImageObject","inLanguage":"en-GB","@id":"https:\/\/sombrafestival.com\/en\/#\/schema\/logo\/image\/","url":"https:\/\/sombrafestival.com\/wp-content\/uploads\/2019\/10\/Sombra-LogoIdentificador-Negativo.jpg","contentUrl":"https:\/\/sombrafestival.com\/wp-content\/uploads\/2019\/10\/Sombra-LogoIdentificador-Negativo.jpg","width":400,"height":400,"caption":"SOMBRA, IX FESTIVAL DE CINE FANTASTICO EUROPEO DE MURCIA"},"image":{"@id":"https:\/\/sombrafestival.com\/en\/#\/schema\/logo\/image\/"},"sameAs":["https:\/\/www.facebook.com\/Sombra-Festival-De-CINE-Fantastico-Europeo-De-Murcia-175337032531429\/","https:\/\/x.com\/SombraFestival","https:\/\/www.instagram.com\/sombrafestival\/","https:\/\/www.youtube.com\/channel\/UCBdSJni9V30Tq4cGf4Lj0Ug?view_as=subscriber"]}]}},"_links":{"self":[{"href":"https:\/\/sombrafestival.com\/en\/wp-json\/wp\/v2\/pages\/2807","targetHints":{"allow":["GET"]}}],"collection":[{"href":"https:\/\/sombrafestival.com\/en\/wp-json\/wp\/v2\/pages"}],"about":[{"href":"https:\/\/sombrafestival.com\/en\/wp-json\/wp\/v2\/types\/page"}],"author":[{"embeddable":true,"href":"https:\/\/sombrafestival.com\/en\/wp-json\/wp\/v2\/users\/2"}],"replies":[{"embeddable":true,"href":"https:\/\/sombrafestival.com\/en\/wp-json\/wp\/v2\/comments?post=2807"}],"version-history":[{"count":3,"href":"https:\/\/sombrafestival.com\/en\/wp-json\/wp\/v2\/pages\/2807\/revisions"}],"predecessor-version":[{"id":2814,"href":"https:\/\/sombrafestival.com\/en\/wp-json\/wp\/v2\/pages\/2807\/revisions\/2814"}],"wp:featuredmedia":[{"embeddable":true,"href":"https:\/\/sombrafestival.com\/en\/wp-json\/wp\/v2\/media\/2812"}],"wp:attachment":[{"href":"https:\/\/sombrafestival.com\/en\/wp-json\/wp\/v2\/media?parent=2807"}],"curies":[{"name":"wp","href":"https:\/\/api.w.org\/{rel}","templated":true}]}}