{"id":2955,"date":"2021-03-30T14:28:31","date_gmt":"2021-03-30T12:28:31","guid":{"rendered":"https:\/\/sombrafestival.com\/?page_id=2955"},"modified":"2021-03-30T14:29:24","modified_gmt":"2021-03-30T12:29:24","slug":"exposicion-jess-franco-y-la-erotica-del-horror","status":"publish","type":"page","link":"https:\/\/sombrafestival.com\/en\/exposicion-jess-franco-y-la-erotica-del-horror\/","title":{"rendered":"Exposici\u00f3n: Jess Franco y la er\u00f3tica del horror"},"content":{"rendered":"<h2>Exposici\u00f3n Jess Franco y mesa redonda de Fantaterror<\/h2>\n<p>Este a\u00f1o queremos honrar a la figura de <strong>Jess Franco<\/strong>, un mito del g\u00e9nero fant\u00e1stico espa\u00f1ol con una exposici\u00f3n sin precedentes con el t\u00edtulo <strong>La er\u00f3tica del horror<\/strong> que se inaugurar\u00e1 el 30 de abril y estar\u00e1 abierta al p\u00fablico hasta el 29 de mayo en el LAC Laboratorio Art\u00edstico del Carmen.<\/p>\n<p>A los fans del fant\u00e1stico el nombre de Jess Franco o Jes\u00fas Franco no nos es ajeno. Este director espa\u00f1ol <strong>ganador del Goya de Honor<\/strong> rod\u00f3 m\u00e1s de doscientas cintas. Era un aut\u00e9ntico genio en la materia. Pod\u00eda dictar a sus secretarias varias pel\u00edculas a la vez y conseguir estrenarlas sin haber contado con los medios econ\u00f3micos m\u00ednimos. Pocas veces se ha visto pasi\u00f3n por hacer cine m\u00e1s grande que la suya, no en vano es la persona que m\u00e1s pel\u00edculas ha hecho en la historia.<\/p>\n<p><img loading=\"lazy\" decoding=\"async\" class=\"size-full wp-image-2954 aligncenter\" src=\"https:\/\/sombrafestival.com\/wp-content\/uploads\/2021\/03\/exposicion-jess-franco.jpg\" alt=\"\" width=\"1200\" height=\"1200\" srcset=\"https:\/\/sombrafestival.com\/wp-content\/uploads\/2021\/03\/exposicion-jess-franco.jpg 1200w, https:\/\/sombrafestival.com\/wp-content\/uploads\/2021\/03\/exposicion-jess-franco-300x300.jpg 300w, https:\/\/sombrafestival.com\/wp-content\/uploads\/2021\/03\/exposicion-jess-franco-1024x1024.jpg 1024w, https:\/\/sombrafestival.com\/wp-content\/uploads\/2021\/03\/exposicion-jess-franco-150x150.jpg 150w, https:\/\/sombrafestival.com\/wp-content\/uploads\/2021\/03\/exposicion-jess-franco-768x768.jpg 768w, https:\/\/sombrafestival.com\/wp-content\/uploads\/2021\/03\/exposicion-jess-franco-696x696.jpg 696w, https:\/\/sombrafestival.com\/wp-content\/uploads\/2021\/03\/exposicion-jess-franco-1068x1068.jpg 1068w, https:\/\/sombrafestival.com\/wp-content\/uploads\/2021\/03\/exposicion-jess-franco-420x420.jpg 420w\" sizes=\"auto, (max-width: 1200px) 100vw, 1200px\" \/><\/p>\n<p>Franco rod\u00f3 sin parar pel\u00edculas por toda Espa\u00f1a y Murcia, por su luz y precios asequibles, fue uno de sus escenarios elegidos. Aqu\u00ed simul\u00f3 el mar Caribe o la Transilvania de Dr\u00e1cula. <strong><span style=\"color: #993300;\">B\u00e9same monstruo<\/span><\/strong> (1970), <span style=\"color: #993300;\"><strong>La ciudad sin hombres<\/strong><\/span> (1971), <strong><span style=\"color: #993300;\">Dr\u00e1cula contra Frankenstein<\/span><\/strong> (1972), <span style=\"color: #993300;\"><strong>Dark Mission<\/strong><\/span> (1988) o <span style=\"color: #993300;\"><strong>Las org\u00edas inconfesables de Enmanuelle<\/strong><\/span>\u00a0(1982) por el Mar Menor y Cabo de Palos son las cintas que inmortalizaron nuestra geograf\u00eda bajo la mirada de Franco.<\/p>\n<p>De todas las producciones, hay que destacar <span style=\"color: #993300;\"><strong>El Conde Dr\u00e1cula<\/strong> <\/span>(1970), una de sus mejores pel\u00edculas. Protagonizada por el m\u00edtico <strong>Christopher Lee<\/strong>, en El Conde Dr\u00e1cula Franco <strong>rod\u00f3 una escena de persecuci\u00f3n de apenas unos minutos en el casino de Murcia y en el teatro Romea.<\/strong><\/p>\n<h3>Mesa redonda sobre Fantaterror<\/h3>\n<p>El material de la exposici\u00f3n, ha sido cedido por el coleccionista Fernando Abril y el director de cine Kike Mesa, que fue operador de c\u00e1mara de Jess Franco en muchas ocasiones. Consta de posters, libros, vinilos y objetos personales, conformando hasta 45 piezas. Se trata de la primera vez que se realiza esta exposici\u00f3n, y ser\u00e1 complementada durante el festival con una <strong>mesa redonda sobre Fantaterror<\/strong>.<\/p>","protected":false},"excerpt":{"rendered":"<p>Exposici\u00f3n Jess Franco y mesa redonda de Fantaterror Este a\u00f1o queremos honrar a la figura de Jess Franco, un mito del g\u00e9nero fant\u00e1stico espa\u00f1ol con una exposici\u00f3n sin precedentes con el t\u00edtulo La er\u00f3tica del horror que se inaugurar\u00e1 el 30 de abril y estar\u00e1 abierta al p\u00fablico hasta el 29 de mayo en el [&hellip;]<\/p>","protected":false},"author":2,"featured_media":2954,"parent":0,"menu_order":0,"comment_status":"closed","ping_status":"closed","template":"","meta":{"footnotes":""},"class_list":["post-2955","page","type-page","status-publish","has-post-thumbnail"],"yoast_head":"<!-- This site is optimized with the Yoast SEO plugin v24.3 - https:\/\/yoast.com\/wordpress\/plugins\/seo\/ -->\n<title>Exposici\u00f3n: Jess Franco y la er\u00f3tica del horror - Sombra Festival<\/title>\n<meta name=\"robots\" content=\"index, follow, max-snippet:-1, max-image-preview:large, max-video-preview:-1\" \/>\n<link rel=\"canonical\" href=\"https:\/\/sombrafestival.com\/en\/exposicion-jess-franco-y-la-erotica-del-horror\/\" \/>\n<meta property=\"og:locale\" content=\"en_GB\" \/>\n<meta property=\"og:type\" content=\"article\" \/>\n<meta property=\"og:title\" content=\"Exposici\u00f3n: Jess Franco y la er\u00f3tica del horror - Sombra Festival\" \/>\n<meta property=\"og:description\" content=\"Exposici\u00f3n Jess Franco y mesa redonda de Fantaterror Este a\u00f1o queremos honrar a la figura de Jess Franco, un mito del g\u00e9nero fant\u00e1stico espa\u00f1ol con una exposici\u00f3n sin precedentes con el t\u00edtulo La er\u00f3tica del horror que se inaugurar\u00e1 el 30 de abril y estar\u00e1 abierta al p\u00fablico hasta el 29 de mayo en el [&hellip;]\" \/>\n<meta property=\"og:url\" content=\"https:\/\/sombrafestival.com\/en\/exposicion-jess-franco-y-la-erotica-del-horror\/\" \/>\n<meta property=\"og:site_name\" content=\"Sombra Festival\" \/>\n<meta property=\"article:publisher\" content=\"https:\/\/www.facebook.com\/Sombra-Festival-De-CINE-Fantastico-Europeo-De-Murcia-175337032531429\/\" \/>\n<meta property=\"article:modified_time\" content=\"2021-03-30T12:29:24+00:00\" \/>\n<meta property=\"og:image\" content=\"https:\/\/sombrafestival.com\/wp-content\/uploads\/2021\/03\/exposicion-jess-franco.jpg\" \/>\n\t<meta property=\"og:image:width\" content=\"1200\" \/>\n\t<meta property=\"og:image:height\" content=\"1200\" \/>\n\t<meta property=\"og:image:type\" content=\"image\/jpeg\" \/>\n<meta name=\"twitter:card\" content=\"summary_large_image\" \/>\n<meta name=\"twitter:site\" content=\"@SombraFestival\" \/>\n<meta name=\"twitter:label1\" content=\"Est. reading time\" \/>\n\t<meta name=\"twitter:data1\" content=\"2 minutes\" \/>\n<script type=\"application\/ld+json\" class=\"yoast-schema-graph\">{\"@context\":\"https:\/\/schema.org\",\"@graph\":[{\"@type\":\"WebPage\",\"@id\":\"https:\/\/sombrafestival.com\/exposicion-jess-franco-y-la-erotica-del-horror\/\",\"url\":\"https:\/\/sombrafestival.com\/exposicion-jess-franco-y-la-erotica-del-horror\/\",\"name\":\"Exposici\u00f3n: Jess Franco y la er\u00f3tica del horror - Sombra Festival\",\"isPartOf\":{\"@id\":\"https:\/\/sombrafestival.com\/en\/#website\"},\"primaryImageOfPage\":{\"@id\":\"https:\/\/sombrafestival.com\/exposicion-jess-franco-y-la-erotica-del-horror\/#primaryimage\"},\"image\":{\"@id\":\"https:\/\/sombrafestival.com\/exposicion-jess-franco-y-la-erotica-del-horror\/#primaryimage\"},\"thumbnailUrl\":\"https:\/\/sombrafestival.com\/wp-content\/uploads\/2021\/03\/exposicion-jess-franco.jpg\",\"datePublished\":\"2021-03-30T12:28:31+00:00\",\"dateModified\":\"2021-03-30T12:29:24+00:00\",\"breadcrumb\":{\"@id\":\"https:\/\/sombrafestival.com\/exposicion-jess-franco-y-la-erotica-del-horror\/#breadcrumb\"},\"inLanguage\":\"en-GB\",\"potentialAction\":[{\"@type\":\"ReadAction\",\"target\":[\"https:\/\/sombrafestival.com\/exposicion-jess-franco-y-la-erotica-del-horror\/\"]}]},{\"@type\":\"ImageObject\",\"inLanguage\":\"en-GB\",\"@id\":\"https:\/\/sombrafestival.com\/exposicion-jess-franco-y-la-erotica-del-horror\/#primaryimage\",\"url\":\"https:\/\/sombrafestival.com\/wp-content\/uploads\/2021\/03\/exposicion-jess-franco.jpg\",\"contentUrl\":\"https:\/\/sombrafestival.com\/wp-content\/uploads\/2021\/03\/exposicion-jess-franco.jpg\",\"width\":1200,\"height\":1200},{\"@type\":\"BreadcrumbList\",\"@id\":\"https:\/\/sombrafestival.com\/exposicion-jess-franco-y-la-erotica-del-horror\/#breadcrumb\",\"itemListElement\":[{\"@type\":\"ListItem\",\"position\":1,\"name\":\"Portada\",\"item\":\"https:\/\/sombrafestival.com\/\"},{\"@type\":\"ListItem\",\"position\":2,\"name\":\"Exposici\u00f3n: Jess Franco y la er\u00f3tica del horror\"}]},{\"@type\":\"WebSite\",\"@id\":\"https:\/\/sombrafestival.com\/en\/#website\",\"url\":\"https:\/\/sombrafestival.com\/en\/\",\"name\":\"Sombra Festival\",\"description\":\"XIII Festival de Cine Fant\u00e1stico Europeo de Murcia, 8-17 MARZO 2024\",\"publisher\":{\"@id\":\"https:\/\/sombrafestival.com\/en\/#organization\"},\"potentialAction\":[{\"@type\":\"SearchAction\",\"target\":{\"@type\":\"EntryPoint\",\"urlTemplate\":\"https:\/\/sombrafestival.com\/en\/?s={search_term_string}\"},\"query-input\":{\"@type\":\"PropertyValueSpecification\",\"valueRequired\":true,\"valueName\":\"search_term_string\"}}],\"inLanguage\":\"en-GB\"},{\"@type\":\"Organization\",\"@id\":\"https:\/\/sombrafestival.com\/en\/#organization\",\"name\":\"SOMBRA, IX FESTIVAL DE CINE FANTASTICO EUROPEO DE MURCIA\",\"url\":\"https:\/\/sombrafestival.com\/en\/\",\"logo\":{\"@type\":\"ImageObject\",\"inLanguage\":\"en-GB\",\"@id\":\"https:\/\/sombrafestival.com\/en\/#\/schema\/logo\/image\/\",\"url\":\"https:\/\/sombrafestival.com\/wp-content\/uploads\/2019\/10\/Sombra-LogoIdentificador-Negativo.jpg\",\"contentUrl\":\"https:\/\/sombrafestival.com\/wp-content\/uploads\/2019\/10\/Sombra-LogoIdentificador-Negativo.jpg\",\"width\":400,\"height\":400,\"caption\":\"SOMBRA, IX FESTIVAL DE CINE FANTASTICO EUROPEO DE MURCIA\"},\"image\":{\"@id\":\"https:\/\/sombrafestival.com\/en\/#\/schema\/logo\/image\/\"},\"sameAs\":[\"https:\/\/www.facebook.com\/Sombra-Festival-De-CINE-Fantastico-Europeo-De-Murcia-175337032531429\/\",\"https:\/\/x.com\/SombraFestival\",\"https:\/\/www.instagram.com\/sombrafestival\/\",\"https:\/\/www.youtube.com\/channel\/UCBdSJni9V30Tq4cGf4Lj0Ug?view_as=subscriber\"]}]}<\/script>\n<!-- \/ Yoast SEO plugin. -->","yoast_head_json":{"title":"Exposici\u00f3n: Jess Franco y la er\u00f3tica del horror - Sombra Festival","robots":{"index":"index","follow":"follow","max-snippet":"max-snippet:-1","max-image-preview":"max-image-preview:large","max-video-preview":"max-video-preview:-1"},"canonical":"https:\/\/sombrafestival.com\/en\/exposicion-jess-franco-y-la-erotica-del-horror\/","og_locale":"en_GB","og_type":"article","og_title":"Exposici\u00f3n: Jess Franco y la er\u00f3tica del horror - Sombra Festival","og_description":"Exposici\u00f3n Jess Franco y mesa redonda de Fantaterror Este a\u00f1o queremos honrar a la figura de Jess Franco, un mito del g\u00e9nero fant\u00e1stico espa\u00f1ol con una exposici\u00f3n sin precedentes con el t\u00edtulo La er\u00f3tica del horror que se inaugurar\u00e1 el 30 de abril y estar\u00e1 abierta al p\u00fablico hasta el 29 de mayo en el [&hellip;]","og_url":"https:\/\/sombrafestival.com\/en\/exposicion-jess-franco-y-la-erotica-del-horror\/","og_site_name":"Sombra Festival","article_publisher":"https:\/\/www.facebook.com\/Sombra-Festival-De-CINE-Fantastico-Europeo-De-Murcia-175337032531429\/","article_modified_time":"2021-03-30T12:29:24+00:00","og_image":[{"width":1200,"height":1200,"url":"https:\/\/sombrafestival.com\/wp-content\/uploads\/2021\/03\/exposicion-jess-franco.jpg","type":"image\/jpeg"}],"twitter_card":"summary_large_image","twitter_site":"@SombraFestival","twitter_misc":{"Est. reading time":"2 minutes"},"schema":{"@context":"https:\/\/schema.org","@graph":[{"@type":"WebPage","@id":"https:\/\/sombrafestival.com\/exposicion-jess-franco-y-la-erotica-del-horror\/","url":"https:\/\/sombrafestival.com\/exposicion-jess-franco-y-la-erotica-del-horror\/","name":"Exposici\u00f3n: Jess Franco y la er\u00f3tica del horror - Sombra Festival","isPartOf":{"@id":"https:\/\/sombrafestival.com\/en\/#website"},"primaryImageOfPage":{"@id":"https:\/\/sombrafestival.com\/exposicion-jess-franco-y-la-erotica-del-horror\/#primaryimage"},"image":{"@id":"https:\/\/sombrafestival.com\/exposicion-jess-franco-y-la-erotica-del-horror\/#primaryimage"},"thumbnailUrl":"https:\/\/sombrafestival.com\/wp-content\/uploads\/2021\/03\/exposicion-jess-franco.jpg","datePublished":"2021-03-30T12:28:31+00:00","dateModified":"2021-03-30T12:29:24+00:00","breadcrumb":{"@id":"https:\/\/sombrafestival.com\/exposicion-jess-franco-y-la-erotica-del-horror\/#breadcrumb"},"inLanguage":"en-GB","potentialAction":[{"@type":"ReadAction","target":["https:\/\/sombrafestival.com\/exposicion-jess-franco-y-la-erotica-del-horror\/"]}]},{"@type":"ImageObject","inLanguage":"en-GB","@id":"https:\/\/sombrafestival.com\/exposicion-jess-franco-y-la-erotica-del-horror\/#primaryimage","url":"https:\/\/sombrafestival.com\/wp-content\/uploads\/2021\/03\/exposicion-jess-franco.jpg","contentUrl":"https:\/\/sombrafestival.com\/wp-content\/uploads\/2021\/03\/exposicion-jess-franco.jpg","width":1200,"height":1200},{"@type":"BreadcrumbList","@id":"https:\/\/sombrafestival.com\/exposicion-jess-franco-y-la-erotica-del-horror\/#breadcrumb","itemListElement":[{"@type":"ListItem","position":1,"name":"Portada","item":"https:\/\/sombrafestival.com\/"},{"@type":"ListItem","position":2,"name":"Exposici\u00f3n: Jess Franco y la er\u00f3tica del horror"}]},{"@type":"WebSite","@id":"https:\/\/sombrafestival.com\/en\/#website","url":"https:\/\/sombrafestival.com\/en\/","name":"Sombra Festival","description":"XIII Festival de Cine Fant\u00e1stico Europeo de Murcia, 8-17 MARZO 2024","publisher":{"@id":"https:\/\/sombrafestival.com\/en\/#organization"},"potentialAction":[{"@type":"SearchAction","target":{"@type":"EntryPoint","urlTemplate":"https:\/\/sombrafestival.com\/en\/?s={search_term_string}"},"query-input":{"@type":"PropertyValueSpecification","valueRequired":true,"valueName":"search_term_string"}}],"inLanguage":"en-GB"},{"@type":"Organization","@id":"https:\/\/sombrafestival.com\/en\/#organization","name":"SOMBRA, IX FESTIVAL DE CINE FANTASTICO EUROPEO DE MURCIA","url":"https:\/\/sombrafestival.com\/en\/","logo":{"@type":"ImageObject","inLanguage":"en-GB","@id":"https:\/\/sombrafestival.com\/en\/#\/schema\/logo\/image\/","url":"https:\/\/sombrafestival.com\/wp-content\/uploads\/2019\/10\/Sombra-LogoIdentificador-Negativo.jpg","contentUrl":"https:\/\/sombrafestival.com\/wp-content\/uploads\/2019\/10\/Sombra-LogoIdentificador-Negativo.jpg","width":400,"height":400,"caption":"SOMBRA, IX FESTIVAL DE CINE FANTASTICO EUROPEO DE MURCIA"},"image":{"@id":"https:\/\/sombrafestival.com\/en\/#\/schema\/logo\/image\/"},"sameAs":["https:\/\/www.facebook.com\/Sombra-Festival-De-CINE-Fantastico-Europeo-De-Murcia-175337032531429\/","https:\/\/x.com\/SombraFestival","https:\/\/www.instagram.com\/sombrafestival\/","https:\/\/www.youtube.com\/channel\/UCBdSJni9V30Tq4cGf4Lj0Ug?view_as=subscriber"]}]}},"_links":{"self":[{"href":"https:\/\/sombrafestival.com\/en\/wp-json\/wp\/v2\/pages\/2955","targetHints":{"allow":["GET"]}}],"collection":[{"href":"https:\/\/sombrafestival.com\/en\/wp-json\/wp\/v2\/pages"}],"about":[{"href":"https:\/\/sombrafestival.com\/en\/wp-json\/wp\/v2\/types\/page"}],"author":[{"embeddable":true,"href":"https:\/\/sombrafestival.com\/en\/wp-json\/wp\/v2\/users\/2"}],"replies":[{"embeddable":true,"href":"https:\/\/sombrafestival.com\/en\/wp-json\/wp\/v2\/comments?post=2955"}],"version-history":[{"count":3,"href":"https:\/\/sombrafestival.com\/en\/wp-json\/wp\/v2\/pages\/2955\/revisions"}],"predecessor-version":[{"id":2958,"href":"https:\/\/sombrafestival.com\/en\/wp-json\/wp\/v2\/pages\/2955\/revisions\/2958"}],"wp:featuredmedia":[{"embeddable":true,"href":"https:\/\/sombrafestival.com\/en\/wp-json\/wp\/v2\/media\/2954"}],"wp:attachment":[{"href":"https:\/\/sombrafestival.com\/en\/wp-json\/wp\/v2\/media?parent=2955"}],"curies":[{"name":"wp","href":"https:\/\/api.w.org\/{rel}","templated":true}]}}