{"id":2962,"date":"2021-04-05T20:17:46","date_gmt":"2021-04-05T18:17:46","guid":{"rendered":"https:\/\/sombrafestival.com\/?page_id=2962"},"modified":"2021-06-02T18:45:50","modified_gmt":"2021-06-02T16:45:50","slug":"los-amigos-de-los-animales-ponen-musica-al-clasico-nosferatu","status":"publish","type":"page","link":"https:\/\/sombrafestival.com\/en\/los-amigos-de-los-animales-ponen-musica-al-clasico-nosferatu\/","title":{"rendered":"Los amigos de los animales ponen m\u00fasica al cl\u00e1sico Nosferatu"},"content":{"rendered":"<h2 style=\"text-align: center;\">Rock cuadraf\u00f3nico con Los amigos de los animales<\/h2>\n<p><strong>Los amigos de los animales<\/strong>, grupo de rock formado por ex miembros de Ross, Schwarz y Second, interpretar\u00e1n en directo la banda sonora original compuesta especialmente para la proyecci\u00f3n del cl\u00e1sico <strong>Nosferatu<\/strong> (F.W. Murnau, 1922).<\/p>\n<p style=\"text-align: center;\"><a href=\"https:\/\/entradium.com\/es\/organizers\/the-idea-tank-sl\" target=\"_blank\" rel=\"noopener noreferrer\"><span class=\"td_btn td_btn_lg td_3D_btn\">COMPRAR ENTRADAS<\/span><\/a><\/p>\n<p><img loading=\"lazy\" decoding=\"async\" class=\"size-full wp-image-2967 aligncenter\" src=\"https:\/\/sombrafestival.com\/wp-content\/uploads\/2021\/04\/nosferatu-los-amigos-de-los-animales.jpg\" alt=\"\" width=\"1000\" height=\"1388\" srcset=\"https:\/\/sombrafestival.com\/wp-content\/uploads\/2021\/04\/nosferatu-los-amigos-de-los-animales.jpg 1000w, https:\/\/sombrafestival.com\/wp-content\/uploads\/2021\/04\/nosferatu-los-amigos-de-los-animales-216x300.jpg 216w, https:\/\/sombrafestival.com\/wp-content\/uploads\/2021\/04\/nosferatu-los-amigos-de-los-animales-738x1024.jpg 738w, https:\/\/sombrafestival.com\/wp-content\/uploads\/2021\/04\/nosferatu-los-amigos-de-los-animales-768x1066.jpg 768w, https:\/\/sombrafestival.com\/wp-content\/uploads\/2021\/04\/nosferatu-los-amigos-de-los-animales-696x966.jpg 696w, https:\/\/sombrafestival.com\/wp-content\/uploads\/2021\/04\/nosferatu-los-amigos-de-los-animales-303x420.jpg 303w\" sizes=\"auto, (max-width: 1000px) 100vw, 1000px\" \/><\/p>\n<p>En la edici\u00f3n pasada la proyecci\u00f3n de <strong>Nosferatu<\/strong> acompa\u00f1ada por el rock cuadraf\u00f3nico de <strong>Los amigos de los animales<\/strong> tuvo que ser pospuesta pero Sombra se complace en anunciar que, para <strong>nuestro d\u00e9cimo aniversario<\/strong>, tendremos dos opciones para disfrutar de esta experiencia \u00fanica.<\/p>\n<ul>\n<li>S\u00e1bado, 12 de junio<\/li>\n<li>Domingo, 13 de junio<\/li>\n<\/ul>\n<p><strong>Ambas citas ser\u00e1n en la Filmoteca Regional de Murcia<\/strong>. La primera de ellas, s\u00e1bado 12 de junio, formar\u00e1 parte de la clausura de Sombra 2021. Al d\u00eda siguiente, repetimos experiencia a las 20:00 de la tarde para aquellos que no puedan disfrutarlo debidos a la disminuci\u00f3n del aforo por las medidas del covid-19.<\/p>\n<p>Os recordamos que la <a href=\"https:\/\/sombrafestival.com\/en\/x-aniversario-de-sombra\/\"><strong>d\u00e9cima edici\u00f3n de Sombra<\/strong><\/a> se celebrar\u00e1 del 4 al 12 de junio. En los pr\u00f3ximos d\u00edas iremos anunciando m\u00e1s detalles de este aniversario que celebraremos por todo lo alto.<\/p>\n<p><iframe loading=\"lazy\" title=\"Nosferatu + BSO compuesta por Los Amigos de Los Animales\" src=\"https:\/\/player.vimeo.com\/video\/558159018?dnt=1&amp;app_id=122963\" width=\"540\" height=\"360\" frameborder=\"0\" allow=\"autoplay; fullscreen; picture-in-picture\" allowfullscreen><\/iframe><\/p>","protected":false},"excerpt":{"rendered":"<p>Rock cuadraf\u00f3nico con Los amigos de los animales Los amigos de los animales, grupo de rock formado por ex miembros de Ross, Schwarz y Second, interpretar\u00e1n en directo la banda sonora original compuesta especialmente para la proyecci\u00f3n del cl\u00e1sico Nosferatu (F.W. Murnau, 1922). COMPRAR ENTRADAS En la edici\u00f3n pasada la proyecci\u00f3n de Nosferatu acompa\u00f1ada por [&hellip;]<\/p>","protected":false},"author":2,"featured_media":2967,"parent":0,"menu_order":0,"comment_status":"closed","ping_status":"closed","template":"","meta":{"footnotes":""},"class_list":["post-2962","page","type-page","status-publish","has-post-thumbnail"],"yoast_head":"<!-- This site is optimized with the Yoast SEO plugin v24.3 - https:\/\/yoast.com\/wordpress\/plugins\/seo\/ -->\n<title>Los amigos de los animales ponen m\u00fasica al cl\u00e1sico Nosferatu - Sombra Festival<\/title>\n<meta name=\"robots\" content=\"index, follow, max-snippet:-1, max-image-preview:large, max-video-preview:-1\" \/>\n<link rel=\"canonical\" href=\"https:\/\/sombrafestival.com\/en\/los-amigos-de-los-animales-ponen-musica-al-clasico-nosferatu\/\" \/>\n<meta property=\"og:locale\" content=\"en_GB\" \/>\n<meta property=\"og:type\" content=\"article\" \/>\n<meta property=\"og:title\" content=\"Los amigos de los animales ponen m\u00fasica al cl\u00e1sico Nosferatu - Sombra Festival\" \/>\n<meta property=\"og:description\" content=\"Rock cuadraf\u00f3nico con Los amigos de los animales Los amigos de los animales, grupo de rock formado por ex miembros de Ross, Schwarz y Second, interpretar\u00e1n en directo la banda sonora original compuesta especialmente para la proyecci\u00f3n del cl\u00e1sico Nosferatu (F.W. Murnau, 1922). COMPRAR ENTRADAS En la edici\u00f3n pasada la proyecci\u00f3n de Nosferatu acompa\u00f1ada por [&hellip;]\" \/>\n<meta property=\"og:url\" content=\"https:\/\/sombrafestival.com\/en\/los-amigos-de-los-animales-ponen-musica-al-clasico-nosferatu\/\" \/>\n<meta property=\"og:site_name\" content=\"Sombra Festival\" \/>\n<meta property=\"article:publisher\" content=\"https:\/\/www.facebook.com\/Sombra-Festival-De-CINE-Fantastico-Europeo-De-Murcia-175337032531429\/\" \/>\n<meta property=\"article:modified_time\" content=\"2021-06-02T16:45:50+00:00\" \/>\n<meta property=\"og:image\" content=\"https:\/\/sombrafestival.com\/wp-content\/uploads\/2021\/04\/nosferatu-los-amigos-de-los-animales.jpg\" \/>\n\t<meta property=\"og:image:width\" content=\"1000\" \/>\n\t<meta property=\"og:image:height\" content=\"1388\" \/>\n\t<meta property=\"og:image:type\" content=\"image\/jpeg\" \/>\n<meta name=\"twitter:card\" content=\"summary_large_image\" \/>\n<meta name=\"twitter:site\" content=\"@SombraFestival\" \/>\n<meta name=\"twitter:label1\" content=\"Est. reading time\" \/>\n\t<meta name=\"twitter:data1\" content=\"1 minute\" \/>\n<script type=\"application\/ld+json\" class=\"yoast-schema-graph\">{\"@context\":\"https:\/\/schema.org\",\"@graph\":[{\"@type\":\"WebPage\",\"@id\":\"https:\/\/sombrafestival.com\/los-amigos-de-los-animales-ponen-musica-al-clasico-nosferatu\/\",\"url\":\"https:\/\/sombrafestival.com\/los-amigos-de-los-animales-ponen-musica-al-clasico-nosferatu\/\",\"name\":\"Los amigos de los animales ponen m\u00fasica al cl\u00e1sico Nosferatu - Sombra Festival\",\"isPartOf\":{\"@id\":\"https:\/\/sombrafestival.com\/en\/#website\"},\"primaryImageOfPage\":{\"@id\":\"https:\/\/sombrafestival.com\/los-amigos-de-los-animales-ponen-musica-al-clasico-nosferatu\/#primaryimage\"},\"image\":{\"@id\":\"https:\/\/sombrafestival.com\/los-amigos-de-los-animales-ponen-musica-al-clasico-nosferatu\/#primaryimage\"},\"thumbnailUrl\":\"https:\/\/sombrafestival.com\/wp-content\/uploads\/2021\/04\/nosferatu-los-amigos-de-los-animales.jpg\",\"datePublished\":\"2021-04-05T18:17:46+00:00\",\"dateModified\":\"2021-06-02T16:45:50+00:00\",\"breadcrumb\":{\"@id\":\"https:\/\/sombrafestival.com\/los-amigos-de-los-animales-ponen-musica-al-clasico-nosferatu\/#breadcrumb\"},\"inLanguage\":\"en-GB\",\"potentialAction\":[{\"@type\":\"ReadAction\",\"target\":[\"https:\/\/sombrafestival.com\/los-amigos-de-los-animales-ponen-musica-al-clasico-nosferatu\/\"]}]},{\"@type\":\"ImageObject\",\"inLanguage\":\"en-GB\",\"@id\":\"https:\/\/sombrafestival.com\/los-amigos-de-los-animales-ponen-musica-al-clasico-nosferatu\/#primaryimage\",\"url\":\"https:\/\/sombrafestival.com\/wp-content\/uploads\/2021\/04\/nosferatu-los-amigos-de-los-animales.jpg\",\"contentUrl\":\"https:\/\/sombrafestival.com\/wp-content\/uploads\/2021\/04\/nosferatu-los-amigos-de-los-animales.jpg\",\"width\":1000,\"height\":1388},{\"@type\":\"BreadcrumbList\",\"@id\":\"https:\/\/sombrafestival.com\/los-amigos-de-los-animales-ponen-musica-al-clasico-nosferatu\/#breadcrumb\",\"itemListElement\":[{\"@type\":\"ListItem\",\"position\":1,\"name\":\"Portada\",\"item\":\"https:\/\/sombrafestival.com\/\"},{\"@type\":\"ListItem\",\"position\":2,\"name\":\"Los amigos de los animales ponen m\u00fasica al cl\u00e1sico Nosferatu\"}]},{\"@type\":\"WebSite\",\"@id\":\"https:\/\/sombrafestival.com\/en\/#website\",\"url\":\"https:\/\/sombrafestival.com\/en\/\",\"name\":\"Sombra Festival\",\"description\":\"XIII Festival de Cine Fant\u00e1stico Europeo de Murcia, 8-17 MARZO 2024\",\"publisher\":{\"@id\":\"https:\/\/sombrafestival.com\/en\/#organization\"},\"potentialAction\":[{\"@type\":\"SearchAction\",\"target\":{\"@type\":\"EntryPoint\",\"urlTemplate\":\"https:\/\/sombrafestival.com\/en\/?s={search_term_string}\"},\"query-input\":{\"@type\":\"PropertyValueSpecification\",\"valueRequired\":true,\"valueName\":\"search_term_string\"}}],\"inLanguage\":\"en-GB\"},{\"@type\":\"Organization\",\"@id\":\"https:\/\/sombrafestival.com\/en\/#organization\",\"name\":\"SOMBRA, IX FESTIVAL DE CINE FANTASTICO EUROPEO DE MURCIA\",\"url\":\"https:\/\/sombrafestival.com\/en\/\",\"logo\":{\"@type\":\"ImageObject\",\"inLanguage\":\"en-GB\",\"@id\":\"https:\/\/sombrafestival.com\/en\/#\/schema\/logo\/image\/\",\"url\":\"https:\/\/sombrafestival.com\/wp-content\/uploads\/2019\/10\/Sombra-LogoIdentificador-Negativo.jpg\",\"contentUrl\":\"https:\/\/sombrafestival.com\/wp-content\/uploads\/2019\/10\/Sombra-LogoIdentificador-Negativo.jpg\",\"width\":400,\"height\":400,\"caption\":\"SOMBRA, IX FESTIVAL DE CINE FANTASTICO EUROPEO DE MURCIA\"},\"image\":{\"@id\":\"https:\/\/sombrafestival.com\/en\/#\/schema\/logo\/image\/\"},\"sameAs\":[\"https:\/\/www.facebook.com\/Sombra-Festival-De-CINE-Fantastico-Europeo-De-Murcia-175337032531429\/\",\"https:\/\/x.com\/SombraFestival\",\"https:\/\/www.instagram.com\/sombrafestival\/\",\"https:\/\/www.youtube.com\/channel\/UCBdSJni9V30Tq4cGf4Lj0Ug?view_as=subscriber\"]}]}<\/script>\n<!-- \/ Yoast SEO plugin. -->","yoast_head_json":{"title":"Los amigos de los animales ponen m\u00fasica al cl\u00e1sico Nosferatu - Sombra Festival","robots":{"index":"index","follow":"follow","max-snippet":"max-snippet:-1","max-image-preview":"max-image-preview:large","max-video-preview":"max-video-preview:-1"},"canonical":"https:\/\/sombrafestival.com\/en\/los-amigos-de-los-animales-ponen-musica-al-clasico-nosferatu\/","og_locale":"en_GB","og_type":"article","og_title":"Los amigos de los animales ponen m\u00fasica al cl\u00e1sico Nosferatu - Sombra Festival","og_description":"Rock cuadraf\u00f3nico con Los amigos de los animales Los amigos de los animales, grupo de rock formado por ex miembros de Ross, Schwarz y Second, interpretar\u00e1n en directo la banda sonora original compuesta especialmente para la proyecci\u00f3n del cl\u00e1sico Nosferatu (F.W. Murnau, 1922). COMPRAR ENTRADAS En la edici\u00f3n pasada la proyecci\u00f3n de Nosferatu acompa\u00f1ada por [&hellip;]","og_url":"https:\/\/sombrafestival.com\/en\/los-amigos-de-los-animales-ponen-musica-al-clasico-nosferatu\/","og_site_name":"Sombra Festival","article_publisher":"https:\/\/www.facebook.com\/Sombra-Festival-De-CINE-Fantastico-Europeo-De-Murcia-175337032531429\/","article_modified_time":"2021-06-02T16:45:50+00:00","og_image":[{"width":1000,"height":1388,"url":"https:\/\/sombrafestival.com\/wp-content\/uploads\/2021\/04\/nosferatu-los-amigos-de-los-animales.jpg","type":"image\/jpeg"}],"twitter_card":"summary_large_image","twitter_site":"@SombraFestival","twitter_misc":{"Est. reading time":"1 minute"},"schema":{"@context":"https:\/\/schema.org","@graph":[{"@type":"WebPage","@id":"https:\/\/sombrafestival.com\/los-amigos-de-los-animales-ponen-musica-al-clasico-nosferatu\/","url":"https:\/\/sombrafestival.com\/los-amigos-de-los-animales-ponen-musica-al-clasico-nosferatu\/","name":"Los amigos de los animales ponen m\u00fasica al cl\u00e1sico Nosferatu - Sombra Festival","isPartOf":{"@id":"https:\/\/sombrafestival.com\/en\/#website"},"primaryImageOfPage":{"@id":"https:\/\/sombrafestival.com\/los-amigos-de-los-animales-ponen-musica-al-clasico-nosferatu\/#primaryimage"},"image":{"@id":"https:\/\/sombrafestival.com\/los-amigos-de-los-animales-ponen-musica-al-clasico-nosferatu\/#primaryimage"},"thumbnailUrl":"https:\/\/sombrafestival.com\/wp-content\/uploads\/2021\/04\/nosferatu-los-amigos-de-los-animales.jpg","datePublished":"2021-04-05T18:17:46+00:00","dateModified":"2021-06-02T16:45:50+00:00","breadcrumb":{"@id":"https:\/\/sombrafestival.com\/los-amigos-de-los-animales-ponen-musica-al-clasico-nosferatu\/#breadcrumb"},"inLanguage":"en-GB","potentialAction":[{"@type":"ReadAction","target":["https:\/\/sombrafestival.com\/los-amigos-de-los-animales-ponen-musica-al-clasico-nosferatu\/"]}]},{"@type":"ImageObject","inLanguage":"en-GB","@id":"https:\/\/sombrafestival.com\/los-amigos-de-los-animales-ponen-musica-al-clasico-nosferatu\/#primaryimage","url":"https:\/\/sombrafestival.com\/wp-content\/uploads\/2021\/04\/nosferatu-los-amigos-de-los-animales.jpg","contentUrl":"https:\/\/sombrafestival.com\/wp-content\/uploads\/2021\/04\/nosferatu-los-amigos-de-los-animales.jpg","width":1000,"height":1388},{"@type":"BreadcrumbList","@id":"https:\/\/sombrafestival.com\/los-amigos-de-los-animales-ponen-musica-al-clasico-nosferatu\/#breadcrumb","itemListElement":[{"@type":"ListItem","position":1,"name":"Portada","item":"https:\/\/sombrafestival.com\/"},{"@type":"ListItem","position":2,"name":"Los amigos de los animales ponen m\u00fasica al cl\u00e1sico Nosferatu"}]},{"@type":"WebSite","@id":"https:\/\/sombrafestival.com\/en\/#website","url":"https:\/\/sombrafestival.com\/en\/","name":"Sombra Festival","description":"XIII Festival de Cine Fant\u00e1stico Europeo de Murcia, 8-17 MARZO 2024","publisher":{"@id":"https:\/\/sombrafestival.com\/en\/#organization"},"potentialAction":[{"@type":"SearchAction","target":{"@type":"EntryPoint","urlTemplate":"https:\/\/sombrafestival.com\/en\/?s={search_term_string}"},"query-input":{"@type":"PropertyValueSpecification","valueRequired":true,"valueName":"search_term_string"}}],"inLanguage":"en-GB"},{"@type":"Organization","@id":"https:\/\/sombrafestival.com\/en\/#organization","name":"SOMBRA, IX FESTIVAL DE CINE FANTASTICO EUROPEO DE MURCIA","url":"https:\/\/sombrafestival.com\/en\/","logo":{"@type":"ImageObject","inLanguage":"en-GB","@id":"https:\/\/sombrafestival.com\/en\/#\/schema\/logo\/image\/","url":"https:\/\/sombrafestival.com\/wp-content\/uploads\/2019\/10\/Sombra-LogoIdentificador-Negativo.jpg","contentUrl":"https:\/\/sombrafestival.com\/wp-content\/uploads\/2019\/10\/Sombra-LogoIdentificador-Negativo.jpg","width":400,"height":400,"caption":"SOMBRA, IX FESTIVAL DE CINE FANTASTICO EUROPEO DE MURCIA"},"image":{"@id":"https:\/\/sombrafestival.com\/en\/#\/schema\/logo\/image\/"},"sameAs":["https:\/\/www.facebook.com\/Sombra-Festival-De-CINE-Fantastico-Europeo-De-Murcia-175337032531429\/","https:\/\/x.com\/SombraFestival","https:\/\/www.instagram.com\/sombrafestival\/","https:\/\/www.youtube.com\/channel\/UCBdSJni9V30Tq4cGf4Lj0Ug?view_as=subscriber"]}]}},"_links":{"self":[{"href":"https:\/\/sombrafestival.com\/en\/wp-json\/wp\/v2\/pages\/2962","targetHints":{"allow":["GET"]}}],"collection":[{"href":"https:\/\/sombrafestival.com\/en\/wp-json\/wp\/v2\/pages"}],"about":[{"href":"https:\/\/sombrafestival.com\/en\/wp-json\/wp\/v2\/types\/page"}],"author":[{"embeddable":true,"href":"https:\/\/sombrafestival.com\/en\/wp-json\/wp\/v2\/users\/2"}],"replies":[{"embeddable":true,"href":"https:\/\/sombrafestival.com\/en\/wp-json\/wp\/v2\/comments?post=2962"}],"version-history":[{"count":5,"href":"https:\/\/sombrafestival.com\/en\/wp-json\/wp\/v2\/pages\/2962\/revisions"}],"predecessor-version":[{"id":3991,"href":"https:\/\/sombrafestival.com\/en\/wp-json\/wp\/v2\/pages\/2962\/revisions\/3991"}],"wp:featuredmedia":[{"embeddable":true,"href":"https:\/\/sombrafestival.com\/en\/wp-json\/wp\/v2\/media\/2967"}],"wp:attachment":[{"href":"https:\/\/sombrafestival.com\/en\/wp-json\/wp\/v2\/media?parent=2962"}],"curies":[{"name":"wp","href":"https:\/\/api.w.org\/{rel}","templated":true}]}}