{"id":3322,"date":"2021-05-06T19:38:58","date_gmt":"2021-05-06T17:38:58","guid":{"rendered":"https:\/\/sombrafestival.com\/?page_id=3322"},"modified":"2021-05-06T19:38:58","modified_gmt":"2021-05-06T17:38:58","slug":"irwing-allen-del-cine-a-la-television","status":"publish","type":"page","link":"https:\/\/sombrafestival.com\/en\/irwing-allen-del-cine-a-la-television\/","title":{"rendered":"Irwing Allen: Del Cine a la Televisi\u00f3n"},"content":{"rendered":"<h2 class=\"wp-block-heading\">Irwing Allen: Del Cine a la Televisi\u00f3n. Ponencia a cargo de Miguel Garc\u00eda.<\/h2>\r\n\r\n\r\n\r\n<ul class=\"wp-block-list\">\r\n<li><strong>Domingo, 6 de junio | <\/strong><strong>18:30h<\/strong><\/li>\r\n<li><strong>Filmoteca Regional| Sala B<\/strong><\/li>\r\n<li><strong>Gratis<\/strong><\/li>\r\n<\/ul>\r\n\r\n\r\n\r\n<p>Ponencia de Miguel Garc\u00eda sobre Irwin Allen, el Maestro del desastre. Allen fue un productor de cine del g\u00e9nero catastr\u00f3fico y de ciencia ficci\u00f3n. Produjo y dirigi\u00f3 las escenas de acci\u00f3n en<span style=\"color: #993300;\"> El coloso en llamas \/ Infierno en la torre<\/span>, y tambi\u00e9n produjo <span style=\"color: #993300;\">La aventura del Poseid\u00f3n<\/span>. Tambi\u00e9n es recordado por ser un notable creador de un gran n\u00famero de famosas series de culto de la televisi\u00f3n cl\u00e1sica, que enriquecieron el g\u00e9nero de ciencia ficci\u00f3n.<\/p>\r\n\r\n\r\n\r\n<div class=\"wp-block-columns is-layout-flex wp-container-core-columns-is-layout-1 wp-block-columns-is-layout-flex\">\r\n<div class=\"wp-block-column is-layout-flow wp-block-column-is-layout-flow\">\r\n<figure class=\"wp-block-image size-large td-caption-align-https:\/\/sombrafestival.com\/wp-content\/uploads\/2021\/05\/El_coloso_en_llamas-404353070-large.jpg\"><img loading=\"lazy\" decoding=\"async\" width=\"655\" height=\"1024\" class=\"wp-image-3326\" src=\"https:\/\/sombrafestival.com\/wp-content\/uploads\/2021\/05\/El_coloso_en_llamas-404353070-large-655x1024.jpg\" alt=\"\" srcset=\"https:\/\/sombrafestival.com\/wp-content\/uploads\/2021\/05\/El_coloso_en_llamas-404353070-large-655x1024.jpg 655w, https:\/\/sombrafestival.com\/wp-content\/uploads\/2021\/05\/El_coloso_en_llamas-404353070-large-192x300.jpg 192w, https:\/\/sombrafestival.com\/wp-content\/uploads\/2021\/05\/El_coloso_en_llamas-404353070-large-696x1088.jpg 696w, https:\/\/sombrafestival.com\/wp-content\/uploads\/2021\/05\/El_coloso_en_llamas-404353070-large-269x420.jpg 269w, https:\/\/sombrafestival.com\/wp-content\/uploads\/2021\/05\/El_coloso_en_llamas-404353070-large.jpg 768w\" sizes=\"auto, (max-width: 655px) 100vw, 655px\" \/><\/figure>\r\n<\/div>\r\n\r\n\r\n\r\n<div class=\"wp-block-column is-layout-flow wp-block-column-is-layout-flow\">\r\n<figure class=\"wp-block-image size-large td-caption-align-https:\/\/sombrafestival.com\/wp-content\/uploads\/2021\/05\/the_poseidon_adventure-920918999-large.jpg\"><img loading=\"lazy\" decoding=\"async\" width=\"681\" height=\"1024\" class=\"wp-image-3324\" src=\"https:\/\/sombrafestival.com\/wp-content\/uploads\/2021\/05\/the_poseidon_adventure-920918999-large-681x1024.jpg\" alt=\"\" srcset=\"https:\/\/sombrafestival.com\/wp-content\/uploads\/2021\/05\/the_poseidon_adventure-920918999-large-681x1024.jpg 681w, https:\/\/sombrafestival.com\/wp-content\/uploads\/2021\/05\/the_poseidon_adventure-920918999-large-200x300.jpg 200w, https:\/\/sombrafestival.com\/wp-content\/uploads\/2021\/05\/the_poseidon_adventure-920918999-large-768x1155.jpg 768w, https:\/\/sombrafestival.com\/wp-content\/uploads\/2021\/05\/the_poseidon_adventure-920918999-large-696x1047.jpg 696w, https:\/\/sombrafestival.com\/wp-content\/uploads\/2021\/05\/the_poseidon_adventure-920918999-large-279x420.jpg 279w, https:\/\/sombrafestival.com\/wp-content\/uploads\/2021\/05\/the_poseidon_adventure-920918999-large.jpg 798w\" sizes=\"auto, (max-width: 681px) 100vw, 681px\" \/><\/figure>\r\n<\/div>\r\n<\/div>\r\n\r\n\r\n\r\n<p>Produjo varias pel\u00edculas de desastres para la televisi\u00f3n: <span style=\"color: #993300;\">Flood!<\/span> (1976), <span style=\"color: #993300;\">Fire!<\/span> (1977), <span style=\"color: #993300;\">Hanging by a Thread<\/span> (1978) y <span style=\"color: #993300;\">The Night the Bridge Fell Down and Cave In!<\/span> (1979).<\/p>\r\n\r\n\r\n\r\n<p>En la d\u00e9cada de los 60, fue responsable de series de culto de televisi\u00f3n del g\u00e9nero ciencia ficci\u00f3n, como <span style=\"color: #993300;\">Viaje al fondo del mar<\/span> (1964\u20131968), <span style=\"color: #993300;\">Perdidos en el espacio<\/span> (1965\u20131968), <span style=\"color: #993300;\">El t\u00fanel del tiempo<\/span> (1966\u20131967), <span style=\"color: #993300;\">Tierra de gigantes<\/span> (1967\u20131970), <span style=\"color: #993300;\">The Swiss Family Robinson<\/span> (1975\u20131976) o <span style=\"color: #993300;\">Code Red<\/span> (1981\u20131982).<\/p>","protected":false},"excerpt":{"rendered":"<p>Irwing Allen: Del Cine a la Televisi\u00f3n. Ponencia a cargo de Miguel Garc\u00eda. Domingo, 6 de junio | 18:30h Filmoteca Regional| Sala B Gratis Ponencia de Miguel Garc\u00eda sobre Irwin Allen, el Maestro del desastre. Allen fue un productor de cine del g\u00e9nero catastr\u00f3fico y de ciencia ficci\u00f3n. Produjo y dirigi\u00f3 las escenas de acci\u00f3n [&hellip;]<\/p>","protected":false},"author":2,"featured_media":3324,"parent":0,"menu_order":0,"comment_status":"closed","ping_status":"closed","template":"","meta":{"footnotes":""},"class_list":["post-3322","page","type-page","status-publish","has-post-thumbnail"],"yoast_head":"<!-- This site is optimized with the Yoast SEO plugin v24.3 - https:\/\/yoast.com\/wordpress\/plugins\/seo\/ -->\n<title>Irwing Allen: Del Cine a la Televisi\u00f3n - Sombra Festival<\/title>\n<meta name=\"robots\" content=\"index, follow, max-snippet:-1, max-image-preview:large, max-video-preview:-1\" \/>\n<link rel=\"canonical\" href=\"https:\/\/sombrafestival.com\/en\/irwing-allen-del-cine-a-la-television\/\" \/>\n<meta property=\"og:locale\" content=\"en_GB\" \/>\n<meta property=\"og:type\" content=\"article\" \/>\n<meta property=\"og:title\" content=\"Irwing Allen: Del Cine a la Televisi\u00f3n - Sombra Festival\" \/>\n<meta property=\"og:description\" content=\"Irwing Allen: Del Cine a la Televisi\u00f3n. Ponencia a cargo de Miguel Garc\u00eda. Domingo, 6 de junio | 18:30h Filmoteca Regional| Sala B Gratis Ponencia de Miguel Garc\u00eda sobre Irwin Allen, el Maestro del desastre. Allen fue un productor de cine del g\u00e9nero catastr\u00f3fico y de ciencia ficci\u00f3n. Produjo y dirigi\u00f3 las escenas de acci\u00f3n [&hellip;]\" \/>\n<meta property=\"og:url\" content=\"https:\/\/sombrafestival.com\/en\/irwing-allen-del-cine-a-la-television\/\" \/>\n<meta property=\"og:site_name\" content=\"Sombra Festival\" \/>\n<meta property=\"article:publisher\" content=\"https:\/\/www.facebook.com\/Sombra-Festival-De-CINE-Fantastico-Europeo-De-Murcia-175337032531429\/\" \/>\n<meta property=\"og:image\" content=\"https:\/\/sombrafestival.com\/wp-content\/uploads\/2021\/05\/the_poseidon_adventure-920918999-large.jpg\" \/>\n\t<meta property=\"og:image:width\" content=\"798\" \/>\n\t<meta property=\"og:image:height\" content=\"1200\" \/>\n\t<meta property=\"og:image:type\" content=\"image\/jpeg\" \/>\n<meta name=\"twitter:card\" content=\"summary_large_image\" \/>\n<meta name=\"twitter:site\" content=\"@SombraFestival\" \/>\n<meta name=\"twitter:label1\" content=\"Est. reading time\" \/>\n\t<meta name=\"twitter:data1\" content=\"1 minute\" \/>\n<script type=\"application\/ld+json\" class=\"yoast-schema-graph\">{\"@context\":\"https:\/\/schema.org\",\"@graph\":[{\"@type\":\"WebPage\",\"@id\":\"https:\/\/sombrafestival.com\/irwing-allen-del-cine-a-la-television\/\",\"url\":\"https:\/\/sombrafestival.com\/irwing-allen-del-cine-a-la-television\/\",\"name\":\"Irwing Allen: Del Cine a la Televisi\u00f3n - Sombra Festival\",\"isPartOf\":{\"@id\":\"https:\/\/sombrafestival.com\/en\/#website\"},\"primaryImageOfPage\":{\"@id\":\"https:\/\/sombrafestival.com\/irwing-allen-del-cine-a-la-television\/#primaryimage\"},\"image\":{\"@id\":\"https:\/\/sombrafestival.com\/irwing-allen-del-cine-a-la-television\/#primaryimage\"},\"thumbnailUrl\":\"https:\/\/sombrafestival.com\/wp-content\/uploads\/2021\/05\/the_poseidon_adventure-920918999-large.jpg\",\"datePublished\":\"2021-05-06T17:38:58+00:00\",\"dateModified\":\"2021-05-06T17:38:58+00:00\",\"breadcrumb\":{\"@id\":\"https:\/\/sombrafestival.com\/irwing-allen-del-cine-a-la-television\/#breadcrumb\"},\"inLanguage\":\"en-GB\",\"potentialAction\":[{\"@type\":\"ReadAction\",\"target\":[\"https:\/\/sombrafestival.com\/irwing-allen-del-cine-a-la-television\/\"]}]},{\"@type\":\"ImageObject\",\"inLanguage\":\"en-GB\",\"@id\":\"https:\/\/sombrafestival.com\/irwing-allen-del-cine-a-la-television\/#primaryimage\",\"url\":\"https:\/\/sombrafestival.com\/wp-content\/uploads\/2021\/05\/the_poseidon_adventure-920918999-large.jpg\",\"contentUrl\":\"https:\/\/sombrafestival.com\/wp-content\/uploads\/2021\/05\/the_poseidon_adventure-920918999-large.jpg\",\"width\":798,\"height\":1200},{\"@type\":\"BreadcrumbList\",\"@id\":\"https:\/\/sombrafestival.com\/irwing-allen-del-cine-a-la-television\/#breadcrumb\",\"itemListElement\":[{\"@type\":\"ListItem\",\"position\":1,\"name\":\"Portada\",\"item\":\"https:\/\/sombrafestival.com\/\"},{\"@type\":\"ListItem\",\"position\":2,\"name\":\"Irwing Allen: Del Cine a la Televisi\u00f3n\"}]},{\"@type\":\"WebSite\",\"@id\":\"https:\/\/sombrafestival.com\/en\/#website\",\"url\":\"https:\/\/sombrafestival.com\/en\/\",\"name\":\"Sombra Festival\",\"description\":\"XIII Festival de Cine Fant\u00e1stico Europeo de Murcia, 8-17 MARZO 2024\",\"publisher\":{\"@id\":\"https:\/\/sombrafestival.com\/en\/#organization\"},\"potentialAction\":[{\"@type\":\"SearchAction\",\"target\":{\"@type\":\"EntryPoint\",\"urlTemplate\":\"https:\/\/sombrafestival.com\/en\/?s={search_term_string}\"},\"query-input\":{\"@type\":\"PropertyValueSpecification\",\"valueRequired\":true,\"valueName\":\"search_term_string\"}}],\"inLanguage\":\"en-GB\"},{\"@type\":\"Organization\",\"@id\":\"https:\/\/sombrafestival.com\/en\/#organization\",\"name\":\"SOMBRA, IX FESTIVAL DE CINE FANTASTICO EUROPEO DE MURCIA\",\"url\":\"https:\/\/sombrafestival.com\/en\/\",\"logo\":{\"@type\":\"ImageObject\",\"inLanguage\":\"en-GB\",\"@id\":\"https:\/\/sombrafestival.com\/en\/#\/schema\/logo\/image\/\",\"url\":\"https:\/\/sombrafestival.com\/wp-content\/uploads\/2019\/10\/Sombra-LogoIdentificador-Negativo.jpg\",\"contentUrl\":\"https:\/\/sombrafestival.com\/wp-content\/uploads\/2019\/10\/Sombra-LogoIdentificador-Negativo.jpg\",\"width\":400,\"height\":400,\"caption\":\"SOMBRA, IX FESTIVAL DE CINE FANTASTICO EUROPEO DE MURCIA\"},\"image\":{\"@id\":\"https:\/\/sombrafestival.com\/en\/#\/schema\/logo\/image\/\"},\"sameAs\":[\"https:\/\/www.facebook.com\/Sombra-Festival-De-CINE-Fantastico-Europeo-De-Murcia-175337032531429\/\",\"https:\/\/x.com\/SombraFestival\",\"https:\/\/www.instagram.com\/sombrafestival\/\",\"https:\/\/www.youtube.com\/channel\/UCBdSJni9V30Tq4cGf4Lj0Ug?view_as=subscriber\"]}]}<\/script>\n<!-- \/ Yoast SEO plugin. -->","yoast_head_json":{"title":"Irwing Allen: Del Cine a la Televisi\u00f3n - Sombra Festival","robots":{"index":"index","follow":"follow","max-snippet":"max-snippet:-1","max-image-preview":"max-image-preview:large","max-video-preview":"max-video-preview:-1"},"canonical":"https:\/\/sombrafestival.com\/en\/irwing-allen-del-cine-a-la-television\/","og_locale":"en_GB","og_type":"article","og_title":"Irwing Allen: Del Cine a la Televisi\u00f3n - Sombra Festival","og_description":"Irwing Allen: Del Cine a la Televisi\u00f3n. Ponencia a cargo de Miguel Garc\u00eda. Domingo, 6 de junio | 18:30h Filmoteca Regional| Sala B Gratis Ponencia de Miguel Garc\u00eda sobre Irwin Allen, el Maestro del desastre. Allen fue un productor de cine del g\u00e9nero catastr\u00f3fico y de ciencia ficci\u00f3n. Produjo y dirigi\u00f3 las escenas de acci\u00f3n [&hellip;]","og_url":"https:\/\/sombrafestival.com\/en\/irwing-allen-del-cine-a-la-television\/","og_site_name":"Sombra Festival","article_publisher":"https:\/\/www.facebook.com\/Sombra-Festival-De-CINE-Fantastico-Europeo-De-Murcia-175337032531429\/","og_image":[{"width":798,"height":1200,"url":"https:\/\/sombrafestival.com\/wp-content\/uploads\/2021\/05\/the_poseidon_adventure-920918999-large.jpg","type":"image\/jpeg"}],"twitter_card":"summary_large_image","twitter_site":"@SombraFestival","twitter_misc":{"Est. reading time":"1 minute"},"schema":{"@context":"https:\/\/schema.org","@graph":[{"@type":"WebPage","@id":"https:\/\/sombrafestival.com\/irwing-allen-del-cine-a-la-television\/","url":"https:\/\/sombrafestival.com\/irwing-allen-del-cine-a-la-television\/","name":"Irwing Allen: Del Cine a la Televisi\u00f3n - Sombra Festival","isPartOf":{"@id":"https:\/\/sombrafestival.com\/en\/#website"},"primaryImageOfPage":{"@id":"https:\/\/sombrafestival.com\/irwing-allen-del-cine-a-la-television\/#primaryimage"},"image":{"@id":"https:\/\/sombrafestival.com\/irwing-allen-del-cine-a-la-television\/#primaryimage"},"thumbnailUrl":"https:\/\/sombrafestival.com\/wp-content\/uploads\/2021\/05\/the_poseidon_adventure-920918999-large.jpg","datePublished":"2021-05-06T17:38:58+00:00","dateModified":"2021-05-06T17:38:58+00:00","breadcrumb":{"@id":"https:\/\/sombrafestival.com\/irwing-allen-del-cine-a-la-television\/#breadcrumb"},"inLanguage":"en-GB","potentialAction":[{"@type":"ReadAction","target":["https:\/\/sombrafestival.com\/irwing-allen-del-cine-a-la-television\/"]}]},{"@type":"ImageObject","inLanguage":"en-GB","@id":"https:\/\/sombrafestival.com\/irwing-allen-del-cine-a-la-television\/#primaryimage","url":"https:\/\/sombrafestival.com\/wp-content\/uploads\/2021\/05\/the_poseidon_adventure-920918999-large.jpg","contentUrl":"https:\/\/sombrafestival.com\/wp-content\/uploads\/2021\/05\/the_poseidon_adventure-920918999-large.jpg","width":798,"height":1200},{"@type":"BreadcrumbList","@id":"https:\/\/sombrafestival.com\/irwing-allen-del-cine-a-la-television\/#breadcrumb","itemListElement":[{"@type":"ListItem","position":1,"name":"Portada","item":"https:\/\/sombrafestival.com\/"},{"@type":"ListItem","position":2,"name":"Irwing Allen: Del Cine a la Televisi\u00f3n"}]},{"@type":"WebSite","@id":"https:\/\/sombrafestival.com\/en\/#website","url":"https:\/\/sombrafestival.com\/en\/","name":"Sombra Festival","description":"XIII Festival de Cine Fant\u00e1stico Europeo de Murcia, 8-17 MARZO 2024","publisher":{"@id":"https:\/\/sombrafestival.com\/en\/#organization"},"potentialAction":[{"@type":"SearchAction","target":{"@type":"EntryPoint","urlTemplate":"https:\/\/sombrafestival.com\/en\/?s={search_term_string}"},"query-input":{"@type":"PropertyValueSpecification","valueRequired":true,"valueName":"search_term_string"}}],"inLanguage":"en-GB"},{"@type":"Organization","@id":"https:\/\/sombrafestival.com\/en\/#organization","name":"SOMBRA, IX FESTIVAL DE CINE FANTASTICO EUROPEO DE MURCIA","url":"https:\/\/sombrafestival.com\/en\/","logo":{"@type":"ImageObject","inLanguage":"en-GB","@id":"https:\/\/sombrafestival.com\/en\/#\/schema\/logo\/image\/","url":"https:\/\/sombrafestival.com\/wp-content\/uploads\/2019\/10\/Sombra-LogoIdentificador-Negativo.jpg","contentUrl":"https:\/\/sombrafestival.com\/wp-content\/uploads\/2019\/10\/Sombra-LogoIdentificador-Negativo.jpg","width":400,"height":400,"caption":"SOMBRA, IX FESTIVAL DE CINE FANTASTICO EUROPEO DE MURCIA"},"image":{"@id":"https:\/\/sombrafestival.com\/en\/#\/schema\/logo\/image\/"},"sameAs":["https:\/\/www.facebook.com\/Sombra-Festival-De-CINE-Fantastico-Europeo-De-Murcia-175337032531429\/","https:\/\/x.com\/SombraFestival","https:\/\/www.instagram.com\/sombrafestival\/","https:\/\/www.youtube.com\/channel\/UCBdSJni9V30Tq4cGf4Lj0Ug?view_as=subscriber"]}]}},"_links":{"self":[{"href":"https:\/\/sombrafestival.com\/en\/wp-json\/wp\/v2\/pages\/3322","targetHints":{"allow":["GET"]}}],"collection":[{"href":"https:\/\/sombrafestival.com\/en\/wp-json\/wp\/v2\/pages"}],"about":[{"href":"https:\/\/sombrafestival.com\/en\/wp-json\/wp\/v2\/types\/page"}],"author":[{"embeddable":true,"href":"https:\/\/sombrafestival.com\/en\/wp-json\/wp\/v2\/users\/2"}],"replies":[{"embeddable":true,"href":"https:\/\/sombrafestival.com\/en\/wp-json\/wp\/v2\/comments?post=3322"}],"version-history":[{"count":3,"href":"https:\/\/sombrafestival.com\/en\/wp-json\/wp\/v2\/pages\/3322\/revisions"}],"predecessor-version":[{"id":3471,"href":"https:\/\/sombrafestival.com\/en\/wp-json\/wp\/v2\/pages\/3322\/revisions\/3471"}],"wp:featuredmedia":[{"embeddable":true,"href":"https:\/\/sombrafestival.com\/en\/wp-json\/wp\/v2\/media\/3324"}],"wp:attachment":[{"href":"https:\/\/sombrafestival.com\/en\/wp-json\/wp\/v2\/media?parent=3322"}],"curies":[{"name":"wp","href":"https:\/\/api.w.org\/{rel}","templated":true}]}}