{"id":3336,"date":"2021-05-06T19:57:25","date_gmt":"2021-05-06T17:57:25","guid":{"rendered":"https:\/\/sombrafestival.com\/?page_id=3336"},"modified":"2021-05-23T19:45:39","modified_gmt":"2021-05-23T17:45:39","slug":"taller-bandas-sonoras-fantasticas-un-viaje-musical-a-traves-de-peliculas-del-genero","status":"publish","type":"page","link":"https:\/\/sombrafestival.com\/en\/taller-bandas-sonoras-fantasticas-un-viaje-musical-a-traves-de-peliculas-del-genero\/","title":{"rendered":"Taller Bandas Sonoras Fant\u00e1sticas: Un viaje musical a trav\u00e9s de pel\u00edculas del g\u00e9nero"},"content":{"rendered":"<ul>\n<li><strong>Viernes, 4 de junio | <\/strong><strong>18:00h<\/strong><\/li>\n<li><strong>Aula de Cultura Fundaci\u00f3n Mediterr\u00e1neo<\/strong><\/li>\n<li><b>Trasmisi\u00f3n en vivo<\/b><\/li>\n<\/ul>\n<p>Taller Bandas Sonoras Fant\u00e1sticas: Un viaje musical a trav\u00e9s de pel\u00edculas del g\u00e9nero a cargo de <strong>Alicia Morote<\/strong>.<\/p>\n<p style=\"font-weight: 400;\"><strong>Podr\u00e1s seguir el evento:<\/strong><\/p>\n<ul>\n<li style=\"font-weight: 400;\">Por <strong>streaming<\/strong>:\u00a0\u00a0<strong><a href=\"http:\/\/www.youtube.com\/FundacionMediterraneoTV\" data-saferedirecturl=\"https:\/\/www.google.com\/url?q=http:\/\/www.youtube.com\/FundacionMediterraneoTV&amp;source=gmail&amp;ust=1621428145789000&amp;usg=AFQjCNFHj3kzopWPxn7Dzdwz6TsiDcVJHA\">www.youtube.com\/FundacionMediterraneoTV<\/a><\/strong><\/li>\n<li style=\"font-weight: 400;\"><strong>De forma presencial<\/strong>: con invitaci\u00f3n (aforo reducido).<\/li>\n<\/ul>\n<p><b>Reservas en:<\/b>\u00a0<a href=\"http:\/\/www.entradasatualcance.com\/\" target=\"_blank\" rel=\"noopener noreferrer\" data-saferedirecturl=\"https:\/\/www.google.com\/url?q=http:\/\/www.entradasatualcance.com&amp;source=gmail&amp;ust=1621878222428000&amp;usg=AFQjCNFAAW_4_j2Od-EdyY8GMpEmhKG-jQ\"><b>www.entradasatualcance.com<\/b><\/a>\u00a0\u00a0\/ Taquilla del Aula: 1 horas antes del inicio<\/p>\n<p style=\"text-align: center;\"><a href=\"https:\/\/www.entradasatualcance.com\/tickets-taller-bandas-sonoras-fantasticas-un-viaje-musical-a-traves-de-peliculas-del-genero-a-cargo-de-alicia-morote\"><span class=\"td_btn td_btn_lg td_shadow_btn\">INVITACIONES<\/span><\/a><\/p>\n<p><em><strong>\u00abThe dirty little secret is that we\u2019re not musicians \u2013 we\u2019re dramatists\u201d (Elmer Bernstein). \u00abBandas Sonoras Fant\u00e1sticas: Un viaje musical a trav\u00e9s del g\u00e9nero\u00bb ser\u00e1 un recorrido por la m\u00fasica de cine, en el cual se abordar\u00e1, desde un punto de vista narrativo y sonoro, el an\u00e1lisis de algunas bandas sonoras influyentes enmarcadas en el g\u00e9nero fant\u00e1stico.<\/strong><\/em><\/p>\n<h3>Biograf\u00eda Alicia Morote<\/h3>\n<p><img loading=\"lazy\" decoding=\"async\" class=\"wp-image-3553 alignleft\" src=\"https:\/\/sombrafestival.com\/wp-content\/uploads\/2021\/05\/alicia_morote.jpeg\" alt=\"Alicia Morote\" width=\"236\" height=\"434\" srcset=\"https:\/\/sombrafestival.com\/wp-content\/uploads\/2021\/05\/alicia_morote.jpeg 870w, https:\/\/sombrafestival.com\/wp-content\/uploads\/2021\/05\/alicia_morote-163x300.jpeg 163w, https:\/\/sombrafestival.com\/wp-content\/uploads\/2021\/05\/alicia_morote-557x1024.jpeg 557w, https:\/\/sombrafestival.com\/wp-content\/uploads\/2021\/05\/alicia_morote-768x1412.jpeg 768w, https:\/\/sombrafestival.com\/wp-content\/uploads\/2021\/05\/alicia_morote-835x1536.jpeg 835w, https:\/\/sombrafestival.com\/wp-content\/uploads\/2021\/05\/alicia_morote-696x1280.jpeg 696w, https:\/\/sombrafestival.com\/wp-content\/uploads\/2021\/05\/alicia_morote-228x420.jpeg 228w\" sizes=\"auto, (max-width: 236px) 100vw, 236px\" \/><\/p>\n<p>Nacida en Murcia en 1988, Alicia Morote obtiene el Grado Superior de M\u00fasica en Composici\u00f3n en el Real Conservatorio Superior de M\u00fasica de Madrid. Tras graduarse con matr\u00edcula de honor, es dotada con una beca de Berklee College of Music para realizar sus estudios de m\u00e1ster en Scoring for Film, TV and Video Games en Berklee Valencia Campus.<\/p>\n<p>En el \u00e1mbito de la m\u00fasica para medios audiovisuales, ha trabajado en los equipos de composici\u00f3n musical en pel\u00edculas como Dolor y Gloria (Pedro Almod\u00f3var), Yuli (Ic\u00edar Bolla\u00edn) o Ma Ma (Julio M\u00e9dem). Como compositora, ha compuesto la m\u00fasica de producciones como <span style=\"color: #993300;\">Dentro del T\u00fanel<\/span>, (Sergio Rom\u00e1n, 2013) o <span style=\"color: #993300;\">El Siglo de Gald\u00f3s<\/span>\u00a0(Miguel \u00c1ngel Calvo Buttini, 2020), por la cual fue pre-seleccionada en la categor\u00eda de Mejor M\u00fasica Original para los Premios Goya 2021.<\/p>\n<p>En 2018 compuso la banda sonora para el videojuego oficial del Ballet Nacional de Espa\u00f1a <span style=\"color: #993300;\">Bailando un Tesoro<\/span>. Tambi\u00e9n es co-autora y directora musical del espect\u00e1culo de teatro musical <span style=\"color: #993300;\">Rainroad The Musical<\/span>, con el cual fue candidata a los Premios Max de las Artes Esc\u00e9nicas 2018 en las categor\u00edas de Mejor Espect\u00e1culo Musical y Mejor Autor\u00eda Revelaci\u00f3n.<\/p>\n<p>Tambi\u00e9n en 2018 obtuvo el segundo premio en el Concurso Internacional de Composici\u00f3n de M\u00fasica de Cine de Montreal (Canad\u00e1).<\/p>\n<p>En 2018 y 2019 fue orquestadora y productora musical junto con Sony Music Entertainment Espa\u00f1a en el concierto sinf\u00f3nico y \u00e1lbum <span style=\"color: #993300;\">Maldita Sinf\u00f3nica<\/span>\u00a0de la conocida banda de pop Maldita Nerea junto a la Orquesta Sinf\u00f3nica de la Regi\u00f3n de Murcia.<\/p>\n<p>Uno de sus logros m\u00e1s recientes ha sido trabajar en el equipo de creaci\u00f3n musical de <span style=\"color: #993300;\">Dolor y Gloria<\/span>, pel\u00edcula de Pedro Almod\u00f3var, con el compositor Alberto Iglesias, cuya banda sonora ha recibido el premio Cannes Soundtrack 2019 a la mejor banda sonora dentro del Festival Internacional de Cannes, as\u00ed como el premio Goya a Mejor M\u00fasica Original en 2020, y la candidatura a nominaci\u00f3n en los Premios \u00d3scar 2020.<\/p>","protected":false},"excerpt":{"rendered":"<p>Viernes, 4 de junio | 18:00h Aula de Cultura Fundaci\u00f3n Mediterr\u00e1neo Trasmisi\u00f3n en vivo Taller Bandas Sonoras Fant\u00e1sticas: Un viaje musical a trav\u00e9s de pel\u00edculas del g\u00e9nero a cargo de Alicia Morote. Podr\u00e1s seguir el evento: Por streaming:\u00a0\u00a0www.youtube.com\/FundacionMediterraneoTV De forma presencial: con invitaci\u00f3n (aforo reducido). Reservas en:\u00a0www.entradasatualcance.com\u00a0\u00a0\/ Taquilla del Aula: 1 horas antes del inicio [&hellip;]<\/p>","protected":false},"author":2,"featured_media":3553,"parent":0,"menu_order":0,"comment_status":"closed","ping_status":"closed","template":"","meta":{"footnotes":""},"class_list":["post-3336","page","type-page","status-publish","has-post-thumbnail"],"yoast_head":"<!-- This site is optimized with the Yoast SEO plugin v24.3 - https:\/\/yoast.com\/wordpress\/plugins\/seo\/ -->\n<title>Taller Bandas Sonoras Fant\u00e1sticas: Un viaje musical a trav\u00e9s de pel\u00edculas del g\u00e9nero - Sombra Festival<\/title>\n<meta name=\"robots\" content=\"index, follow, max-snippet:-1, max-image-preview:large, max-video-preview:-1\" \/>\n<link rel=\"canonical\" href=\"https:\/\/sombrafestival.com\/en\/taller-bandas-sonoras-fantasticas-un-viaje-musical-a-traves-de-peliculas-del-genero\/\" \/>\n<meta property=\"og:locale\" content=\"en_GB\" \/>\n<meta property=\"og:type\" content=\"article\" \/>\n<meta property=\"og:title\" content=\"Taller Bandas Sonoras Fant\u00e1sticas: Un viaje musical a trav\u00e9s de pel\u00edculas del g\u00e9nero - Sombra Festival\" \/>\n<meta property=\"og:description\" content=\"Viernes, 4 de junio | 18:00h Aula de Cultura Fundaci\u00f3n Mediterr\u00e1neo Trasmisi\u00f3n en vivo Taller Bandas Sonoras Fant\u00e1sticas: Un viaje musical a trav\u00e9s de pel\u00edculas del g\u00e9nero a cargo de Alicia Morote. Podr\u00e1s seguir el evento: Por streaming:\u00a0\u00a0www.youtube.com\/FundacionMediterraneoTV De forma presencial: con invitaci\u00f3n (aforo reducido). Reservas en:\u00a0www.entradasatualcance.com\u00a0\u00a0\/ Taquilla del Aula: 1 horas antes del inicio [&hellip;]\" \/>\n<meta property=\"og:url\" content=\"https:\/\/sombrafestival.com\/en\/taller-bandas-sonoras-fantasticas-un-viaje-musical-a-traves-de-peliculas-del-genero\/\" \/>\n<meta property=\"og:site_name\" content=\"Sombra Festival\" \/>\n<meta property=\"article:publisher\" content=\"https:\/\/www.facebook.com\/Sombra-Festival-De-CINE-Fantastico-Europeo-De-Murcia-175337032531429\/\" \/>\n<meta property=\"article:modified_time\" content=\"2021-05-23T17:45:39+00:00\" \/>\n<meta property=\"og:image\" content=\"https:\/\/sombrafestival.com\/wp-content\/uploads\/2021\/05\/alicia_morote.jpeg\" \/>\n\t<meta property=\"og:image:width\" content=\"870\" \/>\n\t<meta property=\"og:image:height\" content=\"1600\" \/>\n\t<meta property=\"og:image:type\" content=\"image\/jpeg\" \/>\n<meta name=\"twitter:card\" content=\"summary_large_image\" \/>\n<meta name=\"twitter:site\" content=\"@SombraFestival\" \/>\n<meta name=\"twitter:label1\" content=\"Est. reading time\" \/>\n\t<meta name=\"twitter:data1\" content=\"2 minutes\" \/>\n<script type=\"application\/ld+json\" class=\"yoast-schema-graph\">{\"@context\":\"https:\/\/schema.org\",\"@graph\":[{\"@type\":\"WebPage\",\"@id\":\"https:\/\/sombrafestival.com\/taller-bandas-sonoras-fantasticas-un-viaje-musical-a-traves-de-peliculas-del-genero\/\",\"url\":\"https:\/\/sombrafestival.com\/taller-bandas-sonoras-fantasticas-un-viaje-musical-a-traves-de-peliculas-del-genero\/\",\"name\":\"Taller Bandas Sonoras Fant\u00e1sticas: Un viaje musical a trav\u00e9s de pel\u00edculas del g\u00e9nero - Sombra Festival\",\"isPartOf\":{\"@id\":\"https:\/\/sombrafestival.com\/en\/#website\"},\"primaryImageOfPage\":{\"@id\":\"https:\/\/sombrafestival.com\/taller-bandas-sonoras-fantasticas-un-viaje-musical-a-traves-de-peliculas-del-genero\/#primaryimage\"},\"image\":{\"@id\":\"https:\/\/sombrafestival.com\/taller-bandas-sonoras-fantasticas-un-viaje-musical-a-traves-de-peliculas-del-genero\/#primaryimage\"},\"thumbnailUrl\":\"https:\/\/sombrafestival.com\/wp-content\/uploads\/2021\/05\/alicia_morote.jpeg\",\"datePublished\":\"2021-05-06T17:57:25+00:00\",\"dateModified\":\"2021-05-23T17:45:39+00:00\",\"breadcrumb\":{\"@id\":\"https:\/\/sombrafestival.com\/taller-bandas-sonoras-fantasticas-un-viaje-musical-a-traves-de-peliculas-del-genero\/#breadcrumb\"},\"inLanguage\":\"en-GB\",\"potentialAction\":[{\"@type\":\"ReadAction\",\"target\":[\"https:\/\/sombrafestival.com\/taller-bandas-sonoras-fantasticas-un-viaje-musical-a-traves-de-peliculas-del-genero\/\"]}]},{\"@type\":\"ImageObject\",\"inLanguage\":\"en-GB\",\"@id\":\"https:\/\/sombrafestival.com\/taller-bandas-sonoras-fantasticas-un-viaje-musical-a-traves-de-peliculas-del-genero\/#primaryimage\",\"url\":\"https:\/\/sombrafestival.com\/wp-content\/uploads\/2021\/05\/alicia_morote.jpeg\",\"contentUrl\":\"https:\/\/sombrafestival.com\/wp-content\/uploads\/2021\/05\/alicia_morote.jpeg\",\"width\":870,\"height\":1600,\"caption\":\"Alicia Morote\"},{\"@type\":\"BreadcrumbList\",\"@id\":\"https:\/\/sombrafestival.com\/taller-bandas-sonoras-fantasticas-un-viaje-musical-a-traves-de-peliculas-del-genero\/#breadcrumb\",\"itemListElement\":[{\"@type\":\"ListItem\",\"position\":1,\"name\":\"Portada\",\"item\":\"https:\/\/sombrafestival.com\/\"},{\"@type\":\"ListItem\",\"position\":2,\"name\":\"Taller Bandas Sonoras Fant\u00e1sticas: Un viaje musical a trav\u00e9s de pel\u00edculas del g\u00e9nero\"}]},{\"@type\":\"WebSite\",\"@id\":\"https:\/\/sombrafestival.com\/en\/#website\",\"url\":\"https:\/\/sombrafestival.com\/en\/\",\"name\":\"Sombra Festival\",\"description\":\"XIII Festival de Cine Fant\u00e1stico Europeo de Murcia, 8-17 MARZO 2024\",\"publisher\":{\"@id\":\"https:\/\/sombrafestival.com\/en\/#organization\"},\"potentialAction\":[{\"@type\":\"SearchAction\",\"target\":{\"@type\":\"EntryPoint\",\"urlTemplate\":\"https:\/\/sombrafestival.com\/en\/?s={search_term_string}\"},\"query-input\":{\"@type\":\"PropertyValueSpecification\",\"valueRequired\":true,\"valueName\":\"search_term_string\"}}],\"inLanguage\":\"en-GB\"},{\"@type\":\"Organization\",\"@id\":\"https:\/\/sombrafestival.com\/en\/#organization\",\"name\":\"SOMBRA, IX FESTIVAL DE CINE FANTASTICO EUROPEO DE MURCIA\",\"url\":\"https:\/\/sombrafestival.com\/en\/\",\"logo\":{\"@type\":\"ImageObject\",\"inLanguage\":\"en-GB\",\"@id\":\"https:\/\/sombrafestival.com\/en\/#\/schema\/logo\/image\/\",\"url\":\"https:\/\/sombrafestival.com\/wp-content\/uploads\/2019\/10\/Sombra-LogoIdentificador-Negativo.jpg\",\"contentUrl\":\"https:\/\/sombrafestival.com\/wp-content\/uploads\/2019\/10\/Sombra-LogoIdentificador-Negativo.jpg\",\"width\":400,\"height\":400,\"caption\":\"SOMBRA, IX FESTIVAL DE CINE FANTASTICO EUROPEO DE MURCIA\"},\"image\":{\"@id\":\"https:\/\/sombrafestival.com\/en\/#\/schema\/logo\/image\/\"},\"sameAs\":[\"https:\/\/www.facebook.com\/Sombra-Festival-De-CINE-Fantastico-Europeo-De-Murcia-175337032531429\/\",\"https:\/\/x.com\/SombraFestival\",\"https:\/\/www.instagram.com\/sombrafestival\/\",\"https:\/\/www.youtube.com\/channel\/UCBdSJni9V30Tq4cGf4Lj0Ug?view_as=subscriber\"]}]}<\/script>\n<!-- \/ Yoast SEO plugin. -->","yoast_head_json":{"title":"Taller Bandas Sonoras Fant\u00e1sticas: Un viaje musical a trav\u00e9s de pel\u00edculas del g\u00e9nero - Sombra Festival","robots":{"index":"index","follow":"follow","max-snippet":"max-snippet:-1","max-image-preview":"max-image-preview:large","max-video-preview":"max-video-preview:-1"},"canonical":"https:\/\/sombrafestival.com\/en\/taller-bandas-sonoras-fantasticas-un-viaje-musical-a-traves-de-peliculas-del-genero\/","og_locale":"en_GB","og_type":"article","og_title":"Taller Bandas Sonoras Fant\u00e1sticas: Un viaje musical a trav\u00e9s de pel\u00edculas del g\u00e9nero - Sombra Festival","og_description":"Viernes, 4 de junio | 18:00h Aula de Cultura Fundaci\u00f3n Mediterr\u00e1neo Trasmisi\u00f3n en vivo Taller Bandas Sonoras Fant\u00e1sticas: Un viaje musical a trav\u00e9s de pel\u00edculas del g\u00e9nero a cargo de Alicia Morote. Podr\u00e1s seguir el evento: Por streaming:\u00a0\u00a0www.youtube.com\/FundacionMediterraneoTV De forma presencial: con invitaci\u00f3n (aforo reducido). Reservas en:\u00a0www.entradasatualcance.com\u00a0\u00a0\/ Taquilla del Aula: 1 horas antes del inicio [&hellip;]","og_url":"https:\/\/sombrafestival.com\/en\/taller-bandas-sonoras-fantasticas-un-viaje-musical-a-traves-de-peliculas-del-genero\/","og_site_name":"Sombra Festival","article_publisher":"https:\/\/www.facebook.com\/Sombra-Festival-De-CINE-Fantastico-Europeo-De-Murcia-175337032531429\/","article_modified_time":"2021-05-23T17:45:39+00:00","og_image":[{"width":870,"height":1600,"url":"https:\/\/sombrafestival.com\/wp-content\/uploads\/2021\/05\/alicia_morote.jpeg","type":"image\/jpeg"}],"twitter_card":"summary_large_image","twitter_site":"@SombraFestival","twitter_misc":{"Est. reading time":"2 minutes"},"schema":{"@context":"https:\/\/schema.org","@graph":[{"@type":"WebPage","@id":"https:\/\/sombrafestival.com\/taller-bandas-sonoras-fantasticas-un-viaje-musical-a-traves-de-peliculas-del-genero\/","url":"https:\/\/sombrafestival.com\/taller-bandas-sonoras-fantasticas-un-viaje-musical-a-traves-de-peliculas-del-genero\/","name":"Taller Bandas Sonoras Fant\u00e1sticas: Un viaje musical a trav\u00e9s de pel\u00edculas del g\u00e9nero - Sombra Festival","isPartOf":{"@id":"https:\/\/sombrafestival.com\/en\/#website"},"primaryImageOfPage":{"@id":"https:\/\/sombrafestival.com\/taller-bandas-sonoras-fantasticas-un-viaje-musical-a-traves-de-peliculas-del-genero\/#primaryimage"},"image":{"@id":"https:\/\/sombrafestival.com\/taller-bandas-sonoras-fantasticas-un-viaje-musical-a-traves-de-peliculas-del-genero\/#primaryimage"},"thumbnailUrl":"https:\/\/sombrafestival.com\/wp-content\/uploads\/2021\/05\/alicia_morote.jpeg","datePublished":"2021-05-06T17:57:25+00:00","dateModified":"2021-05-23T17:45:39+00:00","breadcrumb":{"@id":"https:\/\/sombrafestival.com\/taller-bandas-sonoras-fantasticas-un-viaje-musical-a-traves-de-peliculas-del-genero\/#breadcrumb"},"inLanguage":"en-GB","potentialAction":[{"@type":"ReadAction","target":["https:\/\/sombrafestival.com\/taller-bandas-sonoras-fantasticas-un-viaje-musical-a-traves-de-peliculas-del-genero\/"]}]},{"@type":"ImageObject","inLanguage":"en-GB","@id":"https:\/\/sombrafestival.com\/taller-bandas-sonoras-fantasticas-un-viaje-musical-a-traves-de-peliculas-del-genero\/#primaryimage","url":"https:\/\/sombrafestival.com\/wp-content\/uploads\/2021\/05\/alicia_morote.jpeg","contentUrl":"https:\/\/sombrafestival.com\/wp-content\/uploads\/2021\/05\/alicia_morote.jpeg","width":870,"height":1600,"caption":"Alicia Morote"},{"@type":"BreadcrumbList","@id":"https:\/\/sombrafestival.com\/taller-bandas-sonoras-fantasticas-un-viaje-musical-a-traves-de-peliculas-del-genero\/#breadcrumb","itemListElement":[{"@type":"ListItem","position":1,"name":"Portada","item":"https:\/\/sombrafestival.com\/"},{"@type":"ListItem","position":2,"name":"Taller Bandas Sonoras Fant\u00e1sticas: Un viaje musical a trav\u00e9s de pel\u00edculas del g\u00e9nero"}]},{"@type":"WebSite","@id":"https:\/\/sombrafestival.com\/en\/#website","url":"https:\/\/sombrafestival.com\/en\/","name":"Sombra Festival","description":"XIII Festival de Cine Fant\u00e1stico Europeo de Murcia, 8-17 MARZO 2024","publisher":{"@id":"https:\/\/sombrafestival.com\/en\/#organization"},"potentialAction":[{"@type":"SearchAction","target":{"@type":"EntryPoint","urlTemplate":"https:\/\/sombrafestival.com\/en\/?s={search_term_string}"},"query-input":{"@type":"PropertyValueSpecification","valueRequired":true,"valueName":"search_term_string"}}],"inLanguage":"en-GB"},{"@type":"Organization","@id":"https:\/\/sombrafestival.com\/en\/#organization","name":"SOMBRA, IX FESTIVAL DE CINE FANTASTICO EUROPEO DE MURCIA","url":"https:\/\/sombrafestival.com\/en\/","logo":{"@type":"ImageObject","inLanguage":"en-GB","@id":"https:\/\/sombrafestival.com\/en\/#\/schema\/logo\/image\/","url":"https:\/\/sombrafestival.com\/wp-content\/uploads\/2019\/10\/Sombra-LogoIdentificador-Negativo.jpg","contentUrl":"https:\/\/sombrafestival.com\/wp-content\/uploads\/2019\/10\/Sombra-LogoIdentificador-Negativo.jpg","width":400,"height":400,"caption":"SOMBRA, IX FESTIVAL DE CINE FANTASTICO EUROPEO DE MURCIA"},"image":{"@id":"https:\/\/sombrafestival.com\/en\/#\/schema\/logo\/image\/"},"sameAs":["https:\/\/www.facebook.com\/Sombra-Festival-De-CINE-Fantastico-Europeo-De-Murcia-175337032531429\/","https:\/\/x.com\/SombraFestival","https:\/\/www.instagram.com\/sombrafestival\/","https:\/\/www.youtube.com\/channel\/UCBdSJni9V30Tq4cGf4Lj0Ug?view_as=subscriber"]}]}},"_links":{"self":[{"href":"https:\/\/sombrafestival.com\/en\/wp-json\/wp\/v2\/pages\/3336","targetHints":{"allow":["GET"]}}],"collection":[{"href":"https:\/\/sombrafestival.com\/en\/wp-json\/wp\/v2\/pages"}],"about":[{"href":"https:\/\/sombrafestival.com\/en\/wp-json\/wp\/v2\/types\/page"}],"author":[{"embeddable":true,"href":"https:\/\/sombrafestival.com\/en\/wp-json\/wp\/v2\/users\/2"}],"replies":[{"embeddable":true,"href":"https:\/\/sombrafestival.com\/en\/wp-json\/wp\/v2\/comments?post=3336"}],"version-history":[{"count":8,"href":"https:\/\/sombrafestival.com\/en\/wp-json\/wp\/v2\/pages\/3336\/revisions"}],"predecessor-version":[{"id":3948,"href":"https:\/\/sombrafestival.com\/en\/wp-json\/wp\/v2\/pages\/3336\/revisions\/3948"}],"wp:featuredmedia":[{"embeddable":true,"href":"https:\/\/sombrafestival.com\/en\/wp-json\/wp\/v2\/media\/3553"}],"wp:attachment":[{"href":"https:\/\/sombrafestival.com\/en\/wp-json\/wp\/v2\/media?parent=3336"}],"curies":[{"name":"wp","href":"https:\/\/api.w.org\/{rel}","templated":true}]}}