{"id":3338,"date":"2021-05-06T19:38:52","date_gmt":"2021-05-06T17:38:52","guid":{"rendered":"https:\/\/sombrafestival.com\/?page_id=3338"},"modified":"2021-05-06T19:45:47","modified_gmt":"2021-05-06T17:45:47","slug":"qa-sebastia-darbo","status":"publish","type":"page","link":"https:\/\/sombrafestival.com\/en\/qa-sebastia-darbo\/","title":{"rendered":"Q&#038;A Sebastia D\u00b4arbo"},"content":{"rendered":"<ul>\n<li><strong>Viernes, 11 de junio | <\/strong><strong>18:45h<\/strong><\/li>\n<li><strong>Filmoteca Regional | Sala B<\/strong><\/li>\n<li><strong>Gratis<\/strong><\/li>\n<\/ul>\n<p><strong>Sebasti\u00e0 d&#8217;Arb\u00f3<\/strong> es un psic\u00f3logo, periodista, escritor, guionista, director de radio y televisi\u00f3n, director cinematogr\u00e1fico, editor y productor espa\u00f1ol. Ha dirigido pel\u00edculas como <span style=\"color: #993300;\">Viaje al m\u00e1s all\u00e1<\/span> (1980), <span style=\"color: #993300;\">El Ser<\/span> (1982), <span style=\"color: #993300;\">Acosada<\/span> (1985), <span style=\"color: #993300;\">M\u00e1s all\u00e1 de la muerte<\/span> (1986) o <span style=\"color: #993300;\">Cena de asesinos<\/span> (1989).<\/p>\n<p><img loading=\"lazy\" decoding=\"async\" class=\"size-full wp-image-3391 aligncenter\" src=\"https:\/\/sombrafestival.com\/wp-content\/uploads\/2021\/05\/105822506_193150028753354_7847905684550035489_n-e1593262786858.jpg\" alt=\"\" width=\"1024\" height=\"631\" srcset=\"https:\/\/sombrafestival.com\/wp-content\/uploads\/2021\/05\/105822506_193150028753354_7847905684550035489_n-e1593262786858.jpg 1024w, https:\/\/sombrafestival.com\/wp-content\/uploads\/2021\/05\/105822506_193150028753354_7847905684550035489_n-e1593262786858-300x185.jpg 300w, https:\/\/sombrafestival.com\/wp-content\/uploads\/2021\/05\/105822506_193150028753354_7847905684550035489_n-e1593262786858-768x473.jpg 768w, https:\/\/sombrafestival.com\/wp-content\/uploads\/2021\/05\/105822506_193150028753354_7847905684550035489_n-e1593262786858-696x429.jpg 696w, https:\/\/sombrafestival.com\/wp-content\/uploads\/2021\/05\/105822506_193150028753354_7847905684550035489_n-e1593262786858-682x420.jpg 682w, https:\/\/sombrafestival.com\/wp-content\/uploads\/2021\/05\/105822506_193150028753354_7847905684550035489_n-e1593262786858-356x220.jpg 356w\" sizes=\"auto, (max-width: 1024px) 100vw, 1024px\" \/><\/p>\n<p>El 1966 ingresa por oposici\u00f3n a Televisi\u00f3n Espa\u00f1ola para rodar documentos filmados en 16 mm en una \u00e9poca en que no se usaba el videotape, que es posterior, y colabora en programas como Misterios al descubierto y Visado para el futuro, que se emit\u00edan desde los Estudios Miramar en Barcelona para toda Espa\u00f1a.<\/p>\n<p>En \u00c1frica film\u00f3 im\u00e1genes de la fauna en el \u00c1frica tropical (1970), sobre la vida de los animales, y por sus trabajos de reportajes en el \u00c1frica y por participar en la creaci\u00f3n de la Televisi\u00f3n de Guineas Ecuatorial obtuvo la Antena de Oro de TVE.<\/p>\n<p>El 1975 gana el premio Ondas al mejor programa de radio por La otra dimensi\u00f3n, a la cadena SER.2\u200b<\/p>\n<p>Despu\u00e9s de unos a\u00f1os en que intensifica su tarea cinematogr\u00e1fica, a final de la d\u00e9cada de 1970 vuelve al medio televisivo y a las ondas con programas como Catalunya misteriosa para el canal catal\u00e1n de TVE, y Espa\u00f1a m\u00e1gica para el canal estatal de TVE. Tambi\u00e9n Pirineus m\u00e0gics en Andorra Televisi\u00f3. Particip\u00f3 en el programa En los l\u00edmites de la realidad, para Antena 3. Y tambi\u00e9n era un contertulio en el programa \u00abCuarto milenio\u00bb para La Cuatro TV.<\/p>\n<p>Catalunya misteriosa en su versi\u00f3n radiof\u00f3nica en Catalunya R\u00e0dio estuvo siete a\u00f1os en antena. Desde el 2004 realiza el programa de radio nocturno Misteris amb Sebasti\u00e0 D&#8217;Arb\u00f3, en la cadena radiof\u00f3nica RAC1, y tambi\u00e9n hizo su versdi\u00f3n televisiva en la cadena territorial 8tv. Paralelamente fund\u00f3 su propia cadena de televisi\u00f3n, que emite en el \u00e1rea del Barcelon\u00e9s, Tele Magik.<\/p>\n<p>Fue organizador y director de la feria sal\u00f3n Magic Internacional, el Festival Internacional de las Ciencias Ocultas que se celebraba en Barcelona.3\u200b<\/p>\n<p>El 2002, el Festival de Sitges le rindi\u00f3 homenaje por toda su carrera.4\u200b<\/p>\n<p>&nbsp;<\/p>","protected":false},"excerpt":{"rendered":"<p>Viernes, 11 de junio | 18:45h Filmoteca Regional | Sala B Gratis Sebasti\u00e0 d&#8217;Arb\u00f3 es un psic\u00f3logo, periodista, escritor, guionista, director de radio y televisi\u00f3n, director cinematogr\u00e1fico, editor y productor espa\u00f1ol. Ha dirigido pel\u00edculas como Viaje al m\u00e1s all\u00e1 (1980), El Ser (1982), Acosada (1985), M\u00e1s all\u00e1 de la muerte (1986) o Cena de asesinos [&hellip;]<\/p>","protected":false},"author":2,"featured_media":0,"parent":0,"menu_order":0,"comment_status":"closed","ping_status":"closed","template":"","meta":{"footnotes":""},"class_list":["post-3338","page","type-page","status-publish"],"yoast_head":"<!-- This site is optimized with the Yoast SEO plugin v24.3 - https:\/\/yoast.com\/wordpress\/plugins\/seo\/ -->\n<title>Q&amp;A Sebastia D\u00b4arbo - Sombra Festival<\/title>\n<meta name=\"robots\" content=\"index, follow, max-snippet:-1, max-image-preview:large, max-video-preview:-1\" \/>\n<link rel=\"canonical\" href=\"https:\/\/sombrafestival.com\/en\/qa-sebastia-darbo\/\" \/>\n<meta property=\"og:locale\" content=\"en_GB\" \/>\n<meta property=\"og:type\" content=\"article\" \/>\n<meta property=\"og:title\" content=\"Q&amp;A Sebastia D\u00b4arbo - Sombra Festival\" \/>\n<meta property=\"og:description\" content=\"Viernes, 11 de junio | 18:45h Filmoteca Regional | Sala B Gratis Sebasti\u00e0 d&#8217;Arb\u00f3 es un psic\u00f3logo, periodista, escritor, guionista, director de radio y televisi\u00f3n, director cinematogr\u00e1fico, editor y productor espa\u00f1ol. Ha dirigido pel\u00edculas como Viaje al m\u00e1s all\u00e1 (1980), El Ser (1982), Acosada (1985), M\u00e1s all\u00e1 de la muerte (1986) o Cena de asesinos [&hellip;]\" \/>\n<meta property=\"og:url\" content=\"https:\/\/sombrafestival.com\/en\/qa-sebastia-darbo\/\" \/>\n<meta property=\"og:site_name\" content=\"Sombra Festival\" \/>\n<meta property=\"article:publisher\" content=\"https:\/\/www.facebook.com\/Sombra-Festival-De-CINE-Fantastico-Europeo-De-Murcia-175337032531429\/\" \/>\n<meta property=\"article:modified_time\" content=\"2021-05-06T17:45:47+00:00\" \/>\n<meta property=\"og:image\" content=\"https:\/\/sombrafestival.com\/wp-content\/uploads\/2021\/05\/105822506_193150028753354_7847905684550035489_n-e1593262786858.jpg\" \/>\n<meta name=\"twitter:card\" content=\"summary_large_image\" \/>\n<meta name=\"twitter:site\" content=\"@SombraFestival\" \/>\n<meta name=\"twitter:label1\" content=\"Est. reading time\" \/>\n\t<meta name=\"twitter:data1\" content=\"2 minutes\" \/>\n<script type=\"application\/ld+json\" class=\"yoast-schema-graph\">{\"@context\":\"https:\/\/schema.org\",\"@graph\":[{\"@type\":\"WebPage\",\"@id\":\"https:\/\/sombrafestival.com\/qa-sebastia-darbo\/\",\"url\":\"https:\/\/sombrafestival.com\/qa-sebastia-darbo\/\",\"name\":\"Q&A Sebastia D\u00b4arbo - Sombra Festival\",\"isPartOf\":{\"@id\":\"https:\/\/sombrafestival.com\/en\/#website\"},\"primaryImageOfPage\":{\"@id\":\"https:\/\/sombrafestival.com\/qa-sebastia-darbo\/#primaryimage\"},\"image\":{\"@id\":\"https:\/\/sombrafestival.com\/qa-sebastia-darbo\/#primaryimage\"},\"thumbnailUrl\":\"https:\/\/sombrafestival.com\/wp-content\/uploads\/2021\/05\/105822506_193150028753354_7847905684550035489_n-e1593262786858.jpg\",\"datePublished\":\"2021-05-06T17:38:52+00:00\",\"dateModified\":\"2021-05-06T17:45:47+00:00\",\"breadcrumb\":{\"@id\":\"https:\/\/sombrafestival.com\/qa-sebastia-darbo\/#breadcrumb\"},\"inLanguage\":\"en-GB\",\"potentialAction\":[{\"@type\":\"ReadAction\",\"target\":[\"https:\/\/sombrafestival.com\/qa-sebastia-darbo\/\"]}]},{\"@type\":\"ImageObject\",\"inLanguage\":\"en-GB\",\"@id\":\"https:\/\/sombrafestival.com\/qa-sebastia-darbo\/#primaryimage\",\"url\":\"https:\/\/sombrafestival.com\/wp-content\/uploads\/2021\/05\/105822506_193150028753354_7847905684550035489_n-e1593262786858.jpg\",\"contentUrl\":\"https:\/\/sombrafestival.com\/wp-content\/uploads\/2021\/05\/105822506_193150028753354_7847905684550035489_n-e1593262786858.jpg\"},{\"@type\":\"BreadcrumbList\",\"@id\":\"https:\/\/sombrafestival.com\/qa-sebastia-darbo\/#breadcrumb\",\"itemListElement\":[{\"@type\":\"ListItem\",\"position\":1,\"name\":\"Portada\",\"item\":\"https:\/\/sombrafestival.com\/\"},{\"@type\":\"ListItem\",\"position\":2,\"name\":\"Q&#038;A Sebastia D\u00b4arbo\"}]},{\"@type\":\"WebSite\",\"@id\":\"https:\/\/sombrafestival.com\/en\/#website\",\"url\":\"https:\/\/sombrafestival.com\/en\/\",\"name\":\"Sombra Festival\",\"description\":\"XIII Festival de Cine Fant\u00e1stico Europeo de Murcia, 8-17 MARZO 2024\",\"publisher\":{\"@id\":\"https:\/\/sombrafestival.com\/en\/#organization\"},\"potentialAction\":[{\"@type\":\"SearchAction\",\"target\":{\"@type\":\"EntryPoint\",\"urlTemplate\":\"https:\/\/sombrafestival.com\/en\/?s={search_term_string}\"},\"query-input\":{\"@type\":\"PropertyValueSpecification\",\"valueRequired\":true,\"valueName\":\"search_term_string\"}}],\"inLanguage\":\"en-GB\"},{\"@type\":\"Organization\",\"@id\":\"https:\/\/sombrafestival.com\/en\/#organization\",\"name\":\"SOMBRA, IX FESTIVAL DE CINE FANTASTICO EUROPEO DE MURCIA\",\"url\":\"https:\/\/sombrafestival.com\/en\/\",\"logo\":{\"@type\":\"ImageObject\",\"inLanguage\":\"en-GB\",\"@id\":\"https:\/\/sombrafestival.com\/en\/#\/schema\/logo\/image\/\",\"url\":\"https:\/\/sombrafestival.com\/wp-content\/uploads\/2019\/10\/Sombra-LogoIdentificador-Negativo.jpg\",\"contentUrl\":\"https:\/\/sombrafestival.com\/wp-content\/uploads\/2019\/10\/Sombra-LogoIdentificador-Negativo.jpg\",\"width\":400,\"height\":400,\"caption\":\"SOMBRA, IX FESTIVAL DE CINE FANTASTICO EUROPEO DE MURCIA\"},\"image\":{\"@id\":\"https:\/\/sombrafestival.com\/en\/#\/schema\/logo\/image\/\"},\"sameAs\":[\"https:\/\/www.facebook.com\/Sombra-Festival-De-CINE-Fantastico-Europeo-De-Murcia-175337032531429\/\",\"https:\/\/x.com\/SombraFestival\",\"https:\/\/www.instagram.com\/sombrafestival\/\",\"https:\/\/www.youtube.com\/channel\/UCBdSJni9V30Tq4cGf4Lj0Ug?view_as=subscriber\"]}]}<\/script>\n<!-- \/ Yoast SEO plugin. -->","yoast_head_json":{"title":"Q&A Sebastia D\u00b4arbo - Sombra Festival","robots":{"index":"index","follow":"follow","max-snippet":"max-snippet:-1","max-image-preview":"max-image-preview:large","max-video-preview":"max-video-preview:-1"},"canonical":"https:\/\/sombrafestival.com\/en\/qa-sebastia-darbo\/","og_locale":"en_GB","og_type":"article","og_title":"Q&A Sebastia D\u00b4arbo - Sombra Festival","og_description":"Viernes, 11 de junio | 18:45h Filmoteca Regional | Sala B Gratis Sebasti\u00e0 d&#8217;Arb\u00f3 es un psic\u00f3logo, periodista, escritor, guionista, director de radio y televisi\u00f3n, director cinematogr\u00e1fico, editor y productor espa\u00f1ol. Ha dirigido pel\u00edculas como Viaje al m\u00e1s all\u00e1 (1980), El Ser (1982), Acosada (1985), M\u00e1s all\u00e1 de la muerte (1986) o Cena de asesinos [&hellip;]","og_url":"https:\/\/sombrafestival.com\/en\/qa-sebastia-darbo\/","og_site_name":"Sombra Festival","article_publisher":"https:\/\/www.facebook.com\/Sombra-Festival-De-CINE-Fantastico-Europeo-De-Murcia-175337032531429\/","article_modified_time":"2021-05-06T17:45:47+00:00","og_image":[{"url":"https:\/\/sombrafestival.com\/wp-content\/uploads\/2021\/05\/105822506_193150028753354_7847905684550035489_n-e1593262786858.jpg","type":"","width":"","height":""}],"twitter_card":"summary_large_image","twitter_site":"@SombraFestival","twitter_misc":{"Est. reading time":"2 minutes"},"schema":{"@context":"https:\/\/schema.org","@graph":[{"@type":"WebPage","@id":"https:\/\/sombrafestival.com\/qa-sebastia-darbo\/","url":"https:\/\/sombrafestival.com\/qa-sebastia-darbo\/","name":"Q&A Sebastia D\u00b4arbo - Sombra Festival","isPartOf":{"@id":"https:\/\/sombrafestival.com\/en\/#website"},"primaryImageOfPage":{"@id":"https:\/\/sombrafestival.com\/qa-sebastia-darbo\/#primaryimage"},"image":{"@id":"https:\/\/sombrafestival.com\/qa-sebastia-darbo\/#primaryimage"},"thumbnailUrl":"https:\/\/sombrafestival.com\/wp-content\/uploads\/2021\/05\/105822506_193150028753354_7847905684550035489_n-e1593262786858.jpg","datePublished":"2021-05-06T17:38:52+00:00","dateModified":"2021-05-06T17:45:47+00:00","breadcrumb":{"@id":"https:\/\/sombrafestival.com\/qa-sebastia-darbo\/#breadcrumb"},"inLanguage":"en-GB","potentialAction":[{"@type":"ReadAction","target":["https:\/\/sombrafestival.com\/qa-sebastia-darbo\/"]}]},{"@type":"ImageObject","inLanguage":"en-GB","@id":"https:\/\/sombrafestival.com\/qa-sebastia-darbo\/#primaryimage","url":"https:\/\/sombrafestival.com\/wp-content\/uploads\/2021\/05\/105822506_193150028753354_7847905684550035489_n-e1593262786858.jpg","contentUrl":"https:\/\/sombrafestival.com\/wp-content\/uploads\/2021\/05\/105822506_193150028753354_7847905684550035489_n-e1593262786858.jpg"},{"@type":"BreadcrumbList","@id":"https:\/\/sombrafestival.com\/qa-sebastia-darbo\/#breadcrumb","itemListElement":[{"@type":"ListItem","position":1,"name":"Portada","item":"https:\/\/sombrafestival.com\/"},{"@type":"ListItem","position":2,"name":"Q&#038;A Sebastia D\u00b4arbo"}]},{"@type":"WebSite","@id":"https:\/\/sombrafestival.com\/en\/#website","url":"https:\/\/sombrafestival.com\/en\/","name":"Sombra Festival","description":"XIII Festival de Cine Fant\u00e1stico Europeo de Murcia, 8-17 MARZO 2024","publisher":{"@id":"https:\/\/sombrafestival.com\/en\/#organization"},"potentialAction":[{"@type":"SearchAction","target":{"@type":"EntryPoint","urlTemplate":"https:\/\/sombrafestival.com\/en\/?s={search_term_string}"},"query-input":{"@type":"PropertyValueSpecification","valueRequired":true,"valueName":"search_term_string"}}],"inLanguage":"en-GB"},{"@type":"Organization","@id":"https:\/\/sombrafestival.com\/en\/#organization","name":"SOMBRA, IX FESTIVAL DE CINE FANTASTICO EUROPEO DE MURCIA","url":"https:\/\/sombrafestival.com\/en\/","logo":{"@type":"ImageObject","inLanguage":"en-GB","@id":"https:\/\/sombrafestival.com\/en\/#\/schema\/logo\/image\/","url":"https:\/\/sombrafestival.com\/wp-content\/uploads\/2019\/10\/Sombra-LogoIdentificador-Negativo.jpg","contentUrl":"https:\/\/sombrafestival.com\/wp-content\/uploads\/2019\/10\/Sombra-LogoIdentificador-Negativo.jpg","width":400,"height":400,"caption":"SOMBRA, IX FESTIVAL DE CINE FANTASTICO EUROPEO DE MURCIA"},"image":{"@id":"https:\/\/sombrafestival.com\/en\/#\/schema\/logo\/image\/"},"sameAs":["https:\/\/www.facebook.com\/Sombra-Festival-De-CINE-Fantastico-Europeo-De-Murcia-175337032531429\/","https:\/\/x.com\/SombraFestival","https:\/\/www.instagram.com\/sombrafestival\/","https:\/\/www.youtube.com\/channel\/UCBdSJni9V30Tq4cGf4Lj0Ug?view_as=subscriber"]}]}},"_links":{"self":[{"href":"https:\/\/sombrafestival.com\/en\/wp-json\/wp\/v2\/pages\/3338","targetHints":{"allow":["GET"]}}],"collection":[{"href":"https:\/\/sombrafestival.com\/en\/wp-json\/wp\/v2\/pages"}],"about":[{"href":"https:\/\/sombrafestival.com\/en\/wp-json\/wp\/v2\/types\/page"}],"author":[{"embeddable":true,"href":"https:\/\/sombrafestival.com\/en\/wp-json\/wp\/v2\/users\/2"}],"replies":[{"embeddable":true,"href":"https:\/\/sombrafestival.com\/en\/wp-json\/wp\/v2\/comments?post=3338"}],"version-history":[{"count":2,"href":"https:\/\/sombrafestival.com\/en\/wp-json\/wp\/v2\/pages\/3338\/revisions"}],"predecessor-version":[{"id":3478,"href":"https:\/\/sombrafestival.com\/en\/wp-json\/wp\/v2\/pages\/3338\/revisions\/3478"}],"wp:attachment":[{"href":"https:\/\/sombrafestival.com\/en\/wp-json\/wp\/v2\/media?parent=3338"}],"curies":[{"name":"wp","href":"https:\/\/api.w.org\/{rel}","templated":true}]}}