{"id":3472,"date":"2021-05-06T19:41:19","date_gmt":"2021-05-06T17:41:19","guid":{"rendered":"https:\/\/sombrafestival.com\/?page_id=3472"},"modified":"2021-06-09T11:38:56","modified_gmt":"2021-06-09T09:38:56","slug":"cutrecom-paco-fox-comenta-en-directo-la-pelicula-masters-del-universo","status":"publish","type":"page","link":"https:\/\/sombrafestival.com\/en\/cutrecom-paco-fox-comenta-en-directo-la-pelicula-masters-del-universo\/","title":{"rendered":"CutreCon. Paco Fox comenta en directo la pel\u00edcula Masters del Universo"},"content":{"rendered":"<p><iframe loading=\"lazy\" title=\"Masters of the Universe Trailer\" width=\"696\" height=\"522\" src=\"https:\/\/www.youtube.com\/embed\/CF20B8p4F08?feature=oembed\" frameborder=\"0\" allow=\"accelerometer; autoplay; clipboard-write; encrypted-media; gyroscope; picture-in-picture\" allowfullscreen><\/iframe><\/p>\n<ul>\n<li><strong>Viernes, 11 de junio | <\/strong><strong>21:15h<\/strong><\/li>\n<li><strong>Aula de Cultura Fundaci\u00f3n Mediterr\u00e1neo<\/strong><\/li>\n<li><strong><strong>Precio: 4\u20ac<\/strong><\/strong><strong><strong> <b><a href=\"http:\/\/www.entradasatualcance.com\/\" target=\"_blank\" rel=\"noopener noreferrer\" data-saferedirecturl=\"https:\/\/www.google.com\/url?q=http:\/\/www.entradasatualcance.com&amp;source=gmail&amp;ust=1621878222428000&amp;usg=AFQjCNFAAW_4_j2Od-EdyY8GMpEmhKG-jQ\">www.entradasatualcance.com<\/a><\/b><\/strong><\/strong><\/li>\n<\/ul>\n<p><strong><strong>\u00a0<\/strong><\/strong><\/p>\n<p style=\"text-align: center;\"><a href=\"https:\/\/www.entradasatualcance.com\/tickets-cutrecom-paco-fox-director-del-festival-de-cine-malo-de-madrid-comenta-en-directo-la-pelicula-masters-del-universo#\/sell\/events\/5284\/sessions\/8518\"><span class=\"td_btn td_btn_lg td_shadow_btn\">COMPRAR ENTRADAS<\/span><\/a><\/p>\n<p>&nbsp;<\/p>\n<p><strong>Paco Fox<\/strong>, director del Festival <strong>Cutrecon<\/strong> de Madrid, comentar\u00e1 en directo la pel\u00edcula <span style=\"color: #993300;\">Masters del Universo<\/span> (Gary Goddard. 1987 VOSE).<\/p>\n<p>Basada en la famosa serie animada. He-man y sus amigos deben viajar a la Tierra del siglo XX para rescatar una llave c\u00f3smica que les permita derrotar a Skeletor, que se ha apoderado del castillo de Grayskull y que mantiene prisionera a Sorceress.<\/p>\n<p><img loading=\"lazy\" decoding=\"async\" class=\"size-full wp-image-3329 aligncenter\" src=\"https:\/\/sombrafestival.com\/wp-content\/uploads\/2021\/05\/masters_of_the_universe-387703671-large.jpg\" alt=\"\" width=\"492\" height=\"755\" srcset=\"https:\/\/sombrafestival.com\/wp-content\/uploads\/2021\/05\/masters_of_the_universe-387703671-large.jpg 492w, https:\/\/sombrafestival.com\/wp-content\/uploads\/2021\/05\/masters_of_the_universe-387703671-large-195x300.jpg 195w, https:\/\/sombrafestival.com\/wp-content\/uploads\/2021\/05\/masters_of_the_universe-387703671-large-274x420.jpg 274w\" sizes=\"auto, (max-width: 492px) 100vw, 492px\" \/><\/p>","protected":false},"excerpt":{"rendered":"<p>Viernes, 11 de junio | 21:15h Aula de Cultura Fundaci\u00f3n Mediterr\u00e1neo Precio: 4\u20ac www.entradasatualcance.com \u00a0 COMPRAR ENTRADAS &nbsp; Paco Fox, director del Festival Cutrecon de Madrid, comentar\u00e1 en directo la pel\u00edcula Masters del Universo (Gary Goddard. 1987 VOSE). Basada en la famosa serie animada. He-man y sus amigos deben viajar a la Tierra del siglo [&hellip;]<\/p>","protected":false},"author":2,"featured_media":3329,"parent":0,"menu_order":0,"comment_status":"closed","ping_status":"closed","template":"","meta":{"footnotes":""},"class_list":["post-3472","page","type-page","status-publish","has-post-thumbnail"],"yoast_head":"<!-- This site is optimized with the Yoast SEO plugin v24.3 - https:\/\/yoast.com\/wordpress\/plugins\/seo\/ -->\n<title>CutreCon. Paco Fox comenta en directo la pel\u00edcula Masters del Universo - Sombra Festival<\/title>\n<meta name=\"robots\" content=\"index, follow, max-snippet:-1, max-image-preview:large, max-video-preview:-1\" \/>\n<link rel=\"canonical\" href=\"https:\/\/sombrafestival.com\/en\/cutrecom-paco-fox-comenta-en-directo-la-pelicula-masters-del-universo\/\" \/>\n<meta property=\"og:locale\" content=\"en_GB\" \/>\n<meta property=\"og:type\" content=\"article\" \/>\n<meta property=\"og:title\" content=\"CutreCon. Paco Fox comenta en directo la pel\u00edcula Masters del Universo - Sombra Festival\" \/>\n<meta property=\"og:description\" content=\"Viernes, 11 de junio | 21:15h Aula de Cultura Fundaci\u00f3n Mediterr\u00e1neo Precio: 4\u20ac www.entradasatualcance.com \u00a0 COMPRAR ENTRADAS &nbsp; Paco Fox, director del Festival Cutrecon de Madrid, comentar\u00e1 en directo la pel\u00edcula Masters del Universo (Gary Goddard. 1987 VOSE). Basada en la famosa serie animada. He-man y sus amigos deben viajar a la Tierra del siglo [&hellip;]\" \/>\n<meta property=\"og:url\" content=\"https:\/\/sombrafestival.com\/en\/cutrecom-paco-fox-comenta-en-directo-la-pelicula-masters-del-universo\/\" \/>\n<meta property=\"og:site_name\" content=\"Sombra Festival\" \/>\n<meta property=\"article:publisher\" content=\"https:\/\/www.facebook.com\/Sombra-Festival-De-CINE-Fantastico-Europeo-De-Murcia-175337032531429\/\" \/>\n<meta property=\"article:modified_time\" content=\"2021-06-09T09:38:56+00:00\" \/>\n<meta property=\"og:image\" content=\"https:\/\/sombrafestival.com\/wp-content\/uploads\/2021\/05\/masters_of_the_universe-387703671-large.jpg\" \/>\n\t<meta property=\"og:image:width\" content=\"492\" \/>\n\t<meta property=\"og:image:height\" content=\"755\" \/>\n\t<meta property=\"og:image:type\" content=\"image\/jpeg\" \/>\n<meta name=\"twitter:card\" content=\"summary_large_image\" \/>\n<meta name=\"twitter:site\" content=\"@SombraFestival\" \/>\n<script type=\"application\/ld+json\" class=\"yoast-schema-graph\">{\"@context\":\"https:\/\/schema.org\",\"@graph\":[{\"@type\":\"WebPage\",\"@id\":\"https:\/\/sombrafestival.com\/cutrecom-paco-fox-comenta-en-directo-la-pelicula-masters-del-universo\/\",\"url\":\"https:\/\/sombrafestival.com\/cutrecom-paco-fox-comenta-en-directo-la-pelicula-masters-del-universo\/\",\"name\":\"CutreCon. Paco Fox comenta en directo la pel\u00edcula Masters del Universo - Sombra Festival\",\"isPartOf\":{\"@id\":\"https:\/\/sombrafestival.com\/en\/#website\"},\"primaryImageOfPage\":{\"@id\":\"https:\/\/sombrafestival.com\/cutrecom-paco-fox-comenta-en-directo-la-pelicula-masters-del-universo\/#primaryimage\"},\"image\":{\"@id\":\"https:\/\/sombrafestival.com\/cutrecom-paco-fox-comenta-en-directo-la-pelicula-masters-del-universo\/#primaryimage\"},\"thumbnailUrl\":\"https:\/\/sombrafestival.com\/wp-content\/uploads\/2021\/05\/masters_of_the_universe-387703671-large.jpg\",\"datePublished\":\"2021-05-06T17:41:19+00:00\",\"dateModified\":\"2021-06-09T09:38:56+00:00\",\"breadcrumb\":{\"@id\":\"https:\/\/sombrafestival.com\/cutrecom-paco-fox-comenta-en-directo-la-pelicula-masters-del-universo\/#breadcrumb\"},\"inLanguage\":\"en-GB\",\"potentialAction\":[{\"@type\":\"ReadAction\",\"target\":[\"https:\/\/sombrafestival.com\/cutrecom-paco-fox-comenta-en-directo-la-pelicula-masters-del-universo\/\"]}]},{\"@type\":\"ImageObject\",\"inLanguage\":\"en-GB\",\"@id\":\"https:\/\/sombrafestival.com\/cutrecom-paco-fox-comenta-en-directo-la-pelicula-masters-del-universo\/#primaryimage\",\"url\":\"https:\/\/sombrafestival.com\/wp-content\/uploads\/2021\/05\/masters_of_the_universe-387703671-large.jpg\",\"contentUrl\":\"https:\/\/sombrafestival.com\/wp-content\/uploads\/2021\/05\/masters_of_the_universe-387703671-large.jpg\",\"width\":492,\"height\":755},{\"@type\":\"BreadcrumbList\",\"@id\":\"https:\/\/sombrafestival.com\/cutrecom-paco-fox-comenta-en-directo-la-pelicula-masters-del-universo\/#breadcrumb\",\"itemListElement\":[{\"@type\":\"ListItem\",\"position\":1,\"name\":\"Portada\",\"item\":\"https:\/\/sombrafestival.com\/\"},{\"@type\":\"ListItem\",\"position\":2,\"name\":\"CutreCon. Paco Fox comenta en directo la pel\u00edcula Masters del Universo\"}]},{\"@type\":\"WebSite\",\"@id\":\"https:\/\/sombrafestival.com\/en\/#website\",\"url\":\"https:\/\/sombrafestival.com\/en\/\",\"name\":\"Sombra Festival\",\"description\":\"XIII Festival de Cine Fant\u00e1stico Europeo de Murcia, 8-17 MARZO 2024\",\"publisher\":{\"@id\":\"https:\/\/sombrafestival.com\/en\/#organization\"},\"potentialAction\":[{\"@type\":\"SearchAction\",\"target\":{\"@type\":\"EntryPoint\",\"urlTemplate\":\"https:\/\/sombrafestival.com\/en\/?s={search_term_string}\"},\"query-input\":{\"@type\":\"PropertyValueSpecification\",\"valueRequired\":true,\"valueName\":\"search_term_string\"}}],\"inLanguage\":\"en-GB\"},{\"@type\":\"Organization\",\"@id\":\"https:\/\/sombrafestival.com\/en\/#organization\",\"name\":\"SOMBRA, IX FESTIVAL DE CINE FANTASTICO EUROPEO DE MURCIA\",\"url\":\"https:\/\/sombrafestival.com\/en\/\",\"logo\":{\"@type\":\"ImageObject\",\"inLanguage\":\"en-GB\",\"@id\":\"https:\/\/sombrafestival.com\/en\/#\/schema\/logo\/image\/\",\"url\":\"https:\/\/sombrafestival.com\/wp-content\/uploads\/2019\/10\/Sombra-LogoIdentificador-Negativo.jpg\",\"contentUrl\":\"https:\/\/sombrafestival.com\/wp-content\/uploads\/2019\/10\/Sombra-LogoIdentificador-Negativo.jpg\",\"width\":400,\"height\":400,\"caption\":\"SOMBRA, IX FESTIVAL DE CINE FANTASTICO EUROPEO DE MURCIA\"},\"image\":{\"@id\":\"https:\/\/sombrafestival.com\/en\/#\/schema\/logo\/image\/\"},\"sameAs\":[\"https:\/\/www.facebook.com\/Sombra-Festival-De-CINE-Fantastico-Europeo-De-Murcia-175337032531429\/\",\"https:\/\/x.com\/SombraFestival\",\"https:\/\/www.instagram.com\/sombrafestival\/\",\"https:\/\/www.youtube.com\/channel\/UCBdSJni9V30Tq4cGf4Lj0Ug?view_as=subscriber\"]}]}<\/script>\n<!-- \/ Yoast SEO plugin. -->","yoast_head_json":{"title":"CutreCon. Paco Fox comenta en directo la pel\u00edcula Masters del Universo - Sombra Festival","robots":{"index":"index","follow":"follow","max-snippet":"max-snippet:-1","max-image-preview":"max-image-preview:large","max-video-preview":"max-video-preview:-1"},"canonical":"https:\/\/sombrafestival.com\/en\/cutrecom-paco-fox-comenta-en-directo-la-pelicula-masters-del-universo\/","og_locale":"en_GB","og_type":"article","og_title":"CutreCon. Paco Fox comenta en directo la pel\u00edcula Masters del Universo - Sombra Festival","og_description":"Viernes, 11 de junio | 21:15h Aula de Cultura Fundaci\u00f3n Mediterr\u00e1neo Precio: 4\u20ac www.entradasatualcance.com \u00a0 COMPRAR ENTRADAS &nbsp; Paco Fox, director del Festival Cutrecon de Madrid, comentar\u00e1 en directo la pel\u00edcula Masters del Universo (Gary Goddard. 1987 VOSE). Basada en la famosa serie animada. He-man y sus amigos deben viajar a la Tierra del siglo [&hellip;]","og_url":"https:\/\/sombrafestival.com\/en\/cutrecom-paco-fox-comenta-en-directo-la-pelicula-masters-del-universo\/","og_site_name":"Sombra Festival","article_publisher":"https:\/\/www.facebook.com\/Sombra-Festival-De-CINE-Fantastico-Europeo-De-Murcia-175337032531429\/","article_modified_time":"2021-06-09T09:38:56+00:00","og_image":[{"width":492,"height":755,"url":"https:\/\/sombrafestival.com\/wp-content\/uploads\/2021\/05\/masters_of_the_universe-387703671-large.jpg","type":"image\/jpeg"}],"twitter_card":"summary_large_image","twitter_site":"@SombraFestival","schema":{"@context":"https:\/\/schema.org","@graph":[{"@type":"WebPage","@id":"https:\/\/sombrafestival.com\/cutrecom-paco-fox-comenta-en-directo-la-pelicula-masters-del-universo\/","url":"https:\/\/sombrafestival.com\/cutrecom-paco-fox-comenta-en-directo-la-pelicula-masters-del-universo\/","name":"CutreCon. Paco Fox comenta en directo la pel\u00edcula Masters del Universo - Sombra Festival","isPartOf":{"@id":"https:\/\/sombrafestival.com\/en\/#website"},"primaryImageOfPage":{"@id":"https:\/\/sombrafestival.com\/cutrecom-paco-fox-comenta-en-directo-la-pelicula-masters-del-universo\/#primaryimage"},"image":{"@id":"https:\/\/sombrafestival.com\/cutrecom-paco-fox-comenta-en-directo-la-pelicula-masters-del-universo\/#primaryimage"},"thumbnailUrl":"https:\/\/sombrafestival.com\/wp-content\/uploads\/2021\/05\/masters_of_the_universe-387703671-large.jpg","datePublished":"2021-05-06T17:41:19+00:00","dateModified":"2021-06-09T09:38:56+00:00","breadcrumb":{"@id":"https:\/\/sombrafestival.com\/cutrecom-paco-fox-comenta-en-directo-la-pelicula-masters-del-universo\/#breadcrumb"},"inLanguage":"en-GB","potentialAction":[{"@type":"ReadAction","target":["https:\/\/sombrafestival.com\/cutrecom-paco-fox-comenta-en-directo-la-pelicula-masters-del-universo\/"]}]},{"@type":"ImageObject","inLanguage":"en-GB","@id":"https:\/\/sombrafestival.com\/cutrecom-paco-fox-comenta-en-directo-la-pelicula-masters-del-universo\/#primaryimage","url":"https:\/\/sombrafestival.com\/wp-content\/uploads\/2021\/05\/masters_of_the_universe-387703671-large.jpg","contentUrl":"https:\/\/sombrafestival.com\/wp-content\/uploads\/2021\/05\/masters_of_the_universe-387703671-large.jpg","width":492,"height":755},{"@type":"BreadcrumbList","@id":"https:\/\/sombrafestival.com\/cutrecom-paco-fox-comenta-en-directo-la-pelicula-masters-del-universo\/#breadcrumb","itemListElement":[{"@type":"ListItem","position":1,"name":"Portada","item":"https:\/\/sombrafestival.com\/"},{"@type":"ListItem","position":2,"name":"CutreCon. Paco Fox comenta en directo la pel\u00edcula Masters del Universo"}]},{"@type":"WebSite","@id":"https:\/\/sombrafestival.com\/en\/#website","url":"https:\/\/sombrafestival.com\/en\/","name":"Sombra Festival","description":"XIII Festival de Cine Fant\u00e1stico Europeo de Murcia, 8-17 MARZO 2024","publisher":{"@id":"https:\/\/sombrafestival.com\/en\/#organization"},"potentialAction":[{"@type":"SearchAction","target":{"@type":"EntryPoint","urlTemplate":"https:\/\/sombrafestival.com\/en\/?s={search_term_string}"},"query-input":{"@type":"PropertyValueSpecification","valueRequired":true,"valueName":"search_term_string"}}],"inLanguage":"en-GB"},{"@type":"Organization","@id":"https:\/\/sombrafestival.com\/en\/#organization","name":"SOMBRA, IX FESTIVAL DE CINE FANTASTICO EUROPEO DE MURCIA","url":"https:\/\/sombrafestival.com\/en\/","logo":{"@type":"ImageObject","inLanguage":"en-GB","@id":"https:\/\/sombrafestival.com\/en\/#\/schema\/logo\/image\/","url":"https:\/\/sombrafestival.com\/wp-content\/uploads\/2019\/10\/Sombra-LogoIdentificador-Negativo.jpg","contentUrl":"https:\/\/sombrafestival.com\/wp-content\/uploads\/2019\/10\/Sombra-LogoIdentificador-Negativo.jpg","width":400,"height":400,"caption":"SOMBRA, IX FESTIVAL DE CINE FANTASTICO EUROPEO DE MURCIA"},"image":{"@id":"https:\/\/sombrafestival.com\/en\/#\/schema\/logo\/image\/"},"sameAs":["https:\/\/www.facebook.com\/Sombra-Festival-De-CINE-Fantastico-Europeo-De-Murcia-175337032531429\/","https:\/\/x.com\/SombraFestival","https:\/\/www.instagram.com\/sombrafestival\/","https:\/\/www.youtube.com\/channel\/UCBdSJni9V30Tq4cGf4Lj0Ug?view_as=subscriber"]}]}},"_links":{"self":[{"href":"https:\/\/sombrafestival.com\/en\/wp-json\/wp\/v2\/pages\/3472","targetHints":{"allow":["GET"]}}],"collection":[{"href":"https:\/\/sombrafestival.com\/en\/wp-json\/wp\/v2\/pages"}],"about":[{"href":"https:\/\/sombrafestival.com\/en\/wp-json\/wp\/v2\/types\/page"}],"author":[{"embeddable":true,"href":"https:\/\/sombrafestival.com\/en\/wp-json\/wp\/v2\/users\/2"}],"replies":[{"embeddable":true,"href":"https:\/\/sombrafestival.com\/en\/wp-json\/wp\/v2\/comments?post=3472"}],"version-history":[{"count":7,"href":"https:\/\/sombrafestival.com\/en\/wp-json\/wp\/v2\/pages\/3472\/revisions"}],"predecessor-version":[{"id":3994,"href":"https:\/\/sombrafestival.com\/en\/wp-json\/wp\/v2\/pages\/3472\/revisions\/3994"}],"wp:featuredmedia":[{"embeddable":true,"href":"https:\/\/sombrafestival.com\/en\/wp-json\/wp\/v2\/media\/3329"}],"wp:attachment":[{"href":"https:\/\/sombrafestival.com\/en\/wp-json\/wp\/v2\/media?parent=3472"}],"curies":[{"name":"wp","href":"https:\/\/api.w.org\/{rel}","templated":true}]}}