{"id":396,"date":"2019-09-08T17:55:25","date_gmt":"2019-09-08T15:55:25","guid":{"rendered":"https:\/\/pruebas.libretacontachon.es\/?page_id=396"},"modified":"2020-09-10T17:12:25","modified_gmt":"2020-09-10T15:12:25","slug":"imagen","status":"publish","type":"page","link":"https:\/\/sombrafestival.com\/en\/c-fem-2020\/imagen\/","title":{"rendered":"Image"},"content":{"rendered":"<p><img loading=\"lazy\" decoding=\"async\" class=\"aligncenter wp-image-2363 size-full\" src=\"https:\/\/sombrafestival.com\/wp-content\/uploads\/2020\/07\/volvemos_sombra2020.jpg\" alt=\"volvemos_sombra2020\" width=\"800\" height=\"1117\" srcset=\"https:\/\/sombrafestival.com\/wp-content\/uploads\/2020\/07\/volvemos_sombra2020.jpg 800w, https:\/\/sombrafestival.com\/wp-content\/uploads\/2020\/07\/volvemos_sombra2020-215x300.jpg 215w, https:\/\/sombrafestival.com\/wp-content\/uploads\/2020\/07\/volvemos_sombra2020-733x1024.jpg 733w, https:\/\/sombrafestival.com\/wp-content\/uploads\/2020\/07\/volvemos_sombra2020-768x1072.jpg 768w, https:\/\/sombrafestival.com\/wp-content\/uploads\/2020\/07\/volvemos_sombra2020-696x972.jpg 696w, https:\/\/sombrafestival.com\/wp-content\/uploads\/2020\/07\/volvemos_sombra2020-301x420.jpg 301w\" sizes=\"auto, (max-width: 800px) 100vw, 800px\" \/><\/p>\r\n<p>&nbsp;<\/p>\r\n<p>La imagen y <a href=\"https:\/\/sombrafestival.com\/en\/carteles\/\">el Cartel del Festival<\/a> es uno de sus grandes identificadores. El cartel es realizado anualmente por un contrastado ilustrador. Un a\u00f1o m\u00e1s, el cartel de <strong>Sombra 2020<\/strong> es obra de <strong>Fernando Dagnino<\/strong> (Smart Girl, DC C\u00f3mics).<\/p>\r\n<p><strong>Fernando Dagnino<\/strong> es uno de los dibujantes espa\u00f1oles m\u00e1s internacionales. Su trabajo en <strong>DC<\/strong> ha abarcado desde <strong>Supergirl<\/strong>, <strong>Superman<\/strong> a <strong>The New 52<\/strong> pasando por <strong>Legion of Superheros<\/strong>, <strong>Suicide Squad<\/strong> o <strong>Resurrection Man<\/strong> entre otros.<\/p>\r\n<p>Residente en Murcia, Dagnino, tambi\u00e9n ha trabajado como ilustrador para distintos sellos, como dise\u00f1ador para <strong>Disney<\/strong> y ha puesto sus l\u00e1pices al servicio de Rebel Act en videojuegos.<\/p>\r\n<p>Uno de sus \u00faltimos trabajos <strong>Smart Girl<\/strong>, alabado por la cr\u00edtica y el p\u00fablico, nos ha permitido descubrir al Dagnino guionista adem\u00e1s del grand\u00edsimo dibujante consolidado que es.<\/p>\r\n\r\n\r\n\r\n<figure class=\"wp-block-image\"><img loading=\"lazy\" decoding=\"async\" width=\"1728\" height=\"1152\" class=\"wp-image-556\" src=\"https:\/\/sombrafestival.com\/wp-content\/uploads\/2019\/10\/46059087_1987973464601101_6836970580927840256_o.jpg\" alt=\"\" srcset=\"https:\/\/sombrafestival.com\/wp-content\/uploads\/2019\/10\/46059087_1987973464601101_6836970580927840256_o.jpg 1728w, https:\/\/sombrafestival.com\/wp-content\/uploads\/2019\/10\/46059087_1987973464601101_6836970580927840256_o-300x200.jpg 300w, https:\/\/sombrafestival.com\/wp-content\/uploads\/2019\/10\/46059087_1987973464601101_6836970580927840256_o-768x512.jpg 768w, https:\/\/sombrafestival.com\/wp-content\/uploads\/2019\/10\/46059087_1987973464601101_6836970580927840256_o-1024x683.jpg 1024w, https:\/\/sombrafestival.com\/wp-content\/uploads\/2019\/10\/46059087_1987973464601101_6836970580927840256_o-696x464.jpg 696w, https:\/\/sombrafestival.com\/wp-content\/uploads\/2019\/10\/46059087_1987973464601101_6836970580927840256_o-1068x712.jpg 1068w, https:\/\/sombrafestival.com\/wp-content\/uploads\/2019\/10\/46059087_1987973464601101_6836970580927840256_o-630x420.jpg 630w\" sizes=\"auto, (max-width: 1728px) 100vw, 1728px\" \/><\/figure>","protected":false},"excerpt":{"rendered":"<p>&nbsp; La imagen y el Cartel del Festival es uno de sus grandes identificadores. El cartel es realizado anualmente por un contrastado ilustrador. Un a\u00f1o m\u00e1s, el cartel de Sombra 2020 es obra de Fernando Dagnino (Smart Girl, DC C\u00f3mics). Fernando Dagnino es uno de los dibujantes espa\u00f1oles m\u00e1s internacionales. Su trabajo en DC ha [&hellip;]<\/p>","protected":false},"author":1,"featured_media":2363,"parent":390,"menu_order":0,"comment_status":"closed","ping_status":"closed","template":"","meta":{"footnotes":""},"class_list":["post-396","page","type-page","status-publish","has-post-thumbnail"],"yoast_head":"<!-- This site is optimized with the Yoast SEO plugin v24.3 - https:\/\/yoast.com\/wordpress\/plugins\/seo\/ -->\n<title>Imagen - Sombra Festival<\/title>\n<meta name=\"description\" content=\"Un a\u00f1o m\u00e1s, el cartel de Sombra 2020 es obra de Fernando Dagnino (Smart Girl, DC C\u00f3mics). Fernando Dagnino es uno de los dibujantes espa\u00f1oles m\u00e1s...\" \/>\n<meta name=\"robots\" content=\"index, follow, max-snippet:-1, max-image-preview:large, max-video-preview:-1\" \/>\n<link rel=\"canonical\" href=\"https:\/\/sombrafestival.com\/en\/c-fem-2020\/imagen\/\" \/>\n<meta property=\"og:locale\" content=\"en_GB\" \/>\n<meta property=\"og:type\" content=\"article\" \/>\n<meta property=\"og:title\" content=\"Imagen - Sombra Festival\" \/>\n<meta property=\"og:description\" content=\"Un a\u00f1o m\u00e1s, el cartel de Sombra 2020 es obra de Fernando Dagnino (Smart Girl, DC C\u00f3mics). Fernando Dagnino es uno de los dibujantes espa\u00f1oles m\u00e1s...\" \/>\n<meta property=\"og:url\" content=\"https:\/\/sombrafestival.com\/en\/c-fem-2020\/imagen\/\" \/>\n<meta property=\"og:site_name\" content=\"Sombra Festival\" \/>\n<meta property=\"article:publisher\" content=\"https:\/\/www.facebook.com\/Sombra-Festival-De-CINE-Fantastico-Europeo-De-Murcia-175337032531429\/\" \/>\n<meta property=\"article:modified_time\" content=\"2020-09-10T15:12:25+00:00\" \/>\n<meta property=\"og:image\" content=\"https:\/\/sombrafestival.com\/wp-content\/uploads\/2020\/07\/volvemos_sombra2020.jpg\" \/>\n\t<meta property=\"og:image:width\" content=\"800\" \/>\n\t<meta property=\"og:image:height\" content=\"1117\" \/>\n\t<meta property=\"og:image:type\" content=\"image\/jpeg\" \/>\n<meta name=\"twitter:card\" content=\"summary_large_image\" \/>\n<meta name=\"twitter:site\" content=\"@SombraFestival\" \/>\n<meta name=\"twitter:label1\" content=\"Est. reading time\" \/>\n\t<meta name=\"twitter:data1\" content=\"1 minute\" \/>\n<script type=\"application\/ld+json\" class=\"yoast-schema-graph\">{\"@context\":\"https:\/\/schema.org\",\"@graph\":[{\"@type\":\"WebPage\",\"@id\":\"https:\/\/sombrafestival.com\/c-fem-2020\/imagen\/\",\"url\":\"https:\/\/sombrafestival.com\/c-fem-2020\/imagen\/\",\"name\":\"Imagen - Sombra Festival\",\"isPartOf\":{\"@id\":\"https:\/\/sombrafestival.com\/en\/#website\"},\"primaryImageOfPage\":{\"@id\":\"https:\/\/sombrafestival.com\/c-fem-2020\/imagen\/#primaryimage\"},\"image\":{\"@id\":\"https:\/\/sombrafestival.com\/c-fem-2020\/imagen\/#primaryimage\"},\"thumbnailUrl\":\"https:\/\/sombrafestival.com\/wp-content\/uploads\/2020\/07\/volvemos_sombra2020.jpg\",\"datePublished\":\"2019-09-08T15:55:25+00:00\",\"dateModified\":\"2020-09-10T15:12:25+00:00\",\"description\":\"Un a\u00f1o m\u00e1s, el cartel de Sombra 2020 es obra de Fernando Dagnino (Smart Girl, DC C\u00f3mics). Fernando Dagnino es uno de los dibujantes espa\u00f1oles m\u00e1s...\",\"breadcrumb\":{\"@id\":\"https:\/\/sombrafestival.com\/c-fem-2020\/imagen\/#breadcrumb\"},\"inLanguage\":\"en-GB\",\"potentialAction\":[{\"@type\":\"ReadAction\",\"target\":[\"https:\/\/sombrafestival.com\/c-fem-2020\/imagen\/\"]}]},{\"@type\":\"ImageObject\",\"inLanguage\":\"en-GB\",\"@id\":\"https:\/\/sombrafestival.com\/c-fem-2020\/imagen\/#primaryimage\",\"url\":\"https:\/\/sombrafestival.com\/wp-content\/uploads\/2020\/07\/volvemos_sombra2020.jpg\",\"contentUrl\":\"https:\/\/sombrafestival.com\/wp-content\/uploads\/2020\/07\/volvemos_sombra2020.jpg\",\"width\":800,\"height\":1117,\"caption\":\"volvemos_sombra2020\"},{\"@type\":\"BreadcrumbList\",\"@id\":\"https:\/\/sombrafestival.com\/c-fem-2020\/imagen\/#breadcrumb\",\"itemListElement\":[{\"@type\":\"ListItem\",\"position\":1,\"name\":\"Portada\",\"item\":\"https:\/\/sombrafestival.com\/\"},{\"@type\":\"ListItem\",\"position\":2,\"name\":\"2020\",\"item\":\"https:\/\/sombrafestival.com\/c-fem-2020\/\"},{\"@type\":\"ListItem\",\"position\":3,\"name\":\"Imagen\"}]},{\"@type\":\"WebSite\",\"@id\":\"https:\/\/sombrafestival.com\/en\/#website\",\"url\":\"https:\/\/sombrafestival.com\/en\/\",\"name\":\"Sombra Festival\",\"description\":\"XIII Festival de Cine Fant\u00e1stico Europeo de Murcia, 8-17 MARZO 2024\",\"publisher\":{\"@id\":\"https:\/\/sombrafestival.com\/en\/#organization\"},\"potentialAction\":[{\"@type\":\"SearchAction\",\"target\":{\"@type\":\"EntryPoint\",\"urlTemplate\":\"https:\/\/sombrafestival.com\/en\/?s={search_term_string}\"},\"query-input\":{\"@type\":\"PropertyValueSpecification\",\"valueRequired\":true,\"valueName\":\"search_term_string\"}}],\"inLanguage\":\"en-GB\"},{\"@type\":\"Organization\",\"@id\":\"https:\/\/sombrafestival.com\/en\/#organization\",\"name\":\"SOMBRA, IX FESTIVAL DE CINE FANTASTICO EUROPEO DE MURCIA\",\"url\":\"https:\/\/sombrafestival.com\/en\/\",\"logo\":{\"@type\":\"ImageObject\",\"inLanguage\":\"en-GB\",\"@id\":\"https:\/\/sombrafestival.com\/en\/#\/schema\/logo\/image\/\",\"url\":\"https:\/\/sombrafestival.com\/wp-content\/uploads\/2019\/10\/Sombra-LogoIdentificador-Negativo.jpg\",\"contentUrl\":\"https:\/\/sombrafestival.com\/wp-content\/uploads\/2019\/10\/Sombra-LogoIdentificador-Negativo.jpg\",\"width\":400,\"height\":400,\"caption\":\"SOMBRA, IX FESTIVAL DE CINE FANTASTICO EUROPEO DE MURCIA\"},\"image\":{\"@id\":\"https:\/\/sombrafestival.com\/en\/#\/schema\/logo\/image\/\"},\"sameAs\":[\"https:\/\/www.facebook.com\/Sombra-Festival-De-CINE-Fantastico-Europeo-De-Murcia-175337032531429\/\",\"https:\/\/x.com\/SombraFestival\",\"https:\/\/www.instagram.com\/sombrafestival\/\",\"https:\/\/www.youtube.com\/channel\/UCBdSJni9V30Tq4cGf4Lj0Ug?view_as=subscriber\"]}]}<\/script>\n<!-- \/ Yoast SEO plugin. -->","yoast_head_json":{"title":"Imagen - Sombra Festival","description":"Un a\u00f1o m\u00e1s, el cartel de Sombra 2020 es obra de Fernando Dagnino (Smart Girl, DC C\u00f3mics). Fernando Dagnino es uno de los dibujantes espa\u00f1oles m\u00e1s...","robots":{"index":"index","follow":"follow","max-snippet":"max-snippet:-1","max-image-preview":"max-image-preview:large","max-video-preview":"max-video-preview:-1"},"canonical":"https:\/\/sombrafestival.com\/en\/c-fem-2020\/imagen\/","og_locale":"en_GB","og_type":"article","og_title":"Imagen - Sombra Festival","og_description":"Un a\u00f1o m\u00e1s, el cartel de Sombra 2020 es obra de Fernando Dagnino (Smart Girl, DC C\u00f3mics). Fernando Dagnino es uno de los dibujantes espa\u00f1oles m\u00e1s...","og_url":"https:\/\/sombrafestival.com\/en\/c-fem-2020\/imagen\/","og_site_name":"Sombra Festival","article_publisher":"https:\/\/www.facebook.com\/Sombra-Festival-De-CINE-Fantastico-Europeo-De-Murcia-175337032531429\/","article_modified_time":"2020-09-10T15:12:25+00:00","og_image":[{"width":800,"height":1117,"url":"https:\/\/sombrafestival.com\/wp-content\/uploads\/2020\/07\/volvemos_sombra2020.jpg","type":"image\/jpeg"}],"twitter_card":"summary_large_image","twitter_site":"@SombraFestival","twitter_misc":{"Est. reading time":"1 minute"},"schema":{"@context":"https:\/\/schema.org","@graph":[{"@type":"WebPage","@id":"https:\/\/sombrafestival.com\/c-fem-2020\/imagen\/","url":"https:\/\/sombrafestival.com\/c-fem-2020\/imagen\/","name":"Imagen - Sombra Festival","isPartOf":{"@id":"https:\/\/sombrafestival.com\/en\/#website"},"primaryImageOfPage":{"@id":"https:\/\/sombrafestival.com\/c-fem-2020\/imagen\/#primaryimage"},"image":{"@id":"https:\/\/sombrafestival.com\/c-fem-2020\/imagen\/#primaryimage"},"thumbnailUrl":"https:\/\/sombrafestival.com\/wp-content\/uploads\/2020\/07\/volvemos_sombra2020.jpg","datePublished":"2019-09-08T15:55:25+00:00","dateModified":"2020-09-10T15:12:25+00:00","description":"Un a\u00f1o m\u00e1s, el cartel de Sombra 2020 es obra de Fernando Dagnino (Smart Girl, DC C\u00f3mics). Fernando Dagnino es uno de los dibujantes espa\u00f1oles m\u00e1s...","breadcrumb":{"@id":"https:\/\/sombrafestival.com\/c-fem-2020\/imagen\/#breadcrumb"},"inLanguage":"en-GB","potentialAction":[{"@type":"ReadAction","target":["https:\/\/sombrafestival.com\/c-fem-2020\/imagen\/"]}]},{"@type":"ImageObject","inLanguage":"en-GB","@id":"https:\/\/sombrafestival.com\/c-fem-2020\/imagen\/#primaryimage","url":"https:\/\/sombrafestival.com\/wp-content\/uploads\/2020\/07\/volvemos_sombra2020.jpg","contentUrl":"https:\/\/sombrafestival.com\/wp-content\/uploads\/2020\/07\/volvemos_sombra2020.jpg","width":800,"height":1117,"caption":"volvemos_sombra2020"},{"@type":"BreadcrumbList","@id":"https:\/\/sombrafestival.com\/c-fem-2020\/imagen\/#breadcrumb","itemListElement":[{"@type":"ListItem","position":1,"name":"Portada","item":"https:\/\/sombrafestival.com\/"},{"@type":"ListItem","position":2,"name":"2020","item":"https:\/\/sombrafestival.com\/c-fem-2020\/"},{"@type":"ListItem","position":3,"name":"Imagen"}]},{"@type":"WebSite","@id":"https:\/\/sombrafestival.com\/en\/#website","url":"https:\/\/sombrafestival.com\/en\/","name":"Sombra Festival","description":"XIII Festival de Cine Fant\u00e1stico Europeo de Murcia, 8-17 MARZO 2024","publisher":{"@id":"https:\/\/sombrafestival.com\/en\/#organization"},"potentialAction":[{"@type":"SearchAction","target":{"@type":"EntryPoint","urlTemplate":"https:\/\/sombrafestival.com\/en\/?s={search_term_string}"},"query-input":{"@type":"PropertyValueSpecification","valueRequired":true,"valueName":"search_term_string"}}],"inLanguage":"en-GB"},{"@type":"Organization","@id":"https:\/\/sombrafestival.com\/en\/#organization","name":"SOMBRA, IX FESTIVAL DE CINE FANTASTICO EUROPEO DE MURCIA","url":"https:\/\/sombrafestival.com\/en\/","logo":{"@type":"ImageObject","inLanguage":"en-GB","@id":"https:\/\/sombrafestival.com\/en\/#\/schema\/logo\/image\/","url":"https:\/\/sombrafestival.com\/wp-content\/uploads\/2019\/10\/Sombra-LogoIdentificador-Negativo.jpg","contentUrl":"https:\/\/sombrafestival.com\/wp-content\/uploads\/2019\/10\/Sombra-LogoIdentificador-Negativo.jpg","width":400,"height":400,"caption":"SOMBRA, IX FESTIVAL DE CINE FANTASTICO EUROPEO DE MURCIA"},"image":{"@id":"https:\/\/sombrafestival.com\/en\/#\/schema\/logo\/image\/"},"sameAs":["https:\/\/www.facebook.com\/Sombra-Festival-De-CINE-Fantastico-Europeo-De-Murcia-175337032531429\/","https:\/\/x.com\/SombraFestival","https:\/\/www.instagram.com\/sombrafestival\/","https:\/\/www.youtube.com\/channel\/UCBdSJni9V30Tq4cGf4Lj0Ug?view_as=subscriber"]}]}},"_links":{"self":[{"href":"https:\/\/sombrafestival.com\/en\/wp-json\/wp\/v2\/pages\/396","targetHints":{"allow":["GET"]}}],"collection":[{"href":"https:\/\/sombrafestival.com\/en\/wp-json\/wp\/v2\/pages"}],"about":[{"href":"https:\/\/sombrafestival.com\/en\/wp-json\/wp\/v2\/types\/page"}],"author":[{"embeddable":true,"href":"https:\/\/sombrafestival.com\/en\/wp-json\/wp\/v2\/users\/1"}],"replies":[{"embeddable":true,"href":"https:\/\/sombrafestival.com\/en\/wp-json\/wp\/v2\/comments?post=396"}],"version-history":[{"count":4,"href":"https:\/\/sombrafestival.com\/en\/wp-json\/wp\/v2\/pages\/396\/revisions"}],"predecessor-version":[{"id":2820,"href":"https:\/\/sombrafestival.com\/en\/wp-json\/wp\/v2\/pages\/396\/revisions\/2820"}],"up":[{"embeddable":true,"href":"https:\/\/sombrafestival.com\/en\/wp-json\/wp\/v2\/pages\/390"}],"wp:featuredmedia":[{"embeddable":true,"href":"https:\/\/sombrafestival.com\/en\/wp-json\/wp\/v2\/media\/2363"}],"wp:attachment":[{"href":"https:\/\/sombrafestival.com\/en\/wp-json\/wp\/v2\/media?parent=396"}],"curies":[{"name":"wp","href":"https:\/\/api.w.org\/{rel}","templated":true}]}}