{"id":420,"date":"2019-09-08T17:59:57","date_gmt":"2019-09-08T15:59:57","guid":{"rendered":"https:\/\/pruebas.libretacontachon.es\/?page_id=420"},"modified":"2025-02-07T11:22:41","modified_gmt":"2025-02-07T10:22:41","slug":"prensa","status":"publish","type":"page","link":"https:\/\/sombrafestival.com\/en\/prensa\/","title":{"rendered":"Press"},"content":{"rendered":"<ul class=\"wp-block-list\">\n<li><a href=\"https:\/\/cadenaser.com\/murcia\/2025\/02\/04\/el-festival-sombra-abre-con-la-pelicula-el-instinto-del-lorquino-juan-albarracin-radio-murcia\/\">El Festival Sombra abre con la pel\u00edcula &#8216;El instinto&#8217; del lorquino Juan Albarrac\u00edn (Cadena Ser)<\/a><\/li>\n\n\n\n<li><a href=\"https:\/\/www.dodmagazine.es\/festival-sombra-2025-madrid-programa\/\">El Festival Sombra 2025 de Madrid desvela su programa completo (dodmagazine)<\/a><\/li>\n\n\n\n<li><a href=\"https:\/\/www.murcia.com\/noticias\/2025\/02\/04-murcia-se-convierte-en-el-epicentro-del-cine-fantastico-con-la-14-edicion-del-festival-sombra-con-invitados-de-leyenda.asp\">Murcia se convierte en el epicentro del cine fant\u00e1stico con la 14\u00b0 edici\u00f3n del festival &#8216;Sombra&#8217; con invitados de leyenda (murcia.com)<\/a><\/li>\n\n\n\n<li><a href=\"https:\/\/cmonmurcia.com\/asi-sera-la-nueva-edicion-de-sombra-el-festival-de-cine-fantastico-europeo-de-murcia\/\">As\u00ed ser\u00e1 la nueva edici\u00f3n de SOMBRA, el festival de Cine Fant\u00e1stico Europeo de Murcia (C&#8217;Mon Murcia)<\/a><\/li>\n\n\n\n<li><a href=\"https:\/\/murciaplaza.com\/murciaplaza\/cultura-murcia\/el-sombra-imagina-una-guerra-contra-el-mal-en-plena-gran-via-de-murcia-asi-es-el-cartel-de-daniel-acuna\">El &#8216;Sombra&#8217; imagina una guerra contra el mal en plena Gran V\u00eda de Murcia: as\u00ed es el cartel de Daniel Acu\u00f1a (Murcia Plaza)<\/a><\/li>\n\n\n\n<li><a href=\"https:\/\/www.laopiniondemurcia.es\/cultura\/2025\/02\/04\/sombra-festival-cine-filmoteca-programacion-113994102.html\">El director de &#8216;Jungla de cristal&#8217; visitar\u00e1 Murcia para presentar su &#8216;magnum opus&#8217; en el Sombra (La Opini\u00f3n de Murcia)<\/a><\/li>\n\n\n\n<li><a href=\"https:\/\/plazadeportiva.valenciaplaza.com\/murciaplaza\/cultura-murcia\/el-sombra-traera-a-murcia-a-john-mctiernan-director-de-peliculas-como-jungla-de-cristal-y-a-javier-bonet-el-actor-de-slenderman-\">El Sombra traer\u00e1 a Murcia a John McTiernan, director de pel\u00edculas como &#8216;Jungla de cristal&#8217;, y a Javier Botet, el actor de &#8216;Slenderman &#8216; (Plaza Deportiva)<\/a><\/li>\n\n\n\n<li><a href=\"https:\/\/www.laopiniondemurcia.es\/cultura\/2025\/01\/08\/sombra-festival-fabio-frizzi-murcia-concierto-113187556.html\">El Sombra Festival traer\u00e1 por primera vez a Espa\u00f1a, y a Murcia, al italiano Fabio Frizzi (La Opini\u00f3n de Murcia)<\/a><\/li>\n\n\n\n<li><a href=\"https:\/\/www.laverdad.es\/culturas\/cine\/fabio-frizzi-interpretara-murcia-banda-sonora-nueva-20241227170216-nt.html?ref=https%3A%2F%2Fwww.laverdad.es%2Fculturas%2Fcine%2Ffabio-frizzi-interpretara-murcia-banda-sonora-nueva-20241227170216-nt.html\">Fabio Frizzi interpretar\u00e1 en Murcia la banda sonora de &#8216;Nueva York bajo el terror de los zombies&#8217;, de Lucio Fulci (La Verdad)<\/a><\/li>\n<\/ul>","protected":false},"excerpt":{"rendered":"","protected":false},"author":1,"featured_media":0,"parent":0,"menu_order":0,"comment_status":"closed","ping_status":"closed","template":"","meta":{"footnotes":""},"class_list":["post-420","page","type-page","status-publish"],"yoast_head":"<!-- This site is optimized with the Yoast SEO plugin v24.3 - https:\/\/yoast.com\/wordpress\/plugins\/seo\/ -->\n<title>Prensa - Sombra Festival<\/title>\n<meta name=\"robots\" content=\"index, follow, max-snippet:-1, max-image-preview:large, max-video-preview:-1\" \/>\n<link rel=\"canonical\" href=\"https:\/\/sombrafestival.com\/en\/prensa\/\" \/>\n<meta property=\"og:locale\" content=\"en_GB\" \/>\n<meta property=\"og:type\" content=\"article\" \/>\n<meta property=\"og:title\" content=\"Prensa - Sombra Festival\" \/>\n<meta property=\"og:url\" content=\"https:\/\/sombrafestival.com\/en\/prensa\/\" \/>\n<meta property=\"og:site_name\" content=\"Sombra Festival\" \/>\n<meta property=\"article:publisher\" content=\"https:\/\/www.facebook.com\/Sombra-Festival-De-CINE-Fantastico-Europeo-De-Murcia-175337032531429\/\" \/>\n<meta property=\"article:modified_time\" content=\"2025-02-07T10:22:41+00:00\" \/>\n<meta name=\"twitter:card\" content=\"summary_large_image\" \/>\n<meta name=\"twitter:site\" content=\"@SombraFestival\" \/>\n<meta name=\"twitter:label1\" content=\"Est. reading time\" \/>\n\t<meta name=\"twitter:data1\" content=\"1 minute\" \/>\n<script type=\"application\/ld+json\" class=\"yoast-schema-graph\">{\"@context\":\"https:\/\/schema.org\",\"@graph\":[{\"@type\":\"WebPage\",\"@id\":\"https:\/\/sombrafestival.com\/prensa\/\",\"url\":\"https:\/\/sombrafestival.com\/prensa\/\",\"name\":\"Prensa - Sombra Festival\",\"isPartOf\":{\"@id\":\"https:\/\/sombrafestival.com\/en\/#website\"},\"datePublished\":\"2019-09-08T15:59:57+00:00\",\"dateModified\":\"2025-02-07T10:22:41+00:00\",\"breadcrumb\":{\"@id\":\"https:\/\/sombrafestival.com\/prensa\/#breadcrumb\"},\"inLanguage\":\"en-GB\",\"potentialAction\":[{\"@type\":\"ReadAction\",\"target\":[\"https:\/\/sombrafestival.com\/prensa\/\"]}]},{\"@type\":\"BreadcrumbList\",\"@id\":\"https:\/\/sombrafestival.com\/prensa\/#breadcrumb\",\"itemListElement\":[{\"@type\":\"ListItem\",\"position\":1,\"name\":\"Portada\",\"item\":\"https:\/\/sombrafestival.com\/\"},{\"@type\":\"ListItem\",\"position\":2,\"name\":\"Prensa\"}]},{\"@type\":\"WebSite\",\"@id\":\"https:\/\/sombrafestival.com\/en\/#website\",\"url\":\"https:\/\/sombrafestival.com\/en\/\",\"name\":\"Sombra Festival\",\"description\":\"XIII Festival de Cine Fant\u00e1stico Europeo de Murcia, 8-17 MARZO 2024\",\"publisher\":{\"@id\":\"https:\/\/sombrafestival.com\/en\/#organization\"},\"potentialAction\":[{\"@type\":\"SearchAction\",\"target\":{\"@type\":\"EntryPoint\",\"urlTemplate\":\"https:\/\/sombrafestival.com\/en\/?s={search_term_string}\"},\"query-input\":{\"@type\":\"PropertyValueSpecification\",\"valueRequired\":true,\"valueName\":\"search_term_string\"}}],\"inLanguage\":\"en-GB\"},{\"@type\":\"Organization\",\"@id\":\"https:\/\/sombrafestival.com\/en\/#organization\",\"name\":\"SOMBRA, IX FESTIVAL DE CINE FANTASTICO EUROPEO DE MURCIA\",\"url\":\"https:\/\/sombrafestival.com\/en\/\",\"logo\":{\"@type\":\"ImageObject\",\"inLanguage\":\"en-GB\",\"@id\":\"https:\/\/sombrafestival.com\/en\/#\/schema\/logo\/image\/\",\"url\":\"https:\/\/sombrafestival.com\/wp-content\/uploads\/2019\/10\/Sombra-LogoIdentificador-Negativo.jpg\",\"contentUrl\":\"https:\/\/sombrafestival.com\/wp-content\/uploads\/2019\/10\/Sombra-LogoIdentificador-Negativo.jpg\",\"width\":400,\"height\":400,\"caption\":\"SOMBRA, IX FESTIVAL DE CINE FANTASTICO EUROPEO DE MURCIA\"},\"image\":{\"@id\":\"https:\/\/sombrafestival.com\/en\/#\/schema\/logo\/image\/\"},\"sameAs\":[\"https:\/\/www.facebook.com\/Sombra-Festival-De-CINE-Fantastico-Europeo-De-Murcia-175337032531429\/\",\"https:\/\/x.com\/SombraFestival\",\"https:\/\/www.instagram.com\/sombrafestival\/\",\"https:\/\/www.youtube.com\/channel\/UCBdSJni9V30Tq4cGf4Lj0Ug?view_as=subscriber\"]}]}<\/script>\n<!-- \/ Yoast SEO plugin. -->","yoast_head_json":{"title":"Prensa - Sombra Festival","robots":{"index":"index","follow":"follow","max-snippet":"max-snippet:-1","max-image-preview":"max-image-preview:large","max-video-preview":"max-video-preview:-1"},"canonical":"https:\/\/sombrafestival.com\/en\/prensa\/","og_locale":"en_GB","og_type":"article","og_title":"Prensa - Sombra Festival","og_url":"https:\/\/sombrafestival.com\/en\/prensa\/","og_site_name":"Sombra Festival","article_publisher":"https:\/\/www.facebook.com\/Sombra-Festival-De-CINE-Fantastico-Europeo-De-Murcia-175337032531429\/","article_modified_time":"2025-02-07T10:22:41+00:00","twitter_card":"summary_large_image","twitter_site":"@SombraFestival","twitter_misc":{"Est. reading time":"1 minute"},"schema":{"@context":"https:\/\/schema.org","@graph":[{"@type":"WebPage","@id":"https:\/\/sombrafestival.com\/prensa\/","url":"https:\/\/sombrafestival.com\/prensa\/","name":"Prensa - Sombra Festival","isPartOf":{"@id":"https:\/\/sombrafestival.com\/en\/#website"},"datePublished":"2019-09-08T15:59:57+00:00","dateModified":"2025-02-07T10:22:41+00:00","breadcrumb":{"@id":"https:\/\/sombrafestival.com\/prensa\/#breadcrumb"},"inLanguage":"en-GB","potentialAction":[{"@type":"ReadAction","target":["https:\/\/sombrafestival.com\/prensa\/"]}]},{"@type":"BreadcrumbList","@id":"https:\/\/sombrafestival.com\/prensa\/#breadcrumb","itemListElement":[{"@type":"ListItem","position":1,"name":"Portada","item":"https:\/\/sombrafestival.com\/"},{"@type":"ListItem","position":2,"name":"Prensa"}]},{"@type":"WebSite","@id":"https:\/\/sombrafestival.com\/en\/#website","url":"https:\/\/sombrafestival.com\/en\/","name":"Sombra Festival","description":"XIII Festival de Cine Fant\u00e1stico Europeo de Murcia, 8-17 MARZO 2024","publisher":{"@id":"https:\/\/sombrafestival.com\/en\/#organization"},"potentialAction":[{"@type":"SearchAction","target":{"@type":"EntryPoint","urlTemplate":"https:\/\/sombrafestival.com\/en\/?s={search_term_string}"},"query-input":{"@type":"PropertyValueSpecification","valueRequired":true,"valueName":"search_term_string"}}],"inLanguage":"en-GB"},{"@type":"Organization","@id":"https:\/\/sombrafestival.com\/en\/#organization","name":"SOMBRA, IX FESTIVAL DE CINE FANTASTICO EUROPEO DE MURCIA","url":"https:\/\/sombrafestival.com\/en\/","logo":{"@type":"ImageObject","inLanguage":"en-GB","@id":"https:\/\/sombrafestival.com\/en\/#\/schema\/logo\/image\/","url":"https:\/\/sombrafestival.com\/wp-content\/uploads\/2019\/10\/Sombra-LogoIdentificador-Negativo.jpg","contentUrl":"https:\/\/sombrafestival.com\/wp-content\/uploads\/2019\/10\/Sombra-LogoIdentificador-Negativo.jpg","width":400,"height":400,"caption":"SOMBRA, IX FESTIVAL DE CINE FANTASTICO EUROPEO DE MURCIA"},"image":{"@id":"https:\/\/sombrafestival.com\/en\/#\/schema\/logo\/image\/"},"sameAs":["https:\/\/www.facebook.com\/Sombra-Festival-De-CINE-Fantastico-Europeo-De-Murcia-175337032531429\/","https:\/\/x.com\/SombraFestival","https:\/\/www.instagram.com\/sombrafestival\/","https:\/\/www.youtube.com\/channel\/UCBdSJni9V30Tq4cGf4Lj0Ug?view_as=subscriber"]}]}},"_links":{"self":[{"href":"https:\/\/sombrafestival.com\/en\/wp-json\/wp\/v2\/pages\/420","targetHints":{"allow":["GET"]}}],"collection":[{"href":"https:\/\/sombrafestival.com\/en\/wp-json\/wp\/v2\/pages"}],"about":[{"href":"https:\/\/sombrafestival.com\/en\/wp-json\/wp\/v2\/types\/page"}],"author":[{"embeddable":true,"href":"https:\/\/sombrafestival.com\/en\/wp-json\/wp\/v2\/users\/1"}],"replies":[{"embeddable":true,"href":"https:\/\/sombrafestival.com\/en\/wp-json\/wp\/v2\/comments?post=420"}],"version-history":[{"count":16,"href":"https:\/\/sombrafestival.com\/en\/wp-json\/wp\/v2\/pages\/420\/revisions"}],"predecessor-version":[{"id":7372,"href":"https:\/\/sombrafestival.com\/en\/wp-json\/wp\/v2\/pages\/420\/revisions\/7372"}],"wp:attachment":[{"href":"https:\/\/sombrafestival.com\/en\/wp-json\/wp\/v2\/media?parent=420"}],"curies":[{"name":"wp","href":"https:\/\/api.w.org\/{rel}","templated":true}]}}