{"id":4259,"date":"2022-02-09T20:53:49","date_gmt":"2022-02-09T19:53:49","guid":{"rendered":"https:\/\/sombrafestival.com\/?page_id=4259"},"modified":"2022-02-09T20:53:50","modified_gmt":"2022-02-09T19:53:50","slug":"jurado-largometrajes-2022-jaume-balaguero","status":"publish","type":"page","link":"https:\/\/sombrafestival.com\/en\/jurado-largometrajes-2022-jaume-balaguero\/","title":{"rendered":"Jurado largometrajes 2022: Jaume Balaguero"},"content":{"rendered":"<p class=\"has-text-color has-background has-large-font-size has-very-dark-gray-color has-very-light-gray-background-color\"><strong>Jaume Balaguero<\/strong><\/p>\n\n\n\n<p>Nacido en L\u00e9rida en noviembre de 1968, Jaume Balaguer\u00f3 supo desde joven que sus intereses se orientaban hacia el s\u00e9ptimo arte, estudios que compagin\u00f3 con un grado en Ciencias de la Comunicaci\u00f3n. Su primer largometraje como director fue <strong>Los sin nombre<\/strong>, pel\u00edcula premiada con el M\u00e9li\u00e8s de Oro a Mejor Filme Fant\u00e1stico Europeo. La pel\u00edcula le ayud\u00f3 a proyectarse internacionalmente, pero sobre todo a definirse como uno de los precursores del nuevo cine de terror espa\u00f1ol. Suyas son <strong>Fr\u00e1giles<\/strong>, con Elena Anaya, <strong>Mientras Duermes<\/strong>, o la popular saga de <strong>Rec<\/strong>, todas ellas producidas por Filmax. Actualmente, se haya a la espera del estreno de su siguiente pel\u00edcula titulada <strong>Way Down<\/strong>.<\/p>\n\n\n\n<div class=\"wp-block-image\"><figure class=\"aligncenter\"><img loading=\"lazy\" decoding=\"async\" width=\"400\" height=\"400\" src=\"https:\/\/sombrafestival.com\/wp-content\/uploads\/2022\/02\/jaume-balaguero.jpg\" alt=\"Jaume Balaguero\" class=\"wp-image-4260\" srcset=\"https:\/\/sombrafestival.com\/wp-content\/uploads\/2022\/02\/jaume-balaguero.jpg 400w, https:\/\/sombrafestival.com\/wp-content\/uploads\/2022\/02\/jaume-balaguero-300x300.jpg 300w, https:\/\/sombrafestival.com\/wp-content\/uploads\/2022\/02\/jaume-balaguero-150x150.jpg 150w\" sizes=\"auto, (max-width: 400px) 100vw, 400px\" \/><\/figure><\/div>","protected":false},"excerpt":{"rendered":"<p>Jaume Balaguero Nacido en L\u00e9rida en noviembre de 1968, Jaume Balaguer\u00f3 supo desde joven que sus intereses se orientaban hacia el s\u00e9ptimo arte, estudios que compagin\u00f3 con un grado en Ciencias de la Comunicaci\u00f3n. Su primer largometraje como director fue Los sin nombre, pel\u00edcula premiada con el M\u00e9li\u00e8s de Oro a Mejor Filme Fant\u00e1stico Europeo. [&hellip;]<\/p>","protected":false},"author":2,"featured_media":0,"parent":0,"menu_order":0,"comment_status":"closed","ping_status":"closed","template":"","meta":{"footnotes":""},"class_list":["post-4259","page","type-page","status-publish"],"yoast_head":"<!-- This site is optimized with the Yoast SEO plugin v24.3 - https:\/\/yoast.com\/wordpress\/plugins\/seo\/ -->\n<title>Jurado largometrajes 2022: Jaume Balaguero - Sombra Festival<\/title>\n<meta name=\"robots\" content=\"index, follow, max-snippet:-1, max-image-preview:large, max-video-preview:-1\" \/>\n<link rel=\"canonical\" href=\"https:\/\/sombrafestival.com\/en\/jurado-largometrajes-2022-jaume-balaguero\/\" \/>\n<meta property=\"og:locale\" content=\"en_GB\" \/>\n<meta property=\"og:type\" content=\"article\" \/>\n<meta property=\"og:title\" content=\"Jurado largometrajes 2022: Jaume Balaguero - Sombra Festival\" \/>\n<meta property=\"og:description\" content=\"Jaume Balaguero Nacido en L\u00e9rida en noviembre de 1968, Jaume Balaguer\u00f3 supo desde joven que sus intereses se orientaban hacia el s\u00e9ptimo arte, estudios que compagin\u00f3 con un grado en Ciencias de la Comunicaci\u00f3n. Su primer largometraje como director fue Los sin nombre, pel\u00edcula premiada con el M\u00e9li\u00e8s de Oro a Mejor Filme Fant\u00e1stico Europeo. [&hellip;]\" \/>\n<meta property=\"og:url\" content=\"https:\/\/sombrafestival.com\/en\/jurado-largometrajes-2022-jaume-balaguero\/\" \/>\n<meta property=\"og:site_name\" content=\"Sombra Festival\" \/>\n<meta property=\"article:publisher\" content=\"https:\/\/www.facebook.com\/Sombra-Festival-De-CINE-Fantastico-Europeo-De-Murcia-175337032531429\/\" \/>\n<meta property=\"article:modified_time\" content=\"2022-02-09T19:53:50+00:00\" \/>\n<meta property=\"og:image\" content=\"https:\/\/sombrafestival.com\/wp-content\/uploads\/2022\/02\/jaume-balaguero.jpg\" \/>\n<meta name=\"twitter:card\" content=\"summary_large_image\" \/>\n<meta name=\"twitter:site\" content=\"@SombraFestival\" \/>\n<meta name=\"twitter:label1\" content=\"Est. reading time\" \/>\n\t<meta name=\"twitter:data1\" content=\"1 minute\" \/>\n<script type=\"application\/ld+json\" class=\"yoast-schema-graph\">{\"@context\":\"https:\/\/schema.org\",\"@graph\":[{\"@type\":\"WebPage\",\"@id\":\"https:\/\/sombrafestival.com\/jurado-largometrajes-2022-jaume-balaguero\/\",\"url\":\"https:\/\/sombrafestival.com\/jurado-largometrajes-2022-jaume-balaguero\/\",\"name\":\"Jurado largometrajes 2022: Jaume Balaguero - Sombra Festival\",\"isPartOf\":{\"@id\":\"https:\/\/sombrafestival.com\/en\/#website\"},\"primaryImageOfPage\":{\"@id\":\"https:\/\/sombrafestival.com\/jurado-largometrajes-2022-jaume-balaguero\/#primaryimage\"},\"image\":{\"@id\":\"https:\/\/sombrafestival.com\/jurado-largometrajes-2022-jaume-balaguero\/#primaryimage\"},\"thumbnailUrl\":\"https:\/\/sombrafestival.com\/wp-content\/uploads\/2022\/02\/jaume-balaguero.jpg\",\"datePublished\":\"2022-02-09T19:53:49+00:00\",\"dateModified\":\"2022-02-09T19:53:50+00:00\",\"breadcrumb\":{\"@id\":\"https:\/\/sombrafestival.com\/jurado-largometrajes-2022-jaume-balaguero\/#breadcrumb\"},\"inLanguage\":\"en-GB\",\"potentialAction\":[{\"@type\":\"ReadAction\",\"target\":[\"https:\/\/sombrafestival.com\/jurado-largometrajes-2022-jaume-balaguero\/\"]}]},{\"@type\":\"ImageObject\",\"inLanguage\":\"en-GB\",\"@id\":\"https:\/\/sombrafestival.com\/jurado-largometrajes-2022-jaume-balaguero\/#primaryimage\",\"url\":\"https:\/\/sombrafestival.com\/wp-content\/uploads\/2022\/02\/jaume-balaguero.jpg\",\"contentUrl\":\"https:\/\/sombrafestival.com\/wp-content\/uploads\/2022\/02\/jaume-balaguero.jpg\"},{\"@type\":\"BreadcrumbList\",\"@id\":\"https:\/\/sombrafestival.com\/jurado-largometrajes-2022-jaume-balaguero\/#breadcrumb\",\"itemListElement\":[{\"@type\":\"ListItem\",\"position\":1,\"name\":\"Portada\",\"item\":\"https:\/\/sombrafestival.com\/\"},{\"@type\":\"ListItem\",\"position\":2,\"name\":\"Jurado largometrajes 2022: Jaume Balaguero\"}]},{\"@type\":\"WebSite\",\"@id\":\"https:\/\/sombrafestival.com\/en\/#website\",\"url\":\"https:\/\/sombrafestival.com\/en\/\",\"name\":\"Sombra Festival\",\"description\":\"XIII Festival de Cine Fant\u00e1stico Europeo de Murcia, 8-17 MARZO 2024\",\"publisher\":{\"@id\":\"https:\/\/sombrafestival.com\/en\/#organization\"},\"potentialAction\":[{\"@type\":\"SearchAction\",\"target\":{\"@type\":\"EntryPoint\",\"urlTemplate\":\"https:\/\/sombrafestival.com\/en\/?s={search_term_string}\"},\"query-input\":{\"@type\":\"PropertyValueSpecification\",\"valueRequired\":true,\"valueName\":\"search_term_string\"}}],\"inLanguage\":\"en-GB\"},{\"@type\":\"Organization\",\"@id\":\"https:\/\/sombrafestival.com\/en\/#organization\",\"name\":\"SOMBRA, IX FESTIVAL DE CINE FANTASTICO EUROPEO DE MURCIA\",\"url\":\"https:\/\/sombrafestival.com\/en\/\",\"logo\":{\"@type\":\"ImageObject\",\"inLanguage\":\"en-GB\",\"@id\":\"https:\/\/sombrafestival.com\/en\/#\/schema\/logo\/image\/\",\"url\":\"https:\/\/sombrafestival.com\/wp-content\/uploads\/2019\/10\/Sombra-LogoIdentificador-Negativo.jpg\",\"contentUrl\":\"https:\/\/sombrafestival.com\/wp-content\/uploads\/2019\/10\/Sombra-LogoIdentificador-Negativo.jpg\",\"width\":400,\"height\":400,\"caption\":\"SOMBRA, IX FESTIVAL DE CINE FANTASTICO EUROPEO DE MURCIA\"},\"image\":{\"@id\":\"https:\/\/sombrafestival.com\/en\/#\/schema\/logo\/image\/\"},\"sameAs\":[\"https:\/\/www.facebook.com\/Sombra-Festival-De-CINE-Fantastico-Europeo-De-Murcia-175337032531429\/\",\"https:\/\/x.com\/SombraFestival\",\"https:\/\/www.instagram.com\/sombrafestival\/\",\"https:\/\/www.youtube.com\/channel\/UCBdSJni9V30Tq4cGf4Lj0Ug?view_as=subscriber\"]}]}<\/script>\n<!-- \/ Yoast SEO plugin. -->","yoast_head_json":{"title":"Jurado largometrajes 2022: Jaume Balaguero - Sombra Festival","robots":{"index":"index","follow":"follow","max-snippet":"max-snippet:-1","max-image-preview":"max-image-preview:large","max-video-preview":"max-video-preview:-1"},"canonical":"https:\/\/sombrafestival.com\/en\/jurado-largometrajes-2022-jaume-balaguero\/","og_locale":"en_GB","og_type":"article","og_title":"Jurado largometrajes 2022: Jaume Balaguero - Sombra Festival","og_description":"Jaume Balaguero Nacido en L\u00e9rida en noviembre de 1968, Jaume Balaguer\u00f3 supo desde joven que sus intereses se orientaban hacia el s\u00e9ptimo arte, estudios que compagin\u00f3 con un grado en Ciencias de la Comunicaci\u00f3n. Su primer largometraje como director fue Los sin nombre, pel\u00edcula premiada con el M\u00e9li\u00e8s de Oro a Mejor Filme Fant\u00e1stico Europeo. [&hellip;]","og_url":"https:\/\/sombrafestival.com\/en\/jurado-largometrajes-2022-jaume-balaguero\/","og_site_name":"Sombra Festival","article_publisher":"https:\/\/www.facebook.com\/Sombra-Festival-De-CINE-Fantastico-Europeo-De-Murcia-175337032531429\/","article_modified_time":"2022-02-09T19:53:50+00:00","og_image":[{"url":"https:\/\/sombrafestival.com\/wp-content\/uploads\/2022\/02\/jaume-balaguero.jpg","type":"","width":"","height":""}],"twitter_card":"summary_large_image","twitter_site":"@SombraFestival","twitter_misc":{"Est. reading time":"1 minute"},"schema":{"@context":"https:\/\/schema.org","@graph":[{"@type":"WebPage","@id":"https:\/\/sombrafestival.com\/jurado-largometrajes-2022-jaume-balaguero\/","url":"https:\/\/sombrafestival.com\/jurado-largometrajes-2022-jaume-balaguero\/","name":"Jurado largometrajes 2022: Jaume Balaguero - Sombra Festival","isPartOf":{"@id":"https:\/\/sombrafestival.com\/en\/#website"},"primaryImageOfPage":{"@id":"https:\/\/sombrafestival.com\/jurado-largometrajes-2022-jaume-balaguero\/#primaryimage"},"image":{"@id":"https:\/\/sombrafestival.com\/jurado-largometrajes-2022-jaume-balaguero\/#primaryimage"},"thumbnailUrl":"https:\/\/sombrafestival.com\/wp-content\/uploads\/2022\/02\/jaume-balaguero.jpg","datePublished":"2022-02-09T19:53:49+00:00","dateModified":"2022-02-09T19:53:50+00:00","breadcrumb":{"@id":"https:\/\/sombrafestival.com\/jurado-largometrajes-2022-jaume-balaguero\/#breadcrumb"},"inLanguage":"en-GB","potentialAction":[{"@type":"ReadAction","target":["https:\/\/sombrafestival.com\/jurado-largometrajes-2022-jaume-balaguero\/"]}]},{"@type":"ImageObject","inLanguage":"en-GB","@id":"https:\/\/sombrafestival.com\/jurado-largometrajes-2022-jaume-balaguero\/#primaryimage","url":"https:\/\/sombrafestival.com\/wp-content\/uploads\/2022\/02\/jaume-balaguero.jpg","contentUrl":"https:\/\/sombrafestival.com\/wp-content\/uploads\/2022\/02\/jaume-balaguero.jpg"},{"@type":"BreadcrumbList","@id":"https:\/\/sombrafestival.com\/jurado-largometrajes-2022-jaume-balaguero\/#breadcrumb","itemListElement":[{"@type":"ListItem","position":1,"name":"Portada","item":"https:\/\/sombrafestival.com\/"},{"@type":"ListItem","position":2,"name":"Jurado largometrajes 2022: Jaume Balaguero"}]},{"@type":"WebSite","@id":"https:\/\/sombrafestival.com\/en\/#website","url":"https:\/\/sombrafestival.com\/en\/","name":"Sombra Festival","description":"XIII Festival de Cine Fant\u00e1stico Europeo de Murcia, 8-17 MARZO 2024","publisher":{"@id":"https:\/\/sombrafestival.com\/en\/#organization"},"potentialAction":[{"@type":"SearchAction","target":{"@type":"EntryPoint","urlTemplate":"https:\/\/sombrafestival.com\/en\/?s={search_term_string}"},"query-input":{"@type":"PropertyValueSpecification","valueRequired":true,"valueName":"search_term_string"}}],"inLanguage":"en-GB"},{"@type":"Organization","@id":"https:\/\/sombrafestival.com\/en\/#organization","name":"SOMBRA, IX FESTIVAL DE CINE FANTASTICO EUROPEO DE MURCIA","url":"https:\/\/sombrafestival.com\/en\/","logo":{"@type":"ImageObject","inLanguage":"en-GB","@id":"https:\/\/sombrafestival.com\/en\/#\/schema\/logo\/image\/","url":"https:\/\/sombrafestival.com\/wp-content\/uploads\/2019\/10\/Sombra-LogoIdentificador-Negativo.jpg","contentUrl":"https:\/\/sombrafestival.com\/wp-content\/uploads\/2019\/10\/Sombra-LogoIdentificador-Negativo.jpg","width":400,"height":400,"caption":"SOMBRA, IX FESTIVAL DE CINE FANTASTICO EUROPEO DE MURCIA"},"image":{"@id":"https:\/\/sombrafestival.com\/en\/#\/schema\/logo\/image\/"},"sameAs":["https:\/\/www.facebook.com\/Sombra-Festival-De-CINE-Fantastico-Europeo-De-Murcia-175337032531429\/","https:\/\/x.com\/SombraFestival","https:\/\/www.instagram.com\/sombrafestival\/","https:\/\/www.youtube.com\/channel\/UCBdSJni9V30Tq4cGf4Lj0Ug?view_as=subscriber"]}]}},"_links":{"self":[{"href":"https:\/\/sombrafestival.com\/en\/wp-json\/wp\/v2\/pages\/4259","targetHints":{"allow":["GET"]}}],"collection":[{"href":"https:\/\/sombrafestival.com\/en\/wp-json\/wp\/v2\/pages"}],"about":[{"href":"https:\/\/sombrafestival.com\/en\/wp-json\/wp\/v2\/types\/page"}],"author":[{"embeddable":true,"href":"https:\/\/sombrafestival.com\/en\/wp-json\/wp\/v2\/users\/2"}],"replies":[{"embeddable":true,"href":"https:\/\/sombrafestival.com\/en\/wp-json\/wp\/v2\/comments?post=4259"}],"version-history":[{"count":2,"href":"https:\/\/sombrafestival.com\/en\/wp-json\/wp\/v2\/pages\/4259\/revisions"}],"predecessor-version":[{"id":4388,"href":"https:\/\/sombrafestival.com\/en\/wp-json\/wp\/v2\/pages\/4259\/revisions\/4388"}],"wp:attachment":[{"href":"https:\/\/sombrafestival.com\/en\/wp-json\/wp\/v2\/media?parent=4259"}],"curies":[{"name":"wp","href":"https:\/\/api.w.org\/{rel}","templated":true}]}}