{"id":4262,"date":"2022-02-07T20:11:19","date_gmt":"2022-02-07T19:11:19","guid":{"rendered":"https:\/\/sombrafestival.com\/?page_id=4262"},"modified":"2022-02-14T19:55:24","modified_gmt":"2022-02-14T18:55:24","slug":"jurado-largometrajes-2022-marian-salgado","status":"publish","type":"page","link":"https:\/\/sombrafestival.com\/en\/jurado-largometrajes-2022-marian-salgado\/","title":{"rendered":"Jurado largometrajes 2022: Marian Salgado"},"content":{"rendered":"<p class=\"has-text-color has-background has-large-font-size has-very-dark-gray-color has-very-light-gray-background-color\"><strong>Marian Salgado<\/strong><\/p>\n\n\n\n<p>La actriz <strong>Marian Salgado<\/strong> protagoniz\u00f3 <strong>La endemoniada (1975)<\/strong>, particip\u00f3 en <strong>El extra\u00f1o amor de los vampiros (1975)<\/strong>, <strong>\u00bfQui\u00e9n puede matar a un ni\u00f1o? (1976)<\/strong>, en el corto <strong>El \u00faltimo gui\u00f3n (2015)<\/strong>, fue la voz de Linda Blair en <strong>El exorcista (The Exorcist, 1973)<\/strong> y es autora del libro autobiogr\u00e1fico <strong>La hija del periodista<\/strong> publicado por la editorial <strong>Applehead Team Creaciones<\/strong>.<\/p>\n\n\n\n<div class=\"wp-block-image td-caption-align-https:\/\/sombrafestival.com\/wp-content\/uploads\/2022\/02\/marian-salgado.jpg\"><figure class=\"aligncenter\"><img loading=\"lazy\" decoding=\"async\" width=\"300\" height=\"300\" src=\"https:\/\/sombrafestival.com\/wp-content\/uploads\/2022\/02\/marian-salgado-300x300.jpg\" alt=\"Marian Salgado\" class=\"wp-image-4263\" srcset=\"https:\/\/sombrafestival.com\/wp-content\/uploads\/2022\/02\/marian-salgado-300x300.jpg 300w, https:\/\/sombrafestival.com\/wp-content\/uploads\/2022\/02\/marian-salgado-1024x1024.jpg 1024w, https:\/\/sombrafestival.com\/wp-content\/uploads\/2022\/02\/marian-salgado-150x150.jpg 150w, https:\/\/sombrafestival.com\/wp-content\/uploads\/2022\/02\/marian-salgado-768x767.jpg 768w, https:\/\/sombrafestival.com\/wp-content\/uploads\/2022\/02\/marian-salgado-696x695.jpg 696w, https:\/\/sombrafestival.com\/wp-content\/uploads\/2022\/02\/marian-salgado-1068x1067.jpg 1068w, https:\/\/sombrafestival.com\/wp-content\/uploads\/2022\/02\/marian-salgado-421x420.jpg 421w, https:\/\/sombrafestival.com\/wp-content\/uploads\/2022\/02\/marian-salgado.jpg 1440w\" sizes=\"auto, (max-width: 300px) 100vw, 300px\" \/><\/figure><\/div>\n\n\n\n<p><em>Biograf\u00eda: Francesc Sirvent<\/em><\/p>","protected":false},"excerpt":{"rendered":"<p>Marian Salgado La actriz Marian Salgado protagoniz\u00f3 La endemoniada (1975), particip\u00f3 en El extra\u00f1o amor de los vampiros (1975), \u00bfQui\u00e9n puede matar a un ni\u00f1o? (1976), en el corto El \u00faltimo gui\u00f3n (2015), fue la voz de Linda Blair en El exorcista (The Exorcist, 1973) y es autora del libro autobiogr\u00e1fico La hija del periodista [&hellip;]<\/p>","protected":false},"author":2,"featured_media":0,"parent":0,"menu_order":0,"comment_status":"closed","ping_status":"closed","template":"","meta":{"footnotes":""},"class_list":["post-4262","page","type-page","status-publish"],"yoast_head":"<!-- This site is optimized with the Yoast SEO plugin v24.3 - https:\/\/yoast.com\/wordpress\/plugins\/seo\/ -->\n<title>Jurado largometrajes 2022: Marian Salgado - Sombra Festival<\/title>\n<meta name=\"robots\" content=\"index, follow, max-snippet:-1, max-image-preview:large, max-video-preview:-1\" \/>\n<link rel=\"canonical\" href=\"https:\/\/sombrafestival.com\/en\/jurado-largometrajes-2022-marian-salgado\/\" \/>\n<meta property=\"og:locale\" content=\"en_GB\" \/>\n<meta property=\"og:type\" content=\"article\" \/>\n<meta property=\"og:title\" content=\"Jurado largometrajes 2022: Marian Salgado - Sombra Festival\" \/>\n<meta property=\"og:description\" content=\"Marian Salgado La actriz Marian Salgado protagoniz\u00f3 La endemoniada (1975), particip\u00f3 en El extra\u00f1o amor de los vampiros (1975), \u00bfQui\u00e9n puede matar a un ni\u00f1o? (1976), en el corto El \u00faltimo gui\u00f3n (2015), fue la voz de Linda Blair en El exorcista (The Exorcist, 1973) y es autora del libro autobiogr\u00e1fico La hija del periodista [&hellip;]\" \/>\n<meta property=\"og:url\" content=\"https:\/\/sombrafestival.com\/en\/jurado-largometrajes-2022-marian-salgado\/\" \/>\n<meta property=\"og:site_name\" content=\"Sombra Festival\" \/>\n<meta property=\"article:publisher\" content=\"https:\/\/www.facebook.com\/Sombra-Festival-De-CINE-Fantastico-Europeo-De-Murcia-175337032531429\/\" \/>\n<meta property=\"article:modified_time\" content=\"2022-02-14T18:55:24+00:00\" \/>\n<meta property=\"og:image\" content=\"https:\/\/sombrafestival.com\/wp-content\/uploads\/2022\/02\/marian-salgado-300x300.jpg\" \/>\n<meta name=\"twitter:card\" content=\"summary_large_image\" \/>\n<meta name=\"twitter:site\" content=\"@SombraFestival\" \/>\n<script type=\"application\/ld+json\" class=\"yoast-schema-graph\">{\"@context\":\"https:\/\/schema.org\",\"@graph\":[{\"@type\":\"WebPage\",\"@id\":\"https:\/\/sombrafestival.com\/jurado-largometrajes-2022-marian-salgado\/\",\"url\":\"https:\/\/sombrafestival.com\/jurado-largometrajes-2022-marian-salgado\/\",\"name\":\"Jurado largometrajes 2022: Marian Salgado - Sombra Festival\",\"isPartOf\":{\"@id\":\"https:\/\/sombrafestival.com\/en\/#website\"},\"primaryImageOfPage\":{\"@id\":\"https:\/\/sombrafestival.com\/jurado-largometrajes-2022-marian-salgado\/#primaryimage\"},\"image\":{\"@id\":\"https:\/\/sombrafestival.com\/jurado-largometrajes-2022-marian-salgado\/#primaryimage\"},\"thumbnailUrl\":\"https:\/\/sombrafestival.com\/wp-content\/uploads\/2022\/02\/marian-salgado-300x300.jpg\",\"datePublished\":\"2022-02-07T19:11:19+00:00\",\"dateModified\":\"2022-02-14T18:55:24+00:00\",\"breadcrumb\":{\"@id\":\"https:\/\/sombrafestival.com\/jurado-largometrajes-2022-marian-salgado\/#breadcrumb\"},\"inLanguage\":\"en-GB\",\"potentialAction\":[{\"@type\":\"ReadAction\",\"target\":[\"https:\/\/sombrafestival.com\/jurado-largometrajes-2022-marian-salgado\/\"]}]},{\"@type\":\"ImageObject\",\"inLanguage\":\"en-GB\",\"@id\":\"https:\/\/sombrafestival.com\/jurado-largometrajes-2022-marian-salgado\/#primaryimage\",\"url\":\"https:\/\/sombrafestival.com\/wp-content\/uploads\/2022\/02\/marian-salgado-300x300.jpg\",\"contentUrl\":\"https:\/\/sombrafestival.com\/wp-content\/uploads\/2022\/02\/marian-salgado-300x300.jpg\"},{\"@type\":\"BreadcrumbList\",\"@id\":\"https:\/\/sombrafestival.com\/jurado-largometrajes-2022-marian-salgado\/#breadcrumb\",\"itemListElement\":[{\"@type\":\"ListItem\",\"position\":1,\"name\":\"Portada\",\"item\":\"https:\/\/sombrafestival.com\/\"},{\"@type\":\"ListItem\",\"position\":2,\"name\":\"Jurado largometrajes 2022: Marian Salgado\"}]},{\"@type\":\"WebSite\",\"@id\":\"https:\/\/sombrafestival.com\/en\/#website\",\"url\":\"https:\/\/sombrafestival.com\/en\/\",\"name\":\"Sombra Festival\",\"description\":\"XIII Festival de Cine Fant\u00e1stico Europeo de Murcia, 8-17 MARZO 2024\",\"publisher\":{\"@id\":\"https:\/\/sombrafestival.com\/en\/#organization\"},\"potentialAction\":[{\"@type\":\"SearchAction\",\"target\":{\"@type\":\"EntryPoint\",\"urlTemplate\":\"https:\/\/sombrafestival.com\/en\/?s={search_term_string}\"},\"query-input\":{\"@type\":\"PropertyValueSpecification\",\"valueRequired\":true,\"valueName\":\"search_term_string\"}}],\"inLanguage\":\"en-GB\"},{\"@type\":\"Organization\",\"@id\":\"https:\/\/sombrafestival.com\/en\/#organization\",\"name\":\"SOMBRA, IX FESTIVAL DE CINE FANTASTICO EUROPEO DE MURCIA\",\"url\":\"https:\/\/sombrafestival.com\/en\/\",\"logo\":{\"@type\":\"ImageObject\",\"inLanguage\":\"en-GB\",\"@id\":\"https:\/\/sombrafestival.com\/en\/#\/schema\/logo\/image\/\",\"url\":\"https:\/\/sombrafestival.com\/wp-content\/uploads\/2019\/10\/Sombra-LogoIdentificador-Negativo.jpg\",\"contentUrl\":\"https:\/\/sombrafestival.com\/wp-content\/uploads\/2019\/10\/Sombra-LogoIdentificador-Negativo.jpg\",\"width\":400,\"height\":400,\"caption\":\"SOMBRA, IX FESTIVAL DE CINE FANTASTICO EUROPEO DE MURCIA\"},\"image\":{\"@id\":\"https:\/\/sombrafestival.com\/en\/#\/schema\/logo\/image\/\"},\"sameAs\":[\"https:\/\/www.facebook.com\/Sombra-Festival-De-CINE-Fantastico-Europeo-De-Murcia-175337032531429\/\",\"https:\/\/x.com\/SombraFestival\",\"https:\/\/www.instagram.com\/sombrafestival\/\",\"https:\/\/www.youtube.com\/channel\/UCBdSJni9V30Tq4cGf4Lj0Ug?view_as=subscriber\"]}]}<\/script>\n<!-- \/ Yoast SEO plugin. -->","yoast_head_json":{"title":"Jurado largometrajes 2022: Marian Salgado - Sombra Festival","robots":{"index":"index","follow":"follow","max-snippet":"max-snippet:-1","max-image-preview":"max-image-preview:large","max-video-preview":"max-video-preview:-1"},"canonical":"https:\/\/sombrafestival.com\/en\/jurado-largometrajes-2022-marian-salgado\/","og_locale":"en_GB","og_type":"article","og_title":"Jurado largometrajes 2022: Marian Salgado - Sombra Festival","og_description":"Marian Salgado La actriz Marian Salgado protagoniz\u00f3 La endemoniada (1975), particip\u00f3 en El extra\u00f1o amor de los vampiros (1975), \u00bfQui\u00e9n puede matar a un ni\u00f1o? (1976), en el corto El \u00faltimo gui\u00f3n (2015), fue la voz de Linda Blair en El exorcista (The Exorcist, 1973) y es autora del libro autobiogr\u00e1fico La hija del periodista [&hellip;]","og_url":"https:\/\/sombrafestival.com\/en\/jurado-largometrajes-2022-marian-salgado\/","og_site_name":"Sombra Festival","article_publisher":"https:\/\/www.facebook.com\/Sombra-Festival-De-CINE-Fantastico-Europeo-De-Murcia-175337032531429\/","article_modified_time":"2022-02-14T18:55:24+00:00","og_image":[{"url":"https:\/\/sombrafestival.com\/wp-content\/uploads\/2022\/02\/marian-salgado-300x300.jpg","type":"","width":"","height":""}],"twitter_card":"summary_large_image","twitter_site":"@SombraFestival","schema":{"@context":"https:\/\/schema.org","@graph":[{"@type":"WebPage","@id":"https:\/\/sombrafestival.com\/jurado-largometrajes-2022-marian-salgado\/","url":"https:\/\/sombrafestival.com\/jurado-largometrajes-2022-marian-salgado\/","name":"Jurado largometrajes 2022: Marian Salgado - Sombra Festival","isPartOf":{"@id":"https:\/\/sombrafestival.com\/en\/#website"},"primaryImageOfPage":{"@id":"https:\/\/sombrafestival.com\/jurado-largometrajes-2022-marian-salgado\/#primaryimage"},"image":{"@id":"https:\/\/sombrafestival.com\/jurado-largometrajes-2022-marian-salgado\/#primaryimage"},"thumbnailUrl":"https:\/\/sombrafestival.com\/wp-content\/uploads\/2022\/02\/marian-salgado-300x300.jpg","datePublished":"2022-02-07T19:11:19+00:00","dateModified":"2022-02-14T18:55:24+00:00","breadcrumb":{"@id":"https:\/\/sombrafestival.com\/jurado-largometrajes-2022-marian-salgado\/#breadcrumb"},"inLanguage":"en-GB","potentialAction":[{"@type":"ReadAction","target":["https:\/\/sombrafestival.com\/jurado-largometrajes-2022-marian-salgado\/"]}]},{"@type":"ImageObject","inLanguage":"en-GB","@id":"https:\/\/sombrafestival.com\/jurado-largometrajes-2022-marian-salgado\/#primaryimage","url":"https:\/\/sombrafestival.com\/wp-content\/uploads\/2022\/02\/marian-salgado-300x300.jpg","contentUrl":"https:\/\/sombrafestival.com\/wp-content\/uploads\/2022\/02\/marian-salgado-300x300.jpg"},{"@type":"BreadcrumbList","@id":"https:\/\/sombrafestival.com\/jurado-largometrajes-2022-marian-salgado\/#breadcrumb","itemListElement":[{"@type":"ListItem","position":1,"name":"Portada","item":"https:\/\/sombrafestival.com\/"},{"@type":"ListItem","position":2,"name":"Jurado largometrajes 2022: Marian Salgado"}]},{"@type":"WebSite","@id":"https:\/\/sombrafestival.com\/en\/#website","url":"https:\/\/sombrafestival.com\/en\/","name":"Sombra Festival","description":"XIII Festival de Cine Fant\u00e1stico Europeo de Murcia, 8-17 MARZO 2024","publisher":{"@id":"https:\/\/sombrafestival.com\/en\/#organization"},"potentialAction":[{"@type":"SearchAction","target":{"@type":"EntryPoint","urlTemplate":"https:\/\/sombrafestival.com\/en\/?s={search_term_string}"},"query-input":{"@type":"PropertyValueSpecification","valueRequired":true,"valueName":"search_term_string"}}],"inLanguage":"en-GB"},{"@type":"Organization","@id":"https:\/\/sombrafestival.com\/en\/#organization","name":"SOMBRA, IX FESTIVAL DE CINE FANTASTICO EUROPEO DE MURCIA","url":"https:\/\/sombrafestival.com\/en\/","logo":{"@type":"ImageObject","inLanguage":"en-GB","@id":"https:\/\/sombrafestival.com\/en\/#\/schema\/logo\/image\/","url":"https:\/\/sombrafestival.com\/wp-content\/uploads\/2019\/10\/Sombra-LogoIdentificador-Negativo.jpg","contentUrl":"https:\/\/sombrafestival.com\/wp-content\/uploads\/2019\/10\/Sombra-LogoIdentificador-Negativo.jpg","width":400,"height":400,"caption":"SOMBRA, IX FESTIVAL DE CINE FANTASTICO EUROPEO DE MURCIA"},"image":{"@id":"https:\/\/sombrafestival.com\/en\/#\/schema\/logo\/image\/"},"sameAs":["https:\/\/www.facebook.com\/Sombra-Festival-De-CINE-Fantastico-Europeo-De-Murcia-175337032531429\/","https:\/\/x.com\/SombraFestival","https:\/\/www.instagram.com\/sombrafestival\/","https:\/\/www.youtube.com\/channel\/UCBdSJni9V30Tq4cGf4Lj0Ug?view_as=subscriber"]}]}},"_links":{"self":[{"href":"https:\/\/sombrafestival.com\/en\/wp-json\/wp\/v2\/pages\/4262","targetHints":{"allow":["GET"]}}],"collection":[{"href":"https:\/\/sombrafestival.com\/en\/wp-json\/wp\/v2\/pages"}],"about":[{"href":"https:\/\/sombrafestival.com\/en\/wp-json\/wp\/v2\/types\/page"}],"author":[{"embeddable":true,"href":"https:\/\/sombrafestival.com\/en\/wp-json\/wp\/v2\/users\/2"}],"replies":[{"embeddable":true,"href":"https:\/\/sombrafestival.com\/en\/wp-json\/wp\/v2\/comments?post=4262"}],"version-history":[{"count":3,"href":"https:\/\/sombrafestival.com\/en\/wp-json\/wp\/v2\/pages\/4262\/revisions"}],"predecessor-version":[{"id":4730,"href":"https:\/\/sombrafestival.com\/en\/wp-json\/wp\/v2\/pages\/4262\/revisions\/4730"}],"wp:attachment":[{"href":"https:\/\/sombrafestival.com\/en\/wp-json\/wp\/v2\/media?parent=4262"}],"curies":[{"name":"wp","href":"https:\/\/api.w.org\/{rel}","templated":true}]}}