{"id":4731,"date":"2022-02-14T20:05:31","date_gmt":"2022-02-14T19:05:31","guid":{"rendered":"https:\/\/sombrafestival.com\/?page_id=4731"},"modified":"2022-02-14T20:05:32","modified_gmt":"2022-02-14T19:05:32","slug":"jurado-cortometrajes-2022-txintxu-prida","status":"publish","type":"page","link":"https:\/\/sombrafestival.com\/en\/jurado-cortometrajes-2022-txintxu-prida\/","title":{"rendered":"Jurado cortometrajes 2022: Txintxu Prida"},"content":{"rendered":"<p class=\"has-text-color has-background has-large-font-size has-very-dark-gray-color has-very-light-gray-background-color\"><strong>Txintxu Prida<\/strong><\/p>\n\n\n\n<p>Amante del cine, de los fanzines y cortometrajista ocasional desde la adolescencia. Tras licenciarme en comunicaci\u00f3n audiovisual he trabajado en departamentos de direcci\u00f3n de series como <em>YosoyBea<\/em>, <em>Sin tetas no hay para\u00edso<\/em> o <em>Bandolera<\/em>. Llevo m\u00e1s de una d\u00e9cada trabajando en AMCnetworks como programador de cine y series en canales como DARK o la plataforma PLANET HORROR.<\/p>\n\n\n\n<div class=\"wp-block-image\"><figure class=\"aligncenter size-large\"><img loading=\"lazy\" decoding=\"async\" width=\"300\" height=\"300\" src=\"https:\/\/sombrafestival.com\/wp-content\/uploads\/2022\/02\/txintxu-prida-1.jpg\" alt=\"\" class=\"wp-image-4733\" srcset=\"https:\/\/sombrafestival.com\/wp-content\/uploads\/2022\/02\/txintxu-prida-1.jpg 300w, https:\/\/sombrafestival.com\/wp-content\/uploads\/2022\/02\/txintxu-prida-1-150x150.jpg 150w, https:\/\/sombrafestival.com\/wp-content\/uploads\/2022\/02\/txintxu-prida-1-12x12.jpg 12w\" sizes=\"auto, (max-width: 300px) 100vw, 300px\" \/><\/figure><\/div>","protected":false},"excerpt":{"rendered":"<p>Txintxu Prida Amante del cine, de los fanzines y cortometrajista ocasional desde la adolescencia. Tras licenciarme en comunicaci\u00f3n audiovisual he trabajado en departamentos de direcci\u00f3n de series como YosoyBea, Sin tetas no hay para\u00edso o Bandolera. Llevo m\u00e1s de una d\u00e9cada trabajando en AMCnetworks como programador de cine y series en canales como DARK o [&hellip;]<\/p>","protected":false},"author":2,"featured_media":0,"parent":0,"menu_order":0,"comment_status":"closed","ping_status":"closed","template":"","meta":{"footnotes":""},"class_list":["post-4731","page","type-page","status-publish"],"yoast_head":"<!-- This site is optimized with the Yoast SEO plugin v24.3 - https:\/\/yoast.com\/wordpress\/plugins\/seo\/ -->\n<title>Jurado cortometrajes 2022: Txintxu Prida - Sombra Festival<\/title>\n<meta name=\"robots\" content=\"index, follow, max-snippet:-1, max-image-preview:large, max-video-preview:-1\" \/>\n<link rel=\"canonical\" href=\"https:\/\/sombrafestival.com\/en\/jurado-cortometrajes-2022-txintxu-prida\/\" \/>\n<meta property=\"og:locale\" content=\"en_GB\" \/>\n<meta property=\"og:type\" content=\"article\" \/>\n<meta property=\"og:title\" content=\"Jurado cortometrajes 2022: Txintxu Prida - Sombra Festival\" \/>\n<meta property=\"og:description\" content=\"Txintxu Prida Amante del cine, de los fanzines y cortometrajista ocasional desde la adolescencia. Tras licenciarme en comunicaci\u00f3n audiovisual he trabajado en departamentos de direcci\u00f3n de series como YosoyBea, Sin tetas no hay para\u00edso o Bandolera. Llevo m\u00e1s de una d\u00e9cada trabajando en AMCnetworks como programador de cine y series en canales como DARK o [&hellip;]\" \/>\n<meta property=\"og:url\" content=\"https:\/\/sombrafestival.com\/en\/jurado-cortometrajes-2022-txintxu-prida\/\" \/>\n<meta property=\"og:site_name\" content=\"Sombra Festival\" \/>\n<meta property=\"article:publisher\" content=\"https:\/\/www.facebook.com\/Sombra-Festival-De-CINE-Fantastico-Europeo-De-Murcia-175337032531429\/\" \/>\n<meta property=\"article:modified_time\" content=\"2022-02-14T19:05:32+00:00\" \/>\n<meta property=\"og:image\" content=\"https:\/\/sombrafestival.com\/wp-content\/uploads\/2022\/02\/txintxu-prida-1.jpg\" \/>\n<meta name=\"twitter:card\" content=\"summary_large_image\" \/>\n<meta name=\"twitter:site\" content=\"@SombraFestival\" \/>\n<script type=\"application\/ld+json\" class=\"yoast-schema-graph\">{\"@context\":\"https:\/\/schema.org\",\"@graph\":[{\"@type\":\"WebPage\",\"@id\":\"https:\/\/sombrafestival.com\/jurado-cortometrajes-2022-txintxu-prida\/\",\"url\":\"https:\/\/sombrafestival.com\/jurado-cortometrajes-2022-txintxu-prida\/\",\"name\":\"Jurado cortometrajes 2022: Txintxu Prida - Sombra Festival\",\"isPartOf\":{\"@id\":\"https:\/\/sombrafestival.com\/en\/#website\"},\"primaryImageOfPage\":{\"@id\":\"https:\/\/sombrafestival.com\/jurado-cortometrajes-2022-txintxu-prida\/#primaryimage\"},\"image\":{\"@id\":\"https:\/\/sombrafestival.com\/jurado-cortometrajes-2022-txintxu-prida\/#primaryimage\"},\"thumbnailUrl\":\"https:\/\/sombrafestival.com\/wp-content\/uploads\/2022\/02\/txintxu-prida-1.jpg\",\"datePublished\":\"2022-02-14T19:05:31+00:00\",\"dateModified\":\"2022-02-14T19:05:32+00:00\",\"breadcrumb\":{\"@id\":\"https:\/\/sombrafestival.com\/jurado-cortometrajes-2022-txintxu-prida\/#breadcrumb\"},\"inLanguage\":\"en-GB\",\"potentialAction\":[{\"@type\":\"ReadAction\",\"target\":[\"https:\/\/sombrafestival.com\/jurado-cortometrajes-2022-txintxu-prida\/\"]}]},{\"@type\":\"ImageObject\",\"inLanguage\":\"en-GB\",\"@id\":\"https:\/\/sombrafestival.com\/jurado-cortometrajes-2022-txintxu-prida\/#primaryimage\",\"url\":\"https:\/\/sombrafestival.com\/wp-content\/uploads\/2022\/02\/txintxu-prida-1.jpg\",\"contentUrl\":\"https:\/\/sombrafestival.com\/wp-content\/uploads\/2022\/02\/txintxu-prida-1.jpg\"},{\"@type\":\"BreadcrumbList\",\"@id\":\"https:\/\/sombrafestival.com\/jurado-cortometrajes-2022-txintxu-prida\/#breadcrumb\",\"itemListElement\":[{\"@type\":\"ListItem\",\"position\":1,\"name\":\"Portada\",\"item\":\"https:\/\/sombrafestival.com\/\"},{\"@type\":\"ListItem\",\"position\":2,\"name\":\"Jurado cortometrajes 2022: Txintxu Prida\"}]},{\"@type\":\"WebSite\",\"@id\":\"https:\/\/sombrafestival.com\/en\/#website\",\"url\":\"https:\/\/sombrafestival.com\/en\/\",\"name\":\"Sombra Festival\",\"description\":\"XIII Festival de Cine Fant\u00e1stico Europeo de Murcia, 8-17 MARZO 2024\",\"publisher\":{\"@id\":\"https:\/\/sombrafestival.com\/en\/#organization\"},\"potentialAction\":[{\"@type\":\"SearchAction\",\"target\":{\"@type\":\"EntryPoint\",\"urlTemplate\":\"https:\/\/sombrafestival.com\/en\/?s={search_term_string}\"},\"query-input\":{\"@type\":\"PropertyValueSpecification\",\"valueRequired\":true,\"valueName\":\"search_term_string\"}}],\"inLanguage\":\"en-GB\"},{\"@type\":\"Organization\",\"@id\":\"https:\/\/sombrafestival.com\/en\/#organization\",\"name\":\"SOMBRA, IX FESTIVAL DE CINE FANTASTICO EUROPEO DE MURCIA\",\"url\":\"https:\/\/sombrafestival.com\/en\/\",\"logo\":{\"@type\":\"ImageObject\",\"inLanguage\":\"en-GB\",\"@id\":\"https:\/\/sombrafestival.com\/en\/#\/schema\/logo\/image\/\",\"url\":\"https:\/\/sombrafestival.com\/wp-content\/uploads\/2019\/10\/Sombra-LogoIdentificador-Negativo.jpg\",\"contentUrl\":\"https:\/\/sombrafestival.com\/wp-content\/uploads\/2019\/10\/Sombra-LogoIdentificador-Negativo.jpg\",\"width\":400,\"height\":400,\"caption\":\"SOMBRA, IX FESTIVAL DE CINE FANTASTICO EUROPEO DE MURCIA\"},\"image\":{\"@id\":\"https:\/\/sombrafestival.com\/en\/#\/schema\/logo\/image\/\"},\"sameAs\":[\"https:\/\/www.facebook.com\/Sombra-Festival-De-CINE-Fantastico-Europeo-De-Murcia-175337032531429\/\",\"https:\/\/x.com\/SombraFestival\",\"https:\/\/www.instagram.com\/sombrafestival\/\",\"https:\/\/www.youtube.com\/channel\/UCBdSJni9V30Tq4cGf4Lj0Ug?view_as=subscriber\"]}]}<\/script>\n<!-- \/ Yoast SEO plugin. -->","yoast_head_json":{"title":"Jurado cortometrajes 2022: Txintxu Prida - Sombra Festival","robots":{"index":"index","follow":"follow","max-snippet":"max-snippet:-1","max-image-preview":"max-image-preview:large","max-video-preview":"max-video-preview:-1"},"canonical":"https:\/\/sombrafestival.com\/en\/jurado-cortometrajes-2022-txintxu-prida\/","og_locale":"en_GB","og_type":"article","og_title":"Jurado cortometrajes 2022: Txintxu Prida - Sombra Festival","og_description":"Txintxu Prida Amante del cine, de los fanzines y cortometrajista ocasional desde la adolescencia. Tras licenciarme en comunicaci\u00f3n audiovisual he trabajado en departamentos de direcci\u00f3n de series como YosoyBea, Sin tetas no hay para\u00edso o Bandolera. Llevo m\u00e1s de una d\u00e9cada trabajando en AMCnetworks como programador de cine y series en canales como DARK o [&hellip;]","og_url":"https:\/\/sombrafestival.com\/en\/jurado-cortometrajes-2022-txintxu-prida\/","og_site_name":"Sombra Festival","article_publisher":"https:\/\/www.facebook.com\/Sombra-Festival-De-CINE-Fantastico-Europeo-De-Murcia-175337032531429\/","article_modified_time":"2022-02-14T19:05:32+00:00","og_image":[{"url":"https:\/\/sombrafestival.com\/wp-content\/uploads\/2022\/02\/txintxu-prida-1.jpg","type":"","width":"","height":""}],"twitter_card":"summary_large_image","twitter_site":"@SombraFestival","schema":{"@context":"https:\/\/schema.org","@graph":[{"@type":"WebPage","@id":"https:\/\/sombrafestival.com\/jurado-cortometrajes-2022-txintxu-prida\/","url":"https:\/\/sombrafestival.com\/jurado-cortometrajes-2022-txintxu-prida\/","name":"Jurado cortometrajes 2022: Txintxu Prida - Sombra Festival","isPartOf":{"@id":"https:\/\/sombrafestival.com\/en\/#website"},"primaryImageOfPage":{"@id":"https:\/\/sombrafestival.com\/jurado-cortometrajes-2022-txintxu-prida\/#primaryimage"},"image":{"@id":"https:\/\/sombrafestival.com\/jurado-cortometrajes-2022-txintxu-prida\/#primaryimage"},"thumbnailUrl":"https:\/\/sombrafestival.com\/wp-content\/uploads\/2022\/02\/txintxu-prida-1.jpg","datePublished":"2022-02-14T19:05:31+00:00","dateModified":"2022-02-14T19:05:32+00:00","breadcrumb":{"@id":"https:\/\/sombrafestival.com\/jurado-cortometrajes-2022-txintxu-prida\/#breadcrumb"},"inLanguage":"en-GB","potentialAction":[{"@type":"ReadAction","target":["https:\/\/sombrafestival.com\/jurado-cortometrajes-2022-txintxu-prida\/"]}]},{"@type":"ImageObject","inLanguage":"en-GB","@id":"https:\/\/sombrafestival.com\/jurado-cortometrajes-2022-txintxu-prida\/#primaryimage","url":"https:\/\/sombrafestival.com\/wp-content\/uploads\/2022\/02\/txintxu-prida-1.jpg","contentUrl":"https:\/\/sombrafestival.com\/wp-content\/uploads\/2022\/02\/txintxu-prida-1.jpg"},{"@type":"BreadcrumbList","@id":"https:\/\/sombrafestival.com\/jurado-cortometrajes-2022-txintxu-prida\/#breadcrumb","itemListElement":[{"@type":"ListItem","position":1,"name":"Portada","item":"https:\/\/sombrafestival.com\/"},{"@type":"ListItem","position":2,"name":"Jurado cortometrajes 2022: Txintxu Prida"}]},{"@type":"WebSite","@id":"https:\/\/sombrafestival.com\/en\/#website","url":"https:\/\/sombrafestival.com\/en\/","name":"Sombra Festival","description":"XIII Festival de Cine Fant\u00e1stico Europeo de Murcia, 8-17 MARZO 2024","publisher":{"@id":"https:\/\/sombrafestival.com\/en\/#organization"},"potentialAction":[{"@type":"SearchAction","target":{"@type":"EntryPoint","urlTemplate":"https:\/\/sombrafestival.com\/en\/?s={search_term_string}"},"query-input":{"@type":"PropertyValueSpecification","valueRequired":true,"valueName":"search_term_string"}}],"inLanguage":"en-GB"},{"@type":"Organization","@id":"https:\/\/sombrafestival.com\/en\/#organization","name":"SOMBRA, IX FESTIVAL DE CINE FANTASTICO EUROPEO DE MURCIA","url":"https:\/\/sombrafestival.com\/en\/","logo":{"@type":"ImageObject","inLanguage":"en-GB","@id":"https:\/\/sombrafestival.com\/en\/#\/schema\/logo\/image\/","url":"https:\/\/sombrafestival.com\/wp-content\/uploads\/2019\/10\/Sombra-LogoIdentificador-Negativo.jpg","contentUrl":"https:\/\/sombrafestival.com\/wp-content\/uploads\/2019\/10\/Sombra-LogoIdentificador-Negativo.jpg","width":400,"height":400,"caption":"SOMBRA, IX FESTIVAL DE CINE FANTASTICO EUROPEO DE MURCIA"},"image":{"@id":"https:\/\/sombrafestival.com\/en\/#\/schema\/logo\/image\/"},"sameAs":["https:\/\/www.facebook.com\/Sombra-Festival-De-CINE-Fantastico-Europeo-De-Murcia-175337032531429\/","https:\/\/x.com\/SombraFestival","https:\/\/www.instagram.com\/sombrafestival\/","https:\/\/www.youtube.com\/channel\/UCBdSJni9V30Tq4cGf4Lj0Ug?view_as=subscriber"]}]}},"_links":{"self":[{"href":"https:\/\/sombrafestival.com\/en\/wp-json\/wp\/v2\/pages\/4731","targetHints":{"allow":["GET"]}}],"collection":[{"href":"https:\/\/sombrafestival.com\/en\/wp-json\/wp\/v2\/pages"}],"about":[{"href":"https:\/\/sombrafestival.com\/en\/wp-json\/wp\/v2\/types\/page"}],"author":[{"embeddable":true,"href":"https:\/\/sombrafestival.com\/en\/wp-json\/wp\/v2\/users\/2"}],"replies":[{"embeddable":true,"href":"https:\/\/sombrafestival.com\/en\/wp-json\/wp\/v2\/comments?post=4731"}],"version-history":[{"count":2,"href":"https:\/\/sombrafestival.com\/en\/wp-json\/wp\/v2\/pages\/4731\/revisions"}],"predecessor-version":[{"id":4734,"href":"https:\/\/sombrafestival.com\/en\/wp-json\/wp\/v2\/pages\/4731\/revisions\/4734"}],"wp:attachment":[{"href":"https:\/\/sombrafestival.com\/en\/wp-json\/wp\/v2\/media?parent=4731"}],"curies":[{"name":"wp","href":"https:\/\/api.w.org\/{rel}","templated":true}]}}