{"id":4867,"date":"2022-02-20T20:03:30","date_gmt":"2022-02-20T19:03:30","guid":{"rendered":"https:\/\/sombrafestival.com\/?page_id=4867"},"modified":"2022-03-16T20:01:55","modified_gmt":"2022-03-16T19:01:55","slug":"exposicion-alien","status":"publish","type":"page","link":"https:\/\/sombrafestival.com\/en\/exposicion-alien\/","title":{"rendered":"Exposici\u00f3n \u00abAlien\u00bb"},"content":{"rendered":"<ul class=\"td-arrow-list\">\n<li>INAUGURACI\u00d3N: Jueves, 17 de marzo | 19:00<\/li>\n<li>LUGAR: Biblioteca Regional<\/li>\n<li>ENTRADA: Gratuita<\/li>\n<li>Disponible hasta el 11 de abril<\/li>\n<\/ul>\n<p>Sombra tiene el placer de presentar por primera vez en Murcia la exposici\u00f3n con piezas \u00fanicas del <strong>Museo Alien de Barcelona<\/strong>.<\/p>\n<p><img loading=\"lazy\" decoding=\"async\" class=\"size-full wp-image-5041 aligncenter\" src=\"https:\/\/sombrafestival.com\/wp-content\/uploads\/2022\/03\/expo-alien-1.jpg\" alt=\"\" width=\"719\" height=\"1000\" srcset=\"https:\/\/sombrafestival.com\/wp-content\/uploads\/2022\/03\/expo-alien-1.jpg 719w, https:\/\/sombrafestival.com\/wp-content\/uploads\/2022\/03\/expo-alien-1-216x300.jpg 216w, https:\/\/sombrafestival.com\/wp-content\/uploads\/2022\/03\/expo-alien-1-9x12.jpg 9w, https:\/\/sombrafestival.com\/wp-content\/uploads\/2022\/03\/expo-alien-1-696x968.jpg 696w, https:\/\/sombrafestival.com\/wp-content\/uploads\/2022\/03\/expo-alien-1-302x420.jpg 302w\" sizes=\"auto, (max-width: 719px) 100vw, 719px\" \/><\/p>\n<p>La exposici\u00f3n, que se exhibe por primera vez fuera de Barcelona, incluye una postal autografiada de H. R. Giger, el artista gr\u00e1fico responsable de la est\u00e9tica de \u2018Alien\u2019, p\u00f3sters y cuadros en 3D de ediciones limitadas y diversas maquetas, r\u00e9plicas y estatuas de objetos y personajes de la pel\u00edcula. La muestra incluye algunos de los objetos originales utilizados en el rodaje de alguna de las pel\u00edculas de la saga, como un vial, una vasija, un papiro o una mano.<\/p>\n<p>A las 19:30 horas, se celebrar\u00e1 en el Sal\u00f3n de actos de la BRMU un coloquio sobre la pel\u00edcula a cargo de Pedro Rivera y Antonio Rentero.<\/p>\n<p><img loading=\"lazy\" decoding=\"async\" class=\"size-full wp-image-5043 aligncenter\" src=\"https:\/\/sombrafestival.com\/wp-content\/uploads\/2022\/03\/275776332_5315986695079099_7721434390124775315_n.jpg\" alt=\"\" width=\"1133\" height=\"397\" srcset=\"https:\/\/sombrafestival.com\/wp-content\/uploads\/2022\/03\/275776332_5315986695079099_7721434390124775315_n.jpg 1133w, https:\/\/sombrafestival.com\/wp-content\/uploads\/2022\/03\/275776332_5315986695079099_7721434390124775315_n-300x105.jpg 300w, https:\/\/sombrafestival.com\/wp-content\/uploads\/2022\/03\/275776332_5315986695079099_7721434390124775315_n-1024x359.jpg 1024w, https:\/\/sombrafestival.com\/wp-content\/uploads\/2022\/03\/275776332_5315986695079099_7721434390124775315_n-768x269.jpg 768w, https:\/\/sombrafestival.com\/wp-content\/uploads\/2022\/03\/275776332_5315986695079099_7721434390124775315_n-18x6.jpg 18w, https:\/\/sombrafestival.com\/wp-content\/uploads\/2022\/03\/275776332_5315986695079099_7721434390124775315_n-696x244.jpg 696w, https:\/\/sombrafestival.com\/wp-content\/uploads\/2022\/03\/275776332_5315986695079099_7721434390124775315_n-1068x374.jpg 1068w\" sizes=\"auto, (max-width: 1133px) 100vw, 1133px\" \/><\/p>\n<p>Las piezas son parte de la colecci\u00f3n privada de Luis Nostromo:<\/p>\n<ul>\n<li><a href=\"https:\/\/www.facebook.com\/nostromoscollection\">Facebook<\/a><\/li>\n<li><a href=\"https:\/\/www.instagram.com\/luis_nostromo\/\">Instagram<\/a><\/li>\n<li><a href=\"https:\/\/twitter.com\/Luisnostromo\">Twitter<\/a><\/li>\n<\/ul>","protected":false},"excerpt":{"rendered":"<p>INAUGURACI\u00d3N: Jueves, 17 de marzo | 19:00 LUGAR: Biblioteca Regional ENTRADA: Gratuita Disponible hasta el 11 de abril Sombra tiene el placer de presentar por primera vez en Murcia la exposici\u00f3n con piezas \u00fanicas del Museo Alien de Barcelona. La exposici\u00f3n, que se exhibe por primera vez fuera de Barcelona, incluye una postal autografiada de [&hellip;]<\/p>","protected":false},"author":2,"featured_media":0,"parent":0,"menu_order":0,"comment_status":"closed","ping_status":"closed","template":"","meta":{"footnotes":""},"class_list":["post-4867","page","type-page","status-publish"],"yoast_head":"<!-- This site is optimized with the Yoast SEO plugin v24.3 - https:\/\/yoast.com\/wordpress\/plugins\/seo\/ -->\n<title>Exposici\u00f3n &quot;Alien&quot; - Sombra Festival<\/title>\n<meta name=\"robots\" content=\"index, follow, max-snippet:-1, max-image-preview:large, max-video-preview:-1\" \/>\n<link rel=\"canonical\" href=\"https:\/\/sombrafestival.com\/en\/exposicion-alien\/\" \/>\n<meta property=\"og:locale\" content=\"en_GB\" \/>\n<meta property=\"og:type\" content=\"article\" \/>\n<meta property=\"og:title\" content=\"Exposici\u00f3n &quot;Alien&quot; - Sombra Festival\" \/>\n<meta property=\"og:description\" content=\"INAUGURACI\u00d3N: Jueves, 17 de marzo | 19:00 LUGAR: Biblioteca Regional ENTRADA: Gratuita Disponible hasta el 11 de abril Sombra tiene el placer de presentar por primera vez en Murcia la exposici\u00f3n con piezas \u00fanicas del Museo Alien de Barcelona. La exposici\u00f3n, que se exhibe por primera vez fuera de Barcelona, incluye una postal autografiada de [&hellip;]\" \/>\n<meta property=\"og:url\" content=\"https:\/\/sombrafestival.com\/en\/exposicion-alien\/\" \/>\n<meta property=\"og:site_name\" content=\"Sombra Festival\" \/>\n<meta property=\"article:publisher\" content=\"https:\/\/www.facebook.com\/Sombra-Festival-De-CINE-Fantastico-Europeo-De-Murcia-175337032531429\/\" \/>\n<meta property=\"article:modified_time\" content=\"2022-03-16T19:01:55+00:00\" \/>\n<meta property=\"og:image\" content=\"https:\/\/sombrafestival.com\/wp-content\/uploads\/2022\/03\/expo-alien-1.jpg\" \/>\n<meta name=\"twitter:card\" content=\"summary_large_image\" \/>\n<meta name=\"twitter:site\" content=\"@SombraFestival\" \/>\n<meta name=\"twitter:label1\" content=\"Est. reading time\" \/>\n\t<meta name=\"twitter:data1\" content=\"1 minute\" \/>\n<script type=\"application\/ld+json\" class=\"yoast-schema-graph\">{\"@context\":\"https:\/\/schema.org\",\"@graph\":[{\"@type\":\"WebPage\",\"@id\":\"https:\/\/sombrafestival.com\/exposicion-alien\/\",\"url\":\"https:\/\/sombrafestival.com\/exposicion-alien\/\",\"name\":\"Exposici\u00f3n \\\"Alien\\\" - Sombra Festival\",\"isPartOf\":{\"@id\":\"https:\/\/sombrafestival.com\/en\/#website\"},\"primaryImageOfPage\":{\"@id\":\"https:\/\/sombrafestival.com\/exposicion-alien\/#primaryimage\"},\"image\":{\"@id\":\"https:\/\/sombrafestival.com\/exposicion-alien\/#primaryimage\"},\"thumbnailUrl\":\"https:\/\/sombrafestival.com\/wp-content\/uploads\/2022\/03\/expo-alien-1.jpg\",\"datePublished\":\"2022-02-20T19:03:30+00:00\",\"dateModified\":\"2022-03-16T19:01:55+00:00\",\"breadcrumb\":{\"@id\":\"https:\/\/sombrafestival.com\/exposicion-alien\/#breadcrumb\"},\"inLanguage\":\"en-GB\",\"potentialAction\":[{\"@type\":\"ReadAction\",\"target\":[\"https:\/\/sombrafestival.com\/exposicion-alien\/\"]}]},{\"@type\":\"ImageObject\",\"inLanguage\":\"en-GB\",\"@id\":\"https:\/\/sombrafestival.com\/exposicion-alien\/#primaryimage\",\"url\":\"https:\/\/sombrafestival.com\/wp-content\/uploads\/2022\/03\/expo-alien-1.jpg\",\"contentUrl\":\"https:\/\/sombrafestival.com\/wp-content\/uploads\/2022\/03\/expo-alien-1.jpg\"},{\"@type\":\"BreadcrumbList\",\"@id\":\"https:\/\/sombrafestival.com\/exposicion-alien\/#breadcrumb\",\"itemListElement\":[{\"@type\":\"ListItem\",\"position\":1,\"name\":\"Portada\",\"item\":\"https:\/\/sombrafestival.com\/\"},{\"@type\":\"ListItem\",\"position\":2,\"name\":\"Exposici\u00f3n \u00abAlien\u00bb\"}]},{\"@type\":\"WebSite\",\"@id\":\"https:\/\/sombrafestival.com\/en\/#website\",\"url\":\"https:\/\/sombrafestival.com\/en\/\",\"name\":\"Sombra Festival\",\"description\":\"XIII Festival de Cine Fant\u00e1stico Europeo de Murcia, 8-17 MARZO 2024\",\"publisher\":{\"@id\":\"https:\/\/sombrafestival.com\/en\/#organization\"},\"potentialAction\":[{\"@type\":\"SearchAction\",\"target\":{\"@type\":\"EntryPoint\",\"urlTemplate\":\"https:\/\/sombrafestival.com\/en\/?s={search_term_string}\"},\"query-input\":{\"@type\":\"PropertyValueSpecification\",\"valueRequired\":true,\"valueName\":\"search_term_string\"}}],\"inLanguage\":\"en-GB\"},{\"@type\":\"Organization\",\"@id\":\"https:\/\/sombrafestival.com\/en\/#organization\",\"name\":\"SOMBRA, IX FESTIVAL DE CINE FANTASTICO EUROPEO DE MURCIA\",\"url\":\"https:\/\/sombrafestival.com\/en\/\",\"logo\":{\"@type\":\"ImageObject\",\"inLanguage\":\"en-GB\",\"@id\":\"https:\/\/sombrafestival.com\/en\/#\/schema\/logo\/image\/\",\"url\":\"https:\/\/sombrafestival.com\/wp-content\/uploads\/2019\/10\/Sombra-LogoIdentificador-Negativo.jpg\",\"contentUrl\":\"https:\/\/sombrafestival.com\/wp-content\/uploads\/2019\/10\/Sombra-LogoIdentificador-Negativo.jpg\",\"width\":400,\"height\":400,\"caption\":\"SOMBRA, IX FESTIVAL DE CINE FANTASTICO EUROPEO DE MURCIA\"},\"image\":{\"@id\":\"https:\/\/sombrafestival.com\/en\/#\/schema\/logo\/image\/\"},\"sameAs\":[\"https:\/\/www.facebook.com\/Sombra-Festival-De-CINE-Fantastico-Europeo-De-Murcia-175337032531429\/\",\"https:\/\/x.com\/SombraFestival\",\"https:\/\/www.instagram.com\/sombrafestival\/\",\"https:\/\/www.youtube.com\/channel\/UCBdSJni9V30Tq4cGf4Lj0Ug?view_as=subscriber\"]}]}<\/script>\n<!-- \/ Yoast SEO plugin. -->","yoast_head_json":{"title":"Exposici\u00f3n \"Alien\" - Sombra Festival","robots":{"index":"index","follow":"follow","max-snippet":"max-snippet:-1","max-image-preview":"max-image-preview:large","max-video-preview":"max-video-preview:-1"},"canonical":"https:\/\/sombrafestival.com\/en\/exposicion-alien\/","og_locale":"en_GB","og_type":"article","og_title":"Exposici\u00f3n \"Alien\" - Sombra Festival","og_description":"INAUGURACI\u00d3N: Jueves, 17 de marzo | 19:00 LUGAR: Biblioteca Regional ENTRADA: Gratuita Disponible hasta el 11 de abril Sombra tiene el placer de presentar por primera vez en Murcia la exposici\u00f3n con piezas \u00fanicas del Museo Alien de Barcelona. La exposici\u00f3n, que se exhibe por primera vez fuera de Barcelona, incluye una postal autografiada de [&hellip;]","og_url":"https:\/\/sombrafestival.com\/en\/exposicion-alien\/","og_site_name":"Sombra Festival","article_publisher":"https:\/\/www.facebook.com\/Sombra-Festival-De-CINE-Fantastico-Europeo-De-Murcia-175337032531429\/","article_modified_time":"2022-03-16T19:01:55+00:00","og_image":[{"url":"https:\/\/sombrafestival.com\/wp-content\/uploads\/2022\/03\/expo-alien-1.jpg","type":"","width":"","height":""}],"twitter_card":"summary_large_image","twitter_site":"@SombraFestival","twitter_misc":{"Est. reading time":"1 minute"},"schema":{"@context":"https:\/\/schema.org","@graph":[{"@type":"WebPage","@id":"https:\/\/sombrafestival.com\/exposicion-alien\/","url":"https:\/\/sombrafestival.com\/exposicion-alien\/","name":"Exposici\u00f3n \"Alien\" - Sombra Festival","isPartOf":{"@id":"https:\/\/sombrafestival.com\/en\/#website"},"primaryImageOfPage":{"@id":"https:\/\/sombrafestival.com\/exposicion-alien\/#primaryimage"},"image":{"@id":"https:\/\/sombrafestival.com\/exposicion-alien\/#primaryimage"},"thumbnailUrl":"https:\/\/sombrafestival.com\/wp-content\/uploads\/2022\/03\/expo-alien-1.jpg","datePublished":"2022-02-20T19:03:30+00:00","dateModified":"2022-03-16T19:01:55+00:00","breadcrumb":{"@id":"https:\/\/sombrafestival.com\/exposicion-alien\/#breadcrumb"},"inLanguage":"en-GB","potentialAction":[{"@type":"ReadAction","target":["https:\/\/sombrafestival.com\/exposicion-alien\/"]}]},{"@type":"ImageObject","inLanguage":"en-GB","@id":"https:\/\/sombrafestival.com\/exposicion-alien\/#primaryimage","url":"https:\/\/sombrafestival.com\/wp-content\/uploads\/2022\/03\/expo-alien-1.jpg","contentUrl":"https:\/\/sombrafestival.com\/wp-content\/uploads\/2022\/03\/expo-alien-1.jpg"},{"@type":"BreadcrumbList","@id":"https:\/\/sombrafestival.com\/exposicion-alien\/#breadcrumb","itemListElement":[{"@type":"ListItem","position":1,"name":"Portada","item":"https:\/\/sombrafestival.com\/"},{"@type":"ListItem","position":2,"name":"Exposici\u00f3n \u00abAlien\u00bb"}]},{"@type":"WebSite","@id":"https:\/\/sombrafestival.com\/en\/#website","url":"https:\/\/sombrafestival.com\/en\/","name":"Sombra Festival","description":"XIII Festival de Cine Fant\u00e1stico Europeo de Murcia, 8-17 MARZO 2024","publisher":{"@id":"https:\/\/sombrafestival.com\/en\/#organization"},"potentialAction":[{"@type":"SearchAction","target":{"@type":"EntryPoint","urlTemplate":"https:\/\/sombrafestival.com\/en\/?s={search_term_string}"},"query-input":{"@type":"PropertyValueSpecification","valueRequired":true,"valueName":"search_term_string"}}],"inLanguage":"en-GB"},{"@type":"Organization","@id":"https:\/\/sombrafestival.com\/en\/#organization","name":"SOMBRA, IX FESTIVAL DE CINE FANTASTICO EUROPEO DE MURCIA","url":"https:\/\/sombrafestival.com\/en\/","logo":{"@type":"ImageObject","inLanguage":"en-GB","@id":"https:\/\/sombrafestival.com\/en\/#\/schema\/logo\/image\/","url":"https:\/\/sombrafestival.com\/wp-content\/uploads\/2019\/10\/Sombra-LogoIdentificador-Negativo.jpg","contentUrl":"https:\/\/sombrafestival.com\/wp-content\/uploads\/2019\/10\/Sombra-LogoIdentificador-Negativo.jpg","width":400,"height":400,"caption":"SOMBRA, IX FESTIVAL DE CINE FANTASTICO EUROPEO DE MURCIA"},"image":{"@id":"https:\/\/sombrafestival.com\/en\/#\/schema\/logo\/image\/"},"sameAs":["https:\/\/www.facebook.com\/Sombra-Festival-De-CINE-Fantastico-Europeo-De-Murcia-175337032531429\/","https:\/\/x.com\/SombraFestival","https:\/\/www.instagram.com\/sombrafestival\/","https:\/\/www.youtube.com\/channel\/UCBdSJni9V30Tq4cGf4Lj0Ug?view_as=subscriber"]}]}},"_links":{"self":[{"href":"https:\/\/sombrafestival.com\/en\/wp-json\/wp\/v2\/pages\/4867","targetHints":{"allow":["GET"]}}],"collection":[{"href":"https:\/\/sombrafestival.com\/en\/wp-json\/wp\/v2\/pages"}],"about":[{"href":"https:\/\/sombrafestival.com\/en\/wp-json\/wp\/v2\/types\/page"}],"author":[{"embeddable":true,"href":"https:\/\/sombrafestival.com\/en\/wp-json\/wp\/v2\/users\/2"}],"replies":[{"embeddable":true,"href":"https:\/\/sombrafestival.com\/en\/wp-json\/wp\/v2\/comments?post=4867"}],"version-history":[{"count":7,"href":"https:\/\/sombrafestival.com\/en\/wp-json\/wp\/v2\/pages\/4867\/revisions"}],"predecessor-version":[{"id":5044,"href":"https:\/\/sombrafestival.com\/en\/wp-json\/wp\/v2\/pages\/4867\/revisions\/5044"}],"wp:attachment":[{"href":"https:\/\/sombrafestival.com\/en\/wp-json\/wp\/v2\/media?parent=4867"}],"curies":[{"name":"wp","href":"https:\/\/api.w.org\/{rel}","templated":true}]}}