{"id":5082,"date":"2022-04-27T18:09:35","date_gmt":"2022-04-27T16:09:35","guid":{"rendered":"https:\/\/sombrafestival.com\/?page_id=5082"},"modified":"2022-04-27T18:13:38","modified_gmt":"2022-04-27T16:13:38","slug":"fundacion-sombra","status":"publish","type":"page","link":"https:\/\/sombrafestival.com\/en\/fundacion-sombra\/","title":{"rendered":"FUNDACI\u00d3N SOMBRA"},"content":{"rendered":"<p><img loading=\"lazy\" decoding=\"async\" class=\"alignnone size-large wp-image-5086\" src=\"https:\/\/sombrafestival.com\/wp-content\/uploads\/2022\/04\/Sombra-LogoIdentificador-NegativoFUNDACION-pdf-983x1024.jpg\" alt=\"\" width=\"696\" height=\"725\" srcset=\"https:\/\/sombrafestival.com\/wp-content\/uploads\/2022\/04\/Sombra-LogoIdentificador-NegativoFUNDACION-pdf-983x1024.jpg 983w, https:\/\/sombrafestival.com\/wp-content\/uploads\/2022\/04\/Sombra-LogoIdentificador-NegativoFUNDACION-pdf-288x300.jpg 288w, https:\/\/sombrafestival.com\/wp-content\/uploads\/2022\/04\/Sombra-LogoIdentificador-NegativoFUNDACION-pdf-768x800.jpg 768w, https:\/\/sombrafestival.com\/wp-content\/uploads\/2022\/04\/Sombra-LogoIdentificador-NegativoFUNDACION-pdf-1475x1536.jpg 1475w, https:\/\/sombrafestival.com\/wp-content\/uploads\/2022\/04\/Sombra-LogoIdentificador-NegativoFUNDACION-pdf-1966x2048.jpg 1966w, https:\/\/sombrafestival.com\/wp-content\/uploads\/2022\/04\/Sombra-LogoIdentificador-NegativoFUNDACION-pdf-12x12.jpg 12w, https:\/\/sombrafestival.com\/wp-content\/uploads\/2022\/04\/Sombra-LogoIdentificador-NegativoFUNDACION-pdf-696x725.jpg 696w, https:\/\/sombrafestival.com\/wp-content\/uploads\/2022\/04\/Sombra-LogoIdentificador-NegativoFUNDACION-pdf-1068x1112.jpg 1068w, https:\/\/sombrafestival.com\/wp-content\/uploads\/2022\/04\/Sombra-LogoIdentificador-NegativoFUNDACION-pdf-1920x2000.jpg 1920w, https:\/\/sombrafestival.com\/wp-content\/uploads\/2022\/04\/Sombra-LogoIdentificador-NegativoFUNDACION-pdf-403x420.jpg 403w\" sizes=\"auto, (max-width: 696px) 100vw, 696px\" \/><\/p>\n<p>En Octubre del 2020 nace la Fundaci\u00f3n Sombra, cuyo Objetivo principal es la Gesti\u00f3n y organizaci\u00f3n del Festival de Cine Fant\u00e1stico Europeo de Murcia, Sombra.<\/p>\n<p>Entre sus objetivos secundarios se halla la realizaci\u00f3n de actividades culturales dentro de las diversas disciplinas art\u00edsticas que se desarrollan en Sombra Festival: Cine, m\u00fasica y c\u00f3mic.<\/p>\n<p>La Fundaci\u00f3n Sombra posee la propiedad de la Marca SOMBRA FESTIVAL, y ya ha organizado las ediciones del 2021 y el 2022 del Festival, as\u00ed como la gira NOSFERATU CENTENARY: LOS AMIGOS DE LOS ANIMALES LIVE SCORE.<\/p>","protected":false},"excerpt":{"rendered":"<p>En Octubre del 2020 nace la Fundaci\u00f3n Sombra, cuyo Objetivo principal es la Gesti\u00f3n y organizaci\u00f3n del Festival de Cine Fant\u00e1stico Europeo de Murcia, Sombra. Entre sus objetivos secundarios se halla la realizaci\u00f3n de actividades culturales dentro de las diversas disciplinas art\u00edsticas que se desarrollan en Sombra Festival: Cine, m\u00fasica y c\u00f3mic. La Fundaci\u00f3n Sombra [&hellip;]<\/p>","protected":false},"author":2,"featured_media":0,"parent":0,"menu_order":0,"comment_status":"closed","ping_status":"closed","template":"","meta":{"footnotes":""},"class_list":["post-5082","page","type-page","status-publish"],"yoast_head":"<!-- This site is optimized with the Yoast SEO plugin v24.3 - https:\/\/yoast.com\/wordpress\/plugins\/seo\/ -->\n<title>FUNDACI\u00d3N SOMBRA - Sombra Festival<\/title>\n<meta name=\"robots\" content=\"index, follow, max-snippet:-1, max-image-preview:large, max-video-preview:-1\" \/>\n<link rel=\"canonical\" href=\"https:\/\/sombrafestival.com\/en\/fundacion-sombra\/\" \/>\n<meta property=\"og:locale\" content=\"en_GB\" \/>\n<meta property=\"og:type\" content=\"article\" \/>\n<meta property=\"og:title\" content=\"FUNDACI\u00d3N SOMBRA - Sombra Festival\" \/>\n<meta property=\"og:description\" content=\"En Octubre del 2020 nace la Fundaci\u00f3n Sombra, cuyo Objetivo principal es la Gesti\u00f3n y organizaci\u00f3n del Festival de Cine Fant\u00e1stico Europeo de Murcia, Sombra. Entre sus objetivos secundarios se halla la realizaci\u00f3n de actividades culturales dentro de las diversas disciplinas art\u00edsticas que se desarrollan en Sombra Festival: Cine, m\u00fasica y c\u00f3mic. La Fundaci\u00f3n Sombra [&hellip;]\" \/>\n<meta property=\"og:url\" content=\"https:\/\/sombrafestival.com\/en\/fundacion-sombra\/\" \/>\n<meta property=\"og:site_name\" content=\"Sombra Festival\" \/>\n<meta property=\"article:publisher\" content=\"https:\/\/www.facebook.com\/Sombra-Festival-De-CINE-Fantastico-Europeo-De-Murcia-175337032531429\/\" \/>\n<meta property=\"article:modified_time\" content=\"2022-04-27T16:13:38+00:00\" \/>\n<meta property=\"og:image\" content=\"https:\/\/sombrafestival.com\/wp-content\/uploads\/2022\/04\/Sombra-LogoIdentificador-NegativoFUNDACION-pdf-983x1024.jpg\" \/>\n<meta name=\"twitter:card\" content=\"summary_large_image\" \/>\n<meta name=\"twitter:site\" content=\"@SombraFestival\" \/>\n<script type=\"application\/ld+json\" class=\"yoast-schema-graph\">{\"@context\":\"https:\/\/schema.org\",\"@graph\":[{\"@type\":\"WebPage\",\"@id\":\"https:\/\/sombrafestival.com\/fundacion-sombra\/\",\"url\":\"https:\/\/sombrafestival.com\/fundacion-sombra\/\",\"name\":\"FUNDACI\u00d3N SOMBRA - Sombra Festival\",\"isPartOf\":{\"@id\":\"https:\/\/sombrafestival.com\/en\/#website\"},\"primaryImageOfPage\":{\"@id\":\"https:\/\/sombrafestival.com\/fundacion-sombra\/#primaryimage\"},\"image\":{\"@id\":\"https:\/\/sombrafestival.com\/fundacion-sombra\/#primaryimage\"},\"thumbnailUrl\":\"https:\/\/sombrafestival.com\/wp-content\/uploads\/2022\/04\/Sombra-LogoIdentificador-NegativoFUNDACION-pdf-983x1024.jpg\",\"datePublished\":\"2022-04-27T16:09:35+00:00\",\"dateModified\":\"2022-04-27T16:13:38+00:00\",\"breadcrumb\":{\"@id\":\"https:\/\/sombrafestival.com\/fundacion-sombra\/#breadcrumb\"},\"inLanguage\":\"en-GB\",\"potentialAction\":[{\"@type\":\"ReadAction\",\"target\":[\"https:\/\/sombrafestival.com\/fundacion-sombra\/\"]}]},{\"@type\":\"ImageObject\",\"inLanguage\":\"en-GB\",\"@id\":\"https:\/\/sombrafestival.com\/fundacion-sombra\/#primaryimage\",\"url\":\"https:\/\/sombrafestival.com\/wp-content\/uploads\/2022\/04\/Sombra-LogoIdentificador-NegativoFUNDACION-pdf-983x1024.jpg\",\"contentUrl\":\"https:\/\/sombrafestival.com\/wp-content\/uploads\/2022\/04\/Sombra-LogoIdentificador-NegativoFUNDACION-pdf-983x1024.jpg\"},{\"@type\":\"BreadcrumbList\",\"@id\":\"https:\/\/sombrafestival.com\/fundacion-sombra\/#breadcrumb\",\"itemListElement\":[{\"@type\":\"ListItem\",\"position\":1,\"name\":\"Portada\",\"item\":\"https:\/\/sombrafestival.com\/\"},{\"@type\":\"ListItem\",\"position\":2,\"name\":\"FUNDACI\u00d3N SOMBRA\"}]},{\"@type\":\"WebSite\",\"@id\":\"https:\/\/sombrafestival.com\/en\/#website\",\"url\":\"https:\/\/sombrafestival.com\/en\/\",\"name\":\"Sombra Festival\",\"description\":\"XIII Festival de Cine Fant\u00e1stico Europeo de Murcia, 8-17 MARZO 2024\",\"publisher\":{\"@id\":\"https:\/\/sombrafestival.com\/en\/#organization\"},\"potentialAction\":[{\"@type\":\"SearchAction\",\"target\":{\"@type\":\"EntryPoint\",\"urlTemplate\":\"https:\/\/sombrafestival.com\/en\/?s={search_term_string}\"},\"query-input\":{\"@type\":\"PropertyValueSpecification\",\"valueRequired\":true,\"valueName\":\"search_term_string\"}}],\"inLanguage\":\"en-GB\"},{\"@type\":\"Organization\",\"@id\":\"https:\/\/sombrafestival.com\/en\/#organization\",\"name\":\"SOMBRA, IX FESTIVAL DE CINE FANTASTICO EUROPEO DE MURCIA\",\"url\":\"https:\/\/sombrafestival.com\/en\/\",\"logo\":{\"@type\":\"ImageObject\",\"inLanguage\":\"en-GB\",\"@id\":\"https:\/\/sombrafestival.com\/en\/#\/schema\/logo\/image\/\",\"url\":\"https:\/\/sombrafestival.com\/wp-content\/uploads\/2019\/10\/Sombra-LogoIdentificador-Negativo.jpg\",\"contentUrl\":\"https:\/\/sombrafestival.com\/wp-content\/uploads\/2019\/10\/Sombra-LogoIdentificador-Negativo.jpg\",\"width\":400,\"height\":400,\"caption\":\"SOMBRA, IX FESTIVAL DE CINE FANTASTICO EUROPEO DE MURCIA\"},\"image\":{\"@id\":\"https:\/\/sombrafestival.com\/en\/#\/schema\/logo\/image\/\"},\"sameAs\":[\"https:\/\/www.facebook.com\/Sombra-Festival-De-CINE-Fantastico-Europeo-De-Murcia-175337032531429\/\",\"https:\/\/x.com\/SombraFestival\",\"https:\/\/www.instagram.com\/sombrafestival\/\",\"https:\/\/www.youtube.com\/channel\/UCBdSJni9V30Tq4cGf4Lj0Ug?view_as=subscriber\"]}]}<\/script>\n<!-- \/ Yoast SEO plugin. -->","yoast_head_json":{"title":"FUNDACI\u00d3N SOMBRA - Sombra Festival","robots":{"index":"index","follow":"follow","max-snippet":"max-snippet:-1","max-image-preview":"max-image-preview:large","max-video-preview":"max-video-preview:-1"},"canonical":"https:\/\/sombrafestival.com\/en\/fundacion-sombra\/","og_locale":"en_GB","og_type":"article","og_title":"FUNDACI\u00d3N SOMBRA - Sombra Festival","og_description":"En Octubre del 2020 nace la Fundaci\u00f3n Sombra, cuyo Objetivo principal es la Gesti\u00f3n y organizaci\u00f3n del Festival de Cine Fant\u00e1stico Europeo de Murcia, Sombra. Entre sus objetivos secundarios se halla la realizaci\u00f3n de actividades culturales dentro de las diversas disciplinas art\u00edsticas que se desarrollan en Sombra Festival: Cine, m\u00fasica y c\u00f3mic. La Fundaci\u00f3n Sombra [&hellip;]","og_url":"https:\/\/sombrafestival.com\/en\/fundacion-sombra\/","og_site_name":"Sombra Festival","article_publisher":"https:\/\/www.facebook.com\/Sombra-Festival-De-CINE-Fantastico-Europeo-De-Murcia-175337032531429\/","article_modified_time":"2022-04-27T16:13:38+00:00","og_image":[{"url":"https:\/\/sombrafestival.com\/wp-content\/uploads\/2022\/04\/Sombra-LogoIdentificador-NegativoFUNDACION-pdf-983x1024.jpg","type":"","width":"","height":""}],"twitter_card":"summary_large_image","twitter_site":"@SombraFestival","schema":{"@context":"https:\/\/schema.org","@graph":[{"@type":"WebPage","@id":"https:\/\/sombrafestival.com\/fundacion-sombra\/","url":"https:\/\/sombrafestival.com\/fundacion-sombra\/","name":"FUNDACI\u00d3N SOMBRA - Sombra Festival","isPartOf":{"@id":"https:\/\/sombrafestival.com\/en\/#website"},"primaryImageOfPage":{"@id":"https:\/\/sombrafestival.com\/fundacion-sombra\/#primaryimage"},"image":{"@id":"https:\/\/sombrafestival.com\/fundacion-sombra\/#primaryimage"},"thumbnailUrl":"https:\/\/sombrafestival.com\/wp-content\/uploads\/2022\/04\/Sombra-LogoIdentificador-NegativoFUNDACION-pdf-983x1024.jpg","datePublished":"2022-04-27T16:09:35+00:00","dateModified":"2022-04-27T16:13:38+00:00","breadcrumb":{"@id":"https:\/\/sombrafestival.com\/fundacion-sombra\/#breadcrumb"},"inLanguage":"en-GB","potentialAction":[{"@type":"ReadAction","target":["https:\/\/sombrafestival.com\/fundacion-sombra\/"]}]},{"@type":"ImageObject","inLanguage":"en-GB","@id":"https:\/\/sombrafestival.com\/fundacion-sombra\/#primaryimage","url":"https:\/\/sombrafestival.com\/wp-content\/uploads\/2022\/04\/Sombra-LogoIdentificador-NegativoFUNDACION-pdf-983x1024.jpg","contentUrl":"https:\/\/sombrafestival.com\/wp-content\/uploads\/2022\/04\/Sombra-LogoIdentificador-NegativoFUNDACION-pdf-983x1024.jpg"},{"@type":"BreadcrumbList","@id":"https:\/\/sombrafestival.com\/fundacion-sombra\/#breadcrumb","itemListElement":[{"@type":"ListItem","position":1,"name":"Portada","item":"https:\/\/sombrafestival.com\/"},{"@type":"ListItem","position":2,"name":"FUNDACI\u00d3N SOMBRA"}]},{"@type":"WebSite","@id":"https:\/\/sombrafestival.com\/en\/#website","url":"https:\/\/sombrafestival.com\/en\/","name":"Sombra Festival","description":"XIII Festival de Cine Fant\u00e1stico Europeo de Murcia, 8-17 MARZO 2024","publisher":{"@id":"https:\/\/sombrafestival.com\/en\/#organization"},"potentialAction":[{"@type":"SearchAction","target":{"@type":"EntryPoint","urlTemplate":"https:\/\/sombrafestival.com\/en\/?s={search_term_string}"},"query-input":{"@type":"PropertyValueSpecification","valueRequired":true,"valueName":"search_term_string"}}],"inLanguage":"en-GB"},{"@type":"Organization","@id":"https:\/\/sombrafestival.com\/en\/#organization","name":"SOMBRA, IX FESTIVAL DE CINE FANTASTICO EUROPEO DE MURCIA","url":"https:\/\/sombrafestival.com\/en\/","logo":{"@type":"ImageObject","inLanguage":"en-GB","@id":"https:\/\/sombrafestival.com\/en\/#\/schema\/logo\/image\/","url":"https:\/\/sombrafestival.com\/wp-content\/uploads\/2019\/10\/Sombra-LogoIdentificador-Negativo.jpg","contentUrl":"https:\/\/sombrafestival.com\/wp-content\/uploads\/2019\/10\/Sombra-LogoIdentificador-Negativo.jpg","width":400,"height":400,"caption":"SOMBRA, IX FESTIVAL DE CINE FANTASTICO EUROPEO DE MURCIA"},"image":{"@id":"https:\/\/sombrafestival.com\/en\/#\/schema\/logo\/image\/"},"sameAs":["https:\/\/www.facebook.com\/Sombra-Festival-De-CINE-Fantastico-Europeo-De-Murcia-175337032531429\/","https:\/\/x.com\/SombraFestival","https:\/\/www.instagram.com\/sombrafestival\/","https:\/\/www.youtube.com\/channel\/UCBdSJni9V30Tq4cGf4Lj0Ug?view_as=subscriber"]}]}},"_links":{"self":[{"href":"https:\/\/sombrafestival.com\/en\/wp-json\/wp\/v2\/pages\/5082","targetHints":{"allow":["GET"]}}],"collection":[{"href":"https:\/\/sombrafestival.com\/en\/wp-json\/wp\/v2\/pages"}],"about":[{"href":"https:\/\/sombrafestival.com\/en\/wp-json\/wp\/v2\/types\/page"}],"author":[{"embeddable":true,"href":"https:\/\/sombrafestival.com\/en\/wp-json\/wp\/v2\/users\/2"}],"replies":[{"embeddable":true,"href":"https:\/\/sombrafestival.com\/en\/wp-json\/wp\/v2\/comments?post=5082"}],"version-history":[{"count":2,"href":"https:\/\/sombrafestival.com\/en\/wp-json\/wp\/v2\/pages\/5082\/revisions"}],"predecessor-version":[{"id":5088,"href":"https:\/\/sombrafestival.com\/en\/wp-json\/wp\/v2\/pages\/5082\/revisions\/5088"}],"wp:attachment":[{"href":"https:\/\/sombrafestival.com\/en\/wp-json\/wp\/v2\/media?parent=5082"}],"curies":[{"name":"wp","href":"https:\/\/api.w.org\/{rel}","templated":true}]}}