{"id":538,"date":"2019-09-26T17:25:47","date_gmt":"2019-09-26T15:25:47","guid":{"rendered":"https:\/\/pruebas.libretacontachon.es\/?page_id=538"},"modified":"2020-01-26T20:25:24","modified_gmt":"2020-01-26T19:25:24","slug":"programacion-2018","status":"publish","type":"page","link":"https:\/\/sombrafestival.com\/en\/programacion-2018\/","title":{"rendered":"Edition 2018"},"content":{"rendered":"<p style=\"text-align: center;\"><span class=\"td_btn td_btn_lg td_3D_btn\" style=\"color: #ffffff;\"><a style=\"color: #ffffff;\" href=\"https:\/\/sombrafestival.com\/wp-content\/uploads\/2020\/01\/PROGRAMACIONCFEM2018.pdf\">Descargar programaci\u00f3n<\/a><\/span><\/p>\n<p style=\"text-align: center;\"><a href=\"https:\/\/sombrafestival.com\/en\/actividades-off-cinema-2018\/\"><span class=\"td_btn td_btn_lg td_3D_btn\" style=\"color: #ffffff;\">Actividades OFF-Cinema<\/span><\/a><\/p>\n<h2 style=\"text-align: center;\">SECCI\u00d3N OFICIAL<\/h2>\n<p><img loading=\"lazy\" decoding=\"async\" class=\"alignnone size-full wp-image-1329\" src=\"https:\/\/sombrafestival.com\/wp-content\/uploads\/2020\/01\/bajo_la_rosa-949996130-large-300x429-1.jpg\" alt=\"\" width=\"300\" height=\"429\" srcset=\"https:\/\/sombrafestival.com\/wp-content\/uploads\/2020\/01\/bajo_la_rosa-949996130-large-300x429-1.jpg 300w, https:\/\/sombrafestival.com\/wp-content\/uploads\/2020\/01\/bajo_la_rosa-949996130-large-300x429-1-210x300.jpg 210w, https:\/\/sombrafestival.com\/wp-content\/uploads\/2020\/01\/bajo_la_rosa-949996130-large-300x429-1-294x420.jpg 294w\" sizes=\"auto, (max-width: 300px) 100vw, 300px\" \/> <img loading=\"lazy\" decoding=\"async\" class=\"alignnone size-full wp-image-1330\" src=\"https:\/\/sombrafestival.com\/wp-content\/uploads\/2020\/01\/compulsion-300x424-1.jpg\" alt=\"\" width=\"300\" height=\"424\" srcset=\"https:\/\/sombrafestival.com\/wp-content\/uploads\/2020\/01\/compulsion-300x424-1.jpg 300w, https:\/\/sombrafestival.com\/wp-content\/uploads\/2020\/01\/compulsion-300x424-1-212x300.jpg 212w, https:\/\/sombrafestival.com\/wp-content\/uploads\/2020\/01\/compulsion-300x424-1-297x420.jpg 297w\" sizes=\"auto, (max-width: 300px) 100vw, 300px\" \/> <img loading=\"lazy\" decoding=\"async\" class=\"alignnone size-full wp-image-1331\" src=\"https:\/\/sombrafestival.com\/wp-content\/uploads\/2020\/01\/laissez_bronzer_les_cadavres-164901878-large-1-300x400-1.jpg\" alt=\"\" width=\"300\" height=\"400\" srcset=\"https:\/\/sombrafestival.com\/wp-content\/uploads\/2020\/01\/laissez_bronzer_les_cadavres-164901878-large-1-300x400-1.jpg 300w, https:\/\/sombrafestival.com\/wp-content\/uploads\/2020\/01\/laissez_bronzer_les_cadavres-164901878-large-1-300x400-1-225x300.jpg 225w\" sizes=\"auto, (max-width: 300px) 100vw, 300px\" \/> <img loading=\"lazy\" decoding=\"async\" class=\"alignnone size-full wp-image-1332\" src=\"https:\/\/sombrafestival.com\/wp-content\/uploads\/2020\/01\/most_beautiful_island-246890981-large-300x444-1.jpg\" alt=\"\" width=\"300\" height=\"444\" srcset=\"https:\/\/sombrafestival.com\/wp-content\/uploads\/2020\/01\/most_beautiful_island-246890981-large-300x444-1.jpg 300w, https:\/\/sombrafestival.com\/wp-content\/uploads\/2020\/01\/most_beautiful_island-246890981-large-300x444-1-203x300.jpg 203w, https:\/\/sombrafestival.com\/wp-content\/uploads\/2020\/01\/most_beautiful_island-246890981-large-300x444-1-284x420.jpg 284w\" sizes=\"auto, (max-width: 300px) 100vw, 300px\" \/> <img loading=\"lazy\" decoding=\"async\" class=\"alignnone size-full wp-image-1333\" src=\"https:\/\/sombrafestival.com\/wp-content\/uploads\/2020\/01\/revenge-337028228-large-1-300x391-1.jpg\" alt=\"\" width=\"300\" height=\"391\" srcset=\"https:\/\/sombrafestival.com\/wp-content\/uploads\/2020\/01\/revenge-337028228-large-1-300x391-1.jpg 300w, https:\/\/sombrafestival.com\/wp-content\/uploads\/2020\/01\/revenge-337028228-large-1-300x391-1-230x300.jpg 230w\" sizes=\"auto, (max-width: 300px) 100vw, 300px\" \/> <img loading=\"lazy\" decoding=\"async\" class=\"alignnone size-full wp-image-1334\" src=\"https:\/\/sombrafestival.com\/wp-content\/uploads\/2020\/01\/the_cured-844258384-large-300x445-1.jpg\" alt=\"\" width=\"300\" height=\"445\" srcset=\"https:\/\/sombrafestival.com\/wp-content\/uploads\/2020\/01\/the_cured-844258384-large-300x445-1.jpg 300w, https:\/\/sombrafestival.com\/wp-content\/uploads\/2020\/01\/the_cured-844258384-large-300x445-1-202x300.jpg 202w, https:\/\/sombrafestival.com\/wp-content\/uploads\/2020\/01\/the_cured-844258384-large-300x445-1-283x420.jpg 283w\" sizes=\"auto, (max-width: 300px) 100vw, 300px\" \/><\/p>\n<h2 style=\"text-align: center;\">PREMIERE<\/h2>\n<p><img loading=\"lazy\" decoding=\"async\" class=\"size-full wp-image-1336 aligncenter\" src=\"https:\/\/sombrafestival.com\/wp-content\/uploads\/2020\/01\/CARTEL-CONDUCTA-ANIMAL-2-300x424-1.jpg\" alt=\"\" width=\"300\" height=\"424\" srcset=\"https:\/\/sombrafestival.com\/wp-content\/uploads\/2020\/01\/CARTEL-CONDUCTA-ANIMAL-2-300x424-1.jpg 300w, https:\/\/sombrafestival.com\/wp-content\/uploads\/2020\/01\/CARTEL-CONDUCTA-ANIMAL-2-300x424-1-212x300.jpg 212w, https:\/\/sombrafestival.com\/wp-content\/uploads\/2020\/01\/CARTEL-CONDUCTA-ANIMAL-2-300x424-1-297x420.jpg 297w\" sizes=\"auto, (max-width: 300px) 100vw, 300px\" \/><\/p>\n<h2 style=\"text-align: center;\">CICLO EST\u00c1N ENTRE NOSOTROS<\/h2>\n<p><img loading=\"lazy\" decoding=\"async\" class=\"size-full wp-image-1337 aligncenter\" src=\"https:\/\/sombrafestival.com\/wp-content\/uploads\/2020\/01\/under_the_skin-636672743-large-300x445-1.jpg\" alt=\"\" width=\"300\" height=\"445\" srcset=\"https:\/\/sombrafestival.com\/wp-content\/uploads\/2020\/01\/under_the_skin-636672743-large-300x445-1.jpg 300w, https:\/\/sombrafestival.com\/wp-content\/uploads\/2020\/01\/under_the_skin-636672743-large-300x445-1-202x300.jpg 202w, https:\/\/sombrafestival.com\/wp-content\/uploads\/2020\/01\/under_the_skin-636672743-large-300x445-1-283x420.jpg 283w\" sizes=\"auto, (max-width: 300px) 100vw, 300px\" \/><\/p>\n<h2 style=\"text-align: center;\">CICLO ANIME<\/h2>\n<p><img loading=\"lazy\" decoding=\"async\" class=\"alignnone size-full wp-image-1338\" src=\"https:\/\/sombrafestival.com\/wp-content\/uploads\/2020\/01\/akira-557684565-large-300x423-1.jpg\" alt=\"\" width=\"300\" height=\"423\" srcset=\"https:\/\/sombrafestival.com\/wp-content\/uploads\/2020\/01\/akira-557684565-large-300x423-1.jpg 300w, https:\/\/sombrafestival.com\/wp-content\/uploads\/2020\/01\/akira-557684565-large-300x423-1-213x300.jpg 213w, https:\/\/sombrafestival.com\/wp-content\/uploads\/2020\/01\/akira-557684565-large-300x423-1-298x420.jpg 298w\" sizes=\"auto, (max-width: 300px) 100vw, 300px\" \/> <img loading=\"lazy\" decoding=\"async\" class=\"alignnone size-full wp-image-1339\" src=\"https:\/\/sombrafestival.com\/wp-content\/uploads\/2020\/01\/Mazinger-Z-Infinity-19-de-enero-de-2018-300x424-1.jpg\" alt=\"\" width=\"300\" height=\"424\" srcset=\"https:\/\/sombrafestival.com\/wp-content\/uploads\/2020\/01\/Mazinger-Z-Infinity-19-de-enero-de-2018-300x424-1.jpg 300w, https:\/\/sombrafestival.com\/wp-content\/uploads\/2020\/01\/Mazinger-Z-Infinity-19-de-enero-de-2018-300x424-1-212x300.jpg 212w, https:\/\/sombrafestival.com\/wp-content\/uploads\/2020\/01\/Mazinger-Z-Infinity-19-de-enero-de-2018-300x424-1-297x420.jpg 297w\" sizes=\"auto, (max-width: 300px) 100vw, 300px\" \/><\/p>\n<h2 style=\"text-align: center;\">CICLO HORROR ALIEN\u00cdGENA<\/h2>\n<p><img loading=\"lazy\" decoding=\"async\" class=\"alignnone size-full wp-image-1340\" src=\"https:\/\/sombrafestival.com\/wp-content\/uploads\/2020\/01\/aliens-el-regreso-poster-1-300x431-1.jpg\" alt=\"\" width=\"300\" height=\"431\" srcset=\"https:\/\/sombrafestival.com\/wp-content\/uploads\/2020\/01\/aliens-el-regreso-poster-1-300x431-1.jpg 300w, https:\/\/sombrafestival.com\/wp-content\/uploads\/2020\/01\/aliens-el-regreso-poster-1-300x431-1-209x300.jpg 209w, https:\/\/sombrafestival.com\/wp-content\/uploads\/2020\/01\/aliens-el-regreso-poster-1-300x431-1-292x420.jpg 292w\" sizes=\"auto, (max-width: 300px) 100vw, 300px\" \/> <img loading=\"lazy\" decoding=\"async\" class=\"alignnone size-full wp-image-1341\" src=\"https:\/\/sombrafestival.com\/wp-content\/uploads\/2020\/01\/coherence-164378169-large-300x432-1.jpg\" alt=\"\" width=\"300\" height=\"432\" srcset=\"https:\/\/sombrafestival.com\/wp-content\/uploads\/2020\/01\/coherence-164378169-large-300x432-1.jpg 300w, https:\/\/sombrafestival.com\/wp-content\/uploads\/2020\/01\/coherence-164378169-large-300x432-1-208x300.jpg 208w, https:\/\/sombrafestival.com\/wp-content\/uploads\/2020\/01\/coherence-164378169-large-300x432-1-292x420.jpg 292w\" sizes=\"auto, (max-width: 300px) 100vw, 300px\" \/> <img loading=\"lazy\" decoding=\"async\" class=\"alignnone size-full wp-image-1342\" src=\"https:\/\/sombrafestival.com\/wp-content\/uploads\/2020\/01\/La_Cosa_2011-Cartel-300x432-1.jpg\" alt=\"\" width=\"300\" height=\"432\" srcset=\"https:\/\/sombrafestival.com\/wp-content\/uploads\/2020\/01\/La_Cosa_2011-Cartel-300x432-1.jpg 300w, https:\/\/sombrafestival.com\/wp-content\/uploads\/2020\/01\/La_Cosa_2011-Cartel-300x432-1-208x300.jpg 208w, https:\/\/sombrafestival.com\/wp-content\/uploads\/2020\/01\/La_Cosa_2011-Cartel-300x432-1-292x420.jpg 292w\" sizes=\"auto, (max-width: 300px) 100vw, 300px\" \/> <img loading=\"lazy\" decoding=\"async\" class=\"alignnone size-full wp-image-1343\" src=\"https:\/\/sombrafestival.com\/wp-content\/uploads\/2020\/01\/moon-979557463-large-300x444-1.jpg\" alt=\"\" width=\"300\" height=\"444\" srcset=\"https:\/\/sombrafestival.com\/wp-content\/uploads\/2020\/01\/moon-979557463-large-300x444-1.jpg 300w, https:\/\/sombrafestival.com\/wp-content\/uploads\/2020\/01\/moon-979557463-large-300x444-1-203x300.jpg 203w, https:\/\/sombrafestival.com\/wp-content\/uploads\/2020\/01\/moon-979557463-large-300x444-1-284x420.jpg 284w\" sizes=\"auto, (max-width: 300px) 100vw, 300px\" \/> <img loading=\"lazy\" decoding=\"async\" class=\"alignnone size-full wp-image-1344\" src=\"https:\/\/sombrafestival.com\/wp-content\/uploads\/2020\/01\/predator-809928908-large-300x432-1.jpg\" alt=\"\" width=\"300\" height=\"432\" srcset=\"https:\/\/sombrafestival.com\/wp-content\/uploads\/2020\/01\/predator-809928908-large-300x432-1.jpg 300w, https:\/\/sombrafestival.com\/wp-content\/uploads\/2020\/01\/predator-809928908-large-300x432-1-208x300.jpg 208w, https:\/\/sombrafestival.com\/wp-content\/uploads\/2020\/01\/predator-809928908-large-300x432-1-292x420.jpg 292w\" sizes=\"auto, (max-width: 300px) 100vw, 300px\" \/> <img loading=\"lazy\" decoding=\"async\" class=\"alignnone size-full wp-image-1345\" src=\"https:\/\/sombrafestival.com\/wp-content\/uploads\/2020\/01\/the_void-969765186-large-300x444-1.jpg\" alt=\"\" width=\"300\" height=\"444\" srcset=\"https:\/\/sombrafestival.com\/wp-content\/uploads\/2020\/01\/the_void-969765186-large-300x444-1.jpg 300w, https:\/\/sombrafestival.com\/wp-content\/uploads\/2020\/01\/the_void-969765186-large-300x444-1-203x300.jpg 203w, https:\/\/sombrafestival.com\/wp-content\/uploads\/2020\/01\/the_void-969765186-large-300x444-1-284x420.jpg 284w\" sizes=\"auto, (max-width: 300px) 100vw, 300px\" \/><\/p>\n<h2 style=\"text-align: center;\">SESI\u00d3N INFANTIL<\/h2>\n<p><img loading=\"lazy\" decoding=\"async\" class=\"size-full wp-image-1346 aligncenter\" src=\"https:\/\/sombrafestival.com\/wp-content\/uploads\/2020\/01\/yokai_watch_tanjo_no_himitsuda_nyan-610812639-large-1-300x400-1.jpg\" alt=\"\" width=\"300\" height=\"400\" srcset=\"https:\/\/sombrafestival.com\/wp-content\/uploads\/2020\/01\/yokai_watch_tanjo_no_himitsuda_nyan-610812639-large-1-300x400-1.jpg 300w, https:\/\/sombrafestival.com\/wp-content\/uploads\/2020\/01\/yokai_watch_tanjo_no_himitsuda_nyan-610812639-large-1-300x400-1-225x300.jpg 225w\" sizes=\"auto, (max-width: 300px) 100vw, 300px\" \/><\/p>\n<h2 style=\"text-align: center;\">SESI\u00d3N OCIO INCLUSIVO CON ASTRADE<\/h2>\n<p><img loading=\"lazy\" decoding=\"async\" class=\"size-full wp-image-1347 aligncenter\" src=\"https:\/\/sombrafestival.com\/wp-content\/uploads\/2020\/01\/the_emoji_movie-172311166-large-300x445-1.jpg\" alt=\"\" width=\"300\" height=\"445\" srcset=\"https:\/\/sombrafestival.com\/wp-content\/uploads\/2020\/01\/the_emoji_movie-172311166-large-300x445-1.jpg 300w, https:\/\/sombrafestival.com\/wp-content\/uploads\/2020\/01\/the_emoji_movie-172311166-large-300x445-1-202x300.jpg 202w, https:\/\/sombrafestival.com\/wp-content\/uploads\/2020\/01\/the_emoji_movie-172311166-large-300x445-1-283x420.jpg 283w\" sizes=\"auto, (max-width: 300px) 100vw, 300px\" \/><\/p>\n<h2 style=\"text-align: center;\">CLAUSURA<\/h2>\n<p><img loading=\"lazy\" decoding=\"async\" class=\"size-full wp-image-1348 aligncenter\" src=\"https:\/\/sombrafestival.com\/wp-content\/uploads\/2020\/01\/CARTEL-VARRY-BRAVA-C-FEM-300x446-1.jpg\" alt=\"\" width=\"300\" height=\"446\" srcset=\"https:\/\/sombrafestival.com\/wp-content\/uploads\/2020\/01\/CARTEL-VARRY-BRAVA-C-FEM-300x446-1.jpg 300w, https:\/\/sombrafestival.com\/wp-content\/uploads\/2020\/01\/CARTEL-VARRY-BRAVA-C-FEM-300x446-1-202x300.jpg 202w, https:\/\/sombrafestival.com\/wp-content\/uploads\/2020\/01\/CARTEL-VARRY-BRAVA-C-FEM-300x446-1-283x420.jpg 283w\" sizes=\"auto, (max-width: 300px) 100vw, 300px\" \/><\/p>","protected":false},"excerpt":{"rendered":"<p>Descargar programaci\u00f3n Actividades OFF-Cinema SECCI\u00d3N OFICIAL PREMIERE CICLO EST\u00c1N ENTRE NOSOTROS CICLO ANIME CICLO HORROR ALIEN\u00cdGENA SESI\u00d3N INFANTIL SESI\u00d3N OCIO INCLUSIVO CON ASTRADE CLAUSURA<\/p>","protected":false},"author":1,"featured_media":0,"parent":0,"menu_order":0,"comment_status":"closed","ping_status":"closed","template":"","meta":{"footnotes":""},"class_list":["post-538","page","type-page","status-publish"],"yoast_head":"<!-- This site is optimized with the Yoast SEO plugin v24.3 - https:\/\/yoast.com\/wordpress\/plugins\/seo\/ -->\n<title>Programaci\u00f3n 2018 - Sombra Festival<\/title>\n<meta name=\"robots\" content=\"index, follow, max-snippet:-1, max-image-preview:large, max-video-preview:-1\" \/>\n<link rel=\"canonical\" href=\"https:\/\/sombrafestival.com\/en\/programacion-2018\/\" \/>\n<meta property=\"og:locale\" content=\"en_GB\" \/>\n<meta property=\"og:type\" content=\"article\" \/>\n<meta property=\"og:title\" content=\"Programaci\u00f3n 2018 - Sombra Festival\" \/>\n<meta property=\"og:description\" content=\"Descargar programaci\u00f3n Actividades OFF-Cinema SECCI\u00d3N OFICIAL PREMIERE CICLO EST\u00c1N ENTRE NOSOTROS CICLO ANIME CICLO HORROR ALIEN\u00cdGENA SESI\u00d3N INFANTIL SESI\u00d3N OCIO INCLUSIVO CON ASTRADE CLAUSURA\" \/>\n<meta property=\"og:url\" content=\"https:\/\/sombrafestival.com\/en\/programacion-2018\/\" \/>\n<meta property=\"og:site_name\" content=\"Sombra Festival\" \/>\n<meta property=\"article:publisher\" content=\"https:\/\/www.facebook.com\/Sombra-Festival-De-CINE-Fantastico-Europeo-De-Murcia-175337032531429\/\" \/>\n<meta property=\"article:modified_time\" content=\"2020-01-26T19:25:24+00:00\" \/>\n<meta property=\"og:image\" content=\"https:\/\/sombrafestival.com\/wp-content\/uploads\/2020\/01\/bajo_la_rosa-949996130-large-300x429-1.jpg\" \/>\n\t<meta property=\"og:image:width\" content=\"300\" \/>\n\t<meta property=\"og:image:height\" content=\"429\" \/>\n\t<meta property=\"og:image:type\" content=\"image\/jpeg\" \/>\n<meta name=\"twitter:card\" content=\"summary_large_image\" \/>\n<meta name=\"twitter:site\" content=\"@SombraFestival\" \/>\n<script type=\"application\/ld+json\" class=\"yoast-schema-graph\">{\"@context\":\"https:\/\/schema.org\",\"@graph\":[{\"@type\":\"WebPage\",\"@id\":\"https:\/\/sombrafestival.com\/programacion-2018\/\",\"url\":\"https:\/\/sombrafestival.com\/programacion-2018\/\",\"name\":\"Programaci\u00f3n 2018 - Sombra Festival\",\"isPartOf\":{\"@id\":\"https:\/\/sombrafestival.com\/en\/#website\"},\"primaryImageOfPage\":{\"@id\":\"https:\/\/sombrafestival.com\/programacion-2018\/#primaryimage\"},\"image\":{\"@id\":\"https:\/\/sombrafestival.com\/programacion-2018\/#primaryimage\"},\"thumbnailUrl\":\"https:\/\/sombrafestival.com\/wp-content\/uploads\/2020\/01\/bajo_la_rosa-949996130-large-300x429-1.jpg\",\"datePublished\":\"2019-09-26T15:25:47+00:00\",\"dateModified\":\"2020-01-26T19:25:24+00:00\",\"breadcrumb\":{\"@id\":\"https:\/\/sombrafestival.com\/programacion-2018\/#breadcrumb\"},\"inLanguage\":\"en-GB\",\"potentialAction\":[{\"@type\":\"ReadAction\",\"target\":[\"https:\/\/sombrafestival.com\/programacion-2018\/\"]}]},{\"@type\":\"ImageObject\",\"inLanguage\":\"en-GB\",\"@id\":\"https:\/\/sombrafestival.com\/programacion-2018\/#primaryimage\",\"url\":\"https:\/\/sombrafestival.com\/wp-content\/uploads\/2020\/01\/bajo_la_rosa-949996130-large-300x429-1.jpg\",\"contentUrl\":\"https:\/\/sombrafestival.com\/wp-content\/uploads\/2020\/01\/bajo_la_rosa-949996130-large-300x429-1.jpg\"},{\"@type\":\"BreadcrumbList\",\"@id\":\"https:\/\/sombrafestival.com\/programacion-2018\/#breadcrumb\",\"itemListElement\":[{\"@type\":\"ListItem\",\"position\":1,\"name\":\"Portada\",\"item\":\"https:\/\/sombrafestival.com\/\"},{\"@type\":\"ListItem\",\"position\":2,\"name\":\"Programaci\u00f3n 2018\"}]},{\"@type\":\"WebSite\",\"@id\":\"https:\/\/sombrafestival.com\/en\/#website\",\"url\":\"https:\/\/sombrafestival.com\/en\/\",\"name\":\"Sombra Festival\",\"description\":\"XIII Festival de Cine Fant\u00e1stico Europeo de Murcia, 8-17 MARZO 2024\",\"publisher\":{\"@id\":\"https:\/\/sombrafestival.com\/en\/#organization\"},\"potentialAction\":[{\"@type\":\"SearchAction\",\"target\":{\"@type\":\"EntryPoint\",\"urlTemplate\":\"https:\/\/sombrafestival.com\/en\/?s={search_term_string}\"},\"query-input\":{\"@type\":\"PropertyValueSpecification\",\"valueRequired\":true,\"valueName\":\"search_term_string\"}}],\"inLanguage\":\"en-GB\"},{\"@type\":\"Organization\",\"@id\":\"https:\/\/sombrafestival.com\/en\/#organization\",\"name\":\"SOMBRA, IX FESTIVAL DE CINE FANTASTICO EUROPEO DE MURCIA\",\"url\":\"https:\/\/sombrafestival.com\/en\/\",\"logo\":{\"@type\":\"ImageObject\",\"inLanguage\":\"en-GB\",\"@id\":\"https:\/\/sombrafestival.com\/en\/#\/schema\/logo\/image\/\",\"url\":\"https:\/\/sombrafestival.com\/wp-content\/uploads\/2019\/10\/Sombra-LogoIdentificador-Negativo.jpg\",\"contentUrl\":\"https:\/\/sombrafestival.com\/wp-content\/uploads\/2019\/10\/Sombra-LogoIdentificador-Negativo.jpg\",\"width\":400,\"height\":400,\"caption\":\"SOMBRA, IX FESTIVAL DE CINE FANTASTICO EUROPEO DE MURCIA\"},\"image\":{\"@id\":\"https:\/\/sombrafestival.com\/en\/#\/schema\/logo\/image\/\"},\"sameAs\":[\"https:\/\/www.facebook.com\/Sombra-Festival-De-CINE-Fantastico-Europeo-De-Murcia-175337032531429\/\",\"https:\/\/x.com\/SombraFestival\",\"https:\/\/www.instagram.com\/sombrafestival\/\",\"https:\/\/www.youtube.com\/channel\/UCBdSJni9V30Tq4cGf4Lj0Ug?view_as=subscriber\"]}]}<\/script>\n<!-- \/ Yoast SEO plugin. -->","yoast_head_json":{"title":"Programaci\u00f3n 2018 - Sombra Festival","robots":{"index":"index","follow":"follow","max-snippet":"max-snippet:-1","max-image-preview":"max-image-preview:large","max-video-preview":"max-video-preview:-1"},"canonical":"https:\/\/sombrafestival.com\/en\/programacion-2018\/","og_locale":"en_GB","og_type":"article","og_title":"Programaci\u00f3n 2018 - Sombra Festival","og_description":"Descargar programaci\u00f3n Actividades OFF-Cinema SECCI\u00d3N OFICIAL PREMIERE CICLO EST\u00c1N ENTRE NOSOTROS CICLO ANIME CICLO HORROR ALIEN\u00cdGENA SESI\u00d3N INFANTIL SESI\u00d3N OCIO INCLUSIVO CON ASTRADE CLAUSURA","og_url":"https:\/\/sombrafestival.com\/en\/programacion-2018\/","og_site_name":"Sombra Festival","article_publisher":"https:\/\/www.facebook.com\/Sombra-Festival-De-CINE-Fantastico-Europeo-De-Murcia-175337032531429\/","article_modified_time":"2020-01-26T19:25:24+00:00","og_image":[{"width":300,"height":429,"url":"https:\/\/sombrafestival.com\/wp-content\/uploads\/2020\/01\/bajo_la_rosa-949996130-large-300x429-1.jpg","type":"image\/jpeg"}],"twitter_card":"summary_large_image","twitter_site":"@SombraFestival","schema":{"@context":"https:\/\/schema.org","@graph":[{"@type":"WebPage","@id":"https:\/\/sombrafestival.com\/programacion-2018\/","url":"https:\/\/sombrafestival.com\/programacion-2018\/","name":"Programaci\u00f3n 2018 - Sombra Festival","isPartOf":{"@id":"https:\/\/sombrafestival.com\/en\/#website"},"primaryImageOfPage":{"@id":"https:\/\/sombrafestival.com\/programacion-2018\/#primaryimage"},"image":{"@id":"https:\/\/sombrafestival.com\/programacion-2018\/#primaryimage"},"thumbnailUrl":"https:\/\/sombrafestival.com\/wp-content\/uploads\/2020\/01\/bajo_la_rosa-949996130-large-300x429-1.jpg","datePublished":"2019-09-26T15:25:47+00:00","dateModified":"2020-01-26T19:25:24+00:00","breadcrumb":{"@id":"https:\/\/sombrafestival.com\/programacion-2018\/#breadcrumb"},"inLanguage":"en-GB","potentialAction":[{"@type":"ReadAction","target":["https:\/\/sombrafestival.com\/programacion-2018\/"]}]},{"@type":"ImageObject","inLanguage":"en-GB","@id":"https:\/\/sombrafestival.com\/programacion-2018\/#primaryimage","url":"https:\/\/sombrafestival.com\/wp-content\/uploads\/2020\/01\/bajo_la_rosa-949996130-large-300x429-1.jpg","contentUrl":"https:\/\/sombrafestival.com\/wp-content\/uploads\/2020\/01\/bajo_la_rosa-949996130-large-300x429-1.jpg"},{"@type":"BreadcrumbList","@id":"https:\/\/sombrafestival.com\/programacion-2018\/#breadcrumb","itemListElement":[{"@type":"ListItem","position":1,"name":"Portada","item":"https:\/\/sombrafestival.com\/"},{"@type":"ListItem","position":2,"name":"Programaci\u00f3n 2018"}]},{"@type":"WebSite","@id":"https:\/\/sombrafestival.com\/en\/#website","url":"https:\/\/sombrafestival.com\/en\/","name":"Sombra Festival","description":"XIII Festival de Cine Fant\u00e1stico Europeo de Murcia, 8-17 MARZO 2024","publisher":{"@id":"https:\/\/sombrafestival.com\/en\/#organization"},"potentialAction":[{"@type":"SearchAction","target":{"@type":"EntryPoint","urlTemplate":"https:\/\/sombrafestival.com\/en\/?s={search_term_string}"},"query-input":{"@type":"PropertyValueSpecification","valueRequired":true,"valueName":"search_term_string"}}],"inLanguage":"en-GB"},{"@type":"Organization","@id":"https:\/\/sombrafestival.com\/en\/#organization","name":"SOMBRA, IX FESTIVAL DE CINE FANTASTICO EUROPEO DE MURCIA","url":"https:\/\/sombrafestival.com\/en\/","logo":{"@type":"ImageObject","inLanguage":"en-GB","@id":"https:\/\/sombrafestival.com\/en\/#\/schema\/logo\/image\/","url":"https:\/\/sombrafestival.com\/wp-content\/uploads\/2019\/10\/Sombra-LogoIdentificador-Negativo.jpg","contentUrl":"https:\/\/sombrafestival.com\/wp-content\/uploads\/2019\/10\/Sombra-LogoIdentificador-Negativo.jpg","width":400,"height":400,"caption":"SOMBRA, IX FESTIVAL DE CINE FANTASTICO EUROPEO DE MURCIA"},"image":{"@id":"https:\/\/sombrafestival.com\/en\/#\/schema\/logo\/image\/"},"sameAs":["https:\/\/www.facebook.com\/Sombra-Festival-De-CINE-Fantastico-Europeo-De-Murcia-175337032531429\/","https:\/\/x.com\/SombraFestival","https:\/\/www.instagram.com\/sombrafestival\/","https:\/\/www.youtube.com\/channel\/UCBdSJni9V30Tq4cGf4Lj0Ug?view_as=subscriber"]}]}},"_links":{"self":[{"href":"https:\/\/sombrafestival.com\/en\/wp-json\/wp\/v2\/pages\/538","targetHints":{"allow":["GET"]}}],"collection":[{"href":"https:\/\/sombrafestival.com\/en\/wp-json\/wp\/v2\/pages"}],"about":[{"href":"https:\/\/sombrafestival.com\/en\/wp-json\/wp\/v2\/types\/page"}],"author":[{"embeddable":true,"href":"https:\/\/sombrafestival.com\/en\/wp-json\/wp\/v2\/users\/1"}],"replies":[{"embeddable":true,"href":"https:\/\/sombrafestival.com\/en\/wp-json\/wp\/v2\/comments?post=538"}],"version-history":[{"count":3,"href":"https:\/\/sombrafestival.com\/en\/wp-json\/wp\/v2\/pages\/538\/revisions"}],"predecessor-version":[{"id":1353,"href":"https:\/\/sombrafestival.com\/en\/wp-json\/wp\/v2\/pages\/538\/revisions\/1353"}],"wp:attachment":[{"href":"https:\/\/sombrafestival.com\/en\/wp-json\/wp\/v2\/media?parent=538"}],"curies":[{"name":"wp","href":"https:\/\/api.w.org\/{rel}","templated":true}]}}