{"id":5403,"date":"2023-02-13T16:12:42","date_gmt":"2023-02-13T15:12:42","guid":{"rendered":"https:\/\/sombrafestival.com\/?page_id=5403"},"modified":"2023-02-13T16:12:42","modified_gmt":"2023-02-13T15:12:42","slug":"ciclo-arkham-literatura-y-comic-presentacion-del-comic-temporada-de-brujas","status":"publish","type":"page","link":"https:\/\/sombrafestival.com\/en\/ciclo-arkham-literatura-y-comic-presentacion-del-comic-temporada-de-brujas\/","title":{"rendered":"Ciclo Arkham Literatura y C\u00f3mic | Presentaci\u00f3n del c\u00f3mic \u201cTemporada de Brujas\u201d"},"content":{"rendered":"<p class=\"has-text-color has-background has-vivid-red-color has-very-light-gray-background-color\"><strong>\u00bfCu\u00e1ndo? <\/strong><em>Jueves, 23 marzo a las 18:30<\/em><strong><br>\u00bfD\u00f3nde? <\/strong>Librer\u00eda 7 H\u00e9roes<strong><br>Precio: &nbsp;<\/strong><em>Gratuito<\/em><\/p>\n\n\n\n<p><strong>Presentaci\u00f3n del c\u00f3mic \u201cTemporada de Brujas\u201d. Charla y sesi\u00f3n de firmas<br>con la autora Sara Soler.<\/strong> <\/p>\n\n\n\n<p>Nueva publicaci\u00f3n de fantas\u00eda juvenil. Editorial Astiberri.<\/p>\n\n\n\n<div class=\"wp-block-image\"><figure class=\"aligncenter size-large\"><img loading=\"lazy\" decoding=\"async\" width=\"392\" height=\"600\" src=\"https:\/\/sombrafestival.com\/wp-content\/uploads\/2023\/02\/temporada-de-brujas.jpg\" alt=\"\" class=\"wp-image-5406\" srcset=\"https:\/\/sombrafestival.com\/wp-content\/uploads\/2023\/02\/temporada-de-brujas.jpg 392w, https:\/\/sombrafestival.com\/wp-content\/uploads\/2023\/02\/temporada-de-brujas-196x300.jpg 196w, https:\/\/sombrafestival.com\/wp-content\/uploads\/2023\/02\/temporada-de-brujas-8x12.jpg 8w, https:\/\/sombrafestival.com\/wp-content\/uploads\/2023\/02\/temporada-de-brujas-274x420.jpg 274w\" sizes=\"auto, (max-width: 392px) 100vw, 392px\" \/><\/figure><\/div>\n\n\n\n<p>Althalia es una bruja de sangre, la m\u00e1s joven de una larga l\u00ednea de brujas de una antigua cultura ind\u00edgena mexicana, pero tambi\u00e9n es una ciudadana estadounidense que apenas conoce el idioma de sus antepasados. Althalia est\u00e1 desubicada, y siente que ninguno de los dos grupos la acepta plenamente.<\/p>\n\n\n\n<p>En sus veinte a\u00f1os, Althalia ha estudiado con su querida abuela a su lado, quien la ha apoyado y guiado en el uso de la magia familiar y a su vez la ha protegido de las partes m\u00e1s oscuras de su pr\u00e1ctica. Pero justo cuando la luz interior y el poder de Althalia comienzan a brillar, la oscuridad del pasado se abre paso en su mundo y asesta un golpe tr\u00e1gico, poni\u00e9ndola a prueba de formas en las que quiz\u00e1s no est\u00e9 lo suficientemente preparada para afrontar.<\/p>\n\n\n\n<p>\u201cLa incomodidad de estar entre mundos me llev\u00f3 a Temporada de brujas y Althalia, que ha seguido el camino que yo inici\u00e9 hace tantos a\u00f1os en el comedor de la escuela. Porque esta es la verdad: todav\u00eda no s\u00e9 si me siento c\u00f3modo viviendo dentro de estos dos mundos. Por un lado no podr\u00eda sentirme m\u00e1s orgulloso de este libro. He visto el impacto que ha tenido sobre cr\u00edos que se reconocen un poco en estas p\u00e1ginas y, sinceramente, me deshago cada vez que pienso en ellos. Pero para m\u00ed todav\u00eda existe ese miedo\u201d, apunta Dur\u00e1n. La b\u00fasqueda de la identidad, el arraigo cultural y la importancia de las ra\u00edces se dan la mano en esta obra maravillosamente ilustrada por Sara Soler y guionizada por Aaron Dur\u00e1n.<\/p>","protected":false},"excerpt":{"rendered":"<p>\u00bfCu\u00e1ndo? Jueves, 23 marzo a las 18:30\u00bfD\u00f3nde? Librer\u00eda 7 H\u00e9roesPrecio: &nbsp;Gratuito Presentaci\u00f3n del c\u00f3mic \u201cTemporada de Brujas\u201d. Charla y sesi\u00f3n de firmascon la autora Sara Soler. Nueva publicaci\u00f3n de fantas\u00eda juvenil. Editorial Astiberri. Althalia es una bruja de sangre, la m\u00e1s joven de una larga l\u00ednea de brujas de una antigua cultura ind\u00edgena mexicana, pero [&hellip;]<\/p>","protected":false},"author":2,"featured_media":5406,"parent":0,"menu_order":0,"comment_status":"closed","ping_status":"closed","template":"","meta":{"footnotes":""},"class_list":["post-5403","page","type-page","status-publish","has-post-thumbnail"],"yoast_head":"<!-- This site is optimized with the Yoast SEO plugin v24.3 - https:\/\/yoast.com\/wordpress\/plugins\/seo\/ -->\n<title>Ciclo Arkham Literatura y C\u00f3mic | Presentaci\u00f3n del c\u00f3mic \u201cTemporada de Brujas\u201d - Sombra Festival<\/title>\n<meta name=\"robots\" content=\"index, follow, max-snippet:-1, max-image-preview:large, max-video-preview:-1\" \/>\n<link rel=\"canonical\" href=\"https:\/\/sombrafestival.com\/en\/ciclo-arkham-literatura-y-comic-presentacion-del-comic-temporada-de-brujas\/\" \/>\n<meta property=\"og:locale\" content=\"en_GB\" \/>\n<meta property=\"og:type\" content=\"article\" \/>\n<meta property=\"og:title\" content=\"Ciclo Arkham Literatura y C\u00f3mic | Presentaci\u00f3n del c\u00f3mic \u201cTemporada de Brujas\u201d - Sombra Festival\" \/>\n<meta property=\"og:description\" content=\"\u00bfCu\u00e1ndo? Jueves, 23 marzo a las 18:30\u00bfD\u00f3nde? Librer\u00eda 7 H\u00e9roesPrecio: &nbsp;Gratuito Presentaci\u00f3n del c\u00f3mic \u201cTemporada de Brujas\u201d. Charla y sesi\u00f3n de firmascon la autora Sara Soler. Nueva publicaci\u00f3n de fantas\u00eda juvenil. Editorial Astiberri. Althalia es una bruja de sangre, la m\u00e1s joven de una larga l\u00ednea de brujas de una antigua cultura ind\u00edgena mexicana, pero [&hellip;]\" \/>\n<meta property=\"og:url\" content=\"https:\/\/sombrafestival.com\/en\/ciclo-arkham-literatura-y-comic-presentacion-del-comic-temporada-de-brujas\/\" \/>\n<meta property=\"og:site_name\" content=\"Sombra Festival\" \/>\n<meta property=\"article:publisher\" content=\"https:\/\/www.facebook.com\/Sombra-Festival-De-CINE-Fantastico-Europeo-De-Murcia-175337032531429\/\" \/>\n<meta property=\"og:image\" content=\"https:\/\/sombrafestival.com\/wp-content\/uploads\/2023\/02\/temporada-de-brujas.jpg\" \/>\n\t<meta property=\"og:image:width\" content=\"392\" \/>\n\t<meta property=\"og:image:height\" content=\"600\" \/>\n\t<meta property=\"og:image:type\" content=\"image\/jpeg\" \/>\n<meta name=\"twitter:card\" content=\"summary_large_image\" \/>\n<meta name=\"twitter:site\" content=\"@SombraFestival\" \/>\n<meta name=\"twitter:label1\" content=\"Est. reading time\" \/>\n\t<meta name=\"twitter:data1\" content=\"2 minutes\" \/>\n<script type=\"application\/ld+json\" class=\"yoast-schema-graph\">{\"@context\":\"https:\/\/schema.org\",\"@graph\":[{\"@type\":\"WebPage\",\"@id\":\"https:\/\/sombrafestival.com\/ciclo-arkham-literatura-y-comic-presentacion-del-comic-temporada-de-brujas\/\",\"url\":\"https:\/\/sombrafestival.com\/ciclo-arkham-literatura-y-comic-presentacion-del-comic-temporada-de-brujas\/\",\"name\":\"Ciclo Arkham Literatura y C\u00f3mic | Presentaci\u00f3n del c\u00f3mic \u201cTemporada de Brujas\u201d - Sombra Festival\",\"isPartOf\":{\"@id\":\"https:\/\/sombrafestival.com\/en\/#website\"},\"primaryImageOfPage\":{\"@id\":\"https:\/\/sombrafestival.com\/ciclo-arkham-literatura-y-comic-presentacion-del-comic-temporada-de-brujas\/#primaryimage\"},\"image\":{\"@id\":\"https:\/\/sombrafestival.com\/ciclo-arkham-literatura-y-comic-presentacion-del-comic-temporada-de-brujas\/#primaryimage\"},\"thumbnailUrl\":\"https:\/\/sombrafestival.com\/wp-content\/uploads\/2023\/02\/temporada-de-brujas.jpg\",\"datePublished\":\"2023-02-13T15:12:42+00:00\",\"dateModified\":\"2023-02-13T15:12:42+00:00\",\"breadcrumb\":{\"@id\":\"https:\/\/sombrafestival.com\/ciclo-arkham-literatura-y-comic-presentacion-del-comic-temporada-de-brujas\/#breadcrumb\"},\"inLanguage\":\"en-GB\",\"potentialAction\":[{\"@type\":\"ReadAction\",\"target\":[\"https:\/\/sombrafestival.com\/ciclo-arkham-literatura-y-comic-presentacion-del-comic-temporada-de-brujas\/\"]}]},{\"@type\":\"ImageObject\",\"inLanguage\":\"en-GB\",\"@id\":\"https:\/\/sombrafestival.com\/ciclo-arkham-literatura-y-comic-presentacion-del-comic-temporada-de-brujas\/#primaryimage\",\"url\":\"https:\/\/sombrafestival.com\/wp-content\/uploads\/2023\/02\/temporada-de-brujas.jpg\",\"contentUrl\":\"https:\/\/sombrafestival.com\/wp-content\/uploads\/2023\/02\/temporada-de-brujas.jpg\",\"width\":392,\"height\":600},{\"@type\":\"BreadcrumbList\",\"@id\":\"https:\/\/sombrafestival.com\/ciclo-arkham-literatura-y-comic-presentacion-del-comic-temporada-de-brujas\/#breadcrumb\",\"itemListElement\":[{\"@type\":\"ListItem\",\"position\":1,\"name\":\"Portada\",\"item\":\"https:\/\/sombrafestival.com\/\"},{\"@type\":\"ListItem\",\"position\":2,\"name\":\"Ciclo Arkham Literatura y C\u00f3mic | Presentaci\u00f3n del c\u00f3mic \u201cTemporada de Brujas\u201d\"}]},{\"@type\":\"WebSite\",\"@id\":\"https:\/\/sombrafestival.com\/en\/#website\",\"url\":\"https:\/\/sombrafestival.com\/en\/\",\"name\":\"Sombra Festival\",\"description\":\"XIII Festival de Cine Fant\u00e1stico Europeo de Murcia, 8-17 MARZO 2024\",\"publisher\":{\"@id\":\"https:\/\/sombrafestival.com\/en\/#organization\"},\"potentialAction\":[{\"@type\":\"SearchAction\",\"target\":{\"@type\":\"EntryPoint\",\"urlTemplate\":\"https:\/\/sombrafestival.com\/en\/?s={search_term_string}\"},\"query-input\":{\"@type\":\"PropertyValueSpecification\",\"valueRequired\":true,\"valueName\":\"search_term_string\"}}],\"inLanguage\":\"en-GB\"},{\"@type\":\"Organization\",\"@id\":\"https:\/\/sombrafestival.com\/en\/#organization\",\"name\":\"SOMBRA, IX FESTIVAL DE CINE FANTASTICO EUROPEO DE MURCIA\",\"url\":\"https:\/\/sombrafestival.com\/en\/\",\"logo\":{\"@type\":\"ImageObject\",\"inLanguage\":\"en-GB\",\"@id\":\"https:\/\/sombrafestival.com\/en\/#\/schema\/logo\/image\/\",\"url\":\"https:\/\/sombrafestival.com\/wp-content\/uploads\/2019\/10\/Sombra-LogoIdentificador-Negativo.jpg\",\"contentUrl\":\"https:\/\/sombrafestival.com\/wp-content\/uploads\/2019\/10\/Sombra-LogoIdentificador-Negativo.jpg\",\"width\":400,\"height\":400,\"caption\":\"SOMBRA, IX FESTIVAL DE CINE FANTASTICO EUROPEO DE MURCIA\"},\"image\":{\"@id\":\"https:\/\/sombrafestival.com\/en\/#\/schema\/logo\/image\/\"},\"sameAs\":[\"https:\/\/www.facebook.com\/Sombra-Festival-De-CINE-Fantastico-Europeo-De-Murcia-175337032531429\/\",\"https:\/\/x.com\/SombraFestival\",\"https:\/\/www.instagram.com\/sombrafestival\/\",\"https:\/\/www.youtube.com\/channel\/UCBdSJni9V30Tq4cGf4Lj0Ug?view_as=subscriber\"]}]}<\/script>\n<!-- \/ Yoast SEO plugin. -->","yoast_head_json":{"title":"Ciclo Arkham Literatura y C\u00f3mic | Presentaci\u00f3n del c\u00f3mic \u201cTemporada de Brujas\u201d - Sombra Festival","robots":{"index":"index","follow":"follow","max-snippet":"max-snippet:-1","max-image-preview":"max-image-preview:large","max-video-preview":"max-video-preview:-1"},"canonical":"https:\/\/sombrafestival.com\/en\/ciclo-arkham-literatura-y-comic-presentacion-del-comic-temporada-de-brujas\/","og_locale":"en_GB","og_type":"article","og_title":"Ciclo Arkham Literatura y C\u00f3mic | Presentaci\u00f3n del c\u00f3mic \u201cTemporada de Brujas\u201d - Sombra Festival","og_description":"\u00bfCu\u00e1ndo? Jueves, 23 marzo a las 18:30\u00bfD\u00f3nde? Librer\u00eda 7 H\u00e9roesPrecio: &nbsp;Gratuito Presentaci\u00f3n del c\u00f3mic \u201cTemporada de Brujas\u201d. Charla y sesi\u00f3n de firmascon la autora Sara Soler. Nueva publicaci\u00f3n de fantas\u00eda juvenil. Editorial Astiberri. Althalia es una bruja de sangre, la m\u00e1s joven de una larga l\u00ednea de brujas de una antigua cultura ind\u00edgena mexicana, pero [&hellip;]","og_url":"https:\/\/sombrafestival.com\/en\/ciclo-arkham-literatura-y-comic-presentacion-del-comic-temporada-de-brujas\/","og_site_name":"Sombra Festival","article_publisher":"https:\/\/www.facebook.com\/Sombra-Festival-De-CINE-Fantastico-Europeo-De-Murcia-175337032531429\/","og_image":[{"width":392,"height":600,"url":"https:\/\/sombrafestival.com\/wp-content\/uploads\/2023\/02\/temporada-de-brujas.jpg","type":"image\/jpeg"}],"twitter_card":"summary_large_image","twitter_site":"@SombraFestival","twitter_misc":{"Est. reading time":"2 minutes"},"schema":{"@context":"https:\/\/schema.org","@graph":[{"@type":"WebPage","@id":"https:\/\/sombrafestival.com\/ciclo-arkham-literatura-y-comic-presentacion-del-comic-temporada-de-brujas\/","url":"https:\/\/sombrafestival.com\/ciclo-arkham-literatura-y-comic-presentacion-del-comic-temporada-de-brujas\/","name":"Ciclo Arkham Literatura y C\u00f3mic | Presentaci\u00f3n del c\u00f3mic \u201cTemporada de Brujas\u201d - Sombra Festival","isPartOf":{"@id":"https:\/\/sombrafestival.com\/en\/#website"},"primaryImageOfPage":{"@id":"https:\/\/sombrafestival.com\/ciclo-arkham-literatura-y-comic-presentacion-del-comic-temporada-de-brujas\/#primaryimage"},"image":{"@id":"https:\/\/sombrafestival.com\/ciclo-arkham-literatura-y-comic-presentacion-del-comic-temporada-de-brujas\/#primaryimage"},"thumbnailUrl":"https:\/\/sombrafestival.com\/wp-content\/uploads\/2023\/02\/temporada-de-brujas.jpg","datePublished":"2023-02-13T15:12:42+00:00","dateModified":"2023-02-13T15:12:42+00:00","breadcrumb":{"@id":"https:\/\/sombrafestival.com\/ciclo-arkham-literatura-y-comic-presentacion-del-comic-temporada-de-brujas\/#breadcrumb"},"inLanguage":"en-GB","potentialAction":[{"@type":"ReadAction","target":["https:\/\/sombrafestival.com\/ciclo-arkham-literatura-y-comic-presentacion-del-comic-temporada-de-brujas\/"]}]},{"@type":"ImageObject","inLanguage":"en-GB","@id":"https:\/\/sombrafestival.com\/ciclo-arkham-literatura-y-comic-presentacion-del-comic-temporada-de-brujas\/#primaryimage","url":"https:\/\/sombrafestival.com\/wp-content\/uploads\/2023\/02\/temporada-de-brujas.jpg","contentUrl":"https:\/\/sombrafestival.com\/wp-content\/uploads\/2023\/02\/temporada-de-brujas.jpg","width":392,"height":600},{"@type":"BreadcrumbList","@id":"https:\/\/sombrafestival.com\/ciclo-arkham-literatura-y-comic-presentacion-del-comic-temporada-de-brujas\/#breadcrumb","itemListElement":[{"@type":"ListItem","position":1,"name":"Portada","item":"https:\/\/sombrafestival.com\/"},{"@type":"ListItem","position":2,"name":"Ciclo Arkham Literatura y C\u00f3mic | Presentaci\u00f3n del c\u00f3mic \u201cTemporada de Brujas\u201d"}]},{"@type":"WebSite","@id":"https:\/\/sombrafestival.com\/en\/#website","url":"https:\/\/sombrafestival.com\/en\/","name":"Sombra Festival","description":"XIII Festival de Cine Fant\u00e1stico Europeo de Murcia, 8-17 MARZO 2024","publisher":{"@id":"https:\/\/sombrafestival.com\/en\/#organization"},"potentialAction":[{"@type":"SearchAction","target":{"@type":"EntryPoint","urlTemplate":"https:\/\/sombrafestival.com\/en\/?s={search_term_string}"},"query-input":{"@type":"PropertyValueSpecification","valueRequired":true,"valueName":"search_term_string"}}],"inLanguage":"en-GB"},{"@type":"Organization","@id":"https:\/\/sombrafestival.com\/en\/#organization","name":"SOMBRA, IX FESTIVAL DE CINE FANTASTICO EUROPEO DE MURCIA","url":"https:\/\/sombrafestival.com\/en\/","logo":{"@type":"ImageObject","inLanguage":"en-GB","@id":"https:\/\/sombrafestival.com\/en\/#\/schema\/logo\/image\/","url":"https:\/\/sombrafestival.com\/wp-content\/uploads\/2019\/10\/Sombra-LogoIdentificador-Negativo.jpg","contentUrl":"https:\/\/sombrafestival.com\/wp-content\/uploads\/2019\/10\/Sombra-LogoIdentificador-Negativo.jpg","width":400,"height":400,"caption":"SOMBRA, IX FESTIVAL DE CINE FANTASTICO EUROPEO DE MURCIA"},"image":{"@id":"https:\/\/sombrafestival.com\/en\/#\/schema\/logo\/image\/"},"sameAs":["https:\/\/www.facebook.com\/Sombra-Festival-De-CINE-Fantastico-Europeo-De-Murcia-175337032531429\/","https:\/\/x.com\/SombraFestival","https:\/\/www.instagram.com\/sombrafestival\/","https:\/\/www.youtube.com\/channel\/UCBdSJni9V30Tq4cGf4Lj0Ug?view_as=subscriber"]}]}},"_links":{"self":[{"href":"https:\/\/sombrafestival.com\/en\/wp-json\/wp\/v2\/pages\/5403","targetHints":{"allow":["GET"]}}],"collection":[{"href":"https:\/\/sombrafestival.com\/en\/wp-json\/wp\/v2\/pages"}],"about":[{"href":"https:\/\/sombrafestival.com\/en\/wp-json\/wp\/v2\/types\/page"}],"author":[{"embeddable":true,"href":"https:\/\/sombrafestival.com\/en\/wp-json\/wp\/v2\/users\/2"}],"replies":[{"embeddable":true,"href":"https:\/\/sombrafestival.com\/en\/wp-json\/wp\/v2\/comments?post=5403"}],"version-history":[{"count":4,"href":"https:\/\/sombrafestival.com\/en\/wp-json\/wp\/v2\/pages\/5403\/revisions"}],"predecessor-version":[{"id":5631,"href":"https:\/\/sombrafestival.com\/en\/wp-json\/wp\/v2\/pages\/5403\/revisions\/5631"}],"wp:featuredmedia":[{"embeddable":true,"href":"https:\/\/sombrafestival.com\/en\/wp-json\/wp\/v2\/media\/5406"}],"wp:attachment":[{"href":"https:\/\/sombrafestival.com\/en\/wp-json\/wp\/v2\/media?parent=5403"}],"curies":[{"name":"wp","href":"https:\/\/api.w.org\/{rel}","templated":true}]}}