{"id":5527,"date":"2023-02-13T16:11:38","date_gmt":"2023-02-13T15:11:38","guid":{"rendered":"https:\/\/sombrafestival.com\/?page_id=5527"},"modified":"2023-02-13T18:53:04","modified_gmt":"2023-02-13T17:53:04","slug":"exposicion-sus-terrores-favoritos","status":"publish","type":"page","link":"https:\/\/sombrafestival.com\/en\/exposicion-sus-terrores-favoritos\/","title":{"rendered":"Exposici\u00f3n | Sus Terrores Favoritos"},"content":{"rendered":"<p>Tras visitar las sedes del <strong>Festival Internacional de Cine Fant\u00e1stico de Catalunya en Sitges<\/strong> y de la <strong>SGAE en Madrid<\/strong>, Sombra inaugurar\u00e1 la exposici\u00f3n titulada <strong>Sus terrores favoritos<\/strong> en la que directores del fant\u00e1stico espa\u00f1ol dan a conocer sus pel\u00edculas m\u00e1s apreciadas.<\/p>\n\n\n\n<p class=\"has-text-color has-background has-vivid-red-color has-very-light-gray-background-color\"><strong>Inauguraci\u00f3n <\/strong><em>Jueves, 2 de marzo a las 20:<\/em>30<strong><br>\u00bfD\u00f3nde? <\/strong>Laboratorio de Arte del Carmen<strong><br>Precio: \u00a0<\/strong><em>Gratuito<\/em><\/p>\n\n\n\n<p><strong>Con la presencia de Antonio Onetti, presidente de SGAE.<\/strong><\/p>\n\n\n\n<p>La exposici\u00f3n estar\u00e1 disponible hasta el 2 de abril.<\/p>\n\n\n\n<div class=\"wp-block-image td-caption-align-https:\/\/sombrafestival.com\/wp-content\/uploads\/2023\/02\/Sus-Terrores-Favoritos.jpg\"><figure class=\"aligncenter\"><img loading=\"lazy\" decoding=\"async\" width=\"1024\" height=\"576\" src=\"https:\/\/sombrafestival.com\/wp-content\/uploads\/2023\/02\/Sus-Terrores-Favoritos-1024x576.jpg\" alt=\"\" class=\"wp-image-5492\" srcset=\"https:\/\/sombrafestival.com\/wp-content\/uploads\/2023\/02\/Sus-Terrores-Favoritos-1024x576.jpg 1024w, https:\/\/sombrafestival.com\/wp-content\/uploads\/2023\/02\/Sus-Terrores-Favoritos-300x169.jpg 300w, https:\/\/sombrafestival.com\/wp-content\/uploads\/2023\/02\/Sus-Terrores-Favoritos-768x432.jpg 768w, https:\/\/sombrafestival.com\/wp-content\/uploads\/2023\/02\/Sus-Terrores-Favoritos-18x10.jpg 18w, https:\/\/sombrafestival.com\/wp-content\/uploads\/2023\/02\/Sus-Terrores-Favoritos-696x392.jpg 696w, https:\/\/sombrafestival.com\/wp-content\/uploads\/2023\/02\/Sus-Terrores-Favoritos-1068x601.jpg 1068w, https:\/\/sombrafestival.com\/wp-content\/uploads\/2023\/02\/Sus-Terrores-Favoritos-746x420.jpg 746w, https:\/\/sombrafestival.com\/wp-content\/uploads\/2023\/02\/Sus-Terrores-Favoritos.jpg 1279w\" sizes=\"auto, (max-width: 1024px) 100vw, 1024px\" \/><\/figure><\/div>\n\n\n\n<p>La exposici\u00f3n, organizada por la <strong>Sociedad General de Autores y Editores (SGAE)<\/strong> con la colaboraci\u00f3n del <strong>Festival Internacional de Cine Fant\u00e1stico de Catalunya en Sitges<\/strong> and <strong>Sombra Festival de Cine Fant\u00e1stico Europeo de Murcia<\/strong>, est\u00e1 comisariada por <strong>Maribel Sausor<\/strong>, responsable del \u00e1rea de Actividades Complementarias de SGAE.<\/p>\n\n\n\n<p>La exposici\u00f3n, que se inaugurar\u00e1 el 2 de marzo a las 20h30 en el <strong>Laboratorio Art\u00edstico del Carmen<\/strong> y terminar\u00e1 el 2 de abril, tendr\u00e1 materiales de <span style=\"color: #ffcc00;\">Acci\u00f3n Mutante<\/span>, <span style=\"color: #ffcc00;\">El d\u00eda de la bestia<\/span>, <span style=\"color: #ffcc00;\">La residencia<\/span>, <span style=\"color: #ffcc00;\">\u00bfQui\u00e9n puede matar a un ni\u00f1o?<\/span>, <span style=\"color: #ffcc00;\">La noche del terror ciego<\/span>, <span style=\"color: #ffcc00;\">El orfanato<\/span>, <span style=\"color: #ffcc00;\">Arrebato<\/span> o <span style=\"color: #ffcc00;\">No profanar el sue\u00f1o de los muertos<\/span>.<\/p>","protected":false},"excerpt":{"rendered":"<p>Tras visitar las sedes del Festival Internacional de Cine Fant\u00e1stico de Catalunya en Sitges y de la SGAE en Madrid, Sombra inaugurar\u00e1 la exposici\u00f3n titulada Sus terrores favoritos en la que directores del fant\u00e1stico espa\u00f1ol dan a conocer sus pel\u00edculas m\u00e1s apreciadas. Inauguraci\u00f3n Jueves, 2 de marzo a las 20:30\u00bfD\u00f3nde? Laboratorio de Arte del CarmenPrecio: [&hellip;]<\/p>","protected":false},"author":2,"featured_media":0,"parent":0,"menu_order":0,"comment_status":"closed","ping_status":"closed","template":"","meta":{"footnotes":""},"class_list":["post-5527","page","type-page","status-publish"],"yoast_head":"<!-- This site is optimized with the Yoast SEO plugin v24.3 - https:\/\/yoast.com\/wordpress\/plugins\/seo\/ -->\n<title>Exposici\u00f3n | Sus Terrores Favoritos - Sombra Festival<\/title>\n<meta name=\"robots\" content=\"index, follow, max-snippet:-1, max-image-preview:large, max-video-preview:-1\" \/>\n<link rel=\"canonical\" href=\"https:\/\/sombrafestival.com\/en\/exposicion-sus-terrores-favoritos\/\" \/>\n<meta property=\"og:locale\" content=\"en_GB\" \/>\n<meta property=\"og:type\" content=\"article\" \/>\n<meta property=\"og:title\" content=\"Exposici\u00f3n | Sus Terrores Favoritos - Sombra Festival\" \/>\n<meta property=\"og:description\" content=\"Tras visitar las sedes del Festival Internacional de Cine Fant\u00e1stico de Catalunya en Sitges y de la SGAE en Madrid, Sombra inaugurar\u00e1 la exposici\u00f3n titulada Sus terrores favoritos en la que directores del fant\u00e1stico espa\u00f1ol dan a conocer sus pel\u00edculas m\u00e1s apreciadas. Inauguraci\u00f3n Jueves, 2 de marzo a las 20:30\u00bfD\u00f3nde? Laboratorio de Arte del CarmenPrecio: [&hellip;]\" \/>\n<meta property=\"og:url\" content=\"https:\/\/sombrafestival.com\/en\/exposicion-sus-terrores-favoritos\/\" \/>\n<meta property=\"og:site_name\" content=\"Sombra Festival\" \/>\n<meta property=\"article:publisher\" content=\"https:\/\/www.facebook.com\/Sombra-Festival-De-CINE-Fantastico-Europeo-De-Murcia-175337032531429\/\" \/>\n<meta property=\"article:modified_time\" content=\"2023-02-13T17:53:04+00:00\" \/>\n<meta property=\"og:image\" content=\"https:\/\/sombrafestival.com\/wp-content\/uploads\/2023\/02\/Sus-Terrores-Favoritos-1024x576.jpg\" \/>\n<meta name=\"twitter:card\" content=\"summary_large_image\" \/>\n<meta name=\"twitter:site\" content=\"@SombraFestival\" \/>\n<meta name=\"twitter:label1\" content=\"Est. reading time\" \/>\n\t<meta name=\"twitter:data1\" content=\"1 minute\" \/>\n<script type=\"application\/ld+json\" class=\"yoast-schema-graph\">{\"@context\":\"https:\/\/schema.org\",\"@graph\":[{\"@type\":\"WebPage\",\"@id\":\"https:\/\/sombrafestival.com\/exposicion-sus-terrores-favoritos\/\",\"url\":\"https:\/\/sombrafestival.com\/exposicion-sus-terrores-favoritos\/\",\"name\":\"Exposici\u00f3n | Sus Terrores Favoritos - Sombra Festival\",\"isPartOf\":{\"@id\":\"https:\/\/sombrafestival.com\/en\/#website\"},\"primaryImageOfPage\":{\"@id\":\"https:\/\/sombrafestival.com\/exposicion-sus-terrores-favoritos\/#primaryimage\"},\"image\":{\"@id\":\"https:\/\/sombrafestival.com\/exposicion-sus-terrores-favoritos\/#primaryimage\"},\"thumbnailUrl\":\"https:\/\/sombrafestival.com\/wp-content\/uploads\/2023\/02\/Sus-Terrores-Favoritos-1024x576.jpg\",\"datePublished\":\"2023-02-13T15:11:38+00:00\",\"dateModified\":\"2023-02-13T17:53:04+00:00\",\"breadcrumb\":{\"@id\":\"https:\/\/sombrafestival.com\/exposicion-sus-terrores-favoritos\/#breadcrumb\"},\"inLanguage\":\"en-GB\",\"potentialAction\":[{\"@type\":\"ReadAction\",\"target\":[\"https:\/\/sombrafestival.com\/exposicion-sus-terrores-favoritos\/\"]}]},{\"@type\":\"ImageObject\",\"inLanguage\":\"en-GB\",\"@id\":\"https:\/\/sombrafestival.com\/exposicion-sus-terrores-favoritos\/#primaryimage\",\"url\":\"https:\/\/sombrafestival.com\/wp-content\/uploads\/2023\/02\/Sus-Terrores-Favoritos-1024x576.jpg\",\"contentUrl\":\"https:\/\/sombrafestival.com\/wp-content\/uploads\/2023\/02\/Sus-Terrores-Favoritos-1024x576.jpg\"},{\"@type\":\"BreadcrumbList\",\"@id\":\"https:\/\/sombrafestival.com\/exposicion-sus-terrores-favoritos\/#breadcrumb\",\"itemListElement\":[{\"@type\":\"ListItem\",\"position\":1,\"name\":\"Portada\",\"item\":\"https:\/\/sombrafestival.com\/\"},{\"@type\":\"ListItem\",\"position\":2,\"name\":\"Exposici\u00f3n | Sus Terrores Favoritos\"}]},{\"@type\":\"WebSite\",\"@id\":\"https:\/\/sombrafestival.com\/en\/#website\",\"url\":\"https:\/\/sombrafestival.com\/en\/\",\"name\":\"Sombra Festival\",\"description\":\"XIII Festival de Cine Fant\u00e1stico Europeo de Murcia, 8-17 MARZO 2024\",\"publisher\":{\"@id\":\"https:\/\/sombrafestival.com\/en\/#organization\"},\"potentialAction\":[{\"@type\":\"SearchAction\",\"target\":{\"@type\":\"EntryPoint\",\"urlTemplate\":\"https:\/\/sombrafestival.com\/en\/?s={search_term_string}\"},\"query-input\":{\"@type\":\"PropertyValueSpecification\",\"valueRequired\":true,\"valueName\":\"search_term_string\"}}],\"inLanguage\":\"en-GB\"},{\"@type\":\"Organization\",\"@id\":\"https:\/\/sombrafestival.com\/en\/#organization\",\"name\":\"SOMBRA, IX FESTIVAL DE CINE FANTASTICO EUROPEO DE MURCIA\",\"url\":\"https:\/\/sombrafestival.com\/en\/\",\"logo\":{\"@type\":\"ImageObject\",\"inLanguage\":\"en-GB\",\"@id\":\"https:\/\/sombrafestival.com\/en\/#\/schema\/logo\/image\/\",\"url\":\"https:\/\/sombrafestival.com\/wp-content\/uploads\/2019\/10\/Sombra-LogoIdentificador-Negativo.jpg\",\"contentUrl\":\"https:\/\/sombrafestival.com\/wp-content\/uploads\/2019\/10\/Sombra-LogoIdentificador-Negativo.jpg\",\"width\":400,\"height\":400,\"caption\":\"SOMBRA, IX FESTIVAL DE CINE FANTASTICO EUROPEO DE MURCIA\"},\"image\":{\"@id\":\"https:\/\/sombrafestival.com\/en\/#\/schema\/logo\/image\/\"},\"sameAs\":[\"https:\/\/www.facebook.com\/Sombra-Festival-De-CINE-Fantastico-Europeo-De-Murcia-175337032531429\/\",\"https:\/\/x.com\/SombraFestival\",\"https:\/\/www.instagram.com\/sombrafestival\/\",\"https:\/\/www.youtube.com\/channel\/UCBdSJni9V30Tq4cGf4Lj0Ug?view_as=subscriber\"]}]}<\/script>\n<!-- \/ Yoast SEO plugin. -->","yoast_head_json":{"title":"Exposici\u00f3n | Sus Terrores Favoritos - Sombra Festival","robots":{"index":"index","follow":"follow","max-snippet":"max-snippet:-1","max-image-preview":"max-image-preview:large","max-video-preview":"max-video-preview:-1"},"canonical":"https:\/\/sombrafestival.com\/en\/exposicion-sus-terrores-favoritos\/","og_locale":"en_GB","og_type":"article","og_title":"Exposici\u00f3n | Sus Terrores Favoritos - Sombra Festival","og_description":"Tras visitar las sedes del Festival Internacional de Cine Fant\u00e1stico de Catalunya en Sitges y de la SGAE en Madrid, Sombra inaugurar\u00e1 la exposici\u00f3n titulada Sus terrores favoritos en la que directores del fant\u00e1stico espa\u00f1ol dan a conocer sus pel\u00edculas m\u00e1s apreciadas. Inauguraci\u00f3n Jueves, 2 de marzo a las 20:30\u00bfD\u00f3nde? Laboratorio de Arte del CarmenPrecio: [&hellip;]","og_url":"https:\/\/sombrafestival.com\/en\/exposicion-sus-terrores-favoritos\/","og_site_name":"Sombra Festival","article_publisher":"https:\/\/www.facebook.com\/Sombra-Festival-De-CINE-Fantastico-Europeo-De-Murcia-175337032531429\/","article_modified_time":"2023-02-13T17:53:04+00:00","og_image":[{"url":"https:\/\/sombrafestival.com\/wp-content\/uploads\/2023\/02\/Sus-Terrores-Favoritos-1024x576.jpg","type":"","width":"","height":""}],"twitter_card":"summary_large_image","twitter_site":"@SombraFestival","twitter_misc":{"Est. reading time":"1 minute"},"schema":{"@context":"https:\/\/schema.org","@graph":[{"@type":"WebPage","@id":"https:\/\/sombrafestival.com\/exposicion-sus-terrores-favoritos\/","url":"https:\/\/sombrafestival.com\/exposicion-sus-terrores-favoritos\/","name":"Exposici\u00f3n | Sus Terrores Favoritos - Sombra Festival","isPartOf":{"@id":"https:\/\/sombrafestival.com\/en\/#website"},"primaryImageOfPage":{"@id":"https:\/\/sombrafestival.com\/exposicion-sus-terrores-favoritos\/#primaryimage"},"image":{"@id":"https:\/\/sombrafestival.com\/exposicion-sus-terrores-favoritos\/#primaryimage"},"thumbnailUrl":"https:\/\/sombrafestival.com\/wp-content\/uploads\/2023\/02\/Sus-Terrores-Favoritos-1024x576.jpg","datePublished":"2023-02-13T15:11:38+00:00","dateModified":"2023-02-13T17:53:04+00:00","breadcrumb":{"@id":"https:\/\/sombrafestival.com\/exposicion-sus-terrores-favoritos\/#breadcrumb"},"inLanguage":"en-GB","potentialAction":[{"@type":"ReadAction","target":["https:\/\/sombrafestival.com\/exposicion-sus-terrores-favoritos\/"]}]},{"@type":"ImageObject","inLanguage":"en-GB","@id":"https:\/\/sombrafestival.com\/exposicion-sus-terrores-favoritos\/#primaryimage","url":"https:\/\/sombrafestival.com\/wp-content\/uploads\/2023\/02\/Sus-Terrores-Favoritos-1024x576.jpg","contentUrl":"https:\/\/sombrafestival.com\/wp-content\/uploads\/2023\/02\/Sus-Terrores-Favoritos-1024x576.jpg"},{"@type":"BreadcrumbList","@id":"https:\/\/sombrafestival.com\/exposicion-sus-terrores-favoritos\/#breadcrumb","itemListElement":[{"@type":"ListItem","position":1,"name":"Portada","item":"https:\/\/sombrafestival.com\/"},{"@type":"ListItem","position":2,"name":"Exposici\u00f3n | Sus Terrores Favoritos"}]},{"@type":"WebSite","@id":"https:\/\/sombrafestival.com\/en\/#website","url":"https:\/\/sombrafestival.com\/en\/","name":"Sombra Festival","description":"XIII Festival de Cine Fant\u00e1stico Europeo de Murcia, 8-17 MARZO 2024","publisher":{"@id":"https:\/\/sombrafestival.com\/en\/#organization"},"potentialAction":[{"@type":"SearchAction","target":{"@type":"EntryPoint","urlTemplate":"https:\/\/sombrafestival.com\/en\/?s={search_term_string}"},"query-input":{"@type":"PropertyValueSpecification","valueRequired":true,"valueName":"search_term_string"}}],"inLanguage":"en-GB"},{"@type":"Organization","@id":"https:\/\/sombrafestival.com\/en\/#organization","name":"SOMBRA, IX FESTIVAL DE CINE FANTASTICO EUROPEO DE MURCIA","url":"https:\/\/sombrafestival.com\/en\/","logo":{"@type":"ImageObject","inLanguage":"en-GB","@id":"https:\/\/sombrafestival.com\/en\/#\/schema\/logo\/image\/","url":"https:\/\/sombrafestival.com\/wp-content\/uploads\/2019\/10\/Sombra-LogoIdentificador-Negativo.jpg","contentUrl":"https:\/\/sombrafestival.com\/wp-content\/uploads\/2019\/10\/Sombra-LogoIdentificador-Negativo.jpg","width":400,"height":400,"caption":"SOMBRA, IX FESTIVAL DE CINE FANTASTICO EUROPEO DE MURCIA"},"image":{"@id":"https:\/\/sombrafestival.com\/en\/#\/schema\/logo\/image\/"},"sameAs":["https:\/\/www.facebook.com\/Sombra-Festival-De-CINE-Fantastico-Europeo-De-Murcia-175337032531429\/","https:\/\/x.com\/SombraFestival","https:\/\/www.instagram.com\/sombrafestival\/","https:\/\/www.youtube.com\/channel\/UCBdSJni9V30Tq4cGf4Lj0Ug?view_as=subscriber"]}]}},"_links":{"self":[{"href":"https:\/\/sombrafestival.com\/en\/wp-json\/wp\/v2\/pages\/5527","targetHints":{"allow":["GET"]}}],"collection":[{"href":"https:\/\/sombrafestival.com\/en\/wp-json\/wp\/v2\/pages"}],"about":[{"href":"https:\/\/sombrafestival.com\/en\/wp-json\/wp\/v2\/types\/page"}],"author":[{"embeddable":true,"href":"https:\/\/sombrafestival.com\/en\/wp-json\/wp\/v2\/users\/2"}],"replies":[{"embeddable":true,"href":"https:\/\/sombrafestival.com\/en\/wp-json\/wp\/v2\/comments?post=5527"}],"version-history":[{"count":3,"href":"https:\/\/sombrafestival.com\/en\/wp-json\/wp\/v2\/pages\/5527\/revisions"}],"predecessor-version":[{"id":5724,"href":"https:\/\/sombrafestival.com\/en\/wp-json\/wp\/v2\/pages\/5527\/revisions\/5724"}],"wp:attachment":[{"href":"https:\/\/sombrafestival.com\/en\/wp-json\/wp\/v2\/media?parent=5527"}],"curies":[{"name":"wp","href":"https:\/\/api.w.org\/{rel}","templated":true}]}}