{"id":5565,"date":"2023-02-13T16:14:14","date_gmt":"2023-02-13T15:14:14","guid":{"rendered":"https:\/\/sombrafestival.com\/?page_id=5565"},"modified":"2023-02-13T16:14:15","modified_gmt":"2023-02-13T15:14:15","slug":"sombra-2023-invitados-nerea-torrijos","status":"publish","type":"page","link":"https:\/\/sombrafestival.com\/en\/sombra-2023-invitados-nerea-torrijos\/","title":{"rendered":"Sombra 2023: Invitados | Nerea Torrijos"},"content":{"rendered":"<h2>Nerea Torrijos<\/h2>\n<p>Nerea Torrijos (Bilbao, Espa\u00f1a, 01\/05\/1985). Lleva mas de 10 a\u00f1os dedic\u00e1ndose al dise\u00f1o de vestuario para cine, participando en pel\u00edculas como <span style=\"color: #ffcc00;\">Errementari<\/span> (premio a mejor vestuario en FilmQuest), <span style=\"color: #ffcc00;\">Akelarre<\/span> (premio Goya a mejor dise\u00f1o de vestuario) o <span style=\"color: #ffcc00;\">Irati<\/span> (nominada al Goya 2023) entre otras. <span style=\"color: #ffcc00;\">Influencer<\/span>&nbsp;es su primer cortometraje como directora.<\/p>\n<p><img loading=\"lazy\" decoding=\"async\" class=\"size-full wp-image-5554 aligncenter\" src=\"https:\/\/sombrafestival.com\/wp-content\/uploads\/2023\/02\/nerea-torrijos.png\" alt=\"\" width=\"451\" height=\"420\" srcset=\"https:\/\/sombrafestival.com\/wp-content\/uploads\/2023\/02\/nerea-torrijos.png 451w, https:\/\/sombrafestival.com\/wp-content\/uploads\/2023\/02\/nerea-torrijos-300x279.png 300w, https:\/\/sombrafestival.com\/wp-content\/uploads\/2023\/02\/nerea-torrijos-13x12.png 13w\" sizes=\"auto, (max-width: 451px) 100vw, 451px\" \/><\/p>","protected":false},"excerpt":{"rendered":"<p>Nerea Torrijos Nerea Torrijos (Bilbao, Espa\u00f1a, 01\/05\/1985). Lleva mas de 10 a\u00f1os dedic\u00e1ndose al dise\u00f1o de vestuario para cine, participando en pel\u00edculas como Errementari (premio a mejor vestuario en FilmQuest), Akelarre (premio Goya a mejor dise\u00f1o de vestuario) o Irati (nominada al Goya 2023) entre otras. Influencer&nbsp;es su primer cortometraje como directora.<\/p>","protected":false},"author":2,"featured_media":5554,"parent":0,"menu_order":0,"comment_status":"closed","ping_status":"closed","template":"","meta":{"footnotes":""},"class_list":["post-5565","page","type-page","status-publish","has-post-thumbnail"],"yoast_head":"<!-- This site is optimized with the Yoast SEO plugin v24.3 - https:\/\/yoast.com\/wordpress\/plugins\/seo\/ -->\n<title>Sombra 2023: Invitados | Nerea Torrijos - Sombra Festival<\/title>\n<meta name=\"robots\" content=\"index, follow, max-snippet:-1, max-image-preview:large, max-video-preview:-1\" \/>\n<link rel=\"canonical\" href=\"https:\/\/sombrafestival.com\/en\/sombra-2023-invitados-nerea-torrijos\/\" \/>\n<meta property=\"og:locale\" content=\"en_GB\" \/>\n<meta property=\"og:type\" content=\"article\" \/>\n<meta property=\"og:title\" content=\"Sombra 2023: Invitados | Nerea Torrijos - Sombra Festival\" \/>\n<meta property=\"og:description\" content=\"Nerea Torrijos Nerea Torrijos (Bilbao, Espa\u00f1a, 01\/05\/1985). Lleva mas de 10 a\u00f1os dedic\u00e1ndose al dise\u00f1o de vestuario para cine, participando en pel\u00edculas como Errementari (premio a mejor vestuario en FilmQuest), Akelarre (premio Goya a mejor dise\u00f1o de vestuario) o Irati (nominada al Goya 2023) entre otras. Influencer&nbsp;es su primer cortometraje como directora.\" \/>\n<meta property=\"og:url\" content=\"https:\/\/sombrafestival.com\/en\/sombra-2023-invitados-nerea-torrijos\/\" \/>\n<meta property=\"og:site_name\" content=\"Sombra Festival\" \/>\n<meta property=\"article:publisher\" content=\"https:\/\/www.facebook.com\/Sombra-Festival-De-CINE-Fantastico-Europeo-De-Murcia-175337032531429\/\" \/>\n<meta property=\"article:modified_time\" content=\"2023-02-13T15:14:15+00:00\" \/>\n<meta property=\"og:image\" content=\"https:\/\/sombrafestival.com\/wp-content\/uploads\/2023\/02\/nerea-torrijos.png\" \/>\n\t<meta property=\"og:image:width\" content=\"451\" \/>\n\t<meta property=\"og:image:height\" content=\"420\" \/>\n\t<meta property=\"og:image:type\" content=\"image\/png\" \/>\n<meta name=\"twitter:card\" content=\"summary_large_image\" \/>\n<meta name=\"twitter:site\" content=\"@SombraFestival\" \/>\n<script type=\"application\/ld+json\" class=\"yoast-schema-graph\">{\"@context\":\"https:\/\/schema.org\",\"@graph\":[{\"@type\":\"WebPage\",\"@id\":\"https:\/\/sombrafestival.com\/sombra-2023-invitados-nerea-torrijos\/\",\"url\":\"https:\/\/sombrafestival.com\/sombra-2023-invitados-nerea-torrijos\/\",\"name\":\"Sombra 2023: Invitados | Nerea Torrijos - Sombra Festival\",\"isPartOf\":{\"@id\":\"https:\/\/sombrafestival.com\/en\/#website\"},\"primaryImageOfPage\":{\"@id\":\"https:\/\/sombrafestival.com\/sombra-2023-invitados-nerea-torrijos\/#primaryimage\"},\"image\":{\"@id\":\"https:\/\/sombrafestival.com\/sombra-2023-invitados-nerea-torrijos\/#primaryimage\"},\"thumbnailUrl\":\"https:\/\/sombrafestival.com\/wp-content\/uploads\/2023\/02\/nerea-torrijos.png\",\"datePublished\":\"2023-02-13T15:14:14+00:00\",\"dateModified\":\"2023-02-13T15:14:15+00:00\",\"breadcrumb\":{\"@id\":\"https:\/\/sombrafestival.com\/sombra-2023-invitados-nerea-torrijos\/#breadcrumb\"},\"inLanguage\":\"en-GB\",\"potentialAction\":[{\"@type\":\"ReadAction\",\"target\":[\"https:\/\/sombrafestival.com\/sombra-2023-invitados-nerea-torrijos\/\"]}]},{\"@type\":\"ImageObject\",\"inLanguage\":\"en-GB\",\"@id\":\"https:\/\/sombrafestival.com\/sombra-2023-invitados-nerea-torrijos\/#primaryimage\",\"url\":\"https:\/\/sombrafestival.com\/wp-content\/uploads\/2023\/02\/nerea-torrijos.png\",\"contentUrl\":\"https:\/\/sombrafestival.com\/wp-content\/uploads\/2023\/02\/nerea-torrijos.png\",\"width\":451,\"height\":420},{\"@type\":\"BreadcrumbList\",\"@id\":\"https:\/\/sombrafestival.com\/sombra-2023-invitados-nerea-torrijos\/#breadcrumb\",\"itemListElement\":[{\"@type\":\"ListItem\",\"position\":1,\"name\":\"Portada\",\"item\":\"https:\/\/sombrafestival.com\/\"},{\"@type\":\"ListItem\",\"position\":2,\"name\":\"Sombra 2023: Invitados | Nerea Torrijos\"}]},{\"@type\":\"WebSite\",\"@id\":\"https:\/\/sombrafestival.com\/en\/#website\",\"url\":\"https:\/\/sombrafestival.com\/en\/\",\"name\":\"Sombra Festival\",\"description\":\"XIII Festival de Cine Fant\u00e1stico Europeo de Murcia, 8-17 MARZO 2024\",\"publisher\":{\"@id\":\"https:\/\/sombrafestival.com\/en\/#organization\"},\"potentialAction\":[{\"@type\":\"SearchAction\",\"target\":{\"@type\":\"EntryPoint\",\"urlTemplate\":\"https:\/\/sombrafestival.com\/en\/?s={search_term_string}\"},\"query-input\":{\"@type\":\"PropertyValueSpecification\",\"valueRequired\":true,\"valueName\":\"search_term_string\"}}],\"inLanguage\":\"en-GB\"},{\"@type\":\"Organization\",\"@id\":\"https:\/\/sombrafestival.com\/en\/#organization\",\"name\":\"SOMBRA, IX FESTIVAL DE CINE FANTASTICO EUROPEO DE MURCIA\",\"url\":\"https:\/\/sombrafestival.com\/en\/\",\"logo\":{\"@type\":\"ImageObject\",\"inLanguage\":\"en-GB\",\"@id\":\"https:\/\/sombrafestival.com\/en\/#\/schema\/logo\/image\/\",\"url\":\"https:\/\/sombrafestival.com\/wp-content\/uploads\/2019\/10\/Sombra-LogoIdentificador-Negativo.jpg\",\"contentUrl\":\"https:\/\/sombrafestival.com\/wp-content\/uploads\/2019\/10\/Sombra-LogoIdentificador-Negativo.jpg\",\"width\":400,\"height\":400,\"caption\":\"SOMBRA, IX FESTIVAL DE CINE FANTASTICO EUROPEO DE MURCIA\"},\"image\":{\"@id\":\"https:\/\/sombrafestival.com\/en\/#\/schema\/logo\/image\/\"},\"sameAs\":[\"https:\/\/www.facebook.com\/Sombra-Festival-De-CINE-Fantastico-Europeo-De-Murcia-175337032531429\/\",\"https:\/\/x.com\/SombraFestival\",\"https:\/\/www.instagram.com\/sombrafestival\/\",\"https:\/\/www.youtube.com\/channel\/UCBdSJni9V30Tq4cGf4Lj0Ug?view_as=subscriber\"]}]}<\/script>\n<!-- \/ Yoast SEO plugin. -->","yoast_head_json":{"title":"Sombra 2023: Invitados | Nerea Torrijos - Sombra Festival","robots":{"index":"index","follow":"follow","max-snippet":"max-snippet:-1","max-image-preview":"max-image-preview:large","max-video-preview":"max-video-preview:-1"},"canonical":"https:\/\/sombrafestival.com\/en\/sombra-2023-invitados-nerea-torrijos\/","og_locale":"en_GB","og_type":"article","og_title":"Sombra 2023: Invitados | Nerea Torrijos - Sombra Festival","og_description":"Nerea Torrijos Nerea Torrijos (Bilbao, Espa\u00f1a, 01\/05\/1985). Lleva mas de 10 a\u00f1os dedic\u00e1ndose al dise\u00f1o de vestuario para cine, participando en pel\u00edculas como Errementari (premio a mejor vestuario en FilmQuest), Akelarre (premio Goya a mejor dise\u00f1o de vestuario) o Irati (nominada al Goya 2023) entre otras. Influencer&nbsp;es su primer cortometraje como directora.","og_url":"https:\/\/sombrafestival.com\/en\/sombra-2023-invitados-nerea-torrijos\/","og_site_name":"Sombra Festival","article_publisher":"https:\/\/www.facebook.com\/Sombra-Festival-De-CINE-Fantastico-Europeo-De-Murcia-175337032531429\/","article_modified_time":"2023-02-13T15:14:15+00:00","og_image":[{"width":451,"height":420,"url":"https:\/\/sombrafestival.com\/wp-content\/uploads\/2023\/02\/nerea-torrijos.png","type":"image\/png"}],"twitter_card":"summary_large_image","twitter_site":"@SombraFestival","schema":{"@context":"https:\/\/schema.org","@graph":[{"@type":"WebPage","@id":"https:\/\/sombrafestival.com\/sombra-2023-invitados-nerea-torrijos\/","url":"https:\/\/sombrafestival.com\/sombra-2023-invitados-nerea-torrijos\/","name":"Sombra 2023: Invitados | Nerea Torrijos - Sombra Festival","isPartOf":{"@id":"https:\/\/sombrafestival.com\/en\/#website"},"primaryImageOfPage":{"@id":"https:\/\/sombrafestival.com\/sombra-2023-invitados-nerea-torrijos\/#primaryimage"},"image":{"@id":"https:\/\/sombrafestival.com\/sombra-2023-invitados-nerea-torrijos\/#primaryimage"},"thumbnailUrl":"https:\/\/sombrafestival.com\/wp-content\/uploads\/2023\/02\/nerea-torrijos.png","datePublished":"2023-02-13T15:14:14+00:00","dateModified":"2023-02-13T15:14:15+00:00","breadcrumb":{"@id":"https:\/\/sombrafestival.com\/sombra-2023-invitados-nerea-torrijos\/#breadcrumb"},"inLanguage":"en-GB","potentialAction":[{"@type":"ReadAction","target":["https:\/\/sombrafestival.com\/sombra-2023-invitados-nerea-torrijos\/"]}]},{"@type":"ImageObject","inLanguage":"en-GB","@id":"https:\/\/sombrafestival.com\/sombra-2023-invitados-nerea-torrijos\/#primaryimage","url":"https:\/\/sombrafestival.com\/wp-content\/uploads\/2023\/02\/nerea-torrijos.png","contentUrl":"https:\/\/sombrafestival.com\/wp-content\/uploads\/2023\/02\/nerea-torrijos.png","width":451,"height":420},{"@type":"BreadcrumbList","@id":"https:\/\/sombrafestival.com\/sombra-2023-invitados-nerea-torrijos\/#breadcrumb","itemListElement":[{"@type":"ListItem","position":1,"name":"Portada","item":"https:\/\/sombrafestival.com\/"},{"@type":"ListItem","position":2,"name":"Sombra 2023: Invitados | Nerea Torrijos"}]},{"@type":"WebSite","@id":"https:\/\/sombrafestival.com\/en\/#website","url":"https:\/\/sombrafestival.com\/en\/","name":"Sombra Festival","description":"XIII Festival de Cine Fant\u00e1stico Europeo de Murcia, 8-17 MARZO 2024","publisher":{"@id":"https:\/\/sombrafestival.com\/en\/#organization"},"potentialAction":[{"@type":"SearchAction","target":{"@type":"EntryPoint","urlTemplate":"https:\/\/sombrafestival.com\/en\/?s={search_term_string}"},"query-input":{"@type":"PropertyValueSpecification","valueRequired":true,"valueName":"search_term_string"}}],"inLanguage":"en-GB"},{"@type":"Organization","@id":"https:\/\/sombrafestival.com\/en\/#organization","name":"SOMBRA, IX FESTIVAL DE CINE FANTASTICO EUROPEO DE MURCIA","url":"https:\/\/sombrafestival.com\/en\/","logo":{"@type":"ImageObject","inLanguage":"en-GB","@id":"https:\/\/sombrafestival.com\/en\/#\/schema\/logo\/image\/","url":"https:\/\/sombrafestival.com\/wp-content\/uploads\/2019\/10\/Sombra-LogoIdentificador-Negativo.jpg","contentUrl":"https:\/\/sombrafestival.com\/wp-content\/uploads\/2019\/10\/Sombra-LogoIdentificador-Negativo.jpg","width":400,"height":400,"caption":"SOMBRA, IX FESTIVAL DE CINE FANTASTICO EUROPEO DE MURCIA"},"image":{"@id":"https:\/\/sombrafestival.com\/en\/#\/schema\/logo\/image\/"},"sameAs":["https:\/\/www.facebook.com\/Sombra-Festival-De-CINE-Fantastico-Europeo-De-Murcia-175337032531429\/","https:\/\/x.com\/SombraFestival","https:\/\/www.instagram.com\/sombrafestival\/","https:\/\/www.youtube.com\/channel\/UCBdSJni9V30Tq4cGf4Lj0Ug?view_as=subscriber"]}]}},"_links":{"self":[{"href":"https:\/\/sombrafestival.com\/en\/wp-json\/wp\/v2\/pages\/5565","targetHints":{"allow":["GET"]}}],"collection":[{"href":"https:\/\/sombrafestival.com\/en\/wp-json\/wp\/v2\/pages"}],"about":[{"href":"https:\/\/sombrafestival.com\/en\/wp-json\/wp\/v2\/types\/page"}],"author":[{"embeddable":true,"href":"https:\/\/sombrafestival.com\/en\/wp-json\/wp\/v2\/users\/2"}],"replies":[{"embeddable":true,"href":"https:\/\/sombrafestival.com\/en\/wp-json\/wp\/v2\/comments?post=5565"}],"version-history":[{"count":2,"href":"https:\/\/sombrafestival.com\/en\/wp-json\/wp\/v2\/pages\/5565\/revisions"}],"predecessor-version":[{"id":5640,"href":"https:\/\/sombrafestival.com\/en\/wp-json\/wp\/v2\/pages\/5565\/revisions\/5640"}],"wp:featuredmedia":[{"embeddable":true,"href":"https:\/\/sombrafestival.com\/en\/wp-json\/wp\/v2\/media\/5554"}],"wp:attachment":[{"href":"https:\/\/sombrafestival.com\/en\/wp-json\/wp\/v2\/media?parent=5565"}],"curies":[{"name":"wp","href":"https:\/\/api.w.org\/{rel}","templated":true}]}}