{"id":5710,"date":"2023-02-13T18:38:36","date_gmt":"2023-02-13T17:38:36","guid":{"rendered":"https:\/\/sombrafestival.com\/?page_id=5710"},"modified":"2023-02-15T19:44:46","modified_gmt":"2023-02-15T18:44:46","slug":"presentacion-de-la-biografia-de-claudio-simonetti-con-la-editorial-applehead","status":"publish","type":"page","link":"https:\/\/sombrafestival.com\/en\/presentacion-de-la-biografia-de-claudio-simonetti-con-la-editorial-applehead\/","title":{"rendered":"Presentaci\u00f3n de la Biograf\u00eda de Claudio Simonetti con la Editorial Applehead"},"content":{"rendered":"<p class=\"has-text-color has-background has-vivid-red-color has-very-light-gray-background-color\"><strong>\u00bfCu\u00e1ndo? <\/strong><em>Viernes, 24 de marzo a las 19:30<\/em><strong><br>\u00bfD\u00f3nde? <\/strong>Filmoteca Regional (Sala B)<strong><br>Precio: &nbsp;<\/strong><em>Gratuito<\/em><\/p>\n\n\n\n<p>Presentaci\u00f3n de la Biograf\u00eda de Claudio Simonetti con la Editorial Applehead.<\/p>\n\n\n\n<p><strong>Asisten:<\/strong><\/p>\n\n\n\n<ul class=\"wp-block-list\"><li>Claudio Simonetti<\/li><li>Editores de la Editorial Applehead<\/li><\/ul>\n\n\n\n<figure class=\"wp-block-image size-large\"><img loading=\"lazy\" decoding=\"async\" width=\"696\" height=\"1000\" src=\"https:\/\/sombrafestival.com\/wp-content\/uploads\/2023\/02\/biografia-simonetti.jpg\" alt=\"\" class=\"wp-image-5792\" srcset=\"https:\/\/sombrafestival.com\/wp-content\/uploads\/2023\/02\/biografia-simonetti.jpg 696w, https:\/\/sombrafestival.com\/wp-content\/uploads\/2023\/02\/biografia-simonetti-209x300.jpg 209w, https:\/\/sombrafestival.com\/wp-content\/uploads\/2023\/02\/biografia-simonetti-8x12.jpg 8w, https:\/\/sombrafestival.com\/wp-content\/uploads\/2023\/02\/biografia-simonetti-292x420.jpg 292w\" sizes=\"auto, (max-width: 696px) 100vw, 696px\" \/><\/figure>\n\n\n\n<p><\/p>","protected":false},"excerpt":{"rendered":"<p>\u00bfCu\u00e1ndo? Viernes, 24 de marzo a las 19:30\u00bfD\u00f3nde? Filmoteca Regional (Sala B)Precio: &nbsp;Gratuito Presentaci\u00f3n de la Biograf\u00eda de Claudio Simonetti con la Editorial Applehead. Asisten: Claudio Simonetti Editores de la Editorial Applehead<\/p>","protected":false},"author":2,"featured_media":0,"parent":0,"menu_order":0,"comment_status":"closed","ping_status":"closed","template":"","meta":{"footnotes":""},"class_list":["post-5710","page","type-page","status-publish"],"yoast_head":"<!-- This site is optimized with the Yoast SEO plugin v24.3 - https:\/\/yoast.com\/wordpress\/plugins\/seo\/ -->\n<title>Presentaci\u00f3n de la Biograf\u00eda de Claudio Simonetti con la Editorial Applehead - Sombra Festival<\/title>\n<meta name=\"robots\" content=\"index, follow, max-snippet:-1, max-image-preview:large, max-video-preview:-1\" \/>\n<link rel=\"canonical\" href=\"https:\/\/sombrafestival.com\/en\/presentacion-de-la-biografia-de-claudio-simonetti-con-la-editorial-applehead\/\" \/>\n<meta property=\"og:locale\" content=\"en_GB\" \/>\n<meta property=\"og:type\" content=\"article\" \/>\n<meta property=\"og:title\" content=\"Presentaci\u00f3n de la Biograf\u00eda de Claudio Simonetti con la Editorial Applehead - Sombra Festival\" \/>\n<meta property=\"og:description\" content=\"\u00bfCu\u00e1ndo? Viernes, 24 de marzo a las 19:30\u00bfD\u00f3nde? Filmoteca Regional (Sala B)Precio: &nbsp;Gratuito Presentaci\u00f3n de la Biograf\u00eda de Claudio Simonetti con la Editorial Applehead. Asisten: Claudio Simonetti Editores de la Editorial Applehead\" \/>\n<meta property=\"og:url\" content=\"https:\/\/sombrafestival.com\/en\/presentacion-de-la-biografia-de-claudio-simonetti-con-la-editorial-applehead\/\" \/>\n<meta property=\"og:site_name\" content=\"Sombra Festival\" \/>\n<meta property=\"article:publisher\" content=\"https:\/\/www.facebook.com\/Sombra-Festival-De-CINE-Fantastico-Europeo-De-Murcia-175337032531429\/\" \/>\n<meta property=\"article:modified_time\" content=\"2023-02-15T18:44:46+00:00\" \/>\n<meta property=\"og:image\" content=\"https:\/\/sombrafestival.com\/wp-content\/uploads\/2023\/02\/biografia-simonetti.jpg\" \/>\n<meta name=\"twitter:card\" content=\"summary_large_image\" \/>\n<meta name=\"twitter:site\" content=\"@SombraFestival\" \/>\n<script type=\"application\/ld+json\" class=\"yoast-schema-graph\">{\"@context\":\"https:\/\/schema.org\",\"@graph\":[{\"@type\":\"WebPage\",\"@id\":\"https:\/\/sombrafestival.com\/presentacion-de-la-biografia-de-claudio-simonetti-con-la-editorial-applehead\/\",\"url\":\"https:\/\/sombrafestival.com\/presentacion-de-la-biografia-de-claudio-simonetti-con-la-editorial-applehead\/\",\"name\":\"Presentaci\u00f3n de la Biograf\u00eda de Claudio Simonetti con la Editorial Applehead - Sombra Festival\",\"isPartOf\":{\"@id\":\"https:\/\/sombrafestival.com\/en\/#website\"},\"primaryImageOfPage\":{\"@id\":\"https:\/\/sombrafestival.com\/presentacion-de-la-biografia-de-claudio-simonetti-con-la-editorial-applehead\/#primaryimage\"},\"image\":{\"@id\":\"https:\/\/sombrafestival.com\/presentacion-de-la-biografia-de-claudio-simonetti-con-la-editorial-applehead\/#primaryimage\"},\"thumbnailUrl\":\"https:\/\/sombrafestival.com\/wp-content\/uploads\/2023\/02\/biografia-simonetti.jpg\",\"datePublished\":\"2023-02-13T17:38:36+00:00\",\"dateModified\":\"2023-02-15T18:44:46+00:00\",\"breadcrumb\":{\"@id\":\"https:\/\/sombrafestival.com\/presentacion-de-la-biografia-de-claudio-simonetti-con-la-editorial-applehead\/#breadcrumb\"},\"inLanguage\":\"en-GB\",\"potentialAction\":[{\"@type\":\"ReadAction\",\"target\":[\"https:\/\/sombrafestival.com\/presentacion-de-la-biografia-de-claudio-simonetti-con-la-editorial-applehead\/\"]}]},{\"@type\":\"ImageObject\",\"inLanguage\":\"en-GB\",\"@id\":\"https:\/\/sombrafestival.com\/presentacion-de-la-biografia-de-claudio-simonetti-con-la-editorial-applehead\/#primaryimage\",\"url\":\"https:\/\/sombrafestival.com\/wp-content\/uploads\/2023\/02\/biografia-simonetti.jpg\",\"contentUrl\":\"https:\/\/sombrafestival.com\/wp-content\/uploads\/2023\/02\/biografia-simonetti.jpg\"},{\"@type\":\"BreadcrumbList\",\"@id\":\"https:\/\/sombrafestival.com\/presentacion-de-la-biografia-de-claudio-simonetti-con-la-editorial-applehead\/#breadcrumb\",\"itemListElement\":[{\"@type\":\"ListItem\",\"position\":1,\"name\":\"Portada\",\"item\":\"https:\/\/sombrafestival.com\/\"},{\"@type\":\"ListItem\",\"position\":2,\"name\":\"Presentaci\u00f3n de la Biograf\u00eda de Claudio Simonetti con la Editorial Applehead\"}]},{\"@type\":\"WebSite\",\"@id\":\"https:\/\/sombrafestival.com\/en\/#website\",\"url\":\"https:\/\/sombrafestival.com\/en\/\",\"name\":\"Sombra Festival\",\"description\":\"XIII Festival de Cine Fant\u00e1stico Europeo de Murcia, 8-17 MARZO 2024\",\"publisher\":{\"@id\":\"https:\/\/sombrafestival.com\/en\/#organization\"},\"potentialAction\":[{\"@type\":\"SearchAction\",\"target\":{\"@type\":\"EntryPoint\",\"urlTemplate\":\"https:\/\/sombrafestival.com\/en\/?s={search_term_string}\"},\"query-input\":{\"@type\":\"PropertyValueSpecification\",\"valueRequired\":true,\"valueName\":\"search_term_string\"}}],\"inLanguage\":\"en-GB\"},{\"@type\":\"Organization\",\"@id\":\"https:\/\/sombrafestival.com\/en\/#organization\",\"name\":\"SOMBRA, IX FESTIVAL DE CINE FANTASTICO EUROPEO DE MURCIA\",\"url\":\"https:\/\/sombrafestival.com\/en\/\",\"logo\":{\"@type\":\"ImageObject\",\"inLanguage\":\"en-GB\",\"@id\":\"https:\/\/sombrafestival.com\/en\/#\/schema\/logo\/image\/\",\"url\":\"https:\/\/sombrafestival.com\/wp-content\/uploads\/2019\/10\/Sombra-LogoIdentificador-Negativo.jpg\",\"contentUrl\":\"https:\/\/sombrafestival.com\/wp-content\/uploads\/2019\/10\/Sombra-LogoIdentificador-Negativo.jpg\",\"width\":400,\"height\":400,\"caption\":\"SOMBRA, IX FESTIVAL DE CINE FANTASTICO EUROPEO DE MURCIA\"},\"image\":{\"@id\":\"https:\/\/sombrafestival.com\/en\/#\/schema\/logo\/image\/\"},\"sameAs\":[\"https:\/\/www.facebook.com\/Sombra-Festival-De-CINE-Fantastico-Europeo-De-Murcia-175337032531429\/\",\"https:\/\/x.com\/SombraFestival\",\"https:\/\/www.instagram.com\/sombrafestival\/\",\"https:\/\/www.youtube.com\/channel\/UCBdSJni9V30Tq4cGf4Lj0Ug?view_as=subscriber\"]}]}<\/script>\n<!-- \/ Yoast SEO plugin. -->","yoast_head_json":{"title":"Presentaci\u00f3n de la Biograf\u00eda de Claudio Simonetti con la Editorial Applehead - Sombra Festival","robots":{"index":"index","follow":"follow","max-snippet":"max-snippet:-1","max-image-preview":"max-image-preview:large","max-video-preview":"max-video-preview:-1"},"canonical":"https:\/\/sombrafestival.com\/en\/presentacion-de-la-biografia-de-claudio-simonetti-con-la-editorial-applehead\/","og_locale":"en_GB","og_type":"article","og_title":"Presentaci\u00f3n de la Biograf\u00eda de Claudio Simonetti con la Editorial Applehead - Sombra Festival","og_description":"\u00bfCu\u00e1ndo? Viernes, 24 de marzo a las 19:30\u00bfD\u00f3nde? Filmoteca Regional (Sala B)Precio: &nbsp;Gratuito Presentaci\u00f3n de la Biograf\u00eda de Claudio Simonetti con la Editorial Applehead. Asisten: Claudio Simonetti Editores de la Editorial Applehead","og_url":"https:\/\/sombrafestival.com\/en\/presentacion-de-la-biografia-de-claudio-simonetti-con-la-editorial-applehead\/","og_site_name":"Sombra Festival","article_publisher":"https:\/\/www.facebook.com\/Sombra-Festival-De-CINE-Fantastico-Europeo-De-Murcia-175337032531429\/","article_modified_time":"2023-02-15T18:44:46+00:00","og_image":[{"url":"https:\/\/sombrafestival.com\/wp-content\/uploads\/2023\/02\/biografia-simonetti.jpg","type":"","width":"","height":""}],"twitter_card":"summary_large_image","twitter_site":"@SombraFestival","schema":{"@context":"https:\/\/schema.org","@graph":[{"@type":"WebPage","@id":"https:\/\/sombrafestival.com\/presentacion-de-la-biografia-de-claudio-simonetti-con-la-editorial-applehead\/","url":"https:\/\/sombrafestival.com\/presentacion-de-la-biografia-de-claudio-simonetti-con-la-editorial-applehead\/","name":"Presentaci\u00f3n de la Biograf\u00eda de Claudio Simonetti con la Editorial Applehead - Sombra Festival","isPartOf":{"@id":"https:\/\/sombrafestival.com\/en\/#website"},"primaryImageOfPage":{"@id":"https:\/\/sombrafestival.com\/presentacion-de-la-biografia-de-claudio-simonetti-con-la-editorial-applehead\/#primaryimage"},"image":{"@id":"https:\/\/sombrafestival.com\/presentacion-de-la-biografia-de-claudio-simonetti-con-la-editorial-applehead\/#primaryimage"},"thumbnailUrl":"https:\/\/sombrafestival.com\/wp-content\/uploads\/2023\/02\/biografia-simonetti.jpg","datePublished":"2023-02-13T17:38:36+00:00","dateModified":"2023-02-15T18:44:46+00:00","breadcrumb":{"@id":"https:\/\/sombrafestival.com\/presentacion-de-la-biografia-de-claudio-simonetti-con-la-editorial-applehead\/#breadcrumb"},"inLanguage":"en-GB","potentialAction":[{"@type":"ReadAction","target":["https:\/\/sombrafestival.com\/presentacion-de-la-biografia-de-claudio-simonetti-con-la-editorial-applehead\/"]}]},{"@type":"ImageObject","inLanguage":"en-GB","@id":"https:\/\/sombrafestival.com\/presentacion-de-la-biografia-de-claudio-simonetti-con-la-editorial-applehead\/#primaryimage","url":"https:\/\/sombrafestival.com\/wp-content\/uploads\/2023\/02\/biografia-simonetti.jpg","contentUrl":"https:\/\/sombrafestival.com\/wp-content\/uploads\/2023\/02\/biografia-simonetti.jpg"},{"@type":"BreadcrumbList","@id":"https:\/\/sombrafestival.com\/presentacion-de-la-biografia-de-claudio-simonetti-con-la-editorial-applehead\/#breadcrumb","itemListElement":[{"@type":"ListItem","position":1,"name":"Portada","item":"https:\/\/sombrafestival.com\/"},{"@type":"ListItem","position":2,"name":"Presentaci\u00f3n de la Biograf\u00eda de Claudio Simonetti con la Editorial Applehead"}]},{"@type":"WebSite","@id":"https:\/\/sombrafestival.com\/en\/#website","url":"https:\/\/sombrafestival.com\/en\/","name":"Sombra Festival","description":"XIII Festival de Cine Fant\u00e1stico Europeo de Murcia, 8-17 MARZO 2024","publisher":{"@id":"https:\/\/sombrafestival.com\/en\/#organization"},"potentialAction":[{"@type":"SearchAction","target":{"@type":"EntryPoint","urlTemplate":"https:\/\/sombrafestival.com\/en\/?s={search_term_string}"},"query-input":{"@type":"PropertyValueSpecification","valueRequired":true,"valueName":"search_term_string"}}],"inLanguage":"en-GB"},{"@type":"Organization","@id":"https:\/\/sombrafestival.com\/en\/#organization","name":"SOMBRA, IX FESTIVAL DE CINE FANTASTICO EUROPEO DE MURCIA","url":"https:\/\/sombrafestival.com\/en\/","logo":{"@type":"ImageObject","inLanguage":"en-GB","@id":"https:\/\/sombrafestival.com\/en\/#\/schema\/logo\/image\/","url":"https:\/\/sombrafestival.com\/wp-content\/uploads\/2019\/10\/Sombra-LogoIdentificador-Negativo.jpg","contentUrl":"https:\/\/sombrafestival.com\/wp-content\/uploads\/2019\/10\/Sombra-LogoIdentificador-Negativo.jpg","width":400,"height":400,"caption":"SOMBRA, IX FESTIVAL DE CINE FANTASTICO EUROPEO DE MURCIA"},"image":{"@id":"https:\/\/sombrafestival.com\/en\/#\/schema\/logo\/image\/"},"sameAs":["https:\/\/www.facebook.com\/Sombra-Festival-De-CINE-Fantastico-Europeo-De-Murcia-175337032531429\/","https:\/\/x.com\/SombraFestival","https:\/\/www.instagram.com\/sombrafestival\/","https:\/\/www.youtube.com\/channel\/UCBdSJni9V30Tq4cGf4Lj0Ug?view_as=subscriber"]}]}},"_links":{"self":[{"href":"https:\/\/sombrafestival.com\/en\/wp-json\/wp\/v2\/pages\/5710","targetHints":{"allow":["GET"]}}],"collection":[{"href":"https:\/\/sombrafestival.com\/en\/wp-json\/wp\/v2\/pages"}],"about":[{"href":"https:\/\/sombrafestival.com\/en\/wp-json\/wp\/v2\/types\/page"}],"author":[{"embeddable":true,"href":"https:\/\/sombrafestival.com\/en\/wp-json\/wp\/v2\/users\/2"}],"replies":[{"embeddable":true,"href":"https:\/\/sombrafestival.com\/en\/wp-json\/wp\/v2\/comments?post=5710"}],"version-history":[{"count":3,"href":"https:\/\/sombrafestival.com\/en\/wp-json\/wp\/v2\/pages\/5710\/revisions"}],"predecessor-version":[{"id":5794,"href":"https:\/\/sombrafestival.com\/en\/wp-json\/wp\/v2\/pages\/5710\/revisions\/5794"}],"wp:attachment":[{"href":"https:\/\/sombrafestival.com\/en\/wp-json\/wp\/v2\/media?parent=5710"}],"curies":[{"name":"wp","href":"https:\/\/api.w.org\/{rel}","templated":true}]}}