{"id":5767,"date":"2023-02-14T16:47:32","date_gmt":"2023-02-14T15:47:32","guid":{"rendered":"https:\/\/sombrafestival.com\/?page_id=5767"},"modified":"2023-02-14T16:47:32","modified_gmt":"2023-02-14T15:47:32","slug":"sombra-2023-invitados-pedro-jose-tena","status":"publish","type":"page","link":"https:\/\/sombrafestival.com\/en\/sombra-2023-invitados-pedro-jose-tena\/","title":{"rendered":"Sombra 2023: Invitados | Pedro Jos\u00e9 Tena"},"content":{"rendered":"<h2>Pedro Jos\u00e9 Tena<\/h2>\n<p><strong>Pedro Jos\u00e9 Tena<\/strong> (Badajoz, 1980) es natural de Badajoz. Ha estado relacionado con la cr\u00edtica cinematogr\u00e1fica desde 2005, primero en blogs (Natural High, Retumbarama, MicroCritic, Tierra de Cin\u00e9fagos) y revistas digitales (WeLoveCinema, El Antepen\u00faltimo Mohicano), hasta pasar a formar parte de la lista de colaboradores de la veterana y ya<br \/>\ndesaparecida revista impresa Im\u00e1genes de Actualidad.<\/p>\n<p>Colabor\u00f3 en el libro <span style=\"color: #ffcc00;\">Los brazos fuertes del cine de acci\u00f3n de los 80 y 90<\/span> de Diego Arjona (T&amp;B Editores) y posteriormente, junto a Frank Mu\u00f1oz, fund\u00f3 la editorial <strong>Applehead Team Creaciones<\/strong>. Desde 2014, Tena ha participado en varios libros colectivos de la editorial: <span style=\"color: #ffcc00;\">Cannon Films, M\u00e1s Cannon<\/span> (Cannon Films 2) y <span style=\"color: #ffcc00;\">Terminator: El imperio de Skynet<\/span>, adem\u00e1s de colaborar tambi\u00e9n en <span style=\"color: #ffcc00;\">Golden Ninja Operation: Los secretos de la IFD<\/span> y la <span style=\"color: #ffcc00;\">Filmark<\/span>, de Jes\u00fas Manuel P\u00e9rez Molina. <span style=\"color: #ffcc00;\">Demons: La pesadilla retorna<\/span> es su primer libro en solitario, al que seguir\u00e1n otros proyectos donde seguir\u00e1 explorando su pasi\u00f3n por el cine de g\u00e9nero.<\/p>\n<p><img loading=\"lazy\" decoding=\"async\" class=\"alignnone size-full wp-image-5766\" src=\"https:\/\/sombrafestival.com\/wp-content\/uploads\/2023\/02\/pedro-jose-tena.jpg\" alt=\"\" width=\"1000\" height=\"1000\" srcset=\"https:\/\/sombrafestival.com\/wp-content\/uploads\/2023\/02\/pedro-jose-tena.jpg 1000w, https:\/\/sombrafestival.com\/wp-content\/uploads\/2023\/02\/pedro-jose-tena-300x300.jpg 300w, https:\/\/sombrafestival.com\/wp-content\/uploads\/2023\/02\/pedro-jose-tena-150x150.jpg 150w, https:\/\/sombrafestival.com\/wp-content\/uploads\/2023\/02\/pedro-jose-tena-768x768.jpg 768w, https:\/\/sombrafestival.com\/wp-content\/uploads\/2023\/02\/pedro-jose-tena-12x12.jpg 12w, https:\/\/sombrafestival.com\/wp-content\/uploads\/2023\/02\/pedro-jose-tena-696x696.jpg 696w, https:\/\/sombrafestival.com\/wp-content\/uploads\/2023\/02\/pedro-jose-tena-420x420.jpg 420w\" sizes=\"auto, (max-width: 1000px) 100vw, 1000px\" \/><\/p>","protected":false},"excerpt":{"rendered":"<p>Pedro Jos\u00e9 Tena Pedro Jos\u00e9 Tena (Badajoz, 1980) es natural de Badajoz. Ha estado relacionado con la cr\u00edtica cinematogr\u00e1fica desde 2005, primero en blogs (Natural High, Retumbarama, MicroCritic, Tierra de Cin\u00e9fagos) y revistas digitales (WeLoveCinema, El Antepen\u00faltimo Mohicano), hasta pasar a formar parte de la lista de colaboradores de la veterana y ya desaparecida revista [&hellip;]<\/p>","protected":false},"author":2,"featured_media":5766,"parent":0,"menu_order":0,"comment_status":"closed","ping_status":"closed","template":"","meta":{"footnotes":""},"class_list":["post-5767","page","type-page","status-publish","has-post-thumbnail"],"yoast_head":"<!-- This site is optimized with the Yoast SEO plugin v24.3 - https:\/\/yoast.com\/wordpress\/plugins\/seo\/ -->\n<title>Sombra 2023: Invitados | Pedro Jos\u00e9 Tena - Sombra Festival<\/title>\n<meta name=\"robots\" content=\"index, follow, max-snippet:-1, max-image-preview:large, max-video-preview:-1\" \/>\n<link rel=\"canonical\" href=\"https:\/\/sombrafestival.com\/en\/sombra-2023-invitados-pedro-jose-tena\/\" \/>\n<meta property=\"og:locale\" content=\"en_GB\" \/>\n<meta property=\"og:type\" content=\"article\" \/>\n<meta property=\"og:title\" content=\"Sombra 2023: Invitados | Pedro Jos\u00e9 Tena - Sombra Festival\" \/>\n<meta property=\"og:description\" content=\"Pedro Jos\u00e9 Tena Pedro Jos\u00e9 Tena (Badajoz, 1980) es natural de Badajoz. Ha estado relacionado con la cr\u00edtica cinematogr\u00e1fica desde 2005, primero en blogs (Natural High, Retumbarama, MicroCritic, Tierra de Cin\u00e9fagos) y revistas digitales (WeLoveCinema, El Antepen\u00faltimo Mohicano), hasta pasar a formar parte de la lista de colaboradores de la veterana y ya desaparecida revista [&hellip;]\" \/>\n<meta property=\"og:url\" content=\"https:\/\/sombrafestival.com\/en\/sombra-2023-invitados-pedro-jose-tena\/\" \/>\n<meta property=\"og:site_name\" content=\"Sombra Festival\" \/>\n<meta property=\"article:publisher\" content=\"https:\/\/www.facebook.com\/Sombra-Festival-De-CINE-Fantastico-Europeo-De-Murcia-175337032531429\/\" \/>\n<meta property=\"og:image\" content=\"https:\/\/sombrafestival.com\/wp-content\/uploads\/2023\/02\/pedro-jose-tena.jpg\" \/>\n\t<meta property=\"og:image:width\" content=\"1000\" \/>\n\t<meta property=\"og:image:height\" content=\"1000\" \/>\n\t<meta property=\"og:image:type\" content=\"image\/jpeg\" \/>\n<meta name=\"twitter:card\" content=\"summary_large_image\" \/>\n<meta name=\"twitter:site\" content=\"@SombraFestival\" \/>\n<meta name=\"twitter:label1\" content=\"Est. reading time\" \/>\n\t<meta name=\"twitter:data1\" content=\"1 minute\" \/>\n<script type=\"application\/ld+json\" class=\"yoast-schema-graph\">{\"@context\":\"https:\/\/schema.org\",\"@graph\":[{\"@type\":\"WebPage\",\"@id\":\"https:\/\/sombrafestival.com\/sombra-2023-invitados-pedro-jose-tena\/\",\"url\":\"https:\/\/sombrafestival.com\/sombra-2023-invitados-pedro-jose-tena\/\",\"name\":\"Sombra 2023: Invitados | Pedro Jos\u00e9 Tena - Sombra Festival\",\"isPartOf\":{\"@id\":\"https:\/\/sombrafestival.com\/en\/#website\"},\"primaryImageOfPage\":{\"@id\":\"https:\/\/sombrafestival.com\/sombra-2023-invitados-pedro-jose-tena\/#primaryimage\"},\"image\":{\"@id\":\"https:\/\/sombrafestival.com\/sombra-2023-invitados-pedro-jose-tena\/#primaryimage\"},\"thumbnailUrl\":\"https:\/\/sombrafestival.com\/wp-content\/uploads\/2023\/02\/pedro-jose-tena.jpg\",\"datePublished\":\"2023-02-14T15:47:32+00:00\",\"dateModified\":\"2023-02-14T15:47:32+00:00\",\"breadcrumb\":{\"@id\":\"https:\/\/sombrafestival.com\/sombra-2023-invitados-pedro-jose-tena\/#breadcrumb\"},\"inLanguage\":\"en-GB\",\"potentialAction\":[{\"@type\":\"ReadAction\",\"target\":[\"https:\/\/sombrafestival.com\/sombra-2023-invitados-pedro-jose-tena\/\"]}]},{\"@type\":\"ImageObject\",\"inLanguage\":\"en-GB\",\"@id\":\"https:\/\/sombrafestival.com\/sombra-2023-invitados-pedro-jose-tena\/#primaryimage\",\"url\":\"https:\/\/sombrafestival.com\/wp-content\/uploads\/2023\/02\/pedro-jose-tena.jpg\",\"contentUrl\":\"https:\/\/sombrafestival.com\/wp-content\/uploads\/2023\/02\/pedro-jose-tena.jpg\",\"width\":1000,\"height\":1000},{\"@type\":\"BreadcrumbList\",\"@id\":\"https:\/\/sombrafestival.com\/sombra-2023-invitados-pedro-jose-tena\/#breadcrumb\",\"itemListElement\":[{\"@type\":\"ListItem\",\"position\":1,\"name\":\"Portada\",\"item\":\"https:\/\/sombrafestival.com\/\"},{\"@type\":\"ListItem\",\"position\":2,\"name\":\"Sombra 2023: Invitados | Pedro Jos\u00e9 Tena\"}]},{\"@type\":\"WebSite\",\"@id\":\"https:\/\/sombrafestival.com\/en\/#website\",\"url\":\"https:\/\/sombrafestival.com\/en\/\",\"name\":\"Sombra Festival\",\"description\":\"XIII Festival de Cine Fant\u00e1stico Europeo de Murcia, 8-17 MARZO 2024\",\"publisher\":{\"@id\":\"https:\/\/sombrafestival.com\/en\/#organization\"},\"potentialAction\":[{\"@type\":\"SearchAction\",\"target\":{\"@type\":\"EntryPoint\",\"urlTemplate\":\"https:\/\/sombrafestival.com\/en\/?s={search_term_string}\"},\"query-input\":{\"@type\":\"PropertyValueSpecification\",\"valueRequired\":true,\"valueName\":\"search_term_string\"}}],\"inLanguage\":\"en-GB\"},{\"@type\":\"Organization\",\"@id\":\"https:\/\/sombrafestival.com\/en\/#organization\",\"name\":\"SOMBRA, IX FESTIVAL DE CINE FANTASTICO EUROPEO DE MURCIA\",\"url\":\"https:\/\/sombrafestival.com\/en\/\",\"logo\":{\"@type\":\"ImageObject\",\"inLanguage\":\"en-GB\",\"@id\":\"https:\/\/sombrafestival.com\/en\/#\/schema\/logo\/image\/\",\"url\":\"https:\/\/sombrafestival.com\/wp-content\/uploads\/2019\/10\/Sombra-LogoIdentificador-Negativo.jpg\",\"contentUrl\":\"https:\/\/sombrafestival.com\/wp-content\/uploads\/2019\/10\/Sombra-LogoIdentificador-Negativo.jpg\",\"width\":400,\"height\":400,\"caption\":\"SOMBRA, IX FESTIVAL DE CINE FANTASTICO EUROPEO DE MURCIA\"},\"image\":{\"@id\":\"https:\/\/sombrafestival.com\/en\/#\/schema\/logo\/image\/\"},\"sameAs\":[\"https:\/\/www.facebook.com\/Sombra-Festival-De-CINE-Fantastico-Europeo-De-Murcia-175337032531429\/\",\"https:\/\/x.com\/SombraFestival\",\"https:\/\/www.instagram.com\/sombrafestival\/\",\"https:\/\/www.youtube.com\/channel\/UCBdSJni9V30Tq4cGf4Lj0Ug?view_as=subscriber\"]}]}<\/script>\n<!-- \/ Yoast SEO plugin. -->","yoast_head_json":{"title":"Sombra 2023: Invitados | Pedro Jos\u00e9 Tena - Sombra Festival","robots":{"index":"index","follow":"follow","max-snippet":"max-snippet:-1","max-image-preview":"max-image-preview:large","max-video-preview":"max-video-preview:-1"},"canonical":"https:\/\/sombrafestival.com\/en\/sombra-2023-invitados-pedro-jose-tena\/","og_locale":"en_GB","og_type":"article","og_title":"Sombra 2023: Invitados | Pedro Jos\u00e9 Tena - Sombra Festival","og_description":"Pedro Jos\u00e9 Tena Pedro Jos\u00e9 Tena (Badajoz, 1980) es natural de Badajoz. Ha estado relacionado con la cr\u00edtica cinematogr\u00e1fica desde 2005, primero en blogs (Natural High, Retumbarama, MicroCritic, Tierra de Cin\u00e9fagos) y revistas digitales (WeLoveCinema, El Antepen\u00faltimo Mohicano), hasta pasar a formar parte de la lista de colaboradores de la veterana y ya desaparecida revista [&hellip;]","og_url":"https:\/\/sombrafestival.com\/en\/sombra-2023-invitados-pedro-jose-tena\/","og_site_name":"Sombra Festival","article_publisher":"https:\/\/www.facebook.com\/Sombra-Festival-De-CINE-Fantastico-Europeo-De-Murcia-175337032531429\/","og_image":[{"width":1000,"height":1000,"url":"https:\/\/sombrafestival.com\/wp-content\/uploads\/2023\/02\/pedro-jose-tena.jpg","type":"image\/jpeg"}],"twitter_card":"summary_large_image","twitter_site":"@SombraFestival","twitter_misc":{"Est. reading time":"1 minute"},"schema":{"@context":"https:\/\/schema.org","@graph":[{"@type":"WebPage","@id":"https:\/\/sombrafestival.com\/sombra-2023-invitados-pedro-jose-tena\/","url":"https:\/\/sombrafestival.com\/sombra-2023-invitados-pedro-jose-tena\/","name":"Sombra 2023: Invitados | Pedro Jos\u00e9 Tena - Sombra Festival","isPartOf":{"@id":"https:\/\/sombrafestival.com\/en\/#website"},"primaryImageOfPage":{"@id":"https:\/\/sombrafestival.com\/sombra-2023-invitados-pedro-jose-tena\/#primaryimage"},"image":{"@id":"https:\/\/sombrafestival.com\/sombra-2023-invitados-pedro-jose-tena\/#primaryimage"},"thumbnailUrl":"https:\/\/sombrafestival.com\/wp-content\/uploads\/2023\/02\/pedro-jose-tena.jpg","datePublished":"2023-02-14T15:47:32+00:00","dateModified":"2023-02-14T15:47:32+00:00","breadcrumb":{"@id":"https:\/\/sombrafestival.com\/sombra-2023-invitados-pedro-jose-tena\/#breadcrumb"},"inLanguage":"en-GB","potentialAction":[{"@type":"ReadAction","target":["https:\/\/sombrafestival.com\/sombra-2023-invitados-pedro-jose-tena\/"]}]},{"@type":"ImageObject","inLanguage":"en-GB","@id":"https:\/\/sombrafestival.com\/sombra-2023-invitados-pedro-jose-tena\/#primaryimage","url":"https:\/\/sombrafestival.com\/wp-content\/uploads\/2023\/02\/pedro-jose-tena.jpg","contentUrl":"https:\/\/sombrafestival.com\/wp-content\/uploads\/2023\/02\/pedro-jose-tena.jpg","width":1000,"height":1000},{"@type":"BreadcrumbList","@id":"https:\/\/sombrafestival.com\/sombra-2023-invitados-pedro-jose-tena\/#breadcrumb","itemListElement":[{"@type":"ListItem","position":1,"name":"Portada","item":"https:\/\/sombrafestival.com\/"},{"@type":"ListItem","position":2,"name":"Sombra 2023: Invitados | Pedro Jos\u00e9 Tena"}]},{"@type":"WebSite","@id":"https:\/\/sombrafestival.com\/en\/#website","url":"https:\/\/sombrafestival.com\/en\/","name":"Sombra Festival","description":"XIII Festival de Cine Fant\u00e1stico Europeo de Murcia, 8-17 MARZO 2024","publisher":{"@id":"https:\/\/sombrafestival.com\/en\/#organization"},"potentialAction":[{"@type":"SearchAction","target":{"@type":"EntryPoint","urlTemplate":"https:\/\/sombrafestival.com\/en\/?s={search_term_string}"},"query-input":{"@type":"PropertyValueSpecification","valueRequired":true,"valueName":"search_term_string"}}],"inLanguage":"en-GB"},{"@type":"Organization","@id":"https:\/\/sombrafestival.com\/en\/#organization","name":"SOMBRA, IX FESTIVAL DE CINE FANTASTICO EUROPEO DE MURCIA","url":"https:\/\/sombrafestival.com\/en\/","logo":{"@type":"ImageObject","inLanguage":"en-GB","@id":"https:\/\/sombrafestival.com\/en\/#\/schema\/logo\/image\/","url":"https:\/\/sombrafestival.com\/wp-content\/uploads\/2019\/10\/Sombra-LogoIdentificador-Negativo.jpg","contentUrl":"https:\/\/sombrafestival.com\/wp-content\/uploads\/2019\/10\/Sombra-LogoIdentificador-Negativo.jpg","width":400,"height":400,"caption":"SOMBRA, IX FESTIVAL DE CINE FANTASTICO EUROPEO DE MURCIA"},"image":{"@id":"https:\/\/sombrafestival.com\/en\/#\/schema\/logo\/image\/"},"sameAs":["https:\/\/www.facebook.com\/Sombra-Festival-De-CINE-Fantastico-Europeo-De-Murcia-175337032531429\/","https:\/\/x.com\/SombraFestival","https:\/\/www.instagram.com\/sombrafestival\/","https:\/\/www.youtube.com\/channel\/UCBdSJni9V30Tq4cGf4Lj0Ug?view_as=subscriber"]}]}},"_links":{"self":[{"href":"https:\/\/sombrafestival.com\/en\/wp-json\/wp\/v2\/pages\/5767","targetHints":{"allow":["GET"]}}],"collection":[{"href":"https:\/\/sombrafestival.com\/en\/wp-json\/wp\/v2\/pages"}],"about":[{"href":"https:\/\/sombrafestival.com\/en\/wp-json\/wp\/v2\/types\/page"}],"author":[{"embeddable":true,"href":"https:\/\/sombrafestival.com\/en\/wp-json\/wp\/v2\/users\/2"}],"replies":[{"embeddable":true,"href":"https:\/\/sombrafestival.com\/en\/wp-json\/wp\/v2\/comments?post=5767"}],"version-history":[{"count":1,"href":"https:\/\/sombrafestival.com\/en\/wp-json\/wp\/v2\/pages\/5767\/revisions"}],"predecessor-version":[{"id":5769,"href":"https:\/\/sombrafestival.com\/en\/wp-json\/wp\/v2\/pages\/5767\/revisions\/5769"}],"wp:featuredmedia":[{"embeddable":true,"href":"https:\/\/sombrafestival.com\/en\/wp-json\/wp\/v2\/media\/5766"}],"wp:attachment":[{"href":"https:\/\/sombrafestival.com\/en\/wp-json\/wp\/v2\/media?parent=5767"}],"curies":[{"name":"wp","href":"https:\/\/api.w.org\/{rel}","templated":true}]}}