{"id":5967,"date":"2024-01-15T21:38:55","date_gmt":"2024-01-15T20:38:55","guid":{"rendered":"https:\/\/sombrafestival.com\/?page_id=5967"},"modified":"2024-02-26T16:25:35","modified_gmt":"2024-02-26T15:25:35","slug":"jovenes-que-asombran-2024-talleres-de-cine-batalla-filmica-y-un-premio-de-800-e","status":"publish","type":"page","link":"https:\/\/sombrafestival.com\/en\/fundacion-sombra\/jovenes-que-asombran-2024-talleres-de-cine-batalla-filmica-y-un-premio-de-800-e\/","title":{"rendered":"J\u00f3venes que asombran 2024 | Talleres de cine, batalla f\u00edlmica y un premio de 800 \u20ac"},"content":{"rendered":"<h2 style=\"text-align: center;\">J\u00f3venes que asombran 2024<\/h2>\n<p><img loading=\"lazy\" decoding=\"async\" class=\"size-full wp-image-5968 aligncenter\" src=\"https:\/\/sombrafestival.com\/wp-content\/uploads\/2024\/01\/jovenes-que-asombran.jpg\" alt=\"\" width=\"731\" height=\"337\" srcset=\"https:\/\/sombrafestival.com\/wp-content\/uploads\/2024\/01\/jovenes-que-asombran.jpg 731w, https:\/\/sombrafestival.com\/wp-content\/uploads\/2024\/01\/jovenes-que-asombran-300x138.jpg 300w, https:\/\/sombrafestival.com\/wp-content\/uploads\/2024\/01\/jovenes-que-asombran-18x8.jpg 18w, https:\/\/sombrafestival.com\/wp-content\/uploads\/2024\/01\/jovenes-que-asombran-696x321.jpg 696w\" sizes=\"auto, (max-width: 731px) 100vw, 731px\" \/><\/p>\n<p>Esta ma\u00f1ana se ha presentado en el Ayuntamiento de Murcia la convocatoria de la tercera edici\u00f3n del certamen <strong>J\u00f3venes que Asombran<\/strong>, un concurso que pone a prueba la destreza y la creatividad de j\u00f3venes realizadores murcianos. Junto a la concejal de Talento Joven y Espacios P\u00fablicos Sof\u00eda L\u00f3pez- Briones, han acudido a la presentaci\u00f3n el director de la Fundaci\u00f3n Sombra Javier Garc\u00eda y la coordinadora del proyecto Mar\u00eda Mohedano.<\/p>\n<p>100 j\u00f3venes del municipio se enfrentar\u00e1n a una batalla creativa y tecnol\u00f3gica, con tan solo un Smartphone los participantes tendr\u00e1n que grabar un corto de un m\u00e1ximo de 10 minutos de duraci\u00f3n, para poder sacar todo su potencial los j\u00f3venes cineastas tendr\u00e1n <strong>5 d\u00edas en los que se les impartir\u00e1n talleres de elaboraci\u00f3n de guiones, direcci\u00f3n de actores y producci\u00f3n de los rodajes<\/strong>, para ello contar\u00e1n con profesionales de excepci\u00f3n como Mario Maga\u00f1a y Tom\u00e1s Iniesta, de la productora cinematogr\u00e1fica murciana ISKILL.<\/p>\n<p>Del 26 de febrero al 2 de marzo los participantes asistir\u00e1n a cursos formativos de gui\u00f3n, realizaci\u00f3n y producci\u00f3n f\u00edlmica con un Smart Phone.<br \/>\nPara que puedan competir en igualdad de condiciones todos los participantes contar\u00e1n con un guion \u00fanico con el tema de la inclusi\u00f3n como hilo argumental y ser\u00e1 su destreza y creatividad a la hora de dar vida a sus creaciones f\u00edlmicas lo que valorar\u00e1 el jurado del certamen.<\/p>\n<p><img loading=\"lazy\" decoding=\"async\" class=\"size-large wp-image-6108 aligncenter\" src=\"https:\/\/sombrafestival.com\/wp-content\/uploads\/2024\/01\/III-Jovenes-que-asombran-1-732x1024.jpg\" alt=\"\" width=\"696\" height=\"974\" srcset=\"https:\/\/sombrafestival.com\/wp-content\/uploads\/2024\/01\/III-Jovenes-que-asombran-1-732x1024.jpg 732w, https:\/\/sombrafestival.com\/wp-content\/uploads\/2024\/01\/III-Jovenes-que-asombran-1-214x300.jpg 214w, https:\/\/sombrafestival.com\/wp-content\/uploads\/2024\/01\/III-Jovenes-que-asombran-1-768x1075.jpg 768w, https:\/\/sombrafestival.com\/wp-content\/uploads\/2024\/01\/III-Jovenes-que-asombran-1-9x12.jpg 9w, https:\/\/sombrafestival.com\/wp-content\/uploads\/2024\/01\/III-Jovenes-que-asombran-1-696x974.jpg 696w, https:\/\/sombrafestival.com\/wp-content\/uploads\/2024\/01\/III-Jovenes-que-asombran-1-1068x1495.jpg 1068w, https:\/\/sombrafestival.com\/wp-content\/uploads\/2024\/01\/III-Jovenes-que-asombran-1-300x420.jpg 300w, https:\/\/sombrafestival.com\/wp-content\/uploads\/2024\/01\/III-Jovenes-que-asombran-1.jpg 1071w\" sizes=\"auto, (max-width: 696px) 100vw, 696px\" \/><\/p>\n<p>El Ayuntamientos de Murcia se implicar\u00e1 en el proceso cediendo Centro Cultural Puertas de Castilla para que se desarrollen los talleres que culminar\u00e1n en una <strong>gran Batalla F\u00edlmica el d\u00eda 2 de marzo<\/strong>.<\/p>\n<p>Para la concejal de Talento Joven y Espacio P\u00fablicos Sof\u00eda L\u00f3pez- Briones, \u00abcon este tipo de iniciativas se pone de manifiesto la necesidad de que las instituciones p\u00fablicas formen parte e impulsen todo tipo de procesos creativos que puedan catapultar y dar a conocer a nuestros j\u00f3venes a la industria de cada ramo \u00abLos concursantes contar\u00e1n con 8 horas para producir y grabar todo el material necesario para elaborar un corto de 10 minutos de duraci\u00f3n como m\u00e1ximo. Asimismo, tras el d\u00eda de grabaci\u00f3n contar\u00e1n con una semana para montar y post producir todo el material y entregar el trabajo final.<\/p>\n<p>A lo largo del mes de marzo se dar\u00e1 a conocer el fallo del jurado que estar\u00e1 formado por miembros de CINEMUR y que otorgar\u00e1 <strong>un premio de 800 euros al grupo ganador<\/strong>.<\/p>\n<p>Esta edici\u00f3n contar\u00e1 adem\u00e1s con un valor a\u00f1adido, <strong>el trabajo ganador y el finalista se proyectar\u00e1n en espacios formativos de la comunidad de Madrid<\/strong> para dar visibilidad a los trabajos de los j\u00f3venes creadores murcianos.<\/p>\n<p style=\"text-align: center;\"><a href=\"https:\/\/sombrafestival.com\/wp-content\/uploads\/2024\/01\/BASES-BATALLA-FI\u0301LMICA-2024-1.pdf\"><span class=\"td_btn td_btn_lg td_3D_btn\">DESCARGA AQU\u00cd LAS BASES DE J\u00d3VENES QUE ASOMBRAN 2024<\/span><\/a><\/p>\n<p>&nbsp;<\/p>\n<p style=\"text-align: center;\"><strong>INSCRIPCIONES CERRADAS<\/strong><\/p>\n<p>&nbsp;<\/p>\n<p><img loading=\"lazy\" decoding=\"async\" class=\"aligncenter size-large\" src=\"https:\/\/sombrafestival.com\/wp-content\/uploads\/2023\/01\/jovenes-que-asombran-2022-1024x535.jpg\" width=\"1024\" height=\"535\" \/><\/p>","protected":false},"excerpt":{"rendered":"<p>J\u00f3venes que asombran 2024 Esta ma\u00f1ana se ha presentado en el Ayuntamiento de Murcia la convocatoria de la tercera edici\u00f3n del certamen J\u00f3venes que Asombran, un concurso que pone a prueba la destreza y la creatividad de j\u00f3venes realizadores murcianos. Junto a la concejal de Talento Joven y Espacios P\u00fablicos Sof\u00eda L\u00f3pez- Briones, han acudido [&hellip;]<\/p>","protected":false},"author":2,"featured_media":6108,"parent":5082,"menu_order":0,"comment_status":"closed","ping_status":"closed","template":"","meta":{"footnotes":""},"class_list":["post-5967","page","type-page","status-publish","has-post-thumbnail"],"yoast_head":"<!-- This site is optimized with the Yoast SEO plugin v24.3 - https:\/\/yoast.com\/wordpress\/plugins\/seo\/ -->\n<title>J\u00f3venes que asombran 2024 | Talleres de cine, batalla f\u00edlmica y un premio de 800 \u20ac - Sombra Festival<\/title>\n<meta name=\"robots\" content=\"index, follow, max-snippet:-1, max-image-preview:large, max-video-preview:-1\" \/>\n<link rel=\"canonical\" href=\"https:\/\/sombrafestival.com\/en\/fundacion-sombra\/jovenes-que-asombran-2024-talleres-de-cine-batalla-filmica-y-un-premio-de-800-e\/\" \/>\n<meta property=\"og:locale\" content=\"en_GB\" \/>\n<meta property=\"og:type\" content=\"article\" \/>\n<meta property=\"og:title\" content=\"J\u00f3venes que asombran 2024 | Talleres de cine, batalla f\u00edlmica y un premio de 800 \u20ac - Sombra Festival\" \/>\n<meta property=\"og:description\" content=\"J\u00f3venes que asombran 2024 Esta ma\u00f1ana se ha presentado en el Ayuntamiento de Murcia la convocatoria de la tercera edici\u00f3n del certamen J\u00f3venes que Asombran, un concurso que pone a prueba la destreza y la creatividad de j\u00f3venes realizadores murcianos. Junto a la concejal de Talento Joven y Espacios P\u00fablicos Sof\u00eda L\u00f3pez- Briones, han acudido [&hellip;]\" \/>\n<meta property=\"og:url\" content=\"https:\/\/sombrafestival.com\/en\/fundacion-sombra\/jovenes-que-asombran-2024-talleres-de-cine-batalla-filmica-y-un-premio-de-800-e\/\" \/>\n<meta property=\"og:site_name\" content=\"Sombra Festival\" \/>\n<meta property=\"article:publisher\" content=\"https:\/\/www.facebook.com\/Sombra-Festival-De-CINE-Fantastico-Europeo-De-Murcia-175337032531429\/\" \/>\n<meta property=\"article:modified_time\" content=\"2024-02-26T15:25:35+00:00\" \/>\n<meta property=\"og:image\" content=\"https:\/\/sombrafestival.com\/wp-content\/uploads\/2024\/01\/III-Jovenes-que-asombran-1.jpg\" \/>\n\t<meta property=\"og:image:width\" content=\"1071\" \/>\n\t<meta property=\"og:image:height\" content=\"1499\" \/>\n\t<meta property=\"og:image:type\" content=\"image\/jpeg\" \/>\n<meta name=\"twitter:card\" content=\"summary_large_image\" \/>\n<meta name=\"twitter:site\" content=\"@SombraFestival\" \/>\n<meta name=\"twitter:label1\" content=\"Est. reading time\" \/>\n\t<meta name=\"twitter:data1\" content=\"2 minutes\" \/>\n<script type=\"application\/ld+json\" class=\"yoast-schema-graph\">{\"@context\":\"https:\/\/schema.org\",\"@graph\":[{\"@type\":\"WebPage\",\"@id\":\"https:\/\/sombrafestival.com\/fundacion-sombra\/jovenes-que-asombran-2024-talleres-de-cine-batalla-filmica-y-un-premio-de-800-e\/\",\"url\":\"https:\/\/sombrafestival.com\/fundacion-sombra\/jovenes-que-asombran-2024-talleres-de-cine-batalla-filmica-y-un-premio-de-800-e\/\",\"name\":\"J\u00f3venes que asombran 2024 | Talleres de cine, batalla f\u00edlmica y un premio de 800 \u20ac - Sombra Festival\",\"isPartOf\":{\"@id\":\"https:\/\/sombrafestival.com\/en\/#website\"},\"primaryImageOfPage\":{\"@id\":\"https:\/\/sombrafestival.com\/fundacion-sombra\/jovenes-que-asombran-2024-talleres-de-cine-batalla-filmica-y-un-premio-de-800-e\/#primaryimage\"},\"image\":{\"@id\":\"https:\/\/sombrafestival.com\/fundacion-sombra\/jovenes-que-asombran-2024-talleres-de-cine-batalla-filmica-y-un-premio-de-800-e\/#primaryimage\"},\"thumbnailUrl\":\"https:\/\/sombrafestival.com\/wp-content\/uploads\/2024\/01\/III-Jovenes-que-asombran-1.jpg\",\"datePublished\":\"2024-01-15T20:38:55+00:00\",\"dateModified\":\"2024-02-26T15:25:35+00:00\",\"breadcrumb\":{\"@id\":\"https:\/\/sombrafestival.com\/fundacion-sombra\/jovenes-que-asombran-2024-talleres-de-cine-batalla-filmica-y-un-premio-de-800-e\/#breadcrumb\"},\"inLanguage\":\"en-GB\",\"potentialAction\":[{\"@type\":\"ReadAction\",\"target\":[\"https:\/\/sombrafestival.com\/fundacion-sombra\/jovenes-que-asombran-2024-talleres-de-cine-batalla-filmica-y-un-premio-de-800-e\/\"]}]},{\"@type\":\"ImageObject\",\"inLanguage\":\"en-GB\",\"@id\":\"https:\/\/sombrafestival.com\/fundacion-sombra\/jovenes-que-asombran-2024-talleres-de-cine-batalla-filmica-y-un-premio-de-800-e\/#primaryimage\",\"url\":\"https:\/\/sombrafestival.com\/wp-content\/uploads\/2024\/01\/III-Jovenes-que-asombran-1.jpg\",\"contentUrl\":\"https:\/\/sombrafestival.com\/wp-content\/uploads\/2024\/01\/III-Jovenes-que-asombran-1.jpg\",\"width\":1071,\"height\":1499},{\"@type\":\"BreadcrumbList\",\"@id\":\"https:\/\/sombrafestival.com\/fundacion-sombra\/jovenes-que-asombran-2024-talleres-de-cine-batalla-filmica-y-un-premio-de-800-e\/#breadcrumb\",\"itemListElement\":[{\"@type\":\"ListItem\",\"position\":1,\"name\":\"Portada\",\"item\":\"https:\/\/sombrafestival.com\/\"},{\"@type\":\"ListItem\",\"position\":2,\"name\":\"FUNDACI\u00d3N SOMBRA\",\"item\":\"https:\/\/sombrafestival.com\/fundacion-sombra\/\"},{\"@type\":\"ListItem\",\"position\":3,\"name\":\"J\u00f3venes que asombran 2024 | Talleres de cine, batalla f\u00edlmica y un premio de 800 \u20ac\"}]},{\"@type\":\"WebSite\",\"@id\":\"https:\/\/sombrafestival.com\/en\/#website\",\"url\":\"https:\/\/sombrafestival.com\/en\/\",\"name\":\"Sombra Festival\",\"description\":\"XIII Festival de Cine Fant\u00e1stico Europeo de Murcia, 8-17 MARZO 2024\",\"publisher\":{\"@id\":\"https:\/\/sombrafestival.com\/en\/#organization\"},\"potentialAction\":[{\"@type\":\"SearchAction\",\"target\":{\"@type\":\"EntryPoint\",\"urlTemplate\":\"https:\/\/sombrafestival.com\/en\/?s={search_term_string}\"},\"query-input\":{\"@type\":\"PropertyValueSpecification\",\"valueRequired\":true,\"valueName\":\"search_term_string\"}}],\"inLanguage\":\"en-GB\"},{\"@type\":\"Organization\",\"@id\":\"https:\/\/sombrafestival.com\/en\/#organization\",\"name\":\"SOMBRA, IX FESTIVAL DE CINE FANTASTICO EUROPEO DE MURCIA\",\"url\":\"https:\/\/sombrafestival.com\/en\/\",\"logo\":{\"@type\":\"ImageObject\",\"inLanguage\":\"en-GB\",\"@id\":\"https:\/\/sombrafestival.com\/en\/#\/schema\/logo\/image\/\",\"url\":\"https:\/\/sombrafestival.com\/wp-content\/uploads\/2019\/10\/Sombra-LogoIdentificador-Negativo.jpg\",\"contentUrl\":\"https:\/\/sombrafestival.com\/wp-content\/uploads\/2019\/10\/Sombra-LogoIdentificador-Negativo.jpg\",\"width\":400,\"height\":400,\"caption\":\"SOMBRA, IX FESTIVAL DE CINE FANTASTICO EUROPEO DE MURCIA\"},\"image\":{\"@id\":\"https:\/\/sombrafestival.com\/en\/#\/schema\/logo\/image\/\"},\"sameAs\":[\"https:\/\/www.facebook.com\/Sombra-Festival-De-CINE-Fantastico-Europeo-De-Murcia-175337032531429\/\",\"https:\/\/x.com\/SombraFestival\",\"https:\/\/www.instagram.com\/sombrafestival\/\",\"https:\/\/www.youtube.com\/channel\/UCBdSJni9V30Tq4cGf4Lj0Ug?view_as=subscriber\"]}]}<\/script>\n<!-- \/ Yoast SEO plugin. -->","yoast_head_json":{"title":"J\u00f3venes que asombran 2024 | Talleres de cine, batalla f\u00edlmica y un premio de 800 \u20ac - Sombra Festival","robots":{"index":"index","follow":"follow","max-snippet":"max-snippet:-1","max-image-preview":"max-image-preview:large","max-video-preview":"max-video-preview:-1"},"canonical":"https:\/\/sombrafestival.com\/en\/fundacion-sombra\/jovenes-que-asombran-2024-talleres-de-cine-batalla-filmica-y-un-premio-de-800-e\/","og_locale":"en_GB","og_type":"article","og_title":"J\u00f3venes que asombran 2024 | Talleres de cine, batalla f\u00edlmica y un premio de 800 \u20ac - Sombra Festival","og_description":"J\u00f3venes que asombran 2024 Esta ma\u00f1ana se ha presentado en el Ayuntamiento de Murcia la convocatoria de la tercera edici\u00f3n del certamen J\u00f3venes que Asombran, un concurso que pone a prueba la destreza y la creatividad de j\u00f3venes realizadores murcianos. Junto a la concejal de Talento Joven y Espacios P\u00fablicos Sof\u00eda L\u00f3pez- Briones, han acudido [&hellip;]","og_url":"https:\/\/sombrafestival.com\/en\/fundacion-sombra\/jovenes-que-asombran-2024-talleres-de-cine-batalla-filmica-y-un-premio-de-800-e\/","og_site_name":"Sombra Festival","article_publisher":"https:\/\/www.facebook.com\/Sombra-Festival-De-CINE-Fantastico-Europeo-De-Murcia-175337032531429\/","article_modified_time":"2024-02-26T15:25:35+00:00","og_image":[{"width":1071,"height":1499,"url":"https:\/\/sombrafestival.com\/wp-content\/uploads\/2024\/01\/III-Jovenes-que-asombran-1.jpg","type":"image\/jpeg"}],"twitter_card":"summary_large_image","twitter_site":"@SombraFestival","twitter_misc":{"Est. reading time":"2 minutes"},"schema":{"@context":"https:\/\/schema.org","@graph":[{"@type":"WebPage","@id":"https:\/\/sombrafestival.com\/fundacion-sombra\/jovenes-que-asombran-2024-talleres-de-cine-batalla-filmica-y-un-premio-de-800-e\/","url":"https:\/\/sombrafestival.com\/fundacion-sombra\/jovenes-que-asombran-2024-talleres-de-cine-batalla-filmica-y-un-premio-de-800-e\/","name":"J\u00f3venes que asombran 2024 | Talleres de cine, batalla f\u00edlmica y un premio de 800 \u20ac - Sombra Festival","isPartOf":{"@id":"https:\/\/sombrafestival.com\/en\/#website"},"primaryImageOfPage":{"@id":"https:\/\/sombrafestival.com\/fundacion-sombra\/jovenes-que-asombran-2024-talleres-de-cine-batalla-filmica-y-un-premio-de-800-e\/#primaryimage"},"image":{"@id":"https:\/\/sombrafestival.com\/fundacion-sombra\/jovenes-que-asombran-2024-talleres-de-cine-batalla-filmica-y-un-premio-de-800-e\/#primaryimage"},"thumbnailUrl":"https:\/\/sombrafestival.com\/wp-content\/uploads\/2024\/01\/III-Jovenes-que-asombran-1.jpg","datePublished":"2024-01-15T20:38:55+00:00","dateModified":"2024-02-26T15:25:35+00:00","breadcrumb":{"@id":"https:\/\/sombrafestival.com\/fundacion-sombra\/jovenes-que-asombran-2024-talleres-de-cine-batalla-filmica-y-un-premio-de-800-e\/#breadcrumb"},"inLanguage":"en-GB","potentialAction":[{"@type":"ReadAction","target":["https:\/\/sombrafestival.com\/fundacion-sombra\/jovenes-que-asombran-2024-talleres-de-cine-batalla-filmica-y-un-premio-de-800-e\/"]}]},{"@type":"ImageObject","inLanguage":"en-GB","@id":"https:\/\/sombrafestival.com\/fundacion-sombra\/jovenes-que-asombran-2024-talleres-de-cine-batalla-filmica-y-un-premio-de-800-e\/#primaryimage","url":"https:\/\/sombrafestival.com\/wp-content\/uploads\/2024\/01\/III-Jovenes-que-asombran-1.jpg","contentUrl":"https:\/\/sombrafestival.com\/wp-content\/uploads\/2024\/01\/III-Jovenes-que-asombran-1.jpg","width":1071,"height":1499},{"@type":"BreadcrumbList","@id":"https:\/\/sombrafestival.com\/fundacion-sombra\/jovenes-que-asombran-2024-talleres-de-cine-batalla-filmica-y-un-premio-de-800-e\/#breadcrumb","itemListElement":[{"@type":"ListItem","position":1,"name":"Portada","item":"https:\/\/sombrafestival.com\/"},{"@type":"ListItem","position":2,"name":"FUNDACI\u00d3N SOMBRA","item":"https:\/\/sombrafestival.com\/fundacion-sombra\/"},{"@type":"ListItem","position":3,"name":"J\u00f3venes que asombran 2024 | Talleres de cine, batalla f\u00edlmica y un premio de 800 \u20ac"}]},{"@type":"WebSite","@id":"https:\/\/sombrafestival.com\/en\/#website","url":"https:\/\/sombrafestival.com\/en\/","name":"Sombra Festival","description":"XIII Festival de Cine Fant\u00e1stico Europeo de Murcia, 8-17 MARZO 2024","publisher":{"@id":"https:\/\/sombrafestival.com\/en\/#organization"},"potentialAction":[{"@type":"SearchAction","target":{"@type":"EntryPoint","urlTemplate":"https:\/\/sombrafestival.com\/en\/?s={search_term_string}"},"query-input":{"@type":"PropertyValueSpecification","valueRequired":true,"valueName":"search_term_string"}}],"inLanguage":"en-GB"},{"@type":"Organization","@id":"https:\/\/sombrafestival.com\/en\/#organization","name":"SOMBRA, IX FESTIVAL DE CINE FANTASTICO EUROPEO DE MURCIA","url":"https:\/\/sombrafestival.com\/en\/","logo":{"@type":"ImageObject","inLanguage":"en-GB","@id":"https:\/\/sombrafestival.com\/en\/#\/schema\/logo\/image\/","url":"https:\/\/sombrafestival.com\/wp-content\/uploads\/2019\/10\/Sombra-LogoIdentificador-Negativo.jpg","contentUrl":"https:\/\/sombrafestival.com\/wp-content\/uploads\/2019\/10\/Sombra-LogoIdentificador-Negativo.jpg","width":400,"height":400,"caption":"SOMBRA, IX FESTIVAL DE CINE FANTASTICO EUROPEO DE MURCIA"},"image":{"@id":"https:\/\/sombrafestival.com\/en\/#\/schema\/logo\/image\/"},"sameAs":["https:\/\/www.facebook.com\/Sombra-Festival-De-CINE-Fantastico-Europeo-De-Murcia-175337032531429\/","https:\/\/x.com\/SombraFestival","https:\/\/www.instagram.com\/sombrafestival\/","https:\/\/www.youtube.com\/channel\/UCBdSJni9V30Tq4cGf4Lj0Ug?view_as=subscriber"]}]}},"_links":{"self":[{"href":"https:\/\/sombrafestival.com\/en\/wp-json\/wp\/v2\/pages\/5967","targetHints":{"allow":["GET"]}}],"collection":[{"href":"https:\/\/sombrafestival.com\/en\/wp-json\/wp\/v2\/pages"}],"about":[{"href":"https:\/\/sombrafestival.com\/en\/wp-json\/wp\/v2\/types\/page"}],"author":[{"embeddable":true,"href":"https:\/\/sombrafestival.com\/en\/wp-json\/wp\/v2\/users\/2"}],"replies":[{"embeddable":true,"href":"https:\/\/sombrafestival.com\/en\/wp-json\/wp\/v2\/comments?post=5967"}],"version-history":[{"count":11,"href":"https:\/\/sombrafestival.com\/en\/wp-json\/wp\/v2\/pages\/5967\/revisions"}],"predecessor-version":[{"id":6535,"href":"https:\/\/sombrafestival.com\/en\/wp-json\/wp\/v2\/pages\/5967\/revisions\/6535"}],"up":[{"embeddable":true,"href":"https:\/\/sombrafestival.com\/en\/wp-json\/wp\/v2\/pages\/5082"}],"wp:featuredmedia":[{"embeddable":true,"href":"https:\/\/sombrafestival.com\/en\/wp-json\/wp\/v2\/media\/6108"}],"wp:attachment":[{"href":"https:\/\/sombrafestival.com\/en\/wp-json\/wp\/v2\/media?parent=5967"}],"curies":[{"name":"wp","href":"https:\/\/api.w.org\/{rel}","templated":true}]}}