{"id":6658,"date":"2024-06-06T17:15:27","date_gmt":"2024-06-06T15:15:27","guid":{"rendered":"https:\/\/sombrafestival.com\/?page_id=6658"},"modified":"2024-06-06T17:36:50","modified_gmt":"2024-06-06T15:36:50","slug":"el-festival-sombra-colaborara-en-el-side-rock-imperium-ofreciendo-un-ciclo-gratuito-de-peliculas-sobre-heavy-metal","status":"publish","type":"page","link":"https:\/\/sombrafestival.com\/en\/el-festival-sombra-colaborara-en-el-side-rock-imperium-ofreciendo-un-ciclo-gratuito-de-peliculas-sobre-heavy-metal\/","title":{"rendered":"El Festival Sombra colaborar\u00e1 en el \u2018Side Rock Imperium\u2019 comisariando un ciclo gratuito de pel\u00edculas sobre heavy metal"},"content":{"rendered":"<p>El <strong>Festival Sombra de Cine Fant\u00e1stico Europeo\u00a0<\/strong> se complace en anunciar una nueva y emocionante colaboraci\u00f3n con el <strong>Rock Imperium Festival<\/strong>, dentro de su apartado cinematogr\u00e1fico.<\/p>\n<p>Sombra llega a Cartagena como comisario de esta muestra de metal y horror, habiendo seleccionado las mismas y ofreciendo presentaciones e info especializada. Se proyectar\u00e1n, de manera completamente gratuita en la Fundaci\u00f3n Mediterr\u00e1neo, las pel\u00edculas <a href=\"https:\/\/sombrafestival.com\/en\/peliculas\/heavy-metal-1981-side-rock-imperium\/\"><strong>Heavy Metal <\/strong><\/a>el 18 de junio a las 20:30h, <a href=\"https:\/\/sombrafestival.com\/en\/peliculas\/muerte-a-33-r-p-m-1986-side-rock-imperium\/\"><strong>Trick or Treat<\/strong><\/a> 19 de junio a las 11h, el documental <a href=\"https:\/\/sombrafestival.com\/en\/peliculas\/the-history-of-metal-and-horror-2021-side-rock-imperium\/\"><strong>The History of Metal and Horror<\/strong><\/a> el 20 de junio a las 11h y culminar\u00e1 el d\u00eda 21 con el pase de <a href=\"https:\/\/sombrafestival.com\/en\/peliculas\/al-filo-del-infierno-1987-side-rock-imperium\/\"><strong>Rock&#8217;n&#8217;Roll Nightmare<\/strong><\/a>\u00a0a las 11h.<\/p>\n<p><img loading=\"lazy\" decoding=\"async\" class=\"size-large wp-image-6650 aligncenter\" src=\"https:\/\/sombrafestival.com\/wp-content\/uploads\/2024\/06\/Side-Rock-Imperium-724x1024.jpg\" alt=\"\" width=\"696\" height=\"984\" srcset=\"https:\/\/sombrafestival.com\/wp-content\/uploads\/2024\/06\/Side-Rock-Imperium-724x1024.jpg 724w, https:\/\/sombrafestival.com\/wp-content\/uploads\/2024\/06\/Side-Rock-Imperium-212x300.jpg 212w, https:\/\/sombrafestival.com\/wp-content\/uploads\/2024\/06\/Side-Rock-Imperium-768x1086.jpg 768w, https:\/\/sombrafestival.com\/wp-content\/uploads\/2024\/06\/Side-Rock-Imperium-8x12.jpg 8w, https:\/\/sombrafestival.com\/wp-content\/uploads\/2024\/06\/Side-Rock-Imperium-696x984.jpg 696w, https:\/\/sombrafestival.com\/wp-content\/uploads\/2024\/06\/Side-Rock-Imperium-297x420.jpg 297w, https:\/\/sombrafestival.com\/wp-content\/uploads\/2024\/06\/Side-Rock-Imperium.jpg 1000w\" sizes=\"auto, (max-width: 696px) 100vw, 696px\" \/><\/p>\n<p>Este ciclo cinematogr\u00e1fico se presentar\u00e1 el 18 de este mes a las 20h en la Fundaci\u00f3n Mediterr\u00e1neo, que cuenta con <strong>Heavy Metal<\/strong> (1981) una odisea de animaci\u00f3n firmada por diez directores, <strong>Trick or Treat<\/strong> (Charles Martin Smith, 1986) una obra generacional celebrada en cr\u00edtica y p\u00fablico, el documental <strong>The History of Metal and Horror <\/strong>(Mike Schiff, 2021), muy ligado a la tem\u00e1tica y a la cartelera de la presente edici\u00f3n y finalizamos con <strong>Rock&#8217;n&#8217;Roll Nightmare <\/strong>(John Fasano, 1987) el verdadero toque fant\u00e1stico de esta cita.<\/p>\n<p>Estamos muy emocionados por esta colaboraci\u00f3n, que une dos formas de arte poderosas: el cine y la m\u00fasica. Invitamos a todos los aficionados al heavy metal y al cine fant\u00e1stico a disfrutar de esta experiencia cultural gratuita. Este evento no solo enriquecer\u00e1 la programaci\u00f3n de ambos festivales, sino que tambi\u00e9n fortalecer\u00e1 la oferta cultural de la regi\u00f3n de Murcia. \u00a1No se pierdan la oportunidad de vivir la m\u00e1s \u00e9pica fusi\u00f3n de cine y m\u00fasica!<\/p>\n<p style=\"text-align: center;\"><span class=\"td_btn td_btn_lg td_3D_btn\">ENTRADA GRATUITA HASTA COMPLETA AFORO<\/span><\/p>","protected":false},"excerpt":{"rendered":"<p>El Festival Sombra de Cine Fant\u00e1stico Europeo\u00a0 se complace en anunciar una nueva y emocionante colaboraci\u00f3n con el Rock Imperium Festival, dentro de su apartado cinematogr\u00e1fico. Sombra llega a Cartagena como comisario de esta muestra de metal y horror, habiendo seleccionado las mismas y ofreciendo presentaciones e info especializada. Se proyectar\u00e1n, de manera completamente gratuita [&hellip;]<\/p>","protected":false},"author":2,"featured_media":6650,"parent":0,"menu_order":0,"comment_status":"closed","ping_status":"closed","template":"","meta":{"footnotes":""},"class_list":["post-6658","page","type-page","status-publish","has-post-thumbnail"],"yoast_head":"<!-- This site is optimized with the Yoast SEO plugin v24.3 - https:\/\/yoast.com\/wordpress\/plugins\/seo\/ -->\n<title>El Festival Sombra colaborar\u00e1 en el \u2018Side Rock Imperium\u2019 comisariando un ciclo gratuito de pel\u00edculas sobre heavy metal - Sombra Festival<\/title>\n<meta name=\"robots\" content=\"index, follow, max-snippet:-1, max-image-preview:large, max-video-preview:-1\" \/>\n<link rel=\"canonical\" href=\"https:\/\/sombrafestival.com\/en\/el-festival-sombra-colaborara-en-el-side-rock-imperium-ofreciendo-un-ciclo-gratuito-de-peliculas-sobre-heavy-metal\/\" \/>\n<meta property=\"og:locale\" content=\"en_GB\" \/>\n<meta property=\"og:type\" content=\"article\" \/>\n<meta property=\"og:title\" content=\"El Festival Sombra colaborar\u00e1 en el \u2018Side Rock Imperium\u2019 comisariando un ciclo gratuito de pel\u00edculas sobre heavy metal - Sombra Festival\" \/>\n<meta property=\"og:description\" content=\"El Festival Sombra de Cine Fant\u00e1stico Europeo\u00a0 se complace en anunciar una nueva y emocionante colaboraci\u00f3n con el Rock Imperium Festival, dentro de su apartado cinematogr\u00e1fico. Sombra llega a Cartagena como comisario de esta muestra de metal y horror, habiendo seleccionado las mismas y ofreciendo presentaciones e info especializada. Se proyectar\u00e1n, de manera completamente gratuita [&hellip;]\" \/>\n<meta property=\"og:url\" content=\"https:\/\/sombrafestival.com\/en\/el-festival-sombra-colaborara-en-el-side-rock-imperium-ofreciendo-un-ciclo-gratuito-de-peliculas-sobre-heavy-metal\/\" \/>\n<meta property=\"og:site_name\" content=\"Sombra Festival\" \/>\n<meta property=\"article:publisher\" content=\"https:\/\/www.facebook.com\/Sombra-Festival-De-CINE-Fantastico-Europeo-De-Murcia-175337032531429\/\" \/>\n<meta property=\"article:modified_time\" content=\"2024-06-06T15:36:50+00:00\" \/>\n<meta property=\"og:image\" content=\"https:\/\/sombrafestival.com\/wp-content\/uploads\/2024\/06\/Side-Rock-Imperium.jpg\" \/>\n\t<meta property=\"og:image:width\" content=\"1000\" \/>\n\t<meta property=\"og:image:height\" content=\"1414\" \/>\n\t<meta property=\"og:image:type\" content=\"image\/jpeg\" \/>\n<meta name=\"twitter:card\" content=\"summary_large_image\" \/>\n<meta name=\"twitter:site\" content=\"@SombraFestival\" \/>\n<meta name=\"twitter:label1\" content=\"Est. reading time\" \/>\n\t<meta name=\"twitter:data1\" content=\"1 minute\" \/>\n<script type=\"application\/ld+json\" class=\"yoast-schema-graph\">{\"@context\":\"https:\/\/schema.org\",\"@graph\":[{\"@type\":\"WebPage\",\"@id\":\"https:\/\/sombrafestival.com\/el-festival-sombra-colaborara-en-el-side-rock-imperium-ofreciendo-un-ciclo-gratuito-de-peliculas-sobre-heavy-metal\/\",\"url\":\"https:\/\/sombrafestival.com\/el-festival-sombra-colaborara-en-el-side-rock-imperium-ofreciendo-un-ciclo-gratuito-de-peliculas-sobre-heavy-metal\/\",\"name\":\"El Festival Sombra colaborar\u00e1 en el \u2018Side Rock Imperium\u2019 comisariando un ciclo gratuito de pel\u00edculas sobre heavy metal - Sombra Festival\",\"isPartOf\":{\"@id\":\"https:\/\/sombrafestival.com\/en\/#website\"},\"primaryImageOfPage\":{\"@id\":\"https:\/\/sombrafestival.com\/el-festival-sombra-colaborara-en-el-side-rock-imperium-ofreciendo-un-ciclo-gratuito-de-peliculas-sobre-heavy-metal\/#primaryimage\"},\"image\":{\"@id\":\"https:\/\/sombrafestival.com\/el-festival-sombra-colaborara-en-el-side-rock-imperium-ofreciendo-un-ciclo-gratuito-de-peliculas-sobre-heavy-metal\/#primaryimage\"},\"thumbnailUrl\":\"https:\/\/sombrafestival.com\/wp-content\/uploads\/2024\/06\/Side-Rock-Imperium.jpg\",\"datePublished\":\"2024-06-06T15:15:27+00:00\",\"dateModified\":\"2024-06-06T15:36:50+00:00\",\"breadcrumb\":{\"@id\":\"https:\/\/sombrafestival.com\/el-festival-sombra-colaborara-en-el-side-rock-imperium-ofreciendo-un-ciclo-gratuito-de-peliculas-sobre-heavy-metal\/#breadcrumb\"},\"inLanguage\":\"en-GB\",\"potentialAction\":[{\"@type\":\"ReadAction\",\"target\":[\"https:\/\/sombrafestival.com\/el-festival-sombra-colaborara-en-el-side-rock-imperium-ofreciendo-un-ciclo-gratuito-de-peliculas-sobre-heavy-metal\/\"]}]},{\"@type\":\"ImageObject\",\"inLanguage\":\"en-GB\",\"@id\":\"https:\/\/sombrafestival.com\/el-festival-sombra-colaborara-en-el-side-rock-imperium-ofreciendo-un-ciclo-gratuito-de-peliculas-sobre-heavy-metal\/#primaryimage\",\"url\":\"https:\/\/sombrafestival.com\/wp-content\/uploads\/2024\/06\/Side-Rock-Imperium.jpg\",\"contentUrl\":\"https:\/\/sombrafestival.com\/wp-content\/uploads\/2024\/06\/Side-Rock-Imperium.jpg\",\"width\":1000,\"height\":1414},{\"@type\":\"BreadcrumbList\",\"@id\":\"https:\/\/sombrafestival.com\/el-festival-sombra-colaborara-en-el-side-rock-imperium-ofreciendo-un-ciclo-gratuito-de-peliculas-sobre-heavy-metal\/#breadcrumb\",\"itemListElement\":[{\"@type\":\"ListItem\",\"position\":1,\"name\":\"Portada\",\"item\":\"https:\/\/sombrafestival.com\/\"},{\"@type\":\"ListItem\",\"position\":2,\"name\":\"El Festival Sombra colaborar\u00e1 en el \u2018Side Rock Imperium\u2019 comisariando un ciclo gratuito de pel\u00edculas sobre heavy metal\"}]},{\"@type\":\"WebSite\",\"@id\":\"https:\/\/sombrafestival.com\/en\/#website\",\"url\":\"https:\/\/sombrafestival.com\/en\/\",\"name\":\"Sombra Festival\",\"description\":\"XIII Festival de Cine Fant\u00e1stico Europeo de Murcia, 8-17 MARZO 2024\",\"publisher\":{\"@id\":\"https:\/\/sombrafestival.com\/en\/#organization\"},\"potentialAction\":[{\"@type\":\"SearchAction\",\"target\":{\"@type\":\"EntryPoint\",\"urlTemplate\":\"https:\/\/sombrafestival.com\/en\/?s={search_term_string}\"},\"query-input\":{\"@type\":\"PropertyValueSpecification\",\"valueRequired\":true,\"valueName\":\"search_term_string\"}}],\"inLanguage\":\"en-GB\"},{\"@type\":\"Organization\",\"@id\":\"https:\/\/sombrafestival.com\/en\/#organization\",\"name\":\"SOMBRA, IX FESTIVAL DE CINE FANTASTICO EUROPEO DE MURCIA\",\"url\":\"https:\/\/sombrafestival.com\/en\/\",\"logo\":{\"@type\":\"ImageObject\",\"inLanguage\":\"en-GB\",\"@id\":\"https:\/\/sombrafestival.com\/en\/#\/schema\/logo\/image\/\",\"url\":\"https:\/\/sombrafestival.com\/wp-content\/uploads\/2019\/10\/Sombra-LogoIdentificador-Negativo.jpg\",\"contentUrl\":\"https:\/\/sombrafestival.com\/wp-content\/uploads\/2019\/10\/Sombra-LogoIdentificador-Negativo.jpg\",\"width\":400,\"height\":400,\"caption\":\"SOMBRA, IX FESTIVAL DE CINE FANTASTICO EUROPEO DE MURCIA\"},\"image\":{\"@id\":\"https:\/\/sombrafestival.com\/en\/#\/schema\/logo\/image\/\"},\"sameAs\":[\"https:\/\/www.facebook.com\/Sombra-Festival-De-CINE-Fantastico-Europeo-De-Murcia-175337032531429\/\",\"https:\/\/x.com\/SombraFestival\",\"https:\/\/www.instagram.com\/sombrafestival\/\",\"https:\/\/www.youtube.com\/channel\/UCBdSJni9V30Tq4cGf4Lj0Ug?view_as=subscriber\"]}]}<\/script>\n<!-- \/ Yoast SEO plugin. -->","yoast_head_json":{"title":"El Festival Sombra colaborar\u00e1 en el \u2018Side Rock Imperium\u2019 comisariando un ciclo gratuito de pel\u00edculas sobre heavy metal - Sombra Festival","robots":{"index":"index","follow":"follow","max-snippet":"max-snippet:-1","max-image-preview":"max-image-preview:large","max-video-preview":"max-video-preview:-1"},"canonical":"https:\/\/sombrafestival.com\/en\/el-festival-sombra-colaborara-en-el-side-rock-imperium-ofreciendo-un-ciclo-gratuito-de-peliculas-sobre-heavy-metal\/","og_locale":"en_GB","og_type":"article","og_title":"El Festival Sombra colaborar\u00e1 en el \u2018Side Rock Imperium\u2019 comisariando un ciclo gratuito de pel\u00edculas sobre heavy metal - Sombra Festival","og_description":"El Festival Sombra de Cine Fant\u00e1stico Europeo\u00a0 se complace en anunciar una nueva y emocionante colaboraci\u00f3n con el Rock Imperium Festival, dentro de su apartado cinematogr\u00e1fico. Sombra llega a Cartagena como comisario de esta muestra de metal y horror, habiendo seleccionado las mismas y ofreciendo presentaciones e info especializada. Se proyectar\u00e1n, de manera completamente gratuita [&hellip;]","og_url":"https:\/\/sombrafestival.com\/en\/el-festival-sombra-colaborara-en-el-side-rock-imperium-ofreciendo-un-ciclo-gratuito-de-peliculas-sobre-heavy-metal\/","og_site_name":"Sombra Festival","article_publisher":"https:\/\/www.facebook.com\/Sombra-Festival-De-CINE-Fantastico-Europeo-De-Murcia-175337032531429\/","article_modified_time":"2024-06-06T15:36:50+00:00","og_image":[{"width":1000,"height":1414,"url":"https:\/\/sombrafestival.com\/wp-content\/uploads\/2024\/06\/Side-Rock-Imperium.jpg","type":"image\/jpeg"}],"twitter_card":"summary_large_image","twitter_site":"@SombraFestival","twitter_misc":{"Est. reading time":"1 minute"},"schema":{"@context":"https:\/\/schema.org","@graph":[{"@type":"WebPage","@id":"https:\/\/sombrafestival.com\/el-festival-sombra-colaborara-en-el-side-rock-imperium-ofreciendo-un-ciclo-gratuito-de-peliculas-sobre-heavy-metal\/","url":"https:\/\/sombrafestival.com\/el-festival-sombra-colaborara-en-el-side-rock-imperium-ofreciendo-un-ciclo-gratuito-de-peliculas-sobre-heavy-metal\/","name":"El Festival Sombra colaborar\u00e1 en el \u2018Side Rock Imperium\u2019 comisariando un ciclo gratuito de pel\u00edculas sobre heavy metal - Sombra Festival","isPartOf":{"@id":"https:\/\/sombrafestival.com\/en\/#website"},"primaryImageOfPage":{"@id":"https:\/\/sombrafestival.com\/el-festival-sombra-colaborara-en-el-side-rock-imperium-ofreciendo-un-ciclo-gratuito-de-peliculas-sobre-heavy-metal\/#primaryimage"},"image":{"@id":"https:\/\/sombrafestival.com\/el-festival-sombra-colaborara-en-el-side-rock-imperium-ofreciendo-un-ciclo-gratuito-de-peliculas-sobre-heavy-metal\/#primaryimage"},"thumbnailUrl":"https:\/\/sombrafestival.com\/wp-content\/uploads\/2024\/06\/Side-Rock-Imperium.jpg","datePublished":"2024-06-06T15:15:27+00:00","dateModified":"2024-06-06T15:36:50+00:00","breadcrumb":{"@id":"https:\/\/sombrafestival.com\/el-festival-sombra-colaborara-en-el-side-rock-imperium-ofreciendo-un-ciclo-gratuito-de-peliculas-sobre-heavy-metal\/#breadcrumb"},"inLanguage":"en-GB","potentialAction":[{"@type":"ReadAction","target":["https:\/\/sombrafestival.com\/el-festival-sombra-colaborara-en-el-side-rock-imperium-ofreciendo-un-ciclo-gratuito-de-peliculas-sobre-heavy-metal\/"]}]},{"@type":"ImageObject","inLanguage":"en-GB","@id":"https:\/\/sombrafestival.com\/el-festival-sombra-colaborara-en-el-side-rock-imperium-ofreciendo-un-ciclo-gratuito-de-peliculas-sobre-heavy-metal\/#primaryimage","url":"https:\/\/sombrafestival.com\/wp-content\/uploads\/2024\/06\/Side-Rock-Imperium.jpg","contentUrl":"https:\/\/sombrafestival.com\/wp-content\/uploads\/2024\/06\/Side-Rock-Imperium.jpg","width":1000,"height":1414},{"@type":"BreadcrumbList","@id":"https:\/\/sombrafestival.com\/el-festival-sombra-colaborara-en-el-side-rock-imperium-ofreciendo-un-ciclo-gratuito-de-peliculas-sobre-heavy-metal\/#breadcrumb","itemListElement":[{"@type":"ListItem","position":1,"name":"Portada","item":"https:\/\/sombrafestival.com\/"},{"@type":"ListItem","position":2,"name":"El Festival Sombra colaborar\u00e1 en el \u2018Side Rock Imperium\u2019 comisariando un ciclo gratuito de pel\u00edculas sobre heavy metal"}]},{"@type":"WebSite","@id":"https:\/\/sombrafestival.com\/en\/#website","url":"https:\/\/sombrafestival.com\/en\/","name":"Sombra Festival","description":"XIII Festival de Cine Fant\u00e1stico Europeo de Murcia, 8-17 MARZO 2024","publisher":{"@id":"https:\/\/sombrafestival.com\/en\/#organization"},"potentialAction":[{"@type":"SearchAction","target":{"@type":"EntryPoint","urlTemplate":"https:\/\/sombrafestival.com\/en\/?s={search_term_string}"},"query-input":{"@type":"PropertyValueSpecification","valueRequired":true,"valueName":"search_term_string"}}],"inLanguage":"en-GB"},{"@type":"Organization","@id":"https:\/\/sombrafestival.com\/en\/#organization","name":"SOMBRA, IX FESTIVAL DE CINE FANTASTICO EUROPEO DE MURCIA","url":"https:\/\/sombrafestival.com\/en\/","logo":{"@type":"ImageObject","inLanguage":"en-GB","@id":"https:\/\/sombrafestival.com\/en\/#\/schema\/logo\/image\/","url":"https:\/\/sombrafestival.com\/wp-content\/uploads\/2019\/10\/Sombra-LogoIdentificador-Negativo.jpg","contentUrl":"https:\/\/sombrafestival.com\/wp-content\/uploads\/2019\/10\/Sombra-LogoIdentificador-Negativo.jpg","width":400,"height":400,"caption":"SOMBRA, IX FESTIVAL DE CINE FANTASTICO EUROPEO DE MURCIA"},"image":{"@id":"https:\/\/sombrafestival.com\/en\/#\/schema\/logo\/image\/"},"sameAs":["https:\/\/www.facebook.com\/Sombra-Festival-De-CINE-Fantastico-Europeo-De-Murcia-175337032531429\/","https:\/\/x.com\/SombraFestival","https:\/\/www.instagram.com\/sombrafestival\/","https:\/\/www.youtube.com\/channel\/UCBdSJni9V30Tq4cGf4Lj0Ug?view_as=subscriber"]}]}},"_links":{"self":[{"href":"https:\/\/sombrafestival.com\/en\/wp-json\/wp\/v2\/pages\/6658","targetHints":{"allow":["GET"]}}],"collection":[{"href":"https:\/\/sombrafestival.com\/en\/wp-json\/wp\/v2\/pages"}],"about":[{"href":"https:\/\/sombrafestival.com\/en\/wp-json\/wp\/v2\/types\/page"}],"author":[{"embeddable":true,"href":"https:\/\/sombrafestival.com\/en\/wp-json\/wp\/v2\/users\/2"}],"replies":[{"embeddable":true,"href":"https:\/\/sombrafestival.com\/en\/wp-json\/wp\/v2\/comments?post=6658"}],"version-history":[{"count":6,"href":"https:\/\/sombrafestival.com\/en\/wp-json\/wp\/v2\/pages\/6658\/revisions"}],"predecessor-version":[{"id":6664,"href":"https:\/\/sombrafestival.com\/en\/wp-json\/wp\/v2\/pages\/6658\/revisions\/6664"}],"wp:featuredmedia":[{"embeddable":true,"href":"https:\/\/sombrafestival.com\/en\/wp-json\/wp\/v2\/media\/6650"}],"wp:attachment":[{"href":"https:\/\/sombrafestival.com\/en\/wp-json\/wp\/v2\/media?parent=6658"}],"curies":[{"name":"wp","href":"https:\/\/api.w.org\/{rel}","templated":true}]}}