{"id":6742,"date":"2025-02-03T22:54:08","date_gmt":"2025-02-03T21:54:08","guid":{"rendered":"https:\/\/sombrafestival.com\/?page_id=6742"},"modified":"2025-02-04T10:09:45","modified_gmt":"2025-02-04T09:09:45","slug":"el-bano-del-diablo-joyas-del-terror","status":"publish","type":"page","link":"https:\/\/sombrafestival.com\/en\/largometrajes-2025\/el-bano-del-diablo-joyas-del-terror\/","title":{"rendered":"El Ba\u00f1o del Diablo | Joyas del Terror"},"content":{"rendered":"<ul>\n<li><strong>Fecha:<\/strong> Martes, 18 de marzo<\/li>\n<li><strong>Hora:<\/strong> 20:00<\/li>\n<li><strong>Lugar:<\/strong> Filmoteca Regional de Murcia (Sala A)<\/li>\n<li><strong>Idioma:<\/strong> VOSE<\/li>\n<\/ul>\n<p style=\"text-align: center;\"><a href=\"https:\/\/entradium.com\/events\/el-bano-del-diablo\"><span class=\"td_btn td_btn_lg td_default_btn\">COMPRAR ENTRADAS<\/span><\/a><\/p>\n<p><iframe loading=\"lazy\" title=\"EL BA\u00d1O DEL DIABLO - TRAILER ESPA\u00d1OL - 15 DE NOVIEMBRE SOLO EN CINES\" width=\"696\" height=\"392\" src=\"https:\/\/www.youtube.com\/embed\/t4I50c7GlmM?feature=oembed\" frameborder=\"0\" allow=\"accelerometer; autoplay; clipboard-write; encrypted-media; gyroscope; picture-in-picture; web-share\" referrerpolicy=\"strict-origin-when-cross-origin\" allowfullscreen><\/iframe><\/p>\n<h3>Sinopsis<\/h3>\n<p><span style=\"color: #ffffff;\">Austria, siglo XVIII. Pueblos rodeados de profundos bosques. En lo alto de una colina, una mujer ha sido ejecutada y expuesta a la vista de todos tras matar a un beb\u00e9. Como prueba. Como advertencia. \u00bfComo un presagio? Agnes, profundamente religiosa y muy sensible, se casa con su amado Wolf y se prepara c\u00e1ndidamente para una vida de esposa. Poco despu\u00e9s, su cabeza y su coraz\u00f3n empiezan a sentirse pesados. D\u00eda tras d\u00eda, se ve cada vez m\u00e1s atrapada en un camino turbio y solitario que la conducen a los malos pensamientos. Quiz\u00e1&#8230; no s\u00f3lo pensamientos.<\/span><\/p>\n<p><img loading=\"lazy\" decoding=\"async\" class=\"size-large wp-image-6743 aligncenter\" src=\"https:\/\/sombrafestival.com\/wp-content\/uploads\/2025\/01\/des_teufels_bad-981077325-large-724x1024.jpg\" alt=\"\" width=\"696\" height=\"984\" srcset=\"https:\/\/sombrafestival.com\/wp-content\/uploads\/2025\/01\/des_teufels_bad-981077325-large-724x1024.jpg 724w, https:\/\/sombrafestival.com\/wp-content\/uploads\/2025\/01\/des_teufels_bad-981077325-large-212x300.jpg 212w, https:\/\/sombrafestival.com\/wp-content\/uploads\/2025\/01\/des_teufels_bad-981077325-large-768x1087.jpg 768w, https:\/\/sombrafestival.com\/wp-content\/uploads\/2025\/01\/des_teufels_bad-981077325-large-8x12.jpg 8w, https:\/\/sombrafestival.com\/wp-content\/uploads\/2025\/01\/des_teufels_bad-981077325-large-297x420.jpg 297w, https:\/\/sombrafestival.com\/wp-content\/uploads\/2025\/01\/des_teufels_bad-981077325-large-696x985.jpg 696w, https:\/\/sombrafestival.com\/wp-content\/uploads\/2025\/01\/des_teufels_bad-981077325-large.jpg 848w\" sizes=\"auto, (max-width: 696px) 100vw, 696px\" \/><\/p>\n<ul>\n<li><strong>T\u00edtulo original: <\/strong>Des Teufels Badaka<\/li>\n<li><strong>A\u00f1o: <\/strong>2024<\/li>\n<li><strong>Duraci\u00f3n: <\/strong>120 min.<strong><br \/>\n<\/strong><\/li>\n<li><strong>Pa\u00eds: <\/strong>Austria<\/li>\n<li><strong>Direcci\u00f3n: <\/strong>Severin Fiala, Veronika Franz<\/li>\n<li><strong>Guion: <\/strong>Severin Fiala, Veronika Franz<\/li>\n<li><strong>Reparto:\u00a0<\/strong>Anja Plaschg, David Scheid, Mar\u00eda Hofstatter, Natalija Baranova, Franziska Holzer, Elmar Kurz, Tim Valerian Alberti<\/li>\n<li><strong>M\u00fasica: <\/strong>Anja Plaschg<\/li>\n<li><strong>Fotograf\u00eda: <\/strong>Martin Gschlacht<\/li>\n<li><strong>Compa\u00f1\u00edas: <\/strong>Coproducci\u00f3n Austria-Alemania; Ulrich Seidl Film Produktion GmbH, ARTE, Bayerischer Rundfunk (BR), Heimfilm Gmbh, \u00d6sterreichischer Rundfunk (ORF)<\/li>\n<li><strong>G\u00e9nero: <\/strong>Drama. Terror | Siglo XVIII. Folk Horror. Vida rural<\/li>\n<\/ul>","protected":false},"excerpt":{"rendered":"<p>Fecha: Martes, 18 de marzo Hora: 20:00 Lugar: Filmoteca Regional de Murcia (Sala A) Idioma: VOSE COMPRAR ENTRADAS Sinopsis Austria, siglo XVIII. Pueblos rodeados de profundos bosques. En lo alto de una colina, una mujer ha sido ejecutada y expuesta a la vista de todos tras matar a un beb\u00e9. Como prueba. Como advertencia. \u00bfComo [&hellip;]<\/p>","protected":false},"author":2,"featured_media":6743,"parent":6838,"menu_order":0,"comment_status":"closed","ping_status":"closed","template":"","meta":{"footnotes":""},"class_list":["post-6742","page","type-page","status-publish","has-post-thumbnail"],"yoast_head":"<!-- This site is optimized with the Yoast SEO plugin v24.3 - https:\/\/yoast.com\/wordpress\/plugins\/seo\/ -->\n<title>El Ba\u00f1o del Diablo | Joyas del Terror - Sombra Festival<\/title>\n<meta name=\"robots\" content=\"index, follow, max-snippet:-1, max-image-preview:large, max-video-preview:-1\" \/>\n<link rel=\"canonical\" href=\"https:\/\/sombrafestival.com\/en\/largometrajes-2025\/el-bano-del-diablo-joyas-del-terror\/\" \/>\n<meta property=\"og:locale\" content=\"en_GB\" \/>\n<meta property=\"og:type\" content=\"article\" \/>\n<meta property=\"og:title\" content=\"El Ba\u00f1o del Diablo | Joyas del Terror - Sombra Festival\" \/>\n<meta property=\"og:description\" content=\"Fecha: Martes, 18 de marzo Hora: 20:00 Lugar: Filmoteca Regional de Murcia (Sala A) Idioma: VOSE COMPRAR ENTRADAS Sinopsis Austria, siglo XVIII. Pueblos rodeados de profundos bosques. En lo alto de una colina, una mujer ha sido ejecutada y expuesta a la vista de todos tras matar a un beb\u00e9. Como prueba. Como advertencia. \u00bfComo [&hellip;]\" \/>\n<meta property=\"og:url\" content=\"https:\/\/sombrafestival.com\/en\/largometrajes-2025\/el-bano-del-diablo-joyas-del-terror\/\" \/>\n<meta property=\"og:site_name\" content=\"Sombra Festival\" \/>\n<meta property=\"article:publisher\" content=\"https:\/\/www.facebook.com\/Sombra-Festival-De-CINE-Fantastico-Europeo-De-Murcia-175337032531429\/\" \/>\n<meta property=\"article:modified_time\" content=\"2025-02-04T09:09:45+00:00\" \/>\n<meta property=\"og:image\" content=\"https:\/\/sombrafestival.com\/wp-content\/uploads\/2025\/01\/des_teufels_bad-981077325-large.jpg\" \/>\n\t<meta property=\"og:image:width\" content=\"848\" \/>\n\t<meta property=\"og:image:height\" content=\"1200\" \/>\n\t<meta property=\"og:image:type\" content=\"image\/jpeg\" \/>\n<meta name=\"twitter:card\" content=\"summary_large_image\" \/>\n<meta name=\"twitter:site\" content=\"@SombraFestival\" \/>\n<meta name=\"twitter:label1\" content=\"Est. reading time\" \/>\n\t<meta name=\"twitter:data1\" content=\"2 minutes\" \/>\n<script type=\"application\/ld+json\" class=\"yoast-schema-graph\">{\"@context\":\"https:\/\/schema.org\",\"@graph\":[{\"@type\":\"WebPage\",\"@id\":\"https:\/\/sombrafestival.com\/largometrajes-2025\/el-bano-del-diablo-joyas-del-terror\/\",\"url\":\"https:\/\/sombrafestival.com\/largometrajes-2025\/el-bano-del-diablo-joyas-del-terror\/\",\"name\":\"El Ba\u00f1o del Diablo | Joyas del Terror - Sombra Festival\",\"isPartOf\":{\"@id\":\"https:\/\/sombrafestival.com\/en\/#website\"},\"primaryImageOfPage\":{\"@id\":\"https:\/\/sombrafestival.com\/largometrajes-2025\/el-bano-del-diablo-joyas-del-terror\/#primaryimage\"},\"image\":{\"@id\":\"https:\/\/sombrafestival.com\/largometrajes-2025\/el-bano-del-diablo-joyas-del-terror\/#primaryimage\"},\"thumbnailUrl\":\"https:\/\/sombrafestival.com\/wp-content\/uploads\/2025\/01\/des_teufels_bad-981077325-large.jpg\",\"datePublished\":\"2025-02-03T21:54:08+00:00\",\"dateModified\":\"2025-02-04T09:09:45+00:00\",\"breadcrumb\":{\"@id\":\"https:\/\/sombrafestival.com\/largometrajes-2025\/el-bano-del-diablo-joyas-del-terror\/#breadcrumb\"},\"inLanguage\":\"en-GB\",\"potentialAction\":[{\"@type\":\"ReadAction\",\"target\":[\"https:\/\/sombrafestival.com\/largometrajes-2025\/el-bano-del-diablo-joyas-del-terror\/\"]}]},{\"@type\":\"ImageObject\",\"inLanguage\":\"en-GB\",\"@id\":\"https:\/\/sombrafestival.com\/largometrajes-2025\/el-bano-del-diablo-joyas-del-terror\/#primaryimage\",\"url\":\"https:\/\/sombrafestival.com\/wp-content\/uploads\/2025\/01\/des_teufels_bad-981077325-large.jpg\",\"contentUrl\":\"https:\/\/sombrafestival.com\/wp-content\/uploads\/2025\/01\/des_teufels_bad-981077325-large.jpg\",\"width\":848,\"height\":1200},{\"@type\":\"BreadcrumbList\",\"@id\":\"https:\/\/sombrafestival.com\/largometrajes-2025\/el-bano-del-diablo-joyas-del-terror\/#breadcrumb\",\"itemListElement\":[{\"@type\":\"ListItem\",\"position\":1,\"name\":\"Portada\",\"item\":\"https:\/\/sombrafestival.com\/\"},{\"@type\":\"ListItem\",\"position\":2,\"name\":\"Largometrajes 2025\",\"item\":\"https:\/\/sombrafestival.com\/largometrajes-2025\/\"},{\"@type\":\"ListItem\",\"position\":3,\"name\":\"El Ba\u00f1o del Diablo | Joyas del Terror\"}]},{\"@type\":\"WebSite\",\"@id\":\"https:\/\/sombrafestival.com\/en\/#website\",\"url\":\"https:\/\/sombrafestival.com\/en\/\",\"name\":\"Sombra Festival\",\"description\":\"XIII Festival de Cine Fant\u00e1stico Europeo de Murcia, 8-17 MARZO 2024\",\"publisher\":{\"@id\":\"https:\/\/sombrafestival.com\/en\/#organization\"},\"potentialAction\":[{\"@type\":\"SearchAction\",\"target\":{\"@type\":\"EntryPoint\",\"urlTemplate\":\"https:\/\/sombrafestival.com\/en\/?s={search_term_string}\"},\"query-input\":{\"@type\":\"PropertyValueSpecification\",\"valueRequired\":true,\"valueName\":\"search_term_string\"}}],\"inLanguage\":\"en-GB\"},{\"@type\":\"Organization\",\"@id\":\"https:\/\/sombrafestival.com\/en\/#organization\",\"name\":\"SOMBRA, IX FESTIVAL DE CINE FANTASTICO EUROPEO DE MURCIA\",\"url\":\"https:\/\/sombrafestival.com\/en\/\",\"logo\":{\"@type\":\"ImageObject\",\"inLanguage\":\"en-GB\",\"@id\":\"https:\/\/sombrafestival.com\/en\/#\/schema\/logo\/image\/\",\"url\":\"https:\/\/sombrafestival.com\/wp-content\/uploads\/2019\/10\/Sombra-LogoIdentificador-Negativo.jpg\",\"contentUrl\":\"https:\/\/sombrafestival.com\/wp-content\/uploads\/2019\/10\/Sombra-LogoIdentificador-Negativo.jpg\",\"width\":400,\"height\":400,\"caption\":\"SOMBRA, IX FESTIVAL DE CINE FANTASTICO EUROPEO DE MURCIA\"},\"image\":{\"@id\":\"https:\/\/sombrafestival.com\/en\/#\/schema\/logo\/image\/\"},\"sameAs\":[\"https:\/\/www.facebook.com\/Sombra-Festival-De-CINE-Fantastico-Europeo-De-Murcia-175337032531429\/\",\"https:\/\/x.com\/SombraFestival\",\"https:\/\/www.instagram.com\/sombrafestival\/\",\"https:\/\/www.youtube.com\/channel\/UCBdSJni9V30Tq4cGf4Lj0Ug?view_as=subscriber\"]}]}<\/script>\n<!-- \/ Yoast SEO plugin. -->","yoast_head_json":{"title":"El Ba\u00f1o del Diablo | Joyas del Terror - Sombra Festival","robots":{"index":"index","follow":"follow","max-snippet":"max-snippet:-1","max-image-preview":"max-image-preview:large","max-video-preview":"max-video-preview:-1"},"canonical":"https:\/\/sombrafestival.com\/en\/largometrajes-2025\/el-bano-del-diablo-joyas-del-terror\/","og_locale":"en_GB","og_type":"article","og_title":"El Ba\u00f1o del Diablo | Joyas del Terror - Sombra Festival","og_description":"Fecha: Martes, 18 de marzo Hora: 20:00 Lugar: Filmoteca Regional de Murcia (Sala A) Idioma: VOSE COMPRAR ENTRADAS Sinopsis Austria, siglo XVIII. Pueblos rodeados de profundos bosques. En lo alto de una colina, una mujer ha sido ejecutada y expuesta a la vista de todos tras matar a un beb\u00e9. Como prueba. Como advertencia. \u00bfComo [&hellip;]","og_url":"https:\/\/sombrafestival.com\/en\/largometrajes-2025\/el-bano-del-diablo-joyas-del-terror\/","og_site_name":"Sombra Festival","article_publisher":"https:\/\/www.facebook.com\/Sombra-Festival-De-CINE-Fantastico-Europeo-De-Murcia-175337032531429\/","article_modified_time":"2025-02-04T09:09:45+00:00","og_image":[{"width":848,"height":1200,"url":"https:\/\/sombrafestival.com\/wp-content\/uploads\/2025\/01\/des_teufels_bad-981077325-large.jpg","type":"image\/jpeg"}],"twitter_card":"summary_large_image","twitter_site":"@SombraFestival","twitter_misc":{"Est. reading time":"2 minutes"},"schema":{"@context":"https:\/\/schema.org","@graph":[{"@type":"WebPage","@id":"https:\/\/sombrafestival.com\/largometrajes-2025\/el-bano-del-diablo-joyas-del-terror\/","url":"https:\/\/sombrafestival.com\/largometrajes-2025\/el-bano-del-diablo-joyas-del-terror\/","name":"El Ba\u00f1o del Diablo | Joyas del Terror - Sombra Festival","isPartOf":{"@id":"https:\/\/sombrafestival.com\/en\/#website"},"primaryImageOfPage":{"@id":"https:\/\/sombrafestival.com\/largometrajes-2025\/el-bano-del-diablo-joyas-del-terror\/#primaryimage"},"image":{"@id":"https:\/\/sombrafestival.com\/largometrajes-2025\/el-bano-del-diablo-joyas-del-terror\/#primaryimage"},"thumbnailUrl":"https:\/\/sombrafestival.com\/wp-content\/uploads\/2025\/01\/des_teufels_bad-981077325-large.jpg","datePublished":"2025-02-03T21:54:08+00:00","dateModified":"2025-02-04T09:09:45+00:00","breadcrumb":{"@id":"https:\/\/sombrafestival.com\/largometrajes-2025\/el-bano-del-diablo-joyas-del-terror\/#breadcrumb"},"inLanguage":"en-GB","potentialAction":[{"@type":"ReadAction","target":["https:\/\/sombrafestival.com\/largometrajes-2025\/el-bano-del-diablo-joyas-del-terror\/"]}]},{"@type":"ImageObject","inLanguage":"en-GB","@id":"https:\/\/sombrafestival.com\/largometrajes-2025\/el-bano-del-diablo-joyas-del-terror\/#primaryimage","url":"https:\/\/sombrafestival.com\/wp-content\/uploads\/2025\/01\/des_teufels_bad-981077325-large.jpg","contentUrl":"https:\/\/sombrafestival.com\/wp-content\/uploads\/2025\/01\/des_teufels_bad-981077325-large.jpg","width":848,"height":1200},{"@type":"BreadcrumbList","@id":"https:\/\/sombrafestival.com\/largometrajes-2025\/el-bano-del-diablo-joyas-del-terror\/#breadcrumb","itemListElement":[{"@type":"ListItem","position":1,"name":"Portada","item":"https:\/\/sombrafestival.com\/"},{"@type":"ListItem","position":2,"name":"Largometrajes 2025","item":"https:\/\/sombrafestival.com\/largometrajes-2025\/"},{"@type":"ListItem","position":3,"name":"El Ba\u00f1o del Diablo | Joyas del Terror"}]},{"@type":"WebSite","@id":"https:\/\/sombrafestival.com\/en\/#website","url":"https:\/\/sombrafestival.com\/en\/","name":"Sombra Festival","description":"XIII Festival de Cine Fant\u00e1stico Europeo de Murcia, 8-17 MARZO 2024","publisher":{"@id":"https:\/\/sombrafestival.com\/en\/#organization"},"potentialAction":[{"@type":"SearchAction","target":{"@type":"EntryPoint","urlTemplate":"https:\/\/sombrafestival.com\/en\/?s={search_term_string}"},"query-input":{"@type":"PropertyValueSpecification","valueRequired":true,"valueName":"search_term_string"}}],"inLanguage":"en-GB"},{"@type":"Organization","@id":"https:\/\/sombrafestival.com\/en\/#organization","name":"SOMBRA, IX FESTIVAL DE CINE FANTASTICO EUROPEO DE MURCIA","url":"https:\/\/sombrafestival.com\/en\/","logo":{"@type":"ImageObject","inLanguage":"en-GB","@id":"https:\/\/sombrafestival.com\/en\/#\/schema\/logo\/image\/","url":"https:\/\/sombrafestival.com\/wp-content\/uploads\/2019\/10\/Sombra-LogoIdentificador-Negativo.jpg","contentUrl":"https:\/\/sombrafestival.com\/wp-content\/uploads\/2019\/10\/Sombra-LogoIdentificador-Negativo.jpg","width":400,"height":400,"caption":"SOMBRA, IX FESTIVAL DE CINE FANTASTICO EUROPEO DE MURCIA"},"image":{"@id":"https:\/\/sombrafestival.com\/en\/#\/schema\/logo\/image\/"},"sameAs":["https:\/\/www.facebook.com\/Sombra-Festival-De-CINE-Fantastico-Europeo-De-Murcia-175337032531429\/","https:\/\/x.com\/SombraFestival","https:\/\/www.instagram.com\/sombrafestival\/","https:\/\/www.youtube.com\/channel\/UCBdSJni9V30Tq4cGf4Lj0Ug?view_as=subscriber"]}]}},"_links":{"self":[{"href":"https:\/\/sombrafestival.com\/en\/wp-json\/wp\/v2\/pages\/6742","targetHints":{"allow":["GET"]}}],"collection":[{"href":"https:\/\/sombrafestival.com\/en\/wp-json\/wp\/v2\/pages"}],"about":[{"href":"https:\/\/sombrafestival.com\/en\/wp-json\/wp\/v2\/types\/page"}],"author":[{"embeddable":true,"href":"https:\/\/sombrafestival.com\/en\/wp-json\/wp\/v2\/users\/2"}],"replies":[{"embeddable":true,"href":"https:\/\/sombrafestival.com\/en\/wp-json\/wp\/v2\/comments?post=6742"}],"version-history":[{"count":6,"href":"https:\/\/sombrafestival.com\/en\/wp-json\/wp\/v2\/pages\/6742\/revisions"}],"predecessor-version":[{"id":7248,"href":"https:\/\/sombrafestival.com\/en\/wp-json\/wp\/v2\/pages\/6742\/revisions\/7248"}],"up":[{"embeddable":true,"href":"https:\/\/sombrafestival.com\/en\/wp-json\/wp\/v2\/pages\/6838"}],"wp:featuredmedia":[{"embeddable":true,"href":"https:\/\/sombrafestival.com\/en\/wp-json\/wp\/v2\/media\/6743"}],"wp:attachment":[{"href":"https:\/\/sombrafestival.com\/en\/wp-json\/wp\/v2\/media?parent=6742"}],"curies":[{"name":"wp","href":"https:\/\/api.w.org\/{rel}","templated":true}]}}