{"id":6757,"date":"2025-02-03T23:07:04","date_gmt":"2025-02-03T22:07:04","guid":{"rendered":"https:\/\/sombrafestival.com\/?page_id=6757"},"modified":"2025-02-09T23:02:06","modified_gmt":"2025-02-09T22:02:06","slug":"historias-de-halloween-seccion-oficial","status":"publish","type":"page","link":"https:\/\/sombrafestival.com\/en\/largometrajes-2025\/historias-de-halloween-seccion-oficial\/","title":{"rendered":"Historias de Halloween | Secci\u00f3n Oficial"},"content":{"rendered":"<ul>\n<li><strong>Fecha:<\/strong> Jueves, 20 de marzo<\/li>\n<li><strong>Hora:<\/strong> 18:00<\/li>\n<li><strong>Lugar:<\/strong> Filmoteca Regional de Murcia (Sala A)<\/li>\n<li><strong>Idioma:<\/strong> VO<\/li>\n<\/ul>\n<p><span style=\"color: #ffff00;\"><strong>Presentada + Entrega Premio Sombra de Leyenda a Javier Botet<\/strong><\/span><\/p>\n<p style=\"text-align: center;\"><a href=\"https:\/\/entradium.com\/events\/historias-de-halloween\"><span class=\"td_btn td_btn_lg td_default_btn\">COMPRAR ENTRADAS<\/span><\/a><\/p>\n<p>&nbsp;<\/p>\n<p><iframe loading=\"lazy\" title=\"Tr\u00e1iler &quot;Historias de Halloween&quot;\" width=\"696\" height=\"392\" src=\"https:\/\/www.youtube.com\/embed\/Tmd316eXPi8?feature=oembed\" frameborder=\"0\" allow=\"accelerometer; autoplay; clipboard-write; encrypted-media; gyroscope; picture-in-picture; web-share\" referrerpolicy=\"strict-origin-when-cross-origin\" allowfullscreen><\/iframe><\/p>\n<h3>Sinopsis<\/h3>\n<p><span style=\"color: #ffffff;\">Luis es un ni\u00f1o con una vida social fundamentada en la tecnolog\u00eda, videojuegos y amigos online. El d\u00eda de Halloween, por insistencia de su madre, sale a la calle a hacer truco o trato sin \u00e9xito. Sin embargo, su bagaje le llevar\u00e1 a conocer a Ander, un hombre misterioso que regenta un anticuario, y juntos, a trav\u00e9s de diferentes c\u00f3mics, se adentrar\u00e1n en historias terror\u00edficas.<\/span><\/p>\n<p><img loading=\"lazy\" decoding=\"async\" class=\"size-large wp-image-6759 aligncenter\" src=\"https:\/\/sombrafestival.com\/wp-content\/uploads\/2025\/01\/historias_de_halloween-881290163-large-721x1024.jpg\" alt=\"\" width=\"696\" height=\"988\" srcset=\"https:\/\/sombrafestival.com\/wp-content\/uploads\/2025\/01\/historias_de_halloween-881290163-large-721x1024.jpg 721w, https:\/\/sombrafestival.com\/wp-content\/uploads\/2025\/01\/historias_de_halloween-881290163-large-211x300.jpg 211w, https:\/\/sombrafestival.com\/wp-content\/uploads\/2025\/01\/historias_de_halloween-881290163-large-768x1091.jpg 768w, https:\/\/sombrafestival.com\/wp-content\/uploads\/2025\/01\/historias_de_halloween-881290163-large-8x12.jpg 8w, https:\/\/sombrafestival.com\/wp-content\/uploads\/2025\/01\/historias_de_halloween-881290163-large-296x420.jpg 296w, https:\/\/sombrafestival.com\/wp-content\/uploads\/2025\/01\/historias_de_halloween-881290163-large-696x988.jpg 696w, https:\/\/sombrafestival.com\/wp-content\/uploads\/2025\/01\/historias_de_halloween-881290163-large.jpg 845w\" sizes=\"auto, (max-width: 696px) 100vw, 696px\" \/><\/p>\n<ul>\n<li><strong>T\u00edtulo original: <\/strong>Historias de Halloween<\/li>\n<li><strong>A\u00f1o: <\/strong>2024<\/li>\n<li><strong>Duraci\u00f3n: <\/strong>80 min.<strong><br \/>\n<\/strong><\/li>\n<li><strong>Pa\u00eds: <\/strong>Espa\u00f1a<\/li>\n<li><strong>Direcci\u00f3n: <\/strong>Kiko Prada<\/li>\n<li><strong>Guion: <\/strong>Kiko Prada<\/li>\n<li><strong>Reparto: <\/strong>Javier Botet, Christian Thomas, Macarena G\u00f3mez, Mar\u00eda Barranco, Mario Mayo, David Pareja, Aida Folch, Luc\u00eda de la Fuente&#8230;<\/li>\n<li><strong>M\u00fasica: <\/strong>Javier Gimeno<\/li>\n<li><strong>Fotograf\u00eda: <\/strong>Daniel G. Canal<\/li>\n<li><strong>Compa\u00f1\u00edas: <\/strong>Atl\u00e1ntika Films, The Other Side Films<\/li>\n<li><strong>G\u00e9nero: <\/strong>Terror | Halloween<\/li>\n<\/ul>","protected":false},"excerpt":{"rendered":"<p>Fecha: Jueves, 20 de marzo Hora: 18:00 Lugar: Filmoteca Regional de Murcia (Sala A) Idioma: VO Presentada + Entrega Premio Sombra de Leyenda a Javier Botet COMPRAR ENTRADAS &nbsp; Sinopsis Luis es un ni\u00f1o con una vida social fundamentada en la tecnolog\u00eda, videojuegos y amigos online. El d\u00eda de Halloween, por insistencia de su madre, [&hellip;]<\/p>","protected":false},"author":2,"featured_media":6759,"parent":6838,"menu_order":0,"comment_status":"closed","ping_status":"closed","template":"","meta":{"footnotes":""},"class_list":["post-6757","page","type-page","status-publish","has-post-thumbnail"],"yoast_head":"<!-- This site is optimized with the Yoast SEO plugin v24.3 - https:\/\/yoast.com\/wordpress\/plugins\/seo\/ -->\n<title>Historias de Halloween | Secci\u00f3n Oficial - Sombra Festival<\/title>\n<meta name=\"robots\" content=\"index, follow, max-snippet:-1, max-image-preview:large, max-video-preview:-1\" \/>\n<link rel=\"canonical\" href=\"https:\/\/sombrafestival.com\/en\/largometrajes-2025\/historias-de-halloween-seccion-oficial\/\" \/>\n<meta property=\"og:locale\" content=\"en_GB\" \/>\n<meta property=\"og:type\" content=\"article\" \/>\n<meta property=\"og:title\" content=\"Historias de Halloween | Secci\u00f3n Oficial - Sombra Festival\" \/>\n<meta property=\"og:description\" content=\"Fecha: Jueves, 20 de marzo Hora: 18:00 Lugar: Filmoteca Regional de Murcia (Sala A) Idioma: VO Presentada + Entrega Premio Sombra de Leyenda a Javier Botet COMPRAR ENTRADAS &nbsp; Sinopsis Luis es un ni\u00f1o con una vida social fundamentada en la tecnolog\u00eda, videojuegos y amigos online. El d\u00eda de Halloween, por insistencia de su madre, [&hellip;]\" \/>\n<meta property=\"og:url\" content=\"https:\/\/sombrafestival.com\/en\/largometrajes-2025\/historias-de-halloween-seccion-oficial\/\" \/>\n<meta property=\"og:site_name\" content=\"Sombra Festival\" \/>\n<meta property=\"article:publisher\" content=\"https:\/\/www.facebook.com\/Sombra-Festival-De-CINE-Fantastico-Europeo-De-Murcia-175337032531429\/\" \/>\n<meta property=\"article:modified_time\" content=\"2025-02-09T22:02:06+00:00\" \/>\n<meta property=\"og:image\" content=\"https:\/\/sombrafestival.com\/wp-content\/uploads\/2025\/01\/historias_de_halloween-881290163-large.jpg\" \/>\n\t<meta property=\"og:image:width\" content=\"845\" \/>\n\t<meta property=\"og:image:height\" content=\"1200\" \/>\n\t<meta property=\"og:image:type\" content=\"image\/jpeg\" \/>\n<meta name=\"twitter:card\" content=\"summary_large_image\" \/>\n<meta name=\"twitter:site\" content=\"@SombraFestival\" \/>\n<meta name=\"twitter:label1\" content=\"Est. reading time\" \/>\n\t<meta name=\"twitter:data1\" content=\"2 minutes\" \/>\n<script type=\"application\/ld+json\" class=\"yoast-schema-graph\">{\"@context\":\"https:\/\/schema.org\",\"@graph\":[{\"@type\":\"WebPage\",\"@id\":\"https:\/\/sombrafestival.com\/largometrajes-2025\/historias-de-halloween-seccion-oficial\/\",\"url\":\"https:\/\/sombrafestival.com\/largometrajes-2025\/historias-de-halloween-seccion-oficial\/\",\"name\":\"Historias de Halloween | Secci\u00f3n Oficial - Sombra Festival\",\"isPartOf\":{\"@id\":\"https:\/\/sombrafestival.com\/en\/#website\"},\"primaryImageOfPage\":{\"@id\":\"https:\/\/sombrafestival.com\/largometrajes-2025\/historias-de-halloween-seccion-oficial\/#primaryimage\"},\"image\":{\"@id\":\"https:\/\/sombrafestival.com\/largometrajes-2025\/historias-de-halloween-seccion-oficial\/#primaryimage\"},\"thumbnailUrl\":\"https:\/\/sombrafestival.com\/wp-content\/uploads\/2025\/01\/historias_de_halloween-881290163-large.jpg\",\"datePublished\":\"2025-02-03T22:07:04+00:00\",\"dateModified\":\"2025-02-09T22:02:06+00:00\",\"breadcrumb\":{\"@id\":\"https:\/\/sombrafestival.com\/largometrajes-2025\/historias-de-halloween-seccion-oficial\/#breadcrumb\"},\"inLanguage\":\"en-GB\",\"potentialAction\":[{\"@type\":\"ReadAction\",\"target\":[\"https:\/\/sombrafestival.com\/largometrajes-2025\/historias-de-halloween-seccion-oficial\/\"]}]},{\"@type\":\"ImageObject\",\"inLanguage\":\"en-GB\",\"@id\":\"https:\/\/sombrafestival.com\/largometrajes-2025\/historias-de-halloween-seccion-oficial\/#primaryimage\",\"url\":\"https:\/\/sombrafestival.com\/wp-content\/uploads\/2025\/01\/historias_de_halloween-881290163-large.jpg\",\"contentUrl\":\"https:\/\/sombrafestival.com\/wp-content\/uploads\/2025\/01\/historias_de_halloween-881290163-large.jpg\",\"width\":845,\"height\":1200},{\"@type\":\"BreadcrumbList\",\"@id\":\"https:\/\/sombrafestival.com\/largometrajes-2025\/historias-de-halloween-seccion-oficial\/#breadcrumb\",\"itemListElement\":[{\"@type\":\"ListItem\",\"position\":1,\"name\":\"Portada\",\"item\":\"https:\/\/sombrafestival.com\/\"},{\"@type\":\"ListItem\",\"position\":2,\"name\":\"Largometrajes 2025\",\"item\":\"https:\/\/sombrafestival.com\/largometrajes-2025\/\"},{\"@type\":\"ListItem\",\"position\":3,\"name\":\"Historias de Halloween | Secci\u00f3n Oficial\"}]},{\"@type\":\"WebSite\",\"@id\":\"https:\/\/sombrafestival.com\/en\/#website\",\"url\":\"https:\/\/sombrafestival.com\/en\/\",\"name\":\"Sombra Festival\",\"description\":\"XIII Festival de Cine Fant\u00e1stico Europeo de Murcia, 8-17 MARZO 2024\",\"publisher\":{\"@id\":\"https:\/\/sombrafestival.com\/en\/#organization\"},\"potentialAction\":[{\"@type\":\"SearchAction\",\"target\":{\"@type\":\"EntryPoint\",\"urlTemplate\":\"https:\/\/sombrafestival.com\/en\/?s={search_term_string}\"},\"query-input\":{\"@type\":\"PropertyValueSpecification\",\"valueRequired\":true,\"valueName\":\"search_term_string\"}}],\"inLanguage\":\"en-GB\"},{\"@type\":\"Organization\",\"@id\":\"https:\/\/sombrafestival.com\/en\/#organization\",\"name\":\"SOMBRA, IX FESTIVAL DE CINE FANTASTICO EUROPEO DE MURCIA\",\"url\":\"https:\/\/sombrafestival.com\/en\/\",\"logo\":{\"@type\":\"ImageObject\",\"inLanguage\":\"en-GB\",\"@id\":\"https:\/\/sombrafestival.com\/en\/#\/schema\/logo\/image\/\",\"url\":\"https:\/\/sombrafestival.com\/wp-content\/uploads\/2019\/10\/Sombra-LogoIdentificador-Negativo.jpg\",\"contentUrl\":\"https:\/\/sombrafestival.com\/wp-content\/uploads\/2019\/10\/Sombra-LogoIdentificador-Negativo.jpg\",\"width\":400,\"height\":400,\"caption\":\"SOMBRA, IX FESTIVAL DE CINE FANTASTICO EUROPEO DE MURCIA\"},\"image\":{\"@id\":\"https:\/\/sombrafestival.com\/en\/#\/schema\/logo\/image\/\"},\"sameAs\":[\"https:\/\/www.facebook.com\/Sombra-Festival-De-CINE-Fantastico-Europeo-De-Murcia-175337032531429\/\",\"https:\/\/x.com\/SombraFestival\",\"https:\/\/www.instagram.com\/sombrafestival\/\",\"https:\/\/www.youtube.com\/channel\/UCBdSJni9V30Tq4cGf4Lj0Ug?view_as=subscriber\"]}]}<\/script>\n<!-- \/ Yoast SEO plugin. -->","yoast_head_json":{"title":"Historias de Halloween | Secci\u00f3n Oficial - Sombra Festival","robots":{"index":"index","follow":"follow","max-snippet":"max-snippet:-1","max-image-preview":"max-image-preview:large","max-video-preview":"max-video-preview:-1"},"canonical":"https:\/\/sombrafestival.com\/en\/largometrajes-2025\/historias-de-halloween-seccion-oficial\/","og_locale":"en_GB","og_type":"article","og_title":"Historias de Halloween | Secci\u00f3n Oficial - Sombra Festival","og_description":"Fecha: Jueves, 20 de marzo Hora: 18:00 Lugar: Filmoteca Regional de Murcia (Sala A) Idioma: VO Presentada + Entrega Premio Sombra de Leyenda a Javier Botet COMPRAR ENTRADAS &nbsp; Sinopsis Luis es un ni\u00f1o con una vida social fundamentada en la tecnolog\u00eda, videojuegos y amigos online. El d\u00eda de Halloween, por insistencia de su madre, [&hellip;]","og_url":"https:\/\/sombrafestival.com\/en\/largometrajes-2025\/historias-de-halloween-seccion-oficial\/","og_site_name":"Sombra Festival","article_publisher":"https:\/\/www.facebook.com\/Sombra-Festival-De-CINE-Fantastico-Europeo-De-Murcia-175337032531429\/","article_modified_time":"2025-02-09T22:02:06+00:00","og_image":[{"width":845,"height":1200,"url":"https:\/\/sombrafestival.com\/wp-content\/uploads\/2025\/01\/historias_de_halloween-881290163-large.jpg","type":"image\/jpeg"}],"twitter_card":"summary_large_image","twitter_site":"@SombraFestival","twitter_misc":{"Est. reading time":"2 minutes"},"schema":{"@context":"https:\/\/schema.org","@graph":[{"@type":"WebPage","@id":"https:\/\/sombrafestival.com\/largometrajes-2025\/historias-de-halloween-seccion-oficial\/","url":"https:\/\/sombrafestival.com\/largometrajes-2025\/historias-de-halloween-seccion-oficial\/","name":"Historias de Halloween | Secci\u00f3n Oficial - Sombra Festival","isPartOf":{"@id":"https:\/\/sombrafestival.com\/en\/#website"},"primaryImageOfPage":{"@id":"https:\/\/sombrafestival.com\/largometrajes-2025\/historias-de-halloween-seccion-oficial\/#primaryimage"},"image":{"@id":"https:\/\/sombrafestival.com\/largometrajes-2025\/historias-de-halloween-seccion-oficial\/#primaryimage"},"thumbnailUrl":"https:\/\/sombrafestival.com\/wp-content\/uploads\/2025\/01\/historias_de_halloween-881290163-large.jpg","datePublished":"2025-02-03T22:07:04+00:00","dateModified":"2025-02-09T22:02:06+00:00","breadcrumb":{"@id":"https:\/\/sombrafestival.com\/largometrajes-2025\/historias-de-halloween-seccion-oficial\/#breadcrumb"},"inLanguage":"en-GB","potentialAction":[{"@type":"ReadAction","target":["https:\/\/sombrafestival.com\/largometrajes-2025\/historias-de-halloween-seccion-oficial\/"]}]},{"@type":"ImageObject","inLanguage":"en-GB","@id":"https:\/\/sombrafestival.com\/largometrajes-2025\/historias-de-halloween-seccion-oficial\/#primaryimage","url":"https:\/\/sombrafestival.com\/wp-content\/uploads\/2025\/01\/historias_de_halloween-881290163-large.jpg","contentUrl":"https:\/\/sombrafestival.com\/wp-content\/uploads\/2025\/01\/historias_de_halloween-881290163-large.jpg","width":845,"height":1200},{"@type":"BreadcrumbList","@id":"https:\/\/sombrafestival.com\/largometrajes-2025\/historias-de-halloween-seccion-oficial\/#breadcrumb","itemListElement":[{"@type":"ListItem","position":1,"name":"Portada","item":"https:\/\/sombrafestival.com\/"},{"@type":"ListItem","position":2,"name":"Largometrajes 2025","item":"https:\/\/sombrafestival.com\/largometrajes-2025\/"},{"@type":"ListItem","position":3,"name":"Historias de Halloween | Secci\u00f3n Oficial"}]},{"@type":"WebSite","@id":"https:\/\/sombrafestival.com\/en\/#website","url":"https:\/\/sombrafestival.com\/en\/","name":"Sombra Festival","description":"XIII Festival de Cine Fant\u00e1stico Europeo de Murcia, 8-17 MARZO 2024","publisher":{"@id":"https:\/\/sombrafestival.com\/en\/#organization"},"potentialAction":[{"@type":"SearchAction","target":{"@type":"EntryPoint","urlTemplate":"https:\/\/sombrafestival.com\/en\/?s={search_term_string}"},"query-input":{"@type":"PropertyValueSpecification","valueRequired":true,"valueName":"search_term_string"}}],"inLanguage":"en-GB"},{"@type":"Organization","@id":"https:\/\/sombrafestival.com\/en\/#organization","name":"SOMBRA, IX FESTIVAL DE CINE FANTASTICO EUROPEO DE MURCIA","url":"https:\/\/sombrafestival.com\/en\/","logo":{"@type":"ImageObject","inLanguage":"en-GB","@id":"https:\/\/sombrafestival.com\/en\/#\/schema\/logo\/image\/","url":"https:\/\/sombrafestival.com\/wp-content\/uploads\/2019\/10\/Sombra-LogoIdentificador-Negativo.jpg","contentUrl":"https:\/\/sombrafestival.com\/wp-content\/uploads\/2019\/10\/Sombra-LogoIdentificador-Negativo.jpg","width":400,"height":400,"caption":"SOMBRA, IX FESTIVAL DE CINE FANTASTICO EUROPEO DE MURCIA"},"image":{"@id":"https:\/\/sombrafestival.com\/en\/#\/schema\/logo\/image\/"},"sameAs":["https:\/\/www.facebook.com\/Sombra-Festival-De-CINE-Fantastico-Europeo-De-Murcia-175337032531429\/","https:\/\/x.com\/SombraFestival","https:\/\/www.instagram.com\/sombrafestival\/","https:\/\/www.youtube.com\/channel\/UCBdSJni9V30Tq4cGf4Lj0Ug?view_as=subscriber"]}]}},"_links":{"self":[{"href":"https:\/\/sombrafestival.com\/en\/wp-json\/wp\/v2\/pages\/6757","targetHints":{"allow":["GET"]}}],"collection":[{"href":"https:\/\/sombrafestival.com\/en\/wp-json\/wp\/v2\/pages"}],"about":[{"href":"https:\/\/sombrafestival.com\/en\/wp-json\/wp\/v2\/types\/page"}],"author":[{"embeddable":true,"href":"https:\/\/sombrafestival.com\/en\/wp-json\/wp\/v2\/users\/2"}],"replies":[{"embeddable":true,"href":"https:\/\/sombrafestival.com\/en\/wp-json\/wp\/v2\/comments?post=6757"}],"version-history":[{"count":6,"href":"https:\/\/sombrafestival.com\/en\/wp-json\/wp\/v2\/pages\/6757\/revisions"}],"predecessor-version":[{"id":7388,"href":"https:\/\/sombrafestival.com\/en\/wp-json\/wp\/v2\/pages\/6757\/revisions\/7388"}],"up":[{"embeddable":true,"href":"https:\/\/sombrafestival.com\/en\/wp-json\/wp\/v2\/pages\/6838"}],"wp:featuredmedia":[{"embeddable":true,"href":"https:\/\/sombrafestival.com\/en\/wp-json\/wp\/v2\/media\/6759"}],"wp:attachment":[{"href":"https:\/\/sombrafestival.com\/en\/wp-json\/wp\/v2\/media?parent=6757"}],"curies":[{"name":"wp","href":"https:\/\/api.w.org\/{rel}","templated":true}]}}