{"id":6758,"date":"2025-02-05T16:51:31","date_gmt":"2025-02-05T15:51:31","guid":{"rendered":"https:\/\/sombrafestival.com\/?page_id=6758"},"modified":"2025-02-05T16:51:31","modified_gmt":"2025-02-05T15:51:31","slug":"refugios-cortometraje","status":"publish","type":"page","link":"https:\/\/sombrafestival.com\/en\/refugios-cortometraje\/","title":{"rendered":"Refugios (Cortometraje)"},"content":{"rendered":"<ul>\n<li>Fecha: Viernes, 21 de marzo<\/li>\n<li>Hora: 17:15<\/li>\n<li>Lugar: Filmoteca Regional de Murcia (Sala A)<\/li>\n<\/ul>\n<p style=\"text-align: center;\"><a href=\"https:\/\/entradium.com\/events\/historias-de-halloween\"><span class=\"td_btn td_btn_lg td_default_btn\">COMPRAR ENTRADAS<\/span><\/a><\/p>\n<p><span style=\"color: #ffff00;\"><strong>Proyecci\u00f3n previa a Historias de Halloween | Secci\u00f3n Oficial a Concurso\u00a0<\/strong><\/span><\/p>\n<h3>Sinopsis<\/h3>\n<p>En un mundo postapocal\u00edptico, una mujer intentar\u00e1 sobrevivir.<\/p>\n<p><img loading=\"lazy\" decoding=\"async\" class=\"alignnone size-large wp-image-6761\" src=\"https:\/\/sombrafestival.com\/wp-content\/uploads\/2025\/01\/refugios-498045079-large-680x1024.jpg\" alt=\"\" width=\"680\" height=\"1024\" srcset=\"https:\/\/sombrafestival.com\/wp-content\/uploads\/2025\/01\/refugios-498045079-large-680x1024.jpg 680w, https:\/\/sombrafestival.com\/wp-content\/uploads\/2025\/01\/refugios-498045079-large-199x300.jpg 199w, https:\/\/sombrafestival.com\/wp-content\/uploads\/2025\/01\/refugios-498045079-large-768x1156.jpg 768w, https:\/\/sombrafestival.com\/wp-content\/uploads\/2025\/01\/refugios-498045079-large-8x12.jpg 8w, https:\/\/sombrafestival.com\/wp-content\/uploads\/2025\/01\/refugios-498045079-large-279x420.jpg 279w, https:\/\/sombrafestival.com\/wp-content\/uploads\/2025\/01\/refugios-498045079-large-696x1048.jpg 696w, https:\/\/sombrafestival.com\/wp-content\/uploads\/2025\/01\/refugios-498045079-large.jpg 797w\" sizes=\"auto, (max-width: 680px) 100vw, 680px\" \/><\/p>\n<ul>\n<li><strong>T\u00edtulo original: <\/strong>Refugios<\/li>\n<li><strong>A\u00f1o: <\/strong>2024<\/li>\n<li><strong>Duraci\u00f3n: <\/strong>11 min.<strong><br \/>\n<\/strong><\/li>\n<li><strong>Pa\u00eds: <\/strong>Espa\u00f1a<\/li>\n<li><strong>Direcci\u00f3n: <\/strong>Kiko Prada<\/li>\n<li><strong>Guion: <\/strong>Kiko Prada<\/li>\n<li><strong>Reparto: <\/strong>Mario Mayo, Elizabeth Anne Miller, Diego Moreno Peire, Carla Nieto<\/li>\n<li><strong>M\u00fasica: <\/strong>Javier Gimeno<\/li>\n<li><strong>Fotograf\u00eda: <\/strong>Daniel G. Canal<\/li>\n<li><strong>Compa\u00f1\u00edas: <\/strong>The Other Side Films. Distribuidora: The Other Side Films<\/li>\n<li><strong>G\u00e9nero: <\/strong>Terror. Thriller | Futuro postapocal\u00edptico. Cortometraje<\/li>\n<\/ul>","protected":false},"excerpt":{"rendered":"<p>Fecha: Viernes, 21 de marzo Hora: 17:15 Lugar: Filmoteca Regional de Murcia (Sala A) COMPRAR ENTRADAS Proyecci\u00f3n previa a Historias de Halloween | Secci\u00f3n Oficial a Concurso\u00a0 Sinopsis En un mundo postapocal\u00edptico, una mujer intentar\u00e1 sobrevivir. T\u00edtulo original: Refugios A\u00f1o: 2024 Duraci\u00f3n: 11 min. Pa\u00eds: Espa\u00f1a Direcci\u00f3n: Kiko Prada Guion: Kiko Prada Reparto: Mario Mayo, [&hellip;]<\/p>","protected":false},"author":2,"featured_media":6865,"parent":0,"menu_order":0,"comment_status":"closed","ping_status":"closed","template":"","meta":{"footnotes":""},"class_list":["post-6758","page","type-page","status-publish","has-post-thumbnail"],"yoast_head":"<!-- This site is optimized with the Yoast SEO plugin v24.3 - https:\/\/yoast.com\/wordpress\/plugins\/seo\/ -->\n<title>Refugios (Cortometraje) - Sombra Festival<\/title>\n<meta name=\"robots\" content=\"index, follow, max-snippet:-1, max-image-preview:large, max-video-preview:-1\" \/>\n<link rel=\"canonical\" href=\"https:\/\/sombrafestival.com\/en\/refugios-cortometraje\/\" \/>\n<meta property=\"og:locale\" content=\"en_GB\" \/>\n<meta property=\"og:type\" content=\"article\" \/>\n<meta property=\"og:title\" content=\"Refugios (Cortometraje) - Sombra Festival\" \/>\n<meta property=\"og:description\" content=\"Fecha: Viernes, 21 de marzo Hora: 17:15 Lugar: Filmoteca Regional de Murcia (Sala A) COMPRAR ENTRADAS Proyecci\u00f3n previa a Historias de Halloween | Secci\u00f3n Oficial a Concurso\u00a0 Sinopsis En un mundo postapocal\u00edptico, una mujer intentar\u00e1 sobrevivir. T\u00edtulo original: Refugios A\u00f1o: 2024 Duraci\u00f3n: 11 min. Pa\u00eds: Espa\u00f1a Direcci\u00f3n: Kiko Prada Guion: Kiko Prada Reparto: Mario Mayo, [&hellip;]\" \/>\n<meta property=\"og:url\" content=\"https:\/\/sombrafestival.com\/en\/refugios-cortometraje\/\" \/>\n<meta property=\"og:site_name\" content=\"Sombra Festival\" \/>\n<meta property=\"article:publisher\" content=\"https:\/\/www.facebook.com\/Sombra-Festival-De-CINE-Fantastico-Europeo-De-Murcia-175337032531429\/\" \/>\n<meta property=\"og:image\" content=\"https:\/\/sombrafestival.com\/wp-content\/uploads\/2025\/01\/refugios.jpg\" \/>\n\t<meta property=\"og:image:width\" content=\"857\" \/>\n\t<meta property=\"og:image:height\" content=\"1200\" \/>\n\t<meta property=\"og:image:type\" content=\"image\/jpeg\" \/>\n<meta name=\"twitter:card\" content=\"summary_large_image\" \/>\n<meta name=\"twitter:site\" content=\"@SombraFestival\" \/>\n<meta name=\"twitter:label1\" content=\"Est. reading time\" \/>\n\t<meta name=\"twitter:data1\" content=\"1 minute\" \/>\n<script type=\"application\/ld+json\" class=\"yoast-schema-graph\">{\"@context\":\"https:\/\/schema.org\",\"@graph\":[{\"@type\":\"WebPage\",\"@id\":\"https:\/\/sombrafestival.com\/refugios-cortometraje\/\",\"url\":\"https:\/\/sombrafestival.com\/refugios-cortometraje\/\",\"name\":\"Refugios (Cortometraje) - Sombra Festival\",\"isPartOf\":{\"@id\":\"https:\/\/sombrafestival.com\/en\/#website\"},\"primaryImageOfPage\":{\"@id\":\"https:\/\/sombrafestival.com\/refugios-cortometraje\/#primaryimage\"},\"image\":{\"@id\":\"https:\/\/sombrafestival.com\/refugios-cortometraje\/#primaryimage\"},\"thumbnailUrl\":\"https:\/\/sombrafestival.com\/wp-content\/uploads\/2025\/01\/refugios.jpg\",\"datePublished\":\"2025-02-05T15:51:31+00:00\",\"dateModified\":\"2025-02-05T15:51:31+00:00\",\"breadcrumb\":{\"@id\":\"https:\/\/sombrafestival.com\/refugios-cortometraje\/#breadcrumb\"},\"inLanguage\":\"en-GB\",\"potentialAction\":[{\"@type\":\"ReadAction\",\"target\":[\"https:\/\/sombrafestival.com\/refugios-cortometraje\/\"]}]},{\"@type\":\"ImageObject\",\"inLanguage\":\"en-GB\",\"@id\":\"https:\/\/sombrafestival.com\/refugios-cortometraje\/#primaryimage\",\"url\":\"https:\/\/sombrafestival.com\/wp-content\/uploads\/2025\/01\/refugios.jpg\",\"contentUrl\":\"https:\/\/sombrafestival.com\/wp-content\/uploads\/2025\/01\/refugios.jpg\",\"width\":857,\"height\":1200},{\"@type\":\"BreadcrumbList\",\"@id\":\"https:\/\/sombrafestival.com\/refugios-cortometraje\/#breadcrumb\",\"itemListElement\":[{\"@type\":\"ListItem\",\"position\":1,\"name\":\"Portada\",\"item\":\"https:\/\/sombrafestival.com\/\"},{\"@type\":\"ListItem\",\"position\":2,\"name\":\"Refugios (Cortometraje)\"}]},{\"@type\":\"WebSite\",\"@id\":\"https:\/\/sombrafestival.com\/en\/#website\",\"url\":\"https:\/\/sombrafestival.com\/en\/\",\"name\":\"Sombra Festival\",\"description\":\"XIII Festival de Cine Fant\u00e1stico Europeo de Murcia, 8-17 MARZO 2024\",\"publisher\":{\"@id\":\"https:\/\/sombrafestival.com\/en\/#organization\"},\"potentialAction\":[{\"@type\":\"SearchAction\",\"target\":{\"@type\":\"EntryPoint\",\"urlTemplate\":\"https:\/\/sombrafestival.com\/en\/?s={search_term_string}\"},\"query-input\":{\"@type\":\"PropertyValueSpecification\",\"valueRequired\":true,\"valueName\":\"search_term_string\"}}],\"inLanguage\":\"en-GB\"},{\"@type\":\"Organization\",\"@id\":\"https:\/\/sombrafestival.com\/en\/#organization\",\"name\":\"SOMBRA, IX FESTIVAL DE CINE FANTASTICO EUROPEO DE MURCIA\",\"url\":\"https:\/\/sombrafestival.com\/en\/\",\"logo\":{\"@type\":\"ImageObject\",\"inLanguage\":\"en-GB\",\"@id\":\"https:\/\/sombrafestival.com\/en\/#\/schema\/logo\/image\/\",\"url\":\"https:\/\/sombrafestival.com\/wp-content\/uploads\/2019\/10\/Sombra-LogoIdentificador-Negativo.jpg\",\"contentUrl\":\"https:\/\/sombrafestival.com\/wp-content\/uploads\/2019\/10\/Sombra-LogoIdentificador-Negativo.jpg\",\"width\":400,\"height\":400,\"caption\":\"SOMBRA, IX FESTIVAL DE CINE FANTASTICO EUROPEO DE MURCIA\"},\"image\":{\"@id\":\"https:\/\/sombrafestival.com\/en\/#\/schema\/logo\/image\/\"},\"sameAs\":[\"https:\/\/www.facebook.com\/Sombra-Festival-De-CINE-Fantastico-Europeo-De-Murcia-175337032531429\/\",\"https:\/\/x.com\/SombraFestival\",\"https:\/\/www.instagram.com\/sombrafestival\/\",\"https:\/\/www.youtube.com\/channel\/UCBdSJni9V30Tq4cGf4Lj0Ug?view_as=subscriber\"]}]}<\/script>\n<!-- \/ Yoast SEO plugin. -->","yoast_head_json":{"title":"Refugios (Cortometraje) - Sombra Festival","robots":{"index":"index","follow":"follow","max-snippet":"max-snippet:-1","max-image-preview":"max-image-preview:large","max-video-preview":"max-video-preview:-1"},"canonical":"https:\/\/sombrafestival.com\/en\/refugios-cortometraje\/","og_locale":"en_GB","og_type":"article","og_title":"Refugios (Cortometraje) - Sombra Festival","og_description":"Fecha: Viernes, 21 de marzo Hora: 17:15 Lugar: Filmoteca Regional de Murcia (Sala A) COMPRAR ENTRADAS Proyecci\u00f3n previa a Historias de Halloween | Secci\u00f3n Oficial a Concurso\u00a0 Sinopsis En un mundo postapocal\u00edptico, una mujer intentar\u00e1 sobrevivir. T\u00edtulo original: Refugios A\u00f1o: 2024 Duraci\u00f3n: 11 min. Pa\u00eds: Espa\u00f1a Direcci\u00f3n: Kiko Prada Guion: Kiko Prada Reparto: Mario Mayo, [&hellip;]","og_url":"https:\/\/sombrafestival.com\/en\/refugios-cortometraje\/","og_site_name":"Sombra Festival","article_publisher":"https:\/\/www.facebook.com\/Sombra-Festival-De-CINE-Fantastico-Europeo-De-Murcia-175337032531429\/","og_image":[{"width":857,"height":1200,"url":"https:\/\/sombrafestival.com\/wp-content\/uploads\/2025\/01\/refugios.jpg","type":"image\/jpeg"}],"twitter_card":"summary_large_image","twitter_site":"@SombraFestival","twitter_misc":{"Est. reading time":"1 minute"},"schema":{"@context":"https:\/\/schema.org","@graph":[{"@type":"WebPage","@id":"https:\/\/sombrafestival.com\/refugios-cortometraje\/","url":"https:\/\/sombrafestival.com\/refugios-cortometraje\/","name":"Refugios (Cortometraje) - Sombra Festival","isPartOf":{"@id":"https:\/\/sombrafestival.com\/en\/#website"},"primaryImageOfPage":{"@id":"https:\/\/sombrafestival.com\/refugios-cortometraje\/#primaryimage"},"image":{"@id":"https:\/\/sombrafestival.com\/refugios-cortometraje\/#primaryimage"},"thumbnailUrl":"https:\/\/sombrafestival.com\/wp-content\/uploads\/2025\/01\/refugios.jpg","datePublished":"2025-02-05T15:51:31+00:00","dateModified":"2025-02-05T15:51:31+00:00","breadcrumb":{"@id":"https:\/\/sombrafestival.com\/refugios-cortometraje\/#breadcrumb"},"inLanguage":"en-GB","potentialAction":[{"@type":"ReadAction","target":["https:\/\/sombrafestival.com\/refugios-cortometraje\/"]}]},{"@type":"ImageObject","inLanguage":"en-GB","@id":"https:\/\/sombrafestival.com\/refugios-cortometraje\/#primaryimage","url":"https:\/\/sombrafestival.com\/wp-content\/uploads\/2025\/01\/refugios.jpg","contentUrl":"https:\/\/sombrafestival.com\/wp-content\/uploads\/2025\/01\/refugios.jpg","width":857,"height":1200},{"@type":"BreadcrumbList","@id":"https:\/\/sombrafestival.com\/refugios-cortometraje\/#breadcrumb","itemListElement":[{"@type":"ListItem","position":1,"name":"Portada","item":"https:\/\/sombrafestival.com\/"},{"@type":"ListItem","position":2,"name":"Refugios (Cortometraje)"}]},{"@type":"WebSite","@id":"https:\/\/sombrafestival.com\/en\/#website","url":"https:\/\/sombrafestival.com\/en\/","name":"Sombra Festival","description":"XIII Festival de Cine Fant\u00e1stico Europeo de Murcia, 8-17 MARZO 2024","publisher":{"@id":"https:\/\/sombrafestival.com\/en\/#organization"},"potentialAction":[{"@type":"SearchAction","target":{"@type":"EntryPoint","urlTemplate":"https:\/\/sombrafestival.com\/en\/?s={search_term_string}"},"query-input":{"@type":"PropertyValueSpecification","valueRequired":true,"valueName":"search_term_string"}}],"inLanguage":"en-GB"},{"@type":"Organization","@id":"https:\/\/sombrafestival.com\/en\/#organization","name":"SOMBRA, IX FESTIVAL DE CINE FANTASTICO EUROPEO DE MURCIA","url":"https:\/\/sombrafestival.com\/en\/","logo":{"@type":"ImageObject","inLanguage":"en-GB","@id":"https:\/\/sombrafestival.com\/en\/#\/schema\/logo\/image\/","url":"https:\/\/sombrafestival.com\/wp-content\/uploads\/2019\/10\/Sombra-LogoIdentificador-Negativo.jpg","contentUrl":"https:\/\/sombrafestival.com\/wp-content\/uploads\/2019\/10\/Sombra-LogoIdentificador-Negativo.jpg","width":400,"height":400,"caption":"SOMBRA, IX FESTIVAL DE CINE FANTASTICO EUROPEO DE MURCIA"},"image":{"@id":"https:\/\/sombrafestival.com\/en\/#\/schema\/logo\/image\/"},"sameAs":["https:\/\/www.facebook.com\/Sombra-Festival-De-CINE-Fantastico-Europeo-De-Murcia-175337032531429\/","https:\/\/x.com\/SombraFestival","https:\/\/www.instagram.com\/sombrafestival\/","https:\/\/www.youtube.com\/channel\/UCBdSJni9V30Tq4cGf4Lj0Ug?view_as=subscriber"]}]}},"_links":{"self":[{"href":"https:\/\/sombrafestival.com\/en\/wp-json\/wp\/v2\/pages\/6758","targetHints":{"allow":["GET"]}}],"collection":[{"href":"https:\/\/sombrafestival.com\/en\/wp-json\/wp\/v2\/pages"}],"about":[{"href":"https:\/\/sombrafestival.com\/en\/wp-json\/wp\/v2\/types\/page"}],"author":[{"embeddable":true,"href":"https:\/\/sombrafestival.com\/en\/wp-json\/wp\/v2\/users\/2"}],"replies":[{"embeddable":true,"href":"https:\/\/sombrafestival.com\/en\/wp-json\/wp\/v2\/comments?post=6758"}],"version-history":[{"count":2,"href":"https:\/\/sombrafestival.com\/en\/wp-json\/wp\/v2\/pages\/6758\/revisions"}],"predecessor-version":[{"id":7334,"href":"https:\/\/sombrafestival.com\/en\/wp-json\/wp\/v2\/pages\/6758\/revisions\/7334"}],"wp:featuredmedia":[{"embeddable":true,"href":"https:\/\/sombrafestival.com\/en\/wp-json\/wp\/v2\/media\/6865"}],"wp:attachment":[{"href":"https:\/\/sombrafestival.com\/en\/wp-json\/wp\/v2\/media?parent=6758"}],"curies":[{"name":"wp","href":"https:\/\/api.w.org\/{rel}","templated":true}]}}