{"id":6787,"date":"2025-02-03T23:18:11","date_gmt":"2025-02-03T22:18:11","guid":{"rendered":"https:\/\/sombrafestival.com\/?page_id=6787"},"modified":"2025-02-04T10:02:50","modified_gmt":"2025-02-04T09:02:50","slug":"la-invocacion-sesion-rock-imperium","status":"publish","type":"page","link":"https:\/\/sombrafestival.com\/en\/largometrajes-2025\/la-invocacion-sesion-rock-imperium\/","title":{"rendered":"La Invocaci\u00f3n | Sesi\u00f3n Rock Imperium"},"content":{"rendered":"<ul>\n<li><strong>Fecha:<\/strong> Viernes, 21 de marzo<\/li>\n<li><strong>Hora:<\/strong> 19:30<\/li>\n<li><strong>Lugar:<\/strong> Fundaci\u00f3n Mediterr\u00e1neo<\/li>\n<li><strong>Idioma:<\/strong> VOSE<\/li>\n<\/ul>\n<p style=\"text-align: center;\"><a href=\"https:\/\/entradium.com\/events\/la-invocacion\"><span class=\"td_btn td_btn_lg td_default_btn\">COMPRAR ENTRADAS<\/span><\/a><\/p>\n<p><iframe loading=\"lazy\" title=\"LA INVOCACI\u00d3N (Trailer espa\u00f1ol)\" width=\"696\" height=\"392\" src=\"https:\/\/www.youtube.com\/embed\/SrfKzcAMXPI?feature=oembed\" frameborder=\"0\" allow=\"accelerometer; autoplay; clipboard-write; encrypted-media; gyroscope; picture-in-picture; web-share\" referrerpolicy=\"strict-origin-when-cross-origin\" allowfullscreen><\/iframe><\/p>\n<h3>Sinopsis<\/h3>\n<p><span style=\"color: #ffffff;\">A\u00f1o 1988. Los habitantes de los Estados Unidos est\u00e1n aterrorizados por una serie de asesinatos sat\u00e1nicos que se han cometido a lo largo del pa\u00eds, y cuyos responsables parecen ser asistentes a conciertos de heavy metal. Tres chicas en su veintena, Alexis, Val y Beverly, conocen a otros tres chicos, Mark, Kovacs e Ivan, durante un concierto y deciden acudir juntos a la casa de veraneo de Alexis. All\u00ed, los chicos descubrir\u00e1n que, lejos de ser las amantes del rock que hab\u00edan dicho ser, al grupo de chicas le apasiona algo mucho m\u00e1s s\u00f3rdido y terror\u00edfico que la m\u00fasica.<\/span><\/p>\n<p><img loading=\"lazy\" decoding=\"async\" class=\"size-large wp-image-6788 aligncenter\" src=\"https:\/\/sombrafestival.com\/wp-content\/uploads\/2025\/01\/we_summon_the_darkness-236114725-large-683x1024.jpg\" alt=\"\" width=\"683\" height=\"1024\" srcset=\"https:\/\/sombrafestival.com\/wp-content\/uploads\/2025\/01\/we_summon_the_darkness-236114725-large-683x1024.jpg 683w, https:\/\/sombrafestival.com\/wp-content\/uploads\/2025\/01\/we_summon_the_darkness-236114725-large-200x300.jpg 200w, https:\/\/sombrafestival.com\/wp-content\/uploads\/2025\/01\/we_summon_the_darkness-236114725-large-768x1152.jpg 768w, https:\/\/sombrafestival.com\/wp-content\/uploads\/2025\/01\/we_summon_the_darkness-236114725-large-8x12.jpg 8w, https:\/\/sombrafestival.com\/wp-content\/uploads\/2025\/01\/we_summon_the_darkness-236114725-large-280x420.jpg 280w, https:\/\/sombrafestival.com\/wp-content\/uploads\/2025\/01\/we_summon_the_darkness-236114725-large-696x1044.jpg 696w, https:\/\/sombrafestival.com\/wp-content\/uploads\/2025\/01\/we_summon_the_darkness-236114725-large.jpg 800w\" sizes=\"auto, (max-width: 683px) 100vw, 683px\" \/><\/p>\n<ul>\n<li><strong>T\u00edtulo original: <\/strong>We Summon the Darkness<strong><br \/>\n<\/strong><\/li>\n<li><strong>A\u00f1o: <\/strong>2019<\/li>\n<li><strong>Duraci\u00f3n: <\/strong>83 min.<strong><br \/>\n<\/strong><\/li>\n<li><strong>Pa\u00eds: <\/strong>Estados Unidos<\/li>\n<li><strong>Direcci\u00f3n: <\/strong>Marc Meyers<\/li>\n<li><strong>Guion: <\/strong>Alan Trezza<\/li>\n<li><strong>Reparto: <\/strong>Alexandra Daddario, Keean Johnson, Johnny Knoxville, Logan Miller, Maddie Hasson, Amy Forsyth, Alison McAtee, Austin Swift, Tanner Beard, Dennis Scullard, Erik Athavale, Steve Pacaud, Carlo Harrietha, Jean-Mathieu B\u00e9rub\u00e9, Nathan Michael Fletcher, Derek James Trapp<\/li>\n<li><strong>M\u00fasica: <\/strong>Tim Williams<\/li>\n<li><strong>Fotograf\u00eda: <\/strong>Tarin Anderson<\/li>\n<li><strong>Compa\u00f1\u00edas: <\/strong>Common Enemy, thefyzz, Magna Entertainment, LB Entertainment, Iconic Media One, Nightshade Entertainment<\/li>\n<li><strong>G\u00e9nero: <\/strong>Terror. Thriller | Religi\u00f3n. A\u00f1os 80. M\u00fasica. Asesinos en serie. Crimen<\/li>\n<\/ul>","protected":false},"excerpt":{"rendered":"<p>Fecha: Viernes, 21 de marzo Hora: 19:30 Lugar: Fundaci\u00f3n Mediterr\u00e1neo Idioma: VOSE COMPRAR ENTRADAS Sinopsis A\u00f1o 1988. Los habitantes de los Estados Unidos est\u00e1n aterrorizados por una serie de asesinatos sat\u00e1nicos que se han cometido a lo largo del pa\u00eds, y cuyos responsables parecen ser asistentes a conciertos de heavy metal. Tres chicas en su [&hellip;]<\/p>","protected":false},"author":2,"featured_media":6788,"parent":6838,"menu_order":0,"comment_status":"closed","ping_status":"closed","template":"","meta":{"footnotes":""},"class_list":["post-6787","page","type-page","status-publish","has-post-thumbnail"],"yoast_head":"<!-- This site is optimized with the Yoast SEO plugin v24.3 - https:\/\/yoast.com\/wordpress\/plugins\/seo\/ -->\n<title>La Invocaci\u00f3n | Sesi\u00f3n Rock Imperium - Sombra Festival<\/title>\n<meta name=\"robots\" content=\"index, follow, max-snippet:-1, max-image-preview:large, max-video-preview:-1\" \/>\n<link rel=\"canonical\" href=\"https:\/\/sombrafestival.com\/en\/largometrajes-2025\/la-invocacion-sesion-rock-imperium\/\" \/>\n<meta property=\"og:locale\" content=\"en_GB\" \/>\n<meta property=\"og:type\" content=\"article\" \/>\n<meta property=\"og:title\" content=\"La Invocaci\u00f3n | Sesi\u00f3n Rock Imperium - Sombra Festival\" \/>\n<meta property=\"og:description\" content=\"Fecha: Viernes, 21 de marzo Hora: 19:30 Lugar: Fundaci\u00f3n Mediterr\u00e1neo Idioma: VOSE COMPRAR ENTRADAS Sinopsis A\u00f1o 1988. Los habitantes de los Estados Unidos est\u00e1n aterrorizados por una serie de asesinatos sat\u00e1nicos que se han cometido a lo largo del pa\u00eds, y cuyos responsables parecen ser asistentes a conciertos de heavy metal. Tres chicas en su [&hellip;]\" \/>\n<meta property=\"og:url\" content=\"https:\/\/sombrafestival.com\/en\/largometrajes-2025\/la-invocacion-sesion-rock-imperium\/\" \/>\n<meta property=\"og:site_name\" content=\"Sombra Festival\" \/>\n<meta property=\"article:publisher\" content=\"https:\/\/www.facebook.com\/Sombra-Festival-De-CINE-Fantastico-Europeo-De-Murcia-175337032531429\/\" \/>\n<meta property=\"article:modified_time\" content=\"2025-02-04T09:02:50+00:00\" \/>\n<meta property=\"og:image\" content=\"https:\/\/sombrafestival.com\/wp-content\/uploads\/2025\/01\/we_summon_the_darkness-236114725-large.jpg\" \/>\n\t<meta property=\"og:image:width\" content=\"800\" \/>\n\t<meta property=\"og:image:height\" content=\"1200\" \/>\n\t<meta property=\"og:image:type\" content=\"image\/jpeg\" \/>\n<meta name=\"twitter:card\" content=\"summary_large_image\" \/>\n<meta name=\"twitter:site\" content=\"@SombraFestival\" \/>\n<meta name=\"twitter:label1\" content=\"Est. reading time\" \/>\n\t<meta name=\"twitter:data1\" content=\"2 minutes\" \/>\n<script type=\"application\/ld+json\" class=\"yoast-schema-graph\">{\"@context\":\"https:\/\/schema.org\",\"@graph\":[{\"@type\":\"WebPage\",\"@id\":\"https:\/\/sombrafestival.com\/largometrajes-2025\/la-invocacion-sesion-rock-imperium\/\",\"url\":\"https:\/\/sombrafestival.com\/largometrajes-2025\/la-invocacion-sesion-rock-imperium\/\",\"name\":\"La Invocaci\u00f3n | Sesi\u00f3n Rock Imperium - Sombra Festival\",\"isPartOf\":{\"@id\":\"https:\/\/sombrafestival.com\/en\/#website\"},\"primaryImageOfPage\":{\"@id\":\"https:\/\/sombrafestival.com\/largometrajes-2025\/la-invocacion-sesion-rock-imperium\/#primaryimage\"},\"image\":{\"@id\":\"https:\/\/sombrafestival.com\/largometrajes-2025\/la-invocacion-sesion-rock-imperium\/#primaryimage\"},\"thumbnailUrl\":\"https:\/\/sombrafestival.com\/wp-content\/uploads\/2025\/01\/we_summon_the_darkness-236114725-large.jpg\",\"datePublished\":\"2025-02-03T22:18:11+00:00\",\"dateModified\":\"2025-02-04T09:02:50+00:00\",\"breadcrumb\":{\"@id\":\"https:\/\/sombrafestival.com\/largometrajes-2025\/la-invocacion-sesion-rock-imperium\/#breadcrumb\"},\"inLanguage\":\"en-GB\",\"potentialAction\":[{\"@type\":\"ReadAction\",\"target\":[\"https:\/\/sombrafestival.com\/largometrajes-2025\/la-invocacion-sesion-rock-imperium\/\"]}]},{\"@type\":\"ImageObject\",\"inLanguage\":\"en-GB\",\"@id\":\"https:\/\/sombrafestival.com\/largometrajes-2025\/la-invocacion-sesion-rock-imperium\/#primaryimage\",\"url\":\"https:\/\/sombrafestival.com\/wp-content\/uploads\/2025\/01\/we_summon_the_darkness-236114725-large.jpg\",\"contentUrl\":\"https:\/\/sombrafestival.com\/wp-content\/uploads\/2025\/01\/we_summon_the_darkness-236114725-large.jpg\",\"width\":800,\"height\":1200},{\"@type\":\"BreadcrumbList\",\"@id\":\"https:\/\/sombrafestival.com\/largometrajes-2025\/la-invocacion-sesion-rock-imperium\/#breadcrumb\",\"itemListElement\":[{\"@type\":\"ListItem\",\"position\":1,\"name\":\"Portada\",\"item\":\"https:\/\/sombrafestival.com\/\"},{\"@type\":\"ListItem\",\"position\":2,\"name\":\"Largometrajes 2025\",\"item\":\"https:\/\/sombrafestival.com\/largometrajes-2025\/\"},{\"@type\":\"ListItem\",\"position\":3,\"name\":\"La Invocaci\u00f3n | Sesi\u00f3n Rock Imperium\"}]},{\"@type\":\"WebSite\",\"@id\":\"https:\/\/sombrafestival.com\/en\/#website\",\"url\":\"https:\/\/sombrafestival.com\/en\/\",\"name\":\"Sombra Festival\",\"description\":\"XIII Festival de Cine Fant\u00e1stico Europeo de Murcia, 8-17 MARZO 2024\",\"publisher\":{\"@id\":\"https:\/\/sombrafestival.com\/en\/#organization\"},\"potentialAction\":[{\"@type\":\"SearchAction\",\"target\":{\"@type\":\"EntryPoint\",\"urlTemplate\":\"https:\/\/sombrafestival.com\/en\/?s={search_term_string}\"},\"query-input\":{\"@type\":\"PropertyValueSpecification\",\"valueRequired\":true,\"valueName\":\"search_term_string\"}}],\"inLanguage\":\"en-GB\"},{\"@type\":\"Organization\",\"@id\":\"https:\/\/sombrafestival.com\/en\/#organization\",\"name\":\"SOMBRA, IX FESTIVAL DE CINE FANTASTICO EUROPEO DE MURCIA\",\"url\":\"https:\/\/sombrafestival.com\/en\/\",\"logo\":{\"@type\":\"ImageObject\",\"inLanguage\":\"en-GB\",\"@id\":\"https:\/\/sombrafestival.com\/en\/#\/schema\/logo\/image\/\",\"url\":\"https:\/\/sombrafestival.com\/wp-content\/uploads\/2019\/10\/Sombra-LogoIdentificador-Negativo.jpg\",\"contentUrl\":\"https:\/\/sombrafestival.com\/wp-content\/uploads\/2019\/10\/Sombra-LogoIdentificador-Negativo.jpg\",\"width\":400,\"height\":400,\"caption\":\"SOMBRA, IX FESTIVAL DE CINE FANTASTICO EUROPEO DE MURCIA\"},\"image\":{\"@id\":\"https:\/\/sombrafestival.com\/en\/#\/schema\/logo\/image\/\"},\"sameAs\":[\"https:\/\/www.facebook.com\/Sombra-Festival-De-CINE-Fantastico-Europeo-De-Murcia-175337032531429\/\",\"https:\/\/x.com\/SombraFestival\",\"https:\/\/www.instagram.com\/sombrafestival\/\",\"https:\/\/www.youtube.com\/channel\/UCBdSJni9V30Tq4cGf4Lj0Ug?view_as=subscriber\"]}]}<\/script>\n<!-- \/ Yoast SEO plugin. -->","yoast_head_json":{"title":"La Invocaci\u00f3n | Sesi\u00f3n Rock Imperium - Sombra Festival","robots":{"index":"index","follow":"follow","max-snippet":"max-snippet:-1","max-image-preview":"max-image-preview:large","max-video-preview":"max-video-preview:-1"},"canonical":"https:\/\/sombrafestival.com\/en\/largometrajes-2025\/la-invocacion-sesion-rock-imperium\/","og_locale":"en_GB","og_type":"article","og_title":"La Invocaci\u00f3n | Sesi\u00f3n Rock Imperium - Sombra Festival","og_description":"Fecha: Viernes, 21 de marzo Hora: 19:30 Lugar: Fundaci\u00f3n Mediterr\u00e1neo Idioma: VOSE COMPRAR ENTRADAS Sinopsis A\u00f1o 1988. Los habitantes de los Estados Unidos est\u00e1n aterrorizados por una serie de asesinatos sat\u00e1nicos que se han cometido a lo largo del pa\u00eds, y cuyos responsables parecen ser asistentes a conciertos de heavy metal. Tres chicas en su [&hellip;]","og_url":"https:\/\/sombrafestival.com\/en\/largometrajes-2025\/la-invocacion-sesion-rock-imperium\/","og_site_name":"Sombra Festival","article_publisher":"https:\/\/www.facebook.com\/Sombra-Festival-De-CINE-Fantastico-Europeo-De-Murcia-175337032531429\/","article_modified_time":"2025-02-04T09:02:50+00:00","og_image":[{"width":800,"height":1200,"url":"https:\/\/sombrafestival.com\/wp-content\/uploads\/2025\/01\/we_summon_the_darkness-236114725-large.jpg","type":"image\/jpeg"}],"twitter_card":"summary_large_image","twitter_site":"@SombraFestival","twitter_misc":{"Est. reading time":"2 minutes"},"schema":{"@context":"https:\/\/schema.org","@graph":[{"@type":"WebPage","@id":"https:\/\/sombrafestival.com\/largometrajes-2025\/la-invocacion-sesion-rock-imperium\/","url":"https:\/\/sombrafestival.com\/largometrajes-2025\/la-invocacion-sesion-rock-imperium\/","name":"La Invocaci\u00f3n | Sesi\u00f3n Rock Imperium - Sombra Festival","isPartOf":{"@id":"https:\/\/sombrafestival.com\/en\/#website"},"primaryImageOfPage":{"@id":"https:\/\/sombrafestival.com\/largometrajes-2025\/la-invocacion-sesion-rock-imperium\/#primaryimage"},"image":{"@id":"https:\/\/sombrafestival.com\/largometrajes-2025\/la-invocacion-sesion-rock-imperium\/#primaryimage"},"thumbnailUrl":"https:\/\/sombrafestival.com\/wp-content\/uploads\/2025\/01\/we_summon_the_darkness-236114725-large.jpg","datePublished":"2025-02-03T22:18:11+00:00","dateModified":"2025-02-04T09:02:50+00:00","breadcrumb":{"@id":"https:\/\/sombrafestival.com\/largometrajes-2025\/la-invocacion-sesion-rock-imperium\/#breadcrumb"},"inLanguage":"en-GB","potentialAction":[{"@type":"ReadAction","target":["https:\/\/sombrafestival.com\/largometrajes-2025\/la-invocacion-sesion-rock-imperium\/"]}]},{"@type":"ImageObject","inLanguage":"en-GB","@id":"https:\/\/sombrafestival.com\/largometrajes-2025\/la-invocacion-sesion-rock-imperium\/#primaryimage","url":"https:\/\/sombrafestival.com\/wp-content\/uploads\/2025\/01\/we_summon_the_darkness-236114725-large.jpg","contentUrl":"https:\/\/sombrafestival.com\/wp-content\/uploads\/2025\/01\/we_summon_the_darkness-236114725-large.jpg","width":800,"height":1200},{"@type":"BreadcrumbList","@id":"https:\/\/sombrafestival.com\/largometrajes-2025\/la-invocacion-sesion-rock-imperium\/#breadcrumb","itemListElement":[{"@type":"ListItem","position":1,"name":"Portada","item":"https:\/\/sombrafestival.com\/"},{"@type":"ListItem","position":2,"name":"Largometrajes 2025","item":"https:\/\/sombrafestival.com\/largometrajes-2025\/"},{"@type":"ListItem","position":3,"name":"La Invocaci\u00f3n | Sesi\u00f3n Rock Imperium"}]},{"@type":"WebSite","@id":"https:\/\/sombrafestival.com\/en\/#website","url":"https:\/\/sombrafestival.com\/en\/","name":"Sombra Festival","description":"XIII Festival de Cine Fant\u00e1stico Europeo de Murcia, 8-17 MARZO 2024","publisher":{"@id":"https:\/\/sombrafestival.com\/en\/#organization"},"potentialAction":[{"@type":"SearchAction","target":{"@type":"EntryPoint","urlTemplate":"https:\/\/sombrafestival.com\/en\/?s={search_term_string}"},"query-input":{"@type":"PropertyValueSpecification","valueRequired":true,"valueName":"search_term_string"}}],"inLanguage":"en-GB"},{"@type":"Organization","@id":"https:\/\/sombrafestival.com\/en\/#organization","name":"SOMBRA, IX FESTIVAL DE CINE FANTASTICO EUROPEO DE MURCIA","url":"https:\/\/sombrafestival.com\/en\/","logo":{"@type":"ImageObject","inLanguage":"en-GB","@id":"https:\/\/sombrafestival.com\/en\/#\/schema\/logo\/image\/","url":"https:\/\/sombrafestival.com\/wp-content\/uploads\/2019\/10\/Sombra-LogoIdentificador-Negativo.jpg","contentUrl":"https:\/\/sombrafestival.com\/wp-content\/uploads\/2019\/10\/Sombra-LogoIdentificador-Negativo.jpg","width":400,"height":400,"caption":"SOMBRA, IX FESTIVAL DE CINE FANTASTICO EUROPEO DE MURCIA"},"image":{"@id":"https:\/\/sombrafestival.com\/en\/#\/schema\/logo\/image\/"},"sameAs":["https:\/\/www.facebook.com\/Sombra-Festival-De-CINE-Fantastico-Europeo-De-Murcia-175337032531429\/","https:\/\/x.com\/SombraFestival","https:\/\/www.instagram.com\/sombrafestival\/","https:\/\/www.youtube.com\/channel\/UCBdSJni9V30Tq4cGf4Lj0Ug?view_as=subscriber"]}]}},"_links":{"self":[{"href":"https:\/\/sombrafestival.com\/en\/wp-json\/wp\/v2\/pages\/6787","targetHints":{"allow":["GET"]}}],"collection":[{"href":"https:\/\/sombrafestival.com\/en\/wp-json\/wp\/v2\/pages"}],"about":[{"href":"https:\/\/sombrafestival.com\/en\/wp-json\/wp\/v2\/types\/page"}],"author":[{"embeddable":true,"href":"https:\/\/sombrafestival.com\/en\/wp-json\/wp\/v2\/users\/2"}],"replies":[{"embeddable":true,"href":"https:\/\/sombrafestival.com\/en\/wp-json\/wp\/v2\/comments?post=6787"}],"version-history":[{"count":5,"href":"https:\/\/sombrafestival.com\/en\/wp-json\/wp\/v2\/pages\/6787\/revisions"}],"predecessor-version":[{"id":7235,"href":"https:\/\/sombrafestival.com\/en\/wp-json\/wp\/v2\/pages\/6787\/revisions\/7235"}],"up":[{"embeddable":true,"href":"https:\/\/sombrafestival.com\/en\/wp-json\/wp\/v2\/pages\/6838"}],"wp:featuredmedia":[{"embeddable":true,"href":"https:\/\/sombrafestival.com\/en\/wp-json\/wp\/v2\/media\/6788"}],"wp:attachment":[{"href":"https:\/\/sombrafestival.com\/en\/wp-json\/wp\/v2\/media?parent=6787"}],"curies":[{"name":"wp","href":"https:\/\/api.w.org\/{rel}","templated":true}]}}