{"id":6871,"date":"2025-02-04T00:21:43","date_gmt":"2025-02-03T23:21:43","guid":{"rendered":"https:\/\/sombrafestival.com\/?page_id=6871"},"modified":"2025-02-04T10:16:34","modified_gmt":"2025-02-04T09:16:34","slug":"cuando-yo-me-muera-murcia-fantastica","status":"publish","type":"page","link":"https:\/\/sombrafestival.com\/en\/cortometrajes-2025\/cuando-yo-me-muera-murcia-fantastica\/","title":{"rendered":"Cuando yo me muera | Murcia Fant\u00e1stica"},"content":{"rendered":"<ul>\n<li><strong>Fecha:<\/strong> Lunes, 17 de marzo<\/li>\n<li><strong>Hora:<\/strong> 20:00<\/li>\n<li><strong>Lugar:<\/strong> Filmoteca Regional de Murcia (Sala A)<\/li>\n<\/ul>\n<p style=\"text-align: center;\"><a href=\"https:\/\/entradium.com\/events\/murcia-fantastica\"><span class=\"td_btn td_btn_lg td_default_btn\">COMPRAR ENTRADAS<\/span><\/a><\/p>\n<h3>Sinopsis<\/h3>\n<p><span style=\"color: #ffffff;\">La fuerte pelea entre dos hermanos acaba con la vida de uno de ellos. El mayor arrastrar\u00e1 el luto eterno de la culpa y el vac\u00edo, adem\u00e1s del lastre de haber condenado a sus padres al dolor de un silencioso duelo.<\/span><\/p>\n<p><img loading=\"lazy\" decoding=\"async\" class=\"alignnone size-large wp-image-6872\" src=\"https:\/\/sombrafestival.com\/wp-content\/uploads\/2025\/01\/cuando_yo_me_muera-899990617-large-691x1024.jpg\" alt=\"\" width=\"691\" height=\"1024\" srcset=\"https:\/\/sombrafestival.com\/wp-content\/uploads\/2025\/01\/cuando_yo_me_muera-899990617-large-691x1024.jpg 691w, https:\/\/sombrafestival.com\/wp-content\/uploads\/2025\/01\/cuando_yo_me_muera-899990617-large-203x300.jpg 203w, https:\/\/sombrafestival.com\/wp-content\/uploads\/2025\/01\/cuando_yo_me_muera-899990617-large-768x1138.jpg 768w, https:\/\/sombrafestival.com\/wp-content\/uploads\/2025\/01\/cuando_yo_me_muera-899990617-large-8x12.jpg 8w, https:\/\/sombrafestival.com\/wp-content\/uploads\/2025\/01\/cuando_yo_me_muera-899990617-large-284x420.jpg 284w, https:\/\/sombrafestival.com\/wp-content\/uploads\/2025\/01\/cuando_yo_me_muera-899990617-large-696x1031.jpg 696w, https:\/\/sombrafestival.com\/wp-content\/uploads\/2025\/01\/cuando_yo_me_muera-899990617-large.jpg 810w\" sizes=\"auto, (max-width: 691px) 100vw, 691px\" \/><\/p>\n<ul>\n<li><strong>T\u00edtulo original: Cuando yo me muera<\/strong><\/li>\n<li><strong>A\u00f1o: <\/strong>2023<\/li>\n<li><strong>Duraci\u00f3n: <\/strong>19 min.<\/li>\n<li><strong>Pa\u00eds: <\/strong>Espa\u00f1a<\/li>\n<li><strong>Direcci\u00f3n: <\/strong>Pepe Siscar<strong><br \/>\n<\/strong><\/li>\n<li><strong>Guion: <\/strong>Pepe Siscar<strong><br \/>\n<\/strong><\/li>\n<li><strong>Reparto: <\/strong>Lucas Puerta, Nacho Guerreros, Eul\u00e1lia Ramon, Hugo Garc\u00eda<\/li>\n<li><strong>M\u00fasica: <\/strong>Sergio Moure De Oteyza<strong><br \/>\n<\/strong><\/li>\n<li><strong>Fotograf\u00eda:<\/strong> Jorge R. Preciado<\/li>\n<li><strong>G\u00e9nero: <\/strong>Drama. Thriller | Cortometraje<\/li>\n<\/ul>","protected":false},"excerpt":{"rendered":"<p>Fecha: Lunes, 17 de marzo Hora: 20:00 Lugar: Filmoteca Regional de Murcia (Sala A) COMPRAR ENTRADAS Sinopsis La fuerte pelea entre dos hermanos acaba con la vida de uno de ellos. El mayor arrastrar\u00e1 el luto eterno de la culpa y el vac\u00edo, adem\u00e1s del lastre de haber condenado a sus padres al dolor de [&hellip;]<\/p>","protected":false},"author":2,"featured_media":6872,"parent":6855,"menu_order":0,"comment_status":"closed","ping_status":"closed","template":"","meta":{"footnotes":""},"class_list":["post-6871","page","type-page","status-publish","has-post-thumbnail"],"yoast_head":"<!-- This site is optimized with the Yoast SEO plugin v24.3 - https:\/\/yoast.com\/wordpress\/plugins\/seo\/ -->\n<title>Cuando yo me muera | Murcia Fant\u00e1stica - Sombra Festival<\/title>\n<meta name=\"robots\" content=\"index, follow, max-snippet:-1, max-image-preview:large, max-video-preview:-1\" \/>\n<link rel=\"canonical\" href=\"https:\/\/sombrafestival.com\/en\/cortometrajes-2025\/cuando-yo-me-muera-murcia-fantastica\/\" \/>\n<meta property=\"og:locale\" content=\"en_GB\" \/>\n<meta property=\"og:type\" content=\"article\" \/>\n<meta property=\"og:title\" content=\"Cuando yo me muera | Murcia Fant\u00e1stica - Sombra Festival\" \/>\n<meta property=\"og:description\" content=\"Fecha: Lunes, 17 de marzo Hora: 20:00 Lugar: Filmoteca Regional de Murcia (Sala A) COMPRAR ENTRADAS Sinopsis La fuerte pelea entre dos hermanos acaba con la vida de uno de ellos. El mayor arrastrar\u00e1 el luto eterno de la culpa y el vac\u00edo, adem\u00e1s del lastre de haber condenado a sus padres al dolor de [&hellip;]\" \/>\n<meta property=\"og:url\" content=\"https:\/\/sombrafestival.com\/en\/cortometrajes-2025\/cuando-yo-me-muera-murcia-fantastica\/\" \/>\n<meta property=\"og:site_name\" content=\"Sombra Festival\" \/>\n<meta property=\"article:publisher\" content=\"https:\/\/www.facebook.com\/Sombra-Festival-De-CINE-Fantastico-Europeo-De-Murcia-175337032531429\/\" \/>\n<meta property=\"article:modified_time\" content=\"2025-02-04T09:16:34+00:00\" \/>\n<meta property=\"og:image\" content=\"https:\/\/sombrafestival.com\/wp-content\/uploads\/2025\/01\/cuando_yo_me_muera-899990617-large.jpg\" \/>\n\t<meta property=\"og:image:width\" content=\"810\" \/>\n\t<meta property=\"og:image:height\" content=\"1200\" \/>\n\t<meta property=\"og:image:type\" content=\"image\/jpeg\" \/>\n<meta name=\"twitter:card\" content=\"summary_large_image\" \/>\n<meta name=\"twitter:site\" content=\"@SombraFestival\" \/>\n<meta name=\"twitter:label1\" content=\"Est. reading time\" \/>\n\t<meta name=\"twitter:data1\" content=\"1 minute\" \/>\n<script type=\"application\/ld+json\" class=\"yoast-schema-graph\">{\"@context\":\"https:\/\/schema.org\",\"@graph\":[{\"@type\":\"WebPage\",\"@id\":\"https:\/\/sombrafestival.com\/cortometrajes-2025\/cuando-yo-me-muera-murcia-fantastica\/\",\"url\":\"https:\/\/sombrafestival.com\/cortometrajes-2025\/cuando-yo-me-muera-murcia-fantastica\/\",\"name\":\"Cuando yo me muera | Murcia Fant\u00e1stica - Sombra Festival\",\"isPartOf\":{\"@id\":\"https:\/\/sombrafestival.com\/en\/#website\"},\"primaryImageOfPage\":{\"@id\":\"https:\/\/sombrafestival.com\/cortometrajes-2025\/cuando-yo-me-muera-murcia-fantastica\/#primaryimage\"},\"image\":{\"@id\":\"https:\/\/sombrafestival.com\/cortometrajes-2025\/cuando-yo-me-muera-murcia-fantastica\/#primaryimage\"},\"thumbnailUrl\":\"https:\/\/sombrafestival.com\/wp-content\/uploads\/2025\/01\/cuando_yo_me_muera-899990617-large.jpg\",\"datePublished\":\"2025-02-03T23:21:43+00:00\",\"dateModified\":\"2025-02-04T09:16:34+00:00\",\"breadcrumb\":{\"@id\":\"https:\/\/sombrafestival.com\/cortometrajes-2025\/cuando-yo-me-muera-murcia-fantastica\/#breadcrumb\"},\"inLanguage\":\"en-GB\",\"potentialAction\":[{\"@type\":\"ReadAction\",\"target\":[\"https:\/\/sombrafestival.com\/cortometrajes-2025\/cuando-yo-me-muera-murcia-fantastica\/\"]}]},{\"@type\":\"ImageObject\",\"inLanguage\":\"en-GB\",\"@id\":\"https:\/\/sombrafestival.com\/cortometrajes-2025\/cuando-yo-me-muera-murcia-fantastica\/#primaryimage\",\"url\":\"https:\/\/sombrafestival.com\/wp-content\/uploads\/2025\/01\/cuando_yo_me_muera-899990617-large.jpg\",\"contentUrl\":\"https:\/\/sombrafestival.com\/wp-content\/uploads\/2025\/01\/cuando_yo_me_muera-899990617-large.jpg\",\"width\":810,\"height\":1200},{\"@type\":\"BreadcrumbList\",\"@id\":\"https:\/\/sombrafestival.com\/cortometrajes-2025\/cuando-yo-me-muera-murcia-fantastica\/#breadcrumb\",\"itemListElement\":[{\"@type\":\"ListItem\",\"position\":1,\"name\":\"Portada\",\"item\":\"https:\/\/sombrafestival.com\/\"},{\"@type\":\"ListItem\",\"position\":2,\"name\":\"Cortometrajes 2025\",\"item\":\"https:\/\/sombrafestival.com\/cortometrajes-2025\/\"},{\"@type\":\"ListItem\",\"position\":3,\"name\":\"Cuando yo me muera | Murcia Fant\u00e1stica\"}]},{\"@type\":\"WebSite\",\"@id\":\"https:\/\/sombrafestival.com\/en\/#website\",\"url\":\"https:\/\/sombrafestival.com\/en\/\",\"name\":\"Sombra Festival\",\"description\":\"XIII Festival de Cine Fant\u00e1stico Europeo de Murcia, 8-17 MARZO 2024\",\"publisher\":{\"@id\":\"https:\/\/sombrafestival.com\/en\/#organization\"},\"potentialAction\":[{\"@type\":\"SearchAction\",\"target\":{\"@type\":\"EntryPoint\",\"urlTemplate\":\"https:\/\/sombrafestival.com\/en\/?s={search_term_string}\"},\"query-input\":{\"@type\":\"PropertyValueSpecification\",\"valueRequired\":true,\"valueName\":\"search_term_string\"}}],\"inLanguage\":\"en-GB\"},{\"@type\":\"Organization\",\"@id\":\"https:\/\/sombrafestival.com\/en\/#organization\",\"name\":\"SOMBRA, IX FESTIVAL DE CINE FANTASTICO EUROPEO DE MURCIA\",\"url\":\"https:\/\/sombrafestival.com\/en\/\",\"logo\":{\"@type\":\"ImageObject\",\"inLanguage\":\"en-GB\",\"@id\":\"https:\/\/sombrafestival.com\/en\/#\/schema\/logo\/image\/\",\"url\":\"https:\/\/sombrafestival.com\/wp-content\/uploads\/2019\/10\/Sombra-LogoIdentificador-Negativo.jpg\",\"contentUrl\":\"https:\/\/sombrafestival.com\/wp-content\/uploads\/2019\/10\/Sombra-LogoIdentificador-Negativo.jpg\",\"width\":400,\"height\":400,\"caption\":\"SOMBRA, IX FESTIVAL DE CINE FANTASTICO EUROPEO DE MURCIA\"},\"image\":{\"@id\":\"https:\/\/sombrafestival.com\/en\/#\/schema\/logo\/image\/\"},\"sameAs\":[\"https:\/\/www.facebook.com\/Sombra-Festival-De-CINE-Fantastico-Europeo-De-Murcia-175337032531429\/\",\"https:\/\/x.com\/SombraFestival\",\"https:\/\/www.instagram.com\/sombrafestival\/\",\"https:\/\/www.youtube.com\/channel\/UCBdSJni9V30Tq4cGf4Lj0Ug?view_as=subscriber\"]}]}<\/script>\n<!-- \/ Yoast SEO plugin. -->","yoast_head_json":{"title":"Cuando yo me muera | Murcia Fant\u00e1stica - Sombra Festival","robots":{"index":"index","follow":"follow","max-snippet":"max-snippet:-1","max-image-preview":"max-image-preview:large","max-video-preview":"max-video-preview:-1"},"canonical":"https:\/\/sombrafestival.com\/en\/cortometrajes-2025\/cuando-yo-me-muera-murcia-fantastica\/","og_locale":"en_GB","og_type":"article","og_title":"Cuando yo me muera | Murcia Fant\u00e1stica - Sombra Festival","og_description":"Fecha: Lunes, 17 de marzo Hora: 20:00 Lugar: Filmoteca Regional de Murcia (Sala A) COMPRAR ENTRADAS Sinopsis La fuerte pelea entre dos hermanos acaba con la vida de uno de ellos. El mayor arrastrar\u00e1 el luto eterno de la culpa y el vac\u00edo, adem\u00e1s del lastre de haber condenado a sus padres al dolor de [&hellip;]","og_url":"https:\/\/sombrafestival.com\/en\/cortometrajes-2025\/cuando-yo-me-muera-murcia-fantastica\/","og_site_name":"Sombra Festival","article_publisher":"https:\/\/www.facebook.com\/Sombra-Festival-De-CINE-Fantastico-Europeo-De-Murcia-175337032531429\/","article_modified_time":"2025-02-04T09:16:34+00:00","og_image":[{"width":810,"height":1200,"url":"https:\/\/sombrafestival.com\/wp-content\/uploads\/2025\/01\/cuando_yo_me_muera-899990617-large.jpg","type":"image\/jpeg"}],"twitter_card":"summary_large_image","twitter_site":"@SombraFestival","twitter_misc":{"Est. reading time":"1 minute"},"schema":{"@context":"https:\/\/schema.org","@graph":[{"@type":"WebPage","@id":"https:\/\/sombrafestival.com\/cortometrajes-2025\/cuando-yo-me-muera-murcia-fantastica\/","url":"https:\/\/sombrafestival.com\/cortometrajes-2025\/cuando-yo-me-muera-murcia-fantastica\/","name":"Cuando yo me muera | Murcia Fant\u00e1stica - Sombra Festival","isPartOf":{"@id":"https:\/\/sombrafestival.com\/en\/#website"},"primaryImageOfPage":{"@id":"https:\/\/sombrafestival.com\/cortometrajes-2025\/cuando-yo-me-muera-murcia-fantastica\/#primaryimage"},"image":{"@id":"https:\/\/sombrafestival.com\/cortometrajes-2025\/cuando-yo-me-muera-murcia-fantastica\/#primaryimage"},"thumbnailUrl":"https:\/\/sombrafestival.com\/wp-content\/uploads\/2025\/01\/cuando_yo_me_muera-899990617-large.jpg","datePublished":"2025-02-03T23:21:43+00:00","dateModified":"2025-02-04T09:16:34+00:00","breadcrumb":{"@id":"https:\/\/sombrafestival.com\/cortometrajes-2025\/cuando-yo-me-muera-murcia-fantastica\/#breadcrumb"},"inLanguage":"en-GB","potentialAction":[{"@type":"ReadAction","target":["https:\/\/sombrafestival.com\/cortometrajes-2025\/cuando-yo-me-muera-murcia-fantastica\/"]}]},{"@type":"ImageObject","inLanguage":"en-GB","@id":"https:\/\/sombrafestival.com\/cortometrajes-2025\/cuando-yo-me-muera-murcia-fantastica\/#primaryimage","url":"https:\/\/sombrafestival.com\/wp-content\/uploads\/2025\/01\/cuando_yo_me_muera-899990617-large.jpg","contentUrl":"https:\/\/sombrafestival.com\/wp-content\/uploads\/2025\/01\/cuando_yo_me_muera-899990617-large.jpg","width":810,"height":1200},{"@type":"BreadcrumbList","@id":"https:\/\/sombrafestival.com\/cortometrajes-2025\/cuando-yo-me-muera-murcia-fantastica\/#breadcrumb","itemListElement":[{"@type":"ListItem","position":1,"name":"Portada","item":"https:\/\/sombrafestival.com\/"},{"@type":"ListItem","position":2,"name":"Cortometrajes 2025","item":"https:\/\/sombrafestival.com\/cortometrajes-2025\/"},{"@type":"ListItem","position":3,"name":"Cuando yo me muera | Murcia Fant\u00e1stica"}]},{"@type":"WebSite","@id":"https:\/\/sombrafestival.com\/en\/#website","url":"https:\/\/sombrafestival.com\/en\/","name":"Sombra Festival","description":"XIII Festival de Cine Fant\u00e1stico Europeo de Murcia, 8-17 MARZO 2024","publisher":{"@id":"https:\/\/sombrafestival.com\/en\/#organization"},"potentialAction":[{"@type":"SearchAction","target":{"@type":"EntryPoint","urlTemplate":"https:\/\/sombrafestival.com\/en\/?s={search_term_string}"},"query-input":{"@type":"PropertyValueSpecification","valueRequired":true,"valueName":"search_term_string"}}],"inLanguage":"en-GB"},{"@type":"Organization","@id":"https:\/\/sombrafestival.com\/en\/#organization","name":"SOMBRA, IX FESTIVAL DE CINE FANTASTICO EUROPEO DE MURCIA","url":"https:\/\/sombrafestival.com\/en\/","logo":{"@type":"ImageObject","inLanguage":"en-GB","@id":"https:\/\/sombrafestival.com\/en\/#\/schema\/logo\/image\/","url":"https:\/\/sombrafestival.com\/wp-content\/uploads\/2019\/10\/Sombra-LogoIdentificador-Negativo.jpg","contentUrl":"https:\/\/sombrafestival.com\/wp-content\/uploads\/2019\/10\/Sombra-LogoIdentificador-Negativo.jpg","width":400,"height":400,"caption":"SOMBRA, IX FESTIVAL DE CINE FANTASTICO EUROPEO DE MURCIA"},"image":{"@id":"https:\/\/sombrafestival.com\/en\/#\/schema\/logo\/image\/"},"sameAs":["https:\/\/www.facebook.com\/Sombra-Festival-De-CINE-Fantastico-Europeo-De-Murcia-175337032531429\/","https:\/\/x.com\/SombraFestival","https:\/\/www.instagram.com\/sombrafestival\/","https:\/\/www.youtube.com\/channel\/UCBdSJni9V30Tq4cGf4Lj0Ug?view_as=subscriber"]}]}},"_links":{"self":[{"href":"https:\/\/sombrafestival.com\/en\/wp-json\/wp\/v2\/pages\/6871","targetHints":{"allow":["GET"]}}],"collection":[{"href":"https:\/\/sombrafestival.com\/en\/wp-json\/wp\/v2\/pages"}],"about":[{"href":"https:\/\/sombrafestival.com\/en\/wp-json\/wp\/v2\/types\/page"}],"author":[{"embeddable":true,"href":"https:\/\/sombrafestival.com\/en\/wp-json\/wp\/v2\/users\/2"}],"replies":[{"embeddable":true,"href":"https:\/\/sombrafestival.com\/en\/wp-json\/wp\/v2\/comments?post=6871"}],"version-history":[{"count":4,"href":"https:\/\/sombrafestival.com\/en\/wp-json\/wp\/v2\/pages\/6871\/revisions"}],"predecessor-version":[{"id":7256,"href":"https:\/\/sombrafestival.com\/en\/wp-json\/wp\/v2\/pages\/6871\/revisions\/7256"}],"up":[{"embeddable":true,"href":"https:\/\/sombrafestival.com\/en\/wp-json\/wp\/v2\/pages\/6855"}],"wp:featuredmedia":[{"embeddable":true,"href":"https:\/\/sombrafestival.com\/en\/wp-json\/wp\/v2\/media\/6872"}],"wp:attachment":[{"href":"https:\/\/sombrafestival.com\/en\/wp-json\/wp\/v2\/media?parent=6871"}],"curies":[{"name":"wp","href":"https:\/\/api.w.org\/{rel}","templated":true}]}}