{"id":6882,"date":"2025-02-04T00:22:49","date_gmt":"2025-02-03T23:22:49","guid":{"rendered":"https:\/\/sombrafestival.com\/?page_id=6882"},"modified":"2025-02-04T10:16:57","modified_gmt":"2025-02-04T09:16:57","slug":"anoche-paro-el-ruido-murcia-fantastica","status":"publish","type":"page","link":"https:\/\/sombrafestival.com\/en\/cortometrajes-2025\/anoche-paro-el-ruido-murcia-fantastica\/","title":{"rendered":"Anoche par\u00f3 el ruido | Murcia Fant\u00e1stica"},"content":{"rendered":"<ul>\n<li><strong>Fecha:<\/strong> Lunes, 17 de marzo<\/li>\n<li><strong>Hora:<\/strong> 20:00<\/li>\n<li><strong>Lugar:<\/strong> Filmoteca Regional de Murcia (Sala A)<\/li>\n<\/ul>\n<p style=\"text-align: center;\"><a href=\"https:\/\/entradium.com\/events\/murcia-fantastica\"><span class=\"td_btn td_btn_lg td_default_btn\">COMPRAR ENTRADAS<\/span><\/a><\/p>\n<h3>Sinopsis<\/h3>\n<p><span style=\"color: #ffffff;\">Har\u00e1 unos quince a\u00f1os del incidente. \u00c1lvaro y Fede, dos chicos de unos veintitantos a\u00f1os,<\/span><br \/>\n<span style=\"color: #ffffff;\">caminan por parajes des\u00e9rticos buscando comida en el interior de ruinas abandonadas.<\/span><br \/>\n<span style=\"color: #ffffff;\">Mirando los charcos de lluvia en el fondo de una cuba met\u00e1lica, Fede recuerda la casa de<\/span><br \/>\n<span style=\"color: #ffffff;\">sus padres frente al mar. Los chicos deciden emprender el camino de vuelta a casa.<\/span><\/p>\n<p><img loading=\"lazy\" decoding=\"async\" class=\"size-large wp-image-6883 aligncenter\" src=\"https:\/\/sombrafestival.com\/wp-content\/uploads\/2025\/01\/anocheparoelruido-731x1024.jpg\" alt=\"\" width=\"696\" height=\"975\" srcset=\"https:\/\/sombrafestival.com\/wp-content\/uploads\/2025\/01\/anocheparoelruido-731x1024.jpg 731w, https:\/\/sombrafestival.com\/wp-content\/uploads\/2025\/01\/anocheparoelruido-214x300.jpg 214w, https:\/\/sombrafestival.com\/wp-content\/uploads\/2025\/01\/anocheparoelruido-768x1075.jpg 768w, https:\/\/sombrafestival.com\/wp-content\/uploads\/2025\/01\/anocheparoelruido-9x12.jpg 9w, https:\/\/sombrafestival.com\/wp-content\/uploads\/2025\/01\/anocheparoelruido-300x420.jpg 300w, https:\/\/sombrafestival.com\/wp-content\/uploads\/2025\/01\/anocheparoelruido-696x975.jpg 696w, https:\/\/sombrafestival.com\/wp-content\/uploads\/2025\/01\/anocheparoelruido.jpg 857w\" sizes=\"auto, (max-width: 696px) 100vw, 696px\" \/><\/p>\n<ul>\n<li><strong>T\u00edtulo original: <\/strong>Anoche par\u00f3 el ruido<\/li>\n<li><strong>A\u00f1o: <\/strong>2025<\/li>\n<li><strong>Duraci\u00f3n: <\/strong>20\u00a0min.<\/li>\n<li><strong>Pa\u00eds: <\/strong>Espa\u00f1a<\/li>\n<li><strong>Direcci\u00f3n: <\/strong>Mario Su\u00e1rez<\/li>\n<li><strong>Guion: <\/strong>Mario Su\u00e1rez<\/li>\n<li><strong>Reparto: <\/strong>\u00c1lvaro Ca\u00f1averas y Federico Marzullo<\/li>\n<li><strong>M\u00fasica: <\/strong>Adri\u00e1n Rom\u00e1n<\/li>\n<li><strong>Fotograf\u00eda: <\/strong>Ander Zumeta y Nicol\u00e1s Cabrera<\/li>\n<li><strong>Compa\u00f1\u00edas:<\/strong> Estudio \u00c1urea<\/li>\n<\/ul>","protected":false},"excerpt":{"rendered":"<p>Fecha: Lunes, 17 de marzo Hora: 20:00 Lugar: Filmoteca Regional de Murcia (Sala A) COMPRAR ENTRADAS Sinopsis Har\u00e1 unos quince a\u00f1os del incidente. \u00c1lvaro y Fede, dos chicos de unos veintitantos a\u00f1os, caminan por parajes des\u00e9rticos buscando comida en el interior de ruinas abandonadas. Mirando los charcos de lluvia en el fondo de una cuba [&hellip;]<\/p>","protected":false},"author":2,"featured_media":6883,"parent":6855,"menu_order":0,"comment_status":"closed","ping_status":"closed","template":"","meta":{"footnotes":""},"class_list":["post-6882","page","type-page","status-publish","has-post-thumbnail"],"yoast_head":"<!-- This site is optimized with the Yoast SEO plugin v24.3 - https:\/\/yoast.com\/wordpress\/plugins\/seo\/ -->\n<title>Anoche par\u00f3 el ruido | Murcia Fant\u00e1stica - Sombra Festival<\/title>\n<meta name=\"robots\" content=\"index, follow, max-snippet:-1, max-image-preview:large, max-video-preview:-1\" \/>\n<link rel=\"canonical\" href=\"https:\/\/sombrafestival.com\/en\/cortometrajes-2025\/anoche-paro-el-ruido-murcia-fantastica\/\" \/>\n<meta property=\"og:locale\" content=\"en_GB\" \/>\n<meta property=\"og:type\" content=\"article\" \/>\n<meta property=\"og:title\" content=\"Anoche par\u00f3 el ruido | Murcia Fant\u00e1stica - Sombra Festival\" \/>\n<meta property=\"og:description\" content=\"Fecha: Lunes, 17 de marzo Hora: 20:00 Lugar: Filmoteca Regional de Murcia (Sala A) COMPRAR ENTRADAS Sinopsis Har\u00e1 unos quince a\u00f1os del incidente. \u00c1lvaro y Fede, dos chicos de unos veintitantos a\u00f1os, caminan por parajes des\u00e9rticos buscando comida en el interior de ruinas abandonadas. Mirando los charcos de lluvia en el fondo de una cuba [&hellip;]\" \/>\n<meta property=\"og:url\" content=\"https:\/\/sombrafestival.com\/en\/cortometrajes-2025\/anoche-paro-el-ruido-murcia-fantastica\/\" \/>\n<meta property=\"og:site_name\" content=\"Sombra Festival\" \/>\n<meta property=\"article:publisher\" content=\"https:\/\/www.facebook.com\/Sombra-Festival-De-CINE-Fantastico-Europeo-De-Murcia-175337032531429\/\" \/>\n<meta property=\"article:modified_time\" content=\"2025-02-04T09:16:57+00:00\" \/>\n<meta property=\"og:image\" content=\"https:\/\/sombrafestival.com\/wp-content\/uploads\/2025\/01\/anocheparoelruido.jpg\" \/>\n\t<meta property=\"og:image:width\" content=\"857\" \/>\n\t<meta property=\"og:image:height\" content=\"1200\" \/>\n\t<meta property=\"og:image:type\" content=\"image\/jpeg\" \/>\n<meta name=\"twitter:card\" content=\"summary_large_image\" \/>\n<meta name=\"twitter:site\" content=\"@SombraFestival\" \/>\n<meta name=\"twitter:label1\" content=\"Est. reading time\" \/>\n\t<meta name=\"twitter:data1\" content=\"1 minute\" \/>\n<script type=\"application\/ld+json\" class=\"yoast-schema-graph\">{\"@context\":\"https:\/\/schema.org\",\"@graph\":[{\"@type\":\"WebPage\",\"@id\":\"https:\/\/sombrafestival.com\/cortometrajes-2025\/anoche-paro-el-ruido-murcia-fantastica\/\",\"url\":\"https:\/\/sombrafestival.com\/cortometrajes-2025\/anoche-paro-el-ruido-murcia-fantastica\/\",\"name\":\"Anoche par\u00f3 el ruido | Murcia Fant\u00e1stica - Sombra Festival\",\"isPartOf\":{\"@id\":\"https:\/\/sombrafestival.com\/en\/#website\"},\"primaryImageOfPage\":{\"@id\":\"https:\/\/sombrafestival.com\/cortometrajes-2025\/anoche-paro-el-ruido-murcia-fantastica\/#primaryimage\"},\"image\":{\"@id\":\"https:\/\/sombrafestival.com\/cortometrajes-2025\/anoche-paro-el-ruido-murcia-fantastica\/#primaryimage\"},\"thumbnailUrl\":\"https:\/\/sombrafestival.com\/wp-content\/uploads\/2025\/01\/anocheparoelruido.jpg\",\"datePublished\":\"2025-02-03T23:22:49+00:00\",\"dateModified\":\"2025-02-04T09:16:57+00:00\",\"breadcrumb\":{\"@id\":\"https:\/\/sombrafestival.com\/cortometrajes-2025\/anoche-paro-el-ruido-murcia-fantastica\/#breadcrumb\"},\"inLanguage\":\"en-GB\",\"potentialAction\":[{\"@type\":\"ReadAction\",\"target\":[\"https:\/\/sombrafestival.com\/cortometrajes-2025\/anoche-paro-el-ruido-murcia-fantastica\/\"]}]},{\"@type\":\"ImageObject\",\"inLanguage\":\"en-GB\",\"@id\":\"https:\/\/sombrafestival.com\/cortometrajes-2025\/anoche-paro-el-ruido-murcia-fantastica\/#primaryimage\",\"url\":\"https:\/\/sombrafestival.com\/wp-content\/uploads\/2025\/01\/anocheparoelruido.jpg\",\"contentUrl\":\"https:\/\/sombrafestival.com\/wp-content\/uploads\/2025\/01\/anocheparoelruido.jpg\",\"width\":857,\"height\":1200},{\"@type\":\"BreadcrumbList\",\"@id\":\"https:\/\/sombrafestival.com\/cortometrajes-2025\/anoche-paro-el-ruido-murcia-fantastica\/#breadcrumb\",\"itemListElement\":[{\"@type\":\"ListItem\",\"position\":1,\"name\":\"Portada\",\"item\":\"https:\/\/sombrafestival.com\/\"},{\"@type\":\"ListItem\",\"position\":2,\"name\":\"Cortometrajes 2025\",\"item\":\"https:\/\/sombrafestival.com\/cortometrajes-2025\/\"},{\"@type\":\"ListItem\",\"position\":3,\"name\":\"Anoche par\u00f3 el ruido | Murcia Fant\u00e1stica\"}]},{\"@type\":\"WebSite\",\"@id\":\"https:\/\/sombrafestival.com\/en\/#website\",\"url\":\"https:\/\/sombrafestival.com\/en\/\",\"name\":\"Sombra Festival\",\"description\":\"XIII Festival de Cine Fant\u00e1stico Europeo de Murcia, 8-17 MARZO 2024\",\"publisher\":{\"@id\":\"https:\/\/sombrafestival.com\/en\/#organization\"},\"potentialAction\":[{\"@type\":\"SearchAction\",\"target\":{\"@type\":\"EntryPoint\",\"urlTemplate\":\"https:\/\/sombrafestival.com\/en\/?s={search_term_string}\"},\"query-input\":{\"@type\":\"PropertyValueSpecification\",\"valueRequired\":true,\"valueName\":\"search_term_string\"}}],\"inLanguage\":\"en-GB\"},{\"@type\":\"Organization\",\"@id\":\"https:\/\/sombrafestival.com\/en\/#organization\",\"name\":\"SOMBRA, IX FESTIVAL DE CINE FANTASTICO EUROPEO DE MURCIA\",\"url\":\"https:\/\/sombrafestival.com\/en\/\",\"logo\":{\"@type\":\"ImageObject\",\"inLanguage\":\"en-GB\",\"@id\":\"https:\/\/sombrafestival.com\/en\/#\/schema\/logo\/image\/\",\"url\":\"https:\/\/sombrafestival.com\/wp-content\/uploads\/2019\/10\/Sombra-LogoIdentificador-Negativo.jpg\",\"contentUrl\":\"https:\/\/sombrafestival.com\/wp-content\/uploads\/2019\/10\/Sombra-LogoIdentificador-Negativo.jpg\",\"width\":400,\"height\":400,\"caption\":\"SOMBRA, IX FESTIVAL DE CINE FANTASTICO EUROPEO DE MURCIA\"},\"image\":{\"@id\":\"https:\/\/sombrafestival.com\/en\/#\/schema\/logo\/image\/\"},\"sameAs\":[\"https:\/\/www.facebook.com\/Sombra-Festival-De-CINE-Fantastico-Europeo-De-Murcia-175337032531429\/\",\"https:\/\/x.com\/SombraFestival\",\"https:\/\/www.instagram.com\/sombrafestival\/\",\"https:\/\/www.youtube.com\/channel\/UCBdSJni9V30Tq4cGf4Lj0Ug?view_as=subscriber\"]}]}<\/script>\n<!-- \/ Yoast SEO plugin. -->","yoast_head_json":{"title":"Anoche par\u00f3 el ruido | Murcia Fant\u00e1stica - Sombra Festival","robots":{"index":"index","follow":"follow","max-snippet":"max-snippet:-1","max-image-preview":"max-image-preview:large","max-video-preview":"max-video-preview:-1"},"canonical":"https:\/\/sombrafestival.com\/en\/cortometrajes-2025\/anoche-paro-el-ruido-murcia-fantastica\/","og_locale":"en_GB","og_type":"article","og_title":"Anoche par\u00f3 el ruido | Murcia Fant\u00e1stica - Sombra Festival","og_description":"Fecha: Lunes, 17 de marzo Hora: 20:00 Lugar: Filmoteca Regional de Murcia (Sala A) COMPRAR ENTRADAS Sinopsis Har\u00e1 unos quince a\u00f1os del incidente. \u00c1lvaro y Fede, dos chicos de unos veintitantos a\u00f1os, caminan por parajes des\u00e9rticos buscando comida en el interior de ruinas abandonadas. Mirando los charcos de lluvia en el fondo de una cuba [&hellip;]","og_url":"https:\/\/sombrafestival.com\/en\/cortometrajes-2025\/anoche-paro-el-ruido-murcia-fantastica\/","og_site_name":"Sombra Festival","article_publisher":"https:\/\/www.facebook.com\/Sombra-Festival-De-CINE-Fantastico-Europeo-De-Murcia-175337032531429\/","article_modified_time":"2025-02-04T09:16:57+00:00","og_image":[{"width":857,"height":1200,"url":"https:\/\/sombrafestival.com\/wp-content\/uploads\/2025\/01\/anocheparoelruido.jpg","type":"image\/jpeg"}],"twitter_card":"summary_large_image","twitter_site":"@SombraFestival","twitter_misc":{"Est. reading time":"1 minute"},"schema":{"@context":"https:\/\/schema.org","@graph":[{"@type":"WebPage","@id":"https:\/\/sombrafestival.com\/cortometrajes-2025\/anoche-paro-el-ruido-murcia-fantastica\/","url":"https:\/\/sombrafestival.com\/cortometrajes-2025\/anoche-paro-el-ruido-murcia-fantastica\/","name":"Anoche par\u00f3 el ruido | Murcia Fant\u00e1stica - Sombra Festival","isPartOf":{"@id":"https:\/\/sombrafestival.com\/en\/#website"},"primaryImageOfPage":{"@id":"https:\/\/sombrafestival.com\/cortometrajes-2025\/anoche-paro-el-ruido-murcia-fantastica\/#primaryimage"},"image":{"@id":"https:\/\/sombrafestival.com\/cortometrajes-2025\/anoche-paro-el-ruido-murcia-fantastica\/#primaryimage"},"thumbnailUrl":"https:\/\/sombrafestival.com\/wp-content\/uploads\/2025\/01\/anocheparoelruido.jpg","datePublished":"2025-02-03T23:22:49+00:00","dateModified":"2025-02-04T09:16:57+00:00","breadcrumb":{"@id":"https:\/\/sombrafestival.com\/cortometrajes-2025\/anoche-paro-el-ruido-murcia-fantastica\/#breadcrumb"},"inLanguage":"en-GB","potentialAction":[{"@type":"ReadAction","target":["https:\/\/sombrafestival.com\/cortometrajes-2025\/anoche-paro-el-ruido-murcia-fantastica\/"]}]},{"@type":"ImageObject","inLanguage":"en-GB","@id":"https:\/\/sombrafestival.com\/cortometrajes-2025\/anoche-paro-el-ruido-murcia-fantastica\/#primaryimage","url":"https:\/\/sombrafestival.com\/wp-content\/uploads\/2025\/01\/anocheparoelruido.jpg","contentUrl":"https:\/\/sombrafestival.com\/wp-content\/uploads\/2025\/01\/anocheparoelruido.jpg","width":857,"height":1200},{"@type":"BreadcrumbList","@id":"https:\/\/sombrafestival.com\/cortometrajes-2025\/anoche-paro-el-ruido-murcia-fantastica\/#breadcrumb","itemListElement":[{"@type":"ListItem","position":1,"name":"Portada","item":"https:\/\/sombrafestival.com\/"},{"@type":"ListItem","position":2,"name":"Cortometrajes 2025","item":"https:\/\/sombrafestival.com\/cortometrajes-2025\/"},{"@type":"ListItem","position":3,"name":"Anoche par\u00f3 el ruido | Murcia Fant\u00e1stica"}]},{"@type":"WebSite","@id":"https:\/\/sombrafestival.com\/en\/#website","url":"https:\/\/sombrafestival.com\/en\/","name":"Sombra Festival","description":"XIII Festival de Cine Fant\u00e1stico Europeo de Murcia, 8-17 MARZO 2024","publisher":{"@id":"https:\/\/sombrafestival.com\/en\/#organization"},"potentialAction":[{"@type":"SearchAction","target":{"@type":"EntryPoint","urlTemplate":"https:\/\/sombrafestival.com\/en\/?s={search_term_string}"},"query-input":{"@type":"PropertyValueSpecification","valueRequired":true,"valueName":"search_term_string"}}],"inLanguage":"en-GB"},{"@type":"Organization","@id":"https:\/\/sombrafestival.com\/en\/#organization","name":"SOMBRA, IX FESTIVAL DE CINE FANTASTICO EUROPEO DE MURCIA","url":"https:\/\/sombrafestival.com\/en\/","logo":{"@type":"ImageObject","inLanguage":"en-GB","@id":"https:\/\/sombrafestival.com\/en\/#\/schema\/logo\/image\/","url":"https:\/\/sombrafestival.com\/wp-content\/uploads\/2019\/10\/Sombra-LogoIdentificador-Negativo.jpg","contentUrl":"https:\/\/sombrafestival.com\/wp-content\/uploads\/2019\/10\/Sombra-LogoIdentificador-Negativo.jpg","width":400,"height":400,"caption":"SOMBRA, IX FESTIVAL DE CINE FANTASTICO EUROPEO DE MURCIA"},"image":{"@id":"https:\/\/sombrafestival.com\/en\/#\/schema\/logo\/image\/"},"sameAs":["https:\/\/www.facebook.com\/Sombra-Festival-De-CINE-Fantastico-Europeo-De-Murcia-175337032531429\/","https:\/\/x.com\/SombraFestival","https:\/\/www.instagram.com\/sombrafestival\/","https:\/\/www.youtube.com\/channel\/UCBdSJni9V30Tq4cGf4Lj0Ug?view_as=subscriber"]}]}},"_links":{"self":[{"href":"https:\/\/sombrafestival.com\/en\/wp-json\/wp\/v2\/pages\/6882","targetHints":{"allow":["GET"]}}],"collection":[{"href":"https:\/\/sombrafestival.com\/en\/wp-json\/wp\/v2\/pages"}],"about":[{"href":"https:\/\/sombrafestival.com\/en\/wp-json\/wp\/v2\/types\/page"}],"author":[{"embeddable":true,"href":"https:\/\/sombrafestival.com\/en\/wp-json\/wp\/v2\/users\/2"}],"replies":[{"embeddable":true,"href":"https:\/\/sombrafestival.com\/en\/wp-json\/wp\/v2\/comments?post=6882"}],"version-history":[{"count":5,"href":"https:\/\/sombrafestival.com\/en\/wp-json\/wp\/v2\/pages\/6882\/revisions"}],"predecessor-version":[{"id":7259,"href":"https:\/\/sombrafestival.com\/en\/wp-json\/wp\/v2\/pages\/6882\/revisions\/7259"}],"up":[{"embeddable":true,"href":"https:\/\/sombrafestival.com\/en\/wp-json\/wp\/v2\/pages\/6855"}],"wp:featuredmedia":[{"embeddable":true,"href":"https:\/\/sombrafestival.com\/en\/wp-json\/wp\/v2\/media\/6883"}],"wp:attachment":[{"href":"https:\/\/sombrafestival.com\/en\/wp-json\/wp\/v2\/media?parent=6882"}],"curies":[{"name":"wp","href":"https:\/\/api.w.org\/{rel}","templated":true}]}}