{"id":6929,"date":"2025-02-04T00:18:51","date_gmt":"2025-02-03T23:18:51","guid":{"rendered":"https:\/\/sombrafestival.com\/?page_id=6929"},"modified":"2025-02-04T10:22:28","modified_gmt":"2025-02-04T09:22:28","slug":"triangle-cortometrajes-a-concurso","status":"publish","type":"page","link":"https:\/\/sombrafestival.com\/en\/cortometrajes-2025\/triangle-cortometrajes-a-concurso\/","title":{"rendered":"Triangle | Cortometrajes a Concurso"},"content":{"rendered":"<ul>\n<li><strong>Fecha:<\/strong> S\u00e1bado, 15 de marzo<\/li>\n<li><strong>Hora:<\/strong> 13:00<\/li>\n<li><strong>Lugar:<\/strong> Filmoteca Regional de Murcia (Sala A)<\/li>\n<\/ul>\n<p style=\"text-align: center;\"><a href=\"https:\/\/entradium.com\/events\/cortometrajes-seccion-oficial-a-concurso-bloque-b\"><span class=\"td_btn td_btn_lg td_default_btn\">COMPRAR ENTRADAS<\/span><\/a><\/p>\n<h3>Sinopsis<\/h3>\n<p><span style=\"color: #ffffff;\">Incapaz de superar la p\u00e9rdida de su esposa, David, un talentoso pintor, se encuentra con una enigm\u00e1tica mujer ciega que le entrega una llave con la promesa de reunirse con ella una vez m\u00e1s. Tras este encuentro, David desarrolla una obsesi\u00f3n abrumadora con las formas triangulares, lo que culmina en la adquisici\u00f3n de una l\u00e1mpara piramidal con el poder de abrir una puerta hacia el m\u00e1s all\u00e1.<\/span><\/p>\n<p><img loading=\"lazy\" decoding=\"async\" class=\"size-full wp-image-6930 aligncenter\" src=\"https:\/\/sombrafestival.com\/wp-content\/uploads\/2025\/01\/triangle.jpg\" alt=\"\" width=\"501\" height=\"709\" srcset=\"https:\/\/sombrafestival.com\/wp-content\/uploads\/2025\/01\/triangle.jpg 501w, https:\/\/sombrafestival.com\/wp-content\/uploads\/2025\/01\/triangle-212x300.jpg 212w, https:\/\/sombrafestival.com\/wp-content\/uploads\/2025\/01\/triangle-8x12.jpg 8w, https:\/\/sombrafestival.com\/wp-content\/uploads\/2025\/01\/triangle-297x420.jpg 297w\" sizes=\"auto, (max-width: 501px) 100vw, 501px\" \/><\/p>\n<ul>\n<li><strong>T\u00edtulo original: <\/strong>Triangle<\/li>\n<li><strong>A\u00f1o: <\/strong>2024<\/li>\n<li><strong>Duraci\u00f3n: <\/strong>9 min.<\/li>\n<li><strong>Pa\u00eds: <\/strong>Espa\u00f1a<\/li>\n<li><strong>Direcci\u00f3n: <\/strong>Joseph Diaz<\/li>\n<li><strong>Guion: <\/strong>Joseph Diaz y Iv\u00e1n Serra<\/li>\n<li><strong>Reparto: <\/strong>Ezequiel Rodr\u00edguez, Inge Ladd, Pat Duran, Mabel Olea y Jaume Balaguer\u00f3<\/li>\n<\/ul>","protected":false},"excerpt":{"rendered":"<p>Fecha: S\u00e1bado, 15 de marzo Hora: 13:00 Lugar: Filmoteca Regional de Murcia (Sala A) COMPRAR ENTRADAS Sinopsis Incapaz de superar la p\u00e9rdida de su esposa, David, un talentoso pintor, se encuentra con una enigm\u00e1tica mujer ciega que le entrega una llave con la promesa de reunirse con ella una vez m\u00e1s. Tras este encuentro, David [&hellip;]<\/p>","protected":false},"author":2,"featured_media":6930,"parent":6855,"menu_order":0,"comment_status":"closed","ping_status":"closed","template":"","meta":{"footnotes":""},"class_list":["post-6929","page","type-page","status-publish","has-post-thumbnail"],"yoast_head":"<!-- This site is optimized with the Yoast SEO plugin v24.3 - https:\/\/yoast.com\/wordpress\/plugins\/seo\/ -->\n<title>Triangle | Cortometrajes a Concurso - Sombra Festival<\/title>\n<meta name=\"robots\" content=\"index, follow, max-snippet:-1, max-image-preview:large, max-video-preview:-1\" \/>\n<link rel=\"canonical\" href=\"https:\/\/sombrafestival.com\/en\/cortometrajes-2025\/triangle-cortometrajes-a-concurso\/\" \/>\n<meta property=\"og:locale\" content=\"en_GB\" \/>\n<meta property=\"og:type\" content=\"article\" \/>\n<meta property=\"og:title\" content=\"Triangle | Cortometrajes a Concurso - Sombra Festival\" \/>\n<meta property=\"og:description\" content=\"Fecha: S\u00e1bado, 15 de marzo Hora: 13:00 Lugar: Filmoteca Regional de Murcia (Sala A) COMPRAR ENTRADAS Sinopsis Incapaz de superar la p\u00e9rdida de su esposa, David, un talentoso pintor, se encuentra con una enigm\u00e1tica mujer ciega que le entrega una llave con la promesa de reunirse con ella una vez m\u00e1s. Tras este encuentro, David [&hellip;]\" \/>\n<meta property=\"og:url\" content=\"https:\/\/sombrafestival.com\/en\/cortometrajes-2025\/triangle-cortometrajes-a-concurso\/\" \/>\n<meta property=\"og:site_name\" content=\"Sombra Festival\" \/>\n<meta property=\"article:publisher\" content=\"https:\/\/www.facebook.com\/Sombra-Festival-De-CINE-Fantastico-Europeo-De-Murcia-175337032531429\/\" \/>\n<meta property=\"article:modified_time\" content=\"2025-02-04T09:22:28+00:00\" \/>\n<meta property=\"og:image\" content=\"https:\/\/sombrafestival.com\/wp-content\/uploads\/2025\/01\/triangle.jpg\" \/>\n\t<meta property=\"og:image:width\" content=\"501\" \/>\n\t<meta property=\"og:image:height\" content=\"709\" \/>\n\t<meta property=\"og:image:type\" content=\"image\/jpeg\" \/>\n<meta name=\"twitter:card\" content=\"summary_large_image\" \/>\n<meta name=\"twitter:site\" content=\"@SombraFestival\" \/>\n<meta name=\"twitter:label1\" content=\"Est. reading time\" \/>\n\t<meta name=\"twitter:data1\" content=\"1 minute\" \/>\n<script type=\"application\/ld+json\" class=\"yoast-schema-graph\">{\"@context\":\"https:\/\/schema.org\",\"@graph\":[{\"@type\":\"WebPage\",\"@id\":\"https:\/\/sombrafestival.com\/cortometrajes-2025\/triangle-cortometrajes-a-concurso\/\",\"url\":\"https:\/\/sombrafestival.com\/cortometrajes-2025\/triangle-cortometrajes-a-concurso\/\",\"name\":\"Triangle | Cortometrajes a Concurso - Sombra Festival\",\"isPartOf\":{\"@id\":\"https:\/\/sombrafestival.com\/en\/#website\"},\"primaryImageOfPage\":{\"@id\":\"https:\/\/sombrafestival.com\/cortometrajes-2025\/triangle-cortometrajes-a-concurso\/#primaryimage\"},\"image\":{\"@id\":\"https:\/\/sombrafestival.com\/cortometrajes-2025\/triangle-cortometrajes-a-concurso\/#primaryimage\"},\"thumbnailUrl\":\"https:\/\/sombrafestival.com\/wp-content\/uploads\/2025\/01\/triangle.jpg\",\"datePublished\":\"2025-02-03T23:18:51+00:00\",\"dateModified\":\"2025-02-04T09:22:28+00:00\",\"breadcrumb\":{\"@id\":\"https:\/\/sombrafestival.com\/cortometrajes-2025\/triangle-cortometrajes-a-concurso\/#breadcrumb\"},\"inLanguage\":\"en-GB\",\"potentialAction\":[{\"@type\":\"ReadAction\",\"target\":[\"https:\/\/sombrafestival.com\/cortometrajes-2025\/triangle-cortometrajes-a-concurso\/\"]}]},{\"@type\":\"ImageObject\",\"inLanguage\":\"en-GB\",\"@id\":\"https:\/\/sombrafestival.com\/cortometrajes-2025\/triangle-cortometrajes-a-concurso\/#primaryimage\",\"url\":\"https:\/\/sombrafestival.com\/wp-content\/uploads\/2025\/01\/triangle.jpg\",\"contentUrl\":\"https:\/\/sombrafestival.com\/wp-content\/uploads\/2025\/01\/triangle.jpg\",\"width\":501,\"height\":709},{\"@type\":\"BreadcrumbList\",\"@id\":\"https:\/\/sombrafestival.com\/cortometrajes-2025\/triangle-cortometrajes-a-concurso\/#breadcrumb\",\"itemListElement\":[{\"@type\":\"ListItem\",\"position\":1,\"name\":\"Portada\",\"item\":\"https:\/\/sombrafestival.com\/\"},{\"@type\":\"ListItem\",\"position\":2,\"name\":\"Cortometrajes 2025\",\"item\":\"https:\/\/sombrafestival.com\/cortometrajes-2025\/\"},{\"@type\":\"ListItem\",\"position\":3,\"name\":\"Triangle | Cortometrajes a Concurso\"}]},{\"@type\":\"WebSite\",\"@id\":\"https:\/\/sombrafestival.com\/en\/#website\",\"url\":\"https:\/\/sombrafestival.com\/en\/\",\"name\":\"Sombra Festival\",\"description\":\"XIII Festival de Cine Fant\u00e1stico Europeo de Murcia, 8-17 MARZO 2024\",\"publisher\":{\"@id\":\"https:\/\/sombrafestival.com\/en\/#organization\"},\"potentialAction\":[{\"@type\":\"SearchAction\",\"target\":{\"@type\":\"EntryPoint\",\"urlTemplate\":\"https:\/\/sombrafestival.com\/en\/?s={search_term_string}\"},\"query-input\":{\"@type\":\"PropertyValueSpecification\",\"valueRequired\":true,\"valueName\":\"search_term_string\"}}],\"inLanguage\":\"en-GB\"},{\"@type\":\"Organization\",\"@id\":\"https:\/\/sombrafestival.com\/en\/#organization\",\"name\":\"SOMBRA, IX FESTIVAL DE CINE FANTASTICO EUROPEO DE MURCIA\",\"url\":\"https:\/\/sombrafestival.com\/en\/\",\"logo\":{\"@type\":\"ImageObject\",\"inLanguage\":\"en-GB\",\"@id\":\"https:\/\/sombrafestival.com\/en\/#\/schema\/logo\/image\/\",\"url\":\"https:\/\/sombrafestival.com\/wp-content\/uploads\/2019\/10\/Sombra-LogoIdentificador-Negativo.jpg\",\"contentUrl\":\"https:\/\/sombrafestival.com\/wp-content\/uploads\/2019\/10\/Sombra-LogoIdentificador-Negativo.jpg\",\"width\":400,\"height\":400,\"caption\":\"SOMBRA, IX FESTIVAL DE CINE FANTASTICO EUROPEO DE MURCIA\"},\"image\":{\"@id\":\"https:\/\/sombrafestival.com\/en\/#\/schema\/logo\/image\/\"},\"sameAs\":[\"https:\/\/www.facebook.com\/Sombra-Festival-De-CINE-Fantastico-Europeo-De-Murcia-175337032531429\/\",\"https:\/\/x.com\/SombraFestival\",\"https:\/\/www.instagram.com\/sombrafestival\/\",\"https:\/\/www.youtube.com\/channel\/UCBdSJni9V30Tq4cGf4Lj0Ug?view_as=subscriber\"]}]}<\/script>\n<!-- \/ Yoast SEO plugin. -->","yoast_head_json":{"title":"Triangle | Cortometrajes a Concurso - Sombra Festival","robots":{"index":"index","follow":"follow","max-snippet":"max-snippet:-1","max-image-preview":"max-image-preview:large","max-video-preview":"max-video-preview:-1"},"canonical":"https:\/\/sombrafestival.com\/en\/cortometrajes-2025\/triangle-cortometrajes-a-concurso\/","og_locale":"en_GB","og_type":"article","og_title":"Triangle | Cortometrajes a Concurso - Sombra Festival","og_description":"Fecha: S\u00e1bado, 15 de marzo Hora: 13:00 Lugar: Filmoteca Regional de Murcia (Sala A) COMPRAR ENTRADAS Sinopsis Incapaz de superar la p\u00e9rdida de su esposa, David, un talentoso pintor, se encuentra con una enigm\u00e1tica mujer ciega que le entrega una llave con la promesa de reunirse con ella una vez m\u00e1s. Tras este encuentro, David [&hellip;]","og_url":"https:\/\/sombrafestival.com\/en\/cortometrajes-2025\/triangle-cortometrajes-a-concurso\/","og_site_name":"Sombra Festival","article_publisher":"https:\/\/www.facebook.com\/Sombra-Festival-De-CINE-Fantastico-Europeo-De-Murcia-175337032531429\/","article_modified_time":"2025-02-04T09:22:28+00:00","og_image":[{"width":501,"height":709,"url":"https:\/\/sombrafestival.com\/wp-content\/uploads\/2025\/01\/triangle.jpg","type":"image\/jpeg"}],"twitter_card":"summary_large_image","twitter_site":"@SombraFestival","twitter_misc":{"Est. reading time":"1 minute"},"schema":{"@context":"https:\/\/schema.org","@graph":[{"@type":"WebPage","@id":"https:\/\/sombrafestival.com\/cortometrajes-2025\/triangle-cortometrajes-a-concurso\/","url":"https:\/\/sombrafestival.com\/cortometrajes-2025\/triangle-cortometrajes-a-concurso\/","name":"Triangle | Cortometrajes a Concurso - Sombra Festival","isPartOf":{"@id":"https:\/\/sombrafestival.com\/en\/#website"},"primaryImageOfPage":{"@id":"https:\/\/sombrafestival.com\/cortometrajes-2025\/triangle-cortometrajes-a-concurso\/#primaryimage"},"image":{"@id":"https:\/\/sombrafestival.com\/cortometrajes-2025\/triangle-cortometrajes-a-concurso\/#primaryimage"},"thumbnailUrl":"https:\/\/sombrafestival.com\/wp-content\/uploads\/2025\/01\/triangle.jpg","datePublished":"2025-02-03T23:18:51+00:00","dateModified":"2025-02-04T09:22:28+00:00","breadcrumb":{"@id":"https:\/\/sombrafestival.com\/cortometrajes-2025\/triangle-cortometrajes-a-concurso\/#breadcrumb"},"inLanguage":"en-GB","potentialAction":[{"@type":"ReadAction","target":["https:\/\/sombrafestival.com\/cortometrajes-2025\/triangle-cortometrajes-a-concurso\/"]}]},{"@type":"ImageObject","inLanguage":"en-GB","@id":"https:\/\/sombrafestival.com\/cortometrajes-2025\/triangle-cortometrajes-a-concurso\/#primaryimage","url":"https:\/\/sombrafestival.com\/wp-content\/uploads\/2025\/01\/triangle.jpg","contentUrl":"https:\/\/sombrafestival.com\/wp-content\/uploads\/2025\/01\/triangle.jpg","width":501,"height":709},{"@type":"BreadcrumbList","@id":"https:\/\/sombrafestival.com\/cortometrajes-2025\/triangle-cortometrajes-a-concurso\/#breadcrumb","itemListElement":[{"@type":"ListItem","position":1,"name":"Portada","item":"https:\/\/sombrafestival.com\/"},{"@type":"ListItem","position":2,"name":"Cortometrajes 2025","item":"https:\/\/sombrafestival.com\/cortometrajes-2025\/"},{"@type":"ListItem","position":3,"name":"Triangle | Cortometrajes a Concurso"}]},{"@type":"WebSite","@id":"https:\/\/sombrafestival.com\/en\/#website","url":"https:\/\/sombrafestival.com\/en\/","name":"Sombra Festival","description":"XIII Festival de Cine Fant\u00e1stico Europeo de Murcia, 8-17 MARZO 2024","publisher":{"@id":"https:\/\/sombrafestival.com\/en\/#organization"},"potentialAction":[{"@type":"SearchAction","target":{"@type":"EntryPoint","urlTemplate":"https:\/\/sombrafestival.com\/en\/?s={search_term_string}"},"query-input":{"@type":"PropertyValueSpecification","valueRequired":true,"valueName":"search_term_string"}}],"inLanguage":"en-GB"},{"@type":"Organization","@id":"https:\/\/sombrafestival.com\/en\/#organization","name":"SOMBRA, IX FESTIVAL DE CINE FANTASTICO EUROPEO DE MURCIA","url":"https:\/\/sombrafestival.com\/en\/","logo":{"@type":"ImageObject","inLanguage":"en-GB","@id":"https:\/\/sombrafestival.com\/en\/#\/schema\/logo\/image\/","url":"https:\/\/sombrafestival.com\/wp-content\/uploads\/2019\/10\/Sombra-LogoIdentificador-Negativo.jpg","contentUrl":"https:\/\/sombrafestival.com\/wp-content\/uploads\/2019\/10\/Sombra-LogoIdentificador-Negativo.jpg","width":400,"height":400,"caption":"SOMBRA, IX FESTIVAL DE CINE FANTASTICO EUROPEO DE MURCIA"},"image":{"@id":"https:\/\/sombrafestival.com\/en\/#\/schema\/logo\/image\/"},"sameAs":["https:\/\/www.facebook.com\/Sombra-Festival-De-CINE-Fantastico-Europeo-De-Murcia-175337032531429\/","https:\/\/x.com\/SombraFestival","https:\/\/www.instagram.com\/sombrafestival\/","https:\/\/www.youtube.com\/channel\/UCBdSJni9V30Tq4cGf4Lj0Ug?view_as=subscriber"]}]}},"_links":{"self":[{"href":"https:\/\/sombrafestival.com\/en\/wp-json\/wp\/v2\/pages\/6929","targetHints":{"allow":["GET"]}}],"collection":[{"href":"https:\/\/sombrafestival.com\/en\/wp-json\/wp\/v2\/pages"}],"about":[{"href":"https:\/\/sombrafestival.com\/en\/wp-json\/wp\/v2\/types\/page"}],"author":[{"embeddable":true,"href":"https:\/\/sombrafestival.com\/en\/wp-json\/wp\/v2\/users\/2"}],"replies":[{"embeddable":true,"href":"https:\/\/sombrafestival.com\/en\/wp-json\/wp\/v2\/comments?post=6929"}],"version-history":[{"count":3,"href":"https:\/\/sombrafestival.com\/en\/wp-json\/wp\/v2\/pages\/6929\/revisions"}],"predecessor-version":[{"id":7274,"href":"https:\/\/sombrafestival.com\/en\/wp-json\/wp\/v2\/pages\/6929\/revisions\/7274"}],"up":[{"embeddable":true,"href":"https:\/\/sombrafestival.com\/en\/wp-json\/wp\/v2\/pages\/6855"}],"wp:featuredmedia":[{"embeddable":true,"href":"https:\/\/sombrafestival.com\/en\/wp-json\/wp\/v2\/media\/6930"}],"wp:attachment":[{"href":"https:\/\/sombrafestival.com\/en\/wp-json\/wp\/v2\/media?parent=6929"}],"curies":[{"name":"wp","href":"https:\/\/api.w.org\/{rel}","templated":true}]}}