{"id":6998,"date":"2025-02-04T00:08:06","date_gmt":"2025-02-03T23:08:06","guid":{"rendered":"https:\/\/sombrafestival.com\/?page_id=6998"},"modified":"2025-02-04T10:20:19","modified_gmt":"2025-02-04T09:20:19","slug":"paradiso-cortometrajes-a-concurso","status":"publish","type":"page","link":"https:\/\/sombrafestival.com\/en\/paradiso-cortometrajes-a-concurso\/","title":{"rendered":"Paradiso | Cortometrajes a concurso"},"content":{"rendered":"<ul>\n<li>Fecha: S\u00e1bado, 15 de marzo<\/li>\n<li>Hora: 11:00<\/li>\n<li>Lugar: Filmoteca Regional de Murcia (Sala A)<\/li>\n<\/ul>\n<p style=\"text-align: center;\"><a href=\"https:\/\/entradium.com\/events\/cortometrajes-seccion-oficial-a-concurso\"><span class=\"td_btn td_btn_lg td_default_btn\">COMPRAR ENTRADAS<\/span><\/a><\/p>\n<h3>Sinopsis<\/h3>\n<p><span style=\"color: #ffffff;\">En un b\u00fanker fr\u00edo y oxidado, Irina y Georgi sufren las consecuencias de un holocausto nuclear. La grave enfermedad por radiaci\u00f3n de Georgi y su inminente muerte impulsan a Irina a reparar su vieja y querida guitarra para poder escucharla una \u00faltima vez.<\/span><\/p>\n<p><img loading=\"lazy\" decoding=\"async\" class=\"size-large wp-image-7000 aligncenter\" src=\"https:\/\/sombrafestival.com\/wp-content\/uploads\/2025\/02\/paradiso-poster-final-683x1024.jpg\" alt=\"\" width=\"683\" height=\"1024\" srcset=\"https:\/\/sombrafestival.com\/wp-content\/uploads\/2025\/02\/paradiso-poster-final-683x1024.jpg 683w, https:\/\/sombrafestival.com\/wp-content\/uploads\/2025\/02\/paradiso-poster-final-200x300.jpg 200w, https:\/\/sombrafestival.com\/wp-content\/uploads\/2025\/02\/paradiso-poster-final-768x1152.jpg 768w, https:\/\/sombrafestival.com\/wp-content\/uploads\/2025\/02\/paradiso-poster-final-1024x1536.jpg 1024w, https:\/\/sombrafestival.com\/wp-content\/uploads\/2025\/02\/paradiso-poster-final-1366x2048.jpg 1366w, https:\/\/sombrafestival.com\/wp-content\/uploads\/2025\/02\/paradiso-poster-final-8x12.jpg 8w, https:\/\/sombrafestival.com\/wp-content\/uploads\/2025\/02\/paradiso-poster-final-280x420.jpg 280w, https:\/\/sombrafestival.com\/wp-content\/uploads\/2025\/02\/paradiso-poster-final-696x1044.jpg 696w, https:\/\/sombrafestival.com\/wp-content\/uploads\/2025\/02\/paradiso-poster-final-1068x1602.jpg 1068w, https:\/\/sombrafestival.com\/wp-content\/uploads\/2025\/02\/paradiso-poster-final-1920x2880.jpg 1920w, https:\/\/sombrafestival.com\/wp-content\/uploads\/2025\/02\/paradiso-poster-final-scaled.jpg 1707w\" sizes=\"auto, (max-width: 683px) 100vw, 683px\" \/><\/p>\n<ul>\n<li><strong>T\u00edtulo original: <\/strong>Paradiso<\/li>\n<li><strong>A\u00f1o: <\/strong>2024<\/li>\n<li><strong>Duraci\u00f3n: <\/strong>14 min<strong><br \/>\n<\/strong><\/li>\n<li><strong>Pa\u00eds: <\/strong>Espa\u00f1a<\/li>\n<li><strong>G\u00e9nero: <\/strong>Drama, Horror, Experimental<\/li>\n<\/ul>","protected":false},"excerpt":{"rendered":"<p>Fecha: S\u00e1bado, 15 de marzo Hora: 11:00 Lugar: Filmoteca Regional de Murcia (Sala A) COMPRAR ENTRADAS Sinopsis En un b\u00fanker fr\u00edo y oxidado, Irina y Georgi sufren las consecuencias de un holocausto nuclear. La grave enfermedad por radiaci\u00f3n de Georgi y su inminente muerte impulsan a Irina a reparar su vieja y querida guitarra para [&hellip;]<\/p>","protected":false},"author":2,"featured_media":7000,"parent":0,"menu_order":0,"comment_status":"closed","ping_status":"closed","template":"","meta":{"footnotes":""},"class_list":["post-6998","page","type-page","status-publish","has-post-thumbnail"],"yoast_head":"<!-- This site is optimized with the Yoast SEO plugin v24.3 - https:\/\/yoast.com\/wordpress\/plugins\/seo\/ -->\n<title>Paradiso | Cortometrajes a concurso - Sombra Festival<\/title>\n<meta name=\"robots\" content=\"index, follow, max-snippet:-1, max-image-preview:large, max-video-preview:-1\" \/>\n<link rel=\"canonical\" href=\"https:\/\/sombrafestival.com\/en\/paradiso-cortometrajes-a-concurso\/\" \/>\n<meta property=\"og:locale\" content=\"en_GB\" \/>\n<meta property=\"og:type\" content=\"article\" \/>\n<meta property=\"og:title\" content=\"Paradiso | Cortometrajes a concurso - Sombra Festival\" \/>\n<meta property=\"og:description\" content=\"Fecha: S\u00e1bado, 15 de marzo Hora: 11:00 Lugar: Filmoteca Regional de Murcia (Sala A) COMPRAR ENTRADAS Sinopsis En un b\u00fanker fr\u00edo y oxidado, Irina y Georgi sufren las consecuencias de un holocausto nuclear. La grave enfermedad por radiaci\u00f3n de Georgi y su inminente muerte impulsan a Irina a reparar su vieja y querida guitarra para [&hellip;]\" \/>\n<meta property=\"og:url\" content=\"https:\/\/sombrafestival.com\/en\/paradiso-cortometrajes-a-concurso\/\" \/>\n<meta property=\"og:site_name\" content=\"Sombra Festival\" \/>\n<meta property=\"article:publisher\" content=\"https:\/\/www.facebook.com\/Sombra-Festival-De-CINE-Fantastico-Europeo-De-Murcia-175337032531429\/\" \/>\n<meta property=\"article:modified_time\" content=\"2025-02-04T09:20:19+00:00\" \/>\n<meta property=\"og:image\" content=\"https:\/\/sombrafestival.com\/wp-content\/uploads\/2025\/02\/paradiso-poster-final-scaled.jpg\" \/>\n\t<meta property=\"og:image:width\" content=\"1707\" \/>\n\t<meta property=\"og:image:height\" content=\"2560\" \/>\n\t<meta property=\"og:image:type\" content=\"image\/jpeg\" \/>\n<meta name=\"twitter:card\" content=\"summary_large_image\" \/>\n<meta name=\"twitter:site\" content=\"@SombraFestival\" \/>\n<meta name=\"twitter:label1\" content=\"Est. reading time\" \/>\n\t<meta name=\"twitter:data1\" content=\"1 minute\" \/>\n<script type=\"application\/ld+json\" class=\"yoast-schema-graph\">{\"@context\":\"https:\/\/schema.org\",\"@graph\":[{\"@type\":\"WebPage\",\"@id\":\"https:\/\/sombrafestival.com\/paradiso-cortometrajes-a-concurso\/\",\"url\":\"https:\/\/sombrafestival.com\/paradiso-cortometrajes-a-concurso\/\",\"name\":\"Paradiso | Cortometrajes a concurso - Sombra Festival\",\"isPartOf\":{\"@id\":\"https:\/\/sombrafestival.com\/en\/#website\"},\"primaryImageOfPage\":{\"@id\":\"https:\/\/sombrafestival.com\/paradiso-cortometrajes-a-concurso\/#primaryimage\"},\"image\":{\"@id\":\"https:\/\/sombrafestival.com\/paradiso-cortometrajes-a-concurso\/#primaryimage\"},\"thumbnailUrl\":\"https:\/\/sombrafestival.com\/wp-content\/uploads\/2025\/02\/paradiso-poster-final-scaled.jpg\",\"datePublished\":\"2025-02-03T23:08:06+00:00\",\"dateModified\":\"2025-02-04T09:20:19+00:00\",\"breadcrumb\":{\"@id\":\"https:\/\/sombrafestival.com\/paradiso-cortometrajes-a-concurso\/#breadcrumb\"},\"inLanguage\":\"en-GB\",\"potentialAction\":[{\"@type\":\"ReadAction\",\"target\":[\"https:\/\/sombrafestival.com\/paradiso-cortometrajes-a-concurso\/\"]}]},{\"@type\":\"ImageObject\",\"inLanguage\":\"en-GB\",\"@id\":\"https:\/\/sombrafestival.com\/paradiso-cortometrajes-a-concurso\/#primaryimage\",\"url\":\"https:\/\/sombrafestival.com\/wp-content\/uploads\/2025\/02\/paradiso-poster-final-scaled.jpg\",\"contentUrl\":\"https:\/\/sombrafestival.com\/wp-content\/uploads\/2025\/02\/paradiso-poster-final-scaled.jpg\",\"width\":1707,\"height\":2560},{\"@type\":\"BreadcrumbList\",\"@id\":\"https:\/\/sombrafestival.com\/paradiso-cortometrajes-a-concurso\/#breadcrumb\",\"itemListElement\":[{\"@type\":\"ListItem\",\"position\":1,\"name\":\"Portada\",\"item\":\"https:\/\/sombrafestival.com\/\"},{\"@type\":\"ListItem\",\"position\":2,\"name\":\"Paradiso | Cortometrajes a concurso\"}]},{\"@type\":\"WebSite\",\"@id\":\"https:\/\/sombrafestival.com\/en\/#website\",\"url\":\"https:\/\/sombrafestival.com\/en\/\",\"name\":\"Sombra Festival\",\"description\":\"XIII Festival de Cine Fant\u00e1stico Europeo de Murcia, 8-17 MARZO 2024\",\"publisher\":{\"@id\":\"https:\/\/sombrafestival.com\/en\/#organization\"},\"potentialAction\":[{\"@type\":\"SearchAction\",\"target\":{\"@type\":\"EntryPoint\",\"urlTemplate\":\"https:\/\/sombrafestival.com\/en\/?s={search_term_string}\"},\"query-input\":{\"@type\":\"PropertyValueSpecification\",\"valueRequired\":true,\"valueName\":\"search_term_string\"}}],\"inLanguage\":\"en-GB\"},{\"@type\":\"Organization\",\"@id\":\"https:\/\/sombrafestival.com\/en\/#organization\",\"name\":\"SOMBRA, IX FESTIVAL DE CINE FANTASTICO EUROPEO DE MURCIA\",\"url\":\"https:\/\/sombrafestival.com\/en\/\",\"logo\":{\"@type\":\"ImageObject\",\"inLanguage\":\"en-GB\",\"@id\":\"https:\/\/sombrafestival.com\/en\/#\/schema\/logo\/image\/\",\"url\":\"https:\/\/sombrafestival.com\/wp-content\/uploads\/2019\/10\/Sombra-LogoIdentificador-Negativo.jpg\",\"contentUrl\":\"https:\/\/sombrafestival.com\/wp-content\/uploads\/2019\/10\/Sombra-LogoIdentificador-Negativo.jpg\",\"width\":400,\"height\":400,\"caption\":\"SOMBRA, IX FESTIVAL DE CINE FANTASTICO EUROPEO DE MURCIA\"},\"image\":{\"@id\":\"https:\/\/sombrafestival.com\/en\/#\/schema\/logo\/image\/\"},\"sameAs\":[\"https:\/\/www.facebook.com\/Sombra-Festival-De-CINE-Fantastico-Europeo-De-Murcia-175337032531429\/\",\"https:\/\/x.com\/SombraFestival\",\"https:\/\/www.instagram.com\/sombrafestival\/\",\"https:\/\/www.youtube.com\/channel\/UCBdSJni9V30Tq4cGf4Lj0Ug?view_as=subscriber\"]}]}<\/script>\n<!-- \/ Yoast SEO plugin. -->","yoast_head_json":{"title":"Paradiso | Cortometrajes a concurso - Sombra Festival","robots":{"index":"index","follow":"follow","max-snippet":"max-snippet:-1","max-image-preview":"max-image-preview:large","max-video-preview":"max-video-preview:-1"},"canonical":"https:\/\/sombrafestival.com\/en\/paradiso-cortometrajes-a-concurso\/","og_locale":"en_GB","og_type":"article","og_title":"Paradiso | Cortometrajes a concurso - Sombra Festival","og_description":"Fecha: S\u00e1bado, 15 de marzo Hora: 11:00 Lugar: Filmoteca Regional de Murcia (Sala A) COMPRAR ENTRADAS Sinopsis En un b\u00fanker fr\u00edo y oxidado, Irina y Georgi sufren las consecuencias de un holocausto nuclear. La grave enfermedad por radiaci\u00f3n de Georgi y su inminente muerte impulsan a Irina a reparar su vieja y querida guitarra para [&hellip;]","og_url":"https:\/\/sombrafestival.com\/en\/paradiso-cortometrajes-a-concurso\/","og_site_name":"Sombra Festival","article_publisher":"https:\/\/www.facebook.com\/Sombra-Festival-De-CINE-Fantastico-Europeo-De-Murcia-175337032531429\/","article_modified_time":"2025-02-04T09:20:19+00:00","og_image":[{"width":1707,"height":2560,"url":"https:\/\/sombrafestival.com\/wp-content\/uploads\/2025\/02\/paradiso-poster-final-scaled.jpg","type":"image\/jpeg"}],"twitter_card":"summary_large_image","twitter_site":"@SombraFestival","twitter_misc":{"Est. reading time":"1 minute"},"schema":{"@context":"https:\/\/schema.org","@graph":[{"@type":"WebPage","@id":"https:\/\/sombrafestival.com\/paradiso-cortometrajes-a-concurso\/","url":"https:\/\/sombrafestival.com\/paradiso-cortometrajes-a-concurso\/","name":"Paradiso | Cortometrajes a concurso - Sombra Festival","isPartOf":{"@id":"https:\/\/sombrafestival.com\/en\/#website"},"primaryImageOfPage":{"@id":"https:\/\/sombrafestival.com\/paradiso-cortometrajes-a-concurso\/#primaryimage"},"image":{"@id":"https:\/\/sombrafestival.com\/paradiso-cortometrajes-a-concurso\/#primaryimage"},"thumbnailUrl":"https:\/\/sombrafestival.com\/wp-content\/uploads\/2025\/02\/paradiso-poster-final-scaled.jpg","datePublished":"2025-02-03T23:08:06+00:00","dateModified":"2025-02-04T09:20:19+00:00","breadcrumb":{"@id":"https:\/\/sombrafestival.com\/paradiso-cortometrajes-a-concurso\/#breadcrumb"},"inLanguage":"en-GB","potentialAction":[{"@type":"ReadAction","target":["https:\/\/sombrafestival.com\/paradiso-cortometrajes-a-concurso\/"]}]},{"@type":"ImageObject","inLanguage":"en-GB","@id":"https:\/\/sombrafestival.com\/paradiso-cortometrajes-a-concurso\/#primaryimage","url":"https:\/\/sombrafestival.com\/wp-content\/uploads\/2025\/02\/paradiso-poster-final-scaled.jpg","contentUrl":"https:\/\/sombrafestival.com\/wp-content\/uploads\/2025\/02\/paradiso-poster-final-scaled.jpg","width":1707,"height":2560},{"@type":"BreadcrumbList","@id":"https:\/\/sombrafestival.com\/paradiso-cortometrajes-a-concurso\/#breadcrumb","itemListElement":[{"@type":"ListItem","position":1,"name":"Portada","item":"https:\/\/sombrafestival.com\/"},{"@type":"ListItem","position":2,"name":"Paradiso | Cortometrajes a concurso"}]},{"@type":"WebSite","@id":"https:\/\/sombrafestival.com\/en\/#website","url":"https:\/\/sombrafestival.com\/en\/","name":"Sombra Festival","description":"XIII Festival de Cine Fant\u00e1stico Europeo de Murcia, 8-17 MARZO 2024","publisher":{"@id":"https:\/\/sombrafestival.com\/en\/#organization"},"potentialAction":[{"@type":"SearchAction","target":{"@type":"EntryPoint","urlTemplate":"https:\/\/sombrafestival.com\/en\/?s={search_term_string}"},"query-input":{"@type":"PropertyValueSpecification","valueRequired":true,"valueName":"search_term_string"}}],"inLanguage":"en-GB"},{"@type":"Organization","@id":"https:\/\/sombrafestival.com\/en\/#organization","name":"SOMBRA, IX FESTIVAL DE CINE FANTASTICO EUROPEO DE MURCIA","url":"https:\/\/sombrafestival.com\/en\/","logo":{"@type":"ImageObject","inLanguage":"en-GB","@id":"https:\/\/sombrafestival.com\/en\/#\/schema\/logo\/image\/","url":"https:\/\/sombrafestival.com\/wp-content\/uploads\/2019\/10\/Sombra-LogoIdentificador-Negativo.jpg","contentUrl":"https:\/\/sombrafestival.com\/wp-content\/uploads\/2019\/10\/Sombra-LogoIdentificador-Negativo.jpg","width":400,"height":400,"caption":"SOMBRA, IX FESTIVAL DE CINE FANTASTICO EUROPEO DE MURCIA"},"image":{"@id":"https:\/\/sombrafestival.com\/en\/#\/schema\/logo\/image\/"},"sameAs":["https:\/\/www.facebook.com\/Sombra-Festival-De-CINE-Fantastico-Europeo-De-Murcia-175337032531429\/","https:\/\/x.com\/SombraFestival","https:\/\/www.instagram.com\/sombrafestival\/","https:\/\/www.youtube.com\/channel\/UCBdSJni9V30Tq4cGf4Lj0Ug?view_as=subscriber"]}]}},"_links":{"self":[{"href":"https:\/\/sombrafestival.com\/en\/wp-json\/wp\/v2\/pages\/6998","targetHints":{"allow":["GET"]}}],"collection":[{"href":"https:\/\/sombrafestival.com\/en\/wp-json\/wp\/v2\/pages"}],"about":[{"href":"https:\/\/sombrafestival.com\/en\/wp-json\/wp\/v2\/types\/page"}],"author":[{"embeddable":true,"href":"https:\/\/sombrafestival.com\/en\/wp-json\/wp\/v2\/users\/2"}],"replies":[{"embeddable":true,"href":"https:\/\/sombrafestival.com\/en\/wp-json\/wp\/v2\/comments?post=6998"}],"version-history":[{"count":4,"href":"https:\/\/sombrafestival.com\/en\/wp-json\/wp\/v2\/pages\/6998\/revisions"}],"predecessor-version":[{"id":7270,"href":"https:\/\/sombrafestival.com\/en\/wp-json\/wp\/v2\/pages\/6998\/revisions\/7270"}],"wp:featuredmedia":[{"embeddable":true,"href":"https:\/\/sombrafestival.com\/en\/wp-json\/wp\/v2\/media\/7000"}],"wp:attachment":[{"href":"https:\/\/sombrafestival.com\/en\/wp-json\/wp\/v2\/media?parent=6998"}],"curies":[{"name":"wp","href":"https:\/\/api.w.org\/{rel}","templated":true}]}}