{"id":7019,"date":"2025-02-03T22:17:56","date_gmt":"2025-02-03T21:17:56","guid":{"rendered":"https:\/\/sombrafestival.com\/?page_id=7019"},"modified":"2025-02-03T22:17:56","modified_gmt":"2025-02-03T21:17:56","slug":"exposicion-zombie","status":"publish","type":"page","link":"https:\/\/sombrafestival.com\/en\/actividades-sombra-2025\/exposicion-zombie\/","title":{"rendered":"Exposici\u00f3n Zombie"},"content":{"rendered":"<ul>\n<li><strong>Fecha Inauguraci\u00f3n:<\/strong> Jueves, 13 de marzo<\/li>\n<li><strong>Hora:<\/strong> 21:00<\/li>\n<li><strong>Lugar:<\/strong> Caf\u00e9 Bar Ficciones<\/li>\n<li>Disponible hasta el 28 de marzo<\/li>\n<\/ul>\n<p>? <strong>Un viaje visual a trav\u00e9s de las d\u00e9cadas de terror<\/strong><\/p>\n<p>Desde los primeros terrores en blanco y negro hasta las sangrientas superproducciones actuales, esta exposici\u00f3n te llevar\u00e1 en un recorrido cronol\u00f3gico a trav\u00e9s de la evoluci\u00f3n del cine zombi. A trav\u00e9s de una cuidada selecci\u00f3n de p\u00f3sters originales, descubrir\u00e1s c\u00f3mo ha cambiado la imagen del muerto viviente en la gran pantalla.<\/p>\n<p><img loading=\"lazy\" decoding=\"async\" class=\"size-large wp-image-7002 aligncenter\" src=\"https:\/\/sombrafestival.com\/wp-content\/uploads\/2025\/02\/expo-ficciones-683x1024.jpg\" alt=\"\" width=\"683\" height=\"1024\" srcset=\"https:\/\/sombrafestival.com\/wp-content\/uploads\/2025\/02\/expo-ficciones-683x1024.jpg 683w, https:\/\/sombrafestival.com\/wp-content\/uploads\/2025\/02\/expo-ficciones-200x300.jpg 200w, https:\/\/sombrafestival.com\/wp-content\/uploads\/2025\/02\/expo-ficciones-768x1152.jpg 768w, https:\/\/sombrafestival.com\/wp-content\/uploads\/2025\/02\/expo-ficciones-8x12.jpg 8w, https:\/\/sombrafestival.com\/wp-content\/uploads\/2025\/02\/expo-ficciones-280x420.jpg 280w, https:\/\/sombrafestival.com\/wp-content\/uploads\/2025\/02\/expo-ficciones-696x1044.jpg 696w, https:\/\/sombrafestival.com\/wp-content\/uploads\/2025\/02\/expo-ficciones.jpg 800w\" sizes=\"auto, (max-width: 683px) 100vw, 683px\" \/><\/p>\n<h3><\/h3>\n<p>&nbsp;<\/p>","protected":false},"excerpt":{"rendered":"<p>Fecha Inauguraci\u00f3n: Jueves, 13 de marzo Hora: 21:00 Lugar: Caf\u00e9 Bar Ficciones Disponible hasta el 28 de marzo ? Un viaje visual a trav\u00e9s de las d\u00e9cadas de terror Desde los primeros terrores en blanco y negro hasta las sangrientas superproducciones actuales, esta exposici\u00f3n te llevar\u00e1 en un recorrido cronol\u00f3gico a trav\u00e9s de la evoluci\u00f3n [&hellip;]<\/p>","protected":false},"author":2,"featured_media":7002,"parent":7014,"menu_order":0,"comment_status":"closed","ping_status":"closed","template":"","meta":{"footnotes":""},"class_list":["post-7019","page","type-page","status-publish","has-post-thumbnail"],"yoast_head":"<!-- This site is optimized with the Yoast SEO plugin v24.3 - https:\/\/yoast.com\/wordpress\/plugins\/seo\/ -->\n<title>Exposici\u00f3n Zombie - Sombra Festival<\/title>\n<meta name=\"robots\" content=\"index, follow, max-snippet:-1, max-image-preview:large, max-video-preview:-1\" \/>\n<link rel=\"canonical\" href=\"https:\/\/sombrafestival.com\/en\/actividades-sombra-2025\/exposicion-zombie\/\" \/>\n<meta property=\"og:locale\" content=\"en_GB\" \/>\n<meta property=\"og:type\" content=\"article\" \/>\n<meta property=\"og:title\" content=\"Exposici\u00f3n Zombie - Sombra Festival\" \/>\n<meta property=\"og:description\" content=\"Fecha Inauguraci\u00f3n: Jueves, 13 de marzo Hora: 21:00 Lugar: Caf\u00e9 Bar Ficciones Disponible hasta el 28 de marzo ? Un viaje visual a trav\u00e9s de las d\u00e9cadas de terror Desde los primeros terrores en blanco y negro hasta las sangrientas superproducciones actuales, esta exposici\u00f3n te llevar\u00e1 en un recorrido cronol\u00f3gico a trav\u00e9s de la evoluci\u00f3n [&hellip;]\" \/>\n<meta property=\"og:url\" content=\"https:\/\/sombrafestival.com\/en\/actividades-sombra-2025\/exposicion-zombie\/\" \/>\n<meta property=\"og:site_name\" content=\"Sombra Festival\" \/>\n<meta property=\"article:publisher\" content=\"https:\/\/www.facebook.com\/Sombra-Festival-De-CINE-Fantastico-Europeo-De-Murcia-175337032531429\/\" \/>\n<meta property=\"og:image\" content=\"https:\/\/sombrafestival.com\/wp-content\/uploads\/2025\/02\/expo-ficciones.jpg\" \/>\n\t<meta property=\"og:image:width\" content=\"800\" \/>\n\t<meta property=\"og:image:height\" content=\"1200\" \/>\n\t<meta property=\"og:image:type\" content=\"image\/jpeg\" \/>\n<meta name=\"twitter:card\" content=\"summary_large_image\" \/>\n<meta name=\"twitter:site\" content=\"@SombraFestival\" \/>\n<meta name=\"twitter:label1\" content=\"Est. reading time\" \/>\n\t<meta name=\"twitter:data1\" content=\"1 minute\" \/>\n<script type=\"application\/ld+json\" class=\"yoast-schema-graph\">{\"@context\":\"https:\/\/schema.org\",\"@graph\":[{\"@type\":\"WebPage\",\"@id\":\"https:\/\/sombrafestival.com\/actividades-sombra-2025\/exposicion-zombie\/\",\"url\":\"https:\/\/sombrafestival.com\/actividades-sombra-2025\/exposicion-zombie\/\",\"name\":\"Exposici\u00f3n Zombie - Sombra Festival\",\"isPartOf\":{\"@id\":\"https:\/\/sombrafestival.com\/en\/#website\"},\"primaryImageOfPage\":{\"@id\":\"https:\/\/sombrafestival.com\/actividades-sombra-2025\/exposicion-zombie\/#primaryimage\"},\"image\":{\"@id\":\"https:\/\/sombrafestival.com\/actividades-sombra-2025\/exposicion-zombie\/#primaryimage\"},\"thumbnailUrl\":\"https:\/\/sombrafestival.com\/wp-content\/uploads\/2025\/02\/expo-ficciones.jpg\",\"datePublished\":\"2025-02-03T21:17:56+00:00\",\"dateModified\":\"2025-02-03T21:17:56+00:00\",\"breadcrumb\":{\"@id\":\"https:\/\/sombrafestival.com\/actividades-sombra-2025\/exposicion-zombie\/#breadcrumb\"},\"inLanguage\":\"en-GB\",\"potentialAction\":[{\"@type\":\"ReadAction\",\"target\":[\"https:\/\/sombrafestival.com\/actividades-sombra-2025\/exposicion-zombie\/\"]}]},{\"@type\":\"ImageObject\",\"inLanguage\":\"en-GB\",\"@id\":\"https:\/\/sombrafestival.com\/actividades-sombra-2025\/exposicion-zombie\/#primaryimage\",\"url\":\"https:\/\/sombrafestival.com\/wp-content\/uploads\/2025\/02\/expo-ficciones.jpg\",\"contentUrl\":\"https:\/\/sombrafestival.com\/wp-content\/uploads\/2025\/02\/expo-ficciones.jpg\",\"width\":800,\"height\":1200},{\"@type\":\"BreadcrumbList\",\"@id\":\"https:\/\/sombrafestival.com\/actividades-sombra-2025\/exposicion-zombie\/#breadcrumb\",\"itemListElement\":[{\"@type\":\"ListItem\",\"position\":1,\"name\":\"Portada\",\"item\":\"https:\/\/sombrafestival.com\/\"},{\"@type\":\"ListItem\",\"position\":2,\"name\":\"Actividades Sombra 2025\",\"item\":\"https:\/\/sombrafestival.com\/actividades-sombra-2025\/\"},{\"@type\":\"ListItem\",\"position\":3,\"name\":\"Exposici\u00f3n Zombie\"}]},{\"@type\":\"WebSite\",\"@id\":\"https:\/\/sombrafestival.com\/en\/#website\",\"url\":\"https:\/\/sombrafestival.com\/en\/\",\"name\":\"Sombra Festival\",\"description\":\"XIII Festival de Cine Fant\u00e1stico Europeo de Murcia, 8-17 MARZO 2024\",\"publisher\":{\"@id\":\"https:\/\/sombrafestival.com\/en\/#organization\"},\"potentialAction\":[{\"@type\":\"SearchAction\",\"target\":{\"@type\":\"EntryPoint\",\"urlTemplate\":\"https:\/\/sombrafestival.com\/en\/?s={search_term_string}\"},\"query-input\":{\"@type\":\"PropertyValueSpecification\",\"valueRequired\":true,\"valueName\":\"search_term_string\"}}],\"inLanguage\":\"en-GB\"},{\"@type\":\"Organization\",\"@id\":\"https:\/\/sombrafestival.com\/en\/#organization\",\"name\":\"SOMBRA, IX FESTIVAL DE CINE FANTASTICO EUROPEO DE MURCIA\",\"url\":\"https:\/\/sombrafestival.com\/en\/\",\"logo\":{\"@type\":\"ImageObject\",\"inLanguage\":\"en-GB\",\"@id\":\"https:\/\/sombrafestival.com\/en\/#\/schema\/logo\/image\/\",\"url\":\"https:\/\/sombrafestival.com\/wp-content\/uploads\/2019\/10\/Sombra-LogoIdentificador-Negativo.jpg\",\"contentUrl\":\"https:\/\/sombrafestival.com\/wp-content\/uploads\/2019\/10\/Sombra-LogoIdentificador-Negativo.jpg\",\"width\":400,\"height\":400,\"caption\":\"SOMBRA, IX FESTIVAL DE CINE FANTASTICO EUROPEO DE MURCIA\"},\"image\":{\"@id\":\"https:\/\/sombrafestival.com\/en\/#\/schema\/logo\/image\/\"},\"sameAs\":[\"https:\/\/www.facebook.com\/Sombra-Festival-De-CINE-Fantastico-Europeo-De-Murcia-175337032531429\/\",\"https:\/\/x.com\/SombraFestival\",\"https:\/\/www.instagram.com\/sombrafestival\/\",\"https:\/\/www.youtube.com\/channel\/UCBdSJni9V30Tq4cGf4Lj0Ug?view_as=subscriber\"]}]}<\/script>\n<!-- \/ Yoast SEO plugin. -->","yoast_head_json":{"title":"Exposici\u00f3n Zombie - Sombra Festival","robots":{"index":"index","follow":"follow","max-snippet":"max-snippet:-1","max-image-preview":"max-image-preview:large","max-video-preview":"max-video-preview:-1"},"canonical":"https:\/\/sombrafestival.com\/en\/actividades-sombra-2025\/exposicion-zombie\/","og_locale":"en_GB","og_type":"article","og_title":"Exposici\u00f3n Zombie - Sombra Festival","og_description":"Fecha Inauguraci\u00f3n: Jueves, 13 de marzo Hora: 21:00 Lugar: Caf\u00e9 Bar Ficciones Disponible hasta el 28 de marzo ? Un viaje visual a trav\u00e9s de las d\u00e9cadas de terror Desde los primeros terrores en blanco y negro hasta las sangrientas superproducciones actuales, esta exposici\u00f3n te llevar\u00e1 en un recorrido cronol\u00f3gico a trav\u00e9s de la evoluci\u00f3n [&hellip;]","og_url":"https:\/\/sombrafestival.com\/en\/actividades-sombra-2025\/exposicion-zombie\/","og_site_name":"Sombra Festival","article_publisher":"https:\/\/www.facebook.com\/Sombra-Festival-De-CINE-Fantastico-Europeo-De-Murcia-175337032531429\/","og_image":[{"width":800,"height":1200,"url":"https:\/\/sombrafestival.com\/wp-content\/uploads\/2025\/02\/expo-ficciones.jpg","type":"image\/jpeg"}],"twitter_card":"summary_large_image","twitter_site":"@SombraFestival","twitter_misc":{"Est. reading time":"1 minute"},"schema":{"@context":"https:\/\/schema.org","@graph":[{"@type":"WebPage","@id":"https:\/\/sombrafestival.com\/actividades-sombra-2025\/exposicion-zombie\/","url":"https:\/\/sombrafestival.com\/actividades-sombra-2025\/exposicion-zombie\/","name":"Exposici\u00f3n Zombie - Sombra Festival","isPartOf":{"@id":"https:\/\/sombrafestival.com\/en\/#website"},"primaryImageOfPage":{"@id":"https:\/\/sombrafestival.com\/actividades-sombra-2025\/exposicion-zombie\/#primaryimage"},"image":{"@id":"https:\/\/sombrafestival.com\/actividades-sombra-2025\/exposicion-zombie\/#primaryimage"},"thumbnailUrl":"https:\/\/sombrafestival.com\/wp-content\/uploads\/2025\/02\/expo-ficciones.jpg","datePublished":"2025-02-03T21:17:56+00:00","dateModified":"2025-02-03T21:17:56+00:00","breadcrumb":{"@id":"https:\/\/sombrafestival.com\/actividades-sombra-2025\/exposicion-zombie\/#breadcrumb"},"inLanguage":"en-GB","potentialAction":[{"@type":"ReadAction","target":["https:\/\/sombrafestival.com\/actividades-sombra-2025\/exposicion-zombie\/"]}]},{"@type":"ImageObject","inLanguage":"en-GB","@id":"https:\/\/sombrafestival.com\/actividades-sombra-2025\/exposicion-zombie\/#primaryimage","url":"https:\/\/sombrafestival.com\/wp-content\/uploads\/2025\/02\/expo-ficciones.jpg","contentUrl":"https:\/\/sombrafestival.com\/wp-content\/uploads\/2025\/02\/expo-ficciones.jpg","width":800,"height":1200},{"@type":"BreadcrumbList","@id":"https:\/\/sombrafestival.com\/actividades-sombra-2025\/exposicion-zombie\/#breadcrumb","itemListElement":[{"@type":"ListItem","position":1,"name":"Portada","item":"https:\/\/sombrafestival.com\/"},{"@type":"ListItem","position":2,"name":"Actividades Sombra 2025","item":"https:\/\/sombrafestival.com\/actividades-sombra-2025\/"},{"@type":"ListItem","position":3,"name":"Exposici\u00f3n Zombie"}]},{"@type":"WebSite","@id":"https:\/\/sombrafestival.com\/en\/#website","url":"https:\/\/sombrafestival.com\/en\/","name":"Sombra Festival","description":"XIII Festival de Cine Fant\u00e1stico Europeo de Murcia, 8-17 MARZO 2024","publisher":{"@id":"https:\/\/sombrafestival.com\/en\/#organization"},"potentialAction":[{"@type":"SearchAction","target":{"@type":"EntryPoint","urlTemplate":"https:\/\/sombrafestival.com\/en\/?s={search_term_string}"},"query-input":{"@type":"PropertyValueSpecification","valueRequired":true,"valueName":"search_term_string"}}],"inLanguage":"en-GB"},{"@type":"Organization","@id":"https:\/\/sombrafestival.com\/en\/#organization","name":"SOMBRA, IX FESTIVAL DE CINE FANTASTICO EUROPEO DE MURCIA","url":"https:\/\/sombrafestival.com\/en\/","logo":{"@type":"ImageObject","inLanguage":"en-GB","@id":"https:\/\/sombrafestival.com\/en\/#\/schema\/logo\/image\/","url":"https:\/\/sombrafestival.com\/wp-content\/uploads\/2019\/10\/Sombra-LogoIdentificador-Negativo.jpg","contentUrl":"https:\/\/sombrafestival.com\/wp-content\/uploads\/2019\/10\/Sombra-LogoIdentificador-Negativo.jpg","width":400,"height":400,"caption":"SOMBRA, IX FESTIVAL DE CINE FANTASTICO EUROPEO DE MURCIA"},"image":{"@id":"https:\/\/sombrafestival.com\/en\/#\/schema\/logo\/image\/"},"sameAs":["https:\/\/www.facebook.com\/Sombra-Festival-De-CINE-Fantastico-Europeo-De-Murcia-175337032531429\/","https:\/\/x.com\/SombraFestival","https:\/\/www.instagram.com\/sombrafestival\/","https:\/\/www.youtube.com\/channel\/UCBdSJni9V30Tq4cGf4Lj0Ug?view_as=subscriber"]}]}},"_links":{"self":[{"href":"https:\/\/sombrafestival.com\/en\/wp-json\/wp\/v2\/pages\/7019","targetHints":{"allow":["GET"]}}],"collection":[{"href":"https:\/\/sombrafestival.com\/en\/wp-json\/wp\/v2\/pages"}],"about":[{"href":"https:\/\/sombrafestival.com\/en\/wp-json\/wp\/v2\/types\/page"}],"author":[{"embeddable":true,"href":"https:\/\/sombrafestival.com\/en\/wp-json\/wp\/v2\/users\/2"}],"replies":[{"embeddable":true,"href":"https:\/\/sombrafestival.com\/en\/wp-json\/wp\/v2\/comments?post=7019"}],"version-history":[{"count":2,"href":"https:\/\/sombrafestival.com\/en\/wp-json\/wp\/v2\/pages\/7019\/revisions"}],"predecessor-version":[{"id":7021,"href":"https:\/\/sombrafestival.com\/en\/wp-json\/wp\/v2\/pages\/7019\/revisions\/7021"}],"up":[{"embeddable":true,"href":"https:\/\/sombrafestival.com\/en\/wp-json\/wp\/v2\/pages\/7014"}],"wp:featuredmedia":[{"embeddable":true,"href":"https:\/\/sombrafestival.com\/en\/wp-json\/wp\/v2\/media\/7002"}],"wp:attachment":[{"href":"https:\/\/sombrafestival.com\/en\/wp-json\/wp\/v2\/media?parent=7019"}],"curies":[{"name":"wp","href":"https:\/\/api.w.org\/{rel}","templated":true}]}}