{"id":7074,"date":"2025-02-03T23:16:23","date_gmt":"2025-02-03T22:16:23","guid":{"rendered":"https:\/\/sombrafestival.com\/?page_id=7074"},"modified":"2025-02-10T23:50:09","modified_gmt":"2025-02-10T22:50:09","slug":"presentacion-del-libro-luces-camara-enter-play-vol-1-origenes-1988","status":"publish","type":"page","link":"https:\/\/sombrafestival.com\/en\/actividades-sombra-2025\/presentacion-del-libro-luces-camara-enter-play-vol-1-origenes-1988\/","title":{"rendered":"Presentaci\u00f3n del libro \u00abLuces, c\u00e1mara\u2026 Enter Play. Vol. 1 (or\u00edgenes-1988)\u00bb"},"content":{"rendered":"<ul>\n<li><strong>Fecha:<\/strong> Viernes, 21 de marzo<\/li>\n<li><strong>Hora:<\/strong> 19:15<\/li>\n<li><strong>Lugar:<\/strong> Filmoteca Regional de Murcia (Sala B)<\/li>\n<\/ul>\n<p><span style=\"color: #ffff00;\"><strong>Con Pako Mulero<\/strong><\/span><\/p>\n<p class=\"tm6\"><span class=\"tm7\">En la construcci\u00f3n de la narratolog\u00eda, dentro del \u00e1mbito audiovisual, el cine y los videojuegos pactaron la sociedad perfecta. El ser humano goza con la posibilidad de sentarse alrededor de una hoguera para que le cuenten una historia, y es por ello que, con la evoluci\u00f3n del relato, se crease la posibilidad de interactuar en el mismo. Muchos han sido los films que, tras la experiencia caligarista (el estreno de \u201cEl Gabinete del Doctor Caligari\u201d fue vital para que el cine empezase a considerarse como una disciplina art\u00edstica y no solo como una mera atracci\u00f3n de barraca de feria), han alcanzado el estatus de obra de arte y que, a su vez, han desarrollado una traslaci\u00f3n al mundo de los videojuegos.<\/span><\/p>\n<p class=\"tm6\"><span class=\"tm7\">En muchos casos, las adaptaciones contaron con una licencia oficial \u2014factor que no aseguraba la calidad en el resultado final\u2014, mientras que, en diversas ocasiones, algunos estudios crearon sin permiso y extraoficialmente adaptaciones francamente loables. Hab\u00eda que entender el origen de ambas corrientes culturales, la transici\u00f3n de las mismas, la edad de oro del software espa\u00f1ol, el an\u00e1lisis de las principales piezas que vieron la luz durante los a\u00f1os que comprende este ensayo, el impacto y contexto social e hist\u00f3rico de los diferentes formatos de cine y videojuegos, y, por supuesto, el testimonio en forma de entrevista de algunos implicados que de, forma consciente o involuntaria, contribuyeron a la historia, divulgaci\u00f3n y rango est\u00e9tico de los videojuegos.<\/span><\/p>\n<p class=\"tm6\"><span class=\"tm7\">Pako Mulero Arenillas ha puesto mucho cari\u00f1o y tiempo en este libro (am\u00e9n de muchas monedas de cinco duros en su d\u00eda), haciendo una verdadera expedici\u00f3n en muchos recuerdos y videojuegotecas, mostrando que el cine \u2014y la televisi\u00f3n\u2014 y los videojuegos est\u00e1n entrelazados y que han vivido una evoluci\u00f3n tanto en lo t\u00e9cnico como en lo argumental. En este primer volumen se analiza el fen\u00f3meno desde los or\u00edgenes de esta relaci\u00f3n entre medios hasta el a\u00f1o 1988.<\/span><\/p>\n<p><img loading=\"lazy\" decoding=\"async\" class=\"size-large wp-image-7076 aligncenter\" src=\"https:\/\/sombrafestival.com\/wp-content\/uploads\/2025\/02\/LUCES-ENTER-PLAY-scaled-1-703x1024.jpg\" alt=\"\" width=\"696\" height=\"1014\" srcset=\"https:\/\/sombrafestival.com\/wp-content\/uploads\/2025\/02\/LUCES-ENTER-PLAY-scaled-1-703x1024.jpg 703w, https:\/\/sombrafestival.com\/wp-content\/uploads\/2025\/02\/LUCES-ENTER-PLAY-scaled-1-206x300.jpg 206w, https:\/\/sombrafestival.com\/wp-content\/uploads\/2025\/02\/LUCES-ENTER-PLAY-scaled-1-768x1118.jpg 768w, https:\/\/sombrafestival.com\/wp-content\/uploads\/2025\/02\/LUCES-ENTER-PLAY-scaled-1-1055x1536.jpg 1055w, https:\/\/sombrafestival.com\/wp-content\/uploads\/2025\/02\/LUCES-ENTER-PLAY-scaled-1-1406x2048.jpg 1406w, https:\/\/sombrafestival.com\/wp-content\/uploads\/2025\/02\/LUCES-ENTER-PLAY-scaled-1-8x12.jpg 8w, https:\/\/sombrafestival.com\/wp-content\/uploads\/2025\/02\/LUCES-ENTER-PLAY-scaled-1-288x420.jpg 288w, https:\/\/sombrafestival.com\/wp-content\/uploads\/2025\/02\/LUCES-ENTER-PLAY-scaled-1-696x1014.jpg 696w, https:\/\/sombrafestival.com\/wp-content\/uploads\/2025\/02\/LUCES-ENTER-PLAY-scaled-1-1068x1555.jpg 1068w, https:\/\/sombrafestival.com\/wp-content\/uploads\/2025\/02\/LUCES-ENTER-PLAY-scaled-1.jpg 1758w\" sizes=\"auto, (max-width: 696px) 100vw, 696px\" \/><\/p>","protected":false},"excerpt":{"rendered":"<p>Fecha: Viernes, 21 de marzo Hora: 19:15 Lugar: Filmoteca Regional de Murcia (Sala B) Con Pako Mulero En la construcci\u00f3n de la narratolog\u00eda, dentro del \u00e1mbito audiovisual, el cine y los videojuegos pactaron la sociedad perfecta. El ser humano goza con la posibilidad de sentarse alrededor de una hoguera para que le cuenten una historia, [&hellip;]<\/p>","protected":false},"author":2,"featured_media":7076,"parent":7014,"menu_order":0,"comment_status":"closed","ping_status":"closed","template":"","meta":{"footnotes":""},"class_list":["post-7074","page","type-page","status-publish","has-post-thumbnail"],"yoast_head":"<!-- This site is optimized with the Yoast SEO plugin v24.3 - https:\/\/yoast.com\/wordpress\/plugins\/seo\/ -->\n<title>Presentaci\u00f3n del libro &quot;Luces, c\u00e1mara\u2026 Enter Play. Vol. 1 (or\u00edgenes-1988)&quot; - Sombra Festival<\/title>\n<meta name=\"robots\" content=\"index, follow, max-snippet:-1, max-image-preview:large, max-video-preview:-1\" \/>\n<link rel=\"canonical\" href=\"https:\/\/sombrafestival.com\/en\/actividades-sombra-2025\/presentacion-del-libro-luces-camara-enter-play-vol-1-origenes-1988\/\" \/>\n<meta property=\"og:locale\" content=\"en_GB\" \/>\n<meta property=\"og:type\" content=\"article\" \/>\n<meta property=\"og:title\" content=\"Presentaci\u00f3n del libro &quot;Luces, c\u00e1mara\u2026 Enter Play. Vol. 1 (or\u00edgenes-1988)&quot; - Sombra Festival\" \/>\n<meta property=\"og:description\" content=\"Fecha: Viernes, 21 de marzo Hora: 19:15 Lugar: Filmoteca Regional de Murcia (Sala B) Con Pako Mulero En la construcci\u00f3n de la narratolog\u00eda, dentro del \u00e1mbito audiovisual, el cine y los videojuegos pactaron la sociedad perfecta. El ser humano goza con la posibilidad de sentarse alrededor de una hoguera para que le cuenten una historia, [&hellip;]\" \/>\n<meta property=\"og:url\" content=\"https:\/\/sombrafestival.com\/en\/actividades-sombra-2025\/presentacion-del-libro-luces-camara-enter-play-vol-1-origenes-1988\/\" \/>\n<meta property=\"og:site_name\" content=\"Sombra Festival\" \/>\n<meta property=\"article:publisher\" content=\"https:\/\/www.facebook.com\/Sombra-Festival-De-CINE-Fantastico-Europeo-De-Murcia-175337032531429\/\" \/>\n<meta property=\"article:modified_time\" content=\"2025-02-10T22:50:09+00:00\" \/>\n<meta property=\"og:image\" content=\"https:\/\/sombrafestival.com\/wp-content\/uploads\/2025\/02\/LUCES-ENTER-PLAY-scaled-1.jpg\" \/>\n\t<meta property=\"og:image:width\" content=\"1758\" \/>\n\t<meta property=\"og:image:height\" content=\"2560\" \/>\n\t<meta property=\"og:image:type\" content=\"image\/jpeg\" \/>\n<meta name=\"twitter:card\" content=\"summary_large_image\" \/>\n<meta name=\"twitter:site\" content=\"@SombraFestival\" \/>\n<meta name=\"twitter:label1\" content=\"Est. reading time\" \/>\n\t<meta name=\"twitter:data1\" content=\"2 minutes\" \/>\n<script type=\"application\/ld+json\" class=\"yoast-schema-graph\">{\"@context\":\"https:\/\/schema.org\",\"@graph\":[{\"@type\":\"WebPage\",\"@id\":\"https:\/\/sombrafestival.com\/actividades-sombra-2025\/presentacion-del-libro-luces-camara-enter-play-vol-1-origenes-1988\/\",\"url\":\"https:\/\/sombrafestival.com\/actividades-sombra-2025\/presentacion-del-libro-luces-camara-enter-play-vol-1-origenes-1988\/\",\"name\":\"Presentaci\u00f3n del libro \\\"Luces, c\u00e1mara\u2026 Enter Play. Vol. 1 (or\u00edgenes-1988)\\\" - Sombra Festival\",\"isPartOf\":{\"@id\":\"https:\/\/sombrafestival.com\/en\/#website\"},\"primaryImageOfPage\":{\"@id\":\"https:\/\/sombrafestival.com\/actividades-sombra-2025\/presentacion-del-libro-luces-camara-enter-play-vol-1-origenes-1988\/#primaryimage\"},\"image\":{\"@id\":\"https:\/\/sombrafestival.com\/actividades-sombra-2025\/presentacion-del-libro-luces-camara-enter-play-vol-1-origenes-1988\/#primaryimage\"},\"thumbnailUrl\":\"https:\/\/sombrafestival.com\/wp-content\/uploads\/2025\/02\/LUCES-ENTER-PLAY-scaled-1.jpg\",\"datePublished\":\"2025-02-03T22:16:23+00:00\",\"dateModified\":\"2025-02-10T22:50:09+00:00\",\"breadcrumb\":{\"@id\":\"https:\/\/sombrafestival.com\/actividades-sombra-2025\/presentacion-del-libro-luces-camara-enter-play-vol-1-origenes-1988\/#breadcrumb\"},\"inLanguage\":\"en-GB\",\"potentialAction\":[{\"@type\":\"ReadAction\",\"target\":[\"https:\/\/sombrafestival.com\/actividades-sombra-2025\/presentacion-del-libro-luces-camara-enter-play-vol-1-origenes-1988\/\"]}]},{\"@type\":\"ImageObject\",\"inLanguage\":\"en-GB\",\"@id\":\"https:\/\/sombrafestival.com\/actividades-sombra-2025\/presentacion-del-libro-luces-camara-enter-play-vol-1-origenes-1988\/#primaryimage\",\"url\":\"https:\/\/sombrafestival.com\/wp-content\/uploads\/2025\/02\/LUCES-ENTER-PLAY-scaled-1.jpg\",\"contentUrl\":\"https:\/\/sombrafestival.com\/wp-content\/uploads\/2025\/02\/LUCES-ENTER-PLAY-scaled-1.jpg\",\"width\":1758,\"height\":2560},{\"@type\":\"BreadcrumbList\",\"@id\":\"https:\/\/sombrafestival.com\/actividades-sombra-2025\/presentacion-del-libro-luces-camara-enter-play-vol-1-origenes-1988\/#breadcrumb\",\"itemListElement\":[{\"@type\":\"ListItem\",\"position\":1,\"name\":\"Portada\",\"item\":\"https:\/\/sombrafestival.com\/\"},{\"@type\":\"ListItem\",\"position\":2,\"name\":\"Actividades Sombra 2025\",\"item\":\"https:\/\/sombrafestival.com\/actividades-sombra-2025\/\"},{\"@type\":\"ListItem\",\"position\":3,\"name\":\"Presentaci\u00f3n del libro \u00abLuces, c\u00e1mara\u2026 Enter Play. Vol. 1 (or\u00edgenes-1988)\u00bb\"}]},{\"@type\":\"WebSite\",\"@id\":\"https:\/\/sombrafestival.com\/en\/#website\",\"url\":\"https:\/\/sombrafestival.com\/en\/\",\"name\":\"Sombra Festival\",\"description\":\"XIII Festival de Cine Fant\u00e1stico Europeo de Murcia, 8-17 MARZO 2024\",\"publisher\":{\"@id\":\"https:\/\/sombrafestival.com\/en\/#organization\"},\"potentialAction\":[{\"@type\":\"SearchAction\",\"target\":{\"@type\":\"EntryPoint\",\"urlTemplate\":\"https:\/\/sombrafestival.com\/en\/?s={search_term_string}\"},\"query-input\":{\"@type\":\"PropertyValueSpecification\",\"valueRequired\":true,\"valueName\":\"search_term_string\"}}],\"inLanguage\":\"en-GB\"},{\"@type\":\"Organization\",\"@id\":\"https:\/\/sombrafestival.com\/en\/#organization\",\"name\":\"SOMBRA, IX FESTIVAL DE CINE FANTASTICO EUROPEO DE MURCIA\",\"url\":\"https:\/\/sombrafestival.com\/en\/\",\"logo\":{\"@type\":\"ImageObject\",\"inLanguage\":\"en-GB\",\"@id\":\"https:\/\/sombrafestival.com\/en\/#\/schema\/logo\/image\/\",\"url\":\"https:\/\/sombrafestival.com\/wp-content\/uploads\/2019\/10\/Sombra-LogoIdentificador-Negativo.jpg\",\"contentUrl\":\"https:\/\/sombrafestival.com\/wp-content\/uploads\/2019\/10\/Sombra-LogoIdentificador-Negativo.jpg\",\"width\":400,\"height\":400,\"caption\":\"SOMBRA, IX FESTIVAL DE CINE FANTASTICO EUROPEO DE MURCIA\"},\"image\":{\"@id\":\"https:\/\/sombrafestival.com\/en\/#\/schema\/logo\/image\/\"},\"sameAs\":[\"https:\/\/www.facebook.com\/Sombra-Festival-De-CINE-Fantastico-Europeo-De-Murcia-175337032531429\/\",\"https:\/\/x.com\/SombraFestival\",\"https:\/\/www.instagram.com\/sombrafestival\/\",\"https:\/\/www.youtube.com\/channel\/UCBdSJni9V30Tq4cGf4Lj0Ug?view_as=subscriber\"]}]}<\/script>\n<!-- \/ Yoast SEO plugin. -->","yoast_head_json":{"title":"Presentaci\u00f3n del libro \"Luces, c\u00e1mara\u2026 Enter Play. Vol. 1 (or\u00edgenes-1988)\" - Sombra Festival","robots":{"index":"index","follow":"follow","max-snippet":"max-snippet:-1","max-image-preview":"max-image-preview:large","max-video-preview":"max-video-preview:-1"},"canonical":"https:\/\/sombrafestival.com\/en\/actividades-sombra-2025\/presentacion-del-libro-luces-camara-enter-play-vol-1-origenes-1988\/","og_locale":"en_GB","og_type":"article","og_title":"Presentaci\u00f3n del libro \"Luces, c\u00e1mara\u2026 Enter Play. Vol. 1 (or\u00edgenes-1988)\" - Sombra Festival","og_description":"Fecha: Viernes, 21 de marzo Hora: 19:15 Lugar: Filmoteca Regional de Murcia (Sala B) Con Pako Mulero En la construcci\u00f3n de la narratolog\u00eda, dentro del \u00e1mbito audiovisual, el cine y los videojuegos pactaron la sociedad perfecta. El ser humano goza con la posibilidad de sentarse alrededor de una hoguera para que le cuenten una historia, [&hellip;]","og_url":"https:\/\/sombrafestival.com\/en\/actividades-sombra-2025\/presentacion-del-libro-luces-camara-enter-play-vol-1-origenes-1988\/","og_site_name":"Sombra Festival","article_publisher":"https:\/\/www.facebook.com\/Sombra-Festival-De-CINE-Fantastico-Europeo-De-Murcia-175337032531429\/","article_modified_time":"2025-02-10T22:50:09+00:00","og_image":[{"width":1758,"height":2560,"url":"https:\/\/sombrafestival.com\/wp-content\/uploads\/2025\/02\/LUCES-ENTER-PLAY-scaled-1.jpg","type":"image\/jpeg"}],"twitter_card":"summary_large_image","twitter_site":"@SombraFestival","twitter_misc":{"Est. reading time":"2 minutes"},"schema":{"@context":"https:\/\/schema.org","@graph":[{"@type":"WebPage","@id":"https:\/\/sombrafestival.com\/actividades-sombra-2025\/presentacion-del-libro-luces-camara-enter-play-vol-1-origenes-1988\/","url":"https:\/\/sombrafestival.com\/actividades-sombra-2025\/presentacion-del-libro-luces-camara-enter-play-vol-1-origenes-1988\/","name":"Presentaci\u00f3n del libro \"Luces, c\u00e1mara\u2026 Enter Play. Vol. 1 (or\u00edgenes-1988)\" - Sombra Festival","isPartOf":{"@id":"https:\/\/sombrafestival.com\/en\/#website"},"primaryImageOfPage":{"@id":"https:\/\/sombrafestival.com\/actividades-sombra-2025\/presentacion-del-libro-luces-camara-enter-play-vol-1-origenes-1988\/#primaryimage"},"image":{"@id":"https:\/\/sombrafestival.com\/actividades-sombra-2025\/presentacion-del-libro-luces-camara-enter-play-vol-1-origenes-1988\/#primaryimage"},"thumbnailUrl":"https:\/\/sombrafestival.com\/wp-content\/uploads\/2025\/02\/LUCES-ENTER-PLAY-scaled-1.jpg","datePublished":"2025-02-03T22:16:23+00:00","dateModified":"2025-02-10T22:50:09+00:00","breadcrumb":{"@id":"https:\/\/sombrafestival.com\/actividades-sombra-2025\/presentacion-del-libro-luces-camara-enter-play-vol-1-origenes-1988\/#breadcrumb"},"inLanguage":"en-GB","potentialAction":[{"@type":"ReadAction","target":["https:\/\/sombrafestival.com\/actividades-sombra-2025\/presentacion-del-libro-luces-camara-enter-play-vol-1-origenes-1988\/"]}]},{"@type":"ImageObject","inLanguage":"en-GB","@id":"https:\/\/sombrafestival.com\/actividades-sombra-2025\/presentacion-del-libro-luces-camara-enter-play-vol-1-origenes-1988\/#primaryimage","url":"https:\/\/sombrafestival.com\/wp-content\/uploads\/2025\/02\/LUCES-ENTER-PLAY-scaled-1.jpg","contentUrl":"https:\/\/sombrafestival.com\/wp-content\/uploads\/2025\/02\/LUCES-ENTER-PLAY-scaled-1.jpg","width":1758,"height":2560},{"@type":"BreadcrumbList","@id":"https:\/\/sombrafestival.com\/actividades-sombra-2025\/presentacion-del-libro-luces-camara-enter-play-vol-1-origenes-1988\/#breadcrumb","itemListElement":[{"@type":"ListItem","position":1,"name":"Portada","item":"https:\/\/sombrafestival.com\/"},{"@type":"ListItem","position":2,"name":"Actividades Sombra 2025","item":"https:\/\/sombrafestival.com\/actividades-sombra-2025\/"},{"@type":"ListItem","position":3,"name":"Presentaci\u00f3n del libro \u00abLuces, c\u00e1mara\u2026 Enter Play. Vol. 1 (or\u00edgenes-1988)\u00bb"}]},{"@type":"WebSite","@id":"https:\/\/sombrafestival.com\/en\/#website","url":"https:\/\/sombrafestival.com\/en\/","name":"Sombra Festival","description":"XIII Festival de Cine Fant\u00e1stico Europeo de Murcia, 8-17 MARZO 2024","publisher":{"@id":"https:\/\/sombrafestival.com\/en\/#organization"},"potentialAction":[{"@type":"SearchAction","target":{"@type":"EntryPoint","urlTemplate":"https:\/\/sombrafestival.com\/en\/?s={search_term_string}"},"query-input":{"@type":"PropertyValueSpecification","valueRequired":true,"valueName":"search_term_string"}}],"inLanguage":"en-GB"},{"@type":"Organization","@id":"https:\/\/sombrafestival.com\/en\/#organization","name":"SOMBRA, IX FESTIVAL DE CINE FANTASTICO EUROPEO DE MURCIA","url":"https:\/\/sombrafestival.com\/en\/","logo":{"@type":"ImageObject","inLanguage":"en-GB","@id":"https:\/\/sombrafestival.com\/en\/#\/schema\/logo\/image\/","url":"https:\/\/sombrafestival.com\/wp-content\/uploads\/2019\/10\/Sombra-LogoIdentificador-Negativo.jpg","contentUrl":"https:\/\/sombrafestival.com\/wp-content\/uploads\/2019\/10\/Sombra-LogoIdentificador-Negativo.jpg","width":400,"height":400,"caption":"SOMBRA, IX FESTIVAL DE CINE FANTASTICO EUROPEO DE MURCIA"},"image":{"@id":"https:\/\/sombrafestival.com\/en\/#\/schema\/logo\/image\/"},"sameAs":["https:\/\/www.facebook.com\/Sombra-Festival-De-CINE-Fantastico-Europeo-De-Murcia-175337032531429\/","https:\/\/x.com\/SombraFestival","https:\/\/www.instagram.com\/sombrafestival\/","https:\/\/www.youtube.com\/channel\/UCBdSJni9V30Tq4cGf4Lj0Ug?view_as=subscriber"]}]}},"_links":{"self":[{"href":"https:\/\/sombrafestival.com\/en\/wp-json\/wp\/v2\/pages\/7074","targetHints":{"allow":["GET"]}}],"collection":[{"href":"https:\/\/sombrafestival.com\/en\/wp-json\/wp\/v2\/pages"}],"about":[{"href":"https:\/\/sombrafestival.com\/en\/wp-json\/wp\/v2\/types\/page"}],"author":[{"embeddable":true,"href":"https:\/\/sombrafestival.com\/en\/wp-json\/wp\/v2\/users\/2"}],"replies":[{"embeddable":true,"href":"https:\/\/sombrafestival.com\/en\/wp-json\/wp\/v2\/comments?post=7074"}],"version-history":[{"count":3,"href":"https:\/\/sombrafestival.com\/en\/wp-json\/wp\/v2\/pages\/7074\/revisions"}],"predecessor-version":[{"id":7421,"href":"https:\/\/sombrafestival.com\/en\/wp-json\/wp\/v2\/pages\/7074\/revisions\/7421"}],"up":[{"embeddable":true,"href":"https:\/\/sombrafestival.com\/en\/wp-json\/wp\/v2\/pages\/7014"}],"wp:featuredmedia":[{"embeddable":true,"href":"https:\/\/sombrafestival.com\/en\/wp-json\/wp\/v2\/media\/7076"}],"wp:attachment":[{"href":"https:\/\/sombrafestival.com\/en\/wp-json\/wp\/v2\/media?parent=7074"}],"curies":[{"name":"wp","href":"https:\/\/api.w.org\/{rel}","templated":true}]}}