{"id":7132,"date":"2025-02-04T00:34:50","date_gmt":"2025-02-03T23:34:50","guid":{"rendered":"https:\/\/sombrafestival.com\/?page_id=7132"},"modified":"2025-02-04T00:34:50","modified_gmt":"2025-02-03T23:34:50","slug":"angulo-muerto-sesion-especial-fuera-de-competicion","status":"publish","type":"page","link":"https:\/\/sombrafestival.com\/en\/cortometrajes-2025\/angulo-muerto-sesion-especial-fuera-de-competicion\/","title":{"rendered":"\u00c1ngulo Muerto | Sesi\u00f3n Especial Fuera de Competici\u00f3n"},"content":{"rendered":"<ul>\n<li><strong>Fecha:<\/strong> Viernes, 14 de marzo<\/li>\n<li><strong>Hora:<\/strong> 21:30<\/li>\n<li><strong>Lugar:<\/strong> Filmoteca Regional de Murcia (Sala A)<\/li>\n<\/ul>\n<h3>Sinopsis<\/h3>\n<p>Estela y Ram\u00f3n han atravesado una separaci\u00f3n y el suicidio de Hugo, su \u00fanico hijo, con tan solo 13 a\u00f1os, despu\u00e9s de sufrir acoso escolar. Cuando Estela obtiene un v\u00eddeo grabado por los agresores de su hijo, cree que ha llegado el momento de tener una conversaci\u00f3n con Ram\u00f3n. Mientras descubren la realidad de lo ocurrido con Hugo, tratar\u00e1n de esclarecer si podr\u00edan haberlo evitado y si estuvieron a la altura como padres.<\/p>\n<p><img loading=\"lazy\" decoding=\"async\" class=\"size-large wp-image-6771 aligncenter\" src=\"https:\/\/sombrafestival.com\/wp-content\/uploads\/2025\/01\/angulo_muerto-855736763-large-719x1024.jpg\" alt=\"\" width=\"696\" height=\"991\" srcset=\"https:\/\/sombrafestival.com\/wp-content\/uploads\/2025\/01\/angulo_muerto-855736763-large-719x1024.jpg 719w, https:\/\/sombrafestival.com\/wp-content\/uploads\/2025\/01\/angulo_muerto-855736763-large-211x300.jpg 211w, https:\/\/sombrafestival.com\/wp-content\/uploads\/2025\/01\/angulo_muerto-855736763-large-768x1093.jpg 768w, https:\/\/sombrafestival.com\/wp-content\/uploads\/2025\/01\/angulo_muerto-855736763-large-8x12.jpg 8w, https:\/\/sombrafestival.com\/wp-content\/uploads\/2025\/01\/angulo_muerto-855736763-large-295x420.jpg 295w, https:\/\/sombrafestival.com\/wp-content\/uploads\/2025\/01\/angulo_muerto-855736763-large-696x991.jpg 696w, https:\/\/sombrafestival.com\/wp-content\/uploads\/2025\/01\/angulo_muerto-855736763-large.jpg 843w\" sizes=\"auto, (max-width: 696px) 100vw, 696px\" \/><\/p>\n<ul>\n<li><strong>T\u00edtulo original: <span style=\"font-weight: 400;\">\u00c1ngulo Muerto<\/span><\/strong><\/li>\n<li><strong>A\u00f1o: <\/strong>2024<\/li>\n<li><strong>Duraci\u00f3n: <\/strong>14:59 minutos<\/li>\n<li><strong>Pa\u00eds: <\/strong>Espa\u00f1a<\/li>\n<li><strong>Direcci\u00f3n: <\/strong>Cristian Beteta<\/li>\n<li><strong>Guion: <\/strong>David Verdugo<\/li>\n<li><strong>Reparto: <\/strong>Carlos Santos y Eva Llorach<\/li>\n<li>M\u00fasica: Beatriz L\u00f3pez<\/li>\n<li>Compa\u00f1\u00eda: La Dalia Films SL &amp; Robot Productions SL<\/li>\n<\/ul>","protected":false},"excerpt":{"rendered":"<p>Fecha: Viernes, 14 de marzo Hora: 21:30 Lugar: Filmoteca Regional de Murcia (Sala A) Sinopsis Estela y Ram\u00f3n han atravesado una separaci\u00f3n y el suicidio de Hugo, su \u00fanico hijo, con tan solo 13 a\u00f1os, despu\u00e9s de sufrir acoso escolar. Cuando Estela obtiene un v\u00eddeo grabado por los agresores de su hijo, cree que ha [&hellip;]<\/p>","protected":false},"author":2,"featured_media":6771,"parent":6855,"menu_order":0,"comment_status":"closed","ping_status":"closed","template":"","meta":{"footnotes":""},"class_list":["post-7132","page","type-page","status-publish","has-post-thumbnail"],"yoast_head":"<!-- This site is optimized with the Yoast SEO plugin v24.3 - https:\/\/yoast.com\/wordpress\/plugins\/seo\/ -->\n<title>\u00c1ngulo Muerto | Sesi\u00f3n Especial Fuera de Competici\u00f3n - Sombra Festival<\/title>\n<meta name=\"robots\" content=\"index, follow, max-snippet:-1, max-image-preview:large, max-video-preview:-1\" \/>\n<link rel=\"canonical\" href=\"https:\/\/sombrafestival.com\/en\/cortometrajes-2025\/angulo-muerto-sesion-especial-fuera-de-competicion\/\" \/>\n<meta property=\"og:locale\" content=\"en_GB\" \/>\n<meta property=\"og:type\" content=\"article\" \/>\n<meta property=\"og:title\" content=\"\u00c1ngulo Muerto | Sesi\u00f3n Especial Fuera de Competici\u00f3n - Sombra Festival\" \/>\n<meta property=\"og:description\" content=\"Fecha: Viernes, 14 de marzo Hora: 21:30 Lugar: Filmoteca Regional de Murcia (Sala A) Sinopsis Estela y Ram\u00f3n han atravesado una separaci\u00f3n y el suicidio de Hugo, su \u00fanico hijo, con tan solo 13 a\u00f1os, despu\u00e9s de sufrir acoso escolar. Cuando Estela obtiene un v\u00eddeo grabado por los agresores de su hijo, cree que ha [&hellip;]\" \/>\n<meta property=\"og:url\" content=\"https:\/\/sombrafestival.com\/en\/cortometrajes-2025\/angulo-muerto-sesion-especial-fuera-de-competicion\/\" \/>\n<meta property=\"og:site_name\" content=\"Sombra Festival\" \/>\n<meta property=\"article:publisher\" content=\"https:\/\/www.facebook.com\/Sombra-Festival-De-CINE-Fantastico-Europeo-De-Murcia-175337032531429\/\" \/>\n<meta property=\"og:image\" content=\"https:\/\/sombrafestival.com\/wp-content\/uploads\/2025\/01\/angulo_muerto-855736763-large.jpg\" \/>\n\t<meta property=\"og:image:width\" content=\"843\" \/>\n\t<meta property=\"og:image:height\" content=\"1200\" \/>\n\t<meta property=\"og:image:type\" content=\"image\/jpeg\" \/>\n<meta name=\"twitter:card\" content=\"summary_large_image\" \/>\n<meta name=\"twitter:site\" content=\"@SombraFestival\" \/>\n<meta name=\"twitter:label1\" content=\"Est. reading time\" \/>\n\t<meta name=\"twitter:data1\" content=\"1 minute\" \/>\n<script type=\"application\/ld+json\" class=\"yoast-schema-graph\">{\"@context\":\"https:\/\/schema.org\",\"@graph\":[{\"@type\":\"WebPage\",\"@id\":\"https:\/\/sombrafestival.com\/cortometrajes-2025\/angulo-muerto-sesion-especial-fuera-de-competicion\/\",\"url\":\"https:\/\/sombrafestival.com\/cortometrajes-2025\/angulo-muerto-sesion-especial-fuera-de-competicion\/\",\"name\":\"\u00c1ngulo Muerto | Sesi\u00f3n Especial Fuera de Competici\u00f3n - Sombra Festival\",\"isPartOf\":{\"@id\":\"https:\/\/sombrafestival.com\/en\/#website\"},\"primaryImageOfPage\":{\"@id\":\"https:\/\/sombrafestival.com\/cortometrajes-2025\/angulo-muerto-sesion-especial-fuera-de-competicion\/#primaryimage\"},\"image\":{\"@id\":\"https:\/\/sombrafestival.com\/cortometrajes-2025\/angulo-muerto-sesion-especial-fuera-de-competicion\/#primaryimage\"},\"thumbnailUrl\":\"https:\/\/sombrafestival.com\/wp-content\/uploads\/2025\/01\/angulo_muerto-855736763-large.jpg\",\"datePublished\":\"2025-02-03T23:34:50+00:00\",\"dateModified\":\"2025-02-03T23:34:50+00:00\",\"breadcrumb\":{\"@id\":\"https:\/\/sombrafestival.com\/cortometrajes-2025\/angulo-muerto-sesion-especial-fuera-de-competicion\/#breadcrumb\"},\"inLanguage\":\"en-GB\",\"potentialAction\":[{\"@type\":\"ReadAction\",\"target\":[\"https:\/\/sombrafestival.com\/cortometrajes-2025\/angulo-muerto-sesion-especial-fuera-de-competicion\/\"]}]},{\"@type\":\"ImageObject\",\"inLanguage\":\"en-GB\",\"@id\":\"https:\/\/sombrafestival.com\/cortometrajes-2025\/angulo-muerto-sesion-especial-fuera-de-competicion\/#primaryimage\",\"url\":\"https:\/\/sombrafestival.com\/wp-content\/uploads\/2025\/01\/angulo_muerto-855736763-large.jpg\",\"contentUrl\":\"https:\/\/sombrafestival.com\/wp-content\/uploads\/2025\/01\/angulo_muerto-855736763-large.jpg\",\"width\":843,\"height\":1200},{\"@type\":\"BreadcrumbList\",\"@id\":\"https:\/\/sombrafestival.com\/cortometrajes-2025\/angulo-muerto-sesion-especial-fuera-de-competicion\/#breadcrumb\",\"itemListElement\":[{\"@type\":\"ListItem\",\"position\":1,\"name\":\"Portada\",\"item\":\"https:\/\/sombrafestival.com\/\"},{\"@type\":\"ListItem\",\"position\":2,\"name\":\"Cortometrajes 2025\",\"item\":\"https:\/\/sombrafestival.com\/cortometrajes-2025\/\"},{\"@type\":\"ListItem\",\"position\":3,\"name\":\"\u00c1ngulo Muerto | Sesi\u00f3n Especial Fuera de Competici\u00f3n\"}]},{\"@type\":\"WebSite\",\"@id\":\"https:\/\/sombrafestival.com\/en\/#website\",\"url\":\"https:\/\/sombrafestival.com\/en\/\",\"name\":\"Sombra Festival\",\"description\":\"XIII Festival de Cine Fant\u00e1stico Europeo de Murcia, 8-17 MARZO 2024\",\"publisher\":{\"@id\":\"https:\/\/sombrafestival.com\/en\/#organization\"},\"potentialAction\":[{\"@type\":\"SearchAction\",\"target\":{\"@type\":\"EntryPoint\",\"urlTemplate\":\"https:\/\/sombrafestival.com\/en\/?s={search_term_string}\"},\"query-input\":{\"@type\":\"PropertyValueSpecification\",\"valueRequired\":true,\"valueName\":\"search_term_string\"}}],\"inLanguage\":\"en-GB\"},{\"@type\":\"Organization\",\"@id\":\"https:\/\/sombrafestival.com\/en\/#organization\",\"name\":\"SOMBRA, IX FESTIVAL DE CINE FANTASTICO EUROPEO DE MURCIA\",\"url\":\"https:\/\/sombrafestival.com\/en\/\",\"logo\":{\"@type\":\"ImageObject\",\"inLanguage\":\"en-GB\",\"@id\":\"https:\/\/sombrafestival.com\/en\/#\/schema\/logo\/image\/\",\"url\":\"https:\/\/sombrafestival.com\/wp-content\/uploads\/2019\/10\/Sombra-LogoIdentificador-Negativo.jpg\",\"contentUrl\":\"https:\/\/sombrafestival.com\/wp-content\/uploads\/2019\/10\/Sombra-LogoIdentificador-Negativo.jpg\",\"width\":400,\"height\":400,\"caption\":\"SOMBRA, IX FESTIVAL DE CINE FANTASTICO EUROPEO DE MURCIA\"},\"image\":{\"@id\":\"https:\/\/sombrafestival.com\/en\/#\/schema\/logo\/image\/\"},\"sameAs\":[\"https:\/\/www.facebook.com\/Sombra-Festival-De-CINE-Fantastico-Europeo-De-Murcia-175337032531429\/\",\"https:\/\/x.com\/SombraFestival\",\"https:\/\/www.instagram.com\/sombrafestival\/\",\"https:\/\/www.youtube.com\/channel\/UCBdSJni9V30Tq4cGf4Lj0Ug?view_as=subscriber\"]}]}<\/script>\n<!-- \/ Yoast SEO plugin. -->","yoast_head_json":{"title":"\u00c1ngulo Muerto | Sesi\u00f3n Especial Fuera de Competici\u00f3n - Sombra Festival","robots":{"index":"index","follow":"follow","max-snippet":"max-snippet:-1","max-image-preview":"max-image-preview:large","max-video-preview":"max-video-preview:-1"},"canonical":"https:\/\/sombrafestival.com\/en\/cortometrajes-2025\/angulo-muerto-sesion-especial-fuera-de-competicion\/","og_locale":"en_GB","og_type":"article","og_title":"\u00c1ngulo Muerto | Sesi\u00f3n Especial Fuera de Competici\u00f3n - Sombra Festival","og_description":"Fecha: Viernes, 14 de marzo Hora: 21:30 Lugar: Filmoteca Regional de Murcia (Sala A) Sinopsis Estela y Ram\u00f3n han atravesado una separaci\u00f3n y el suicidio de Hugo, su \u00fanico hijo, con tan solo 13 a\u00f1os, despu\u00e9s de sufrir acoso escolar. Cuando Estela obtiene un v\u00eddeo grabado por los agresores de su hijo, cree que ha [&hellip;]","og_url":"https:\/\/sombrafestival.com\/en\/cortometrajes-2025\/angulo-muerto-sesion-especial-fuera-de-competicion\/","og_site_name":"Sombra Festival","article_publisher":"https:\/\/www.facebook.com\/Sombra-Festival-De-CINE-Fantastico-Europeo-De-Murcia-175337032531429\/","og_image":[{"width":843,"height":1200,"url":"https:\/\/sombrafestival.com\/wp-content\/uploads\/2025\/01\/angulo_muerto-855736763-large.jpg","type":"image\/jpeg"}],"twitter_card":"summary_large_image","twitter_site":"@SombraFestival","twitter_misc":{"Est. reading time":"1 minute"},"schema":{"@context":"https:\/\/schema.org","@graph":[{"@type":"WebPage","@id":"https:\/\/sombrafestival.com\/cortometrajes-2025\/angulo-muerto-sesion-especial-fuera-de-competicion\/","url":"https:\/\/sombrafestival.com\/cortometrajes-2025\/angulo-muerto-sesion-especial-fuera-de-competicion\/","name":"\u00c1ngulo Muerto | Sesi\u00f3n Especial Fuera de Competici\u00f3n - Sombra Festival","isPartOf":{"@id":"https:\/\/sombrafestival.com\/en\/#website"},"primaryImageOfPage":{"@id":"https:\/\/sombrafestival.com\/cortometrajes-2025\/angulo-muerto-sesion-especial-fuera-de-competicion\/#primaryimage"},"image":{"@id":"https:\/\/sombrafestival.com\/cortometrajes-2025\/angulo-muerto-sesion-especial-fuera-de-competicion\/#primaryimage"},"thumbnailUrl":"https:\/\/sombrafestival.com\/wp-content\/uploads\/2025\/01\/angulo_muerto-855736763-large.jpg","datePublished":"2025-02-03T23:34:50+00:00","dateModified":"2025-02-03T23:34:50+00:00","breadcrumb":{"@id":"https:\/\/sombrafestival.com\/cortometrajes-2025\/angulo-muerto-sesion-especial-fuera-de-competicion\/#breadcrumb"},"inLanguage":"en-GB","potentialAction":[{"@type":"ReadAction","target":["https:\/\/sombrafestival.com\/cortometrajes-2025\/angulo-muerto-sesion-especial-fuera-de-competicion\/"]}]},{"@type":"ImageObject","inLanguage":"en-GB","@id":"https:\/\/sombrafestival.com\/cortometrajes-2025\/angulo-muerto-sesion-especial-fuera-de-competicion\/#primaryimage","url":"https:\/\/sombrafestival.com\/wp-content\/uploads\/2025\/01\/angulo_muerto-855736763-large.jpg","contentUrl":"https:\/\/sombrafestival.com\/wp-content\/uploads\/2025\/01\/angulo_muerto-855736763-large.jpg","width":843,"height":1200},{"@type":"BreadcrumbList","@id":"https:\/\/sombrafestival.com\/cortometrajes-2025\/angulo-muerto-sesion-especial-fuera-de-competicion\/#breadcrumb","itemListElement":[{"@type":"ListItem","position":1,"name":"Portada","item":"https:\/\/sombrafestival.com\/"},{"@type":"ListItem","position":2,"name":"Cortometrajes 2025","item":"https:\/\/sombrafestival.com\/cortometrajes-2025\/"},{"@type":"ListItem","position":3,"name":"\u00c1ngulo Muerto | Sesi\u00f3n Especial Fuera de Competici\u00f3n"}]},{"@type":"WebSite","@id":"https:\/\/sombrafestival.com\/en\/#website","url":"https:\/\/sombrafestival.com\/en\/","name":"Sombra Festival","description":"XIII Festival de Cine Fant\u00e1stico Europeo de Murcia, 8-17 MARZO 2024","publisher":{"@id":"https:\/\/sombrafestival.com\/en\/#organization"},"potentialAction":[{"@type":"SearchAction","target":{"@type":"EntryPoint","urlTemplate":"https:\/\/sombrafestival.com\/en\/?s={search_term_string}"},"query-input":{"@type":"PropertyValueSpecification","valueRequired":true,"valueName":"search_term_string"}}],"inLanguage":"en-GB"},{"@type":"Organization","@id":"https:\/\/sombrafestival.com\/en\/#organization","name":"SOMBRA, IX FESTIVAL DE CINE FANTASTICO EUROPEO DE MURCIA","url":"https:\/\/sombrafestival.com\/en\/","logo":{"@type":"ImageObject","inLanguage":"en-GB","@id":"https:\/\/sombrafestival.com\/en\/#\/schema\/logo\/image\/","url":"https:\/\/sombrafestival.com\/wp-content\/uploads\/2019\/10\/Sombra-LogoIdentificador-Negativo.jpg","contentUrl":"https:\/\/sombrafestival.com\/wp-content\/uploads\/2019\/10\/Sombra-LogoIdentificador-Negativo.jpg","width":400,"height":400,"caption":"SOMBRA, IX FESTIVAL DE CINE FANTASTICO EUROPEO DE MURCIA"},"image":{"@id":"https:\/\/sombrafestival.com\/en\/#\/schema\/logo\/image\/"},"sameAs":["https:\/\/www.facebook.com\/Sombra-Festival-De-CINE-Fantastico-Europeo-De-Murcia-175337032531429\/","https:\/\/x.com\/SombraFestival","https:\/\/www.instagram.com\/sombrafestival\/","https:\/\/www.youtube.com\/channel\/UCBdSJni9V30Tq4cGf4Lj0Ug?view_as=subscriber"]}]}},"_links":{"self":[{"href":"https:\/\/sombrafestival.com\/en\/wp-json\/wp\/v2\/pages\/7132","targetHints":{"allow":["GET"]}}],"collection":[{"href":"https:\/\/sombrafestival.com\/en\/wp-json\/wp\/v2\/pages"}],"about":[{"href":"https:\/\/sombrafestival.com\/en\/wp-json\/wp\/v2\/types\/page"}],"author":[{"embeddable":true,"href":"https:\/\/sombrafestival.com\/en\/wp-json\/wp\/v2\/users\/2"}],"replies":[{"embeddable":true,"href":"https:\/\/sombrafestival.com\/en\/wp-json\/wp\/v2\/comments?post=7132"}],"version-history":[{"count":3,"href":"https:\/\/sombrafestival.com\/en\/wp-json\/wp\/v2\/pages\/7132\/revisions"}],"predecessor-version":[{"id":7135,"href":"https:\/\/sombrafestival.com\/en\/wp-json\/wp\/v2\/pages\/7132\/revisions\/7135"}],"up":[{"embeddable":true,"href":"https:\/\/sombrafestival.com\/en\/wp-json\/wp\/v2\/pages\/6855"}],"wp:featuredmedia":[{"embeddable":true,"href":"https:\/\/sombrafestival.com\/en\/wp-json\/wp\/v2\/media\/6771"}],"wp:attachment":[{"href":"https:\/\/sombrafestival.com\/en\/wp-json\/wp\/v2\/media?parent=7132"}],"curies":[{"name":"wp","href":"https:\/\/api.w.org\/{rel}","templated":true}]}}