{"id":7162,"date":"2025-02-04T01:04:31","date_gmt":"2025-02-04T00:04:31","guid":{"rendered":"https:\/\/sombrafestival.com\/?page_id=7162"},"modified":"2025-02-04T01:04:31","modified_gmt":"2025-02-04T00:04:31","slug":"invitados-sombra-2025-eva-llorach","status":"publish","type":"page","link":"https:\/\/sombrafestival.com\/en\/invitados-2025\/invitados-sombra-2025-eva-llorach\/","title":{"rendered":"Invitados Sombra 2025 | Eva Llorach"},"content":{"rendered":"<h2>Eva Llorach<\/h2>\n<p>Eva Llorach naci\u00f3 el 21 de octubre de 1970 en Espa\u00f1a. Es una actriz y escritora, conocida por Qui\u00e9n te cantar\u00e1 (2018), Magical Girl (2014) y Diamond Flash (2011).<\/p>\n<p><img loading=\"lazy\" decoding=\"async\" class=\"size-full wp-image-7164 aligncenter\" src=\"https:\/\/sombrafestival.com\/wp-content\/uploads\/2025\/02\/Eva-Llorach-4.jpg\" alt=\"\" width=\"600\" height=\"800\" srcset=\"https:\/\/sombrafestival.com\/wp-content\/uploads\/2025\/02\/Eva-Llorach-4.jpg 600w, https:\/\/sombrafestival.com\/wp-content\/uploads\/2025\/02\/Eva-Llorach-4-225x300.jpg 225w, https:\/\/sombrafestival.com\/wp-content\/uploads\/2025\/02\/Eva-Llorach-4-9x12.jpg 9w, https:\/\/sombrafestival.com\/wp-content\/uploads\/2025\/02\/Eva-Llorach-4-315x420.jpg 315w\" sizes=\"auto, (max-width: 600px) 100vw, 600px\" \/><\/p>","protected":false},"excerpt":{"rendered":"<p>Eva Llorach Eva Llorach naci\u00f3 el 21 de octubre de 1970 en Espa\u00f1a. Es una actriz y escritora, conocida por Qui\u00e9n te cantar\u00e1 (2018), Magical Girl (2014) y Diamond Flash (2011).<\/p>","protected":false},"author":2,"featured_media":7164,"parent":7148,"menu_order":0,"comment_status":"closed","ping_status":"closed","template":"","meta":{"footnotes":""},"class_list":["post-7162","page","type-page","status-publish","has-post-thumbnail"],"yoast_head":"<!-- This site is optimized with the Yoast SEO plugin v24.3 - https:\/\/yoast.com\/wordpress\/plugins\/seo\/ -->\n<title>Invitados Sombra 2025 | Eva Llorach - Sombra Festival<\/title>\n<meta name=\"robots\" content=\"index, follow, max-snippet:-1, max-image-preview:large, max-video-preview:-1\" \/>\n<link rel=\"canonical\" href=\"https:\/\/sombrafestival.com\/en\/invitados-2025\/invitados-sombra-2025-eva-llorach\/\" \/>\n<meta property=\"og:locale\" content=\"en_GB\" \/>\n<meta property=\"og:type\" content=\"article\" \/>\n<meta property=\"og:title\" content=\"Invitados Sombra 2025 | Eva Llorach - Sombra Festival\" \/>\n<meta property=\"og:description\" content=\"Eva Llorach Eva Llorach naci\u00f3 el 21 de octubre de 1970 en Espa\u00f1a. Es una actriz y escritora, conocida por Qui\u00e9n te cantar\u00e1 (2018), Magical Girl (2014) y Diamond Flash (2011).\" \/>\n<meta property=\"og:url\" content=\"https:\/\/sombrafestival.com\/en\/invitados-2025\/invitados-sombra-2025-eva-llorach\/\" \/>\n<meta property=\"og:site_name\" content=\"Sombra Festival\" \/>\n<meta property=\"article:publisher\" content=\"https:\/\/www.facebook.com\/Sombra-Festival-De-CINE-Fantastico-Europeo-De-Murcia-175337032531429\/\" \/>\n<meta property=\"og:image\" content=\"https:\/\/sombrafestival.com\/wp-content\/uploads\/2025\/02\/Eva-Llorach-4.jpg\" \/>\n\t<meta property=\"og:image:width\" content=\"600\" \/>\n\t<meta property=\"og:image:height\" content=\"800\" \/>\n\t<meta property=\"og:image:type\" content=\"image\/jpeg\" \/>\n<meta name=\"twitter:card\" content=\"summary_large_image\" \/>\n<meta name=\"twitter:site\" content=\"@SombraFestival\" \/>\n<meta name=\"twitter:label1\" content=\"Est. reading time\" \/>\n\t<meta name=\"twitter:data1\" content=\"1 minute\" \/>\n<script type=\"application\/ld+json\" class=\"yoast-schema-graph\">{\"@context\":\"https:\/\/schema.org\",\"@graph\":[{\"@type\":\"WebPage\",\"@id\":\"https:\/\/sombrafestival.com\/invitados-2025\/invitados-sombra-2025-eva-llorach\/\",\"url\":\"https:\/\/sombrafestival.com\/invitados-2025\/invitados-sombra-2025-eva-llorach\/\",\"name\":\"Invitados Sombra 2025 | Eva Llorach - Sombra Festival\",\"isPartOf\":{\"@id\":\"https:\/\/sombrafestival.com\/en\/#website\"},\"primaryImageOfPage\":{\"@id\":\"https:\/\/sombrafestival.com\/invitados-2025\/invitados-sombra-2025-eva-llorach\/#primaryimage\"},\"image\":{\"@id\":\"https:\/\/sombrafestival.com\/invitados-2025\/invitados-sombra-2025-eva-llorach\/#primaryimage\"},\"thumbnailUrl\":\"https:\/\/sombrafestival.com\/wp-content\/uploads\/2025\/02\/Eva-Llorach-4.jpg\",\"datePublished\":\"2025-02-04T00:04:31+00:00\",\"dateModified\":\"2025-02-04T00:04:31+00:00\",\"breadcrumb\":{\"@id\":\"https:\/\/sombrafestival.com\/invitados-2025\/invitados-sombra-2025-eva-llorach\/#breadcrumb\"},\"inLanguage\":\"en-GB\",\"potentialAction\":[{\"@type\":\"ReadAction\",\"target\":[\"https:\/\/sombrafestival.com\/invitados-2025\/invitados-sombra-2025-eva-llorach\/\"]}]},{\"@type\":\"ImageObject\",\"inLanguage\":\"en-GB\",\"@id\":\"https:\/\/sombrafestival.com\/invitados-2025\/invitados-sombra-2025-eva-llorach\/#primaryimage\",\"url\":\"https:\/\/sombrafestival.com\/wp-content\/uploads\/2025\/02\/Eva-Llorach-4.jpg\",\"contentUrl\":\"https:\/\/sombrafestival.com\/wp-content\/uploads\/2025\/02\/Eva-Llorach-4.jpg\",\"width\":600,\"height\":800},{\"@type\":\"BreadcrumbList\",\"@id\":\"https:\/\/sombrafestival.com\/invitados-2025\/invitados-sombra-2025-eva-llorach\/#breadcrumb\",\"itemListElement\":[{\"@type\":\"ListItem\",\"position\":1,\"name\":\"Portada\",\"item\":\"https:\/\/sombrafestival.com\/\"},{\"@type\":\"ListItem\",\"position\":2,\"name\":\"Invitados 2025\",\"item\":\"https:\/\/sombrafestival.com\/invitados-2025\/\"},{\"@type\":\"ListItem\",\"position\":3,\"name\":\"Invitados Sombra 2025 | Eva Llorach\"}]},{\"@type\":\"WebSite\",\"@id\":\"https:\/\/sombrafestival.com\/en\/#website\",\"url\":\"https:\/\/sombrafestival.com\/en\/\",\"name\":\"Sombra Festival\",\"description\":\"XIII Festival de Cine Fant\u00e1stico Europeo de Murcia, 8-17 MARZO 2024\",\"publisher\":{\"@id\":\"https:\/\/sombrafestival.com\/en\/#organization\"},\"potentialAction\":[{\"@type\":\"SearchAction\",\"target\":{\"@type\":\"EntryPoint\",\"urlTemplate\":\"https:\/\/sombrafestival.com\/en\/?s={search_term_string}\"},\"query-input\":{\"@type\":\"PropertyValueSpecification\",\"valueRequired\":true,\"valueName\":\"search_term_string\"}}],\"inLanguage\":\"en-GB\"},{\"@type\":\"Organization\",\"@id\":\"https:\/\/sombrafestival.com\/en\/#organization\",\"name\":\"SOMBRA, IX FESTIVAL DE CINE FANTASTICO EUROPEO DE MURCIA\",\"url\":\"https:\/\/sombrafestival.com\/en\/\",\"logo\":{\"@type\":\"ImageObject\",\"inLanguage\":\"en-GB\",\"@id\":\"https:\/\/sombrafestival.com\/en\/#\/schema\/logo\/image\/\",\"url\":\"https:\/\/sombrafestival.com\/wp-content\/uploads\/2019\/10\/Sombra-LogoIdentificador-Negativo.jpg\",\"contentUrl\":\"https:\/\/sombrafestival.com\/wp-content\/uploads\/2019\/10\/Sombra-LogoIdentificador-Negativo.jpg\",\"width\":400,\"height\":400,\"caption\":\"SOMBRA, IX FESTIVAL DE CINE FANTASTICO EUROPEO DE MURCIA\"},\"image\":{\"@id\":\"https:\/\/sombrafestival.com\/en\/#\/schema\/logo\/image\/\"},\"sameAs\":[\"https:\/\/www.facebook.com\/Sombra-Festival-De-CINE-Fantastico-Europeo-De-Murcia-175337032531429\/\",\"https:\/\/x.com\/SombraFestival\",\"https:\/\/www.instagram.com\/sombrafestival\/\",\"https:\/\/www.youtube.com\/channel\/UCBdSJni9V30Tq4cGf4Lj0Ug?view_as=subscriber\"]}]}<\/script>\n<!-- \/ Yoast SEO plugin. -->","yoast_head_json":{"title":"Invitados Sombra 2025 | Eva Llorach - Sombra Festival","robots":{"index":"index","follow":"follow","max-snippet":"max-snippet:-1","max-image-preview":"max-image-preview:large","max-video-preview":"max-video-preview:-1"},"canonical":"https:\/\/sombrafestival.com\/en\/invitados-2025\/invitados-sombra-2025-eva-llorach\/","og_locale":"en_GB","og_type":"article","og_title":"Invitados Sombra 2025 | Eva Llorach - Sombra Festival","og_description":"Eva Llorach Eva Llorach naci\u00f3 el 21 de octubre de 1970 en Espa\u00f1a. Es una actriz y escritora, conocida por Qui\u00e9n te cantar\u00e1 (2018), Magical Girl (2014) y Diamond Flash (2011).","og_url":"https:\/\/sombrafestival.com\/en\/invitados-2025\/invitados-sombra-2025-eva-llorach\/","og_site_name":"Sombra Festival","article_publisher":"https:\/\/www.facebook.com\/Sombra-Festival-De-CINE-Fantastico-Europeo-De-Murcia-175337032531429\/","og_image":[{"width":600,"height":800,"url":"https:\/\/sombrafestival.com\/wp-content\/uploads\/2025\/02\/Eva-Llorach-4.jpg","type":"image\/jpeg"}],"twitter_card":"summary_large_image","twitter_site":"@SombraFestival","twitter_misc":{"Est. reading time":"1 minute"},"schema":{"@context":"https:\/\/schema.org","@graph":[{"@type":"WebPage","@id":"https:\/\/sombrafestival.com\/invitados-2025\/invitados-sombra-2025-eva-llorach\/","url":"https:\/\/sombrafestival.com\/invitados-2025\/invitados-sombra-2025-eva-llorach\/","name":"Invitados Sombra 2025 | Eva Llorach - Sombra Festival","isPartOf":{"@id":"https:\/\/sombrafestival.com\/en\/#website"},"primaryImageOfPage":{"@id":"https:\/\/sombrafestival.com\/invitados-2025\/invitados-sombra-2025-eva-llorach\/#primaryimage"},"image":{"@id":"https:\/\/sombrafestival.com\/invitados-2025\/invitados-sombra-2025-eva-llorach\/#primaryimage"},"thumbnailUrl":"https:\/\/sombrafestival.com\/wp-content\/uploads\/2025\/02\/Eva-Llorach-4.jpg","datePublished":"2025-02-04T00:04:31+00:00","dateModified":"2025-02-04T00:04:31+00:00","breadcrumb":{"@id":"https:\/\/sombrafestival.com\/invitados-2025\/invitados-sombra-2025-eva-llorach\/#breadcrumb"},"inLanguage":"en-GB","potentialAction":[{"@type":"ReadAction","target":["https:\/\/sombrafestival.com\/invitados-2025\/invitados-sombra-2025-eva-llorach\/"]}]},{"@type":"ImageObject","inLanguage":"en-GB","@id":"https:\/\/sombrafestival.com\/invitados-2025\/invitados-sombra-2025-eva-llorach\/#primaryimage","url":"https:\/\/sombrafestival.com\/wp-content\/uploads\/2025\/02\/Eva-Llorach-4.jpg","contentUrl":"https:\/\/sombrafestival.com\/wp-content\/uploads\/2025\/02\/Eva-Llorach-4.jpg","width":600,"height":800},{"@type":"BreadcrumbList","@id":"https:\/\/sombrafestival.com\/invitados-2025\/invitados-sombra-2025-eva-llorach\/#breadcrumb","itemListElement":[{"@type":"ListItem","position":1,"name":"Portada","item":"https:\/\/sombrafestival.com\/"},{"@type":"ListItem","position":2,"name":"Invitados 2025","item":"https:\/\/sombrafestival.com\/invitados-2025\/"},{"@type":"ListItem","position":3,"name":"Invitados Sombra 2025 | Eva Llorach"}]},{"@type":"WebSite","@id":"https:\/\/sombrafestival.com\/en\/#website","url":"https:\/\/sombrafestival.com\/en\/","name":"Sombra Festival","description":"XIII Festival de Cine Fant\u00e1stico Europeo de Murcia, 8-17 MARZO 2024","publisher":{"@id":"https:\/\/sombrafestival.com\/en\/#organization"},"potentialAction":[{"@type":"SearchAction","target":{"@type":"EntryPoint","urlTemplate":"https:\/\/sombrafestival.com\/en\/?s={search_term_string}"},"query-input":{"@type":"PropertyValueSpecification","valueRequired":true,"valueName":"search_term_string"}}],"inLanguage":"en-GB"},{"@type":"Organization","@id":"https:\/\/sombrafestival.com\/en\/#organization","name":"SOMBRA, IX FESTIVAL DE CINE FANTASTICO EUROPEO DE MURCIA","url":"https:\/\/sombrafestival.com\/en\/","logo":{"@type":"ImageObject","inLanguage":"en-GB","@id":"https:\/\/sombrafestival.com\/en\/#\/schema\/logo\/image\/","url":"https:\/\/sombrafestival.com\/wp-content\/uploads\/2019\/10\/Sombra-LogoIdentificador-Negativo.jpg","contentUrl":"https:\/\/sombrafestival.com\/wp-content\/uploads\/2019\/10\/Sombra-LogoIdentificador-Negativo.jpg","width":400,"height":400,"caption":"SOMBRA, IX FESTIVAL DE CINE FANTASTICO EUROPEO DE MURCIA"},"image":{"@id":"https:\/\/sombrafestival.com\/en\/#\/schema\/logo\/image\/"},"sameAs":["https:\/\/www.facebook.com\/Sombra-Festival-De-CINE-Fantastico-Europeo-De-Murcia-175337032531429\/","https:\/\/x.com\/SombraFestival","https:\/\/www.instagram.com\/sombrafestival\/","https:\/\/www.youtube.com\/channel\/UCBdSJni9V30Tq4cGf4Lj0Ug?view_as=subscriber"]}]}},"_links":{"self":[{"href":"https:\/\/sombrafestival.com\/en\/wp-json\/wp\/v2\/pages\/7162","targetHints":{"allow":["GET"]}}],"collection":[{"href":"https:\/\/sombrafestival.com\/en\/wp-json\/wp\/v2\/pages"}],"about":[{"href":"https:\/\/sombrafestival.com\/en\/wp-json\/wp\/v2\/types\/page"}],"author":[{"embeddable":true,"href":"https:\/\/sombrafestival.com\/en\/wp-json\/wp\/v2\/users\/2"}],"replies":[{"embeddable":true,"href":"https:\/\/sombrafestival.com\/en\/wp-json\/wp\/v2\/comments?post=7162"}],"version-history":[{"count":1,"href":"https:\/\/sombrafestival.com\/en\/wp-json\/wp\/v2\/pages\/7162\/revisions"}],"predecessor-version":[{"id":7165,"href":"https:\/\/sombrafestival.com\/en\/wp-json\/wp\/v2\/pages\/7162\/revisions\/7165"}],"up":[{"embeddable":true,"href":"https:\/\/sombrafestival.com\/en\/wp-json\/wp\/v2\/pages\/7148"}],"wp:featuredmedia":[{"embeddable":true,"href":"https:\/\/sombrafestival.com\/en\/wp-json\/wp\/v2\/media\/7164"}],"wp:attachment":[{"href":"https:\/\/sombrafestival.com\/en\/wp-json\/wp\/v2\/media?parent=7162"}],"curies":[{"name":"wp","href":"https:\/\/api.w.org\/{rel}","templated":true}]}}