{"id":7166,"date":"2025-02-04T01:09:50","date_gmt":"2025-02-04T00:09:50","guid":{"rendered":"https:\/\/sombrafestival.com\/?page_id=7166"},"modified":"2025-02-04T01:09:50","modified_gmt":"2025-02-04T00:09:50","slug":"invitados-sombra-2025-john-mctiernan","status":"publish","type":"page","link":"https:\/\/sombrafestival.com\/en\/invitados-2025\/invitados-sombra-2025-john-mctiernan\/","title":{"rendered":"Invitados Sombra 2025 | John McTiernan"},"content":{"rendered":"<h2>John McTiernan<\/h2>\n<p>El maestro de la acci\u00f3n y el suspense, John McTiernan, ser\u00e1 uno de los invitados estrella del festival. Director visionario y responsable de algunas de las pel\u00edculas m\u00e1s ic\u00f3nicas del cine de g\u00e9nero, McTiernan revolucion\u00f3 el cine de acci\u00f3n con un estilo inconfundible, combinando tensi\u00f3n, espectacularidad y un dominio absoluto del ritmo narrativo.<\/p>\n<p>En 1987, nos sumergi\u00f3 en la selva con Depredador, un cl\u00e1sico del cine de ciencia ficci\u00f3n y terror que redefini\u00f3 el monstruo cinematogr\u00e1fico. Un a\u00f1o despu\u00e9s, cambi\u00f3 para siempre el thriller de acci\u00f3n con Jungla de Cristal (Die Hard, 1988), elevando a Bruce Willis a la categor\u00eda de h\u00e9roe definitivo y estableciendo el est\u00e1ndar del cine de acci\u00f3n moderno. Su filmograf\u00eda incluye otras joyas como La caza del Octubre Rojo (1990), El \u00faltimo gran h\u00e9roe (1993) y El guerrero n\u00famero 13 (1999), todas con su inconfundible sello de intensidad y dinamismo.<\/p>\n<p><img loading=\"lazy\" decoding=\"async\" class=\"alignnone size-full wp-image-7167\" src=\"https:\/\/sombrafestival.com\/wp-content\/uploads\/2025\/02\/John-McTiernan.jpg\" alt=\"\" width=\"1023\" height=\"685\" srcset=\"https:\/\/sombrafestival.com\/wp-content\/uploads\/2025\/02\/John-McTiernan.jpg 1023w, https:\/\/sombrafestival.com\/wp-content\/uploads\/2025\/02\/John-McTiernan-300x201.jpg 300w, https:\/\/sombrafestival.com\/wp-content\/uploads\/2025\/02\/John-McTiernan-768x514.jpg 768w, https:\/\/sombrafestival.com\/wp-content\/uploads\/2025\/02\/John-McTiernan-18x12.jpg 18w, https:\/\/sombrafestival.com\/wp-content\/uploads\/2025\/02\/John-McTiernan-627x420.jpg 627w, https:\/\/sombrafestival.com\/wp-content\/uploads\/2025\/02\/John-McTiernan-696x466.jpg 696w\" sizes=\"auto, (max-width: 1023px) 100vw, 1023px\" \/><\/p>","protected":false},"excerpt":{"rendered":"<p>John McTiernan El maestro de la acci\u00f3n y el suspense, John McTiernan, ser\u00e1 uno de los invitados estrella del festival. Director visionario y responsable de algunas de las pel\u00edculas m\u00e1s ic\u00f3nicas del cine de g\u00e9nero, McTiernan revolucion\u00f3 el cine de acci\u00f3n con un estilo inconfundible, combinando tensi\u00f3n, espectacularidad y un dominio absoluto del ritmo narrativo. [&hellip;]<\/p>","protected":false},"author":2,"featured_media":7167,"parent":7148,"menu_order":0,"comment_status":"closed","ping_status":"closed","template":"","meta":{"footnotes":""},"class_list":["post-7166","page","type-page","status-publish","has-post-thumbnail"],"yoast_head":"<!-- This site is optimized with the Yoast SEO plugin v24.3 - https:\/\/yoast.com\/wordpress\/plugins\/seo\/ -->\n<title>Invitados Sombra 2025 | John McTiernan - Sombra Festival<\/title>\n<meta name=\"robots\" content=\"index, follow, max-snippet:-1, max-image-preview:large, max-video-preview:-1\" \/>\n<link rel=\"canonical\" href=\"https:\/\/sombrafestival.com\/en\/invitados-2025\/invitados-sombra-2025-john-mctiernan\/\" \/>\n<meta property=\"og:locale\" content=\"en_GB\" \/>\n<meta property=\"og:type\" content=\"article\" \/>\n<meta property=\"og:title\" content=\"Invitados Sombra 2025 | John McTiernan - Sombra Festival\" \/>\n<meta property=\"og:description\" content=\"John McTiernan El maestro de la acci\u00f3n y el suspense, John McTiernan, ser\u00e1 uno de los invitados estrella del festival. Director visionario y responsable de algunas de las pel\u00edculas m\u00e1s ic\u00f3nicas del cine de g\u00e9nero, McTiernan revolucion\u00f3 el cine de acci\u00f3n con un estilo inconfundible, combinando tensi\u00f3n, espectacularidad y un dominio absoluto del ritmo narrativo. [&hellip;]\" \/>\n<meta property=\"og:url\" content=\"https:\/\/sombrafestival.com\/en\/invitados-2025\/invitados-sombra-2025-john-mctiernan\/\" \/>\n<meta property=\"og:site_name\" content=\"Sombra Festival\" \/>\n<meta property=\"article:publisher\" content=\"https:\/\/www.facebook.com\/Sombra-Festival-De-CINE-Fantastico-Europeo-De-Murcia-175337032531429\/\" \/>\n<meta property=\"og:image\" content=\"https:\/\/sombrafestival.com\/wp-content\/uploads\/2025\/02\/John-McTiernan.jpg\" \/>\n\t<meta property=\"og:image:width\" content=\"1023\" \/>\n\t<meta property=\"og:image:height\" content=\"685\" \/>\n\t<meta property=\"og:image:type\" content=\"image\/jpeg\" \/>\n<meta name=\"twitter:card\" content=\"summary_large_image\" \/>\n<meta name=\"twitter:site\" content=\"@SombraFestival\" \/>\n<meta name=\"twitter:label1\" content=\"Est. reading time\" \/>\n\t<meta name=\"twitter:data1\" content=\"2 minutes\" \/>\n<script type=\"application\/ld+json\" class=\"yoast-schema-graph\">{\"@context\":\"https:\/\/schema.org\",\"@graph\":[{\"@type\":\"WebPage\",\"@id\":\"https:\/\/sombrafestival.com\/invitados-2025\/invitados-sombra-2025-john-mctiernan\/\",\"url\":\"https:\/\/sombrafestival.com\/invitados-2025\/invitados-sombra-2025-john-mctiernan\/\",\"name\":\"Invitados Sombra 2025 | John McTiernan - Sombra Festival\",\"isPartOf\":{\"@id\":\"https:\/\/sombrafestival.com\/en\/#website\"},\"primaryImageOfPage\":{\"@id\":\"https:\/\/sombrafestival.com\/invitados-2025\/invitados-sombra-2025-john-mctiernan\/#primaryimage\"},\"image\":{\"@id\":\"https:\/\/sombrafestival.com\/invitados-2025\/invitados-sombra-2025-john-mctiernan\/#primaryimage\"},\"thumbnailUrl\":\"https:\/\/sombrafestival.com\/wp-content\/uploads\/2025\/02\/John-McTiernan.jpg\",\"datePublished\":\"2025-02-04T00:09:50+00:00\",\"dateModified\":\"2025-02-04T00:09:50+00:00\",\"breadcrumb\":{\"@id\":\"https:\/\/sombrafestival.com\/invitados-2025\/invitados-sombra-2025-john-mctiernan\/#breadcrumb\"},\"inLanguage\":\"en-GB\",\"potentialAction\":[{\"@type\":\"ReadAction\",\"target\":[\"https:\/\/sombrafestival.com\/invitados-2025\/invitados-sombra-2025-john-mctiernan\/\"]}]},{\"@type\":\"ImageObject\",\"inLanguage\":\"en-GB\",\"@id\":\"https:\/\/sombrafestival.com\/invitados-2025\/invitados-sombra-2025-john-mctiernan\/#primaryimage\",\"url\":\"https:\/\/sombrafestival.com\/wp-content\/uploads\/2025\/02\/John-McTiernan.jpg\",\"contentUrl\":\"https:\/\/sombrafestival.com\/wp-content\/uploads\/2025\/02\/John-McTiernan.jpg\",\"width\":1023,\"height\":685},{\"@type\":\"BreadcrumbList\",\"@id\":\"https:\/\/sombrafestival.com\/invitados-2025\/invitados-sombra-2025-john-mctiernan\/#breadcrumb\",\"itemListElement\":[{\"@type\":\"ListItem\",\"position\":1,\"name\":\"Portada\",\"item\":\"https:\/\/sombrafestival.com\/\"},{\"@type\":\"ListItem\",\"position\":2,\"name\":\"Invitados 2025\",\"item\":\"https:\/\/sombrafestival.com\/invitados-2025\/\"},{\"@type\":\"ListItem\",\"position\":3,\"name\":\"Invitados Sombra 2025 | John McTiernan\"}]},{\"@type\":\"WebSite\",\"@id\":\"https:\/\/sombrafestival.com\/en\/#website\",\"url\":\"https:\/\/sombrafestival.com\/en\/\",\"name\":\"Sombra Festival\",\"description\":\"XIII Festival de Cine Fant\u00e1stico Europeo de Murcia, 8-17 MARZO 2024\",\"publisher\":{\"@id\":\"https:\/\/sombrafestival.com\/en\/#organization\"},\"potentialAction\":[{\"@type\":\"SearchAction\",\"target\":{\"@type\":\"EntryPoint\",\"urlTemplate\":\"https:\/\/sombrafestival.com\/en\/?s={search_term_string}\"},\"query-input\":{\"@type\":\"PropertyValueSpecification\",\"valueRequired\":true,\"valueName\":\"search_term_string\"}}],\"inLanguage\":\"en-GB\"},{\"@type\":\"Organization\",\"@id\":\"https:\/\/sombrafestival.com\/en\/#organization\",\"name\":\"SOMBRA, IX FESTIVAL DE CINE FANTASTICO EUROPEO DE MURCIA\",\"url\":\"https:\/\/sombrafestival.com\/en\/\",\"logo\":{\"@type\":\"ImageObject\",\"inLanguage\":\"en-GB\",\"@id\":\"https:\/\/sombrafestival.com\/en\/#\/schema\/logo\/image\/\",\"url\":\"https:\/\/sombrafestival.com\/wp-content\/uploads\/2019\/10\/Sombra-LogoIdentificador-Negativo.jpg\",\"contentUrl\":\"https:\/\/sombrafestival.com\/wp-content\/uploads\/2019\/10\/Sombra-LogoIdentificador-Negativo.jpg\",\"width\":400,\"height\":400,\"caption\":\"SOMBRA, IX FESTIVAL DE CINE FANTASTICO EUROPEO DE MURCIA\"},\"image\":{\"@id\":\"https:\/\/sombrafestival.com\/en\/#\/schema\/logo\/image\/\"},\"sameAs\":[\"https:\/\/www.facebook.com\/Sombra-Festival-De-CINE-Fantastico-Europeo-De-Murcia-175337032531429\/\",\"https:\/\/x.com\/SombraFestival\",\"https:\/\/www.instagram.com\/sombrafestival\/\",\"https:\/\/www.youtube.com\/channel\/UCBdSJni9V30Tq4cGf4Lj0Ug?view_as=subscriber\"]}]}<\/script>\n<!-- \/ Yoast SEO plugin. -->","yoast_head_json":{"title":"Invitados Sombra 2025 | John McTiernan - Sombra Festival","robots":{"index":"index","follow":"follow","max-snippet":"max-snippet:-1","max-image-preview":"max-image-preview:large","max-video-preview":"max-video-preview:-1"},"canonical":"https:\/\/sombrafestival.com\/en\/invitados-2025\/invitados-sombra-2025-john-mctiernan\/","og_locale":"en_GB","og_type":"article","og_title":"Invitados Sombra 2025 | John McTiernan - Sombra Festival","og_description":"John McTiernan El maestro de la acci\u00f3n y el suspense, John McTiernan, ser\u00e1 uno de los invitados estrella del festival. Director visionario y responsable de algunas de las pel\u00edculas m\u00e1s ic\u00f3nicas del cine de g\u00e9nero, McTiernan revolucion\u00f3 el cine de acci\u00f3n con un estilo inconfundible, combinando tensi\u00f3n, espectacularidad y un dominio absoluto del ritmo narrativo. [&hellip;]","og_url":"https:\/\/sombrafestival.com\/en\/invitados-2025\/invitados-sombra-2025-john-mctiernan\/","og_site_name":"Sombra Festival","article_publisher":"https:\/\/www.facebook.com\/Sombra-Festival-De-CINE-Fantastico-Europeo-De-Murcia-175337032531429\/","og_image":[{"width":1023,"height":685,"url":"https:\/\/sombrafestival.com\/wp-content\/uploads\/2025\/02\/John-McTiernan.jpg","type":"image\/jpeg"}],"twitter_card":"summary_large_image","twitter_site":"@SombraFestival","twitter_misc":{"Est. reading time":"2 minutes"},"schema":{"@context":"https:\/\/schema.org","@graph":[{"@type":"WebPage","@id":"https:\/\/sombrafestival.com\/invitados-2025\/invitados-sombra-2025-john-mctiernan\/","url":"https:\/\/sombrafestival.com\/invitados-2025\/invitados-sombra-2025-john-mctiernan\/","name":"Invitados Sombra 2025 | John McTiernan - Sombra Festival","isPartOf":{"@id":"https:\/\/sombrafestival.com\/en\/#website"},"primaryImageOfPage":{"@id":"https:\/\/sombrafestival.com\/invitados-2025\/invitados-sombra-2025-john-mctiernan\/#primaryimage"},"image":{"@id":"https:\/\/sombrafestival.com\/invitados-2025\/invitados-sombra-2025-john-mctiernan\/#primaryimage"},"thumbnailUrl":"https:\/\/sombrafestival.com\/wp-content\/uploads\/2025\/02\/John-McTiernan.jpg","datePublished":"2025-02-04T00:09:50+00:00","dateModified":"2025-02-04T00:09:50+00:00","breadcrumb":{"@id":"https:\/\/sombrafestival.com\/invitados-2025\/invitados-sombra-2025-john-mctiernan\/#breadcrumb"},"inLanguage":"en-GB","potentialAction":[{"@type":"ReadAction","target":["https:\/\/sombrafestival.com\/invitados-2025\/invitados-sombra-2025-john-mctiernan\/"]}]},{"@type":"ImageObject","inLanguage":"en-GB","@id":"https:\/\/sombrafestival.com\/invitados-2025\/invitados-sombra-2025-john-mctiernan\/#primaryimage","url":"https:\/\/sombrafestival.com\/wp-content\/uploads\/2025\/02\/John-McTiernan.jpg","contentUrl":"https:\/\/sombrafestival.com\/wp-content\/uploads\/2025\/02\/John-McTiernan.jpg","width":1023,"height":685},{"@type":"BreadcrumbList","@id":"https:\/\/sombrafestival.com\/invitados-2025\/invitados-sombra-2025-john-mctiernan\/#breadcrumb","itemListElement":[{"@type":"ListItem","position":1,"name":"Portada","item":"https:\/\/sombrafestival.com\/"},{"@type":"ListItem","position":2,"name":"Invitados 2025","item":"https:\/\/sombrafestival.com\/invitados-2025\/"},{"@type":"ListItem","position":3,"name":"Invitados Sombra 2025 | John McTiernan"}]},{"@type":"WebSite","@id":"https:\/\/sombrafestival.com\/en\/#website","url":"https:\/\/sombrafestival.com\/en\/","name":"Sombra Festival","description":"XIII Festival de Cine Fant\u00e1stico Europeo de Murcia, 8-17 MARZO 2024","publisher":{"@id":"https:\/\/sombrafestival.com\/en\/#organization"},"potentialAction":[{"@type":"SearchAction","target":{"@type":"EntryPoint","urlTemplate":"https:\/\/sombrafestival.com\/en\/?s={search_term_string}"},"query-input":{"@type":"PropertyValueSpecification","valueRequired":true,"valueName":"search_term_string"}}],"inLanguage":"en-GB"},{"@type":"Organization","@id":"https:\/\/sombrafestival.com\/en\/#organization","name":"SOMBRA, IX FESTIVAL DE CINE FANTASTICO EUROPEO DE MURCIA","url":"https:\/\/sombrafestival.com\/en\/","logo":{"@type":"ImageObject","inLanguage":"en-GB","@id":"https:\/\/sombrafestival.com\/en\/#\/schema\/logo\/image\/","url":"https:\/\/sombrafestival.com\/wp-content\/uploads\/2019\/10\/Sombra-LogoIdentificador-Negativo.jpg","contentUrl":"https:\/\/sombrafestival.com\/wp-content\/uploads\/2019\/10\/Sombra-LogoIdentificador-Negativo.jpg","width":400,"height":400,"caption":"SOMBRA, IX FESTIVAL DE CINE FANTASTICO EUROPEO DE MURCIA"},"image":{"@id":"https:\/\/sombrafestival.com\/en\/#\/schema\/logo\/image\/"},"sameAs":["https:\/\/www.facebook.com\/Sombra-Festival-De-CINE-Fantastico-Europeo-De-Murcia-175337032531429\/","https:\/\/x.com\/SombraFestival","https:\/\/www.instagram.com\/sombrafestival\/","https:\/\/www.youtube.com\/channel\/UCBdSJni9V30Tq4cGf4Lj0Ug?view_as=subscriber"]}]}},"_links":{"self":[{"href":"https:\/\/sombrafestival.com\/en\/wp-json\/wp\/v2\/pages\/7166","targetHints":{"allow":["GET"]}}],"collection":[{"href":"https:\/\/sombrafestival.com\/en\/wp-json\/wp\/v2\/pages"}],"about":[{"href":"https:\/\/sombrafestival.com\/en\/wp-json\/wp\/v2\/types\/page"}],"author":[{"embeddable":true,"href":"https:\/\/sombrafestival.com\/en\/wp-json\/wp\/v2\/users\/2"}],"replies":[{"embeddable":true,"href":"https:\/\/sombrafestival.com\/en\/wp-json\/wp\/v2\/comments?post=7166"}],"version-history":[{"count":1,"href":"https:\/\/sombrafestival.com\/en\/wp-json\/wp\/v2\/pages\/7166\/revisions"}],"predecessor-version":[{"id":7170,"href":"https:\/\/sombrafestival.com\/en\/wp-json\/wp\/v2\/pages\/7166\/revisions\/7170"}],"up":[{"embeddable":true,"href":"https:\/\/sombrafestival.com\/en\/wp-json\/wp\/v2\/pages\/7148"}],"wp:featuredmedia":[{"embeddable":true,"href":"https:\/\/sombrafestival.com\/en\/wp-json\/wp\/v2\/media\/7167"}],"wp:attachment":[{"href":"https:\/\/sombrafestival.com\/en\/wp-json\/wp\/v2\/media?parent=7166"}],"curies":[{"name":"wp","href":"https:\/\/api.w.org\/{rel}","templated":true}]}}