{"id":7183,"date":"2025-02-04T01:23:50","date_gmt":"2025-02-04T00:23:50","guid":{"rendered":"https:\/\/sombrafestival.com\/?page_id=7183"},"modified":"2025-02-04T01:23:50","modified_gmt":"2025-02-04T00:23:50","slug":"invitados-sombra-2025-pako-mulero","status":"publish","type":"page","link":"https:\/\/sombrafestival.com\/en\/invitados-2025\/invitados-sombra-2025-pako-mulero\/","title":{"rendered":"Invitados Sombra 2025 | Pako Mulero"},"content":{"rendered":"<h2>Pako Mulero<\/h2>\n<p>Pako Mulero Arenillas es el director y editor de La Cabina de Nemo y Morningside, dos publicaciones en papel especialmente enfocadas a la fantas\u00eda y el terror, y como refuerzo tambi\u00e9n gestiona un blog sustentado por ambas.<\/p>\n<p>Maestro de ceremonias, organiza de forma constante muestras de cine y literatura de g\u00e9nero, donde incluye peque\u00f1as performances e incluso obras de teatro.<\/p>\n<p>Maestro de infantil y primaria, cada vez que ha tenido oportunidad de impartir clase, elabora unidades did\u00e1cticas usando el cine, diversas corrientes pl\u00e1sticas, c\u00f3mic, m\u00fasica y literatura, para incluir de forma transversal todas las materias escolares, con la intenci\u00f3n de insuflar inter\u00e9s por el lenguaje lecto escritor, la investigaci\u00f3n, la creatividad, ensalzar valores y coeducaci\u00f3n, y por supuesto hacer uso de la cultura de masas como la herramienta definitiva para la integraci\u00f3n.<\/p>\n<p>Pako es un fiel asistente a diversos festivales de cine, acreditado como prensa, con la idea fija de seguir aprendiendo y divulgando acerca de los diferentes segmentos culturales. Disfruta con lo que hace. En el caso de La cabina de Nemo, adem\u00e1s de ir acreditada, ha sido presentada oficialmente en Nocturna Madrid, Insomnia C\u00e1diz, Sombra Murcia y el Festival internacional de Sitges, y ha sido tres veces finalista de los premios Ignotus con un total de nueve nominaciones.<\/p>\n<p>Adem\u00e1s, en la pasada 34\u00aa Edici\u00f3n de La Semana de Cine Fant\u00e1stico y de Terror de San Sebasti\u00e1n, form\u00f3 parte del jurado de los Blogos de Oro para la selecci\u00f3n y entrega del premio al mejor film en dicho festival internacional.<\/p>\n<p>Actualmente, este amante incondicional de los gatos y de pr\u00e1cticamente cualquier segmento cultural, se encuentra enfrascado en la elaboraci\u00f3n de distintos ensayos enfocados a m\u00faltiples facetas del s\u00e9ptimo arte.<\/p>\n<p><img loading=\"lazy\" decoding=\"async\" class=\"size-full wp-image-7185 aligncenter\" src=\"https:\/\/sombrafestival.com\/wp-content\/uploads\/2025\/02\/PakoMuleroArenillas-500x465-1.jpg\" alt=\"\" width=\"500\" height=\"465\" srcset=\"https:\/\/sombrafestival.com\/wp-content\/uploads\/2025\/02\/PakoMuleroArenillas-500x465-1.jpg 500w, https:\/\/sombrafestival.com\/wp-content\/uploads\/2025\/02\/PakoMuleroArenillas-500x465-1-300x279.jpg 300w, https:\/\/sombrafestival.com\/wp-content\/uploads\/2025\/02\/PakoMuleroArenillas-500x465-1-13x12.jpg 13w, https:\/\/sombrafestival.com\/wp-content\/uploads\/2025\/02\/PakoMuleroArenillas-500x465-1-452x420.jpg 452w\" sizes=\"auto, (max-width: 500px) 100vw, 500px\" \/><\/p>","protected":false},"excerpt":{"rendered":"<p>Pako Mulero Pako Mulero Arenillas es el director y editor de La Cabina de Nemo y Morningside, dos publicaciones en papel especialmente enfocadas a la fantas\u00eda y el terror, y como refuerzo tambi\u00e9n gestiona un blog sustentado por ambas. Maestro de ceremonias, organiza de forma constante muestras de cine y literatura de g\u00e9nero, donde incluye [&hellip;]<\/p>","protected":false},"author":2,"featured_media":7185,"parent":7148,"menu_order":0,"comment_status":"closed","ping_status":"closed","template":"","meta":{"footnotes":""},"class_list":["post-7183","page","type-page","status-publish","has-post-thumbnail"],"yoast_head":"<!-- This site is optimized with the Yoast SEO plugin v24.3 - https:\/\/yoast.com\/wordpress\/plugins\/seo\/ -->\n<title>Invitados Sombra 2025 | Pako Mulero - Sombra Festival<\/title>\n<meta name=\"robots\" content=\"index, follow, max-snippet:-1, max-image-preview:large, max-video-preview:-1\" \/>\n<link rel=\"canonical\" href=\"https:\/\/sombrafestival.com\/en\/invitados-2025\/invitados-sombra-2025-pako-mulero\/\" \/>\n<meta property=\"og:locale\" content=\"en_GB\" \/>\n<meta property=\"og:type\" content=\"article\" \/>\n<meta property=\"og:title\" content=\"Invitados Sombra 2025 | Pako Mulero - Sombra Festival\" \/>\n<meta property=\"og:description\" content=\"Pako Mulero Pako Mulero Arenillas es el director y editor de La Cabina de Nemo y Morningside, dos publicaciones en papel especialmente enfocadas a la fantas\u00eda y el terror, y como refuerzo tambi\u00e9n gestiona un blog sustentado por ambas. Maestro de ceremonias, organiza de forma constante muestras de cine y literatura de g\u00e9nero, donde incluye [&hellip;]\" \/>\n<meta property=\"og:url\" content=\"https:\/\/sombrafestival.com\/en\/invitados-2025\/invitados-sombra-2025-pako-mulero\/\" \/>\n<meta property=\"og:site_name\" content=\"Sombra Festival\" \/>\n<meta property=\"article:publisher\" content=\"https:\/\/www.facebook.com\/Sombra-Festival-De-CINE-Fantastico-Europeo-De-Murcia-175337032531429\/\" \/>\n<meta property=\"og:image\" content=\"https:\/\/sombrafestival.com\/wp-content\/uploads\/2025\/02\/PakoMuleroArenillas-500x465-1.jpg\" \/>\n\t<meta property=\"og:image:width\" content=\"500\" \/>\n\t<meta property=\"og:image:height\" content=\"465\" \/>\n\t<meta property=\"og:image:type\" content=\"image\/jpeg\" \/>\n<meta name=\"twitter:card\" content=\"summary_large_image\" \/>\n<meta name=\"twitter:site\" content=\"@SombraFestival\" \/>\n<meta name=\"twitter:label1\" content=\"Est. reading time\" \/>\n\t<meta name=\"twitter:data1\" content=\"2 minutes\" \/>\n<script type=\"application\/ld+json\" class=\"yoast-schema-graph\">{\"@context\":\"https:\/\/schema.org\",\"@graph\":[{\"@type\":\"WebPage\",\"@id\":\"https:\/\/sombrafestival.com\/invitados-2025\/invitados-sombra-2025-pako-mulero\/\",\"url\":\"https:\/\/sombrafestival.com\/invitados-2025\/invitados-sombra-2025-pako-mulero\/\",\"name\":\"Invitados Sombra 2025 | Pako Mulero - Sombra Festival\",\"isPartOf\":{\"@id\":\"https:\/\/sombrafestival.com\/en\/#website\"},\"primaryImageOfPage\":{\"@id\":\"https:\/\/sombrafestival.com\/invitados-2025\/invitados-sombra-2025-pako-mulero\/#primaryimage\"},\"image\":{\"@id\":\"https:\/\/sombrafestival.com\/invitados-2025\/invitados-sombra-2025-pako-mulero\/#primaryimage\"},\"thumbnailUrl\":\"https:\/\/sombrafestival.com\/wp-content\/uploads\/2025\/02\/PakoMuleroArenillas-500x465-1.jpg\",\"datePublished\":\"2025-02-04T00:23:50+00:00\",\"dateModified\":\"2025-02-04T00:23:50+00:00\",\"breadcrumb\":{\"@id\":\"https:\/\/sombrafestival.com\/invitados-2025\/invitados-sombra-2025-pako-mulero\/#breadcrumb\"},\"inLanguage\":\"en-GB\",\"potentialAction\":[{\"@type\":\"ReadAction\",\"target\":[\"https:\/\/sombrafestival.com\/invitados-2025\/invitados-sombra-2025-pako-mulero\/\"]}]},{\"@type\":\"ImageObject\",\"inLanguage\":\"en-GB\",\"@id\":\"https:\/\/sombrafestival.com\/invitados-2025\/invitados-sombra-2025-pako-mulero\/#primaryimage\",\"url\":\"https:\/\/sombrafestival.com\/wp-content\/uploads\/2025\/02\/PakoMuleroArenillas-500x465-1.jpg\",\"contentUrl\":\"https:\/\/sombrafestival.com\/wp-content\/uploads\/2025\/02\/PakoMuleroArenillas-500x465-1.jpg\",\"width\":500,\"height\":465},{\"@type\":\"BreadcrumbList\",\"@id\":\"https:\/\/sombrafestival.com\/invitados-2025\/invitados-sombra-2025-pako-mulero\/#breadcrumb\",\"itemListElement\":[{\"@type\":\"ListItem\",\"position\":1,\"name\":\"Portada\",\"item\":\"https:\/\/sombrafestival.com\/\"},{\"@type\":\"ListItem\",\"position\":2,\"name\":\"Invitados 2025\",\"item\":\"https:\/\/sombrafestival.com\/invitados-2025\/\"},{\"@type\":\"ListItem\",\"position\":3,\"name\":\"Invitados Sombra 2025 | Pako Mulero\"}]},{\"@type\":\"WebSite\",\"@id\":\"https:\/\/sombrafestival.com\/en\/#website\",\"url\":\"https:\/\/sombrafestival.com\/en\/\",\"name\":\"Sombra Festival\",\"description\":\"XIII Festival de Cine Fant\u00e1stico Europeo de Murcia, 8-17 MARZO 2024\",\"publisher\":{\"@id\":\"https:\/\/sombrafestival.com\/en\/#organization\"},\"potentialAction\":[{\"@type\":\"SearchAction\",\"target\":{\"@type\":\"EntryPoint\",\"urlTemplate\":\"https:\/\/sombrafestival.com\/en\/?s={search_term_string}\"},\"query-input\":{\"@type\":\"PropertyValueSpecification\",\"valueRequired\":true,\"valueName\":\"search_term_string\"}}],\"inLanguage\":\"en-GB\"},{\"@type\":\"Organization\",\"@id\":\"https:\/\/sombrafestival.com\/en\/#organization\",\"name\":\"SOMBRA, IX FESTIVAL DE CINE FANTASTICO EUROPEO DE MURCIA\",\"url\":\"https:\/\/sombrafestival.com\/en\/\",\"logo\":{\"@type\":\"ImageObject\",\"inLanguage\":\"en-GB\",\"@id\":\"https:\/\/sombrafestival.com\/en\/#\/schema\/logo\/image\/\",\"url\":\"https:\/\/sombrafestival.com\/wp-content\/uploads\/2019\/10\/Sombra-LogoIdentificador-Negativo.jpg\",\"contentUrl\":\"https:\/\/sombrafestival.com\/wp-content\/uploads\/2019\/10\/Sombra-LogoIdentificador-Negativo.jpg\",\"width\":400,\"height\":400,\"caption\":\"SOMBRA, IX FESTIVAL DE CINE FANTASTICO EUROPEO DE MURCIA\"},\"image\":{\"@id\":\"https:\/\/sombrafestival.com\/en\/#\/schema\/logo\/image\/\"},\"sameAs\":[\"https:\/\/www.facebook.com\/Sombra-Festival-De-CINE-Fantastico-Europeo-De-Murcia-175337032531429\/\",\"https:\/\/x.com\/SombraFestival\",\"https:\/\/www.instagram.com\/sombrafestival\/\",\"https:\/\/www.youtube.com\/channel\/UCBdSJni9V30Tq4cGf4Lj0Ug?view_as=subscriber\"]}]}<\/script>\n<!-- \/ Yoast SEO plugin. -->","yoast_head_json":{"title":"Invitados Sombra 2025 | Pako Mulero - Sombra Festival","robots":{"index":"index","follow":"follow","max-snippet":"max-snippet:-1","max-image-preview":"max-image-preview:large","max-video-preview":"max-video-preview:-1"},"canonical":"https:\/\/sombrafestival.com\/en\/invitados-2025\/invitados-sombra-2025-pako-mulero\/","og_locale":"en_GB","og_type":"article","og_title":"Invitados Sombra 2025 | Pako Mulero - Sombra Festival","og_description":"Pako Mulero Pako Mulero Arenillas es el director y editor de La Cabina de Nemo y Morningside, dos publicaciones en papel especialmente enfocadas a la fantas\u00eda y el terror, y como refuerzo tambi\u00e9n gestiona un blog sustentado por ambas. Maestro de ceremonias, organiza de forma constante muestras de cine y literatura de g\u00e9nero, donde incluye [&hellip;]","og_url":"https:\/\/sombrafestival.com\/en\/invitados-2025\/invitados-sombra-2025-pako-mulero\/","og_site_name":"Sombra Festival","article_publisher":"https:\/\/www.facebook.com\/Sombra-Festival-De-CINE-Fantastico-Europeo-De-Murcia-175337032531429\/","og_image":[{"width":500,"height":465,"url":"https:\/\/sombrafestival.com\/wp-content\/uploads\/2025\/02\/PakoMuleroArenillas-500x465-1.jpg","type":"image\/jpeg"}],"twitter_card":"summary_large_image","twitter_site":"@SombraFestival","twitter_misc":{"Est. reading time":"2 minutes"},"schema":{"@context":"https:\/\/schema.org","@graph":[{"@type":"WebPage","@id":"https:\/\/sombrafestival.com\/invitados-2025\/invitados-sombra-2025-pako-mulero\/","url":"https:\/\/sombrafestival.com\/invitados-2025\/invitados-sombra-2025-pako-mulero\/","name":"Invitados Sombra 2025 | Pako Mulero - Sombra Festival","isPartOf":{"@id":"https:\/\/sombrafestival.com\/en\/#website"},"primaryImageOfPage":{"@id":"https:\/\/sombrafestival.com\/invitados-2025\/invitados-sombra-2025-pako-mulero\/#primaryimage"},"image":{"@id":"https:\/\/sombrafestival.com\/invitados-2025\/invitados-sombra-2025-pako-mulero\/#primaryimage"},"thumbnailUrl":"https:\/\/sombrafestival.com\/wp-content\/uploads\/2025\/02\/PakoMuleroArenillas-500x465-1.jpg","datePublished":"2025-02-04T00:23:50+00:00","dateModified":"2025-02-04T00:23:50+00:00","breadcrumb":{"@id":"https:\/\/sombrafestival.com\/invitados-2025\/invitados-sombra-2025-pako-mulero\/#breadcrumb"},"inLanguage":"en-GB","potentialAction":[{"@type":"ReadAction","target":["https:\/\/sombrafestival.com\/invitados-2025\/invitados-sombra-2025-pako-mulero\/"]}]},{"@type":"ImageObject","inLanguage":"en-GB","@id":"https:\/\/sombrafestival.com\/invitados-2025\/invitados-sombra-2025-pako-mulero\/#primaryimage","url":"https:\/\/sombrafestival.com\/wp-content\/uploads\/2025\/02\/PakoMuleroArenillas-500x465-1.jpg","contentUrl":"https:\/\/sombrafestival.com\/wp-content\/uploads\/2025\/02\/PakoMuleroArenillas-500x465-1.jpg","width":500,"height":465},{"@type":"BreadcrumbList","@id":"https:\/\/sombrafestival.com\/invitados-2025\/invitados-sombra-2025-pako-mulero\/#breadcrumb","itemListElement":[{"@type":"ListItem","position":1,"name":"Portada","item":"https:\/\/sombrafestival.com\/"},{"@type":"ListItem","position":2,"name":"Invitados 2025","item":"https:\/\/sombrafestival.com\/invitados-2025\/"},{"@type":"ListItem","position":3,"name":"Invitados Sombra 2025 | Pako Mulero"}]},{"@type":"WebSite","@id":"https:\/\/sombrafestival.com\/en\/#website","url":"https:\/\/sombrafestival.com\/en\/","name":"Sombra Festival","description":"XIII Festival de Cine Fant\u00e1stico Europeo de Murcia, 8-17 MARZO 2024","publisher":{"@id":"https:\/\/sombrafestival.com\/en\/#organization"},"potentialAction":[{"@type":"SearchAction","target":{"@type":"EntryPoint","urlTemplate":"https:\/\/sombrafestival.com\/en\/?s={search_term_string}"},"query-input":{"@type":"PropertyValueSpecification","valueRequired":true,"valueName":"search_term_string"}}],"inLanguage":"en-GB"},{"@type":"Organization","@id":"https:\/\/sombrafestival.com\/en\/#organization","name":"SOMBRA, IX FESTIVAL DE CINE FANTASTICO EUROPEO DE MURCIA","url":"https:\/\/sombrafestival.com\/en\/","logo":{"@type":"ImageObject","inLanguage":"en-GB","@id":"https:\/\/sombrafestival.com\/en\/#\/schema\/logo\/image\/","url":"https:\/\/sombrafestival.com\/wp-content\/uploads\/2019\/10\/Sombra-LogoIdentificador-Negativo.jpg","contentUrl":"https:\/\/sombrafestival.com\/wp-content\/uploads\/2019\/10\/Sombra-LogoIdentificador-Negativo.jpg","width":400,"height":400,"caption":"SOMBRA, IX FESTIVAL DE CINE FANTASTICO EUROPEO DE MURCIA"},"image":{"@id":"https:\/\/sombrafestival.com\/en\/#\/schema\/logo\/image\/"},"sameAs":["https:\/\/www.facebook.com\/Sombra-Festival-De-CINE-Fantastico-Europeo-De-Murcia-175337032531429\/","https:\/\/x.com\/SombraFestival","https:\/\/www.instagram.com\/sombrafestival\/","https:\/\/www.youtube.com\/channel\/UCBdSJni9V30Tq4cGf4Lj0Ug?view_as=subscriber"]}]}},"_links":{"self":[{"href":"https:\/\/sombrafestival.com\/en\/wp-json\/wp\/v2\/pages\/7183","targetHints":{"allow":["GET"]}}],"collection":[{"href":"https:\/\/sombrafestival.com\/en\/wp-json\/wp\/v2\/pages"}],"about":[{"href":"https:\/\/sombrafestival.com\/en\/wp-json\/wp\/v2\/types\/page"}],"author":[{"embeddable":true,"href":"https:\/\/sombrafestival.com\/en\/wp-json\/wp\/v2\/users\/2"}],"replies":[{"embeddable":true,"href":"https:\/\/sombrafestival.com\/en\/wp-json\/wp\/v2\/comments?post=7183"}],"version-history":[{"count":1,"href":"https:\/\/sombrafestival.com\/en\/wp-json\/wp\/v2\/pages\/7183\/revisions"}],"predecessor-version":[{"id":7186,"href":"https:\/\/sombrafestival.com\/en\/wp-json\/wp\/v2\/pages\/7183\/revisions\/7186"}],"up":[{"embeddable":true,"href":"https:\/\/sombrafestival.com\/en\/wp-json\/wp\/v2\/pages\/7148"}],"wp:featuredmedia":[{"embeddable":true,"href":"https:\/\/sombrafestival.com\/en\/wp-json\/wp\/v2\/media\/7185"}],"wp:attachment":[{"href":"https:\/\/sombrafestival.com\/en\/wp-json\/wp\/v2\/media?parent=7183"}],"curies":[{"name":"wp","href":"https:\/\/api.w.org\/{rel}","templated":true}]}}