{"id":7303,"date":"2025-02-07T11:09:48","date_gmt":"2025-02-07T10:09:48","guid":{"rendered":"https:\/\/sombrafestival.com\/?page_id=7303"},"modified":"2025-02-07T11:09:48","modified_gmt":"2025-02-07T10:09:48","slug":"jurado-sombra-2025-fernando-guillen-cuervo-largometrajes","status":"publish","type":"page","link":"https:\/\/sombrafestival.com\/en\/jurado-sombra-2025-fernando-guillen-cuervo-largometrajes\/","title":{"rendered":"Jurado Sombra 2025 | Fernando Guill\u00e9n Cuervo (Largometrajes)"},"content":{"rendered":"<h2>Fernando Guill\u00e9n Cuervo<\/h2>\n<p>FERNANDO GUILLEN CUERVO. productor\/guionista\/director. B\u00edo.<\/p>\n<p>Fernando Guill\u00e9n Cuervo naci\u00f3 en Barcelona en el seno de una familia de artistas. Desde ni\u00f1o ha estado en contacto con distintas disciplinas y su amor por el arte le ha llevado a destacar como profesional en diferentes \u00e1mbitos del mundo del cine, la televisi\u00f3n y el teatro.<br \/>\nActor, productor, director, guionista\u2026 Fernando es un hombre multidisciplinar que a trav\u00e9s de la formaci\u00f3n acad\u00e9mica, el trabajo, tes\u00f3n y amor por su profesi\u00f3n, ha logrado recabar n\u00fameros \u00e9xitos profesionales asi como la confianza de los inversores en audiovisual y artes esc\u00e9nicas.<\/p>\n<p>En el \u00e1mbito de la interpretaci\u00f3n, Fernando se ha formado en prestigiosas escuelas como William Layton o Cristina Rota.<\/p>\n<p>Ha trabajado en m\u00e1s de setenta producciones espa\u00f1olas, m\u00e1s de cuarenta largometrajes y gran parte de las series de \u00e9xito en TV en los \u00faltimos a\u00f1os, tales como \u00abJavier ya no vive solo\u00bb, \u00abSin Tetas no hay Para\u00edso\u00bb, \u00abLos Misterios de Laura\u00bb, \u00abIsabel\u00bb, \u00abEl Caso\u00bb o \u00abServir y Proteger\u00bb.<\/p>\n<p>Ha trabajado con grandes directores espa\u00f1oles tales como Alex de la Iglesia, Pedro Almod\u00f3var, Eloy de la Iglesia, Ricardo Franco, Manuel Guti\u00e9rrez Arag\u00f3n o Bigas Luna entre otros.<\/p>\n<p>Tambi\u00e9n desarrolla su carrera a nivel internacional; tal es as\u00ed que pudimos ver a Fernando en la m\u00edtica saga 007 en la cinta \u201cQuantum of Solace\u201d compartiendo cartel con Daniel Craig o en la cinta de Ridley Scott \u00ab1494. Conquest of Paradise\u00bb, a destacar entre otras producciones.<\/p>\n<p>Formado en estudios superiores de Imagen y Sonido por la Universidad Complutense de Madrid, Fernando es director de varios largometrajes como \u201cLos Managers\u201d o \u201cA\u00f1o Mariano\u201d asi como guionista de pel\u00edculas tan relevantes e ic\u00f3nicas como \u201cAirbag\u201d, \u201cA\u00f1o Mariano, \u201cLos Managers\u201d o \u201cLos Novios B\u00falgaros\u201d. Comienza su carrera tras la c\u00e1mara con su exitoso cortometraje \u00abRobo en el Cine Capitol\u00bb (1995) y tambi\u00e9n experimenta como director en el mundo de la publicidad con campa\u00f1as para Warner, Sony Play Satation, Campa\u00f1a Elecciones Presidenciales Rubalcaba&#8230;<\/p>\n<p>As\u00ed como en el documental, con ejemplos como \u00abVilaj\u00bb, estrenado en los Festivales de Valladolid y M\u00e1laga.<\/p>\n<p>Su creatividad y trabajo le llevaron a idear, desarrollar, producir, escribir e interpretar una de las series m\u00e1s exitosas de Televisi\u00f3n Espa\u00f1ola de los \u00faltimos a\u00f1os. Con \u201cEl Caso, cr\u00f3nica de sucesos\u00bb, que cuenta con un gran reconocimiento de la audiencia as\u00ed como multiples nominaciones y premios, entre los que destacamos el Premio de la Cr\u00edtica a Mejor Serie del A\u00f1o del Festival de Vitoria.<\/p>\n<p>Como Productor&#8230; Fernando crea Cuervo Films en 1995, empresa con la que produce su primer corto, as\u00ed como \u00abLos Novios B\u00falgaros\u00bb, \u00abLos Managers\u00bb \u00abVilaj\u00bb, \u00abCinco Minutos para la Mediaanoche\u00bb&#8230;<\/p>\n<p>Tambi\u00e9n desarrolla su labor como productor en el Teatro, formando tres compa\u00f1\u00edas independientes a lo largo de su vida con destacados t\u00edtulos de \u00e9xito. Los \u00faltimos, \u00abEl Diario de Adan y Eva\u00bb, escrito y dirigido por Miguel \u00c1ngel Sol\u00e1 que cosecha dos a\u00f1os de llenos y excelentes cr\u00edticas, y \u201cOleanna\u201d, de David Mamet, su \u00faltimo montaje teatral como productor y protagonista, dirigido por Lu\u00eds Luque. Una exitosa funci\u00f3n que ha girado por toda la geograf\u00eda espa\u00f1ola.<\/p>\n<p>Actualmente prepara Testigo de Cargo bajo la direcci\u00f3n de Fernando Bernues.<br \/>\nComo guionista forma parte de la creaci\u00f3n y escritura de conocidos t\u00edtulos como \u00abAirbag, A\u00f1o Mariano, Los Novios B\u00falgaros\u00bb, \u00abLos Managers\u00bb o \u00abEl Caso. Cr\u00f3nica de Sucesos\u00bb, as\u00ed como de sus documentales y cortometrajes.<\/p>\n<p>Actualmente se encuentra dedicado al desarrollo del largometraje \u00abFARLALAND\u00bb, actualmente en preparaci\u00f3n, donde compartir\u00e1 direcci\u00f3n con su amigo y creador Luis Miguel Segu\u00ed.<\/p>\n<p>As\u00ed mismo, en proceso de escritura y producci\u00f3n del largometraje \u201cMED\u201d, que dirigir\u00e1 \u00e9l mismo.<\/p>\n<p><img loading=\"lazy\" decoding=\"async\" class=\"size-large wp-image-7304 aligncenter\" src=\"https:\/\/sombrafestival.com\/wp-content\/uploads\/2025\/02\/fernando-guillen-cuervo-682x1024.jpeg\" alt=\"\" width=\"682\" height=\"1024\" srcset=\"https:\/\/sombrafestival.com\/wp-content\/uploads\/2025\/02\/fernando-guillen-cuervo-682x1024.jpeg 682w, https:\/\/sombrafestival.com\/wp-content\/uploads\/2025\/02\/fernando-guillen-cuervo-200x300.jpeg 200w, https:\/\/sombrafestival.com\/wp-content\/uploads\/2025\/02\/fernando-guillen-cuervo-768x1152.jpeg 768w, https:\/\/sombrafestival.com\/wp-content\/uploads\/2025\/02\/fernando-guillen-cuervo-1024x1536.jpeg 1024w, https:\/\/sombrafestival.com\/wp-content\/uploads\/2025\/02\/fernando-guillen-cuervo-8x12.jpeg 8w, https:\/\/sombrafestival.com\/wp-content\/uploads\/2025\/02\/fernando-guillen-cuervo-280x420.jpeg 280w, https:\/\/sombrafestival.com\/wp-content\/uploads\/2025\/02\/fernando-guillen-cuervo-696x1044.jpeg 696w, https:\/\/sombrafestival.com\/wp-content\/uploads\/2025\/02\/fernando-guillen-cuervo-1068x1602.jpeg 1068w, https:\/\/sombrafestival.com\/wp-content\/uploads\/2025\/02\/fernando-guillen-cuervo.jpeg 1181w\" sizes=\"auto, (max-width: 682px) 100vw, 682px\" \/><\/p>","protected":false},"excerpt":{"rendered":"<p>Fernando Guill\u00e9n Cuervo FERNANDO GUILLEN CUERVO. productor\/guionista\/director. B\u00edo. Fernando Guill\u00e9n Cuervo naci\u00f3 en Barcelona en el seno de una familia de artistas. Desde ni\u00f1o ha estado en contacto con distintas disciplinas y su amor por el arte le ha llevado a destacar como profesional en diferentes \u00e1mbitos del mundo del cine, la televisi\u00f3n y el [&hellip;]<\/p>","protected":false},"author":2,"featured_media":7304,"parent":0,"menu_order":0,"comment_status":"closed","ping_status":"closed","template":"","meta":{"footnotes":""},"class_list":["post-7303","page","type-page","status-publish","has-post-thumbnail"],"yoast_head":"<!-- This site is optimized with the Yoast SEO plugin v24.3 - https:\/\/yoast.com\/wordpress\/plugins\/seo\/ -->\n<title>Jurado Sombra 2025 | Fernando Guill\u00e9n Cuervo (Largometrajes) - Sombra Festival<\/title>\n<meta name=\"robots\" content=\"index, follow, max-snippet:-1, max-image-preview:large, max-video-preview:-1\" \/>\n<link rel=\"canonical\" href=\"https:\/\/sombrafestival.com\/en\/jurado-sombra-2025-fernando-guillen-cuervo-largometrajes\/\" \/>\n<meta property=\"og:locale\" content=\"en_GB\" \/>\n<meta property=\"og:type\" content=\"article\" \/>\n<meta property=\"og:title\" content=\"Jurado Sombra 2025 | Fernando Guill\u00e9n Cuervo (Largometrajes) - Sombra Festival\" \/>\n<meta property=\"og:description\" content=\"Fernando Guill\u00e9n Cuervo FERNANDO GUILLEN CUERVO. productor\/guionista\/director. B\u00edo. Fernando Guill\u00e9n Cuervo naci\u00f3 en Barcelona en el seno de una familia de artistas. Desde ni\u00f1o ha estado en contacto con distintas disciplinas y su amor por el arte le ha llevado a destacar como profesional en diferentes \u00e1mbitos del mundo del cine, la televisi\u00f3n y el [&hellip;]\" \/>\n<meta property=\"og:url\" content=\"https:\/\/sombrafestival.com\/en\/jurado-sombra-2025-fernando-guillen-cuervo-largometrajes\/\" \/>\n<meta property=\"og:site_name\" content=\"Sombra Festival\" \/>\n<meta property=\"article:publisher\" content=\"https:\/\/www.facebook.com\/Sombra-Festival-De-CINE-Fantastico-Europeo-De-Murcia-175337032531429\/\" \/>\n<meta property=\"og:image\" content=\"https:\/\/sombrafestival.com\/wp-content\/uploads\/2025\/02\/fernando-guillen-cuervo.jpeg\" \/>\n\t<meta property=\"og:image:width\" content=\"1181\" \/>\n\t<meta property=\"og:image:height\" content=\"1772\" \/>\n\t<meta property=\"og:image:type\" content=\"image\/jpeg\" \/>\n<meta name=\"twitter:card\" content=\"summary_large_image\" \/>\n<meta name=\"twitter:site\" content=\"@SombraFestival\" \/>\n<meta name=\"twitter:label1\" content=\"Est. reading time\" \/>\n\t<meta name=\"twitter:data1\" content=\"4 minutes\" \/>\n<script type=\"application\/ld+json\" class=\"yoast-schema-graph\">{\"@context\":\"https:\/\/schema.org\",\"@graph\":[{\"@type\":\"WebPage\",\"@id\":\"https:\/\/sombrafestival.com\/jurado-sombra-2025-fernando-guillen-cuervo-largometrajes\/\",\"url\":\"https:\/\/sombrafestival.com\/jurado-sombra-2025-fernando-guillen-cuervo-largometrajes\/\",\"name\":\"Jurado Sombra 2025 | Fernando Guill\u00e9n Cuervo (Largometrajes) - Sombra Festival\",\"isPartOf\":{\"@id\":\"https:\/\/sombrafestival.com\/en\/#website\"},\"primaryImageOfPage\":{\"@id\":\"https:\/\/sombrafestival.com\/jurado-sombra-2025-fernando-guillen-cuervo-largometrajes\/#primaryimage\"},\"image\":{\"@id\":\"https:\/\/sombrafestival.com\/jurado-sombra-2025-fernando-guillen-cuervo-largometrajes\/#primaryimage\"},\"thumbnailUrl\":\"https:\/\/sombrafestival.com\/wp-content\/uploads\/2025\/02\/fernando-guillen-cuervo.jpeg\",\"datePublished\":\"2025-02-07T10:09:48+00:00\",\"dateModified\":\"2025-02-07T10:09:48+00:00\",\"breadcrumb\":{\"@id\":\"https:\/\/sombrafestival.com\/jurado-sombra-2025-fernando-guillen-cuervo-largometrajes\/#breadcrumb\"},\"inLanguage\":\"en-GB\",\"potentialAction\":[{\"@type\":\"ReadAction\",\"target\":[\"https:\/\/sombrafestival.com\/jurado-sombra-2025-fernando-guillen-cuervo-largometrajes\/\"]}]},{\"@type\":\"ImageObject\",\"inLanguage\":\"en-GB\",\"@id\":\"https:\/\/sombrafestival.com\/jurado-sombra-2025-fernando-guillen-cuervo-largometrajes\/#primaryimage\",\"url\":\"https:\/\/sombrafestival.com\/wp-content\/uploads\/2025\/02\/fernando-guillen-cuervo.jpeg\",\"contentUrl\":\"https:\/\/sombrafestival.com\/wp-content\/uploads\/2025\/02\/fernando-guillen-cuervo.jpeg\",\"width\":1181,\"height\":1772},{\"@type\":\"BreadcrumbList\",\"@id\":\"https:\/\/sombrafestival.com\/jurado-sombra-2025-fernando-guillen-cuervo-largometrajes\/#breadcrumb\",\"itemListElement\":[{\"@type\":\"ListItem\",\"position\":1,\"name\":\"Portada\",\"item\":\"https:\/\/sombrafestival.com\/\"},{\"@type\":\"ListItem\",\"position\":2,\"name\":\"Jurado Sombra 2025 | Fernando Guill\u00e9n Cuervo (Largometrajes)\"}]},{\"@type\":\"WebSite\",\"@id\":\"https:\/\/sombrafestival.com\/en\/#website\",\"url\":\"https:\/\/sombrafestival.com\/en\/\",\"name\":\"Sombra Festival\",\"description\":\"XIII Festival de Cine Fant\u00e1stico Europeo de Murcia, 8-17 MARZO 2024\",\"publisher\":{\"@id\":\"https:\/\/sombrafestival.com\/en\/#organization\"},\"potentialAction\":[{\"@type\":\"SearchAction\",\"target\":{\"@type\":\"EntryPoint\",\"urlTemplate\":\"https:\/\/sombrafestival.com\/en\/?s={search_term_string}\"},\"query-input\":{\"@type\":\"PropertyValueSpecification\",\"valueRequired\":true,\"valueName\":\"search_term_string\"}}],\"inLanguage\":\"en-GB\"},{\"@type\":\"Organization\",\"@id\":\"https:\/\/sombrafestival.com\/en\/#organization\",\"name\":\"SOMBRA, IX FESTIVAL DE CINE FANTASTICO EUROPEO DE MURCIA\",\"url\":\"https:\/\/sombrafestival.com\/en\/\",\"logo\":{\"@type\":\"ImageObject\",\"inLanguage\":\"en-GB\",\"@id\":\"https:\/\/sombrafestival.com\/en\/#\/schema\/logo\/image\/\",\"url\":\"https:\/\/sombrafestival.com\/wp-content\/uploads\/2019\/10\/Sombra-LogoIdentificador-Negativo.jpg\",\"contentUrl\":\"https:\/\/sombrafestival.com\/wp-content\/uploads\/2019\/10\/Sombra-LogoIdentificador-Negativo.jpg\",\"width\":400,\"height\":400,\"caption\":\"SOMBRA, IX FESTIVAL DE CINE FANTASTICO EUROPEO DE MURCIA\"},\"image\":{\"@id\":\"https:\/\/sombrafestival.com\/en\/#\/schema\/logo\/image\/\"},\"sameAs\":[\"https:\/\/www.facebook.com\/Sombra-Festival-De-CINE-Fantastico-Europeo-De-Murcia-175337032531429\/\",\"https:\/\/x.com\/SombraFestival\",\"https:\/\/www.instagram.com\/sombrafestival\/\",\"https:\/\/www.youtube.com\/channel\/UCBdSJni9V30Tq4cGf4Lj0Ug?view_as=subscriber\"]}]}<\/script>\n<!-- \/ Yoast SEO plugin. -->","yoast_head_json":{"title":"Jurado Sombra 2025 | Fernando Guill\u00e9n Cuervo (Largometrajes) - Sombra Festival","robots":{"index":"index","follow":"follow","max-snippet":"max-snippet:-1","max-image-preview":"max-image-preview:large","max-video-preview":"max-video-preview:-1"},"canonical":"https:\/\/sombrafestival.com\/en\/jurado-sombra-2025-fernando-guillen-cuervo-largometrajes\/","og_locale":"en_GB","og_type":"article","og_title":"Jurado Sombra 2025 | Fernando Guill\u00e9n Cuervo (Largometrajes) - Sombra Festival","og_description":"Fernando Guill\u00e9n Cuervo FERNANDO GUILLEN CUERVO. productor\/guionista\/director. B\u00edo. Fernando Guill\u00e9n Cuervo naci\u00f3 en Barcelona en el seno de una familia de artistas. Desde ni\u00f1o ha estado en contacto con distintas disciplinas y su amor por el arte le ha llevado a destacar como profesional en diferentes \u00e1mbitos del mundo del cine, la televisi\u00f3n y el [&hellip;]","og_url":"https:\/\/sombrafestival.com\/en\/jurado-sombra-2025-fernando-guillen-cuervo-largometrajes\/","og_site_name":"Sombra Festival","article_publisher":"https:\/\/www.facebook.com\/Sombra-Festival-De-CINE-Fantastico-Europeo-De-Murcia-175337032531429\/","og_image":[{"width":1181,"height":1772,"url":"https:\/\/sombrafestival.com\/wp-content\/uploads\/2025\/02\/fernando-guillen-cuervo.jpeg","type":"image\/jpeg"}],"twitter_card":"summary_large_image","twitter_site":"@SombraFestival","twitter_misc":{"Est. reading time":"4 minutes"},"schema":{"@context":"https:\/\/schema.org","@graph":[{"@type":"WebPage","@id":"https:\/\/sombrafestival.com\/jurado-sombra-2025-fernando-guillen-cuervo-largometrajes\/","url":"https:\/\/sombrafestival.com\/jurado-sombra-2025-fernando-guillen-cuervo-largometrajes\/","name":"Jurado Sombra 2025 | Fernando Guill\u00e9n Cuervo (Largometrajes) - Sombra Festival","isPartOf":{"@id":"https:\/\/sombrafestival.com\/en\/#website"},"primaryImageOfPage":{"@id":"https:\/\/sombrafestival.com\/jurado-sombra-2025-fernando-guillen-cuervo-largometrajes\/#primaryimage"},"image":{"@id":"https:\/\/sombrafestival.com\/jurado-sombra-2025-fernando-guillen-cuervo-largometrajes\/#primaryimage"},"thumbnailUrl":"https:\/\/sombrafestival.com\/wp-content\/uploads\/2025\/02\/fernando-guillen-cuervo.jpeg","datePublished":"2025-02-07T10:09:48+00:00","dateModified":"2025-02-07T10:09:48+00:00","breadcrumb":{"@id":"https:\/\/sombrafestival.com\/jurado-sombra-2025-fernando-guillen-cuervo-largometrajes\/#breadcrumb"},"inLanguage":"en-GB","potentialAction":[{"@type":"ReadAction","target":["https:\/\/sombrafestival.com\/jurado-sombra-2025-fernando-guillen-cuervo-largometrajes\/"]}]},{"@type":"ImageObject","inLanguage":"en-GB","@id":"https:\/\/sombrafestival.com\/jurado-sombra-2025-fernando-guillen-cuervo-largometrajes\/#primaryimage","url":"https:\/\/sombrafestival.com\/wp-content\/uploads\/2025\/02\/fernando-guillen-cuervo.jpeg","contentUrl":"https:\/\/sombrafestival.com\/wp-content\/uploads\/2025\/02\/fernando-guillen-cuervo.jpeg","width":1181,"height":1772},{"@type":"BreadcrumbList","@id":"https:\/\/sombrafestival.com\/jurado-sombra-2025-fernando-guillen-cuervo-largometrajes\/#breadcrumb","itemListElement":[{"@type":"ListItem","position":1,"name":"Portada","item":"https:\/\/sombrafestival.com\/"},{"@type":"ListItem","position":2,"name":"Jurado Sombra 2025 | Fernando Guill\u00e9n Cuervo (Largometrajes)"}]},{"@type":"WebSite","@id":"https:\/\/sombrafestival.com\/en\/#website","url":"https:\/\/sombrafestival.com\/en\/","name":"Sombra Festival","description":"XIII Festival de Cine Fant\u00e1stico Europeo de Murcia, 8-17 MARZO 2024","publisher":{"@id":"https:\/\/sombrafestival.com\/en\/#organization"},"potentialAction":[{"@type":"SearchAction","target":{"@type":"EntryPoint","urlTemplate":"https:\/\/sombrafestival.com\/en\/?s={search_term_string}"},"query-input":{"@type":"PropertyValueSpecification","valueRequired":true,"valueName":"search_term_string"}}],"inLanguage":"en-GB"},{"@type":"Organization","@id":"https:\/\/sombrafestival.com\/en\/#organization","name":"SOMBRA, IX FESTIVAL DE CINE FANTASTICO EUROPEO DE MURCIA","url":"https:\/\/sombrafestival.com\/en\/","logo":{"@type":"ImageObject","inLanguage":"en-GB","@id":"https:\/\/sombrafestival.com\/en\/#\/schema\/logo\/image\/","url":"https:\/\/sombrafestival.com\/wp-content\/uploads\/2019\/10\/Sombra-LogoIdentificador-Negativo.jpg","contentUrl":"https:\/\/sombrafestival.com\/wp-content\/uploads\/2019\/10\/Sombra-LogoIdentificador-Negativo.jpg","width":400,"height":400,"caption":"SOMBRA, IX FESTIVAL DE CINE FANTASTICO EUROPEO DE MURCIA"},"image":{"@id":"https:\/\/sombrafestival.com\/en\/#\/schema\/logo\/image\/"},"sameAs":["https:\/\/www.facebook.com\/Sombra-Festival-De-CINE-Fantastico-Europeo-De-Murcia-175337032531429\/","https:\/\/x.com\/SombraFestival","https:\/\/www.instagram.com\/sombrafestival\/","https:\/\/www.youtube.com\/channel\/UCBdSJni9V30Tq4cGf4Lj0Ug?view_as=subscriber"]}]}},"_links":{"self":[{"href":"https:\/\/sombrafestival.com\/en\/wp-json\/wp\/v2\/pages\/7303","targetHints":{"allow":["GET"]}}],"collection":[{"href":"https:\/\/sombrafestival.com\/en\/wp-json\/wp\/v2\/pages"}],"about":[{"href":"https:\/\/sombrafestival.com\/en\/wp-json\/wp\/v2\/types\/page"}],"author":[{"embeddable":true,"href":"https:\/\/sombrafestival.com\/en\/wp-json\/wp\/v2\/users\/2"}],"replies":[{"embeddable":true,"href":"https:\/\/sombrafestival.com\/en\/wp-json\/wp\/v2\/comments?post=7303"}],"version-history":[{"count":2,"href":"https:\/\/sombrafestival.com\/en\/wp-json\/wp\/v2\/pages\/7303\/revisions"}],"predecessor-version":[{"id":7361,"href":"https:\/\/sombrafestival.com\/en\/wp-json\/wp\/v2\/pages\/7303\/revisions\/7361"}],"wp:featuredmedia":[{"embeddable":true,"href":"https:\/\/sombrafestival.com\/en\/wp-json\/wp\/v2\/media\/7304"}],"wp:attachment":[{"href":"https:\/\/sombrafestival.com\/en\/wp-json\/wp\/v2\/media?parent=7303"}],"curies":[{"name":"wp","href":"https:\/\/api.w.org\/{rel}","templated":true}]}}