{"id":7357,"date":"2025-02-07T11:09:16","date_gmt":"2025-02-07T10:09:16","guid":{"rendered":"https:\/\/sombrafestival.com\/?page_id=7357"},"modified":"2025-02-07T11:09:36","modified_gmt":"2025-02-07T10:09:36","slug":"jurado-sombra-2025-mari-perez","status":"publish","type":"page","link":"https:\/\/sombrafestival.com\/en\/jurado-sombra-2025-mari-perez\/","title":{"rendered":"Jurado Sombra 2025 | Mari P\u00e9rez (Largometrajes)"},"content":{"rendered":"<h2>Mari P\u00e9rez<\/h2>\n<p>Nac\u00ed en 1990 en Almer\u00eda, y crec\u00ed en un peque\u00f1o pueblo de Tarragona, cerca del mar. Mi origen \u201ctarracoalmeriense\u201d se impregn\u00f3 de toques belgas a partir del 2015, cuando empec\u00e9 a trabajar en el BIFFF (Brussels International Fantastic Film Festival). Lo que iba a ser una estancia temporal se convirti\u00f3 en un largo (y espero que eterno) viaje por el mundo del \u201cfant\u00e1stico\u201d, siendo a d\u00eda de hoy Coordinadora de Pel\u00edculas y Programadora de Largometrajes y Cortometrajes en el BIFFF.<\/p>\n<p>Aun as\u00ed, no estoy en B\u00e9lgica todo el tiempo. Como amante insaciable del cine, me he convertido en lo que yo llamo una: \u00abTrabajadora N\u00f3mada de Festivales de Cine\u201d. Formo parte de los equipos t\u00e9cnicos de los festivales de cine de San Sebasti\u00e1n y la SEMINCI. Adem\u00e1s, trabajo como Relaciones P\u00fablicas en el Festival de Cine Fant\u00e1stico de Sitges; y soy Coordinadora de presentaciones, encuentros e int\u00e9rpretes en el FICX, Festival de Cine de Gij\u00f3n. Siempre que los puzles de festivales me lo permiten, participo en rodajes de cine, desde el \u00e1rea de producci\u00f3n.<\/p>\n<p>En los momentos de calma, me gusta refugiarme en la escritura, en la lectura y en los viajes. Me encanta perderme en los lugares m\u00e1s rec\u00f3nditos del mundo, donde la realidad llega a superar a la ficci\u00f3n y donde cada viaje es una pel\u00edcula que me ense\u00f1a algo nuevo sobre el mundo y sobre m\u00ed misma.<\/p>\n<p><img loading=\"lazy\" decoding=\"async\" class=\"size-full wp-image-7358 aligncenter\" src=\"https:\/\/sombrafestival.com\/wp-content\/uploads\/2025\/02\/foto-mari.jpg\" alt=\"\" width=\"761\" height=\"729\" srcset=\"https:\/\/sombrafestival.com\/wp-content\/uploads\/2025\/02\/foto-mari.jpg 761w, https:\/\/sombrafestival.com\/wp-content\/uploads\/2025\/02\/foto-mari-300x287.jpg 300w, https:\/\/sombrafestival.com\/wp-content\/uploads\/2025\/02\/foto-mari-13x12.jpg 13w, https:\/\/sombrafestival.com\/wp-content\/uploads\/2025\/02\/foto-mari-438x420.jpg 438w, https:\/\/sombrafestival.com\/wp-content\/uploads\/2025\/02\/foto-mari-696x667.jpg 696w\" sizes=\"auto, (max-width: 761px) 100vw, 761px\" \/><\/p>","protected":false},"excerpt":{"rendered":"<p>Mari P\u00e9rez Nac\u00ed en 1990 en Almer\u00eda, y crec\u00ed en un peque\u00f1o pueblo de Tarragona, cerca del mar. Mi origen \u201ctarracoalmeriense\u201d se impregn\u00f3 de toques belgas a partir del 2015, cuando empec\u00e9 a trabajar en el BIFFF (Brussels International Fantastic Film Festival). Lo que iba a ser una estancia temporal se convirti\u00f3 en un largo [&hellip;]<\/p>","protected":false},"author":2,"featured_media":7358,"parent":0,"menu_order":0,"comment_status":"closed","ping_status":"closed","template":"","meta":{"footnotes":""},"class_list":["post-7357","page","type-page","status-publish","has-post-thumbnail"],"yoast_head":"<!-- This site is optimized with the Yoast SEO plugin v24.3 - https:\/\/yoast.com\/wordpress\/plugins\/seo\/ -->\n<title>Jurado Sombra 2025 | Mari P\u00e9rez (Largometrajes) - Sombra Festival<\/title>\n<meta name=\"robots\" content=\"index, follow, max-snippet:-1, max-image-preview:large, max-video-preview:-1\" \/>\n<link rel=\"canonical\" href=\"https:\/\/sombrafestival.com\/en\/jurado-sombra-2025-mari-perez\/\" \/>\n<meta property=\"og:locale\" content=\"en_GB\" \/>\n<meta property=\"og:type\" content=\"article\" \/>\n<meta property=\"og:title\" content=\"Jurado Sombra 2025 | Mari P\u00e9rez (Largometrajes) - Sombra Festival\" \/>\n<meta property=\"og:description\" content=\"Mari P\u00e9rez Nac\u00ed en 1990 en Almer\u00eda, y crec\u00ed en un peque\u00f1o pueblo de Tarragona, cerca del mar. Mi origen \u201ctarracoalmeriense\u201d se impregn\u00f3 de toques belgas a partir del 2015, cuando empec\u00e9 a trabajar en el BIFFF (Brussels International Fantastic Film Festival). Lo que iba a ser una estancia temporal se convirti\u00f3 en un largo [&hellip;]\" \/>\n<meta property=\"og:url\" content=\"https:\/\/sombrafestival.com\/en\/jurado-sombra-2025-mari-perez\/\" \/>\n<meta property=\"og:site_name\" content=\"Sombra Festival\" \/>\n<meta property=\"article:publisher\" content=\"https:\/\/www.facebook.com\/Sombra-Festival-De-CINE-Fantastico-Europeo-De-Murcia-175337032531429\/\" \/>\n<meta property=\"article:modified_time\" content=\"2025-02-07T10:09:36+00:00\" \/>\n<meta property=\"og:image\" content=\"https:\/\/sombrafestival.com\/wp-content\/uploads\/2025\/02\/foto-mari.jpg\" \/>\n\t<meta property=\"og:image:width\" content=\"761\" \/>\n\t<meta property=\"og:image:height\" content=\"729\" \/>\n\t<meta property=\"og:image:type\" content=\"image\/jpeg\" \/>\n<meta name=\"twitter:card\" content=\"summary_large_image\" \/>\n<meta name=\"twitter:site\" content=\"@SombraFestival\" \/>\n<meta name=\"twitter:label1\" content=\"Est. reading time\" \/>\n\t<meta name=\"twitter:data1\" content=\"2 minutes\" \/>\n<script type=\"application\/ld+json\" class=\"yoast-schema-graph\">{\"@context\":\"https:\/\/schema.org\",\"@graph\":[{\"@type\":\"WebPage\",\"@id\":\"https:\/\/sombrafestival.com\/jurado-sombra-2025-mari-perez\/\",\"url\":\"https:\/\/sombrafestival.com\/jurado-sombra-2025-mari-perez\/\",\"name\":\"Jurado Sombra 2025 | Mari P\u00e9rez (Largometrajes) - Sombra Festival\",\"isPartOf\":{\"@id\":\"https:\/\/sombrafestival.com\/en\/#website\"},\"primaryImageOfPage\":{\"@id\":\"https:\/\/sombrafestival.com\/jurado-sombra-2025-mari-perez\/#primaryimage\"},\"image\":{\"@id\":\"https:\/\/sombrafestival.com\/jurado-sombra-2025-mari-perez\/#primaryimage\"},\"thumbnailUrl\":\"https:\/\/sombrafestival.com\/wp-content\/uploads\/2025\/02\/foto-mari.jpg\",\"datePublished\":\"2025-02-07T10:09:16+00:00\",\"dateModified\":\"2025-02-07T10:09:36+00:00\",\"breadcrumb\":{\"@id\":\"https:\/\/sombrafestival.com\/jurado-sombra-2025-mari-perez\/#breadcrumb\"},\"inLanguage\":\"en-GB\",\"potentialAction\":[{\"@type\":\"ReadAction\",\"target\":[\"https:\/\/sombrafestival.com\/jurado-sombra-2025-mari-perez\/\"]}]},{\"@type\":\"ImageObject\",\"inLanguage\":\"en-GB\",\"@id\":\"https:\/\/sombrafestival.com\/jurado-sombra-2025-mari-perez\/#primaryimage\",\"url\":\"https:\/\/sombrafestival.com\/wp-content\/uploads\/2025\/02\/foto-mari.jpg\",\"contentUrl\":\"https:\/\/sombrafestival.com\/wp-content\/uploads\/2025\/02\/foto-mari.jpg\",\"width\":761,\"height\":729},{\"@type\":\"BreadcrumbList\",\"@id\":\"https:\/\/sombrafestival.com\/jurado-sombra-2025-mari-perez\/#breadcrumb\",\"itemListElement\":[{\"@type\":\"ListItem\",\"position\":1,\"name\":\"Portada\",\"item\":\"https:\/\/sombrafestival.com\/\"},{\"@type\":\"ListItem\",\"position\":2,\"name\":\"Jurado Sombra 2025 | Mari P\u00e9rez (Largometrajes)\"}]},{\"@type\":\"WebSite\",\"@id\":\"https:\/\/sombrafestival.com\/en\/#website\",\"url\":\"https:\/\/sombrafestival.com\/en\/\",\"name\":\"Sombra Festival\",\"description\":\"XIII Festival de Cine Fant\u00e1stico Europeo de Murcia, 8-17 MARZO 2024\",\"publisher\":{\"@id\":\"https:\/\/sombrafestival.com\/en\/#organization\"},\"potentialAction\":[{\"@type\":\"SearchAction\",\"target\":{\"@type\":\"EntryPoint\",\"urlTemplate\":\"https:\/\/sombrafestival.com\/en\/?s={search_term_string}\"},\"query-input\":{\"@type\":\"PropertyValueSpecification\",\"valueRequired\":true,\"valueName\":\"search_term_string\"}}],\"inLanguage\":\"en-GB\"},{\"@type\":\"Organization\",\"@id\":\"https:\/\/sombrafestival.com\/en\/#organization\",\"name\":\"SOMBRA, IX FESTIVAL DE CINE FANTASTICO EUROPEO DE MURCIA\",\"url\":\"https:\/\/sombrafestival.com\/en\/\",\"logo\":{\"@type\":\"ImageObject\",\"inLanguage\":\"en-GB\",\"@id\":\"https:\/\/sombrafestival.com\/en\/#\/schema\/logo\/image\/\",\"url\":\"https:\/\/sombrafestival.com\/wp-content\/uploads\/2019\/10\/Sombra-LogoIdentificador-Negativo.jpg\",\"contentUrl\":\"https:\/\/sombrafestival.com\/wp-content\/uploads\/2019\/10\/Sombra-LogoIdentificador-Negativo.jpg\",\"width\":400,\"height\":400,\"caption\":\"SOMBRA, IX FESTIVAL DE CINE FANTASTICO EUROPEO DE MURCIA\"},\"image\":{\"@id\":\"https:\/\/sombrafestival.com\/en\/#\/schema\/logo\/image\/\"},\"sameAs\":[\"https:\/\/www.facebook.com\/Sombra-Festival-De-CINE-Fantastico-Europeo-De-Murcia-175337032531429\/\",\"https:\/\/x.com\/SombraFestival\",\"https:\/\/www.instagram.com\/sombrafestival\/\",\"https:\/\/www.youtube.com\/channel\/UCBdSJni9V30Tq4cGf4Lj0Ug?view_as=subscriber\"]}]}<\/script>\n<!-- \/ Yoast SEO plugin. -->","yoast_head_json":{"title":"Jurado Sombra 2025 | Mari P\u00e9rez (Largometrajes) - Sombra Festival","robots":{"index":"index","follow":"follow","max-snippet":"max-snippet:-1","max-image-preview":"max-image-preview:large","max-video-preview":"max-video-preview:-1"},"canonical":"https:\/\/sombrafestival.com\/en\/jurado-sombra-2025-mari-perez\/","og_locale":"en_GB","og_type":"article","og_title":"Jurado Sombra 2025 | Mari P\u00e9rez (Largometrajes) - Sombra Festival","og_description":"Mari P\u00e9rez Nac\u00ed en 1990 en Almer\u00eda, y crec\u00ed en un peque\u00f1o pueblo de Tarragona, cerca del mar. Mi origen \u201ctarracoalmeriense\u201d se impregn\u00f3 de toques belgas a partir del 2015, cuando empec\u00e9 a trabajar en el BIFFF (Brussels International Fantastic Film Festival). Lo que iba a ser una estancia temporal se convirti\u00f3 en un largo [&hellip;]","og_url":"https:\/\/sombrafestival.com\/en\/jurado-sombra-2025-mari-perez\/","og_site_name":"Sombra Festival","article_publisher":"https:\/\/www.facebook.com\/Sombra-Festival-De-CINE-Fantastico-Europeo-De-Murcia-175337032531429\/","article_modified_time":"2025-02-07T10:09:36+00:00","og_image":[{"width":761,"height":729,"url":"https:\/\/sombrafestival.com\/wp-content\/uploads\/2025\/02\/foto-mari.jpg","type":"image\/jpeg"}],"twitter_card":"summary_large_image","twitter_site":"@SombraFestival","twitter_misc":{"Est. reading time":"2 minutes"},"schema":{"@context":"https:\/\/schema.org","@graph":[{"@type":"WebPage","@id":"https:\/\/sombrafestival.com\/jurado-sombra-2025-mari-perez\/","url":"https:\/\/sombrafestival.com\/jurado-sombra-2025-mari-perez\/","name":"Jurado Sombra 2025 | Mari P\u00e9rez (Largometrajes) - Sombra Festival","isPartOf":{"@id":"https:\/\/sombrafestival.com\/en\/#website"},"primaryImageOfPage":{"@id":"https:\/\/sombrafestival.com\/jurado-sombra-2025-mari-perez\/#primaryimage"},"image":{"@id":"https:\/\/sombrafestival.com\/jurado-sombra-2025-mari-perez\/#primaryimage"},"thumbnailUrl":"https:\/\/sombrafestival.com\/wp-content\/uploads\/2025\/02\/foto-mari.jpg","datePublished":"2025-02-07T10:09:16+00:00","dateModified":"2025-02-07T10:09:36+00:00","breadcrumb":{"@id":"https:\/\/sombrafestival.com\/jurado-sombra-2025-mari-perez\/#breadcrumb"},"inLanguage":"en-GB","potentialAction":[{"@type":"ReadAction","target":["https:\/\/sombrafestival.com\/jurado-sombra-2025-mari-perez\/"]}]},{"@type":"ImageObject","inLanguage":"en-GB","@id":"https:\/\/sombrafestival.com\/jurado-sombra-2025-mari-perez\/#primaryimage","url":"https:\/\/sombrafestival.com\/wp-content\/uploads\/2025\/02\/foto-mari.jpg","contentUrl":"https:\/\/sombrafestival.com\/wp-content\/uploads\/2025\/02\/foto-mari.jpg","width":761,"height":729},{"@type":"BreadcrumbList","@id":"https:\/\/sombrafestival.com\/jurado-sombra-2025-mari-perez\/#breadcrumb","itemListElement":[{"@type":"ListItem","position":1,"name":"Portada","item":"https:\/\/sombrafestival.com\/"},{"@type":"ListItem","position":2,"name":"Jurado Sombra 2025 | Mari P\u00e9rez (Largometrajes)"}]},{"@type":"WebSite","@id":"https:\/\/sombrafestival.com\/en\/#website","url":"https:\/\/sombrafestival.com\/en\/","name":"Sombra Festival","description":"XIII Festival de Cine Fant\u00e1stico Europeo de Murcia, 8-17 MARZO 2024","publisher":{"@id":"https:\/\/sombrafestival.com\/en\/#organization"},"potentialAction":[{"@type":"SearchAction","target":{"@type":"EntryPoint","urlTemplate":"https:\/\/sombrafestival.com\/en\/?s={search_term_string}"},"query-input":{"@type":"PropertyValueSpecification","valueRequired":true,"valueName":"search_term_string"}}],"inLanguage":"en-GB"},{"@type":"Organization","@id":"https:\/\/sombrafestival.com\/en\/#organization","name":"SOMBRA, IX FESTIVAL DE CINE FANTASTICO EUROPEO DE MURCIA","url":"https:\/\/sombrafestival.com\/en\/","logo":{"@type":"ImageObject","inLanguage":"en-GB","@id":"https:\/\/sombrafestival.com\/en\/#\/schema\/logo\/image\/","url":"https:\/\/sombrafestival.com\/wp-content\/uploads\/2019\/10\/Sombra-LogoIdentificador-Negativo.jpg","contentUrl":"https:\/\/sombrafestival.com\/wp-content\/uploads\/2019\/10\/Sombra-LogoIdentificador-Negativo.jpg","width":400,"height":400,"caption":"SOMBRA, IX FESTIVAL DE CINE FANTASTICO EUROPEO DE MURCIA"},"image":{"@id":"https:\/\/sombrafestival.com\/en\/#\/schema\/logo\/image\/"},"sameAs":["https:\/\/www.facebook.com\/Sombra-Festival-De-CINE-Fantastico-Europeo-De-Murcia-175337032531429\/","https:\/\/x.com\/SombraFestival","https:\/\/www.instagram.com\/sombrafestival\/","https:\/\/www.youtube.com\/channel\/UCBdSJni9V30Tq4cGf4Lj0Ug?view_as=subscriber"]}]}},"_links":{"self":[{"href":"https:\/\/sombrafestival.com\/en\/wp-json\/wp\/v2\/pages\/7357","targetHints":{"allow":["GET"]}}],"collection":[{"href":"https:\/\/sombrafestival.com\/en\/wp-json\/wp\/v2\/pages"}],"about":[{"href":"https:\/\/sombrafestival.com\/en\/wp-json\/wp\/v2\/types\/page"}],"author":[{"embeddable":true,"href":"https:\/\/sombrafestival.com\/en\/wp-json\/wp\/v2\/users\/2"}],"replies":[{"embeddable":true,"href":"https:\/\/sombrafestival.com\/en\/wp-json\/wp\/v2\/comments?post=7357"}],"version-history":[{"count":2,"href":"https:\/\/sombrafestival.com\/en\/wp-json\/wp\/v2\/pages\/7357\/revisions"}],"predecessor-version":[{"id":7360,"href":"https:\/\/sombrafestival.com\/en\/wp-json\/wp\/v2\/pages\/7357\/revisions\/7360"}],"wp:featuredmedia":[{"embeddable":true,"href":"https:\/\/sombrafestival.com\/en\/wp-json\/wp\/v2\/media\/7358"}],"wp:attachment":[{"href":"https:\/\/sombrafestival.com\/en\/wp-json\/wp\/v2\/media?parent=7357"}],"curies":[{"name":"wp","href":"https:\/\/api.w.org\/{rel}","templated":true}]}}