{"id":7384,"date":"2025-02-09T22:58:15","date_gmt":"2025-02-09T21:58:15","guid":{"rendered":"https:\/\/sombrafestival.com\/?page_id=7384"},"modified":"2025-02-09T22:58:27","modified_gmt":"2025-02-09T21:58:27","slug":"invitados-sombra-2025-giorgia-bertozzi","status":"publish","type":"page","link":"https:\/\/sombrafestival.com\/en\/invitados-2025\/invitados-sombra-2025-giorgia-bertozzi\/","title":{"rendered":"Invitados Sombra 2025 | Giorgia Bertozzi"},"content":{"rendered":"<h2>Giorgia Bertozzi<\/h2>\n<p>Graduada en Lenguas y Literaturas extranjeras por la Universidad de Mil\u00e1n (Italia). Ha realizado un M\u00e1ster en Literatura Comparada Europea y otro M\u00e1ster en Investigaci\u00f3n en Filosof\u00eda, ambos en la Universidad de Murcia. Actualmente es doctoranda en la misma universidad, donde realiza una tesis en literatura hispanoamericana sobre la figura de la revenante en el relato fant\u00e1stico del siglo XIX y de la primera mitad del siglo XX. Ha presentado diversas comunicaciones en congresos internacionales de literatura y de teor\u00eda de la literatura. Sus l\u00edneas de inter\u00e9s abordan cuestiones relativas al terror, lo fant\u00e1stico y lo femenino, a la relaci\u00f3n entre la experiencia literaria y la idea de muerte y los v\u00ednculos entre el g\u00e9nero fant\u00e1stico y la filosof\u00eda rom\u00e1ntica y contempor\u00e1nea.<\/p>\n<p><img loading=\"lazy\" decoding=\"async\" class=\"size-full wp-image-7385 aligncenter\" src=\"https:\/\/sombrafestival.com\/wp-content\/uploads\/2025\/02\/600_foto-giorgia-bertozzi.jpg\" alt=\"\" width=\"600\" height=\"600\" srcset=\"https:\/\/sombrafestival.com\/wp-content\/uploads\/2025\/02\/600_foto-giorgia-bertozzi.jpg 600w, https:\/\/sombrafestival.com\/wp-content\/uploads\/2025\/02\/600_foto-giorgia-bertozzi-300x300.jpg 300w, https:\/\/sombrafestival.com\/wp-content\/uploads\/2025\/02\/600_foto-giorgia-bertozzi-150x150.jpg 150w, https:\/\/sombrafestival.com\/wp-content\/uploads\/2025\/02\/600_foto-giorgia-bertozzi-12x12.jpg 12w, https:\/\/sombrafestival.com\/wp-content\/uploads\/2025\/02\/600_foto-giorgia-bertozzi-420x420.jpg 420w\" sizes=\"auto, (max-width: 600px) 100vw, 600px\" \/><\/p>","protected":false},"excerpt":{"rendered":"<p>Giorgia Bertozzi Graduada en Lenguas y Literaturas extranjeras por la Universidad de Mil\u00e1n (Italia). Ha realizado un M\u00e1ster en Literatura Comparada Europea y otro M\u00e1ster en Investigaci\u00f3n en Filosof\u00eda, ambos en la Universidad de Murcia. Actualmente es doctoranda en la misma universidad, donde realiza una tesis en literatura hispanoamericana sobre la figura de la revenante [&hellip;]<\/p>","protected":false},"author":2,"featured_media":7385,"parent":7148,"menu_order":0,"comment_status":"closed","ping_status":"closed","template":"","meta":{"footnotes":""},"class_list":["post-7384","page","type-page","status-publish","has-post-thumbnail"],"yoast_head":"<!-- This site is optimized with the Yoast SEO plugin v24.3 - https:\/\/yoast.com\/wordpress\/plugins\/seo\/ -->\n<title>Invitados Sombra 2025 | Giorgia Bertozzi - Sombra Festival<\/title>\n<meta name=\"robots\" content=\"index, follow, max-snippet:-1, max-image-preview:large, max-video-preview:-1\" \/>\n<link rel=\"canonical\" href=\"https:\/\/sombrafestival.com\/en\/invitados-2025\/invitados-sombra-2025-giorgia-bertozzi\/\" \/>\n<meta property=\"og:locale\" content=\"en_GB\" \/>\n<meta property=\"og:type\" content=\"article\" \/>\n<meta property=\"og:title\" content=\"Invitados Sombra 2025 | Giorgia Bertozzi - Sombra Festival\" \/>\n<meta property=\"og:description\" content=\"Giorgia Bertozzi Graduada en Lenguas y Literaturas extranjeras por la Universidad de Mil\u00e1n (Italia). Ha realizado un M\u00e1ster en Literatura Comparada Europea y otro M\u00e1ster en Investigaci\u00f3n en Filosof\u00eda, ambos en la Universidad de Murcia. Actualmente es doctoranda en la misma universidad, donde realiza una tesis en literatura hispanoamericana sobre la figura de la revenante [&hellip;]\" \/>\n<meta property=\"og:url\" content=\"https:\/\/sombrafestival.com\/en\/invitados-2025\/invitados-sombra-2025-giorgia-bertozzi\/\" \/>\n<meta property=\"og:site_name\" content=\"Sombra Festival\" \/>\n<meta property=\"article:publisher\" content=\"https:\/\/www.facebook.com\/Sombra-Festival-De-CINE-Fantastico-Europeo-De-Murcia-175337032531429\/\" \/>\n<meta property=\"article:modified_time\" content=\"2025-02-09T21:58:27+00:00\" \/>\n<meta property=\"og:image\" content=\"https:\/\/sombrafestival.com\/wp-content\/uploads\/2025\/02\/600_foto-giorgia-bertozzi.jpg\" \/>\n\t<meta property=\"og:image:width\" content=\"600\" \/>\n\t<meta property=\"og:image:height\" content=\"600\" \/>\n\t<meta property=\"og:image:type\" content=\"image\/jpeg\" \/>\n<meta name=\"twitter:card\" content=\"summary_large_image\" \/>\n<meta name=\"twitter:site\" content=\"@SombraFestival\" \/>\n<meta name=\"twitter:label1\" content=\"Est. reading time\" \/>\n\t<meta name=\"twitter:data1\" content=\"1 minute\" \/>\n<script type=\"application\/ld+json\" class=\"yoast-schema-graph\">{\"@context\":\"https:\/\/schema.org\",\"@graph\":[{\"@type\":\"WebPage\",\"@id\":\"https:\/\/sombrafestival.com\/invitados-2025\/invitados-sombra-2025-giorgia-bertozzi\/\",\"url\":\"https:\/\/sombrafestival.com\/invitados-2025\/invitados-sombra-2025-giorgia-bertozzi\/\",\"name\":\"Invitados Sombra 2025 | Giorgia Bertozzi - Sombra Festival\",\"isPartOf\":{\"@id\":\"https:\/\/sombrafestival.com\/en\/#website\"},\"primaryImageOfPage\":{\"@id\":\"https:\/\/sombrafestival.com\/invitados-2025\/invitados-sombra-2025-giorgia-bertozzi\/#primaryimage\"},\"image\":{\"@id\":\"https:\/\/sombrafestival.com\/invitados-2025\/invitados-sombra-2025-giorgia-bertozzi\/#primaryimage\"},\"thumbnailUrl\":\"https:\/\/sombrafestival.com\/wp-content\/uploads\/2025\/02\/600_foto-giorgia-bertozzi.jpg\",\"datePublished\":\"2025-02-09T21:58:15+00:00\",\"dateModified\":\"2025-02-09T21:58:27+00:00\",\"breadcrumb\":{\"@id\":\"https:\/\/sombrafestival.com\/invitados-2025\/invitados-sombra-2025-giorgia-bertozzi\/#breadcrumb\"},\"inLanguage\":\"en-GB\",\"potentialAction\":[{\"@type\":\"ReadAction\",\"target\":[\"https:\/\/sombrafestival.com\/invitados-2025\/invitados-sombra-2025-giorgia-bertozzi\/\"]}]},{\"@type\":\"ImageObject\",\"inLanguage\":\"en-GB\",\"@id\":\"https:\/\/sombrafestival.com\/invitados-2025\/invitados-sombra-2025-giorgia-bertozzi\/#primaryimage\",\"url\":\"https:\/\/sombrafestival.com\/wp-content\/uploads\/2025\/02\/600_foto-giorgia-bertozzi.jpg\",\"contentUrl\":\"https:\/\/sombrafestival.com\/wp-content\/uploads\/2025\/02\/600_foto-giorgia-bertozzi.jpg\",\"width\":600,\"height\":600},{\"@type\":\"BreadcrumbList\",\"@id\":\"https:\/\/sombrafestival.com\/invitados-2025\/invitados-sombra-2025-giorgia-bertozzi\/#breadcrumb\",\"itemListElement\":[{\"@type\":\"ListItem\",\"position\":1,\"name\":\"Portada\",\"item\":\"https:\/\/sombrafestival.com\/\"},{\"@type\":\"ListItem\",\"position\":2,\"name\":\"Invitados 2025\",\"item\":\"https:\/\/sombrafestival.com\/invitados-2025\/\"},{\"@type\":\"ListItem\",\"position\":3,\"name\":\"Invitados Sombra 2025 | Giorgia Bertozzi\"}]},{\"@type\":\"WebSite\",\"@id\":\"https:\/\/sombrafestival.com\/en\/#website\",\"url\":\"https:\/\/sombrafestival.com\/en\/\",\"name\":\"Sombra Festival\",\"description\":\"XIII Festival de Cine Fant\u00e1stico Europeo de Murcia, 8-17 MARZO 2024\",\"publisher\":{\"@id\":\"https:\/\/sombrafestival.com\/en\/#organization\"},\"potentialAction\":[{\"@type\":\"SearchAction\",\"target\":{\"@type\":\"EntryPoint\",\"urlTemplate\":\"https:\/\/sombrafestival.com\/en\/?s={search_term_string}\"},\"query-input\":{\"@type\":\"PropertyValueSpecification\",\"valueRequired\":true,\"valueName\":\"search_term_string\"}}],\"inLanguage\":\"en-GB\"},{\"@type\":\"Organization\",\"@id\":\"https:\/\/sombrafestival.com\/en\/#organization\",\"name\":\"SOMBRA, IX FESTIVAL DE CINE FANTASTICO EUROPEO DE MURCIA\",\"url\":\"https:\/\/sombrafestival.com\/en\/\",\"logo\":{\"@type\":\"ImageObject\",\"inLanguage\":\"en-GB\",\"@id\":\"https:\/\/sombrafestival.com\/en\/#\/schema\/logo\/image\/\",\"url\":\"https:\/\/sombrafestival.com\/wp-content\/uploads\/2019\/10\/Sombra-LogoIdentificador-Negativo.jpg\",\"contentUrl\":\"https:\/\/sombrafestival.com\/wp-content\/uploads\/2019\/10\/Sombra-LogoIdentificador-Negativo.jpg\",\"width\":400,\"height\":400,\"caption\":\"SOMBRA, IX FESTIVAL DE CINE FANTASTICO EUROPEO DE MURCIA\"},\"image\":{\"@id\":\"https:\/\/sombrafestival.com\/en\/#\/schema\/logo\/image\/\"},\"sameAs\":[\"https:\/\/www.facebook.com\/Sombra-Festival-De-CINE-Fantastico-Europeo-De-Murcia-175337032531429\/\",\"https:\/\/x.com\/SombraFestival\",\"https:\/\/www.instagram.com\/sombrafestival\/\",\"https:\/\/www.youtube.com\/channel\/UCBdSJni9V30Tq4cGf4Lj0Ug?view_as=subscriber\"]}]}<\/script>\n<!-- \/ Yoast SEO plugin. -->","yoast_head_json":{"title":"Invitados Sombra 2025 | Giorgia Bertozzi - Sombra Festival","robots":{"index":"index","follow":"follow","max-snippet":"max-snippet:-1","max-image-preview":"max-image-preview:large","max-video-preview":"max-video-preview:-1"},"canonical":"https:\/\/sombrafestival.com\/en\/invitados-2025\/invitados-sombra-2025-giorgia-bertozzi\/","og_locale":"en_GB","og_type":"article","og_title":"Invitados Sombra 2025 | Giorgia Bertozzi - Sombra Festival","og_description":"Giorgia Bertozzi Graduada en Lenguas y Literaturas extranjeras por la Universidad de Mil\u00e1n (Italia). Ha realizado un M\u00e1ster en Literatura Comparada Europea y otro M\u00e1ster en Investigaci\u00f3n en Filosof\u00eda, ambos en la Universidad de Murcia. Actualmente es doctoranda en la misma universidad, donde realiza una tesis en literatura hispanoamericana sobre la figura de la revenante [&hellip;]","og_url":"https:\/\/sombrafestival.com\/en\/invitados-2025\/invitados-sombra-2025-giorgia-bertozzi\/","og_site_name":"Sombra Festival","article_publisher":"https:\/\/www.facebook.com\/Sombra-Festival-De-CINE-Fantastico-Europeo-De-Murcia-175337032531429\/","article_modified_time":"2025-02-09T21:58:27+00:00","og_image":[{"width":600,"height":600,"url":"https:\/\/sombrafestival.com\/wp-content\/uploads\/2025\/02\/600_foto-giorgia-bertozzi.jpg","type":"image\/jpeg"}],"twitter_card":"summary_large_image","twitter_site":"@SombraFestival","twitter_misc":{"Est. reading time":"1 minute"},"schema":{"@context":"https:\/\/schema.org","@graph":[{"@type":"WebPage","@id":"https:\/\/sombrafestival.com\/invitados-2025\/invitados-sombra-2025-giorgia-bertozzi\/","url":"https:\/\/sombrafestival.com\/invitados-2025\/invitados-sombra-2025-giorgia-bertozzi\/","name":"Invitados Sombra 2025 | Giorgia Bertozzi - Sombra Festival","isPartOf":{"@id":"https:\/\/sombrafestival.com\/en\/#website"},"primaryImageOfPage":{"@id":"https:\/\/sombrafestival.com\/invitados-2025\/invitados-sombra-2025-giorgia-bertozzi\/#primaryimage"},"image":{"@id":"https:\/\/sombrafestival.com\/invitados-2025\/invitados-sombra-2025-giorgia-bertozzi\/#primaryimage"},"thumbnailUrl":"https:\/\/sombrafestival.com\/wp-content\/uploads\/2025\/02\/600_foto-giorgia-bertozzi.jpg","datePublished":"2025-02-09T21:58:15+00:00","dateModified":"2025-02-09T21:58:27+00:00","breadcrumb":{"@id":"https:\/\/sombrafestival.com\/invitados-2025\/invitados-sombra-2025-giorgia-bertozzi\/#breadcrumb"},"inLanguage":"en-GB","potentialAction":[{"@type":"ReadAction","target":["https:\/\/sombrafestival.com\/invitados-2025\/invitados-sombra-2025-giorgia-bertozzi\/"]}]},{"@type":"ImageObject","inLanguage":"en-GB","@id":"https:\/\/sombrafestival.com\/invitados-2025\/invitados-sombra-2025-giorgia-bertozzi\/#primaryimage","url":"https:\/\/sombrafestival.com\/wp-content\/uploads\/2025\/02\/600_foto-giorgia-bertozzi.jpg","contentUrl":"https:\/\/sombrafestival.com\/wp-content\/uploads\/2025\/02\/600_foto-giorgia-bertozzi.jpg","width":600,"height":600},{"@type":"BreadcrumbList","@id":"https:\/\/sombrafestival.com\/invitados-2025\/invitados-sombra-2025-giorgia-bertozzi\/#breadcrumb","itemListElement":[{"@type":"ListItem","position":1,"name":"Portada","item":"https:\/\/sombrafestival.com\/"},{"@type":"ListItem","position":2,"name":"Invitados 2025","item":"https:\/\/sombrafestival.com\/invitados-2025\/"},{"@type":"ListItem","position":3,"name":"Invitados Sombra 2025 | Giorgia Bertozzi"}]},{"@type":"WebSite","@id":"https:\/\/sombrafestival.com\/en\/#website","url":"https:\/\/sombrafestival.com\/en\/","name":"Sombra Festival","description":"XIII Festival de Cine Fant\u00e1stico Europeo de Murcia, 8-17 MARZO 2024","publisher":{"@id":"https:\/\/sombrafestival.com\/en\/#organization"},"potentialAction":[{"@type":"SearchAction","target":{"@type":"EntryPoint","urlTemplate":"https:\/\/sombrafestival.com\/en\/?s={search_term_string}"},"query-input":{"@type":"PropertyValueSpecification","valueRequired":true,"valueName":"search_term_string"}}],"inLanguage":"en-GB"},{"@type":"Organization","@id":"https:\/\/sombrafestival.com\/en\/#organization","name":"SOMBRA, IX FESTIVAL DE CINE FANTASTICO EUROPEO DE MURCIA","url":"https:\/\/sombrafestival.com\/en\/","logo":{"@type":"ImageObject","inLanguage":"en-GB","@id":"https:\/\/sombrafestival.com\/en\/#\/schema\/logo\/image\/","url":"https:\/\/sombrafestival.com\/wp-content\/uploads\/2019\/10\/Sombra-LogoIdentificador-Negativo.jpg","contentUrl":"https:\/\/sombrafestival.com\/wp-content\/uploads\/2019\/10\/Sombra-LogoIdentificador-Negativo.jpg","width":400,"height":400,"caption":"SOMBRA, IX FESTIVAL DE CINE FANTASTICO EUROPEO DE MURCIA"},"image":{"@id":"https:\/\/sombrafestival.com\/en\/#\/schema\/logo\/image\/"},"sameAs":["https:\/\/www.facebook.com\/Sombra-Festival-De-CINE-Fantastico-Europeo-De-Murcia-175337032531429\/","https:\/\/x.com\/SombraFestival","https:\/\/www.instagram.com\/sombrafestival\/","https:\/\/www.youtube.com\/channel\/UCBdSJni9V30Tq4cGf4Lj0Ug?view_as=subscriber"]}]}},"_links":{"self":[{"href":"https:\/\/sombrafestival.com\/en\/wp-json\/wp\/v2\/pages\/7384","targetHints":{"allow":["GET"]}}],"collection":[{"href":"https:\/\/sombrafestival.com\/en\/wp-json\/wp\/v2\/pages"}],"about":[{"href":"https:\/\/sombrafestival.com\/en\/wp-json\/wp\/v2\/types\/page"}],"author":[{"embeddable":true,"href":"https:\/\/sombrafestival.com\/en\/wp-json\/wp\/v2\/users\/2"}],"replies":[{"embeddable":true,"href":"https:\/\/sombrafestival.com\/en\/wp-json\/wp\/v2\/comments?post=7384"}],"version-history":[{"count":1,"href":"https:\/\/sombrafestival.com\/en\/wp-json\/wp\/v2\/pages\/7384\/revisions"}],"predecessor-version":[{"id":7386,"href":"https:\/\/sombrafestival.com\/en\/wp-json\/wp\/v2\/pages\/7384\/revisions\/7386"}],"up":[{"embeddable":true,"href":"https:\/\/sombrafestival.com\/en\/wp-json\/wp\/v2\/pages\/7148"}],"wp:featuredmedia":[{"embeddable":true,"href":"https:\/\/sombrafestival.com\/en\/wp-json\/wp\/v2\/media\/7385"}],"wp:attachment":[{"href":"https:\/\/sombrafestival.com\/en\/wp-json\/wp\/v2\/media?parent=7384"}],"curies":[{"name":"wp","href":"https:\/\/api.w.org\/{rel}","templated":true}]}}