{"id":7457,"date":"2025-02-12T16:11:24","date_gmt":"2025-02-12T15:11:24","guid":{"rendered":"https:\/\/sombrafestival.com\/?page_id=7457"},"modified":"2025-02-12T16:38:34","modified_gmt":"2025-02-12T15:38:34","slug":"invitados-sombra-2025-emilio-agazzi","status":"publish","type":"page","link":"https:\/\/sombrafestival.com\/en\/invitados-sombra-2025-emilio-agazzi\/","title":{"rendered":"Invitados Sombra 2025 | Emilio Agazzi"},"content":{"rendered":"<h2>Emilio Agazzi<\/h2>\n<p>Emilio Agazzi es un guionista, actor, m\u00fasico y productor argentino.<br \/>\nEstudio escritura de Gui\u00f3n en Buenos Aires y cinematograf\u00eda en la prestigiosa escuela Roberto Rossellini en Roma.<\/p>\n<p>En Argentina trabaj\u00f3 bajo las ordenes de directores como Nestor Montalbano (Agua de Verano), la dupla Gaston Duprat\/Mariano Cohn (La decision equivocada) o Marcelo Schapces (Necronomicon).<\/p>\n<p>En 2021 decidi\u00f3 comenzar a producir su propio material, asi es que a finales de ese a\u00f1o produjo, escribi\u00f3 , co dirigi\u00f3 y protagoniz\u00f3 un cortometraje (I don&#8217;t Really Care), en el cual incluso compuso la m\u00fasica original.<\/p>\n<p>A ra\u00edz de este ultimo trabajo se asoci\u00f3 con Facundo Nuble, prestigioso Director de Fotografia, quien lo convoc\u00f3 para guionizar su Opera Prima como Director (Masacre en el Delta).<\/p>\n<p>En 2025 se encuentra promocionando el proximo estreno de la mencionada cinta, y preparando, otra vez junto a Facundo Nuble, un nuevo largometraje a producirse para finales de a\u00f1o.<\/p>\n<p><img loading=\"lazy\" decoding=\"async\" class=\"size-full wp-image-7459 aligncenter\" src=\"https:\/\/sombrafestival.com\/wp-content\/uploads\/2025\/02\/IMG_0062.jpg\" alt=\"\" width=\"633\" height=\"464\" srcset=\"https:\/\/sombrafestival.com\/wp-content\/uploads\/2025\/02\/IMG_0062.jpg 633w, https:\/\/sombrafestival.com\/wp-content\/uploads\/2025\/02\/IMG_0062-300x220.jpg 300w, https:\/\/sombrafestival.com\/wp-content\/uploads\/2025\/02\/IMG_0062-16x12.jpg 16w, https:\/\/sombrafestival.com\/wp-content\/uploads\/2025\/02\/IMG_0062-573x420.jpg 573w, https:\/\/sombrafestival.com\/wp-content\/uploads\/2025\/02\/IMG_0062-80x60.jpg 80w\" sizes=\"auto, (max-width: 633px) 100vw, 633px\" \/><\/p>","protected":false},"excerpt":{"rendered":"<p>Emilio Agazzi Emilio Agazzi es un guionista, actor, m\u00fasico y productor argentino. Estudio escritura de Gui\u00f3n en Buenos Aires y cinematograf\u00eda en la prestigiosa escuela Roberto Rossellini en Roma. En Argentina trabaj\u00f3 bajo las ordenes de directores como Nestor Montalbano (Agua de Verano), la dupla Gaston Duprat\/Mariano Cohn (La decision equivocada) o Marcelo Schapces (Necronomicon). [&hellip;]<\/p>","protected":false},"author":2,"featured_media":7459,"parent":0,"menu_order":0,"comment_status":"closed","ping_status":"closed","template":"","meta":{"footnotes":""},"class_list":["post-7457","page","type-page","status-publish","has-post-thumbnail"],"yoast_head":"<!-- This site is optimized with the Yoast SEO plugin v24.3 - https:\/\/yoast.com\/wordpress\/plugins\/seo\/ -->\n<title>Invitados Sombra 2025 | Emilio Agazzi - Sombra Festival<\/title>\n<meta name=\"robots\" content=\"index, follow, max-snippet:-1, max-image-preview:large, max-video-preview:-1\" \/>\n<link rel=\"canonical\" href=\"https:\/\/sombrafestival.com\/en\/invitados-sombra-2025-emilio-agazzi\/\" \/>\n<meta property=\"og:locale\" content=\"en_GB\" \/>\n<meta property=\"og:type\" content=\"article\" \/>\n<meta property=\"og:title\" content=\"Invitados Sombra 2025 | Emilio Agazzi - Sombra Festival\" \/>\n<meta property=\"og:description\" content=\"Emilio Agazzi Emilio Agazzi es un guionista, actor, m\u00fasico y productor argentino. Estudio escritura de Gui\u00f3n en Buenos Aires y cinematograf\u00eda en la prestigiosa escuela Roberto Rossellini en Roma. En Argentina trabaj\u00f3 bajo las ordenes de directores como Nestor Montalbano (Agua de Verano), la dupla Gaston Duprat\/Mariano Cohn (La decision equivocada) o Marcelo Schapces (Necronomicon). [&hellip;]\" \/>\n<meta property=\"og:url\" content=\"https:\/\/sombrafestival.com\/en\/invitados-sombra-2025-emilio-agazzi\/\" \/>\n<meta property=\"og:site_name\" content=\"Sombra Festival\" \/>\n<meta property=\"article:publisher\" content=\"https:\/\/www.facebook.com\/Sombra-Festival-De-CINE-Fantastico-Europeo-De-Murcia-175337032531429\/\" \/>\n<meta property=\"article:modified_time\" content=\"2025-02-12T15:38:34+00:00\" \/>\n<meta property=\"og:image\" content=\"https:\/\/sombrafestival.com\/wp-content\/uploads\/2025\/02\/IMG_0062.jpg\" \/>\n\t<meta property=\"og:image:width\" content=\"633\" \/>\n\t<meta property=\"og:image:height\" content=\"464\" \/>\n\t<meta property=\"og:image:type\" content=\"image\/jpeg\" \/>\n<meta name=\"twitter:card\" content=\"summary_large_image\" \/>\n<meta name=\"twitter:site\" content=\"@SombraFestival\" \/>\n<meta name=\"twitter:label1\" content=\"Est. reading time\" \/>\n\t<meta name=\"twitter:data1\" content=\"2 minutes\" \/>\n<script type=\"application\/ld+json\" class=\"yoast-schema-graph\">{\"@context\":\"https:\/\/schema.org\",\"@graph\":[{\"@type\":\"WebPage\",\"@id\":\"https:\/\/sombrafestival.com\/invitados-sombra-2025-emilio-agazzi\/\",\"url\":\"https:\/\/sombrafestival.com\/invitados-sombra-2025-emilio-agazzi\/\",\"name\":\"Invitados Sombra 2025 | Emilio Agazzi - Sombra Festival\",\"isPartOf\":{\"@id\":\"https:\/\/sombrafestival.com\/en\/#website\"},\"primaryImageOfPage\":{\"@id\":\"https:\/\/sombrafestival.com\/invitados-sombra-2025-emilio-agazzi\/#primaryimage\"},\"image\":{\"@id\":\"https:\/\/sombrafestival.com\/invitados-sombra-2025-emilio-agazzi\/#primaryimage\"},\"thumbnailUrl\":\"https:\/\/sombrafestival.com\/wp-content\/uploads\/2025\/02\/IMG_0062.jpg\",\"datePublished\":\"2025-02-12T15:11:24+00:00\",\"dateModified\":\"2025-02-12T15:38:34+00:00\",\"breadcrumb\":{\"@id\":\"https:\/\/sombrafestival.com\/invitados-sombra-2025-emilio-agazzi\/#breadcrumb\"},\"inLanguage\":\"en-GB\",\"potentialAction\":[{\"@type\":\"ReadAction\",\"target\":[\"https:\/\/sombrafestival.com\/invitados-sombra-2025-emilio-agazzi\/\"]}]},{\"@type\":\"ImageObject\",\"inLanguage\":\"en-GB\",\"@id\":\"https:\/\/sombrafestival.com\/invitados-sombra-2025-emilio-agazzi\/#primaryimage\",\"url\":\"https:\/\/sombrafestival.com\/wp-content\/uploads\/2025\/02\/IMG_0062.jpg\",\"contentUrl\":\"https:\/\/sombrafestival.com\/wp-content\/uploads\/2025\/02\/IMG_0062.jpg\",\"width\":633,\"height\":464},{\"@type\":\"BreadcrumbList\",\"@id\":\"https:\/\/sombrafestival.com\/invitados-sombra-2025-emilio-agazzi\/#breadcrumb\",\"itemListElement\":[{\"@type\":\"ListItem\",\"position\":1,\"name\":\"Portada\",\"item\":\"https:\/\/sombrafestival.com\/\"},{\"@type\":\"ListItem\",\"position\":2,\"name\":\"Invitados Sombra 2025 | Emilio Agazzi\"}]},{\"@type\":\"WebSite\",\"@id\":\"https:\/\/sombrafestival.com\/en\/#website\",\"url\":\"https:\/\/sombrafestival.com\/en\/\",\"name\":\"Sombra Festival\",\"description\":\"XIII Festival de Cine Fant\u00e1stico Europeo de Murcia, 8-17 MARZO 2024\",\"publisher\":{\"@id\":\"https:\/\/sombrafestival.com\/en\/#organization\"},\"potentialAction\":[{\"@type\":\"SearchAction\",\"target\":{\"@type\":\"EntryPoint\",\"urlTemplate\":\"https:\/\/sombrafestival.com\/en\/?s={search_term_string}\"},\"query-input\":{\"@type\":\"PropertyValueSpecification\",\"valueRequired\":true,\"valueName\":\"search_term_string\"}}],\"inLanguage\":\"en-GB\"},{\"@type\":\"Organization\",\"@id\":\"https:\/\/sombrafestival.com\/en\/#organization\",\"name\":\"SOMBRA, IX FESTIVAL DE CINE FANTASTICO EUROPEO DE MURCIA\",\"url\":\"https:\/\/sombrafestival.com\/en\/\",\"logo\":{\"@type\":\"ImageObject\",\"inLanguage\":\"en-GB\",\"@id\":\"https:\/\/sombrafestival.com\/en\/#\/schema\/logo\/image\/\",\"url\":\"https:\/\/sombrafestival.com\/wp-content\/uploads\/2019\/10\/Sombra-LogoIdentificador-Negativo.jpg\",\"contentUrl\":\"https:\/\/sombrafestival.com\/wp-content\/uploads\/2019\/10\/Sombra-LogoIdentificador-Negativo.jpg\",\"width\":400,\"height\":400,\"caption\":\"SOMBRA, IX FESTIVAL DE CINE FANTASTICO EUROPEO DE MURCIA\"},\"image\":{\"@id\":\"https:\/\/sombrafestival.com\/en\/#\/schema\/logo\/image\/\"},\"sameAs\":[\"https:\/\/www.facebook.com\/Sombra-Festival-De-CINE-Fantastico-Europeo-De-Murcia-175337032531429\/\",\"https:\/\/x.com\/SombraFestival\",\"https:\/\/www.instagram.com\/sombrafestival\/\",\"https:\/\/www.youtube.com\/channel\/UCBdSJni9V30Tq4cGf4Lj0Ug?view_as=subscriber\"]}]}<\/script>\n<!-- \/ Yoast SEO plugin. -->","yoast_head_json":{"title":"Invitados Sombra 2025 | Emilio Agazzi - Sombra Festival","robots":{"index":"index","follow":"follow","max-snippet":"max-snippet:-1","max-image-preview":"max-image-preview:large","max-video-preview":"max-video-preview:-1"},"canonical":"https:\/\/sombrafestival.com\/en\/invitados-sombra-2025-emilio-agazzi\/","og_locale":"en_GB","og_type":"article","og_title":"Invitados Sombra 2025 | Emilio Agazzi - Sombra Festival","og_description":"Emilio Agazzi Emilio Agazzi es un guionista, actor, m\u00fasico y productor argentino. Estudio escritura de Gui\u00f3n en Buenos Aires y cinematograf\u00eda en la prestigiosa escuela Roberto Rossellini en Roma. En Argentina trabaj\u00f3 bajo las ordenes de directores como Nestor Montalbano (Agua de Verano), la dupla Gaston Duprat\/Mariano Cohn (La decision equivocada) o Marcelo Schapces (Necronomicon). [&hellip;]","og_url":"https:\/\/sombrafestival.com\/en\/invitados-sombra-2025-emilio-agazzi\/","og_site_name":"Sombra Festival","article_publisher":"https:\/\/www.facebook.com\/Sombra-Festival-De-CINE-Fantastico-Europeo-De-Murcia-175337032531429\/","article_modified_time":"2025-02-12T15:38:34+00:00","og_image":[{"width":633,"height":464,"url":"https:\/\/sombrafestival.com\/wp-content\/uploads\/2025\/02\/IMG_0062.jpg","type":"image\/jpeg"}],"twitter_card":"summary_large_image","twitter_site":"@SombraFestival","twitter_misc":{"Est. reading time":"2 minutes"},"schema":{"@context":"https:\/\/schema.org","@graph":[{"@type":"WebPage","@id":"https:\/\/sombrafestival.com\/invitados-sombra-2025-emilio-agazzi\/","url":"https:\/\/sombrafestival.com\/invitados-sombra-2025-emilio-agazzi\/","name":"Invitados Sombra 2025 | Emilio Agazzi - Sombra Festival","isPartOf":{"@id":"https:\/\/sombrafestival.com\/en\/#website"},"primaryImageOfPage":{"@id":"https:\/\/sombrafestival.com\/invitados-sombra-2025-emilio-agazzi\/#primaryimage"},"image":{"@id":"https:\/\/sombrafestival.com\/invitados-sombra-2025-emilio-agazzi\/#primaryimage"},"thumbnailUrl":"https:\/\/sombrafestival.com\/wp-content\/uploads\/2025\/02\/IMG_0062.jpg","datePublished":"2025-02-12T15:11:24+00:00","dateModified":"2025-02-12T15:38:34+00:00","breadcrumb":{"@id":"https:\/\/sombrafestival.com\/invitados-sombra-2025-emilio-agazzi\/#breadcrumb"},"inLanguage":"en-GB","potentialAction":[{"@type":"ReadAction","target":["https:\/\/sombrafestival.com\/invitados-sombra-2025-emilio-agazzi\/"]}]},{"@type":"ImageObject","inLanguage":"en-GB","@id":"https:\/\/sombrafestival.com\/invitados-sombra-2025-emilio-agazzi\/#primaryimage","url":"https:\/\/sombrafestival.com\/wp-content\/uploads\/2025\/02\/IMG_0062.jpg","contentUrl":"https:\/\/sombrafestival.com\/wp-content\/uploads\/2025\/02\/IMG_0062.jpg","width":633,"height":464},{"@type":"BreadcrumbList","@id":"https:\/\/sombrafestival.com\/invitados-sombra-2025-emilio-agazzi\/#breadcrumb","itemListElement":[{"@type":"ListItem","position":1,"name":"Portada","item":"https:\/\/sombrafestival.com\/"},{"@type":"ListItem","position":2,"name":"Invitados Sombra 2025 | Emilio Agazzi"}]},{"@type":"WebSite","@id":"https:\/\/sombrafestival.com\/en\/#website","url":"https:\/\/sombrafestival.com\/en\/","name":"Sombra Festival","description":"XIII Festival de Cine Fant\u00e1stico Europeo de Murcia, 8-17 MARZO 2024","publisher":{"@id":"https:\/\/sombrafestival.com\/en\/#organization"},"potentialAction":[{"@type":"SearchAction","target":{"@type":"EntryPoint","urlTemplate":"https:\/\/sombrafestival.com\/en\/?s={search_term_string}"},"query-input":{"@type":"PropertyValueSpecification","valueRequired":true,"valueName":"search_term_string"}}],"inLanguage":"en-GB"},{"@type":"Organization","@id":"https:\/\/sombrafestival.com\/en\/#organization","name":"SOMBRA, IX FESTIVAL DE CINE FANTASTICO EUROPEO DE MURCIA","url":"https:\/\/sombrafestival.com\/en\/","logo":{"@type":"ImageObject","inLanguage":"en-GB","@id":"https:\/\/sombrafestival.com\/en\/#\/schema\/logo\/image\/","url":"https:\/\/sombrafestival.com\/wp-content\/uploads\/2019\/10\/Sombra-LogoIdentificador-Negativo.jpg","contentUrl":"https:\/\/sombrafestival.com\/wp-content\/uploads\/2019\/10\/Sombra-LogoIdentificador-Negativo.jpg","width":400,"height":400,"caption":"SOMBRA, IX FESTIVAL DE CINE FANTASTICO EUROPEO DE MURCIA"},"image":{"@id":"https:\/\/sombrafestival.com\/en\/#\/schema\/logo\/image\/"},"sameAs":["https:\/\/www.facebook.com\/Sombra-Festival-De-CINE-Fantastico-Europeo-De-Murcia-175337032531429\/","https:\/\/x.com\/SombraFestival","https:\/\/www.instagram.com\/sombrafestival\/","https:\/\/www.youtube.com\/channel\/UCBdSJni9V30Tq4cGf4Lj0Ug?view_as=subscriber"]}]}},"_links":{"self":[{"href":"https:\/\/sombrafestival.com\/en\/wp-json\/wp\/v2\/pages\/7457","targetHints":{"allow":["GET"]}}],"collection":[{"href":"https:\/\/sombrafestival.com\/en\/wp-json\/wp\/v2\/pages"}],"about":[{"href":"https:\/\/sombrafestival.com\/en\/wp-json\/wp\/v2\/types\/page"}],"author":[{"embeddable":true,"href":"https:\/\/sombrafestival.com\/en\/wp-json\/wp\/v2\/users\/2"}],"replies":[{"embeddable":true,"href":"https:\/\/sombrafestival.com\/en\/wp-json\/wp\/v2\/comments?post=7457"}],"version-history":[{"count":3,"href":"https:\/\/sombrafestival.com\/en\/wp-json\/wp\/v2\/pages\/7457\/revisions"}],"predecessor-version":[{"id":7462,"href":"https:\/\/sombrafestival.com\/en\/wp-json\/wp\/v2\/pages\/7457\/revisions\/7462"}],"wp:featuredmedia":[{"embeddable":true,"href":"https:\/\/sombrafestival.com\/en\/wp-json\/wp\/v2\/media\/7459"}],"wp:attachment":[{"href":"https:\/\/sombrafestival.com\/en\/wp-json\/wp\/v2\/media?parent=7457"}],"curies":[{"name":"wp","href":"https:\/\/api.w.org\/{rel}","templated":true}]}}