{"id":7525,"date":"2025-03-23T07:56:34","date_gmt":"2025-03-23T06:56:34","guid":{"rendered":"https:\/\/sombrafestival.com\/?page_id=7525"},"modified":"2025-03-23T07:56:34","modified_gmt":"2025-03-23T06:56:34","slug":"palmares-sombra-2025","status":"publish","type":"page","link":"https:\/\/sombrafestival.com\/en\/palmares-sombra-2025\/","title":{"rendered":"Palmar\u00e9s Sombra 2025"},"content":{"rendered":"<p>La irlandesa <strong>Fr\u00e9waka <\/strong>se lleva el gran premio en un palmar\u00e9s muy repartido. El premio a mejor gui\u00f3n se lo lleva el lorquino Juan Albarrac\u00edn por <strong>El instinto<\/strong>. En cortometrajes, MURCIA FANT\u00c1STICA es para <strong>Los hijos del tomillo <\/strong>y a nivel nacional el galard\u00f3n se lo lleva <strong>La Valla<\/strong>.<\/p>\n<h3>Palmar\u00e9s Secci\u00f3n Oficial<\/h3>\n<ul>\n<li>Mejor pel\u00edcula: Fr\u00e9waka<\/li>\n<li>Mejor direcci\u00f3n: Michiel Blanchart (Night Call)<\/li>\n<li>Mejor fotograf\u00eda: Sylvestre Vannoorenberghe (Night Call)<\/li>\n<li>Mejor gui\u00f3n: Juan Albarrac\u00edn (El Instinto)<\/li>\n<li>Mejor actor: Ex aequo &#8211; Javier Pereira y Fernando Cayo (El Instinto)<\/li>\n<li>Mejor actriz: Clare Monnelly (Fr\u00e9waka)<\/li>\n<\/ul>\n<h3>Shorts<\/h3>\n<ul>\n<li>Murcia fant\u00e1stica: \u2018Los hijos del tomillo\u2019 de Irene M. Pi\u00f1ero<\/li>\n<li>Menci\u00f3n especial: \u2018C\u00e9ntrico\u2019 de Luso Mart\u00ednez<\/li>\n<li>Mejor corto nacional: \u2018La Valla\u2019 de Samuel Ort\u00ed Mart\u00ed<\/li>\n<\/ul>\n<h3>Premios especiales<\/h3>\n<ul>\n<li>Premio Nosferatu para La Escuela Superior de Dise\u00f1o de Murcia<\/li>\n<li>Premio Bernard Hermann para Fabio Frizzi<\/li>\n<li>Premios Sombra de Leyenda para John Mctiernan y Javier Botet<\/li>\n<li>Premios Serial Killer para Shauna Macdonald y Eva Llorach<\/li>\n<\/ul>","protected":false},"excerpt":{"rendered":"<p>La irlandesa Fr\u00e9waka se lleva el gran premio en un palmar\u00e9s muy repartido. El premio a mejor gui\u00f3n se lo lleva el lorquino Juan Albarrac\u00edn por El instinto. En cortometrajes, MURCIA FANT\u00c1STICA es para Los hijos del tomillo y a nivel nacional el galard\u00f3n se lo lleva La Valla. Palmar\u00e9s Secci\u00f3n Oficial Mejor pel\u00edcula: Fr\u00e9waka [&hellip;]<\/p>","protected":false},"author":2,"featured_media":7526,"parent":0,"menu_order":0,"comment_status":"closed","ping_status":"closed","template":"","meta":{"footnotes":""},"class_list":["post-7525","page","type-page","status-publish","has-post-thumbnail"],"yoast_head":"<!-- This site is optimized with the Yoast SEO plugin v24.3 - https:\/\/yoast.com\/wordpress\/plugins\/seo\/ -->\n<title>Palmar\u00e9s Sombra 2025 - Sombra Festival<\/title>\n<meta name=\"robots\" content=\"index, follow, max-snippet:-1, max-image-preview:large, max-video-preview:-1\" \/>\n<link rel=\"canonical\" href=\"https:\/\/sombrafestival.com\/en\/palmares-sombra-2025\/\" \/>\n<meta property=\"og:locale\" content=\"en_GB\" \/>\n<meta property=\"og:type\" content=\"article\" \/>\n<meta property=\"og:title\" content=\"Palmar\u00e9s Sombra 2025 - Sombra Festival\" \/>\n<meta property=\"og:description\" content=\"La irlandesa Fr\u00e9waka se lleva el gran premio en un palmar\u00e9s muy repartido. El premio a mejor gui\u00f3n se lo lleva el lorquino Juan Albarrac\u00edn por El instinto. En cortometrajes, MURCIA FANT\u00c1STICA es para Los hijos del tomillo y a nivel nacional el galard\u00f3n se lo lleva La Valla. Palmar\u00e9s Secci\u00f3n Oficial Mejor pel\u00edcula: Fr\u00e9waka [&hellip;]\" \/>\n<meta property=\"og:url\" content=\"https:\/\/sombrafestival.com\/en\/palmares-sombra-2025\/\" \/>\n<meta property=\"og:site_name\" content=\"Sombra Festival\" \/>\n<meta property=\"article:publisher\" content=\"https:\/\/www.facebook.com\/Sombra-Festival-De-CINE-Fantastico-Europeo-De-Murcia-175337032531429\/\" \/>\n<meta property=\"og:image\" content=\"https:\/\/sombrafestival.com\/wp-content\/uploads\/2025\/03\/485210978_18297782749208359_3500829426746644884_n.jpg\" \/>\n\t<meta property=\"og:image:width\" content=\"1440\" \/>\n\t<meta property=\"og:image:height\" content=\"1440\" \/>\n\t<meta property=\"og:image:type\" content=\"image\/jpeg\" \/>\n<meta name=\"twitter:card\" content=\"summary_large_image\" \/>\n<meta name=\"twitter:site\" content=\"@SombraFestival\" \/>\n<meta name=\"twitter:label1\" content=\"Est. reading time\" \/>\n\t<meta name=\"twitter:data1\" content=\"1 minute\" \/>\n<script type=\"application\/ld+json\" class=\"yoast-schema-graph\">{\"@context\":\"https:\/\/schema.org\",\"@graph\":[{\"@type\":\"WebPage\",\"@id\":\"https:\/\/sombrafestival.com\/palmares-sombra-2025\/\",\"url\":\"https:\/\/sombrafestival.com\/palmares-sombra-2025\/\",\"name\":\"Palmar\u00e9s Sombra 2025 - Sombra Festival\",\"isPartOf\":{\"@id\":\"https:\/\/sombrafestival.com\/en\/#website\"},\"primaryImageOfPage\":{\"@id\":\"https:\/\/sombrafestival.com\/palmares-sombra-2025\/#primaryimage\"},\"image\":{\"@id\":\"https:\/\/sombrafestival.com\/palmares-sombra-2025\/#primaryimage\"},\"thumbnailUrl\":\"https:\/\/sombrafestival.com\/wp-content\/uploads\/2025\/03\/485210978_18297782749208359_3500829426746644884_n.jpg\",\"datePublished\":\"2025-03-23T06:56:34+00:00\",\"dateModified\":\"2025-03-23T06:56:34+00:00\",\"breadcrumb\":{\"@id\":\"https:\/\/sombrafestival.com\/palmares-sombra-2025\/#breadcrumb\"},\"inLanguage\":\"en-GB\",\"potentialAction\":[{\"@type\":\"ReadAction\",\"target\":[\"https:\/\/sombrafestival.com\/palmares-sombra-2025\/\"]}]},{\"@type\":\"ImageObject\",\"inLanguage\":\"en-GB\",\"@id\":\"https:\/\/sombrafestival.com\/palmares-sombra-2025\/#primaryimage\",\"url\":\"https:\/\/sombrafestival.com\/wp-content\/uploads\/2025\/03\/485210978_18297782749208359_3500829426746644884_n.jpg\",\"contentUrl\":\"https:\/\/sombrafestival.com\/wp-content\/uploads\/2025\/03\/485210978_18297782749208359_3500829426746644884_n.jpg\",\"width\":1440,\"height\":1440},{\"@type\":\"BreadcrumbList\",\"@id\":\"https:\/\/sombrafestival.com\/palmares-sombra-2025\/#breadcrumb\",\"itemListElement\":[{\"@type\":\"ListItem\",\"position\":1,\"name\":\"Portada\",\"item\":\"https:\/\/sombrafestival.com\/\"},{\"@type\":\"ListItem\",\"position\":2,\"name\":\"Palmar\u00e9s Sombra 2025\"}]},{\"@type\":\"WebSite\",\"@id\":\"https:\/\/sombrafestival.com\/en\/#website\",\"url\":\"https:\/\/sombrafestival.com\/en\/\",\"name\":\"Sombra Festival\",\"description\":\"XIII Festival de Cine Fant\u00e1stico Europeo de Murcia, 8-17 MARZO 2024\",\"publisher\":{\"@id\":\"https:\/\/sombrafestival.com\/en\/#organization\"},\"potentialAction\":[{\"@type\":\"SearchAction\",\"target\":{\"@type\":\"EntryPoint\",\"urlTemplate\":\"https:\/\/sombrafestival.com\/en\/?s={search_term_string}\"},\"query-input\":{\"@type\":\"PropertyValueSpecification\",\"valueRequired\":true,\"valueName\":\"search_term_string\"}}],\"inLanguage\":\"en-GB\"},{\"@type\":\"Organization\",\"@id\":\"https:\/\/sombrafestival.com\/en\/#organization\",\"name\":\"SOMBRA, IX FESTIVAL DE CINE FANTASTICO EUROPEO DE MURCIA\",\"url\":\"https:\/\/sombrafestival.com\/en\/\",\"logo\":{\"@type\":\"ImageObject\",\"inLanguage\":\"en-GB\",\"@id\":\"https:\/\/sombrafestival.com\/en\/#\/schema\/logo\/image\/\",\"url\":\"https:\/\/sombrafestival.com\/wp-content\/uploads\/2019\/10\/Sombra-LogoIdentificador-Negativo.jpg\",\"contentUrl\":\"https:\/\/sombrafestival.com\/wp-content\/uploads\/2019\/10\/Sombra-LogoIdentificador-Negativo.jpg\",\"width\":400,\"height\":400,\"caption\":\"SOMBRA, IX FESTIVAL DE CINE FANTASTICO EUROPEO DE MURCIA\"},\"image\":{\"@id\":\"https:\/\/sombrafestival.com\/en\/#\/schema\/logo\/image\/\"},\"sameAs\":[\"https:\/\/www.facebook.com\/Sombra-Festival-De-CINE-Fantastico-Europeo-De-Murcia-175337032531429\/\",\"https:\/\/x.com\/SombraFestival\",\"https:\/\/www.instagram.com\/sombrafestival\/\",\"https:\/\/www.youtube.com\/channel\/UCBdSJni9V30Tq4cGf4Lj0Ug?view_as=subscriber\"]}]}<\/script>\n<!-- \/ Yoast SEO plugin. -->","yoast_head_json":{"title":"Palmar\u00e9s Sombra 2025 - Sombra Festival","robots":{"index":"index","follow":"follow","max-snippet":"max-snippet:-1","max-image-preview":"max-image-preview:large","max-video-preview":"max-video-preview:-1"},"canonical":"https:\/\/sombrafestival.com\/en\/palmares-sombra-2025\/","og_locale":"en_GB","og_type":"article","og_title":"Palmar\u00e9s Sombra 2025 - Sombra Festival","og_description":"La irlandesa Fr\u00e9waka se lleva el gran premio en un palmar\u00e9s muy repartido. El premio a mejor gui\u00f3n se lo lleva el lorquino Juan Albarrac\u00edn por El instinto. En cortometrajes, MURCIA FANT\u00c1STICA es para Los hijos del tomillo y a nivel nacional el galard\u00f3n se lo lleva La Valla. Palmar\u00e9s Secci\u00f3n Oficial Mejor pel\u00edcula: Fr\u00e9waka [&hellip;]","og_url":"https:\/\/sombrafestival.com\/en\/palmares-sombra-2025\/","og_site_name":"Sombra Festival","article_publisher":"https:\/\/www.facebook.com\/Sombra-Festival-De-CINE-Fantastico-Europeo-De-Murcia-175337032531429\/","og_image":[{"width":1440,"height":1440,"url":"https:\/\/sombrafestival.com\/wp-content\/uploads\/2025\/03\/485210978_18297782749208359_3500829426746644884_n.jpg","type":"image\/jpeg"}],"twitter_card":"summary_large_image","twitter_site":"@SombraFestival","twitter_misc":{"Est. reading time":"1 minute"},"schema":{"@context":"https:\/\/schema.org","@graph":[{"@type":"WebPage","@id":"https:\/\/sombrafestival.com\/palmares-sombra-2025\/","url":"https:\/\/sombrafestival.com\/palmares-sombra-2025\/","name":"Palmar\u00e9s Sombra 2025 - Sombra Festival","isPartOf":{"@id":"https:\/\/sombrafestival.com\/en\/#website"},"primaryImageOfPage":{"@id":"https:\/\/sombrafestival.com\/palmares-sombra-2025\/#primaryimage"},"image":{"@id":"https:\/\/sombrafestival.com\/palmares-sombra-2025\/#primaryimage"},"thumbnailUrl":"https:\/\/sombrafestival.com\/wp-content\/uploads\/2025\/03\/485210978_18297782749208359_3500829426746644884_n.jpg","datePublished":"2025-03-23T06:56:34+00:00","dateModified":"2025-03-23T06:56:34+00:00","breadcrumb":{"@id":"https:\/\/sombrafestival.com\/palmares-sombra-2025\/#breadcrumb"},"inLanguage":"en-GB","potentialAction":[{"@type":"ReadAction","target":["https:\/\/sombrafestival.com\/palmares-sombra-2025\/"]}]},{"@type":"ImageObject","inLanguage":"en-GB","@id":"https:\/\/sombrafestival.com\/palmares-sombra-2025\/#primaryimage","url":"https:\/\/sombrafestival.com\/wp-content\/uploads\/2025\/03\/485210978_18297782749208359_3500829426746644884_n.jpg","contentUrl":"https:\/\/sombrafestival.com\/wp-content\/uploads\/2025\/03\/485210978_18297782749208359_3500829426746644884_n.jpg","width":1440,"height":1440},{"@type":"BreadcrumbList","@id":"https:\/\/sombrafestival.com\/palmares-sombra-2025\/#breadcrumb","itemListElement":[{"@type":"ListItem","position":1,"name":"Portada","item":"https:\/\/sombrafestival.com\/"},{"@type":"ListItem","position":2,"name":"Palmar\u00e9s Sombra 2025"}]},{"@type":"WebSite","@id":"https:\/\/sombrafestival.com\/en\/#website","url":"https:\/\/sombrafestival.com\/en\/","name":"Sombra Festival","description":"XIII Festival de Cine Fant\u00e1stico Europeo de Murcia, 8-17 MARZO 2024","publisher":{"@id":"https:\/\/sombrafestival.com\/en\/#organization"},"potentialAction":[{"@type":"SearchAction","target":{"@type":"EntryPoint","urlTemplate":"https:\/\/sombrafestival.com\/en\/?s={search_term_string}"},"query-input":{"@type":"PropertyValueSpecification","valueRequired":true,"valueName":"search_term_string"}}],"inLanguage":"en-GB"},{"@type":"Organization","@id":"https:\/\/sombrafestival.com\/en\/#organization","name":"SOMBRA, IX FESTIVAL DE CINE FANTASTICO EUROPEO DE MURCIA","url":"https:\/\/sombrafestival.com\/en\/","logo":{"@type":"ImageObject","inLanguage":"en-GB","@id":"https:\/\/sombrafestival.com\/en\/#\/schema\/logo\/image\/","url":"https:\/\/sombrafestival.com\/wp-content\/uploads\/2019\/10\/Sombra-LogoIdentificador-Negativo.jpg","contentUrl":"https:\/\/sombrafestival.com\/wp-content\/uploads\/2019\/10\/Sombra-LogoIdentificador-Negativo.jpg","width":400,"height":400,"caption":"SOMBRA, IX FESTIVAL DE CINE FANTASTICO EUROPEO DE MURCIA"},"image":{"@id":"https:\/\/sombrafestival.com\/en\/#\/schema\/logo\/image\/"},"sameAs":["https:\/\/www.facebook.com\/Sombra-Festival-De-CINE-Fantastico-Europeo-De-Murcia-175337032531429\/","https:\/\/x.com\/SombraFestival","https:\/\/www.instagram.com\/sombrafestival\/","https:\/\/www.youtube.com\/channel\/UCBdSJni9V30Tq4cGf4Lj0Ug?view_as=subscriber"]}]}},"_links":{"self":[{"href":"https:\/\/sombrafestival.com\/en\/wp-json\/wp\/v2\/pages\/7525","targetHints":{"allow":["GET"]}}],"collection":[{"href":"https:\/\/sombrafestival.com\/en\/wp-json\/wp\/v2\/pages"}],"about":[{"href":"https:\/\/sombrafestival.com\/en\/wp-json\/wp\/v2\/types\/page"}],"author":[{"embeddable":true,"href":"https:\/\/sombrafestival.com\/en\/wp-json\/wp\/v2\/users\/2"}],"replies":[{"embeddable":true,"href":"https:\/\/sombrafestival.com\/en\/wp-json\/wp\/v2\/comments?post=7525"}],"version-history":[{"count":1,"href":"https:\/\/sombrafestival.com\/en\/wp-json\/wp\/v2\/pages\/7525\/revisions"}],"predecessor-version":[{"id":7527,"href":"https:\/\/sombrafestival.com\/en\/wp-json\/wp\/v2\/pages\/7525\/revisions\/7527"}],"wp:featuredmedia":[{"embeddable":true,"href":"https:\/\/sombrafestival.com\/en\/wp-json\/wp\/v2\/media\/7526"}],"wp:attachment":[{"href":"https:\/\/sombrafestival.com\/en\/wp-json\/wp\/v2\/media?parent=7525"}],"curies":[{"name":"wp","href":"https:\/\/api.w.org\/{rel}","templated":true}]}}