{"id":7614,"date":"2026-02-08T21:26:14","date_gmt":"2026-02-08T20:26:14","guid":{"rendered":"https:\/\/sombrafestival.com\/?page_id=7614"},"modified":"2026-02-08T21:26:14","modified_gmt":"2026-02-08T20:26:14","slug":"the-call-cortometraje-a-concurso","status":"publish","type":"page","link":"https:\/\/sombrafestival.com\/en\/2026-2\/cortometrajes-2026\/the-call-cortometraje-a-concurso\/","title":{"rendered":"The Call | Cortometraje a concurso"},"content":{"rendered":"<ul>\n<li><strong>Fecha:<\/strong> S\u00e1bado, 28 de febrero<\/li>\n<li><strong>Hora:<\/strong> 11:00<\/li>\n<li><strong>Lugar:<\/strong> Filmoteca Regional (Sala A)<\/li>\n<\/ul>\n<p style=\"text-align: center;\"><a href=\"https:\/\/entradium.com\/es\/events\/cortometrajes-seccion-oficial-a-concurso-1\"><span class=\"td_btn td_btn_lg td_default_btn\">COMPRAR ENTRADAS<\/span><\/a><\/p>\n<h3>Sinopsis<\/h3>\n<p>Sophia trabaja en una compa\u00f1\u00eda de seguros. A diario le toca revisar las facturas pendientes. Hoy tiene que llamar a Jonathan David Brown.<\/p>\n<p><img loading=\"lazy\" decoding=\"async\" class=\"aligncenter size-large wp-image-7615\" src=\"https:\/\/sombrafestival.com\/wp-content\/uploads\/2026\/01\/the_call-427746809-large-724x1024.jpg\" alt=\"\" width=\"696\" height=\"984\" srcset=\"https:\/\/sombrafestival.com\/wp-content\/uploads\/2026\/01\/the_call-427746809-large-724x1024.jpg 724w, https:\/\/sombrafestival.com\/wp-content\/uploads\/2026\/01\/the_call-427746809-large-212x300.jpg 212w, https:\/\/sombrafestival.com\/wp-content\/uploads\/2026\/01\/the_call-427746809-large-768x1087.jpg 768w, https:\/\/sombrafestival.com\/wp-content\/uploads\/2026\/01\/the_call-427746809-large-8x12.jpg 8w, https:\/\/sombrafestival.com\/wp-content\/uploads\/2026\/01\/the_call-427746809-large-297x420.jpg 297w, https:\/\/sombrafestival.com\/wp-content\/uploads\/2026\/01\/the_call-427746809-large-696x985.jpg 696w, https:\/\/sombrafestival.com\/wp-content\/uploads\/2026\/01\/the_call-427746809-large.jpg 848w\" sizes=\"auto, (max-width: 696px) 100vw, 696px\" \/><\/p>\n<ul>\n<li class=\"whitespace-normal break-words pl-2\"><strong>T\u00edtulo original:<\/strong> The Call<\/li>\n<li class=\"whitespace-normal break-words pl-2\"><strong>A\u00f1o:<\/strong> 2025<\/li>\n<li class=\"whitespace-normal break-words pl-2\"><strong>Duraci\u00f3n:<\/strong> 9 min.<\/li>\n<li class=\"whitespace-normal break-words pl-2\"><strong>Pa\u00eds:<\/strong> Espa\u00f1a<\/li>\n<li class=\"whitespace-normal break-words pl-2\"><strong>Direcci\u00f3n:<\/strong> Kiko Prada<\/li>\n<li class=\"whitespace-normal break-words pl-2\"><strong>Guion:<\/strong> Kiko Prada<\/li>\n<li class=\"whitespace-normal break-words pl-2\"><strong>Reparto:<\/strong> Adri\u00e1n L\u00f3pez, Elizabeth Anne Miller, \u00c1ngel Pazos<\/li>\n<li class=\"whitespace-normal break-words pl-2\"><strong>M\u00fasica:<\/strong> Javier Bay\u00f3n<\/li>\n<li class=\"whitespace-normal break-words pl-2\"><strong>Fotograf\u00eda:<\/strong> Daniel G. Canal<\/li>\n<li class=\"whitespace-normal break-words pl-2\"><strong>Compa\u00f1\u00edas:<\/strong> Molly Cat Productions<\/li>\n<li class=\"whitespace-normal break-words pl-2\"><strong>G\u00e9nero:<\/strong> Thriller | Cortometraje<\/li>\n<\/ul>","protected":false},"excerpt":{"rendered":"<p>Fecha: S\u00e1bado, 28 de febrero Hora: 11:00 Lugar: Filmoteca Regional (Sala A) COMPRAR ENTRADAS Sinopsis Sophia trabaja en una compa\u00f1\u00eda de seguros. A diario le toca revisar las facturas pendientes. Hoy tiene que llamar a Jonathan David Brown. T\u00edtulo original: The Call A\u00f1o: 2025 Duraci\u00f3n: 9 min. Pa\u00eds: Espa\u00f1a Direcci\u00f3n: Kiko Prada Guion: Kiko Prada [&hellip;]<\/p>","protected":false},"author":2,"featured_media":7615,"parent":7785,"menu_order":0,"comment_status":"closed","ping_status":"closed","template":"","meta":{"footnotes":""},"class_list":["post-7614","page","type-page","status-publish","has-post-thumbnail"],"yoast_head":"<!-- This site is optimized with the Yoast SEO plugin v24.3 - https:\/\/yoast.com\/wordpress\/plugins\/seo\/ -->\n<title>The Call | Cortometraje a concurso - Sombra Festival<\/title>\n<meta name=\"robots\" content=\"index, follow, max-snippet:-1, max-image-preview:large, max-video-preview:-1\" \/>\n<link rel=\"canonical\" href=\"https:\/\/sombrafestival.com\/en\/2026-2\/cortometrajes-2026\/the-call-cortometraje-a-concurso\/\" \/>\n<meta property=\"og:locale\" content=\"en_GB\" \/>\n<meta property=\"og:type\" content=\"article\" \/>\n<meta property=\"og:title\" content=\"The Call | Cortometraje a concurso - Sombra Festival\" \/>\n<meta property=\"og:description\" content=\"Fecha: S\u00e1bado, 28 de febrero Hora: 11:00 Lugar: Filmoteca Regional (Sala A) COMPRAR ENTRADAS Sinopsis Sophia trabaja en una compa\u00f1\u00eda de seguros. A diario le toca revisar las facturas pendientes. Hoy tiene que llamar a Jonathan David Brown. T\u00edtulo original: The Call A\u00f1o: 2025 Duraci\u00f3n: 9 min. Pa\u00eds: Espa\u00f1a Direcci\u00f3n: Kiko Prada Guion: Kiko Prada [&hellip;]\" \/>\n<meta property=\"og:url\" content=\"https:\/\/sombrafestival.com\/en\/2026-2\/cortometrajes-2026\/the-call-cortometraje-a-concurso\/\" \/>\n<meta property=\"og:site_name\" content=\"Sombra Festival\" \/>\n<meta property=\"article:publisher\" content=\"https:\/\/www.facebook.com\/Sombra-Festival-De-CINE-Fantastico-Europeo-De-Murcia-175337032531429\/\" \/>\n<meta property=\"og:image\" content=\"https:\/\/sombrafestival.com\/wp-content\/uploads\/2026\/01\/the_call-427746809-large.jpg\" \/>\n\t<meta property=\"og:image:width\" content=\"848\" \/>\n\t<meta property=\"og:image:height\" content=\"1200\" \/>\n\t<meta property=\"og:image:type\" content=\"image\/jpeg\" \/>\n<meta name=\"twitter:card\" content=\"summary_large_image\" \/>\n<meta name=\"twitter:site\" content=\"@SombraFestival\" \/>\n<meta name=\"twitter:label1\" content=\"Est. reading time\" \/>\n\t<meta name=\"twitter:data1\" content=\"1 minute\" \/>\n<script type=\"application\/ld+json\" class=\"yoast-schema-graph\">{\"@context\":\"https:\/\/schema.org\",\"@graph\":[{\"@type\":\"WebPage\",\"@id\":\"https:\/\/sombrafestival.com\/2026-2\/cortometrajes-2026\/the-call-cortometraje-a-concurso\/\",\"url\":\"https:\/\/sombrafestival.com\/2026-2\/cortometrajes-2026\/the-call-cortometraje-a-concurso\/\",\"name\":\"The Call | Cortometraje a concurso - Sombra Festival\",\"isPartOf\":{\"@id\":\"https:\/\/sombrafestival.com\/en\/#website\"},\"primaryImageOfPage\":{\"@id\":\"https:\/\/sombrafestival.com\/2026-2\/cortometrajes-2026\/the-call-cortometraje-a-concurso\/#primaryimage\"},\"image\":{\"@id\":\"https:\/\/sombrafestival.com\/2026-2\/cortometrajes-2026\/the-call-cortometraje-a-concurso\/#primaryimage\"},\"thumbnailUrl\":\"https:\/\/sombrafestival.com\/wp-content\/uploads\/2026\/01\/the_call-427746809-large.jpg\",\"datePublished\":\"2026-02-08T20:26:14+00:00\",\"dateModified\":\"2026-02-08T20:26:14+00:00\",\"breadcrumb\":{\"@id\":\"https:\/\/sombrafestival.com\/2026-2\/cortometrajes-2026\/the-call-cortometraje-a-concurso\/#breadcrumb\"},\"inLanguage\":\"en-GB\",\"potentialAction\":[{\"@type\":\"ReadAction\",\"target\":[\"https:\/\/sombrafestival.com\/2026-2\/cortometrajes-2026\/the-call-cortometraje-a-concurso\/\"]}]},{\"@type\":\"ImageObject\",\"inLanguage\":\"en-GB\",\"@id\":\"https:\/\/sombrafestival.com\/2026-2\/cortometrajes-2026\/the-call-cortometraje-a-concurso\/#primaryimage\",\"url\":\"https:\/\/sombrafestival.com\/wp-content\/uploads\/2026\/01\/the_call-427746809-large.jpg\",\"contentUrl\":\"https:\/\/sombrafestival.com\/wp-content\/uploads\/2026\/01\/the_call-427746809-large.jpg\",\"width\":848,\"height\":1200},{\"@type\":\"BreadcrumbList\",\"@id\":\"https:\/\/sombrafestival.com\/2026-2\/cortometrajes-2026\/the-call-cortometraje-a-concurso\/#breadcrumb\",\"itemListElement\":[{\"@type\":\"ListItem\",\"position\":1,\"name\":\"Portada\",\"item\":\"https:\/\/sombrafestival.com\/\"},{\"@type\":\"ListItem\",\"position\":2,\"name\":\"2026\",\"item\":\"https:\/\/sombrafestival.com\/2026-2\/\"},{\"@type\":\"ListItem\",\"position\":3,\"name\":\"Cortometrajes 2026\",\"item\":\"https:\/\/sombrafestival.com\/2026-2\/cortometrajes-2026\/\"},{\"@type\":\"ListItem\",\"position\":4,\"name\":\"The Call | Cortometraje a concurso\"}]},{\"@type\":\"WebSite\",\"@id\":\"https:\/\/sombrafestival.com\/en\/#website\",\"url\":\"https:\/\/sombrafestival.com\/en\/\",\"name\":\"Sombra Festival\",\"description\":\"XIII Festival de Cine Fant\u00e1stico Europeo de Murcia, 8-17 MARZO 2024\",\"publisher\":{\"@id\":\"https:\/\/sombrafestival.com\/en\/#organization\"},\"potentialAction\":[{\"@type\":\"SearchAction\",\"target\":{\"@type\":\"EntryPoint\",\"urlTemplate\":\"https:\/\/sombrafestival.com\/en\/?s={search_term_string}\"},\"query-input\":{\"@type\":\"PropertyValueSpecification\",\"valueRequired\":true,\"valueName\":\"search_term_string\"}}],\"inLanguage\":\"en-GB\"},{\"@type\":\"Organization\",\"@id\":\"https:\/\/sombrafestival.com\/en\/#organization\",\"name\":\"SOMBRA, IX FESTIVAL DE CINE FANTASTICO EUROPEO DE MURCIA\",\"url\":\"https:\/\/sombrafestival.com\/en\/\",\"logo\":{\"@type\":\"ImageObject\",\"inLanguage\":\"en-GB\",\"@id\":\"https:\/\/sombrafestival.com\/en\/#\/schema\/logo\/image\/\",\"url\":\"https:\/\/sombrafestival.com\/wp-content\/uploads\/2019\/10\/Sombra-LogoIdentificador-Negativo.jpg\",\"contentUrl\":\"https:\/\/sombrafestival.com\/wp-content\/uploads\/2019\/10\/Sombra-LogoIdentificador-Negativo.jpg\",\"width\":400,\"height\":400,\"caption\":\"SOMBRA, IX FESTIVAL DE CINE FANTASTICO EUROPEO DE MURCIA\"},\"image\":{\"@id\":\"https:\/\/sombrafestival.com\/en\/#\/schema\/logo\/image\/\"},\"sameAs\":[\"https:\/\/www.facebook.com\/Sombra-Festival-De-CINE-Fantastico-Europeo-De-Murcia-175337032531429\/\",\"https:\/\/x.com\/SombraFestival\",\"https:\/\/www.instagram.com\/sombrafestival\/\",\"https:\/\/www.youtube.com\/channel\/UCBdSJni9V30Tq4cGf4Lj0Ug?view_as=subscriber\"]}]}<\/script>\n<!-- \/ Yoast SEO plugin. -->","yoast_head_json":{"title":"The Call | Cortometraje a concurso - Sombra Festival","robots":{"index":"index","follow":"follow","max-snippet":"max-snippet:-1","max-image-preview":"max-image-preview:large","max-video-preview":"max-video-preview:-1"},"canonical":"https:\/\/sombrafestival.com\/en\/2026-2\/cortometrajes-2026\/the-call-cortometraje-a-concurso\/","og_locale":"en_GB","og_type":"article","og_title":"The Call | Cortometraje a concurso - Sombra Festival","og_description":"Fecha: S\u00e1bado, 28 de febrero Hora: 11:00 Lugar: Filmoteca Regional (Sala A) COMPRAR ENTRADAS Sinopsis Sophia trabaja en una compa\u00f1\u00eda de seguros. A diario le toca revisar las facturas pendientes. Hoy tiene que llamar a Jonathan David Brown. T\u00edtulo original: The Call A\u00f1o: 2025 Duraci\u00f3n: 9 min. Pa\u00eds: Espa\u00f1a Direcci\u00f3n: Kiko Prada Guion: Kiko Prada [&hellip;]","og_url":"https:\/\/sombrafestival.com\/en\/2026-2\/cortometrajes-2026\/the-call-cortometraje-a-concurso\/","og_site_name":"Sombra Festival","article_publisher":"https:\/\/www.facebook.com\/Sombra-Festival-De-CINE-Fantastico-Europeo-De-Murcia-175337032531429\/","og_image":[{"width":848,"height":1200,"url":"https:\/\/sombrafestival.com\/wp-content\/uploads\/2026\/01\/the_call-427746809-large.jpg","type":"image\/jpeg"}],"twitter_card":"summary_large_image","twitter_site":"@SombraFestival","twitter_misc":{"Est. reading time":"1 minute"},"schema":{"@context":"https:\/\/schema.org","@graph":[{"@type":"WebPage","@id":"https:\/\/sombrafestival.com\/2026-2\/cortometrajes-2026\/the-call-cortometraje-a-concurso\/","url":"https:\/\/sombrafestival.com\/2026-2\/cortometrajes-2026\/the-call-cortometraje-a-concurso\/","name":"The Call | Cortometraje a concurso - Sombra Festival","isPartOf":{"@id":"https:\/\/sombrafestival.com\/en\/#website"},"primaryImageOfPage":{"@id":"https:\/\/sombrafestival.com\/2026-2\/cortometrajes-2026\/the-call-cortometraje-a-concurso\/#primaryimage"},"image":{"@id":"https:\/\/sombrafestival.com\/2026-2\/cortometrajes-2026\/the-call-cortometraje-a-concurso\/#primaryimage"},"thumbnailUrl":"https:\/\/sombrafestival.com\/wp-content\/uploads\/2026\/01\/the_call-427746809-large.jpg","datePublished":"2026-02-08T20:26:14+00:00","dateModified":"2026-02-08T20:26:14+00:00","breadcrumb":{"@id":"https:\/\/sombrafestival.com\/2026-2\/cortometrajes-2026\/the-call-cortometraje-a-concurso\/#breadcrumb"},"inLanguage":"en-GB","potentialAction":[{"@type":"ReadAction","target":["https:\/\/sombrafestival.com\/2026-2\/cortometrajes-2026\/the-call-cortometraje-a-concurso\/"]}]},{"@type":"ImageObject","inLanguage":"en-GB","@id":"https:\/\/sombrafestival.com\/2026-2\/cortometrajes-2026\/the-call-cortometraje-a-concurso\/#primaryimage","url":"https:\/\/sombrafestival.com\/wp-content\/uploads\/2026\/01\/the_call-427746809-large.jpg","contentUrl":"https:\/\/sombrafestival.com\/wp-content\/uploads\/2026\/01\/the_call-427746809-large.jpg","width":848,"height":1200},{"@type":"BreadcrumbList","@id":"https:\/\/sombrafestival.com\/2026-2\/cortometrajes-2026\/the-call-cortometraje-a-concurso\/#breadcrumb","itemListElement":[{"@type":"ListItem","position":1,"name":"Portada","item":"https:\/\/sombrafestival.com\/"},{"@type":"ListItem","position":2,"name":"2026","item":"https:\/\/sombrafestival.com\/2026-2\/"},{"@type":"ListItem","position":3,"name":"Cortometrajes 2026","item":"https:\/\/sombrafestival.com\/2026-2\/cortometrajes-2026\/"},{"@type":"ListItem","position":4,"name":"The Call | Cortometraje a concurso"}]},{"@type":"WebSite","@id":"https:\/\/sombrafestival.com\/en\/#website","url":"https:\/\/sombrafestival.com\/en\/","name":"Sombra Festival","description":"XIII Festival de Cine Fant\u00e1stico Europeo de Murcia, 8-17 MARZO 2024","publisher":{"@id":"https:\/\/sombrafestival.com\/en\/#organization"},"potentialAction":[{"@type":"SearchAction","target":{"@type":"EntryPoint","urlTemplate":"https:\/\/sombrafestival.com\/en\/?s={search_term_string}"},"query-input":{"@type":"PropertyValueSpecification","valueRequired":true,"valueName":"search_term_string"}}],"inLanguage":"en-GB"},{"@type":"Organization","@id":"https:\/\/sombrafestival.com\/en\/#organization","name":"SOMBRA, IX FESTIVAL DE CINE FANTASTICO EUROPEO DE MURCIA","url":"https:\/\/sombrafestival.com\/en\/","logo":{"@type":"ImageObject","inLanguage":"en-GB","@id":"https:\/\/sombrafestival.com\/en\/#\/schema\/logo\/image\/","url":"https:\/\/sombrafestival.com\/wp-content\/uploads\/2019\/10\/Sombra-LogoIdentificador-Negativo.jpg","contentUrl":"https:\/\/sombrafestival.com\/wp-content\/uploads\/2019\/10\/Sombra-LogoIdentificador-Negativo.jpg","width":400,"height":400,"caption":"SOMBRA, IX FESTIVAL DE CINE FANTASTICO EUROPEO DE MURCIA"},"image":{"@id":"https:\/\/sombrafestival.com\/en\/#\/schema\/logo\/image\/"},"sameAs":["https:\/\/www.facebook.com\/Sombra-Festival-De-CINE-Fantastico-Europeo-De-Murcia-175337032531429\/","https:\/\/x.com\/SombraFestival","https:\/\/www.instagram.com\/sombrafestival\/","https:\/\/www.youtube.com\/channel\/UCBdSJni9V30Tq4cGf4Lj0Ug?view_as=subscriber"]}]}},"_links":{"self":[{"href":"https:\/\/sombrafestival.com\/en\/wp-json\/wp\/v2\/pages\/7614","targetHints":{"allow":["GET"]}}],"collection":[{"href":"https:\/\/sombrafestival.com\/en\/wp-json\/wp\/v2\/pages"}],"about":[{"href":"https:\/\/sombrafestival.com\/en\/wp-json\/wp\/v2\/types\/page"}],"author":[{"embeddable":true,"href":"https:\/\/sombrafestival.com\/en\/wp-json\/wp\/v2\/users\/2"}],"replies":[{"embeddable":true,"href":"https:\/\/sombrafestival.com\/en\/wp-json\/wp\/v2\/comments?post=7614"}],"version-history":[{"count":3,"href":"https:\/\/sombrafestival.com\/en\/wp-json\/wp\/v2\/pages\/7614\/revisions"}],"predecessor-version":[{"id":8151,"href":"https:\/\/sombrafestival.com\/en\/wp-json\/wp\/v2\/pages\/7614\/revisions\/8151"}],"up":[{"embeddable":true,"href":"https:\/\/sombrafestival.com\/en\/wp-json\/wp\/v2\/pages\/7785"}],"wp:featuredmedia":[{"embeddable":true,"href":"https:\/\/sombrafestival.com\/en\/wp-json\/wp\/v2\/media\/7615"}],"wp:attachment":[{"href":"https:\/\/sombrafestival.com\/en\/wp-json\/wp\/v2\/media?parent=7614"}],"curies":[{"name":"wp","href":"https:\/\/api.w.org\/{rel}","templated":true}]}}