{"id":7656,"date":"2026-01-27T12:29:53","date_gmt":"2026-01-27T11:29:53","guid":{"rendered":"https:\/\/sombrafestival.com\/?page_id=7656"},"modified":"2026-02-18T18:58:23","modified_gmt":"2026-02-18T17:58:23","slug":"jovenes-que-asombran-2026","status":"publish","type":"page","link":"https:\/\/sombrafestival.com\/en\/2026-2\/jovenes-que-asombran-2026\/","title":{"rendered":"J\u00f3venes que asombran 2026"},"content":{"rendered":"<p>La Concejal\u00eda de Talento Joven y Espacios P\u00fablicos del Ayuntamiento de Murcia presenta el taller de cine <strong>J\u00f3venes que asombran<\/strong>, actividad que, de la mano de la Fundaci\u00f3n Sombra, y ya en su quinta edici\u00f3n, fusiona creatividad y tecnolog\u00eda entre los j\u00f3venes talentosos de la ciudad. Cien j\u00f3venes del municipio se enfrentar\u00e1n a una batalla creativa y tecnol\u00f3gica, con tan solo un Smartphone. Los participantes tendr\u00e1n que grabar un corto de un m\u00e1ximo de 6 minutos de duraci\u00f3n. Para poder sacar todo su potencial, los j\u00f3venes cineastas tendr\u00e1n 5 d\u00edas en los que se les impartir\u00e1n talleres de elaboraci\u00f3n de guiones, direcci\u00f3n de actores y producci\u00f3n de los rodajes, para ello contar\u00e1n con profesionales de reconocido prestigio como Mario Maga\u00f1a y Tom\u00e1s Iniesta, de la productora cinematogr\u00e1fica murciana ISKILL, junto con el director del proyecto Javier Garc\u00eda y la coordinadora del proyecto Rafael Escudero.<\/p>\n<p style=\"text-align: center;\"><a href=\"https:\/\/docs.google.com\/forms\/d\/e\/1FAIpQLSf56JZR1cixjVNLtwmnlrCQdg4lKkCovbrcLYVQcsPfqAER3Q\/viewform\"><span class=\"td_btn td_btn_lg td_3D_btn\">INSCR\u00cdBETE AQU\u00cd<\/span><\/a><\/p>\n<p>&nbsp;<\/p>\n<p><img loading=\"lazy\" decoding=\"async\" class=\"aligncenter size-full wp-image-7628\" src=\"https:\/\/sombrafestival.com\/wp-content\/uploads\/2026\/01\/Jovenes-que-asombran-2026.jpg\" alt=\"\" width=\"714\" height=\"1000\" srcset=\"https:\/\/sombrafestival.com\/wp-content\/uploads\/2026\/01\/Jovenes-que-asombran-2026.jpg 714w, https:\/\/sombrafestival.com\/wp-content\/uploads\/2026\/01\/Jovenes-que-asombran-2026-214x300.jpg 214w, https:\/\/sombrafestival.com\/wp-content\/uploads\/2026\/01\/Jovenes-que-asombran-2026-9x12.jpg 9w, https:\/\/sombrafestival.com\/wp-content\/uploads\/2026\/01\/Jovenes-que-asombran-2026-300x420.jpg 300w, https:\/\/sombrafestival.com\/wp-content\/uploads\/2026\/01\/Jovenes-que-asombran-2026-696x975.jpg 696w\" sizes=\"auto, (max-width: 714px) 100vw, 714px\" \/><\/p>\n<p style=\"text-align: center;\"><a href=\"https:\/\/sombrafestival.com\/wp-content\/uploads\/2026\/02\/Bases-Jovenes-que-asombran-2026-1.pdf\"><span class=\"td_btn td_btn_lg td_default_btn\">CONSULTA AQU\u00cd LAS BASES<\/span><\/a><\/p>\n<h4>Fechas y lugar<\/h4>\n<ul>\n<li>Talleres: 9 al 13 de marzo de 2026 \u00b7 17:00 a 20:30h \u00b7 Cuartel de Artiller\u00eda, Murcia<\/li>\n<li>Rodaje (Batalla F\u00edlmica): S\u00e1bado 14 de marzo de 2026 \u00b7 Punto de encuentro: Plaza Santo Domingo, 10:00h<\/li>\n<\/ul>\n<h4>\u00bfQui\u00e9n puede participar?<\/h4>\n<ul>\n<li>J\u00f3venes de 15 a 30 a\u00f1os residentes en Murcia<\/li>\n<li>Plazas limitadas: m\u00e1ximo 100 participantes<\/li>\n<li>Menores de edad necesitan autorizaci\u00f3n firmada por padres o tutores<\/li>\n<\/ul>\n<h4>Inscripci\u00f3n<\/h4>\n<ul>\n<li>Plazo: 26 de enero al 26 de febrero de 2026<\/li>\n<li>Formulario: <a href=\"https:\/\/docs.google.com\/forms\/d\/e\/1FAIpQLSf56JZR1cixjVNLtwmnlrCQdg4lKkCovbrcLYVQcsPfqAER3Q\/viewform?usp=send_form\">forms.gle\/WaUVNwnNJoYuYkSd9<\/a><\/li>\n<li>Selecci\u00f3n por orden de inscripci\u00f3n<\/li>\n<\/ul>\n<h4>Premios<\/h4>\n<ul>\n<li>Mejor cortometraje: Cheque Mediamarkt de 800\u20ac<\/li>\n<li>Mejor actor: 150\u20ac<\/li>\n<li>Mejor actriz: 150\u20ac<\/li>\n<\/ul>\n<h4>\u00bfQu\u00e9 incluye participar?<\/h4>\n<ul>\n<li>Talleres de guion, direcci\u00f3n de actores y producci\u00f3n con profesionales<\/li>\n<li>Material did\u00e1ctico encuadernado<\/li>\n<li>Camiseta y p\u00f3ster del festival<\/li>\n<li>Diploma acreditativo<\/li>\n<li>Proyecci\u00f3n del corto en la Filmoteca Regional de Murcia<\/li>\n<li>Publicaci\u00f3n en el canal de YouTube del Sombra Festival<\/li>\n<\/ul>","protected":false},"excerpt":{"rendered":"<p>La Concejal\u00eda de Talento Joven y Espacios P\u00fablicos del Ayuntamiento de Murcia presenta el taller de cine J\u00f3venes que asombran, actividad que, de la mano de la Fundaci\u00f3n Sombra, y ya en su quinta edici\u00f3n, fusiona creatividad y tecnolog\u00eda entre los j\u00f3venes talentosos de la ciudad. Cien j\u00f3venes del municipio se enfrentar\u00e1n a una batalla [&hellip;]<\/p>","protected":false},"author":2,"featured_media":7628,"parent":7571,"menu_order":0,"comment_status":"closed","ping_status":"closed","template":"","meta":{"footnotes":""},"class_list":["post-7656","page","type-page","status-publish","has-post-thumbnail"],"yoast_head":"<!-- This site is optimized with the Yoast SEO plugin v24.3 - https:\/\/yoast.com\/wordpress\/plugins\/seo\/ -->\n<title>J\u00f3venes que asombran 2026 - Sombra Festival<\/title>\n<meta name=\"robots\" content=\"index, follow, max-snippet:-1, max-image-preview:large, max-video-preview:-1\" \/>\n<link rel=\"canonical\" href=\"https:\/\/sombrafestival.com\/en\/2026-2\/jovenes-que-asombran-2026\/\" \/>\n<meta property=\"og:locale\" content=\"en_GB\" \/>\n<meta property=\"og:type\" content=\"article\" \/>\n<meta property=\"og:title\" content=\"J\u00f3venes que asombran 2026 - Sombra Festival\" \/>\n<meta property=\"og:description\" content=\"La Concejal\u00eda de Talento Joven y Espacios P\u00fablicos del Ayuntamiento de Murcia presenta el taller de cine J\u00f3venes que asombran, actividad que, de la mano de la Fundaci\u00f3n Sombra, y ya en su quinta edici\u00f3n, fusiona creatividad y tecnolog\u00eda entre los j\u00f3venes talentosos de la ciudad. Cien j\u00f3venes del municipio se enfrentar\u00e1n a una batalla [&hellip;]\" \/>\n<meta property=\"og:url\" content=\"https:\/\/sombrafestival.com\/en\/2026-2\/jovenes-que-asombran-2026\/\" \/>\n<meta property=\"og:site_name\" content=\"Sombra Festival\" \/>\n<meta property=\"article:publisher\" content=\"https:\/\/www.facebook.com\/Sombra-Festival-De-CINE-Fantastico-Europeo-De-Murcia-175337032531429\/\" \/>\n<meta property=\"article:modified_time\" content=\"2026-02-18T17:58:23+00:00\" \/>\n<meta property=\"og:image\" content=\"https:\/\/sombrafestival.com\/wp-content\/uploads\/2026\/01\/Jovenes-que-asombran-2026.jpg\" \/>\n\t<meta property=\"og:image:width\" content=\"714\" \/>\n\t<meta property=\"og:image:height\" content=\"1000\" \/>\n\t<meta property=\"og:image:type\" content=\"image\/jpeg\" \/>\n<meta name=\"twitter:card\" content=\"summary_large_image\" \/>\n<meta name=\"twitter:site\" content=\"@SombraFestival\" \/>\n<meta name=\"twitter:label1\" content=\"Est. reading time\" \/>\n\t<meta name=\"twitter:data1\" content=\"2 minutes\" \/>\n<script type=\"application\/ld+json\" class=\"yoast-schema-graph\">{\"@context\":\"https:\/\/schema.org\",\"@graph\":[{\"@type\":\"WebPage\",\"@id\":\"https:\/\/sombrafestival.com\/2026-2\/jovenes-que-asombran-2026\/\",\"url\":\"https:\/\/sombrafestival.com\/2026-2\/jovenes-que-asombran-2026\/\",\"name\":\"J\u00f3venes que asombran 2026 - Sombra Festival\",\"isPartOf\":{\"@id\":\"https:\/\/sombrafestival.com\/en\/#website\"},\"primaryImageOfPage\":{\"@id\":\"https:\/\/sombrafestival.com\/2026-2\/jovenes-que-asombran-2026\/#primaryimage\"},\"image\":{\"@id\":\"https:\/\/sombrafestival.com\/2026-2\/jovenes-que-asombran-2026\/#primaryimage\"},\"thumbnailUrl\":\"https:\/\/sombrafestival.com\/wp-content\/uploads\/2026\/01\/Jovenes-que-asombran-2026.jpg\",\"datePublished\":\"2026-01-27T11:29:53+00:00\",\"dateModified\":\"2026-02-18T17:58:23+00:00\",\"breadcrumb\":{\"@id\":\"https:\/\/sombrafestival.com\/2026-2\/jovenes-que-asombran-2026\/#breadcrumb\"},\"inLanguage\":\"en-GB\",\"potentialAction\":[{\"@type\":\"ReadAction\",\"target\":[\"https:\/\/sombrafestival.com\/2026-2\/jovenes-que-asombran-2026\/\"]}]},{\"@type\":\"ImageObject\",\"inLanguage\":\"en-GB\",\"@id\":\"https:\/\/sombrafestival.com\/2026-2\/jovenes-que-asombran-2026\/#primaryimage\",\"url\":\"https:\/\/sombrafestival.com\/wp-content\/uploads\/2026\/01\/Jovenes-que-asombran-2026.jpg\",\"contentUrl\":\"https:\/\/sombrafestival.com\/wp-content\/uploads\/2026\/01\/Jovenes-que-asombran-2026.jpg\",\"width\":714,\"height\":1000},{\"@type\":\"BreadcrumbList\",\"@id\":\"https:\/\/sombrafestival.com\/2026-2\/jovenes-que-asombran-2026\/#breadcrumb\",\"itemListElement\":[{\"@type\":\"ListItem\",\"position\":1,\"name\":\"Portada\",\"item\":\"https:\/\/sombrafestival.com\/\"},{\"@type\":\"ListItem\",\"position\":2,\"name\":\"2026\",\"item\":\"https:\/\/sombrafestival.com\/2026-2\/\"},{\"@type\":\"ListItem\",\"position\":3,\"name\":\"J\u00f3venes que asombran 2026\"}]},{\"@type\":\"WebSite\",\"@id\":\"https:\/\/sombrafestival.com\/en\/#website\",\"url\":\"https:\/\/sombrafestival.com\/en\/\",\"name\":\"Sombra Festival\",\"description\":\"XIII Festival de Cine Fant\u00e1stico Europeo de Murcia, 8-17 MARZO 2024\",\"publisher\":{\"@id\":\"https:\/\/sombrafestival.com\/en\/#organization\"},\"potentialAction\":[{\"@type\":\"SearchAction\",\"target\":{\"@type\":\"EntryPoint\",\"urlTemplate\":\"https:\/\/sombrafestival.com\/en\/?s={search_term_string}\"},\"query-input\":{\"@type\":\"PropertyValueSpecification\",\"valueRequired\":true,\"valueName\":\"search_term_string\"}}],\"inLanguage\":\"en-GB\"},{\"@type\":\"Organization\",\"@id\":\"https:\/\/sombrafestival.com\/en\/#organization\",\"name\":\"SOMBRA, IX FESTIVAL DE CINE FANTASTICO EUROPEO DE MURCIA\",\"url\":\"https:\/\/sombrafestival.com\/en\/\",\"logo\":{\"@type\":\"ImageObject\",\"inLanguage\":\"en-GB\",\"@id\":\"https:\/\/sombrafestival.com\/en\/#\/schema\/logo\/image\/\",\"url\":\"https:\/\/sombrafestival.com\/wp-content\/uploads\/2019\/10\/Sombra-LogoIdentificador-Negativo.jpg\",\"contentUrl\":\"https:\/\/sombrafestival.com\/wp-content\/uploads\/2019\/10\/Sombra-LogoIdentificador-Negativo.jpg\",\"width\":400,\"height\":400,\"caption\":\"SOMBRA, IX FESTIVAL DE CINE FANTASTICO EUROPEO DE MURCIA\"},\"image\":{\"@id\":\"https:\/\/sombrafestival.com\/en\/#\/schema\/logo\/image\/\"},\"sameAs\":[\"https:\/\/www.facebook.com\/Sombra-Festival-De-CINE-Fantastico-Europeo-De-Murcia-175337032531429\/\",\"https:\/\/x.com\/SombraFestival\",\"https:\/\/www.instagram.com\/sombrafestival\/\",\"https:\/\/www.youtube.com\/channel\/UCBdSJni9V30Tq4cGf4Lj0Ug?view_as=subscriber\"]}]}<\/script>\n<!-- \/ Yoast SEO plugin. -->","yoast_head_json":{"title":"J\u00f3venes que asombran 2026 - Sombra Festival","robots":{"index":"index","follow":"follow","max-snippet":"max-snippet:-1","max-image-preview":"max-image-preview:large","max-video-preview":"max-video-preview:-1"},"canonical":"https:\/\/sombrafestival.com\/en\/2026-2\/jovenes-que-asombran-2026\/","og_locale":"en_GB","og_type":"article","og_title":"J\u00f3venes que asombran 2026 - Sombra Festival","og_description":"La Concejal\u00eda de Talento Joven y Espacios P\u00fablicos del Ayuntamiento de Murcia presenta el taller de cine J\u00f3venes que asombran, actividad que, de la mano de la Fundaci\u00f3n Sombra, y ya en su quinta edici\u00f3n, fusiona creatividad y tecnolog\u00eda entre los j\u00f3venes talentosos de la ciudad. Cien j\u00f3venes del municipio se enfrentar\u00e1n a una batalla [&hellip;]","og_url":"https:\/\/sombrafestival.com\/en\/2026-2\/jovenes-que-asombran-2026\/","og_site_name":"Sombra Festival","article_publisher":"https:\/\/www.facebook.com\/Sombra-Festival-De-CINE-Fantastico-Europeo-De-Murcia-175337032531429\/","article_modified_time":"2026-02-18T17:58:23+00:00","og_image":[{"width":714,"height":1000,"url":"https:\/\/sombrafestival.com\/wp-content\/uploads\/2026\/01\/Jovenes-que-asombran-2026.jpg","type":"image\/jpeg"}],"twitter_card":"summary_large_image","twitter_site":"@SombraFestival","twitter_misc":{"Est. reading time":"2 minutes"},"schema":{"@context":"https:\/\/schema.org","@graph":[{"@type":"WebPage","@id":"https:\/\/sombrafestival.com\/2026-2\/jovenes-que-asombran-2026\/","url":"https:\/\/sombrafestival.com\/2026-2\/jovenes-que-asombran-2026\/","name":"J\u00f3venes que asombran 2026 - Sombra Festival","isPartOf":{"@id":"https:\/\/sombrafestival.com\/en\/#website"},"primaryImageOfPage":{"@id":"https:\/\/sombrafestival.com\/2026-2\/jovenes-que-asombran-2026\/#primaryimage"},"image":{"@id":"https:\/\/sombrafestival.com\/2026-2\/jovenes-que-asombran-2026\/#primaryimage"},"thumbnailUrl":"https:\/\/sombrafestival.com\/wp-content\/uploads\/2026\/01\/Jovenes-que-asombran-2026.jpg","datePublished":"2026-01-27T11:29:53+00:00","dateModified":"2026-02-18T17:58:23+00:00","breadcrumb":{"@id":"https:\/\/sombrafestival.com\/2026-2\/jovenes-que-asombran-2026\/#breadcrumb"},"inLanguage":"en-GB","potentialAction":[{"@type":"ReadAction","target":["https:\/\/sombrafestival.com\/2026-2\/jovenes-que-asombran-2026\/"]}]},{"@type":"ImageObject","inLanguage":"en-GB","@id":"https:\/\/sombrafestival.com\/2026-2\/jovenes-que-asombran-2026\/#primaryimage","url":"https:\/\/sombrafestival.com\/wp-content\/uploads\/2026\/01\/Jovenes-que-asombran-2026.jpg","contentUrl":"https:\/\/sombrafestival.com\/wp-content\/uploads\/2026\/01\/Jovenes-que-asombran-2026.jpg","width":714,"height":1000},{"@type":"BreadcrumbList","@id":"https:\/\/sombrafestival.com\/2026-2\/jovenes-que-asombran-2026\/#breadcrumb","itemListElement":[{"@type":"ListItem","position":1,"name":"Portada","item":"https:\/\/sombrafestival.com\/"},{"@type":"ListItem","position":2,"name":"2026","item":"https:\/\/sombrafestival.com\/2026-2\/"},{"@type":"ListItem","position":3,"name":"J\u00f3venes que asombran 2026"}]},{"@type":"WebSite","@id":"https:\/\/sombrafestival.com\/en\/#website","url":"https:\/\/sombrafestival.com\/en\/","name":"Sombra Festival","description":"XIII Festival de Cine Fant\u00e1stico Europeo de Murcia, 8-17 MARZO 2024","publisher":{"@id":"https:\/\/sombrafestival.com\/en\/#organization"},"potentialAction":[{"@type":"SearchAction","target":{"@type":"EntryPoint","urlTemplate":"https:\/\/sombrafestival.com\/en\/?s={search_term_string}"},"query-input":{"@type":"PropertyValueSpecification","valueRequired":true,"valueName":"search_term_string"}}],"inLanguage":"en-GB"},{"@type":"Organization","@id":"https:\/\/sombrafestival.com\/en\/#organization","name":"SOMBRA, IX FESTIVAL DE CINE FANTASTICO EUROPEO DE MURCIA","url":"https:\/\/sombrafestival.com\/en\/","logo":{"@type":"ImageObject","inLanguage":"en-GB","@id":"https:\/\/sombrafestival.com\/en\/#\/schema\/logo\/image\/","url":"https:\/\/sombrafestival.com\/wp-content\/uploads\/2019\/10\/Sombra-LogoIdentificador-Negativo.jpg","contentUrl":"https:\/\/sombrafestival.com\/wp-content\/uploads\/2019\/10\/Sombra-LogoIdentificador-Negativo.jpg","width":400,"height":400,"caption":"SOMBRA, IX FESTIVAL DE CINE FANTASTICO EUROPEO DE MURCIA"},"image":{"@id":"https:\/\/sombrafestival.com\/en\/#\/schema\/logo\/image\/"},"sameAs":["https:\/\/www.facebook.com\/Sombra-Festival-De-CINE-Fantastico-Europeo-De-Murcia-175337032531429\/","https:\/\/x.com\/SombraFestival","https:\/\/www.instagram.com\/sombrafestival\/","https:\/\/www.youtube.com\/channel\/UCBdSJni9V30Tq4cGf4Lj0Ug?view_as=subscriber"]}]}},"_links":{"self":[{"href":"https:\/\/sombrafestival.com\/en\/wp-json\/wp\/v2\/pages\/7656","targetHints":{"allow":["GET"]}}],"collection":[{"href":"https:\/\/sombrafestival.com\/en\/wp-json\/wp\/v2\/pages"}],"about":[{"href":"https:\/\/sombrafestival.com\/en\/wp-json\/wp\/v2\/types\/page"}],"author":[{"embeddable":true,"href":"https:\/\/sombrafestival.com\/en\/wp-json\/wp\/v2\/users\/2"}],"replies":[{"embeddable":true,"href":"https:\/\/sombrafestival.com\/en\/wp-json\/wp\/v2\/comments?post=7656"}],"version-history":[{"count":10,"href":"https:\/\/sombrafestival.com\/en\/wp-json\/wp\/v2\/pages\/7656\/revisions"}],"predecessor-version":[{"id":8160,"href":"https:\/\/sombrafestival.com\/en\/wp-json\/wp\/v2\/pages\/7656\/revisions\/8160"}],"up":[{"embeddable":true,"href":"https:\/\/sombrafestival.com\/en\/wp-json\/wp\/v2\/pages\/7571"}],"wp:featuredmedia":[{"embeddable":true,"href":"https:\/\/sombrafestival.com\/en\/wp-json\/wp\/v2\/media\/7628"}],"wp:attachment":[{"href":"https:\/\/sombrafestival.com\/en\/wp-json\/wp\/v2\/media?parent=7656"}],"curies":[{"name":"wp","href":"https:\/\/api.w.org\/{rel}","templated":true}]}}