{"id":8023,"date":"2026-02-05T20:43:14","date_gmt":"2026-02-05T19:43:14","guid":{"rendered":"https:\/\/sombrafestival.com\/?page_id=8023"},"modified":"2026-02-05T20:43:22","modified_gmt":"2026-02-05T19:43:22","slug":"invitados-sombra-2026-jose-david-morales","status":"publish","type":"page","link":"https:\/\/sombrafestival.com\/en\/invitados-sombra-2026-jose-david-morales\/","title":{"rendered":"Invitados Sombra 2026 | Jos\u00e9 David Morales"},"content":{"rendered":"<p>Obtuvo su licenciatura en Bellas Artes en 2006 y trabaja como ilustrador freelance en su ciudad natal en Espa\u00f1a. Se considera un ilustrador perfeccionista y autoexigente, tanto t\u00e9cnica como conceptualmente. Se adapta a una amplia gama de requisitos art\u00edsticos para dar lo mejor de su arte a sus clientes. Est\u00e1 enamorado del clima c\u00e1lido, las texturas, las guitarras el\u00e9ctricas, los trazos sensuales del l\u00e1piz y la figura humana.<\/p>\n<ul>\n<li>Asian Inspiration de Victionary<\/li>\n<li>20 creadores a seguir en 2018 de Adobe<\/li>\n<li>Premio de Ilustraci\u00f3n Alfonso X<\/li>\n<\/ul>\n<p><img loading=\"lazy\" decoding=\"async\" class=\"aligncenter size-full wp-image-8026\" src=\"https:\/\/sombrafestival.com\/wp-content\/uploads\/2026\/02\/jose-david-morales.jpg\" alt=\"\" width=\"1000\" height=\"663\" srcset=\"https:\/\/sombrafestival.com\/wp-content\/uploads\/2026\/02\/jose-david-morales.jpg 1000w, https:\/\/sombrafestival.com\/wp-content\/uploads\/2026\/02\/jose-david-morales-300x199.jpg 300w, https:\/\/sombrafestival.com\/wp-content\/uploads\/2026\/02\/jose-david-morales-768x509.jpg 768w, https:\/\/sombrafestival.com\/wp-content\/uploads\/2026\/02\/jose-david-morales-18x12.jpg 18w, https:\/\/sombrafestival.com\/wp-content\/uploads\/2026\/02\/jose-david-morales-633x420.jpg 633w, https:\/\/sombrafestival.com\/wp-content\/uploads\/2026\/02\/jose-david-morales-696x461.jpg 696w\" sizes=\"auto, (max-width: 1000px) 100vw, 1000px\" \/><\/p>","protected":false},"excerpt":{"rendered":"<p>Obtuvo su licenciatura en Bellas Artes en 2006 y trabaja como ilustrador freelance en su ciudad natal en Espa\u00f1a. Se considera un ilustrador perfeccionista y autoexigente, tanto t\u00e9cnica como conceptualmente. Se adapta a una amplia gama de requisitos art\u00edsticos para dar lo mejor de su arte a sus clientes. Est\u00e1 enamorado del clima c\u00e1lido, las [&hellip;]<\/p>","protected":false},"author":2,"featured_media":8026,"parent":0,"menu_order":0,"comment_status":"closed","ping_status":"closed","template":"","meta":{"footnotes":""},"class_list":["post-8023","page","type-page","status-publish","has-post-thumbnail"],"yoast_head":"<!-- This site is optimized with the Yoast SEO plugin v24.3 - https:\/\/yoast.com\/wordpress\/plugins\/seo\/ -->\n<title>Invitados Sombra 2026 | Jos\u00e9 David Morales - Sombra Festival<\/title>\n<meta name=\"robots\" content=\"index, follow, max-snippet:-1, max-image-preview:large, max-video-preview:-1\" \/>\n<link rel=\"canonical\" href=\"https:\/\/sombrafestival.com\/en\/invitados-sombra-2026-jose-david-morales\/\" \/>\n<meta property=\"og:locale\" content=\"en_GB\" \/>\n<meta property=\"og:type\" content=\"article\" \/>\n<meta property=\"og:title\" content=\"Invitados Sombra 2026 | Jos\u00e9 David Morales - Sombra Festival\" \/>\n<meta property=\"og:description\" content=\"Obtuvo su licenciatura en Bellas Artes en 2006 y trabaja como ilustrador freelance en su ciudad natal en Espa\u00f1a. Se considera un ilustrador perfeccionista y autoexigente, tanto t\u00e9cnica como conceptualmente. Se adapta a una amplia gama de requisitos art\u00edsticos para dar lo mejor de su arte a sus clientes. Est\u00e1 enamorado del clima c\u00e1lido, las [&hellip;]\" \/>\n<meta property=\"og:url\" content=\"https:\/\/sombrafestival.com\/en\/invitados-sombra-2026-jose-david-morales\/\" \/>\n<meta property=\"og:site_name\" content=\"Sombra Festival\" \/>\n<meta property=\"article:publisher\" content=\"https:\/\/www.facebook.com\/Sombra-Festival-De-CINE-Fantastico-Europeo-De-Murcia-175337032531429\/\" \/>\n<meta property=\"article:modified_time\" content=\"2026-02-05T19:43:22+00:00\" \/>\n<meta property=\"og:image\" content=\"https:\/\/sombrafestival.com\/wp-content\/uploads\/2026\/02\/jose-david-morales.jpg\" \/>\n\t<meta property=\"og:image:width\" content=\"1000\" \/>\n\t<meta property=\"og:image:height\" content=\"663\" \/>\n\t<meta property=\"og:image:type\" content=\"image\/jpeg\" \/>\n<meta name=\"twitter:card\" content=\"summary_large_image\" \/>\n<meta name=\"twitter:site\" content=\"@SombraFestival\" \/>\n<meta name=\"twitter:label1\" content=\"Est. reading time\" \/>\n\t<meta name=\"twitter:data1\" content=\"1 minute\" \/>\n<script type=\"application\/ld+json\" class=\"yoast-schema-graph\">{\"@context\":\"https:\/\/schema.org\",\"@graph\":[{\"@type\":\"WebPage\",\"@id\":\"https:\/\/sombrafestival.com\/invitados-sombra-2026-jose-david-morales\/\",\"url\":\"https:\/\/sombrafestival.com\/invitados-sombra-2026-jose-david-morales\/\",\"name\":\"Invitados Sombra 2026 | Jos\u00e9 David Morales - Sombra Festival\",\"isPartOf\":{\"@id\":\"https:\/\/sombrafestival.com\/en\/#website\"},\"primaryImageOfPage\":{\"@id\":\"https:\/\/sombrafestival.com\/invitados-sombra-2026-jose-david-morales\/#primaryimage\"},\"image\":{\"@id\":\"https:\/\/sombrafestival.com\/invitados-sombra-2026-jose-david-morales\/#primaryimage\"},\"thumbnailUrl\":\"https:\/\/sombrafestival.com\/wp-content\/uploads\/2026\/02\/jose-david-morales.jpg\",\"datePublished\":\"2026-02-05T19:43:14+00:00\",\"dateModified\":\"2026-02-05T19:43:22+00:00\",\"breadcrumb\":{\"@id\":\"https:\/\/sombrafestival.com\/invitados-sombra-2026-jose-david-morales\/#breadcrumb\"},\"inLanguage\":\"en-GB\",\"potentialAction\":[{\"@type\":\"ReadAction\",\"target\":[\"https:\/\/sombrafestival.com\/invitados-sombra-2026-jose-david-morales\/\"]}]},{\"@type\":\"ImageObject\",\"inLanguage\":\"en-GB\",\"@id\":\"https:\/\/sombrafestival.com\/invitados-sombra-2026-jose-david-morales\/#primaryimage\",\"url\":\"https:\/\/sombrafestival.com\/wp-content\/uploads\/2026\/02\/jose-david-morales.jpg\",\"contentUrl\":\"https:\/\/sombrafestival.com\/wp-content\/uploads\/2026\/02\/jose-david-morales.jpg\",\"width\":1000,\"height\":663},{\"@type\":\"BreadcrumbList\",\"@id\":\"https:\/\/sombrafestival.com\/invitados-sombra-2026-jose-david-morales\/#breadcrumb\",\"itemListElement\":[{\"@type\":\"ListItem\",\"position\":1,\"name\":\"Portada\",\"item\":\"https:\/\/sombrafestival.com\/\"},{\"@type\":\"ListItem\",\"position\":2,\"name\":\"Invitados Sombra 2026 | Jos\u00e9 David Morales\"}]},{\"@type\":\"WebSite\",\"@id\":\"https:\/\/sombrafestival.com\/en\/#website\",\"url\":\"https:\/\/sombrafestival.com\/en\/\",\"name\":\"Sombra Festival\",\"description\":\"XIII Festival de Cine Fant\u00e1stico Europeo de Murcia, 8-17 MARZO 2024\",\"publisher\":{\"@id\":\"https:\/\/sombrafestival.com\/en\/#organization\"},\"potentialAction\":[{\"@type\":\"SearchAction\",\"target\":{\"@type\":\"EntryPoint\",\"urlTemplate\":\"https:\/\/sombrafestival.com\/en\/?s={search_term_string}\"},\"query-input\":{\"@type\":\"PropertyValueSpecification\",\"valueRequired\":true,\"valueName\":\"search_term_string\"}}],\"inLanguage\":\"en-GB\"},{\"@type\":\"Organization\",\"@id\":\"https:\/\/sombrafestival.com\/en\/#organization\",\"name\":\"SOMBRA, IX FESTIVAL DE CINE FANTASTICO EUROPEO DE MURCIA\",\"url\":\"https:\/\/sombrafestival.com\/en\/\",\"logo\":{\"@type\":\"ImageObject\",\"inLanguage\":\"en-GB\",\"@id\":\"https:\/\/sombrafestival.com\/en\/#\/schema\/logo\/image\/\",\"url\":\"https:\/\/sombrafestival.com\/wp-content\/uploads\/2019\/10\/Sombra-LogoIdentificador-Negativo.jpg\",\"contentUrl\":\"https:\/\/sombrafestival.com\/wp-content\/uploads\/2019\/10\/Sombra-LogoIdentificador-Negativo.jpg\",\"width\":400,\"height\":400,\"caption\":\"SOMBRA, IX FESTIVAL DE CINE FANTASTICO EUROPEO DE MURCIA\"},\"image\":{\"@id\":\"https:\/\/sombrafestival.com\/en\/#\/schema\/logo\/image\/\"},\"sameAs\":[\"https:\/\/www.facebook.com\/Sombra-Festival-De-CINE-Fantastico-Europeo-De-Murcia-175337032531429\/\",\"https:\/\/x.com\/SombraFestival\",\"https:\/\/www.instagram.com\/sombrafestival\/\",\"https:\/\/www.youtube.com\/channel\/UCBdSJni9V30Tq4cGf4Lj0Ug?view_as=subscriber\"]}]}<\/script>\n<!-- \/ Yoast SEO plugin. -->","yoast_head_json":{"title":"Invitados Sombra 2026 | Jos\u00e9 David Morales - Sombra Festival","robots":{"index":"index","follow":"follow","max-snippet":"max-snippet:-1","max-image-preview":"max-image-preview:large","max-video-preview":"max-video-preview:-1"},"canonical":"https:\/\/sombrafestival.com\/en\/invitados-sombra-2026-jose-david-morales\/","og_locale":"en_GB","og_type":"article","og_title":"Invitados Sombra 2026 | Jos\u00e9 David Morales - Sombra Festival","og_description":"Obtuvo su licenciatura en Bellas Artes en 2006 y trabaja como ilustrador freelance en su ciudad natal en Espa\u00f1a. Se considera un ilustrador perfeccionista y autoexigente, tanto t\u00e9cnica como conceptualmente. Se adapta a una amplia gama de requisitos art\u00edsticos para dar lo mejor de su arte a sus clientes. Est\u00e1 enamorado del clima c\u00e1lido, las [&hellip;]","og_url":"https:\/\/sombrafestival.com\/en\/invitados-sombra-2026-jose-david-morales\/","og_site_name":"Sombra Festival","article_publisher":"https:\/\/www.facebook.com\/Sombra-Festival-De-CINE-Fantastico-Europeo-De-Murcia-175337032531429\/","article_modified_time":"2026-02-05T19:43:22+00:00","og_image":[{"width":1000,"height":663,"url":"https:\/\/sombrafestival.com\/wp-content\/uploads\/2026\/02\/jose-david-morales.jpg","type":"image\/jpeg"}],"twitter_card":"summary_large_image","twitter_site":"@SombraFestival","twitter_misc":{"Est. reading time":"1 minute"},"schema":{"@context":"https:\/\/schema.org","@graph":[{"@type":"WebPage","@id":"https:\/\/sombrafestival.com\/invitados-sombra-2026-jose-david-morales\/","url":"https:\/\/sombrafestival.com\/invitados-sombra-2026-jose-david-morales\/","name":"Invitados Sombra 2026 | Jos\u00e9 David Morales - Sombra Festival","isPartOf":{"@id":"https:\/\/sombrafestival.com\/en\/#website"},"primaryImageOfPage":{"@id":"https:\/\/sombrafestival.com\/invitados-sombra-2026-jose-david-morales\/#primaryimage"},"image":{"@id":"https:\/\/sombrafestival.com\/invitados-sombra-2026-jose-david-morales\/#primaryimage"},"thumbnailUrl":"https:\/\/sombrafestival.com\/wp-content\/uploads\/2026\/02\/jose-david-morales.jpg","datePublished":"2026-02-05T19:43:14+00:00","dateModified":"2026-02-05T19:43:22+00:00","breadcrumb":{"@id":"https:\/\/sombrafestival.com\/invitados-sombra-2026-jose-david-morales\/#breadcrumb"},"inLanguage":"en-GB","potentialAction":[{"@type":"ReadAction","target":["https:\/\/sombrafestival.com\/invitados-sombra-2026-jose-david-morales\/"]}]},{"@type":"ImageObject","inLanguage":"en-GB","@id":"https:\/\/sombrafestival.com\/invitados-sombra-2026-jose-david-morales\/#primaryimage","url":"https:\/\/sombrafestival.com\/wp-content\/uploads\/2026\/02\/jose-david-morales.jpg","contentUrl":"https:\/\/sombrafestival.com\/wp-content\/uploads\/2026\/02\/jose-david-morales.jpg","width":1000,"height":663},{"@type":"BreadcrumbList","@id":"https:\/\/sombrafestival.com\/invitados-sombra-2026-jose-david-morales\/#breadcrumb","itemListElement":[{"@type":"ListItem","position":1,"name":"Portada","item":"https:\/\/sombrafestival.com\/"},{"@type":"ListItem","position":2,"name":"Invitados Sombra 2026 | Jos\u00e9 David Morales"}]},{"@type":"WebSite","@id":"https:\/\/sombrafestival.com\/en\/#website","url":"https:\/\/sombrafestival.com\/en\/","name":"Sombra Festival","description":"XIII Festival de Cine Fant\u00e1stico Europeo de Murcia, 8-17 MARZO 2024","publisher":{"@id":"https:\/\/sombrafestival.com\/en\/#organization"},"potentialAction":[{"@type":"SearchAction","target":{"@type":"EntryPoint","urlTemplate":"https:\/\/sombrafestival.com\/en\/?s={search_term_string}"},"query-input":{"@type":"PropertyValueSpecification","valueRequired":true,"valueName":"search_term_string"}}],"inLanguage":"en-GB"},{"@type":"Organization","@id":"https:\/\/sombrafestival.com\/en\/#organization","name":"SOMBRA, IX FESTIVAL DE CINE FANTASTICO EUROPEO DE MURCIA","url":"https:\/\/sombrafestival.com\/en\/","logo":{"@type":"ImageObject","inLanguage":"en-GB","@id":"https:\/\/sombrafestival.com\/en\/#\/schema\/logo\/image\/","url":"https:\/\/sombrafestival.com\/wp-content\/uploads\/2019\/10\/Sombra-LogoIdentificador-Negativo.jpg","contentUrl":"https:\/\/sombrafestival.com\/wp-content\/uploads\/2019\/10\/Sombra-LogoIdentificador-Negativo.jpg","width":400,"height":400,"caption":"SOMBRA, IX FESTIVAL DE CINE FANTASTICO EUROPEO DE MURCIA"},"image":{"@id":"https:\/\/sombrafestival.com\/en\/#\/schema\/logo\/image\/"},"sameAs":["https:\/\/www.facebook.com\/Sombra-Festival-De-CINE-Fantastico-Europeo-De-Murcia-175337032531429\/","https:\/\/x.com\/SombraFestival","https:\/\/www.instagram.com\/sombrafestival\/","https:\/\/www.youtube.com\/channel\/UCBdSJni9V30Tq4cGf4Lj0Ug?view_as=subscriber"]}]}},"_links":{"self":[{"href":"https:\/\/sombrafestival.com\/en\/wp-json\/wp\/v2\/pages\/8023","targetHints":{"allow":["GET"]}}],"collection":[{"href":"https:\/\/sombrafestival.com\/en\/wp-json\/wp\/v2\/pages"}],"about":[{"href":"https:\/\/sombrafestival.com\/en\/wp-json\/wp\/v2\/types\/page"}],"author":[{"embeddable":true,"href":"https:\/\/sombrafestival.com\/en\/wp-json\/wp\/v2\/users\/2"}],"replies":[{"embeddable":true,"href":"https:\/\/sombrafestival.com\/en\/wp-json\/wp\/v2\/comments?post=8023"}],"version-history":[{"count":2,"href":"https:\/\/sombrafestival.com\/en\/wp-json\/wp\/v2\/pages\/8023\/revisions"}],"predecessor-version":[{"id":8028,"href":"https:\/\/sombrafestival.com\/en\/wp-json\/wp\/v2\/pages\/8023\/revisions\/8028"}],"wp:featuredmedia":[{"embeddable":true,"href":"https:\/\/sombrafestival.com\/en\/wp-json\/wp\/v2\/media\/8026"}],"wp:attachment":[{"href":"https:\/\/sombrafestival.com\/en\/wp-json\/wp\/v2\/media?parent=8023"}],"curies":[{"name":"wp","href":"https:\/\/api.w.org\/{rel}","templated":true}]}}