{"id":8096,"date":"2026-02-08T21:44:14","date_gmt":"2026-02-08T20:44:14","guid":{"rendered":"https:\/\/sombrafestival.com\/?page_id=8096"},"modified":"2026-02-22T11:36:12","modified_gmt":"2026-02-22T10:36:12","slug":"historia-de-un-chico-triste-cortometraje-a-concurso","status":"publish","type":"page","link":"https:\/\/sombrafestival.com\/en\/2026-2\/cortometrajes-2026\/historia-de-un-chico-triste-cortometraje-a-concurso\/","title":{"rendered":"Historia de un chico triste | Cortometraje a concurso"},"content":{"rendered":"<ul>\n<li><strong>Fecha:<\/strong>\u00a0S\u00e1bado, 28 de febrero<\/li>\n<li><strong>Hora:<\/strong> 12:30<\/li>\n<li><strong>Lugar:<\/strong>\u00a0Filmoteca Regional (Sala A)<\/li>\n<\/ul>\n<p style=\"text-align: center;\"><a href=\"https:\/\/entradium.com\/es\/events\/cortometrajes-seccion-oficial-a-concurso-2\"><span class=\"td_btn td_btn_lg td_default_btn\">COMPRAR ENTRADAS<\/span><\/a><\/p>\n<p><iframe loading=\"lazy\" title=\"HISTORIA DE UN CHICO TRISTE | TEASER TRAILER | YAQ DISTRIBUCION | CORTOMETRAJE | SHORTFILM\" width=\"696\" height=\"392\" src=\"https:\/\/www.youtube.com\/embed\/w-iMaZPWCcs?feature=oembed\" frameborder=\"0\" allow=\"accelerometer; autoplay; clipboard-write; encrypted-media; gyroscope; picture-in-picture; web-share\" referrerpolicy=\"strict-origin-when-cross-origin\" allowfullscreen><\/iframe><\/p>\n<h3>Sinopsis<\/h3>\n<p>Un ni\u00f1o, al que su madre alimenta a base de alpiste con la promesa de que le crecer\u00e1n alas, sufre el rechazo de los dem\u00e1s chicos de su edad. Harto de la gente, decide encerrarse hasta que se cumpla su sue\u00f1o.<\/p>\n<h3><img loading=\"lazy\" decoding=\"async\" class=\"aligncenter size-full wp-image-8098\" src=\"https:\/\/sombrafestival.com\/wp-content\/uploads\/2026\/02\/historia-de-un-chico-triste.jpg\" alt=\"\" width=\"757\" height=\"1000\" srcset=\"https:\/\/sombrafestival.com\/wp-content\/uploads\/2026\/02\/historia-de-un-chico-triste.jpg 757w, https:\/\/sombrafestival.com\/wp-content\/uploads\/2026\/02\/historia-de-un-chico-triste-227x300.jpg 227w, https:\/\/sombrafestival.com\/wp-content\/uploads\/2026\/02\/historia-de-un-chico-triste-9x12.jpg 9w, https:\/\/sombrafestival.com\/wp-content\/uploads\/2026\/02\/historia-de-un-chico-triste-318x420.jpg 318w, https:\/\/sombrafestival.com\/wp-content\/uploads\/2026\/02\/historia-de-un-chico-triste-696x919.jpg 696w\" sizes=\"auto, (max-width: 757px) 100vw, 757px\" \/><\/h3>\n<ul>\n<li class=\"whitespace-normal break-words pl-2\"><strong>T\u00edtulo original:<\/strong> Historia de un chico triste<\/li>\n<li class=\"whitespace-normal break-words pl-2\"><strong>A\u00f1o:<\/strong> 2025<\/li>\n<li class=\"whitespace-normal break-words pl-2\"><strong>Duraci\u00f3n:<\/strong> 5 min.<\/li>\n<li class=\"whitespace-normal break-words pl-2\"><strong>Pa\u00eds:<\/strong> Espa\u00f1a<\/li>\n<li class=\"whitespace-normal break-words pl-2\"><strong>Direcci\u00f3n:<\/strong> Carlos Bl\u00e1zquez R\u00e1mila<\/li>\n<li class=\"whitespace-normal break-words pl-2\"><strong>Guion:<\/strong> Carlos Bl\u00e1zquez R\u00e1mila<\/li>\n<li class=\"whitespace-normal break-words pl-2\"><strong>Reparto:<\/strong> Narrador: Alberto Mart\u00ednez Carcedo<\/li>\n<li class=\"whitespace-normal break-words pl-2\"><strong>M\u00fasica:<\/strong> Nela Ruiz<\/li>\n<li class=\"whitespace-normal break-words pl-2\"><strong>Fotograf\u00eda:<\/strong> Animaci\u00f3n<\/li>\n<li class=\"whitespace-normal break-words pl-2\"><strong>Compa\u00f1\u00edas:<\/strong> Producciones La Extra\u00f1a Pareja<\/li>\n<li class=\"whitespace-normal break-words pl-2\"><strong>G\u00e9nero:<\/strong> Fant\u00e1stico. Animaci\u00f3n | Cortometraje (animaci\u00f3n)<\/li>\n<\/ul>","protected":false},"excerpt":{"rendered":"<p>Fecha:\u00a0S\u00e1bado, 28 de febrero Hora: 12:30 Lugar:\u00a0Filmoteca Regional (Sala A) COMPRAR ENTRADAS Sinopsis Un ni\u00f1o, al que su madre alimenta a base de alpiste con la promesa de que le crecer\u00e1n alas, sufre el rechazo de los dem\u00e1s chicos de su edad. Harto de la gente, decide encerrarse hasta que se cumpla su sue\u00f1o. T\u00edtulo [&hellip;]<\/p>","protected":false},"author":2,"featured_media":8098,"parent":7785,"menu_order":0,"comment_status":"closed","ping_status":"closed","template":"","meta":{"footnotes":""},"class_list":["post-8096","page","type-page","status-publish","has-post-thumbnail"],"yoast_head":"<!-- This site is optimized with the Yoast SEO plugin v24.3 - https:\/\/yoast.com\/wordpress\/plugins\/seo\/ -->\n<title>Historia de un chico triste | Cortometraje a concurso - Sombra Festival<\/title>\n<meta name=\"robots\" content=\"index, follow, max-snippet:-1, max-image-preview:large, max-video-preview:-1\" \/>\n<link rel=\"canonical\" href=\"https:\/\/sombrafestival.com\/en\/2026-2\/cortometrajes-2026\/historia-de-un-chico-triste-cortometraje-a-concurso\/\" \/>\n<meta property=\"og:locale\" content=\"en_GB\" \/>\n<meta property=\"og:type\" content=\"article\" \/>\n<meta property=\"og:title\" content=\"Historia de un chico triste | Cortometraje a concurso - Sombra Festival\" \/>\n<meta property=\"og:description\" content=\"Fecha:\u00a0S\u00e1bado, 28 de febrero Hora: 12:30 Lugar:\u00a0Filmoteca Regional (Sala A) COMPRAR ENTRADAS Sinopsis Un ni\u00f1o, al que su madre alimenta a base de alpiste con la promesa de que le crecer\u00e1n alas, sufre el rechazo de los dem\u00e1s chicos de su edad. Harto de la gente, decide encerrarse hasta que se cumpla su sue\u00f1o. T\u00edtulo [&hellip;]\" \/>\n<meta property=\"og:url\" content=\"https:\/\/sombrafestival.com\/en\/2026-2\/cortometrajes-2026\/historia-de-un-chico-triste-cortometraje-a-concurso\/\" \/>\n<meta property=\"og:site_name\" content=\"Sombra Festival\" \/>\n<meta property=\"article:publisher\" content=\"https:\/\/www.facebook.com\/Sombra-Festival-De-CINE-Fantastico-Europeo-De-Murcia-175337032531429\/\" \/>\n<meta property=\"article:modified_time\" content=\"2026-02-22T10:36:12+00:00\" \/>\n<meta property=\"og:image\" content=\"https:\/\/sombrafestival.com\/wp-content\/uploads\/2026\/02\/historia-de-un-chico-triste.jpg\" \/>\n\t<meta property=\"og:image:width\" content=\"757\" \/>\n\t<meta property=\"og:image:height\" content=\"1000\" \/>\n\t<meta property=\"og:image:type\" content=\"image\/jpeg\" \/>\n<meta name=\"twitter:card\" content=\"summary_large_image\" \/>\n<meta name=\"twitter:site\" content=\"@SombraFestival\" \/>\n<meta name=\"twitter:label1\" content=\"Est. reading time\" \/>\n\t<meta name=\"twitter:data1\" content=\"1 minute\" \/>\n<script type=\"application\/ld+json\" class=\"yoast-schema-graph\">{\"@context\":\"https:\/\/schema.org\",\"@graph\":[{\"@type\":\"WebPage\",\"@id\":\"https:\/\/sombrafestival.com\/2026-2\/cortometrajes-2026\/historia-de-un-chico-triste-cortometraje-a-concurso\/\",\"url\":\"https:\/\/sombrafestival.com\/2026-2\/cortometrajes-2026\/historia-de-un-chico-triste-cortometraje-a-concurso\/\",\"name\":\"Historia de un chico triste | Cortometraje a concurso - Sombra Festival\",\"isPartOf\":{\"@id\":\"https:\/\/sombrafestival.com\/en\/#website\"},\"primaryImageOfPage\":{\"@id\":\"https:\/\/sombrafestival.com\/2026-2\/cortometrajes-2026\/historia-de-un-chico-triste-cortometraje-a-concurso\/#primaryimage\"},\"image\":{\"@id\":\"https:\/\/sombrafestival.com\/2026-2\/cortometrajes-2026\/historia-de-un-chico-triste-cortometraje-a-concurso\/#primaryimage\"},\"thumbnailUrl\":\"https:\/\/sombrafestival.com\/wp-content\/uploads\/2026\/02\/historia-de-un-chico-triste.jpg\",\"datePublished\":\"2026-02-08T20:44:14+00:00\",\"dateModified\":\"2026-02-22T10:36:12+00:00\",\"breadcrumb\":{\"@id\":\"https:\/\/sombrafestival.com\/2026-2\/cortometrajes-2026\/historia-de-un-chico-triste-cortometraje-a-concurso\/#breadcrumb\"},\"inLanguage\":\"en-GB\",\"potentialAction\":[{\"@type\":\"ReadAction\",\"target\":[\"https:\/\/sombrafestival.com\/2026-2\/cortometrajes-2026\/historia-de-un-chico-triste-cortometraje-a-concurso\/\"]}]},{\"@type\":\"ImageObject\",\"inLanguage\":\"en-GB\",\"@id\":\"https:\/\/sombrafestival.com\/2026-2\/cortometrajes-2026\/historia-de-un-chico-triste-cortometraje-a-concurso\/#primaryimage\",\"url\":\"https:\/\/sombrafestival.com\/wp-content\/uploads\/2026\/02\/historia-de-un-chico-triste.jpg\",\"contentUrl\":\"https:\/\/sombrafestival.com\/wp-content\/uploads\/2026\/02\/historia-de-un-chico-triste.jpg\",\"width\":757,\"height\":1000},{\"@type\":\"BreadcrumbList\",\"@id\":\"https:\/\/sombrafestival.com\/2026-2\/cortometrajes-2026\/historia-de-un-chico-triste-cortometraje-a-concurso\/#breadcrumb\",\"itemListElement\":[{\"@type\":\"ListItem\",\"position\":1,\"name\":\"Portada\",\"item\":\"https:\/\/sombrafestival.com\/\"},{\"@type\":\"ListItem\",\"position\":2,\"name\":\"2026\",\"item\":\"https:\/\/sombrafestival.com\/2026-2\/\"},{\"@type\":\"ListItem\",\"position\":3,\"name\":\"Cortometrajes 2026\",\"item\":\"https:\/\/sombrafestival.com\/2026-2\/cortometrajes-2026\/\"},{\"@type\":\"ListItem\",\"position\":4,\"name\":\"Historia de un chico triste | Cortometraje a concurso\"}]},{\"@type\":\"WebSite\",\"@id\":\"https:\/\/sombrafestival.com\/en\/#website\",\"url\":\"https:\/\/sombrafestival.com\/en\/\",\"name\":\"Sombra Festival\",\"description\":\"XIII Festival de Cine Fant\u00e1stico Europeo de Murcia, 8-17 MARZO 2024\",\"publisher\":{\"@id\":\"https:\/\/sombrafestival.com\/en\/#organization\"},\"potentialAction\":[{\"@type\":\"SearchAction\",\"target\":{\"@type\":\"EntryPoint\",\"urlTemplate\":\"https:\/\/sombrafestival.com\/en\/?s={search_term_string}\"},\"query-input\":{\"@type\":\"PropertyValueSpecification\",\"valueRequired\":true,\"valueName\":\"search_term_string\"}}],\"inLanguage\":\"en-GB\"},{\"@type\":\"Organization\",\"@id\":\"https:\/\/sombrafestival.com\/en\/#organization\",\"name\":\"SOMBRA, IX FESTIVAL DE CINE FANTASTICO EUROPEO DE MURCIA\",\"url\":\"https:\/\/sombrafestival.com\/en\/\",\"logo\":{\"@type\":\"ImageObject\",\"inLanguage\":\"en-GB\",\"@id\":\"https:\/\/sombrafestival.com\/en\/#\/schema\/logo\/image\/\",\"url\":\"https:\/\/sombrafestival.com\/wp-content\/uploads\/2019\/10\/Sombra-LogoIdentificador-Negativo.jpg\",\"contentUrl\":\"https:\/\/sombrafestival.com\/wp-content\/uploads\/2019\/10\/Sombra-LogoIdentificador-Negativo.jpg\",\"width\":400,\"height\":400,\"caption\":\"SOMBRA, IX FESTIVAL DE CINE FANTASTICO EUROPEO DE MURCIA\"},\"image\":{\"@id\":\"https:\/\/sombrafestival.com\/en\/#\/schema\/logo\/image\/\"},\"sameAs\":[\"https:\/\/www.facebook.com\/Sombra-Festival-De-CINE-Fantastico-Europeo-De-Murcia-175337032531429\/\",\"https:\/\/x.com\/SombraFestival\",\"https:\/\/www.instagram.com\/sombrafestival\/\",\"https:\/\/www.youtube.com\/channel\/UCBdSJni9V30Tq4cGf4Lj0Ug?view_as=subscriber\"]}]}<\/script>\n<!-- \/ Yoast SEO plugin. -->","yoast_head_json":{"title":"Historia de un chico triste | Cortometraje a concurso - Sombra Festival","robots":{"index":"index","follow":"follow","max-snippet":"max-snippet:-1","max-image-preview":"max-image-preview:large","max-video-preview":"max-video-preview:-1"},"canonical":"https:\/\/sombrafestival.com\/en\/2026-2\/cortometrajes-2026\/historia-de-un-chico-triste-cortometraje-a-concurso\/","og_locale":"en_GB","og_type":"article","og_title":"Historia de un chico triste | Cortometraje a concurso - Sombra Festival","og_description":"Fecha:\u00a0S\u00e1bado, 28 de febrero Hora: 12:30 Lugar:\u00a0Filmoteca Regional (Sala A) COMPRAR ENTRADAS Sinopsis Un ni\u00f1o, al que su madre alimenta a base de alpiste con la promesa de que le crecer\u00e1n alas, sufre el rechazo de los dem\u00e1s chicos de su edad. Harto de la gente, decide encerrarse hasta que se cumpla su sue\u00f1o. T\u00edtulo [&hellip;]","og_url":"https:\/\/sombrafestival.com\/en\/2026-2\/cortometrajes-2026\/historia-de-un-chico-triste-cortometraje-a-concurso\/","og_site_name":"Sombra Festival","article_publisher":"https:\/\/www.facebook.com\/Sombra-Festival-De-CINE-Fantastico-Europeo-De-Murcia-175337032531429\/","article_modified_time":"2026-02-22T10:36:12+00:00","og_image":[{"width":757,"height":1000,"url":"https:\/\/sombrafestival.com\/wp-content\/uploads\/2026\/02\/historia-de-un-chico-triste.jpg","type":"image\/jpeg"}],"twitter_card":"summary_large_image","twitter_site":"@SombraFestival","twitter_misc":{"Est. reading time":"1 minute"},"schema":{"@context":"https:\/\/schema.org","@graph":[{"@type":"WebPage","@id":"https:\/\/sombrafestival.com\/2026-2\/cortometrajes-2026\/historia-de-un-chico-triste-cortometraje-a-concurso\/","url":"https:\/\/sombrafestival.com\/2026-2\/cortometrajes-2026\/historia-de-un-chico-triste-cortometraje-a-concurso\/","name":"Historia de un chico triste | Cortometraje a concurso - Sombra Festival","isPartOf":{"@id":"https:\/\/sombrafestival.com\/en\/#website"},"primaryImageOfPage":{"@id":"https:\/\/sombrafestival.com\/2026-2\/cortometrajes-2026\/historia-de-un-chico-triste-cortometraje-a-concurso\/#primaryimage"},"image":{"@id":"https:\/\/sombrafestival.com\/2026-2\/cortometrajes-2026\/historia-de-un-chico-triste-cortometraje-a-concurso\/#primaryimage"},"thumbnailUrl":"https:\/\/sombrafestival.com\/wp-content\/uploads\/2026\/02\/historia-de-un-chico-triste.jpg","datePublished":"2026-02-08T20:44:14+00:00","dateModified":"2026-02-22T10:36:12+00:00","breadcrumb":{"@id":"https:\/\/sombrafestival.com\/2026-2\/cortometrajes-2026\/historia-de-un-chico-triste-cortometraje-a-concurso\/#breadcrumb"},"inLanguage":"en-GB","potentialAction":[{"@type":"ReadAction","target":["https:\/\/sombrafestival.com\/2026-2\/cortometrajes-2026\/historia-de-un-chico-triste-cortometraje-a-concurso\/"]}]},{"@type":"ImageObject","inLanguage":"en-GB","@id":"https:\/\/sombrafestival.com\/2026-2\/cortometrajes-2026\/historia-de-un-chico-triste-cortometraje-a-concurso\/#primaryimage","url":"https:\/\/sombrafestival.com\/wp-content\/uploads\/2026\/02\/historia-de-un-chico-triste.jpg","contentUrl":"https:\/\/sombrafestival.com\/wp-content\/uploads\/2026\/02\/historia-de-un-chico-triste.jpg","width":757,"height":1000},{"@type":"BreadcrumbList","@id":"https:\/\/sombrafestival.com\/2026-2\/cortometrajes-2026\/historia-de-un-chico-triste-cortometraje-a-concurso\/#breadcrumb","itemListElement":[{"@type":"ListItem","position":1,"name":"Portada","item":"https:\/\/sombrafestival.com\/"},{"@type":"ListItem","position":2,"name":"2026","item":"https:\/\/sombrafestival.com\/2026-2\/"},{"@type":"ListItem","position":3,"name":"Cortometrajes 2026","item":"https:\/\/sombrafestival.com\/2026-2\/cortometrajes-2026\/"},{"@type":"ListItem","position":4,"name":"Historia de un chico triste | Cortometraje a concurso"}]},{"@type":"WebSite","@id":"https:\/\/sombrafestival.com\/en\/#website","url":"https:\/\/sombrafestival.com\/en\/","name":"Sombra Festival","description":"XIII Festival de Cine Fant\u00e1stico Europeo de Murcia, 8-17 MARZO 2024","publisher":{"@id":"https:\/\/sombrafestival.com\/en\/#organization"},"potentialAction":[{"@type":"SearchAction","target":{"@type":"EntryPoint","urlTemplate":"https:\/\/sombrafestival.com\/en\/?s={search_term_string}"},"query-input":{"@type":"PropertyValueSpecification","valueRequired":true,"valueName":"search_term_string"}}],"inLanguage":"en-GB"},{"@type":"Organization","@id":"https:\/\/sombrafestival.com\/en\/#organization","name":"SOMBRA, IX FESTIVAL DE CINE FANTASTICO EUROPEO DE MURCIA","url":"https:\/\/sombrafestival.com\/en\/","logo":{"@type":"ImageObject","inLanguage":"en-GB","@id":"https:\/\/sombrafestival.com\/en\/#\/schema\/logo\/image\/","url":"https:\/\/sombrafestival.com\/wp-content\/uploads\/2019\/10\/Sombra-LogoIdentificador-Negativo.jpg","contentUrl":"https:\/\/sombrafestival.com\/wp-content\/uploads\/2019\/10\/Sombra-LogoIdentificador-Negativo.jpg","width":400,"height":400,"caption":"SOMBRA, IX FESTIVAL DE CINE FANTASTICO EUROPEO DE MURCIA"},"image":{"@id":"https:\/\/sombrafestival.com\/en\/#\/schema\/logo\/image\/"},"sameAs":["https:\/\/www.facebook.com\/Sombra-Festival-De-CINE-Fantastico-Europeo-De-Murcia-175337032531429\/","https:\/\/x.com\/SombraFestival","https:\/\/www.instagram.com\/sombrafestival\/","https:\/\/www.youtube.com\/channel\/UCBdSJni9V30Tq4cGf4Lj0Ug?view_as=subscriber"]}]}},"_links":{"self":[{"href":"https:\/\/sombrafestival.com\/en\/wp-json\/wp\/v2\/pages\/8096","targetHints":{"allow":["GET"]}}],"collection":[{"href":"https:\/\/sombrafestival.com\/en\/wp-json\/wp\/v2\/pages"}],"about":[{"href":"https:\/\/sombrafestival.com\/en\/wp-json\/wp\/v2\/types\/page"}],"author":[{"embeddable":true,"href":"https:\/\/sombrafestival.com\/en\/wp-json\/wp\/v2\/users\/2"}],"replies":[{"embeddable":true,"href":"https:\/\/sombrafestival.com\/en\/wp-json\/wp\/v2\/comments?post=8096"}],"version-history":[{"count":2,"href":"https:\/\/sombrafestival.com\/en\/wp-json\/wp\/v2\/pages\/8096\/revisions"}],"predecessor-version":[{"id":8193,"href":"https:\/\/sombrafestival.com\/en\/wp-json\/wp\/v2\/pages\/8096\/revisions\/8193"}],"up":[{"embeddable":true,"href":"https:\/\/sombrafestival.com\/en\/wp-json\/wp\/v2\/pages\/7785"}],"wp:featuredmedia":[{"embeddable":true,"href":"https:\/\/sombrafestival.com\/en\/wp-json\/wp\/v2\/media\/8098"}],"wp:attachment":[{"href":"https:\/\/sombrafestival.com\/en\/wp-json\/wp\/v2\/media?parent=8096"}],"curies":[{"name":"wp","href":"https:\/\/api.w.org\/{rel}","templated":true}]}}