{"id":8110,"date":"2026-02-08T21:56:34","date_gmt":"2026-02-08T20:56:34","guid":{"rendered":"https:\/\/sombrafestival.com\/?page_id=8110"},"modified":"2026-02-08T21:56:34","modified_gmt":"2026-02-08T20:56:34","slug":"una-decision-dificil-murcia-fantastica","status":"publish","type":"page","link":"https:\/\/sombrafestival.com\/en\/2026-2\/cortometrajes-2026\/una-decision-dificil-murcia-fantastica\/","title":{"rendered":"Una decisi\u00f3n dif\u00edcil | Murcia Fant\u00e1stica"},"content":{"rendered":"<ul>\n<li><strong>Fecha:<\/strong> Lunes, 2 de marzo<\/li>\n<li><strong>Hora:<\/strong> 20:00<\/li>\n<li><strong>Lugar:<\/strong> Filmoteca Regional<\/li>\n<\/ul>\n<p style=\"text-align: center;\"><a href=\"https:\/\/entradium.com\/es\/events\/murcia-fantasticva\"><span class=\"td_btn td_btn_lg td_default_btn\">COMPRAR ENTRADAS<\/span><\/a><\/p>\n<p><iframe loading=\"lazy\" title=\"UNA DECISI\u00d3N DIF\u00cdCIL | TEASER TRAILER | YAQ DISTRIBUCION | CORTOMETRAJE | SHORTFILM\" width=\"696\" height=\"392\" src=\"https:\/\/www.youtube.com\/embed\/aA3nqUUXts8?feature=oembed\" frameborder=\"0\" allow=\"accelerometer; autoplay; clipboard-write; encrypted-media; gyroscope; picture-in-picture; web-share\" referrerpolicy=\"strict-origin-when-cross-origin\" allowfullscreen><\/iframe><\/p>\n<h3>Sinopsis<\/h3>\n<p>Juan despierta en un lugar sin salida, atrapado por un desconocido que le plantea una elecci\u00f3n imposible. Con el tiempo en su contra, deber\u00e1 enfrentarse a un dilema que pondr\u00e1 a prueba su conciencia, sus emociones y su humanidad. Una decisi\u00f3n dif\u00edcil nos sumerge en el lado m\u00e1s oscuro de las decisiones morales, donde no hay respuestas correctas&#8230; solo consecuencias.<\/p>\n<p><img loading=\"lazy\" decoding=\"async\" class=\"aligncenter size-full wp-image-8111\" src=\"https:\/\/sombrafestival.com\/wp-content\/uploads\/2026\/02\/decision.jpg\" alt=\"\" width=\"757\" height=\"1000\" srcset=\"https:\/\/sombrafestival.com\/wp-content\/uploads\/2026\/02\/decision.jpg 757w, https:\/\/sombrafestival.com\/wp-content\/uploads\/2026\/02\/decision-227x300.jpg 227w, https:\/\/sombrafestival.com\/wp-content\/uploads\/2026\/02\/decision-9x12.jpg 9w, https:\/\/sombrafestival.com\/wp-content\/uploads\/2026\/02\/decision-318x420.jpg 318w, https:\/\/sombrafestival.com\/wp-content\/uploads\/2026\/02\/decision-696x919.jpg 696w\" sizes=\"auto, (max-width: 757px) 100vw, 757px\" \/><\/p>\n<ul>\n<li class=\"whitespace-normal break-words pl-2\"><strong>T\u00edtulo original:<\/strong> Una decisi\u00f3n dif\u00edcil<\/li>\n<li class=\"whitespace-normal break-words pl-2\"><strong>A\u00f1o:<\/strong> 2025<\/li>\n<li class=\"whitespace-normal break-words pl-2\"><strong>Duraci\u00f3n:<\/strong> 11 min.<\/li>\n<li class=\"whitespace-normal break-words pl-2\"><strong>Pa\u00eds:<\/strong> Espa\u00f1a<\/li>\n<li class=\"whitespace-normal break-words pl-2\"><strong>Direcci\u00f3n:<\/strong> Laura Mu\u00f1oz Ros<\/li>\n<li class=\"whitespace-normal break-words pl-2\"><strong>Guion:<\/strong> Diego Meseguer Guerrero, Laura Mu\u00f1oz Ros<\/li>\n<li class=\"whitespace-normal break-words pl-2\"><strong>Reparto:<\/strong> Salvador Ronda, Manolo Llamas, Fernando Caride<\/li>\n<li class=\"whitespace-normal break-words pl-2\"><strong>M\u00fasica:<\/strong> Juan Manuel D\u00edaz Clavijo<\/li>\n<li class=\"whitespace-normal break-words pl-2\"><strong>Fotograf\u00eda:<\/strong> Juan Manuel D\u00edaz Clavijo<\/li>\n<li class=\"whitespace-normal break-words pl-2\"><strong>Compa\u00f1\u00edas:<\/strong> Mirada Digital<\/li>\n<li class=\"whitespace-normal break-words pl-2\"><strong>G\u00e9nero:<\/strong> Terror. Thriller | Thriller psicol\u00f3gico. Cortometraje<\/li>\n<\/ul>","protected":false},"excerpt":{"rendered":"<p>Fecha: Lunes, 2 de marzo Hora: 20:00 Lugar: Filmoteca Regional COMPRAR ENTRADAS Sinopsis Juan despierta en un lugar sin salida, atrapado por un desconocido que le plantea una elecci\u00f3n imposible. Con el tiempo en su contra, deber\u00e1 enfrentarse a un dilema que pondr\u00e1 a prueba su conciencia, sus emociones y su humanidad. Una decisi\u00f3n dif\u00edcil [&hellip;]<\/p>","protected":false},"author":2,"featured_media":8111,"parent":7785,"menu_order":0,"comment_status":"closed","ping_status":"closed","template":"","meta":{"footnotes":""},"class_list":["post-8110","page","type-page","status-publish","has-post-thumbnail"],"yoast_head":"<!-- This site is optimized with the Yoast SEO plugin v24.3 - https:\/\/yoast.com\/wordpress\/plugins\/seo\/ -->\n<title>Una decisi\u00f3n dif\u00edcil | Murcia Fant\u00e1stica - Sombra Festival<\/title>\n<meta name=\"robots\" content=\"index, follow, max-snippet:-1, max-image-preview:large, max-video-preview:-1\" \/>\n<link rel=\"canonical\" href=\"https:\/\/sombrafestival.com\/en\/2026-2\/cortometrajes-2026\/una-decision-dificil-murcia-fantastica\/\" \/>\n<meta property=\"og:locale\" content=\"en_GB\" \/>\n<meta property=\"og:type\" content=\"article\" \/>\n<meta property=\"og:title\" content=\"Una decisi\u00f3n dif\u00edcil | Murcia Fant\u00e1stica - Sombra Festival\" \/>\n<meta property=\"og:description\" content=\"Fecha: Lunes, 2 de marzo Hora: 20:00 Lugar: Filmoteca Regional COMPRAR ENTRADAS Sinopsis Juan despierta en un lugar sin salida, atrapado por un desconocido que le plantea una elecci\u00f3n imposible. Con el tiempo en su contra, deber\u00e1 enfrentarse a un dilema que pondr\u00e1 a prueba su conciencia, sus emociones y su humanidad. Una decisi\u00f3n dif\u00edcil [&hellip;]\" \/>\n<meta property=\"og:url\" content=\"https:\/\/sombrafestival.com\/en\/2026-2\/cortometrajes-2026\/una-decision-dificil-murcia-fantastica\/\" \/>\n<meta property=\"og:site_name\" content=\"Sombra Festival\" \/>\n<meta property=\"article:publisher\" content=\"https:\/\/www.facebook.com\/Sombra-Festival-De-CINE-Fantastico-Europeo-De-Murcia-175337032531429\/\" \/>\n<meta property=\"og:image\" content=\"https:\/\/sombrafestival.com\/wp-content\/uploads\/2026\/02\/decision.jpg\" \/>\n\t<meta property=\"og:image:width\" content=\"757\" \/>\n\t<meta property=\"og:image:height\" content=\"1000\" \/>\n\t<meta property=\"og:image:type\" content=\"image\/jpeg\" \/>\n<meta name=\"twitter:card\" content=\"summary_large_image\" \/>\n<meta name=\"twitter:site\" content=\"@SombraFestival\" \/>\n<meta name=\"twitter:label1\" content=\"Est. reading time\" \/>\n\t<meta name=\"twitter:data1\" content=\"1 minute\" \/>\n<script type=\"application\/ld+json\" class=\"yoast-schema-graph\">{\"@context\":\"https:\/\/schema.org\",\"@graph\":[{\"@type\":\"WebPage\",\"@id\":\"https:\/\/sombrafestival.com\/2026-2\/cortometrajes-2026\/una-decision-dificil-murcia-fantastica\/\",\"url\":\"https:\/\/sombrafestival.com\/2026-2\/cortometrajes-2026\/una-decision-dificil-murcia-fantastica\/\",\"name\":\"Una decisi\u00f3n dif\u00edcil | Murcia Fant\u00e1stica - Sombra Festival\",\"isPartOf\":{\"@id\":\"https:\/\/sombrafestival.com\/en\/#website\"},\"primaryImageOfPage\":{\"@id\":\"https:\/\/sombrafestival.com\/2026-2\/cortometrajes-2026\/una-decision-dificil-murcia-fantastica\/#primaryimage\"},\"image\":{\"@id\":\"https:\/\/sombrafestival.com\/2026-2\/cortometrajes-2026\/una-decision-dificil-murcia-fantastica\/#primaryimage\"},\"thumbnailUrl\":\"https:\/\/sombrafestival.com\/wp-content\/uploads\/2026\/02\/decision.jpg\",\"datePublished\":\"2026-02-08T20:56:34+00:00\",\"dateModified\":\"2026-02-08T20:56:34+00:00\",\"breadcrumb\":{\"@id\":\"https:\/\/sombrafestival.com\/2026-2\/cortometrajes-2026\/una-decision-dificil-murcia-fantastica\/#breadcrumb\"},\"inLanguage\":\"en-GB\",\"potentialAction\":[{\"@type\":\"ReadAction\",\"target\":[\"https:\/\/sombrafestival.com\/2026-2\/cortometrajes-2026\/una-decision-dificil-murcia-fantastica\/\"]}]},{\"@type\":\"ImageObject\",\"inLanguage\":\"en-GB\",\"@id\":\"https:\/\/sombrafestival.com\/2026-2\/cortometrajes-2026\/una-decision-dificil-murcia-fantastica\/#primaryimage\",\"url\":\"https:\/\/sombrafestival.com\/wp-content\/uploads\/2026\/02\/decision.jpg\",\"contentUrl\":\"https:\/\/sombrafestival.com\/wp-content\/uploads\/2026\/02\/decision.jpg\",\"width\":757,\"height\":1000},{\"@type\":\"BreadcrumbList\",\"@id\":\"https:\/\/sombrafestival.com\/2026-2\/cortometrajes-2026\/una-decision-dificil-murcia-fantastica\/#breadcrumb\",\"itemListElement\":[{\"@type\":\"ListItem\",\"position\":1,\"name\":\"Portada\",\"item\":\"https:\/\/sombrafestival.com\/\"},{\"@type\":\"ListItem\",\"position\":2,\"name\":\"2026\",\"item\":\"https:\/\/sombrafestival.com\/2026-2\/\"},{\"@type\":\"ListItem\",\"position\":3,\"name\":\"Cortometrajes 2026\",\"item\":\"https:\/\/sombrafestival.com\/2026-2\/cortometrajes-2026\/\"},{\"@type\":\"ListItem\",\"position\":4,\"name\":\"Una decisi\u00f3n dif\u00edcil | Murcia Fant\u00e1stica\"}]},{\"@type\":\"WebSite\",\"@id\":\"https:\/\/sombrafestival.com\/en\/#website\",\"url\":\"https:\/\/sombrafestival.com\/en\/\",\"name\":\"Sombra Festival\",\"description\":\"XIII Festival de Cine Fant\u00e1stico Europeo de Murcia, 8-17 MARZO 2024\",\"publisher\":{\"@id\":\"https:\/\/sombrafestival.com\/en\/#organization\"},\"potentialAction\":[{\"@type\":\"SearchAction\",\"target\":{\"@type\":\"EntryPoint\",\"urlTemplate\":\"https:\/\/sombrafestival.com\/en\/?s={search_term_string}\"},\"query-input\":{\"@type\":\"PropertyValueSpecification\",\"valueRequired\":true,\"valueName\":\"search_term_string\"}}],\"inLanguage\":\"en-GB\"},{\"@type\":\"Organization\",\"@id\":\"https:\/\/sombrafestival.com\/en\/#organization\",\"name\":\"SOMBRA, IX FESTIVAL DE CINE FANTASTICO EUROPEO DE MURCIA\",\"url\":\"https:\/\/sombrafestival.com\/en\/\",\"logo\":{\"@type\":\"ImageObject\",\"inLanguage\":\"en-GB\",\"@id\":\"https:\/\/sombrafestival.com\/en\/#\/schema\/logo\/image\/\",\"url\":\"https:\/\/sombrafestival.com\/wp-content\/uploads\/2019\/10\/Sombra-LogoIdentificador-Negativo.jpg\",\"contentUrl\":\"https:\/\/sombrafestival.com\/wp-content\/uploads\/2019\/10\/Sombra-LogoIdentificador-Negativo.jpg\",\"width\":400,\"height\":400,\"caption\":\"SOMBRA, IX FESTIVAL DE CINE FANTASTICO EUROPEO DE MURCIA\"},\"image\":{\"@id\":\"https:\/\/sombrafestival.com\/en\/#\/schema\/logo\/image\/\"},\"sameAs\":[\"https:\/\/www.facebook.com\/Sombra-Festival-De-CINE-Fantastico-Europeo-De-Murcia-175337032531429\/\",\"https:\/\/x.com\/SombraFestival\",\"https:\/\/www.instagram.com\/sombrafestival\/\",\"https:\/\/www.youtube.com\/channel\/UCBdSJni9V30Tq4cGf4Lj0Ug?view_as=subscriber\"]}]}<\/script>\n<!-- \/ Yoast SEO plugin. -->","yoast_head_json":{"title":"Una decisi\u00f3n dif\u00edcil | Murcia Fant\u00e1stica - Sombra Festival","robots":{"index":"index","follow":"follow","max-snippet":"max-snippet:-1","max-image-preview":"max-image-preview:large","max-video-preview":"max-video-preview:-1"},"canonical":"https:\/\/sombrafestival.com\/en\/2026-2\/cortometrajes-2026\/una-decision-dificil-murcia-fantastica\/","og_locale":"en_GB","og_type":"article","og_title":"Una decisi\u00f3n dif\u00edcil | Murcia Fant\u00e1stica - Sombra Festival","og_description":"Fecha: Lunes, 2 de marzo Hora: 20:00 Lugar: Filmoteca Regional COMPRAR ENTRADAS Sinopsis Juan despierta en un lugar sin salida, atrapado por un desconocido que le plantea una elecci\u00f3n imposible. Con el tiempo en su contra, deber\u00e1 enfrentarse a un dilema que pondr\u00e1 a prueba su conciencia, sus emociones y su humanidad. Una decisi\u00f3n dif\u00edcil [&hellip;]","og_url":"https:\/\/sombrafestival.com\/en\/2026-2\/cortometrajes-2026\/una-decision-dificil-murcia-fantastica\/","og_site_name":"Sombra Festival","article_publisher":"https:\/\/www.facebook.com\/Sombra-Festival-De-CINE-Fantastico-Europeo-De-Murcia-175337032531429\/","og_image":[{"width":757,"height":1000,"url":"https:\/\/sombrafestival.com\/wp-content\/uploads\/2026\/02\/decision.jpg","type":"image\/jpeg"}],"twitter_card":"summary_large_image","twitter_site":"@SombraFestival","twitter_misc":{"Est. reading time":"1 minute"},"schema":{"@context":"https:\/\/schema.org","@graph":[{"@type":"WebPage","@id":"https:\/\/sombrafestival.com\/2026-2\/cortometrajes-2026\/una-decision-dificil-murcia-fantastica\/","url":"https:\/\/sombrafestival.com\/2026-2\/cortometrajes-2026\/una-decision-dificil-murcia-fantastica\/","name":"Una decisi\u00f3n dif\u00edcil | Murcia Fant\u00e1stica - Sombra Festival","isPartOf":{"@id":"https:\/\/sombrafestival.com\/en\/#website"},"primaryImageOfPage":{"@id":"https:\/\/sombrafestival.com\/2026-2\/cortometrajes-2026\/una-decision-dificil-murcia-fantastica\/#primaryimage"},"image":{"@id":"https:\/\/sombrafestival.com\/2026-2\/cortometrajes-2026\/una-decision-dificil-murcia-fantastica\/#primaryimage"},"thumbnailUrl":"https:\/\/sombrafestival.com\/wp-content\/uploads\/2026\/02\/decision.jpg","datePublished":"2026-02-08T20:56:34+00:00","dateModified":"2026-02-08T20:56:34+00:00","breadcrumb":{"@id":"https:\/\/sombrafestival.com\/2026-2\/cortometrajes-2026\/una-decision-dificil-murcia-fantastica\/#breadcrumb"},"inLanguage":"en-GB","potentialAction":[{"@type":"ReadAction","target":["https:\/\/sombrafestival.com\/2026-2\/cortometrajes-2026\/una-decision-dificil-murcia-fantastica\/"]}]},{"@type":"ImageObject","inLanguage":"en-GB","@id":"https:\/\/sombrafestival.com\/2026-2\/cortometrajes-2026\/una-decision-dificil-murcia-fantastica\/#primaryimage","url":"https:\/\/sombrafestival.com\/wp-content\/uploads\/2026\/02\/decision.jpg","contentUrl":"https:\/\/sombrafestival.com\/wp-content\/uploads\/2026\/02\/decision.jpg","width":757,"height":1000},{"@type":"BreadcrumbList","@id":"https:\/\/sombrafestival.com\/2026-2\/cortometrajes-2026\/una-decision-dificil-murcia-fantastica\/#breadcrumb","itemListElement":[{"@type":"ListItem","position":1,"name":"Portada","item":"https:\/\/sombrafestival.com\/"},{"@type":"ListItem","position":2,"name":"2026","item":"https:\/\/sombrafestival.com\/2026-2\/"},{"@type":"ListItem","position":3,"name":"Cortometrajes 2026","item":"https:\/\/sombrafestival.com\/2026-2\/cortometrajes-2026\/"},{"@type":"ListItem","position":4,"name":"Una decisi\u00f3n dif\u00edcil | Murcia Fant\u00e1stica"}]},{"@type":"WebSite","@id":"https:\/\/sombrafestival.com\/en\/#website","url":"https:\/\/sombrafestival.com\/en\/","name":"Sombra Festival","description":"XIII Festival de Cine Fant\u00e1stico Europeo de Murcia, 8-17 MARZO 2024","publisher":{"@id":"https:\/\/sombrafestival.com\/en\/#organization"},"potentialAction":[{"@type":"SearchAction","target":{"@type":"EntryPoint","urlTemplate":"https:\/\/sombrafestival.com\/en\/?s={search_term_string}"},"query-input":{"@type":"PropertyValueSpecification","valueRequired":true,"valueName":"search_term_string"}}],"inLanguage":"en-GB"},{"@type":"Organization","@id":"https:\/\/sombrafestival.com\/en\/#organization","name":"SOMBRA, IX FESTIVAL DE CINE FANTASTICO EUROPEO DE MURCIA","url":"https:\/\/sombrafestival.com\/en\/","logo":{"@type":"ImageObject","inLanguage":"en-GB","@id":"https:\/\/sombrafestival.com\/en\/#\/schema\/logo\/image\/","url":"https:\/\/sombrafestival.com\/wp-content\/uploads\/2019\/10\/Sombra-LogoIdentificador-Negativo.jpg","contentUrl":"https:\/\/sombrafestival.com\/wp-content\/uploads\/2019\/10\/Sombra-LogoIdentificador-Negativo.jpg","width":400,"height":400,"caption":"SOMBRA, IX FESTIVAL DE CINE FANTASTICO EUROPEO DE MURCIA"},"image":{"@id":"https:\/\/sombrafestival.com\/en\/#\/schema\/logo\/image\/"},"sameAs":["https:\/\/www.facebook.com\/Sombra-Festival-De-CINE-Fantastico-Europeo-De-Murcia-175337032531429\/","https:\/\/x.com\/SombraFestival","https:\/\/www.instagram.com\/sombrafestival\/","https:\/\/www.youtube.com\/channel\/UCBdSJni9V30Tq4cGf4Lj0Ug?view_as=subscriber"]}]}},"_links":{"self":[{"href":"https:\/\/sombrafestival.com\/en\/wp-json\/wp\/v2\/pages\/8110","targetHints":{"allow":["GET"]}}],"collection":[{"href":"https:\/\/sombrafestival.com\/en\/wp-json\/wp\/v2\/pages"}],"about":[{"href":"https:\/\/sombrafestival.com\/en\/wp-json\/wp\/v2\/types\/page"}],"author":[{"embeddable":true,"href":"https:\/\/sombrafestival.com\/en\/wp-json\/wp\/v2\/users\/2"}],"replies":[{"embeddable":true,"href":"https:\/\/sombrafestival.com\/en\/wp-json\/wp\/v2\/comments?post=8110"}],"version-history":[{"count":1,"href":"https:\/\/sombrafestival.com\/en\/wp-json\/wp\/v2\/pages\/8110\/revisions"}],"predecessor-version":[{"id":8112,"href":"https:\/\/sombrafestival.com\/en\/wp-json\/wp\/v2\/pages\/8110\/revisions\/8112"}],"up":[{"embeddable":true,"href":"https:\/\/sombrafestival.com\/en\/wp-json\/wp\/v2\/pages\/7785"}],"wp:featuredmedia":[{"embeddable":true,"href":"https:\/\/sombrafestival.com\/en\/wp-json\/wp\/v2\/media\/8111"}],"wp:attachment":[{"href":"https:\/\/sombrafestival.com\/en\/wp-json\/wp\/v2\/media?parent=8110"}],"curies":[{"name":"wp","href":"https:\/\/api.w.org\/{rel}","templated":true}]}}